{"id":51262,"date":"2026-01-04T18:19:09","date_gmt":"2026-01-04T17:19:09","guid":{"rendered":"https:\/\/paragaleriedetalborjt.com\/?post_type=product&#038;p=51262"},"modified":"2026-01-04T19:46:44","modified_gmt":"2026-01-04T18:46:44","slug":"covermark-luminous-supreme-eclaircissant-visage-spf15-30-ml","status":"publish","type":"product","link":"https:\/\/paragaleriedetalborjt.com\/en\/boutique\/covermark-luminous-supreme-eclaircissant-visage-spf15-30-ml\/","title":{"rendered":"Covermark \u2013 Luminous Supr\u00eame \u00e9claircissant visage SPF15 \u2013 30 ml"},"content":{"rendered":"<div aria-labelledby=\"tab-title-description\" class=\"woocommerce-Tabs-panel woocommerce-Tabs-panel--description panel entry-content wc-tab\" id=\"tab-description\" role=\"tabpanel\" style=\"\">\n<h2>Description<\/h2>\n<p><strong>Covermark luminous supreme eclaircissant visage spf15 30ml:<\/strong>\u00a0Le Covermark Luminous Supreme est un \u00e9claircissant visage exceptionnel, d\u2019une contenance de 30 ml, qui offre une solution efficace pour illuminer et unifier votre teint. Avec sa formule avanc\u00e9e et ses ingr\u00e9dients hautement performants, ce produit luxueux est sp\u00e9cialement con\u00e7u pour vous offrir des r\u00e9sultats visibles et une peau \u00e9clatante.<\/p>\n<p>Cet \u00e9claircissant visage est enrichi d\u2019un complexe puissant d\u2019agents illuminant qui agissent en profondeur pour r\u00e9duire l\u2019apparence des taches pigmentaires et des irr\u00e9gularit\u00e9s de la peau. Gr\u00e2ce \u00e0 sa texture l\u00e9g\u00e8re et velout\u00e9e, le produit se fond facilement sur la peau, cr\u00e9ant un effet \u00e9claircissant instantan\u00e9. De plus, sa formule contient un facteur de protection solaire SPF15 qui prot\u00e8ge votre peau des rayons UV nocifs et emp\u00eache les taches pigmentaires de s\u2019aggraver.<\/p>\n<\/div>","protected":false},"excerpt":{"rendered":"<p>Highlights:Formule sp\u00e9cialement con\u00e7ue pour les peaux fonc\u00e9es et fortement pigment\u00e9es<\/p>","protected":false},"featured_media":51263,"comment_status":"open","ping_status":"closed","template":"","meta":[],"pwb-brand":[2005],"product_cat":[16],"product_tag":[],"class_list":{"0":"post-51262","1":"product","2":"type-product","3":"status-publish","4":"has-post-thumbnail","6":"pwb-brand-covermark","7":"product_cat-non-classe","8":"pa_brands-covermark","10":"first","11":"instock","12":"sale","13":"shipping-taxable","14":"purchasable","15":"product-type-simple"},"yoast_head":"<!-- This site is optimized with the Yoast SEO plugin v26.9 - https:\/\/yoast.com\/product\/yoast-seo-wordpress\/ -->\n<title>Covermark \u2013 Luminous Supr\u00eame \u00e9claircissant visage SPF15 \u2013 30 ml - paragaleriedetalborjt<\/title>\n<meta name=\"robots\" content=\"index, follow, max-snippet:-1, max-image-preview:large, max-video-preview:-1\" \/>\n<link rel=\"canonical\" href=\"https:\/\/paragaleriedetalborjt.com\/en\/boutique\/covermark-luminous-supreme-eclaircissant-visage-spf15-30-ml\/\" \/>\n<meta property=\"og:locale\" content=\"en_US\" \/>\n<meta property=\"og:type\" content=\"article\" \/>\n<meta property=\"og:title\" content=\"Covermark \u2013 Luminous Supr\u00eame \u00e9claircissant visage SPF15 \u2013 30 ml - paragaleriedetalborjt\" \/>\n<meta property=\"og:description\" content=\"Highlights:Formule sp\u00e9cialement con\u00e7ue pour les peaux fonc\u00e9es et fortement pigment\u00e9es\" \/>\n<meta property=\"og:url\" content=\"https:\/\/paragaleriedetalborjt.com\/en\/boutique\/covermark-luminous-supreme-eclaircissant-visage-spf15-30-ml\/\" \/>\n<meta property=\"og:site_name\" content=\"paragaleriedetalborjt\" \/>\n<meta property=\"article:modified_time\" content=\"2026-01-04T18:46:44+00:00\" \/>\n<meta property=\"og:image\" content=\"https:\/\/paragaleriedetalborjt.com\/wp-content\/uploads\/2026\/01\/5201580157015.jpg\" \/>\n\t<meta property=\"og:image:width\" content=\"595\" \/>\n\t<meta property=\"og:image:height\" content=\"655\" \/>\n\t<meta property=\"og:image:type\" content=\"image\/jpeg\" \/>\n<meta name=\"twitter:card\" content=\"summary_large_image\" \/>\n<meta name=\"twitter:label1\" content=\"Est. reading time\" \/>\n\t<meta name=\"twitter:data1\" content=\"1 minute\" \/>\n<script type=\"application\/ld+json\" class=\"yoast-schema-graph\">{\"@context\":\"https:\/\/schema.org\",\"@graph\":[{\"@type\":\"WebPage\",\"@id\":\"https:\/\/paragaleriedetalborjt.com\/boutique\/covermark-luminous-supreme-eclaircissant-visage-spf15-30-ml\/\",\"url\":\"https:\/\/paragaleriedetalborjt.com\/boutique\/covermark-luminous-supreme-eclaircissant-visage-spf15-30-ml\/\",\"name\":\"Covermark \u2013 Luminous Supr\u00eame \u00e9claircissant visage SPF15 \u2013 30 ml - paragaleriedetalborjt\",\"isPartOf\":{\"@id\":\"https:\/\/paragaleriedetalborjt.com\/#website\"},\"primaryImageOfPage\":{\"@id\":\"https:\/\/paragaleriedetalborjt.com\/boutique\/covermark-luminous-supreme-eclaircissant-visage-spf15-30-ml\/#primaryimage\"},\"image\":{\"@id\":\"https:\/\/paragaleriedetalborjt.com\/boutique\/covermark-luminous-supreme-eclaircissant-visage-spf15-30-ml\/#primaryimage\"},\"thumbnailUrl\":\"https:\/\/paragaleriedetalborjt.com\/wp-content\/uploads\/2026\/01\/5201580157015.jpg\",\"datePublished\":\"2026-01-04T17:19:09+00:00\",\"dateModified\":\"2026-01-04T18:46:44+00:00\",\"breadcrumb\":{\"@id\":\"https:\/\/paragaleriedetalborjt.com\/boutique\/covermark-luminous-supreme-eclaircissant-visage-spf15-30-ml\/#breadcrumb\"},\"inLanguage\":\"en-US\",\"potentialAction\":[{\"@type\":\"ReadAction\",\"target\":[\"https:\/\/paragaleriedetalborjt.com\/boutique\/covermark-luminous-supreme-eclaircissant-visage-spf15-30-ml\/\"]}]},{\"@type\":\"ImageObject\",\"inLanguage\":\"en-US\",\"@id\":\"https:\/\/paragaleriedetalborjt.com\/boutique\/covermark-luminous-supreme-eclaircissant-visage-spf15-30-ml\/#primaryimage\",\"url\":\"https:\/\/paragaleriedetalborjt.com\/wp-content\/uploads\/2026\/01\/5201580157015.jpg\",\"contentUrl\":\"https:\/\/paragaleriedetalborjt.com\/wp-content\/uploads\/2026\/01\/5201580157015.jpg\",\"width\":595,\"height\":655},{\"@type\":\"BreadcrumbList\",\"@id\":\"https:\/\/paragaleriedetalborjt.com\/boutique\/covermark-luminous-supreme-eclaircissant-visage-spf15-30-ml\/#breadcrumb\",\"itemListElement\":[{\"@type\":\"ListItem\",\"position\":1,\"name\":\"Accueil\",\"item\":\"https:\/\/paragaleriedetalborjt.com\/\"},{\"@type\":\"ListItem\",\"position\":2,\"name\":\"Boutique\",\"item\":\"https:\/\/paragaleriedetalborjt.com\/boutique\/\"},{\"@type\":\"ListItem\",\"position\":3,\"name\":\"Covermark \u2013 Luminous Supr\u00eame \u00e9claircissant visage SPF15 \u2013 30 ml\"}]},{\"@type\":\"WebSite\",\"@id\":\"https:\/\/paragaleriedetalborjt.com\/#website\",\"url\":\"https:\/\/paragaleriedetalborjt.com\/\",\"name\":\"paragaleriedetalborjt\",\"description\":\"\",\"potentialAction\":[{\"@type\":\"SearchAction\",\"target\":{\"@type\":\"EntryPoint\",\"urlTemplate\":\"https:\/\/paragaleriedetalborjt.com\/?s={search_term_string}\"},\"query-input\":{\"@type\":\"PropertyValueSpecification\",\"valueRequired\":true,\"valueName\":\"search_term_string\"}}],\"inLanguage\":\"en-US\"}]}<\/script>\n<!-- \/ Yoast SEO plugin. -->","yoast_head_json":{"title":"Covermark \u2013 Luminous Supr\u00eame \u00e9claircissant visage SPF15 \u2013 30 ml - paragaleriedetalborjt","robots":{"index":"index","follow":"follow","max-snippet":"max-snippet:-1","max-image-preview":"max-image-preview:large","max-video-preview":"max-video-preview:-1"},"canonical":"https:\/\/paragaleriedetalborjt.com\/en\/boutique\/covermark-luminous-supreme-eclaircissant-visage-spf15-30-ml\/","og_locale":"en_US","og_type":"article","og_title":"Covermark \u2013 Luminous Supr\u00eame \u00e9claircissant visage SPF15 \u2013 30 ml - paragaleriedetalborjt","og_description":"Highlights:Formule sp\u00e9cialement con\u00e7ue pour les peaux fonc\u00e9es et fortement pigment\u00e9es","og_url":"https:\/\/paragaleriedetalborjt.com\/en\/boutique\/covermark-luminous-supreme-eclaircissant-visage-spf15-30-ml\/","og_site_name":"paragaleriedetalborjt","article_modified_time":"2026-01-04T18:46:44+00:00","og_image":[{"width":595,"height":655,"url":"https:\/\/paragaleriedetalborjt.com\/wp-content\/uploads\/2026\/01\/5201580157015.jpg","type":"image\/jpeg"}],"twitter_card":"summary_large_image","twitter_misc":{"Est. reading time":"1 minute"},"schema":{"@context":"https:\/\/schema.org","@graph":[{"@type":"WebPage","@id":"https:\/\/paragaleriedetalborjt.com\/boutique\/covermark-luminous-supreme-eclaircissant-visage-spf15-30-ml\/","url":"https:\/\/paragaleriedetalborjt.com\/boutique\/covermark-luminous-supreme-eclaircissant-visage-spf15-30-ml\/","name":"Covermark \u2013 Luminous Supr\u00eame \u00e9claircissant visage SPF15 \u2013 30 ml - paragaleriedetalborjt","isPartOf":{"@id":"https:\/\/paragaleriedetalborjt.com\/#website"},"primaryImageOfPage":{"@id":"https:\/\/paragaleriedetalborjt.com\/boutique\/covermark-luminous-supreme-eclaircissant-visage-spf15-30-ml\/#primaryimage"},"image":{"@id":"https:\/\/paragaleriedetalborjt.com\/boutique\/covermark-luminous-supreme-eclaircissant-visage-spf15-30-ml\/#primaryimage"},"thumbnailUrl":"https:\/\/paragaleriedetalborjt.com\/wp-content\/uploads\/2026\/01\/5201580157015.jpg","datePublished":"2026-01-04T17:19:09+00:00","dateModified":"2026-01-04T18:46:44+00:00","breadcrumb":{"@id":"https:\/\/paragaleriedetalborjt.com\/boutique\/covermark-luminous-supreme-eclaircissant-visage-spf15-30-ml\/#breadcrumb"},"inLanguage":"en-US","potentialAction":[{"@type":"ReadAction","target":["https:\/\/paragaleriedetalborjt.com\/boutique\/covermark-luminous-supreme-eclaircissant-visage-spf15-30-ml\/"]}]},{"@type":"ImageObject","inLanguage":"en-US","@id":"https:\/\/paragaleriedetalborjt.com\/boutique\/covermark-luminous-supreme-eclaircissant-visage-spf15-30-ml\/#primaryimage","url":"https:\/\/paragaleriedetalborjt.com\/wp-content\/uploads\/2026\/01\/5201580157015.jpg","contentUrl":"https:\/\/paragaleriedetalborjt.com\/wp-content\/uploads\/2026\/01\/5201580157015.jpg","width":595,"height":655},{"@type":"BreadcrumbList","@id":"https:\/\/paragaleriedetalborjt.com\/boutique\/covermark-luminous-supreme-eclaircissant-visage-spf15-30-ml\/#breadcrumb","itemListElement":[{"@type":"ListItem","position":1,"name":"Accueil","item":"https:\/\/paragaleriedetalborjt.com\/"},{"@type":"ListItem","position":2,"name":"Boutique","item":"https:\/\/paragaleriedetalborjt.com\/boutique\/"},{"@type":"ListItem","position":3,"name":"Covermark \u2013 Luminous Supr\u00eame \u00e9claircissant visage SPF15 \u2013 30 ml"}]},{"@type":"WebSite","@id":"https:\/\/paragaleriedetalborjt.com\/#website","url":"https:\/\/paragaleriedetalborjt.com\/","name":"paragaleriedetalborjt","description":"","potentialAction":[{"@type":"SearchAction","target":{"@type":"EntryPoint","urlTemplate":"https:\/\/paragaleriedetalborjt.com\/?s={search_term_string}"},"query-input":{"@type":"PropertyValueSpecification","valueRequired":true,"valueName":"search_term_string"}}],"inLanguage":"en-US"}]}},"brands":[{"id":2005,"name":"COVERMARK","slug":"covermark"}],"_links":{"self":[{"href":"https:\/\/paragaleriedetalborjt.com\/en\/wp-json\/wp\/v2\/product\/51262","targetHints":{"allow":["GET"]}}],"collection":[{"href":"https:\/\/paragaleriedetalborjt.com\/en\/wp-json\/wp\/v2\/product"}],"about":[{"href":"https:\/\/paragaleriedetalborjt.com\/en\/wp-json\/wp\/v2\/types\/product"}],"replies":[{"embeddable":true,"href":"https:\/\/paragaleriedetalborjt.com\/en\/wp-json\/wp\/v2\/comments?post=51262"}],"version-history":[{"count":1,"href":"https:\/\/paragaleriedetalborjt.com\/en\/wp-json\/wp\/v2\/product\/51262\/revisions"}],"predecessor-version":[{"id":51264,"href":"https:\/\/paragaleriedetalborjt.com\/en\/wp-json\/wp\/v2\/product\/51262\/revisions\/51264"}],"wp:featuredmedia":[{"embeddable":true,"href":"https:\/\/paragaleriedetalborjt.com\/en\/wp-json\/wp\/v2\/media\/51263"}],"wp:attachment":[{"href":"https:\/\/paragaleriedetalborjt.com\/en\/wp-json\/wp\/v2\/media?parent=51262"}],"wp:term":[{"taxonomy":"pwb-brand","embeddable":true,"href":"https:\/\/paragaleriedetalborjt.com\/en\/wp-json\/wp\/v2\/pwb-brand?post=51262"},{"taxonomy":"product_cat","embeddable":true,"href":"https:\/\/paragaleriedetalborjt.com\/en\/wp-json\/wp\/v2\/product_cat?post=51262"},{"taxonomy":"product_tag","embeddable":true,"href":"https:\/\/paragaleriedetalborjt.com\/en\/wp-json\/wp\/v2\/product_tag?post=51262"}],"curies":[{"name":"wp","href":"https:\/\/api.w.org\/{rel}","templated":true}]}}