{"id":51166,"date":"2026-01-04T18:15:23","date_gmt":"2026-01-04T17:15:23","guid":{"rendered":"https:\/\/paragaleriedetalborjt.com\/?post_type=product&#038;p=51166"},"modified":"2026-01-04T19:46:36","modified_gmt":"2026-01-04T18:46:36","slug":"ecrinal-shampooing-femme-soin-intensif-cheveux-a-lanp2-200-ml","status":"publish","type":"product","link":"https:\/\/paragaleriedetalborjt.com\/en\/boutique\/ecrinal-shampooing-femme-soin-intensif-cheveux-a-lanp2-200-ml\/","title":{"rendered":"Ecrinal \u2013 Shampooing Femme Soin intensif cheveux \u00e0 l\u2019ANP2+ \u2013 200 ml"},"content":{"rendered":"<div aria-labelledby=\"tab-title-description\" class=\"woocommerce-Tabs-panel woocommerce-Tabs-panel--description panel entry-content wc-tab\" id=\"tab-description\" role=\"tabpanel\" style=\"\">\n<h2>Description<\/h2>\n<p>APPLICATION<\/p>\n<p>Appliquer sur cheveux mouill\u00e9s. Masser sur le cuir chevelu et les cheveux et laisser agir 1 minute. Rincer. Si n\u00e9cessaire, r\u00e9p\u00e9ter. Rincer abondamment et s\u00e9cher les cheveux.<\/p>\n<p>PRINCIPAUX INGR\u00c9DIENTS<\/p>\n<p>NEW ANP\u00ae 2+, D-panth\u00e9nol, agents lavants ultra-doux<\/p>\n<\/div>","protected":false},"excerpt":{"rendered":"<p>Highlights:Le shampooing ECRINAL\u00ae ANP\u00ae 2+ nettoie en douceur les cheveux sans irriter le cuir chevelu. Il stimule les racines et renforce les cheveux. Son utilisation est particuli\u00e8rement recommand\u00e9e dans le cas de cheveux qui manquent de volume.Pour les cheveux an\u00e9miques et tous les types de cheveux<\/p>","protected":false},"featured_media":51167,"comment_status":"open","ping_status":"closed","template":"","meta":[],"pwb-brand":[1631],"product_cat":[16],"product_tag":[],"class_list":{"0":"post-51166","1":"product","2":"type-product","3":"status-publish","4":"has-post-thumbnail","6":"pwb-brand-ecrinal","7":"product_cat-non-classe","8":"pa_brands-ecrinal","10":"first","11":"instock","12":"sale","13":"shipping-taxable","14":"purchasable","15":"product-type-simple"},"yoast_head":"<!-- This site is optimized with the Yoast SEO plugin v27.5 - https:\/\/yoast.com\/product\/yoast-seo-wordpress\/ -->\n<title>Ecrinal \u2013 Shampooing Femme Soin intensif cheveux \u00e0 l\u2019ANP2+ \u2013 200 ml - paragaleriedetalborjt<\/title>\n<meta name=\"robots\" content=\"index, follow, max-snippet:-1, max-image-preview:large, max-video-preview:-1\" \/>\n<link rel=\"canonical\" href=\"https:\/\/paragaleriedetalborjt.com\/en\/boutique\/ecrinal-shampooing-femme-soin-intensif-cheveux-a-lanp2-200-ml\/\" \/>\n<meta property=\"og:locale\" content=\"en_US\" \/>\n<meta property=\"og:type\" content=\"article\" \/>\n<meta property=\"og:title\" content=\"Ecrinal \u2013 Shampooing Femme Soin intensif cheveux \u00e0 l\u2019ANP2+ \u2013 200 ml - paragaleriedetalborjt\" \/>\n<meta property=\"og:description\" content=\"Highlights:Le shampooing ECRINAL\u00ae ANP\u00ae 2+ nettoie en douceur les cheveux sans irriter le cuir chevelu. Il stimule les racines et renforce les cheveux. Son utilisation est particuli\u00e8rement recommand\u00e9e dans le cas de cheveux qui manquent de volume.Pour les cheveux an\u00e9miques et tous les types de cheveux\" \/>\n<meta property=\"og:url\" content=\"https:\/\/paragaleriedetalborjt.com\/en\/boutique\/ecrinal-shampooing-femme-soin-intensif-cheveux-a-lanp2-200-ml\/\" \/>\n<meta property=\"og:site_name\" content=\"paragaleriedetalborjt\" \/>\n<meta property=\"article:modified_time\" content=\"2026-01-04T18:46:36+00:00\" \/>\n<meta property=\"og:image\" content=\"https:\/\/paragaleriedetalborjt.com\/wp-content\/uploads\/2026\/01\/Nouveau-projet-53-1.jpg\" \/>\n\t<meta property=\"og:image:width\" content=\"595\" \/>\n\t<meta property=\"og:image:height\" content=\"655\" \/>\n\t<meta property=\"og:image:type\" content=\"image\/jpeg\" \/>\n<meta name=\"twitter:card\" content=\"summary_large_image\" \/>\n<script type=\"application\/ld+json\" class=\"yoast-schema-graph\">{\"@context\":\"https:\\\/\\\/schema.org\",\"@graph\":[{\"@type\":\"WebPage\",\"@id\":\"https:\\\/\\\/paragaleriedetalborjt.com\\\/boutique\\\/ecrinal-shampooing-femme-soin-intensif-cheveux-a-lanp2-200-ml\\\/\",\"url\":\"https:\\\/\\\/paragaleriedetalborjt.com\\\/boutique\\\/ecrinal-shampooing-femme-soin-intensif-cheveux-a-lanp2-200-ml\\\/\",\"name\":\"Ecrinal \u2013 Shampooing Femme Soin intensif cheveux \u00e0 l\u2019ANP2+ \u2013 200 ml - paragaleriedetalborjt\",\"isPartOf\":{\"@id\":\"https:\\\/\\\/paragaleriedetalborjt.com\\\/#website\"},\"primaryImageOfPage\":{\"@id\":\"https:\\\/\\\/paragaleriedetalborjt.com\\\/boutique\\\/ecrinal-shampooing-femme-soin-intensif-cheveux-a-lanp2-200-ml\\\/#primaryimage\"},\"image\":{\"@id\":\"https:\\\/\\\/paragaleriedetalborjt.com\\\/boutique\\\/ecrinal-shampooing-femme-soin-intensif-cheveux-a-lanp2-200-ml\\\/#primaryimage\"},\"thumbnailUrl\":\"https:\\\/\\\/paragaleriedetalborjt.com\\\/wp-content\\\/uploads\\\/2026\\\/01\\\/Nouveau-projet-53-1.jpg\",\"datePublished\":\"2026-01-04T17:15:23+00:00\",\"dateModified\":\"2026-01-04T18:46:36+00:00\",\"breadcrumb\":{\"@id\":\"https:\\\/\\\/paragaleriedetalborjt.com\\\/boutique\\\/ecrinal-shampooing-femme-soin-intensif-cheveux-a-lanp2-200-ml\\\/#breadcrumb\"},\"inLanguage\":\"en-US\",\"potentialAction\":[{\"@type\":\"ReadAction\",\"target\":[\"https:\\\/\\\/paragaleriedetalborjt.com\\\/boutique\\\/ecrinal-shampooing-femme-soin-intensif-cheveux-a-lanp2-200-ml\\\/\"]}]},{\"@type\":\"ImageObject\",\"inLanguage\":\"en-US\",\"@id\":\"https:\\\/\\\/paragaleriedetalborjt.com\\\/boutique\\\/ecrinal-shampooing-femme-soin-intensif-cheveux-a-lanp2-200-ml\\\/#primaryimage\",\"url\":\"https:\\\/\\\/paragaleriedetalborjt.com\\\/wp-content\\\/uploads\\\/2026\\\/01\\\/Nouveau-projet-53-1.jpg\",\"contentUrl\":\"https:\\\/\\\/paragaleriedetalborjt.com\\\/wp-content\\\/uploads\\\/2026\\\/01\\\/Nouveau-projet-53-1.jpg\",\"width\":595,\"height\":655},{\"@type\":\"BreadcrumbList\",\"@id\":\"https:\\\/\\\/paragaleriedetalborjt.com\\\/boutique\\\/ecrinal-shampooing-femme-soin-intensif-cheveux-a-lanp2-200-ml\\\/#breadcrumb\",\"itemListElement\":[{\"@type\":\"ListItem\",\"position\":1,\"name\":\"Accueil\",\"item\":\"https:\\\/\\\/paragaleriedetalborjt.com\\\/\"},{\"@type\":\"ListItem\",\"position\":2,\"name\":\"Boutique\",\"item\":\"https:\\\/\\\/paragaleriedetalborjt.com\\\/boutique\\\/\"},{\"@type\":\"ListItem\",\"position\":3,\"name\":\"Ecrinal \u2013 Shampooing Femme Soin intensif cheveux \u00e0 l\u2019ANP2+ \u2013 200 ml\"}]},{\"@type\":\"WebSite\",\"@id\":\"https:\\\/\\\/paragaleriedetalborjt.com\\\/#website\",\"url\":\"https:\\\/\\\/paragaleriedetalborjt.com\\\/\",\"name\":\"paragaleriedetalborjt\",\"description\":\"\",\"potentialAction\":[{\"@type\":\"SearchAction\",\"target\":{\"@type\":\"EntryPoint\",\"urlTemplate\":\"https:\\\/\\\/paragaleriedetalborjt.com\\\/?s={search_term_string}\"},\"query-input\":{\"@type\":\"PropertyValueSpecification\",\"valueRequired\":true,\"valueName\":\"search_term_string\"}}],\"inLanguage\":\"en-US\"}]}<\/script>\n<!-- \/ Yoast SEO plugin. -->","yoast_head_json":{"title":"Ecrinal \u2013 Shampooing Femme Soin intensif cheveux \u00e0 l\u2019ANP2+ \u2013 200 ml - paragaleriedetalborjt","robots":{"index":"index","follow":"follow","max-snippet":"max-snippet:-1","max-image-preview":"max-image-preview:large","max-video-preview":"max-video-preview:-1"},"canonical":"https:\/\/paragaleriedetalborjt.com\/en\/boutique\/ecrinal-shampooing-femme-soin-intensif-cheveux-a-lanp2-200-ml\/","og_locale":"en_US","og_type":"article","og_title":"Ecrinal \u2013 Shampooing Femme Soin intensif cheveux \u00e0 l\u2019ANP2+ \u2013 200 ml - paragaleriedetalborjt","og_description":"Highlights:Le shampooing ECRINAL\u00ae ANP\u00ae 2+ nettoie en douceur les cheveux sans irriter le cuir chevelu. Il stimule les racines et renforce les cheveux. Son utilisation est particuli\u00e8rement recommand\u00e9e dans le cas de cheveux qui manquent de volume.Pour les cheveux an\u00e9miques et tous les types de cheveux","og_url":"https:\/\/paragaleriedetalborjt.com\/en\/boutique\/ecrinal-shampooing-femme-soin-intensif-cheveux-a-lanp2-200-ml\/","og_site_name":"paragaleriedetalborjt","article_modified_time":"2026-01-04T18:46:36+00:00","og_image":[{"width":595,"height":655,"url":"https:\/\/paragaleriedetalborjt.com\/wp-content\/uploads\/2026\/01\/Nouveau-projet-53-1.jpg","type":"image\/jpeg"}],"twitter_card":"summary_large_image","schema":{"@context":"https:\/\/schema.org","@graph":[{"@type":"WebPage","@id":"https:\/\/paragaleriedetalborjt.com\/boutique\/ecrinal-shampooing-femme-soin-intensif-cheveux-a-lanp2-200-ml\/","url":"https:\/\/paragaleriedetalborjt.com\/boutique\/ecrinal-shampooing-femme-soin-intensif-cheveux-a-lanp2-200-ml\/","name":"Ecrinal \u2013 Shampooing Femme Soin intensif cheveux \u00e0 l\u2019ANP2+ \u2013 200 ml - paragaleriedetalborjt","isPartOf":{"@id":"https:\/\/paragaleriedetalborjt.com\/#website"},"primaryImageOfPage":{"@id":"https:\/\/paragaleriedetalborjt.com\/boutique\/ecrinal-shampooing-femme-soin-intensif-cheveux-a-lanp2-200-ml\/#primaryimage"},"image":{"@id":"https:\/\/paragaleriedetalborjt.com\/boutique\/ecrinal-shampooing-femme-soin-intensif-cheveux-a-lanp2-200-ml\/#primaryimage"},"thumbnailUrl":"https:\/\/paragaleriedetalborjt.com\/wp-content\/uploads\/2026\/01\/Nouveau-projet-53-1.jpg","datePublished":"2026-01-04T17:15:23+00:00","dateModified":"2026-01-04T18:46:36+00:00","breadcrumb":{"@id":"https:\/\/paragaleriedetalborjt.com\/boutique\/ecrinal-shampooing-femme-soin-intensif-cheveux-a-lanp2-200-ml\/#breadcrumb"},"inLanguage":"en-US","potentialAction":[{"@type":"ReadAction","target":["https:\/\/paragaleriedetalborjt.com\/boutique\/ecrinal-shampooing-femme-soin-intensif-cheveux-a-lanp2-200-ml\/"]}]},{"@type":"ImageObject","inLanguage":"en-US","@id":"https:\/\/paragaleriedetalborjt.com\/boutique\/ecrinal-shampooing-femme-soin-intensif-cheveux-a-lanp2-200-ml\/#primaryimage","url":"https:\/\/paragaleriedetalborjt.com\/wp-content\/uploads\/2026\/01\/Nouveau-projet-53-1.jpg","contentUrl":"https:\/\/paragaleriedetalborjt.com\/wp-content\/uploads\/2026\/01\/Nouveau-projet-53-1.jpg","width":595,"height":655},{"@type":"BreadcrumbList","@id":"https:\/\/paragaleriedetalborjt.com\/boutique\/ecrinal-shampooing-femme-soin-intensif-cheveux-a-lanp2-200-ml\/#breadcrumb","itemListElement":[{"@type":"ListItem","position":1,"name":"Accueil","item":"https:\/\/paragaleriedetalborjt.com\/"},{"@type":"ListItem","position":2,"name":"Boutique","item":"https:\/\/paragaleriedetalborjt.com\/boutique\/"},{"@type":"ListItem","position":3,"name":"Ecrinal \u2013 Shampooing Femme Soin intensif cheveux \u00e0 l\u2019ANP2+ \u2013 200 ml"}]},{"@type":"WebSite","@id":"https:\/\/paragaleriedetalborjt.com\/#website","url":"https:\/\/paragaleriedetalborjt.com\/","name":"paragaleriedetalborjt","description":"","potentialAction":[{"@type":"SearchAction","target":{"@type":"EntryPoint","urlTemplate":"https:\/\/paragaleriedetalborjt.com\/?s={search_term_string}"},"query-input":{"@type":"PropertyValueSpecification","valueRequired":true,"valueName":"search_term_string"}}],"inLanguage":"en-US"}]}},"brands":[{"id":1631,"name":"ECRINAL","slug":"ecrinal"}],"_links":{"self":[{"href":"https:\/\/paragaleriedetalborjt.com\/en\/wp-json\/wp\/v2\/product\/51166","targetHints":{"allow":["GET"]}}],"collection":[{"href":"https:\/\/paragaleriedetalborjt.com\/en\/wp-json\/wp\/v2\/product"}],"about":[{"href":"https:\/\/paragaleriedetalborjt.com\/en\/wp-json\/wp\/v2\/types\/product"}],"replies":[{"embeddable":true,"href":"https:\/\/paragaleriedetalborjt.com\/en\/wp-json\/wp\/v2\/comments?post=51166"}],"version-history":[{"count":1,"href":"https:\/\/paragaleriedetalborjt.com\/en\/wp-json\/wp\/v2\/product\/51166\/revisions"}],"predecessor-version":[{"id":51168,"href":"https:\/\/paragaleriedetalborjt.com\/en\/wp-json\/wp\/v2\/product\/51166\/revisions\/51168"}],"wp:featuredmedia":[{"embeddable":true,"href":"https:\/\/paragaleriedetalborjt.com\/en\/wp-json\/wp\/v2\/media\/51167"}],"wp:attachment":[{"href":"https:\/\/paragaleriedetalborjt.com\/en\/wp-json\/wp\/v2\/media?parent=51166"}],"wp:term":[{"taxonomy":"pwb-brand","embeddable":true,"href":"https:\/\/paragaleriedetalborjt.com\/en\/wp-json\/wp\/v2\/pwb-brand?post=51166"},{"taxonomy":"product_cat","embeddable":true,"href":"https:\/\/paragaleriedetalborjt.com\/en\/wp-json\/wp\/v2\/product_cat?post=51166"},{"taxonomy":"product_tag","embeddable":true,"href":"https:\/\/paragaleriedetalborjt.com\/en\/wp-json\/wp\/v2\/product_tag?post=51166"}],"curies":[{"name":"wp","href":"https:\/\/api.w.org\/{rel}","templated":true}]}}