{"id":50956,"date":"2026-01-04T18:06:47","date_gmt":"2026-01-04T17:06:47","guid":{"rendered":"https:\/\/paragaleriedetalborjt.com\/?post_type=product&#038;p=50956"},"modified":"2026-01-04T19:46:17","modified_gmt":"2026-01-04T18:46:17","slug":"lansinoh-efb-shampoing-et-gel-lavant-lavande-250-ml","status":"publish","type":"product","link":"https:\/\/paragaleriedetalborjt.com\/en\/boutique\/lansinoh-efb-shampoing-et-gel-lavant-lavande-250-ml\/","title":{"rendered":"Lansinoh EFB Shampoing et Gel Lavant Lavande \u2013  250 ml"},"content":{"rendered":"<div aria-labelledby=\"tab-title-description\" class=\"woocommerce-Tabs-panel woocommerce-Tabs-panel--description panel entry-content wc-tab\" id=\"tab-description\" role=\"tabpanel\" style=\"\">\n<h2>Description<\/h2>\n<p>Description<br \/>\nLe shampoing et gel lavant Lansinoh\u00ae est con\u00e7u pour laver d\u00e9licatement vos petits, tout en les apaisant gr\u00e2ce \u00e0 la Lavande. Le produit id\u00e9al pour la toilette quotidienne des nourrissons et des jeunes enfants.<\/p>\n<p>Gr\u00e2ce \u00e0 sa formule enrichie en Lavande et en Aloe Vera, le shampoing et gel lavant Lansinoh\u00ae est apaisant, hydratant et protecteur. Il nettoie en douceur les cheveux d\u00e9licats et la peau fragile du b\u00e9b\u00e9.<\/p>\n<p>Le shampooing et le gel lavant Lansinoh\u00ae est \u00e0 base d\u2019ingr\u00e9dients biologiques et naturels. Il apaise doucement tout en laissant votre b\u00e9b\u00e9 propre, soyeux et odorant.<\/p>\n<p>Caract\u00e9ristiques du produit:<br \/>\nIngr\u00e9dients biologiques et naturels<br \/>\nHypoallerg\u00e9nique, doux pour les peaux sensibles<br \/>\nHydratant \u00e0 l\u2019Aloe Vera<br \/>\nAucun parfum, ni colorant artificiel<br \/>\nSans paraben<br \/>\nApprouv\u00e9 par les dermatologues<br \/>\nPas d\u2019exp\u00e9rimentation animale<\/p>\n<p>Plus d\u2019informations sur le produit:<br \/>\nFabriqu\u00e9 en Angleterre<br \/>\nGagnant du Silver Award for Best Ethical Brand<\/p>\n<\/div>","protected":false},"excerpt":{"rendered":"<p>Highlights:Le shampoing et gel lavant Lansinoh\u00ae est compos\u00e9 \u00e0 99,2% d\u2019ingr\u00e9dients d\u2019origine naturelle et certifi\u00e9 biologique par Ecocert Greenlife.<\/p>","protected":false},"featured_media":50957,"comment_status":"open","ping_status":"closed","template":"","meta":[],"pwb-brand":[1867],"product_cat":[16],"product_tag":[],"class_list":{"0":"post-50956","1":"product","2":"type-product","3":"status-publish","4":"has-post-thumbnail","6":"pwb-brand-lansinoh","7":"product_cat-non-classe","8":"pa_brands-lansinoh","10":"first","11":"instock","12":"sale","13":"shipping-taxable","14":"purchasable","15":"product-type-simple"},"yoast_head":"<!-- This site is optimized with the Yoast SEO plugin v27.5 - https:\/\/yoast.com\/product\/yoast-seo-wordpress\/ -->\n<title>Lansinoh EFB Shampoing et Gel Lavant Lavande \u2013 250 ml - paragaleriedetalborjt<\/title>\n<meta name=\"robots\" content=\"index, follow, max-snippet:-1, max-image-preview:large, max-video-preview:-1\" \/>\n<link rel=\"canonical\" href=\"https:\/\/paragaleriedetalborjt.com\/en\/boutique\/lansinoh-efb-shampoing-et-gel-lavant-lavande-250-ml\/\" \/>\n<meta property=\"og:locale\" content=\"en_US\" \/>\n<meta property=\"og:type\" content=\"article\" \/>\n<meta property=\"og:title\" content=\"Lansinoh EFB Shampoing et Gel Lavant Lavande \u2013 250 ml - paragaleriedetalborjt\" \/>\n<meta property=\"og:description\" content=\"Highlights:Le shampoing et gel lavant Lansinoh\u00ae est compos\u00e9 \u00e0 99,2% d\u2019ingr\u00e9dients d\u2019origine naturelle et certifi\u00e9 biologique par Ecocert Greenlife.\" \/>\n<meta property=\"og:url\" content=\"https:\/\/paragaleriedetalborjt.com\/en\/boutique\/lansinoh-efb-shampoing-et-gel-lavant-lavande-250-ml\/\" \/>\n<meta property=\"og:site_name\" content=\"paragaleriedetalborjt\" \/>\n<meta property=\"article:modified_time\" content=\"2026-01-04T18:46:17+00:00\" \/>\n<meta property=\"og:image\" content=\"https:\/\/paragaleriedetalborjt.com\/wp-content\/uploads\/2026\/01\/5060062990263.jpg\" \/>\n\t<meta property=\"og:image:width\" content=\"595\" \/>\n\t<meta property=\"og:image:height\" content=\"655\" \/>\n\t<meta property=\"og:image:type\" content=\"image\/jpeg\" \/>\n<meta name=\"twitter:card\" content=\"summary_large_image\" \/>\n<meta name=\"twitter:label1\" content=\"Est. reading time\" \/>\n\t<meta name=\"twitter:data1\" content=\"1 minute\" \/>\n<script type=\"application\/ld+json\" class=\"yoast-schema-graph\">{\"@context\":\"https:\\\/\\\/schema.org\",\"@graph\":[{\"@type\":\"WebPage\",\"@id\":\"https:\\\/\\\/paragaleriedetalborjt.com\\\/boutique\\\/lansinoh-efb-shampoing-et-gel-lavant-lavande-250-ml\\\/\",\"url\":\"https:\\\/\\\/paragaleriedetalborjt.com\\\/boutique\\\/lansinoh-efb-shampoing-et-gel-lavant-lavande-250-ml\\\/\",\"name\":\"Lansinoh EFB Shampoing et Gel Lavant Lavande \u2013 250 ml - paragaleriedetalborjt\",\"isPartOf\":{\"@id\":\"https:\\\/\\\/paragaleriedetalborjt.com\\\/#website\"},\"primaryImageOfPage\":{\"@id\":\"https:\\\/\\\/paragaleriedetalborjt.com\\\/boutique\\\/lansinoh-efb-shampoing-et-gel-lavant-lavande-250-ml\\\/#primaryimage\"},\"image\":{\"@id\":\"https:\\\/\\\/paragaleriedetalborjt.com\\\/boutique\\\/lansinoh-efb-shampoing-et-gel-lavant-lavande-250-ml\\\/#primaryimage\"},\"thumbnailUrl\":\"https:\\\/\\\/paragaleriedetalborjt.com\\\/wp-content\\\/uploads\\\/2026\\\/01\\\/5060062990263.jpg\",\"datePublished\":\"2026-01-04T17:06:47+00:00\",\"dateModified\":\"2026-01-04T18:46:17+00:00\",\"breadcrumb\":{\"@id\":\"https:\\\/\\\/paragaleriedetalborjt.com\\\/boutique\\\/lansinoh-efb-shampoing-et-gel-lavant-lavande-250-ml\\\/#breadcrumb\"},\"inLanguage\":\"en-US\",\"potentialAction\":[{\"@type\":\"ReadAction\",\"target\":[\"https:\\\/\\\/paragaleriedetalborjt.com\\\/boutique\\\/lansinoh-efb-shampoing-et-gel-lavant-lavande-250-ml\\\/\"]}]},{\"@type\":\"ImageObject\",\"inLanguage\":\"en-US\",\"@id\":\"https:\\\/\\\/paragaleriedetalborjt.com\\\/boutique\\\/lansinoh-efb-shampoing-et-gel-lavant-lavande-250-ml\\\/#primaryimage\",\"url\":\"https:\\\/\\\/paragaleriedetalborjt.com\\\/wp-content\\\/uploads\\\/2026\\\/01\\\/5060062990263.jpg\",\"contentUrl\":\"https:\\\/\\\/paragaleriedetalborjt.com\\\/wp-content\\\/uploads\\\/2026\\\/01\\\/5060062990263.jpg\",\"width\":595,\"height\":655},{\"@type\":\"BreadcrumbList\",\"@id\":\"https:\\\/\\\/paragaleriedetalborjt.com\\\/boutique\\\/lansinoh-efb-shampoing-et-gel-lavant-lavande-250-ml\\\/#breadcrumb\",\"itemListElement\":[{\"@type\":\"ListItem\",\"position\":1,\"name\":\"Accueil\",\"item\":\"https:\\\/\\\/paragaleriedetalborjt.com\\\/\"},{\"@type\":\"ListItem\",\"position\":2,\"name\":\"Boutique\",\"item\":\"https:\\\/\\\/paragaleriedetalborjt.com\\\/boutique\\\/\"},{\"@type\":\"ListItem\",\"position\":3,\"name\":\"Lansinoh EFB Shampoing et Gel Lavant Lavande \u2013 250 ml\"}]},{\"@type\":\"WebSite\",\"@id\":\"https:\\\/\\\/paragaleriedetalborjt.com\\\/#website\",\"url\":\"https:\\\/\\\/paragaleriedetalborjt.com\\\/\",\"name\":\"paragaleriedetalborjt\",\"description\":\"\",\"potentialAction\":[{\"@type\":\"SearchAction\",\"target\":{\"@type\":\"EntryPoint\",\"urlTemplate\":\"https:\\\/\\\/paragaleriedetalborjt.com\\\/?s={search_term_string}\"},\"query-input\":{\"@type\":\"PropertyValueSpecification\",\"valueRequired\":true,\"valueName\":\"search_term_string\"}}],\"inLanguage\":\"en-US\"}]}<\/script>\n<!-- \/ Yoast SEO plugin. -->","yoast_head_json":{"title":"Lansinoh EFB Shampoing et Gel Lavant Lavande \u2013 250 ml - paragaleriedetalborjt","robots":{"index":"index","follow":"follow","max-snippet":"max-snippet:-1","max-image-preview":"max-image-preview:large","max-video-preview":"max-video-preview:-1"},"canonical":"https:\/\/paragaleriedetalborjt.com\/en\/boutique\/lansinoh-efb-shampoing-et-gel-lavant-lavande-250-ml\/","og_locale":"en_US","og_type":"article","og_title":"Lansinoh EFB Shampoing et Gel Lavant Lavande \u2013 250 ml - paragaleriedetalborjt","og_description":"Highlights:Le shampoing et gel lavant Lansinoh\u00ae est compos\u00e9 \u00e0 99,2% d\u2019ingr\u00e9dients d\u2019origine naturelle et certifi\u00e9 biologique par Ecocert Greenlife.","og_url":"https:\/\/paragaleriedetalborjt.com\/en\/boutique\/lansinoh-efb-shampoing-et-gel-lavant-lavande-250-ml\/","og_site_name":"paragaleriedetalborjt","article_modified_time":"2026-01-04T18:46:17+00:00","og_image":[{"width":595,"height":655,"url":"https:\/\/paragaleriedetalborjt.com\/wp-content\/uploads\/2026\/01\/5060062990263.jpg","type":"image\/jpeg"}],"twitter_card":"summary_large_image","twitter_misc":{"Est. reading time":"1 minute"},"schema":{"@context":"https:\/\/schema.org","@graph":[{"@type":"WebPage","@id":"https:\/\/paragaleriedetalborjt.com\/boutique\/lansinoh-efb-shampoing-et-gel-lavant-lavande-250-ml\/","url":"https:\/\/paragaleriedetalborjt.com\/boutique\/lansinoh-efb-shampoing-et-gel-lavant-lavande-250-ml\/","name":"Lansinoh EFB Shampoing et Gel Lavant Lavande \u2013 250 ml - paragaleriedetalborjt","isPartOf":{"@id":"https:\/\/paragaleriedetalborjt.com\/#website"},"primaryImageOfPage":{"@id":"https:\/\/paragaleriedetalborjt.com\/boutique\/lansinoh-efb-shampoing-et-gel-lavant-lavande-250-ml\/#primaryimage"},"image":{"@id":"https:\/\/paragaleriedetalborjt.com\/boutique\/lansinoh-efb-shampoing-et-gel-lavant-lavande-250-ml\/#primaryimage"},"thumbnailUrl":"https:\/\/paragaleriedetalborjt.com\/wp-content\/uploads\/2026\/01\/5060062990263.jpg","datePublished":"2026-01-04T17:06:47+00:00","dateModified":"2026-01-04T18:46:17+00:00","breadcrumb":{"@id":"https:\/\/paragaleriedetalborjt.com\/boutique\/lansinoh-efb-shampoing-et-gel-lavant-lavande-250-ml\/#breadcrumb"},"inLanguage":"en-US","potentialAction":[{"@type":"ReadAction","target":["https:\/\/paragaleriedetalborjt.com\/boutique\/lansinoh-efb-shampoing-et-gel-lavant-lavande-250-ml\/"]}]},{"@type":"ImageObject","inLanguage":"en-US","@id":"https:\/\/paragaleriedetalborjt.com\/boutique\/lansinoh-efb-shampoing-et-gel-lavant-lavande-250-ml\/#primaryimage","url":"https:\/\/paragaleriedetalborjt.com\/wp-content\/uploads\/2026\/01\/5060062990263.jpg","contentUrl":"https:\/\/paragaleriedetalborjt.com\/wp-content\/uploads\/2026\/01\/5060062990263.jpg","width":595,"height":655},{"@type":"BreadcrumbList","@id":"https:\/\/paragaleriedetalborjt.com\/boutique\/lansinoh-efb-shampoing-et-gel-lavant-lavande-250-ml\/#breadcrumb","itemListElement":[{"@type":"ListItem","position":1,"name":"Accueil","item":"https:\/\/paragaleriedetalborjt.com\/"},{"@type":"ListItem","position":2,"name":"Boutique","item":"https:\/\/paragaleriedetalborjt.com\/boutique\/"},{"@type":"ListItem","position":3,"name":"Lansinoh EFB Shampoing et Gel Lavant Lavande \u2013 250 ml"}]},{"@type":"WebSite","@id":"https:\/\/paragaleriedetalborjt.com\/#website","url":"https:\/\/paragaleriedetalborjt.com\/","name":"paragaleriedetalborjt","description":"","potentialAction":[{"@type":"SearchAction","target":{"@type":"EntryPoint","urlTemplate":"https:\/\/paragaleriedetalborjt.com\/?s={search_term_string}"},"query-input":{"@type":"PropertyValueSpecification","valueRequired":true,"valueName":"search_term_string"}}],"inLanguage":"en-US"}]}},"brands":[{"id":1867,"name":"LANSINOH","slug":"lansinoh"}],"_links":{"self":[{"href":"https:\/\/paragaleriedetalborjt.com\/en\/wp-json\/wp\/v2\/product\/50956","targetHints":{"allow":["GET"]}}],"collection":[{"href":"https:\/\/paragaleriedetalborjt.com\/en\/wp-json\/wp\/v2\/product"}],"about":[{"href":"https:\/\/paragaleriedetalborjt.com\/en\/wp-json\/wp\/v2\/types\/product"}],"replies":[{"embeddable":true,"href":"https:\/\/paragaleriedetalborjt.com\/en\/wp-json\/wp\/v2\/comments?post=50956"}],"version-history":[{"count":1,"href":"https:\/\/paragaleriedetalborjt.com\/en\/wp-json\/wp\/v2\/product\/50956\/revisions"}],"predecessor-version":[{"id":50958,"href":"https:\/\/paragaleriedetalborjt.com\/en\/wp-json\/wp\/v2\/product\/50956\/revisions\/50958"}],"wp:featuredmedia":[{"embeddable":true,"href":"https:\/\/paragaleriedetalborjt.com\/en\/wp-json\/wp\/v2\/media\/50957"}],"wp:attachment":[{"href":"https:\/\/paragaleriedetalborjt.com\/en\/wp-json\/wp\/v2\/media?parent=50956"}],"wp:term":[{"taxonomy":"pwb-brand","embeddable":true,"href":"https:\/\/paragaleriedetalborjt.com\/en\/wp-json\/wp\/v2\/pwb-brand?post=50956"},{"taxonomy":"product_cat","embeddable":true,"href":"https:\/\/paragaleriedetalborjt.com\/en\/wp-json\/wp\/v2\/product_cat?post=50956"},{"taxonomy":"product_tag","embeddable":true,"href":"https:\/\/paragaleriedetalborjt.com\/en\/wp-json\/wp\/v2\/product_tag?post=50956"}],"curies":[{"name":"wp","href":"https:\/\/api.w.org\/{rel}","templated":true}]}}