{"id":50953,"date":"2026-01-04T18:06:39","date_gmt":"2026-01-04T17:06:39","guid":{"rendered":"https:\/\/paragaleriedetalborjt.com\/?post_type=product&#038;p=50953"},"modified":"2026-01-04T19:46:17","modified_gmt":"2026-01-04T18:46:17","slug":"lansinoh-lingettes-a-la-lanoline-80-unites","status":"publish","type":"product","link":"https:\/\/paragaleriedetalborjt.com\/en\/boutique\/lansinoh-lingettes-a-la-lanoline-80-unites\/","title":{"rendered":"Lansinoh Lingettes \u00e0 la Lanoline \u2013 80 unit\u00e9s"},"content":{"rendered":"<div aria-labelledby=\"tab-title-description\" class=\"woocommerce-Tabs-panel woocommerce-Tabs-panel--description panel entry-content wc-tab\" id=\"tab-description\" role=\"tabpanel\" style=\"\">\n<h2>Description<\/h2>\n<p>Description<br \/>\nLes lingettes nettoyantes et revitalisantes Lansinoh\u00ae sont douces et pr\u00e9servent la peau d\u00e9licate de b\u00e9b\u00e9. Elles sont r\u00e9sistantes et pratiques avec un distributeur int\u00e9gr\u00e9. Parfaites pour les b\u00e9b\u00e9s nourris au sein qui ont besoin de changes plus fr\u00e9quents. Gr\u00e2ce \u00e0 la Lanoline, les lingettes Lansinoh aident \u00e0 pr\u00e9venir le dess\u00e9chement et les irritations de la peau, et offrent une barri\u00e8re de protection contre l\u2019humidit\u00e9 entre les changements de couches.<\/p>\n<p>Caract\u00e9ristiques du produit:<br \/>\nRevitalise la peau pour pr\u00e9venir la s\u00e9cheresse et l\u2019irritation<br \/>\nForme une barri\u00e8re de protection entre les changements de couches<br \/>\nFormule douce pour un nettoyage plus fr\u00e9quent<br \/>\nContient de la Lanoline<br \/>\nSans alcool<br \/>\nHypoallerg\u00e9nique<br \/>\nL\u00e9g\u00e8rement parfum\u00e9<br \/>\nPlus d\u2019informations sur le produit:<br \/>\nDisponible en paquet de 80 unit\u00e9s<\/p>\n<\/div>","protected":false},"excerpt":{"rendered":"<p>Highlights:Lingettes nettoyantes et revitalisantes<\/p>","protected":false},"featured_media":50954,"comment_status":"open","ping_status":"closed","template":"","meta":[],"pwb-brand":[1867],"product_cat":[16],"product_tag":[],"class_list":{"0":"post-50953","1":"product","2":"type-product","3":"status-publish","4":"has-post-thumbnail","6":"pwb-brand-lansinoh","7":"product_cat-non-classe","8":"pa_brands-lansinoh","10":"first","11":"instock","12":"sale","13":"shipping-taxable","14":"purchasable","15":"product-type-simple"},"yoast_head":"<!-- This site is optimized with the Yoast SEO plugin v27.5 - https:\/\/yoast.com\/product\/yoast-seo-wordpress\/ -->\n<title>Lansinoh Lingettes \u00e0 la Lanoline \u2013 80 unit\u00e9s - paragaleriedetalborjt<\/title>\n<meta name=\"robots\" content=\"index, follow, max-snippet:-1, max-image-preview:large, max-video-preview:-1\" \/>\n<link rel=\"canonical\" href=\"https:\/\/paragaleriedetalborjt.com\/en\/boutique\/lansinoh-lingettes-a-la-lanoline-80-unites\/\" \/>\n<meta property=\"og:locale\" content=\"en_US\" \/>\n<meta property=\"og:type\" content=\"article\" \/>\n<meta property=\"og:title\" content=\"Lansinoh Lingettes \u00e0 la Lanoline \u2013 80 unit\u00e9s - paragaleriedetalborjt\" \/>\n<meta property=\"og:description\" content=\"Highlights:Lingettes nettoyantes et revitalisantes\" \/>\n<meta property=\"og:url\" content=\"https:\/\/paragaleriedetalborjt.com\/en\/boutique\/lansinoh-lingettes-a-la-lanoline-80-unites\/\" \/>\n<meta property=\"og:site_name\" content=\"paragaleriedetalborjt\" \/>\n<meta property=\"article:modified_time\" content=\"2026-01-04T18:46:17+00:00\" \/>\n<meta property=\"og:image\" content=\"https:\/\/paragaleriedetalborjt.com\/wp-content\/uploads\/2026\/01\/lansinoh-lingettes-1.jpg\" \/>\n\t<meta property=\"og:image:width\" content=\"595\" \/>\n\t<meta property=\"og:image:height\" content=\"655\" \/>\n\t<meta property=\"og:image:type\" content=\"image\/jpeg\" \/>\n<meta name=\"twitter:card\" content=\"summary_large_image\" \/>\n<meta name=\"twitter:label1\" content=\"Est. reading time\" \/>\n\t<meta name=\"twitter:data1\" content=\"1 minute\" \/>\n<script type=\"application\/ld+json\" class=\"yoast-schema-graph\">{\"@context\":\"https:\\\/\\\/schema.org\",\"@graph\":[{\"@type\":\"WebPage\",\"@id\":\"https:\\\/\\\/paragaleriedetalborjt.com\\\/boutique\\\/lansinoh-lingettes-a-la-lanoline-80-unites\\\/\",\"url\":\"https:\\\/\\\/paragaleriedetalborjt.com\\\/boutique\\\/lansinoh-lingettes-a-la-lanoline-80-unites\\\/\",\"name\":\"Lansinoh Lingettes \u00e0 la Lanoline \u2013 80 unit\u00e9s - paragaleriedetalborjt\",\"isPartOf\":{\"@id\":\"https:\\\/\\\/paragaleriedetalborjt.com\\\/#website\"},\"primaryImageOfPage\":{\"@id\":\"https:\\\/\\\/paragaleriedetalborjt.com\\\/boutique\\\/lansinoh-lingettes-a-la-lanoline-80-unites\\\/#primaryimage\"},\"image\":{\"@id\":\"https:\\\/\\\/paragaleriedetalborjt.com\\\/boutique\\\/lansinoh-lingettes-a-la-lanoline-80-unites\\\/#primaryimage\"},\"thumbnailUrl\":\"https:\\\/\\\/paragaleriedetalborjt.com\\\/wp-content\\\/uploads\\\/2026\\\/01\\\/lansinoh-lingettes-1.jpg\",\"datePublished\":\"2026-01-04T17:06:39+00:00\",\"dateModified\":\"2026-01-04T18:46:17+00:00\",\"breadcrumb\":{\"@id\":\"https:\\\/\\\/paragaleriedetalborjt.com\\\/boutique\\\/lansinoh-lingettes-a-la-lanoline-80-unites\\\/#breadcrumb\"},\"inLanguage\":\"en-US\",\"potentialAction\":[{\"@type\":\"ReadAction\",\"target\":[\"https:\\\/\\\/paragaleriedetalborjt.com\\\/boutique\\\/lansinoh-lingettes-a-la-lanoline-80-unites\\\/\"]}]},{\"@type\":\"ImageObject\",\"inLanguage\":\"en-US\",\"@id\":\"https:\\\/\\\/paragaleriedetalborjt.com\\\/boutique\\\/lansinoh-lingettes-a-la-lanoline-80-unites\\\/#primaryimage\",\"url\":\"https:\\\/\\\/paragaleriedetalborjt.com\\\/wp-content\\\/uploads\\\/2026\\\/01\\\/lansinoh-lingettes-1.jpg\",\"contentUrl\":\"https:\\\/\\\/paragaleriedetalborjt.com\\\/wp-content\\\/uploads\\\/2026\\\/01\\\/lansinoh-lingettes-1.jpg\",\"width\":595,\"height\":655},{\"@type\":\"BreadcrumbList\",\"@id\":\"https:\\\/\\\/paragaleriedetalborjt.com\\\/boutique\\\/lansinoh-lingettes-a-la-lanoline-80-unites\\\/#breadcrumb\",\"itemListElement\":[{\"@type\":\"ListItem\",\"position\":1,\"name\":\"Accueil\",\"item\":\"https:\\\/\\\/paragaleriedetalborjt.com\\\/\"},{\"@type\":\"ListItem\",\"position\":2,\"name\":\"Boutique\",\"item\":\"https:\\\/\\\/paragaleriedetalborjt.com\\\/boutique\\\/\"},{\"@type\":\"ListItem\",\"position\":3,\"name\":\"Lansinoh Lingettes \u00e0 la Lanoline \u2013 80 unit\u00e9s\"}]},{\"@type\":\"WebSite\",\"@id\":\"https:\\\/\\\/paragaleriedetalborjt.com\\\/#website\",\"url\":\"https:\\\/\\\/paragaleriedetalborjt.com\\\/\",\"name\":\"paragaleriedetalborjt\",\"description\":\"\",\"potentialAction\":[{\"@type\":\"SearchAction\",\"target\":{\"@type\":\"EntryPoint\",\"urlTemplate\":\"https:\\\/\\\/paragaleriedetalborjt.com\\\/?s={search_term_string}\"},\"query-input\":{\"@type\":\"PropertyValueSpecification\",\"valueRequired\":true,\"valueName\":\"search_term_string\"}}],\"inLanguage\":\"en-US\"}]}<\/script>\n<!-- \/ Yoast SEO plugin. -->","yoast_head_json":{"title":"Lansinoh Lingettes \u00e0 la Lanoline \u2013 80 unit\u00e9s - paragaleriedetalborjt","robots":{"index":"index","follow":"follow","max-snippet":"max-snippet:-1","max-image-preview":"max-image-preview:large","max-video-preview":"max-video-preview:-1"},"canonical":"https:\/\/paragaleriedetalborjt.com\/en\/boutique\/lansinoh-lingettes-a-la-lanoline-80-unites\/","og_locale":"en_US","og_type":"article","og_title":"Lansinoh Lingettes \u00e0 la Lanoline \u2013 80 unit\u00e9s - paragaleriedetalborjt","og_description":"Highlights:Lingettes nettoyantes et revitalisantes","og_url":"https:\/\/paragaleriedetalborjt.com\/en\/boutique\/lansinoh-lingettes-a-la-lanoline-80-unites\/","og_site_name":"paragaleriedetalborjt","article_modified_time":"2026-01-04T18:46:17+00:00","og_image":[{"width":595,"height":655,"url":"https:\/\/paragaleriedetalborjt.com\/wp-content\/uploads\/2026\/01\/lansinoh-lingettes-1.jpg","type":"image\/jpeg"}],"twitter_card":"summary_large_image","twitter_misc":{"Est. reading time":"1 minute"},"schema":{"@context":"https:\/\/schema.org","@graph":[{"@type":"WebPage","@id":"https:\/\/paragaleriedetalborjt.com\/boutique\/lansinoh-lingettes-a-la-lanoline-80-unites\/","url":"https:\/\/paragaleriedetalborjt.com\/boutique\/lansinoh-lingettes-a-la-lanoline-80-unites\/","name":"Lansinoh Lingettes \u00e0 la Lanoline \u2013 80 unit\u00e9s - paragaleriedetalborjt","isPartOf":{"@id":"https:\/\/paragaleriedetalborjt.com\/#website"},"primaryImageOfPage":{"@id":"https:\/\/paragaleriedetalborjt.com\/boutique\/lansinoh-lingettes-a-la-lanoline-80-unites\/#primaryimage"},"image":{"@id":"https:\/\/paragaleriedetalborjt.com\/boutique\/lansinoh-lingettes-a-la-lanoline-80-unites\/#primaryimage"},"thumbnailUrl":"https:\/\/paragaleriedetalborjt.com\/wp-content\/uploads\/2026\/01\/lansinoh-lingettes-1.jpg","datePublished":"2026-01-04T17:06:39+00:00","dateModified":"2026-01-04T18:46:17+00:00","breadcrumb":{"@id":"https:\/\/paragaleriedetalborjt.com\/boutique\/lansinoh-lingettes-a-la-lanoline-80-unites\/#breadcrumb"},"inLanguage":"en-US","potentialAction":[{"@type":"ReadAction","target":["https:\/\/paragaleriedetalborjt.com\/boutique\/lansinoh-lingettes-a-la-lanoline-80-unites\/"]}]},{"@type":"ImageObject","inLanguage":"en-US","@id":"https:\/\/paragaleriedetalborjt.com\/boutique\/lansinoh-lingettes-a-la-lanoline-80-unites\/#primaryimage","url":"https:\/\/paragaleriedetalborjt.com\/wp-content\/uploads\/2026\/01\/lansinoh-lingettes-1.jpg","contentUrl":"https:\/\/paragaleriedetalborjt.com\/wp-content\/uploads\/2026\/01\/lansinoh-lingettes-1.jpg","width":595,"height":655},{"@type":"BreadcrumbList","@id":"https:\/\/paragaleriedetalborjt.com\/boutique\/lansinoh-lingettes-a-la-lanoline-80-unites\/#breadcrumb","itemListElement":[{"@type":"ListItem","position":1,"name":"Accueil","item":"https:\/\/paragaleriedetalborjt.com\/"},{"@type":"ListItem","position":2,"name":"Boutique","item":"https:\/\/paragaleriedetalborjt.com\/boutique\/"},{"@type":"ListItem","position":3,"name":"Lansinoh Lingettes \u00e0 la Lanoline \u2013 80 unit\u00e9s"}]},{"@type":"WebSite","@id":"https:\/\/paragaleriedetalborjt.com\/#website","url":"https:\/\/paragaleriedetalborjt.com\/","name":"paragaleriedetalborjt","description":"","potentialAction":[{"@type":"SearchAction","target":{"@type":"EntryPoint","urlTemplate":"https:\/\/paragaleriedetalborjt.com\/?s={search_term_string}"},"query-input":{"@type":"PropertyValueSpecification","valueRequired":true,"valueName":"search_term_string"}}],"inLanguage":"en-US"}]}},"brands":[{"id":1867,"name":"LANSINOH","slug":"lansinoh"}],"_links":{"self":[{"href":"https:\/\/paragaleriedetalborjt.com\/en\/wp-json\/wp\/v2\/product\/50953","targetHints":{"allow":["GET"]}}],"collection":[{"href":"https:\/\/paragaleriedetalborjt.com\/en\/wp-json\/wp\/v2\/product"}],"about":[{"href":"https:\/\/paragaleriedetalborjt.com\/en\/wp-json\/wp\/v2\/types\/product"}],"replies":[{"embeddable":true,"href":"https:\/\/paragaleriedetalborjt.com\/en\/wp-json\/wp\/v2\/comments?post=50953"}],"version-history":[{"count":1,"href":"https:\/\/paragaleriedetalborjt.com\/en\/wp-json\/wp\/v2\/product\/50953\/revisions"}],"predecessor-version":[{"id":50955,"href":"https:\/\/paragaleriedetalborjt.com\/en\/wp-json\/wp\/v2\/product\/50953\/revisions\/50955"}],"wp:featuredmedia":[{"embeddable":true,"href":"https:\/\/paragaleriedetalborjt.com\/en\/wp-json\/wp\/v2\/media\/50954"}],"wp:attachment":[{"href":"https:\/\/paragaleriedetalborjt.com\/en\/wp-json\/wp\/v2\/media?parent=50953"}],"wp:term":[{"taxonomy":"pwb-brand","embeddable":true,"href":"https:\/\/paragaleriedetalborjt.com\/en\/wp-json\/wp\/v2\/pwb-brand?post=50953"},{"taxonomy":"product_cat","embeddable":true,"href":"https:\/\/paragaleriedetalborjt.com\/en\/wp-json\/wp\/v2\/product_cat?post=50953"},{"taxonomy":"product_tag","embeddable":true,"href":"https:\/\/paragaleriedetalborjt.com\/en\/wp-json\/wp\/v2\/product_tag?post=50953"}],"curies":[{"name":"wp","href":"https:\/\/api.w.org\/{rel}","templated":true}]}}