{"id":50947,"date":"2026-01-04T18:06:26","date_gmt":"2026-01-04T17:06:26","guid":{"rendered":"https:\/\/paragaleriedetalborjt.com\/?post_type=product&#038;p=50947"},"modified":"2026-01-04T19:46:17","modified_gmt":"2026-01-04T18:46:17","slug":"lansinoh-coussinets-dallaitement-jetable-blue-lock-60-unites","status":"publish","type":"product","link":"https:\/\/paragaleriedetalborjt.com\/en\/boutique\/lansinoh-coussinets-dallaitement-jetable-blue-lock-60-unites\/","title":{"rendered":"Lansinoh Coussinets d\u2019allaitement jetable Blue Lock \u2013 60 unit\u00e9s"},"content":{"rendered":"<div aria-labelledby=\"tab-title-description\" class=\"woocommerce-Tabs-panel woocommerce-Tabs-panel--description panel entry-content wc-tab\" id=\"tab-description\" role=\"tabpanel\" style=\"\">\n<h2>Description<\/h2>\n<p>Description<br \/>\nToutes les mamans sont diff\u00e9rentes. Nous avons donc cr\u00e9\u00e9 un coussinet jetable qui prend la forme du corps et absorbe le lait efficacement pour qu\u2019elles restent au sec et pour assurer une protection maximale jour et nuit.<\/p>\n<p>Caract\u00e9ristiques du produit:<br \/>\nLa composition du polym\u00e8re permet une absorption optimale de l\u2019\u00e9coulement du lait et des fuites au centre du coussinet<br \/>\nDiscret, ultra-fin et d\u00e9coup\u00e9 pour excellent confort<br \/>\nLe coussinet offre une surface respirable, d\u2019une grande douceur pour un confort optimal<br \/>\nUne doublure \u00e9tanche garde les v\u00eatements au sec jour et nuit<br \/>\nCon\u00e7u pour maintenir sa forme initiale, pas de peluches ni d\u00e9fauts<br \/>\nDeux bandes adh\u00e9sives qui maintiennent le coussinet en place<br \/>\nEmball\u00e9s de fa\u00e7on hygi\u00e9niques Emball\u00e9s de fa\u00e7on hygi\u00e9niques pour assurer une facilit\u00e9 optimale d\u2019utilisation<\/p>\n<p>Plus d\u2019informations sur le produit:<br \/>\nDisponible en boite de 24 et 60 unit\u00e9s<\/p>\n<\/div>","protected":false},"excerpt":{"rendered":"<p>Highlights:Coussinets jetables Blue Lock ; Ultra-absorbants et pr\u00e9viennent les fuites<\/p>","protected":false},"featured_media":50948,"comment_status":"open","ping_status":"closed","template":"","meta":[],"pwb-brand":[1867],"product_cat":[16],"product_tag":[],"class_list":{"0":"post-50947","1":"product","2":"type-product","3":"status-publish","4":"has-post-thumbnail","6":"pwb-brand-lansinoh","7":"product_cat-non-classe","8":"pa_brands-lansinoh","10":"first","11":"instock","12":"sale","13":"shipping-taxable","14":"purchasable","15":"product-type-simple"},"yoast_head":"<!-- This site is optimized with the Yoast SEO plugin v27.5 - https:\/\/yoast.com\/product\/yoast-seo-wordpress\/ -->\n<title>Lansinoh Coussinets d\u2019allaitement jetable Blue Lock \u2013 60 unit\u00e9s - paragaleriedetalborjt<\/title>\n<meta name=\"robots\" content=\"index, follow, max-snippet:-1, max-image-preview:large, max-video-preview:-1\" \/>\n<link rel=\"canonical\" href=\"https:\/\/paragaleriedetalborjt.com\/en\/boutique\/lansinoh-coussinets-dallaitement-jetable-blue-lock-60-unites\/\" \/>\n<meta property=\"og:locale\" content=\"en_US\" \/>\n<meta property=\"og:type\" content=\"article\" \/>\n<meta property=\"og:title\" content=\"Lansinoh Coussinets d\u2019allaitement jetable Blue Lock \u2013 60 unit\u00e9s - paragaleriedetalborjt\" \/>\n<meta property=\"og:description\" content=\"Highlights:Coussinets jetables Blue Lock ; Ultra-absorbants et pr\u00e9viennent les fuites\" \/>\n<meta property=\"og:url\" content=\"https:\/\/paragaleriedetalborjt.com\/en\/boutique\/lansinoh-coussinets-dallaitement-jetable-blue-lock-60-unites\/\" \/>\n<meta property=\"og:site_name\" content=\"paragaleriedetalborjt\" \/>\n<meta property=\"article:modified_time\" content=\"2026-01-04T18:46:17+00:00\" \/>\n<meta property=\"og:image\" content=\"https:\/\/paragaleriedetalborjt.com\/wp-content\/uploads\/2026\/01\/lansinoh-coussinets-1.jpg\" \/>\n\t<meta property=\"og:image:width\" content=\"594\" \/>\n\t<meta property=\"og:image:height\" content=\"654\" \/>\n\t<meta property=\"og:image:type\" content=\"image\/jpeg\" \/>\n<meta name=\"twitter:card\" content=\"summary_large_image\" \/>\n<meta name=\"twitter:label1\" content=\"Est. reading time\" \/>\n\t<meta name=\"twitter:data1\" content=\"1 minute\" \/>\n<script type=\"application\/ld+json\" class=\"yoast-schema-graph\">{\"@context\":\"https:\\\/\\\/schema.org\",\"@graph\":[{\"@type\":\"WebPage\",\"@id\":\"https:\\\/\\\/paragaleriedetalborjt.com\\\/boutique\\\/lansinoh-coussinets-dallaitement-jetable-blue-lock-60-unites\\\/\",\"url\":\"https:\\\/\\\/paragaleriedetalborjt.com\\\/boutique\\\/lansinoh-coussinets-dallaitement-jetable-blue-lock-60-unites\\\/\",\"name\":\"Lansinoh Coussinets d\u2019allaitement jetable Blue Lock \u2013 60 unit\u00e9s - paragaleriedetalborjt\",\"isPartOf\":{\"@id\":\"https:\\\/\\\/paragaleriedetalborjt.com\\\/#website\"},\"primaryImageOfPage\":{\"@id\":\"https:\\\/\\\/paragaleriedetalborjt.com\\\/boutique\\\/lansinoh-coussinets-dallaitement-jetable-blue-lock-60-unites\\\/#primaryimage\"},\"image\":{\"@id\":\"https:\\\/\\\/paragaleriedetalborjt.com\\\/boutique\\\/lansinoh-coussinets-dallaitement-jetable-blue-lock-60-unites\\\/#primaryimage\"},\"thumbnailUrl\":\"https:\\\/\\\/paragaleriedetalborjt.com\\\/wp-content\\\/uploads\\\/2026\\\/01\\\/lansinoh-coussinets-1.jpg\",\"datePublished\":\"2026-01-04T17:06:26+00:00\",\"dateModified\":\"2026-01-04T18:46:17+00:00\",\"breadcrumb\":{\"@id\":\"https:\\\/\\\/paragaleriedetalborjt.com\\\/boutique\\\/lansinoh-coussinets-dallaitement-jetable-blue-lock-60-unites\\\/#breadcrumb\"},\"inLanguage\":\"en-US\",\"potentialAction\":[{\"@type\":\"ReadAction\",\"target\":[\"https:\\\/\\\/paragaleriedetalborjt.com\\\/boutique\\\/lansinoh-coussinets-dallaitement-jetable-blue-lock-60-unites\\\/\"]}]},{\"@type\":\"ImageObject\",\"inLanguage\":\"en-US\",\"@id\":\"https:\\\/\\\/paragaleriedetalborjt.com\\\/boutique\\\/lansinoh-coussinets-dallaitement-jetable-blue-lock-60-unites\\\/#primaryimage\",\"url\":\"https:\\\/\\\/paragaleriedetalborjt.com\\\/wp-content\\\/uploads\\\/2026\\\/01\\\/lansinoh-coussinets-1.jpg\",\"contentUrl\":\"https:\\\/\\\/paragaleriedetalborjt.com\\\/wp-content\\\/uploads\\\/2026\\\/01\\\/lansinoh-coussinets-1.jpg\",\"width\":594,\"height\":654},{\"@type\":\"BreadcrumbList\",\"@id\":\"https:\\\/\\\/paragaleriedetalborjt.com\\\/boutique\\\/lansinoh-coussinets-dallaitement-jetable-blue-lock-60-unites\\\/#breadcrumb\",\"itemListElement\":[{\"@type\":\"ListItem\",\"position\":1,\"name\":\"Accueil\",\"item\":\"https:\\\/\\\/paragaleriedetalborjt.com\\\/\"},{\"@type\":\"ListItem\",\"position\":2,\"name\":\"Boutique\",\"item\":\"https:\\\/\\\/paragaleriedetalborjt.com\\\/boutique\\\/\"},{\"@type\":\"ListItem\",\"position\":3,\"name\":\"Lansinoh Coussinets d\u2019allaitement jetable Blue Lock \u2013 60 unit\u00e9s\"}]},{\"@type\":\"WebSite\",\"@id\":\"https:\\\/\\\/paragaleriedetalborjt.com\\\/#website\",\"url\":\"https:\\\/\\\/paragaleriedetalborjt.com\\\/\",\"name\":\"paragaleriedetalborjt\",\"description\":\"\",\"potentialAction\":[{\"@type\":\"SearchAction\",\"target\":{\"@type\":\"EntryPoint\",\"urlTemplate\":\"https:\\\/\\\/paragaleriedetalborjt.com\\\/?s={search_term_string}\"},\"query-input\":{\"@type\":\"PropertyValueSpecification\",\"valueRequired\":true,\"valueName\":\"search_term_string\"}}],\"inLanguage\":\"en-US\"}]}<\/script>\n<!-- \/ Yoast SEO plugin. -->","yoast_head_json":{"title":"Lansinoh Coussinets d\u2019allaitement jetable Blue Lock \u2013 60 unit\u00e9s - paragaleriedetalborjt","robots":{"index":"index","follow":"follow","max-snippet":"max-snippet:-1","max-image-preview":"max-image-preview:large","max-video-preview":"max-video-preview:-1"},"canonical":"https:\/\/paragaleriedetalborjt.com\/en\/boutique\/lansinoh-coussinets-dallaitement-jetable-blue-lock-60-unites\/","og_locale":"en_US","og_type":"article","og_title":"Lansinoh Coussinets d\u2019allaitement jetable Blue Lock \u2013 60 unit\u00e9s - paragaleriedetalborjt","og_description":"Highlights:Coussinets jetables Blue Lock ; Ultra-absorbants et pr\u00e9viennent les fuites","og_url":"https:\/\/paragaleriedetalborjt.com\/en\/boutique\/lansinoh-coussinets-dallaitement-jetable-blue-lock-60-unites\/","og_site_name":"paragaleriedetalborjt","article_modified_time":"2026-01-04T18:46:17+00:00","og_image":[{"width":594,"height":654,"url":"https:\/\/paragaleriedetalborjt.com\/wp-content\/uploads\/2026\/01\/lansinoh-coussinets-1.jpg","type":"image\/jpeg"}],"twitter_card":"summary_large_image","twitter_misc":{"Est. reading time":"1 minute"},"schema":{"@context":"https:\/\/schema.org","@graph":[{"@type":"WebPage","@id":"https:\/\/paragaleriedetalborjt.com\/boutique\/lansinoh-coussinets-dallaitement-jetable-blue-lock-60-unites\/","url":"https:\/\/paragaleriedetalborjt.com\/boutique\/lansinoh-coussinets-dallaitement-jetable-blue-lock-60-unites\/","name":"Lansinoh Coussinets d\u2019allaitement jetable Blue Lock \u2013 60 unit\u00e9s - paragaleriedetalborjt","isPartOf":{"@id":"https:\/\/paragaleriedetalborjt.com\/#website"},"primaryImageOfPage":{"@id":"https:\/\/paragaleriedetalborjt.com\/boutique\/lansinoh-coussinets-dallaitement-jetable-blue-lock-60-unites\/#primaryimage"},"image":{"@id":"https:\/\/paragaleriedetalborjt.com\/boutique\/lansinoh-coussinets-dallaitement-jetable-blue-lock-60-unites\/#primaryimage"},"thumbnailUrl":"https:\/\/paragaleriedetalborjt.com\/wp-content\/uploads\/2026\/01\/lansinoh-coussinets-1.jpg","datePublished":"2026-01-04T17:06:26+00:00","dateModified":"2026-01-04T18:46:17+00:00","breadcrumb":{"@id":"https:\/\/paragaleriedetalborjt.com\/boutique\/lansinoh-coussinets-dallaitement-jetable-blue-lock-60-unites\/#breadcrumb"},"inLanguage":"en-US","potentialAction":[{"@type":"ReadAction","target":["https:\/\/paragaleriedetalborjt.com\/boutique\/lansinoh-coussinets-dallaitement-jetable-blue-lock-60-unites\/"]}]},{"@type":"ImageObject","inLanguage":"en-US","@id":"https:\/\/paragaleriedetalborjt.com\/boutique\/lansinoh-coussinets-dallaitement-jetable-blue-lock-60-unites\/#primaryimage","url":"https:\/\/paragaleriedetalborjt.com\/wp-content\/uploads\/2026\/01\/lansinoh-coussinets-1.jpg","contentUrl":"https:\/\/paragaleriedetalborjt.com\/wp-content\/uploads\/2026\/01\/lansinoh-coussinets-1.jpg","width":594,"height":654},{"@type":"BreadcrumbList","@id":"https:\/\/paragaleriedetalborjt.com\/boutique\/lansinoh-coussinets-dallaitement-jetable-blue-lock-60-unites\/#breadcrumb","itemListElement":[{"@type":"ListItem","position":1,"name":"Accueil","item":"https:\/\/paragaleriedetalborjt.com\/"},{"@type":"ListItem","position":2,"name":"Boutique","item":"https:\/\/paragaleriedetalborjt.com\/boutique\/"},{"@type":"ListItem","position":3,"name":"Lansinoh Coussinets d\u2019allaitement jetable Blue Lock \u2013 60 unit\u00e9s"}]},{"@type":"WebSite","@id":"https:\/\/paragaleriedetalborjt.com\/#website","url":"https:\/\/paragaleriedetalborjt.com\/","name":"paragaleriedetalborjt","description":"","potentialAction":[{"@type":"SearchAction","target":{"@type":"EntryPoint","urlTemplate":"https:\/\/paragaleriedetalborjt.com\/?s={search_term_string}"},"query-input":{"@type":"PropertyValueSpecification","valueRequired":true,"valueName":"search_term_string"}}],"inLanguage":"en-US"}]}},"brands":[{"id":1867,"name":"LANSINOH","slug":"lansinoh"}],"_links":{"self":[{"href":"https:\/\/paragaleriedetalborjt.com\/en\/wp-json\/wp\/v2\/product\/50947","targetHints":{"allow":["GET"]}}],"collection":[{"href":"https:\/\/paragaleriedetalborjt.com\/en\/wp-json\/wp\/v2\/product"}],"about":[{"href":"https:\/\/paragaleriedetalborjt.com\/en\/wp-json\/wp\/v2\/types\/product"}],"replies":[{"embeddable":true,"href":"https:\/\/paragaleriedetalborjt.com\/en\/wp-json\/wp\/v2\/comments?post=50947"}],"version-history":[{"count":1,"href":"https:\/\/paragaleriedetalborjt.com\/en\/wp-json\/wp\/v2\/product\/50947\/revisions"}],"predecessor-version":[{"id":50949,"href":"https:\/\/paragaleriedetalborjt.com\/en\/wp-json\/wp\/v2\/product\/50947\/revisions\/50949"}],"wp:featuredmedia":[{"embeddable":true,"href":"https:\/\/paragaleriedetalborjt.com\/en\/wp-json\/wp\/v2\/media\/50948"}],"wp:attachment":[{"href":"https:\/\/paragaleriedetalborjt.com\/en\/wp-json\/wp\/v2\/media?parent=50947"}],"wp:term":[{"taxonomy":"pwb-brand","embeddable":true,"href":"https:\/\/paragaleriedetalborjt.com\/en\/wp-json\/wp\/v2\/pwb-brand?post=50947"},{"taxonomy":"product_cat","embeddable":true,"href":"https:\/\/paragaleriedetalborjt.com\/en\/wp-json\/wp\/v2\/product_cat?post=50947"},{"taxonomy":"product_tag","embeddable":true,"href":"https:\/\/paragaleriedetalborjt.com\/en\/wp-json\/wp\/v2\/product_tag?post=50947"}],"curies":[{"name":"wp","href":"https:\/\/api.w.org\/{rel}","templated":true}]}}