{"id":50770,"date":"2026-01-04T17:58:45","date_gmt":"2026-01-04T16:58:45","guid":{"rendered":"https:\/\/paragaleriedetalborjt.com\/?post_type=product&#038;p=50770"},"modified":"2026-01-04T19:46:02","modified_gmt":"2026-01-04T18:46:02","slug":"novexpert-vitamine-c-lexfoliant-expert-2en1-50-ml","status":"publish","type":"product","link":"https:\/\/paragaleriedetalborjt.com\/en\/boutique\/novexpert-vitamine-c-lexfoliant-expert-2en1-50-ml\/","title":{"rendered":"Novexpert Vitamine C L\u2019Exfoliant Expert 2en1 \u2013 50 ml"},"content":{"rendered":"<div aria-labelledby=\"tab-title-description\" class=\"woocommerce-Tabs-panel woocommerce-Tabs-panel--description panel entry-content wc-tab\" id=\"tab-description\" role=\"tabpanel\" style=\"\">\n<h2>Description<\/h2>\n<p>Description<br \/>\nNovexpert Vitamine C L\u2019Exfoliant Expert 2en1 50 ml est un soin qui laisse la peau lisse et le teint \u00e9clatant gr\u00e2ce \u00e0 sa double action :<br \/>\n\u2013 action peeling \u00ab\u00a0biologique\u00a0\u00bb en profondeur avec le gluconolactose (PHA) haute tol\u00e9rance associ\u00e9e \u00e0 la vitamine C pour assurer une action magistrale sur l\u2019\u00e9clat du teint. Les PHA d\u00e9voilent une peau d\u2019apparence plus jeune et durablement plus fra\u00eeche ;<br \/>\n\u2013 action peeling \u00ab\u00a0m\u00e9canique\u00a0\u00bb en surface gr\u00e2ce \u00e0 la synergie de 3 tailles de grains : micro-sph\u00e8res de Jojoba exfoliantes, silice de Bambou polissante et poudre de noyaux d\u2019Abricot gommante. Le grain de peau est imm\u00e9diatement liss\u00e9 et r\u00e9v\u00e8le une peau parfaite !<br \/>\nHypollerg\u00e9nique.<br \/>\n0% : conservateurs, parab\u00e8nes, ph\u00e9noxy\u00e9thanol, silicones, huiles min\u00e9rales, PEG, ingr\u00e9dients d\u2019origine animale.<br \/>\nCosm\u00e9tique Biologique certifi\u00e9 par Ecocert.<\/p>\n<p>Conseils d\u2019utilisation<br \/>\nSoin 2 en 1 : \u00e0 utiliser 1 \u00e0 2 fois par semaine.<br \/>\n1\/ laisser agir 3 \u00e0 5 minutes (en masque).<br \/>\n2\/ masser avec les mains humides (gommage) et rincer.<\/p>\n<p>Indication<br \/>\nSoin exfoliant. Tous types de peaux.<\/p>\n<p>Composition<br \/>\nAqua (Water)*, Glycerin*, Gluconolactone*, Butylene Glycol*, Jojoba Esters*, Prunus Armeniaca (Apricot) Seed Powder*, Sodium Citrate*, Bambusa Arundinacea Stern Extract*, Arginine*, Chondrus Crispus (Carrageenan) Extract*, Parfum (Fragrance)*, Ascorbyl Glucoside*, Carica Papaya (Papaya) Fruit Extract*, Decyl Glucoside*, Glyceryl Caprylate*, Sclerotium Gum*, Xanthan Gum*, Tocopherol*, Aloe Barbadensis Leaf Juice*, Glucosyl Hesperidin*, Volcanic Sand*, Citric Acid*, Zea Mays (Com) Starch*, Phytic Acid*, Beta-Carotene*.<br \/>\n*100% des ingr\u00e9dients sont d\u2019origine naturelle.<\/p>\n<\/div>","protected":false},"excerpt":{"rendered":"<p>Highlights:Ce soin laisse la peau lisse et le teint \u00e9clatant<\/p>","protected":false},"featured_media":50771,"comment_status":"open","ping_status":"closed","template":"","meta":[],"pwb-brand":[1593],"product_cat":[16],"product_tag":[],"class_list":{"0":"post-50770","1":"product","2":"type-product","3":"status-publish","4":"has-post-thumbnail","6":"pwb-brand-novexpert","7":"product_cat-non-classe","8":"pa_brands-novexpert","10":"first","11":"instock","12":"sale","13":"shipping-taxable","14":"purchasable","15":"product-type-simple"},"yoast_head":"<!-- This site is optimized with the Yoast SEO plugin v27.5 - https:\/\/yoast.com\/product\/yoast-seo-wordpress\/ -->\n<title>Novexpert Vitamine C L\u2019Exfoliant Expert 2en1 \u2013 50 ml - paragaleriedetalborjt<\/title>\n<meta name=\"robots\" content=\"index, follow, max-snippet:-1, max-image-preview:large, max-video-preview:-1\" \/>\n<link rel=\"canonical\" href=\"https:\/\/paragaleriedetalborjt.com\/en\/boutique\/novexpert-vitamine-c-lexfoliant-expert-2en1-50-ml\/\" \/>\n<meta property=\"og:locale\" content=\"en_US\" \/>\n<meta property=\"og:type\" content=\"article\" \/>\n<meta property=\"og:title\" content=\"Novexpert Vitamine C L\u2019Exfoliant Expert 2en1 \u2013 50 ml - paragaleriedetalborjt\" \/>\n<meta property=\"og:description\" content=\"Highlights:Ce soin laisse la peau lisse et le teint \u00e9clatant\" \/>\n<meta property=\"og:url\" content=\"https:\/\/paragaleriedetalborjt.com\/en\/boutique\/novexpert-vitamine-c-lexfoliant-expert-2en1-50-ml\/\" \/>\n<meta property=\"og:site_name\" content=\"paragaleriedetalborjt\" \/>\n<meta property=\"article:modified_time\" content=\"2026-01-04T18:46:02+00:00\" \/>\n<meta property=\"og:image\" content=\"https:\/\/paragaleriedetalborjt.com\/wp-content\/uploads\/2026\/01\/3661467002159.jpg\" \/>\n\t<meta property=\"og:image:width\" content=\"595\" \/>\n\t<meta property=\"og:image:height\" content=\"655\" \/>\n\t<meta property=\"og:image:type\" content=\"image\/jpeg\" \/>\n<meta name=\"twitter:card\" content=\"summary_large_image\" \/>\n<meta name=\"twitter:label1\" content=\"Est. reading time\" \/>\n\t<meta name=\"twitter:data1\" content=\"1 minute\" \/>\n<script type=\"application\/ld+json\" class=\"yoast-schema-graph\">{\"@context\":\"https:\\\/\\\/schema.org\",\"@graph\":[{\"@type\":\"WebPage\",\"@id\":\"https:\\\/\\\/paragaleriedetalborjt.com\\\/boutique\\\/novexpert-vitamine-c-lexfoliant-expert-2en1-50-ml\\\/\",\"url\":\"https:\\\/\\\/paragaleriedetalborjt.com\\\/boutique\\\/novexpert-vitamine-c-lexfoliant-expert-2en1-50-ml\\\/\",\"name\":\"Novexpert Vitamine C L\u2019Exfoliant Expert 2en1 \u2013 50 ml - paragaleriedetalborjt\",\"isPartOf\":{\"@id\":\"https:\\\/\\\/paragaleriedetalborjt.com\\\/#website\"},\"primaryImageOfPage\":{\"@id\":\"https:\\\/\\\/paragaleriedetalborjt.com\\\/boutique\\\/novexpert-vitamine-c-lexfoliant-expert-2en1-50-ml\\\/#primaryimage\"},\"image\":{\"@id\":\"https:\\\/\\\/paragaleriedetalborjt.com\\\/boutique\\\/novexpert-vitamine-c-lexfoliant-expert-2en1-50-ml\\\/#primaryimage\"},\"thumbnailUrl\":\"https:\\\/\\\/paragaleriedetalborjt.com\\\/wp-content\\\/uploads\\\/2026\\\/01\\\/3661467002159.jpg\",\"datePublished\":\"2026-01-04T16:58:45+00:00\",\"dateModified\":\"2026-01-04T18:46:02+00:00\",\"breadcrumb\":{\"@id\":\"https:\\\/\\\/paragaleriedetalborjt.com\\\/boutique\\\/novexpert-vitamine-c-lexfoliant-expert-2en1-50-ml\\\/#breadcrumb\"},\"inLanguage\":\"en-US\",\"potentialAction\":[{\"@type\":\"ReadAction\",\"target\":[\"https:\\\/\\\/paragaleriedetalborjt.com\\\/boutique\\\/novexpert-vitamine-c-lexfoliant-expert-2en1-50-ml\\\/\"]}]},{\"@type\":\"ImageObject\",\"inLanguage\":\"en-US\",\"@id\":\"https:\\\/\\\/paragaleriedetalborjt.com\\\/boutique\\\/novexpert-vitamine-c-lexfoliant-expert-2en1-50-ml\\\/#primaryimage\",\"url\":\"https:\\\/\\\/paragaleriedetalborjt.com\\\/wp-content\\\/uploads\\\/2026\\\/01\\\/3661467002159.jpg\",\"contentUrl\":\"https:\\\/\\\/paragaleriedetalborjt.com\\\/wp-content\\\/uploads\\\/2026\\\/01\\\/3661467002159.jpg\",\"width\":595,\"height\":655},{\"@type\":\"BreadcrumbList\",\"@id\":\"https:\\\/\\\/paragaleriedetalborjt.com\\\/boutique\\\/novexpert-vitamine-c-lexfoliant-expert-2en1-50-ml\\\/#breadcrumb\",\"itemListElement\":[{\"@type\":\"ListItem\",\"position\":1,\"name\":\"Accueil\",\"item\":\"https:\\\/\\\/paragaleriedetalborjt.com\\\/\"},{\"@type\":\"ListItem\",\"position\":2,\"name\":\"Boutique\",\"item\":\"https:\\\/\\\/paragaleriedetalborjt.com\\\/boutique\\\/\"},{\"@type\":\"ListItem\",\"position\":3,\"name\":\"Novexpert Vitamine C L\u2019Exfoliant Expert 2en1 \u2013 50 ml\"}]},{\"@type\":\"WebSite\",\"@id\":\"https:\\\/\\\/paragaleriedetalborjt.com\\\/#website\",\"url\":\"https:\\\/\\\/paragaleriedetalborjt.com\\\/\",\"name\":\"paragaleriedetalborjt\",\"description\":\"\",\"potentialAction\":[{\"@type\":\"SearchAction\",\"target\":{\"@type\":\"EntryPoint\",\"urlTemplate\":\"https:\\\/\\\/paragaleriedetalborjt.com\\\/?s={search_term_string}\"},\"query-input\":{\"@type\":\"PropertyValueSpecification\",\"valueRequired\":true,\"valueName\":\"search_term_string\"}}],\"inLanguage\":\"en-US\"}]}<\/script>\n<!-- \/ Yoast SEO plugin. -->","yoast_head_json":{"title":"Novexpert Vitamine C L\u2019Exfoliant Expert 2en1 \u2013 50 ml - paragaleriedetalborjt","robots":{"index":"index","follow":"follow","max-snippet":"max-snippet:-1","max-image-preview":"max-image-preview:large","max-video-preview":"max-video-preview:-1"},"canonical":"https:\/\/paragaleriedetalborjt.com\/en\/boutique\/novexpert-vitamine-c-lexfoliant-expert-2en1-50-ml\/","og_locale":"en_US","og_type":"article","og_title":"Novexpert Vitamine C L\u2019Exfoliant Expert 2en1 \u2013 50 ml - paragaleriedetalborjt","og_description":"Highlights:Ce soin laisse la peau lisse et le teint \u00e9clatant","og_url":"https:\/\/paragaleriedetalborjt.com\/en\/boutique\/novexpert-vitamine-c-lexfoliant-expert-2en1-50-ml\/","og_site_name":"paragaleriedetalborjt","article_modified_time":"2026-01-04T18:46:02+00:00","og_image":[{"width":595,"height":655,"url":"https:\/\/paragaleriedetalborjt.com\/wp-content\/uploads\/2026\/01\/3661467002159.jpg","type":"image\/jpeg"}],"twitter_card":"summary_large_image","twitter_misc":{"Est. reading time":"1 minute"},"schema":{"@context":"https:\/\/schema.org","@graph":[{"@type":"WebPage","@id":"https:\/\/paragaleriedetalborjt.com\/boutique\/novexpert-vitamine-c-lexfoliant-expert-2en1-50-ml\/","url":"https:\/\/paragaleriedetalborjt.com\/boutique\/novexpert-vitamine-c-lexfoliant-expert-2en1-50-ml\/","name":"Novexpert Vitamine C L\u2019Exfoliant Expert 2en1 \u2013 50 ml - paragaleriedetalborjt","isPartOf":{"@id":"https:\/\/paragaleriedetalborjt.com\/#website"},"primaryImageOfPage":{"@id":"https:\/\/paragaleriedetalborjt.com\/boutique\/novexpert-vitamine-c-lexfoliant-expert-2en1-50-ml\/#primaryimage"},"image":{"@id":"https:\/\/paragaleriedetalborjt.com\/boutique\/novexpert-vitamine-c-lexfoliant-expert-2en1-50-ml\/#primaryimage"},"thumbnailUrl":"https:\/\/paragaleriedetalborjt.com\/wp-content\/uploads\/2026\/01\/3661467002159.jpg","datePublished":"2026-01-04T16:58:45+00:00","dateModified":"2026-01-04T18:46:02+00:00","breadcrumb":{"@id":"https:\/\/paragaleriedetalborjt.com\/boutique\/novexpert-vitamine-c-lexfoliant-expert-2en1-50-ml\/#breadcrumb"},"inLanguage":"en-US","potentialAction":[{"@type":"ReadAction","target":["https:\/\/paragaleriedetalborjt.com\/boutique\/novexpert-vitamine-c-lexfoliant-expert-2en1-50-ml\/"]}]},{"@type":"ImageObject","inLanguage":"en-US","@id":"https:\/\/paragaleriedetalborjt.com\/boutique\/novexpert-vitamine-c-lexfoliant-expert-2en1-50-ml\/#primaryimage","url":"https:\/\/paragaleriedetalborjt.com\/wp-content\/uploads\/2026\/01\/3661467002159.jpg","contentUrl":"https:\/\/paragaleriedetalborjt.com\/wp-content\/uploads\/2026\/01\/3661467002159.jpg","width":595,"height":655},{"@type":"BreadcrumbList","@id":"https:\/\/paragaleriedetalborjt.com\/boutique\/novexpert-vitamine-c-lexfoliant-expert-2en1-50-ml\/#breadcrumb","itemListElement":[{"@type":"ListItem","position":1,"name":"Accueil","item":"https:\/\/paragaleriedetalborjt.com\/"},{"@type":"ListItem","position":2,"name":"Boutique","item":"https:\/\/paragaleriedetalborjt.com\/boutique\/"},{"@type":"ListItem","position":3,"name":"Novexpert Vitamine C L\u2019Exfoliant Expert 2en1 \u2013 50 ml"}]},{"@type":"WebSite","@id":"https:\/\/paragaleriedetalborjt.com\/#website","url":"https:\/\/paragaleriedetalborjt.com\/","name":"paragaleriedetalborjt","description":"","potentialAction":[{"@type":"SearchAction","target":{"@type":"EntryPoint","urlTemplate":"https:\/\/paragaleriedetalborjt.com\/?s={search_term_string}"},"query-input":{"@type":"PropertyValueSpecification","valueRequired":true,"valueName":"search_term_string"}}],"inLanguage":"en-US"}]}},"brands":[{"id":1593,"name":"NOVEXPERT","slug":"novexpert"}],"_links":{"self":[{"href":"https:\/\/paragaleriedetalborjt.com\/en\/wp-json\/wp\/v2\/product\/50770","targetHints":{"allow":["GET"]}}],"collection":[{"href":"https:\/\/paragaleriedetalborjt.com\/en\/wp-json\/wp\/v2\/product"}],"about":[{"href":"https:\/\/paragaleriedetalborjt.com\/en\/wp-json\/wp\/v2\/types\/product"}],"replies":[{"embeddable":true,"href":"https:\/\/paragaleriedetalborjt.com\/en\/wp-json\/wp\/v2\/comments?post=50770"}],"version-history":[{"count":1,"href":"https:\/\/paragaleriedetalborjt.com\/en\/wp-json\/wp\/v2\/product\/50770\/revisions"}],"predecessor-version":[{"id":50772,"href":"https:\/\/paragaleriedetalborjt.com\/en\/wp-json\/wp\/v2\/product\/50770\/revisions\/50772"}],"wp:featuredmedia":[{"embeddable":true,"href":"https:\/\/paragaleriedetalborjt.com\/en\/wp-json\/wp\/v2\/media\/50771"}],"wp:attachment":[{"href":"https:\/\/paragaleriedetalborjt.com\/en\/wp-json\/wp\/v2\/media?parent=50770"}],"wp:term":[{"taxonomy":"pwb-brand","embeddable":true,"href":"https:\/\/paragaleriedetalborjt.com\/en\/wp-json\/wp\/v2\/pwb-brand?post=50770"},{"taxonomy":"product_cat","embeddable":true,"href":"https:\/\/paragaleriedetalborjt.com\/en\/wp-json\/wp\/v2\/product_cat?post=50770"},{"taxonomy":"product_tag","embeddable":true,"href":"https:\/\/paragaleriedetalborjt.com\/en\/wp-json\/wp\/v2\/product_tag?post=50770"}],"curies":[{"name":"wp","href":"https:\/\/api.w.org\/{rel}","templated":true}]}}