{"id":50758,"date":"2026-01-04T17:58:15","date_gmt":"2026-01-04T16:58:15","guid":{"rendered":"https:\/\/paragaleriedetalborjt.com\/?post_type=product&#038;p=50758"},"modified":"2026-01-04T19:46:00","modified_gmt":"2026-01-04T18:46:00","slug":"novexpert-magnesium-fluide-douceur-hydro-biotique-30-ml","status":"publish","type":"product","link":"https:\/\/paragaleriedetalborjt.com\/en\/boutique\/novexpert-magnesium-fluide-douceur-hydro-biotique-30-ml\/","title":{"rendered":"Novexpert Magn\u00e9sium Fluide Douceur Hydro-Biotique \u2013 30 ml"},"content":{"rendered":"<div aria-labelledby=\"tab-title-description\" class=\"woocommerce-Tabs-panel woocommerce-Tabs-panel--description panel entry-content wc-tab\" id=\"tab-description\" role=\"tabpanel\" style=\"\">\n<h2>Description<\/h2>\n<p>Description<br \/>\nNovexpert Magn\u00e9sium Fluide Douceur Hydro-Biotique 30 ml est un soin 2en1 \u00e0 la texture l\u00e9g\u00e8re, hydratant intense et ultra-apaisant pour les peaux sensibles :<br \/>\n\u2013 il renforce le film hydro-lipidique : les om\u00e9gas 3 issus de l\u2019huile de cam\u00e9line associ\u00e9s \u00e0 l\u2019acide hyaluronique et au magn\u00e9sium prot\u00e8gent et hydratent durablement la peau,<br \/>\n\u2013 il dynamise la flore microbiotique : des pr\u00e9biotiques cibl\u00e9s nourrissent la flore cutan\u00e9e protectrice.<br \/>\nHypoallerg\u00e9nique.<br \/>\n0% : conservateurs, parab\u00e8nes, ph\u00e9noxy\u00e9thanol, silicones, huiles min\u00e9rales, PEG, ingr\u00e9dients d\u2019origine animale.<br \/>\nCosm\u00e9tique biologique certifi\u00e9 par Ecocert.<\/p>\n<p>Conseils d\u2019utilisation<br \/>\nAppliquer matin et\/ou soir sur le visage.<br \/>\nLaisser p\u00e9n\u00e9trer 5 minutes avant le maquillage.<\/p>\n<p>Indication<br \/>\nSoin hydratant. Peaux normales \u00e0 mixtes.<\/p>\n<p>Composition<br \/>\nAqua (Water)*, Glycerin*, Dicaprylyl Ether*, Octyldodecanol* Propanediol*, Caprylic\/Capric Triglyceride*, Arachidyl Alcohol* Sodium PCA*, Glyceryl Stearate*, Parfum (Fragrance)*, Behenyl Alcohol*, Alpha-Glucan Oligosaccharide*, C10-18 Triglycerides*, Magnesium PCA*, Sodium Hyaluronate*, Aloe Barbadensis Leaf Juice*\u00b0, Camelina Sativa Seed Oil*, Lactobacillus Ferment*, Oenothera Biennis (Evening Primrose) Seed Extract*\u00b0, Sodium Lactate*, Arginine*, Saccharide Isomerate*, Arachidyl Glucoside*, Glyceryl Behenate*, Glyceryl Caprylate*, Xanthan Gum*, Helianthus Annuus (Sunflower) Seel Oil*, Bentonite*, Sclerotium Gum*, Trihydroxystearin*, Laminaria Ochroleuca Extract*, Biosachharide Gum-2*, Tocopherol*, Citric Acid, Phytic Acid*, Sodium Citrate*, Rosmarinus Officinalis (Rosemary) Leaf Extract*\u00b0.<br \/>\n* 100% des ingr\u00e9dients sont d\u2019origine naturelle.<br \/>\n\u00b0 ingr\u00e9dient issu de l\u2019agriculture Biologique.<\/p>\n<\/div>","protected":false},"excerpt":{"rendered":"<p>Highlights:\u00c7a pique, \u00e7a chauffe et \u00e7a tire\u2026 La peau sensible est une \u2018\u2019rebelle\u2018\u2019 qui exige un soin expert. Une formule \u2018\u2019anti-stress\u2018\u2019 imagin\u00e9e par le plus Zen de nos docteurs.<\/p>","protected":false},"featured_media":50759,"comment_status":"open","ping_status":"closed","template":"","meta":[],"pwb-brand":[1593],"product_cat":[16],"product_tag":[],"class_list":{"0":"post-50758","1":"product","2":"type-product","3":"status-publish","4":"has-post-thumbnail","6":"pwb-brand-novexpert","7":"product_cat-non-classe","8":"pa_brands-novexpert","10":"first","11":"instock","12":"sale","13":"shipping-taxable","14":"purchasable","15":"product-type-simple"},"yoast_head":"<!-- This site is optimized with the Yoast SEO plugin v27.5 - https:\/\/yoast.com\/product\/yoast-seo-wordpress\/ -->\n<title>Novexpert Magn\u00e9sium Fluide Douceur Hydro-Biotique \u2013 30 ml - paragaleriedetalborjt<\/title>\n<meta name=\"robots\" content=\"index, follow, max-snippet:-1, max-image-preview:large, max-video-preview:-1\" \/>\n<link rel=\"canonical\" href=\"https:\/\/paragaleriedetalborjt.com\/en\/boutique\/novexpert-magnesium-fluide-douceur-hydro-biotique-30-ml\/\" \/>\n<meta property=\"og:locale\" content=\"en_US\" \/>\n<meta property=\"og:type\" content=\"article\" \/>\n<meta property=\"og:title\" content=\"Novexpert Magn\u00e9sium Fluide Douceur Hydro-Biotique \u2013 30 ml - paragaleriedetalborjt\" \/>\n<meta property=\"og:description\" content=\"Highlights:\u00c7a pique, \u00e7a chauffe et \u00e7a tire\u2026 La peau sensible est une \u2018\u2019rebelle\u2018\u2019 qui exige un soin expert. Une formule \u2018\u2019anti-stress\u2018\u2019 imagin\u00e9e par le plus Zen de nos docteurs.\" \/>\n<meta property=\"og:url\" content=\"https:\/\/paragaleriedetalborjt.com\/en\/boutique\/novexpert-magnesium-fluide-douceur-hydro-biotique-30-ml\/\" \/>\n<meta property=\"og:site_name\" content=\"paragaleriedetalborjt\" \/>\n<meta property=\"article:modified_time\" content=\"2026-01-04T18:46:00+00:00\" \/>\n<meta property=\"og:image\" content=\"https:\/\/paragaleriedetalborjt.com\/wp-content\/uploads\/2026\/01\/3661467002302.jpg\" \/>\n\t<meta property=\"og:image:width\" content=\"595\" \/>\n\t<meta property=\"og:image:height\" content=\"655\" \/>\n\t<meta property=\"og:image:type\" content=\"image\/jpeg\" \/>\n<meta name=\"twitter:card\" content=\"summary_large_image\" \/>\n<meta name=\"twitter:label1\" content=\"Est. reading time\" \/>\n\t<meta name=\"twitter:data1\" content=\"1 minute\" \/>\n<script type=\"application\/ld+json\" class=\"yoast-schema-graph\">{\"@context\":\"https:\\\/\\\/schema.org\",\"@graph\":[{\"@type\":\"WebPage\",\"@id\":\"https:\\\/\\\/paragaleriedetalborjt.com\\\/boutique\\\/novexpert-magnesium-fluide-douceur-hydro-biotique-30-ml\\\/\",\"url\":\"https:\\\/\\\/paragaleriedetalborjt.com\\\/boutique\\\/novexpert-magnesium-fluide-douceur-hydro-biotique-30-ml\\\/\",\"name\":\"Novexpert Magn\u00e9sium Fluide Douceur Hydro-Biotique \u2013 30 ml - paragaleriedetalborjt\",\"isPartOf\":{\"@id\":\"https:\\\/\\\/paragaleriedetalborjt.com\\\/#website\"},\"primaryImageOfPage\":{\"@id\":\"https:\\\/\\\/paragaleriedetalborjt.com\\\/boutique\\\/novexpert-magnesium-fluide-douceur-hydro-biotique-30-ml\\\/#primaryimage\"},\"image\":{\"@id\":\"https:\\\/\\\/paragaleriedetalborjt.com\\\/boutique\\\/novexpert-magnesium-fluide-douceur-hydro-biotique-30-ml\\\/#primaryimage\"},\"thumbnailUrl\":\"https:\\\/\\\/paragaleriedetalborjt.com\\\/wp-content\\\/uploads\\\/2026\\\/01\\\/3661467002302.jpg\",\"datePublished\":\"2026-01-04T16:58:15+00:00\",\"dateModified\":\"2026-01-04T18:46:00+00:00\",\"breadcrumb\":{\"@id\":\"https:\\\/\\\/paragaleriedetalborjt.com\\\/boutique\\\/novexpert-magnesium-fluide-douceur-hydro-biotique-30-ml\\\/#breadcrumb\"},\"inLanguage\":\"en-US\",\"potentialAction\":[{\"@type\":\"ReadAction\",\"target\":[\"https:\\\/\\\/paragaleriedetalborjt.com\\\/boutique\\\/novexpert-magnesium-fluide-douceur-hydro-biotique-30-ml\\\/\"]}]},{\"@type\":\"ImageObject\",\"inLanguage\":\"en-US\",\"@id\":\"https:\\\/\\\/paragaleriedetalborjt.com\\\/boutique\\\/novexpert-magnesium-fluide-douceur-hydro-biotique-30-ml\\\/#primaryimage\",\"url\":\"https:\\\/\\\/paragaleriedetalborjt.com\\\/wp-content\\\/uploads\\\/2026\\\/01\\\/3661467002302.jpg\",\"contentUrl\":\"https:\\\/\\\/paragaleriedetalborjt.com\\\/wp-content\\\/uploads\\\/2026\\\/01\\\/3661467002302.jpg\",\"width\":595,\"height\":655},{\"@type\":\"BreadcrumbList\",\"@id\":\"https:\\\/\\\/paragaleriedetalborjt.com\\\/boutique\\\/novexpert-magnesium-fluide-douceur-hydro-biotique-30-ml\\\/#breadcrumb\",\"itemListElement\":[{\"@type\":\"ListItem\",\"position\":1,\"name\":\"Accueil\",\"item\":\"https:\\\/\\\/paragaleriedetalborjt.com\\\/\"},{\"@type\":\"ListItem\",\"position\":2,\"name\":\"Boutique\",\"item\":\"https:\\\/\\\/paragaleriedetalborjt.com\\\/boutique\\\/\"},{\"@type\":\"ListItem\",\"position\":3,\"name\":\"Novexpert Magn\u00e9sium Fluide Douceur Hydro-Biotique \u2013 30 ml\"}]},{\"@type\":\"WebSite\",\"@id\":\"https:\\\/\\\/paragaleriedetalborjt.com\\\/#website\",\"url\":\"https:\\\/\\\/paragaleriedetalborjt.com\\\/\",\"name\":\"paragaleriedetalborjt\",\"description\":\"\",\"potentialAction\":[{\"@type\":\"SearchAction\",\"target\":{\"@type\":\"EntryPoint\",\"urlTemplate\":\"https:\\\/\\\/paragaleriedetalborjt.com\\\/?s={search_term_string}\"},\"query-input\":{\"@type\":\"PropertyValueSpecification\",\"valueRequired\":true,\"valueName\":\"search_term_string\"}}],\"inLanguage\":\"en-US\"}]}<\/script>\n<!-- \/ Yoast SEO plugin. -->","yoast_head_json":{"title":"Novexpert Magn\u00e9sium Fluide Douceur Hydro-Biotique \u2013 30 ml - paragaleriedetalborjt","robots":{"index":"index","follow":"follow","max-snippet":"max-snippet:-1","max-image-preview":"max-image-preview:large","max-video-preview":"max-video-preview:-1"},"canonical":"https:\/\/paragaleriedetalborjt.com\/en\/boutique\/novexpert-magnesium-fluide-douceur-hydro-biotique-30-ml\/","og_locale":"en_US","og_type":"article","og_title":"Novexpert Magn\u00e9sium Fluide Douceur Hydro-Biotique \u2013 30 ml - paragaleriedetalborjt","og_description":"Highlights:\u00c7a pique, \u00e7a chauffe et \u00e7a tire\u2026 La peau sensible est une \u2018\u2019rebelle\u2018\u2019 qui exige un soin expert. Une formule \u2018\u2019anti-stress\u2018\u2019 imagin\u00e9e par le plus Zen de nos docteurs.","og_url":"https:\/\/paragaleriedetalborjt.com\/en\/boutique\/novexpert-magnesium-fluide-douceur-hydro-biotique-30-ml\/","og_site_name":"paragaleriedetalborjt","article_modified_time":"2026-01-04T18:46:00+00:00","og_image":[{"width":595,"height":655,"url":"https:\/\/paragaleriedetalborjt.com\/wp-content\/uploads\/2026\/01\/3661467002302.jpg","type":"image\/jpeg"}],"twitter_card":"summary_large_image","twitter_misc":{"Est. reading time":"1 minute"},"schema":{"@context":"https:\/\/schema.org","@graph":[{"@type":"WebPage","@id":"https:\/\/paragaleriedetalborjt.com\/boutique\/novexpert-magnesium-fluide-douceur-hydro-biotique-30-ml\/","url":"https:\/\/paragaleriedetalborjt.com\/boutique\/novexpert-magnesium-fluide-douceur-hydro-biotique-30-ml\/","name":"Novexpert Magn\u00e9sium Fluide Douceur Hydro-Biotique \u2013 30 ml - paragaleriedetalborjt","isPartOf":{"@id":"https:\/\/paragaleriedetalborjt.com\/#website"},"primaryImageOfPage":{"@id":"https:\/\/paragaleriedetalborjt.com\/boutique\/novexpert-magnesium-fluide-douceur-hydro-biotique-30-ml\/#primaryimage"},"image":{"@id":"https:\/\/paragaleriedetalborjt.com\/boutique\/novexpert-magnesium-fluide-douceur-hydro-biotique-30-ml\/#primaryimage"},"thumbnailUrl":"https:\/\/paragaleriedetalborjt.com\/wp-content\/uploads\/2026\/01\/3661467002302.jpg","datePublished":"2026-01-04T16:58:15+00:00","dateModified":"2026-01-04T18:46:00+00:00","breadcrumb":{"@id":"https:\/\/paragaleriedetalborjt.com\/boutique\/novexpert-magnesium-fluide-douceur-hydro-biotique-30-ml\/#breadcrumb"},"inLanguage":"en-US","potentialAction":[{"@type":"ReadAction","target":["https:\/\/paragaleriedetalborjt.com\/boutique\/novexpert-magnesium-fluide-douceur-hydro-biotique-30-ml\/"]}]},{"@type":"ImageObject","inLanguage":"en-US","@id":"https:\/\/paragaleriedetalborjt.com\/boutique\/novexpert-magnesium-fluide-douceur-hydro-biotique-30-ml\/#primaryimage","url":"https:\/\/paragaleriedetalborjt.com\/wp-content\/uploads\/2026\/01\/3661467002302.jpg","contentUrl":"https:\/\/paragaleriedetalborjt.com\/wp-content\/uploads\/2026\/01\/3661467002302.jpg","width":595,"height":655},{"@type":"BreadcrumbList","@id":"https:\/\/paragaleriedetalborjt.com\/boutique\/novexpert-magnesium-fluide-douceur-hydro-biotique-30-ml\/#breadcrumb","itemListElement":[{"@type":"ListItem","position":1,"name":"Accueil","item":"https:\/\/paragaleriedetalborjt.com\/"},{"@type":"ListItem","position":2,"name":"Boutique","item":"https:\/\/paragaleriedetalborjt.com\/boutique\/"},{"@type":"ListItem","position":3,"name":"Novexpert Magn\u00e9sium Fluide Douceur Hydro-Biotique \u2013 30 ml"}]},{"@type":"WebSite","@id":"https:\/\/paragaleriedetalborjt.com\/#website","url":"https:\/\/paragaleriedetalborjt.com\/","name":"paragaleriedetalborjt","description":"","potentialAction":[{"@type":"SearchAction","target":{"@type":"EntryPoint","urlTemplate":"https:\/\/paragaleriedetalborjt.com\/?s={search_term_string}"},"query-input":{"@type":"PropertyValueSpecification","valueRequired":true,"valueName":"search_term_string"}}],"inLanguage":"en-US"}]}},"brands":[{"id":1593,"name":"NOVEXPERT","slug":"novexpert"}],"_links":{"self":[{"href":"https:\/\/paragaleriedetalborjt.com\/en\/wp-json\/wp\/v2\/product\/50758","targetHints":{"allow":["GET"]}}],"collection":[{"href":"https:\/\/paragaleriedetalborjt.com\/en\/wp-json\/wp\/v2\/product"}],"about":[{"href":"https:\/\/paragaleriedetalborjt.com\/en\/wp-json\/wp\/v2\/types\/product"}],"replies":[{"embeddable":true,"href":"https:\/\/paragaleriedetalborjt.com\/en\/wp-json\/wp\/v2\/comments?post=50758"}],"version-history":[{"count":1,"href":"https:\/\/paragaleriedetalborjt.com\/en\/wp-json\/wp\/v2\/product\/50758\/revisions"}],"predecessor-version":[{"id":50760,"href":"https:\/\/paragaleriedetalborjt.com\/en\/wp-json\/wp\/v2\/product\/50758\/revisions\/50760"}],"wp:featuredmedia":[{"embeddable":true,"href":"https:\/\/paragaleriedetalborjt.com\/en\/wp-json\/wp\/v2\/media\/50759"}],"wp:attachment":[{"href":"https:\/\/paragaleriedetalborjt.com\/en\/wp-json\/wp\/v2\/media?parent=50758"}],"wp:term":[{"taxonomy":"pwb-brand","embeddable":true,"href":"https:\/\/paragaleriedetalborjt.com\/en\/wp-json\/wp\/v2\/pwb-brand?post=50758"},{"taxonomy":"product_cat","embeddable":true,"href":"https:\/\/paragaleriedetalborjt.com\/en\/wp-json\/wp\/v2\/product_cat?post=50758"},{"taxonomy":"product_tag","embeddable":true,"href":"https:\/\/paragaleriedetalborjt.com\/en\/wp-json\/wp\/v2\/product_tag?post=50758"}],"curies":[{"name":"wp","href":"https:\/\/api.w.org\/{rel}","templated":true}]}}