{"id":50740,"date":"2026-01-04T17:57:28","date_gmt":"2026-01-04T16:57:28","guid":{"rendered":"https:\/\/paragaleriedetalborjt.com\/?post_type=product&#038;p=50740"},"modified":"2026-01-04T19:45:59","modified_gmt":"2026-01-04T18:45:59","slug":"novexpert-magnesium-gommage-douceur-hydro-biotique-60-ml","status":"publish","type":"product","link":"https:\/\/paragaleriedetalborjt.com\/en\/boutique\/novexpert-magnesium-gommage-douceur-hydro-biotique-60-ml\/","title":{"rendered":"Novexpert Magnesium Gommage Douceur Hydro-Biotique \u2013 60 ml"},"content":{"rendered":"<div aria-labelledby=\"tab-title-description\" class=\"woocommerce-Tabs-panel woocommerce-Tabs-panel--description panel entry-content wc-tab\" id=\"tab-description\" role=\"tabpanel\" style=\"\">\n<h2>Description<\/h2>\n<p>Description<br \/>\nNovexpert Magnesium Gommage Douceur Hydro-Biotique 60 ml est un soin gommant qui donne un effet \u00ab\u00a0peau neuve\u00a0\u00bb tout en douceur. Soyeux et cr\u00e9meux \u00e0 l\u2019effet velours, il est non ass\u00e9chant, non irritant, non moussant. Il convient pour le visage et les l\u00e8vres et m\u00eame aux peaux sensibles.<br \/>\nHypoallerg\u00e9nique.<br \/>\nCosmos Natural certifi\u00e9 par Ecocert Greenlife selon le r\u00e9f\u00e9rentiel Cosmos.<br \/>\n12% du total des ingr\u00e9dients sont issus de l\u2019agriculture Biologique.<\/p>\n<p>Conseils d\u2019utilisation<br \/>\nAppliquer 1 \u00e0 2 fois par semaine sur le visage avec un peu d\u2019eau, masser puis rincer.<br \/>\nEviter le contact avec les yeux.<\/p>\n<p>Indication<br \/>\nSoin exfoliant Visage et L\u00e8vres. Peaux sensibles.<\/p>\n<p>Composition<br \/>\nAqua (Water)*, C10-18 Triglycerides*, Butylene Glycol*, Helianthus Annuus (Sunflower) Seed Oil*\u00b0, Glycerin*, Jojoba Esters*, Palmitic Acid*, Stearic Acid*, Bambusa Arundinacea Stern Extract*, Glyceryl Stearate*, Lactobacillus Ferment*, Lauryl Glucoside* Polyglyceryl-2 Dipolyhydroxystearate*, Parfum (Fragrance)*, Coco-Caprylate\/Caprate*, Magnesium PCA*, Aloe Barbadensis Leaf Juice*\u00b0, Alpha-Glucan Oligosaccharide*, Sodium PCA*, Trhydroxystearin*, Xanthan Gum*, Citric Acid* Glyceryl Caprylate*, Arginine*, Sclerotium Gum*, Phytic Acid*, Tocopherol*.<br \/>\n*100% du total des ingr\u00e9dients sont d\u2019origine naturelle.<br \/>\n\u00b0 issu de l\u2019agriculture Biologique.<\/p>\n<\/div>","protected":false},"excerpt":{"rendered":"<p>Highlights:Un gommage c\u2019est forc\u00e9ment efficace. Mais c\u00f4t\u00e9 hydratation, confort et douceur, le gommage est souvent aux abonn\u00e9s absents. Plus maintenant avec le Gommage Douceur Hydro-Biotique !<\/p>","protected":false},"featured_media":50741,"comment_status":"open","ping_status":"closed","template":"","meta":[],"pwb-brand":[1593],"product_cat":[16],"product_tag":[],"class_list":{"0":"post-50740","1":"product","2":"type-product","3":"status-publish","4":"has-post-thumbnail","6":"pwb-brand-novexpert","7":"product_cat-non-classe","8":"pa_brands-novexpert","10":"first","11":"instock","12":"sale","13":"shipping-taxable","14":"purchasable","15":"product-type-simple"},"yoast_head":"<!-- This site is optimized with the Yoast SEO plugin v27.5 - https:\/\/yoast.com\/product\/yoast-seo-wordpress\/ -->\n<title>Novexpert Magnesium Gommage Douceur Hydro-Biotique \u2013 60 ml - paragaleriedetalborjt<\/title>\n<meta name=\"robots\" content=\"index, follow, max-snippet:-1, max-image-preview:large, max-video-preview:-1\" \/>\n<link rel=\"canonical\" href=\"https:\/\/paragaleriedetalborjt.com\/en\/boutique\/novexpert-magnesium-gommage-douceur-hydro-biotique-60-ml\/\" \/>\n<meta property=\"og:locale\" content=\"en_US\" \/>\n<meta property=\"og:type\" content=\"article\" \/>\n<meta property=\"og:title\" content=\"Novexpert Magnesium Gommage Douceur Hydro-Biotique \u2013 60 ml - paragaleriedetalborjt\" \/>\n<meta property=\"og:description\" content=\"Highlights:Un gommage c\u2019est forc\u00e9ment efficace. Mais c\u00f4t\u00e9 hydratation, confort et douceur, le gommage est souvent aux abonn\u00e9s absents. Plus maintenant avec le Gommage Douceur Hydro-Biotique !\" \/>\n<meta property=\"og:url\" content=\"https:\/\/paragaleriedetalborjt.com\/en\/boutique\/novexpert-magnesium-gommage-douceur-hydro-biotique-60-ml\/\" \/>\n<meta property=\"og:site_name\" content=\"paragaleriedetalborjt\" \/>\n<meta property=\"article:modified_time\" content=\"2026-01-04T18:45:59+00:00\" \/>\n<meta property=\"og:image\" content=\"https:\/\/paragaleriedetalborjt.com\/wp-content\/uploads\/2026\/01\/3661467002494.jpg\" \/>\n\t<meta property=\"og:image:width\" content=\"595\" \/>\n\t<meta property=\"og:image:height\" content=\"655\" \/>\n\t<meta property=\"og:image:type\" content=\"image\/jpeg\" \/>\n<meta name=\"twitter:card\" content=\"summary_large_image\" \/>\n<meta name=\"twitter:label1\" content=\"Est. reading time\" \/>\n\t<meta name=\"twitter:data1\" content=\"1 minute\" \/>\n<script type=\"application\/ld+json\" class=\"yoast-schema-graph\">{\"@context\":\"https:\\\/\\\/schema.org\",\"@graph\":[{\"@type\":\"WebPage\",\"@id\":\"https:\\\/\\\/paragaleriedetalborjt.com\\\/boutique\\\/novexpert-magnesium-gommage-douceur-hydro-biotique-60-ml\\\/\",\"url\":\"https:\\\/\\\/paragaleriedetalborjt.com\\\/boutique\\\/novexpert-magnesium-gommage-douceur-hydro-biotique-60-ml\\\/\",\"name\":\"Novexpert Magnesium Gommage Douceur Hydro-Biotique \u2013 60 ml - paragaleriedetalborjt\",\"isPartOf\":{\"@id\":\"https:\\\/\\\/paragaleriedetalborjt.com\\\/#website\"},\"primaryImageOfPage\":{\"@id\":\"https:\\\/\\\/paragaleriedetalborjt.com\\\/boutique\\\/novexpert-magnesium-gommage-douceur-hydro-biotique-60-ml\\\/#primaryimage\"},\"image\":{\"@id\":\"https:\\\/\\\/paragaleriedetalborjt.com\\\/boutique\\\/novexpert-magnesium-gommage-douceur-hydro-biotique-60-ml\\\/#primaryimage\"},\"thumbnailUrl\":\"https:\\\/\\\/paragaleriedetalborjt.com\\\/wp-content\\\/uploads\\\/2026\\\/01\\\/3661467002494.jpg\",\"datePublished\":\"2026-01-04T16:57:28+00:00\",\"dateModified\":\"2026-01-04T18:45:59+00:00\",\"breadcrumb\":{\"@id\":\"https:\\\/\\\/paragaleriedetalborjt.com\\\/boutique\\\/novexpert-magnesium-gommage-douceur-hydro-biotique-60-ml\\\/#breadcrumb\"},\"inLanguage\":\"en-US\",\"potentialAction\":[{\"@type\":\"ReadAction\",\"target\":[\"https:\\\/\\\/paragaleriedetalborjt.com\\\/boutique\\\/novexpert-magnesium-gommage-douceur-hydro-biotique-60-ml\\\/\"]}]},{\"@type\":\"ImageObject\",\"inLanguage\":\"en-US\",\"@id\":\"https:\\\/\\\/paragaleriedetalborjt.com\\\/boutique\\\/novexpert-magnesium-gommage-douceur-hydro-biotique-60-ml\\\/#primaryimage\",\"url\":\"https:\\\/\\\/paragaleriedetalborjt.com\\\/wp-content\\\/uploads\\\/2026\\\/01\\\/3661467002494.jpg\",\"contentUrl\":\"https:\\\/\\\/paragaleriedetalborjt.com\\\/wp-content\\\/uploads\\\/2026\\\/01\\\/3661467002494.jpg\",\"width\":595,\"height\":655},{\"@type\":\"BreadcrumbList\",\"@id\":\"https:\\\/\\\/paragaleriedetalborjt.com\\\/boutique\\\/novexpert-magnesium-gommage-douceur-hydro-biotique-60-ml\\\/#breadcrumb\",\"itemListElement\":[{\"@type\":\"ListItem\",\"position\":1,\"name\":\"Accueil\",\"item\":\"https:\\\/\\\/paragaleriedetalborjt.com\\\/\"},{\"@type\":\"ListItem\",\"position\":2,\"name\":\"Boutique\",\"item\":\"https:\\\/\\\/paragaleriedetalborjt.com\\\/boutique\\\/\"},{\"@type\":\"ListItem\",\"position\":3,\"name\":\"Novexpert Magnesium Gommage Douceur Hydro-Biotique \u2013 60 ml\"}]},{\"@type\":\"WebSite\",\"@id\":\"https:\\\/\\\/paragaleriedetalborjt.com\\\/#website\",\"url\":\"https:\\\/\\\/paragaleriedetalborjt.com\\\/\",\"name\":\"paragaleriedetalborjt\",\"description\":\"\",\"potentialAction\":[{\"@type\":\"SearchAction\",\"target\":{\"@type\":\"EntryPoint\",\"urlTemplate\":\"https:\\\/\\\/paragaleriedetalborjt.com\\\/?s={search_term_string}\"},\"query-input\":{\"@type\":\"PropertyValueSpecification\",\"valueRequired\":true,\"valueName\":\"search_term_string\"}}],\"inLanguage\":\"en-US\"}]}<\/script>\n<!-- \/ Yoast SEO plugin. -->","yoast_head_json":{"title":"Novexpert Magnesium Gommage Douceur Hydro-Biotique \u2013 60 ml - paragaleriedetalborjt","robots":{"index":"index","follow":"follow","max-snippet":"max-snippet:-1","max-image-preview":"max-image-preview:large","max-video-preview":"max-video-preview:-1"},"canonical":"https:\/\/paragaleriedetalborjt.com\/en\/boutique\/novexpert-magnesium-gommage-douceur-hydro-biotique-60-ml\/","og_locale":"en_US","og_type":"article","og_title":"Novexpert Magnesium Gommage Douceur Hydro-Biotique \u2013 60 ml - paragaleriedetalborjt","og_description":"Highlights:Un gommage c\u2019est forc\u00e9ment efficace. Mais c\u00f4t\u00e9 hydratation, confort et douceur, le gommage est souvent aux abonn\u00e9s absents. Plus maintenant avec le Gommage Douceur Hydro-Biotique !","og_url":"https:\/\/paragaleriedetalborjt.com\/en\/boutique\/novexpert-magnesium-gommage-douceur-hydro-biotique-60-ml\/","og_site_name":"paragaleriedetalborjt","article_modified_time":"2026-01-04T18:45:59+00:00","og_image":[{"width":595,"height":655,"url":"https:\/\/paragaleriedetalborjt.com\/wp-content\/uploads\/2026\/01\/3661467002494.jpg","type":"image\/jpeg"}],"twitter_card":"summary_large_image","twitter_misc":{"Est. reading time":"1 minute"},"schema":{"@context":"https:\/\/schema.org","@graph":[{"@type":"WebPage","@id":"https:\/\/paragaleriedetalborjt.com\/boutique\/novexpert-magnesium-gommage-douceur-hydro-biotique-60-ml\/","url":"https:\/\/paragaleriedetalborjt.com\/boutique\/novexpert-magnesium-gommage-douceur-hydro-biotique-60-ml\/","name":"Novexpert Magnesium Gommage Douceur Hydro-Biotique \u2013 60 ml - paragaleriedetalborjt","isPartOf":{"@id":"https:\/\/paragaleriedetalborjt.com\/#website"},"primaryImageOfPage":{"@id":"https:\/\/paragaleriedetalborjt.com\/boutique\/novexpert-magnesium-gommage-douceur-hydro-biotique-60-ml\/#primaryimage"},"image":{"@id":"https:\/\/paragaleriedetalborjt.com\/boutique\/novexpert-magnesium-gommage-douceur-hydro-biotique-60-ml\/#primaryimage"},"thumbnailUrl":"https:\/\/paragaleriedetalborjt.com\/wp-content\/uploads\/2026\/01\/3661467002494.jpg","datePublished":"2026-01-04T16:57:28+00:00","dateModified":"2026-01-04T18:45:59+00:00","breadcrumb":{"@id":"https:\/\/paragaleriedetalborjt.com\/boutique\/novexpert-magnesium-gommage-douceur-hydro-biotique-60-ml\/#breadcrumb"},"inLanguage":"en-US","potentialAction":[{"@type":"ReadAction","target":["https:\/\/paragaleriedetalborjt.com\/boutique\/novexpert-magnesium-gommage-douceur-hydro-biotique-60-ml\/"]}]},{"@type":"ImageObject","inLanguage":"en-US","@id":"https:\/\/paragaleriedetalborjt.com\/boutique\/novexpert-magnesium-gommage-douceur-hydro-biotique-60-ml\/#primaryimage","url":"https:\/\/paragaleriedetalborjt.com\/wp-content\/uploads\/2026\/01\/3661467002494.jpg","contentUrl":"https:\/\/paragaleriedetalborjt.com\/wp-content\/uploads\/2026\/01\/3661467002494.jpg","width":595,"height":655},{"@type":"BreadcrumbList","@id":"https:\/\/paragaleriedetalborjt.com\/boutique\/novexpert-magnesium-gommage-douceur-hydro-biotique-60-ml\/#breadcrumb","itemListElement":[{"@type":"ListItem","position":1,"name":"Accueil","item":"https:\/\/paragaleriedetalborjt.com\/"},{"@type":"ListItem","position":2,"name":"Boutique","item":"https:\/\/paragaleriedetalborjt.com\/boutique\/"},{"@type":"ListItem","position":3,"name":"Novexpert Magnesium Gommage Douceur Hydro-Biotique \u2013 60 ml"}]},{"@type":"WebSite","@id":"https:\/\/paragaleriedetalborjt.com\/#website","url":"https:\/\/paragaleriedetalborjt.com\/","name":"paragaleriedetalborjt","description":"","potentialAction":[{"@type":"SearchAction","target":{"@type":"EntryPoint","urlTemplate":"https:\/\/paragaleriedetalborjt.com\/?s={search_term_string}"},"query-input":{"@type":"PropertyValueSpecification","valueRequired":true,"valueName":"search_term_string"}}],"inLanguage":"en-US"}]}},"brands":[{"id":1593,"name":"NOVEXPERT","slug":"novexpert"}],"_links":{"self":[{"href":"https:\/\/paragaleriedetalborjt.com\/en\/wp-json\/wp\/v2\/product\/50740","targetHints":{"allow":["GET"]}}],"collection":[{"href":"https:\/\/paragaleriedetalborjt.com\/en\/wp-json\/wp\/v2\/product"}],"about":[{"href":"https:\/\/paragaleriedetalborjt.com\/en\/wp-json\/wp\/v2\/types\/product"}],"replies":[{"embeddable":true,"href":"https:\/\/paragaleriedetalborjt.com\/en\/wp-json\/wp\/v2\/comments?post=50740"}],"version-history":[{"count":1,"href":"https:\/\/paragaleriedetalborjt.com\/en\/wp-json\/wp\/v2\/product\/50740\/revisions"}],"predecessor-version":[{"id":50742,"href":"https:\/\/paragaleriedetalborjt.com\/en\/wp-json\/wp\/v2\/product\/50740\/revisions\/50742"}],"wp:featuredmedia":[{"embeddable":true,"href":"https:\/\/paragaleriedetalborjt.com\/en\/wp-json\/wp\/v2\/media\/50741"}],"wp:attachment":[{"href":"https:\/\/paragaleriedetalborjt.com\/en\/wp-json\/wp\/v2\/media?parent=50740"}],"wp:term":[{"taxonomy":"pwb-brand","embeddable":true,"href":"https:\/\/paragaleriedetalborjt.com\/en\/wp-json\/wp\/v2\/pwb-brand?post=50740"},{"taxonomy":"product_cat","embeddable":true,"href":"https:\/\/paragaleriedetalborjt.com\/en\/wp-json\/wp\/v2\/product_cat?post=50740"},{"taxonomy":"product_tag","embeddable":true,"href":"https:\/\/paragaleriedetalborjt.com\/en\/wp-json\/wp\/v2\/product_tag?post=50740"}],"curies":[{"name":"wp","href":"https:\/\/api.w.org\/{rel}","templated":true}]}}