{"id":50737,"date":"2026-01-04T17:57:20","date_gmt":"2026-01-04T16:57:20","guid":{"rendered":"https:\/\/paragaleriedetalborjt.com\/?post_type=product&#038;p=50737"},"modified":"2026-01-04T19:45:59","modified_gmt":"2026-01-04T18:45:59","slug":"novexpert-magnesium-masque-detox-a-la-creme-dargile-rose-75-ml","status":"publish","type":"product","link":"https:\/\/paragaleriedetalborjt.com\/en\/boutique\/novexpert-magnesium-masque-detox-a-la-creme-dargile-rose-75-ml\/","title":{"rendered":"Novexpert Magn\u00e9sium Masque D\u00e9tox \u00e0 la Cr\u00e8me d\u2019Argile Rose \u2013 75 ml"},"content":{"rendered":"<div aria-labelledby=\"tab-title-description\" class=\"woocommerce-Tabs-panel woocommerce-Tabs-panel--description panel entry-content wc-tab\" id=\"tab-description\" role=\"tabpanel\" style=\"\">\n<h2>Description<\/h2>\n<p>Description<br \/>\nNovexpert Magn\u00e9sium Masque D\u00e9tox \u00e0 la Cr\u00e8me d\u2019Argile Rose 75 ml est un soin d\u00e9tox \u00e0 base de cr\u00e8me d\u2019argile rose qui lib\u00e8re les pores en douceur pour un teint frais et oxyg\u00e9n\u00e9. Il procure un effet \u00ab\u00a0peau de p\u00eache\u00a0\u00bb visible gr\u00e2ce au trio d\u2019actifs naturels : aloe vera, pr\u00e9biotiques et magn\u00e9sium. Il convient aux peaux sensibles.<br \/>\nHypoallerg\u00e9nique.<br \/>\nCosm\u00e9tique \u00e9cologique et biologique certifi\u00e9 par Ecocert Greenlife selon le r\u00e9f\u00e9rentiel Ecocert.<br \/>\n20,5% du total des ingr\u00e9dients sont issus de l\u2019agriculture Biologique.<\/p>\n<p>Conseils d\u2019utilisation<br \/>\nAppliquer 1 \u00e0 2 fois par semaine sur une peau propre et s\u00e8che.<br \/>\nLaisser agir 10 minutes puis rincer.<br \/>\nEviter le contour des yeux.<\/p>\n<p>Indication<br \/>\nSoin exfoliant. Tous types de peaux.<\/p>\n<p>Composition<br \/>\nAqua (Water)*, Glycerin*, Kaolin*, Glyceryl Stearate*, Butylene Glycol*, Helianthus Annuus (Sunflower) Seed Oil*, Palmitic Acid*, Stearic Acid*, Cetearyl Alcohol*, Lactobacillus Ferment*, Parfum (Fragrance)*, Potassium Palmitoyl Hydrolyzed Wheat Protein*, Magnesium PCA*, Prunica Granatum Extract*\u00b0, Alpha-Glucan Oligosaccharide*, Oleic\/Linoleic\/Linolenic Polyglycerides*, Aloe Barbadensis Leaf Juice*, Glyceryl Caprylate*, Xanthan Gum*, PCA Ethyl Cocoyl Arginate*, Phytic Acid*, Oenothera Biennis (Evening Primrose) Seed Extract*\u00b0, Arginine*, Citric Acid*, Mica*, Montmorillonite*, Tocopherol*, Rosmarinus Officinalis (Rosemary) Leaf Extract*\u00b0.<br \/>\n*100% du total des ingr\u00e9dients sont d\u2019origine naturelle.<br \/>\n\u00b0 ingr\u00e9dient issu de l\u2019agriculture Biologique.<\/p>\n<\/div>","protected":false},"excerpt":{"rendered":"<p>Highlights:Votre peau est comme vous : elle respire mais pas forc\u00e9ment un air sain. Le Masque D\u00e9tox agit comme une cure d\u2019oxyg\u00e9nation pour un teint frais et repos\u00e9 en quelques minutes.<\/p>","protected":false},"featured_media":50738,"comment_status":"open","ping_status":"closed","template":"","meta":[],"pwb-brand":[1593],"product_cat":[16],"product_tag":[],"class_list":{"0":"post-50737","1":"product","2":"type-product","3":"status-publish","4":"has-post-thumbnail","6":"pwb-brand-novexpert","7":"product_cat-non-classe","8":"pa_brands-novexpert","10":"first","11":"instock","12":"sale","13":"shipping-taxable","14":"purchasable","15":"product-type-simple"},"yoast_head":"<!-- This site is optimized with the Yoast SEO plugin v27.5 - https:\/\/yoast.com\/product\/yoast-seo-wordpress\/ -->\n<title>Novexpert Magn\u00e9sium Masque D\u00e9tox \u00e0 la Cr\u00e8me d\u2019Argile Rose \u2013 75 ml - paragaleriedetalborjt<\/title>\n<meta name=\"robots\" content=\"index, follow, max-snippet:-1, max-image-preview:large, max-video-preview:-1\" \/>\n<link rel=\"canonical\" href=\"https:\/\/paragaleriedetalborjt.com\/en\/boutique\/novexpert-magnesium-masque-detox-a-la-creme-dargile-rose-75-ml\/\" \/>\n<meta property=\"og:locale\" content=\"en_US\" \/>\n<meta property=\"og:type\" content=\"article\" \/>\n<meta property=\"og:title\" content=\"Novexpert Magn\u00e9sium Masque D\u00e9tox \u00e0 la Cr\u00e8me d\u2019Argile Rose \u2013 75 ml - paragaleriedetalborjt\" \/>\n<meta property=\"og:description\" content=\"Highlights:Votre peau est comme vous : elle respire mais pas forc\u00e9ment un air sain. Le Masque D\u00e9tox agit comme une cure d\u2019oxyg\u00e9nation pour un teint frais et repos\u00e9 en quelques minutes.\" \/>\n<meta property=\"og:url\" content=\"https:\/\/paragaleriedetalborjt.com\/en\/boutique\/novexpert-magnesium-masque-detox-a-la-creme-dargile-rose-75-ml\/\" \/>\n<meta property=\"og:site_name\" content=\"paragaleriedetalborjt\" \/>\n<meta property=\"article:modified_time\" content=\"2026-01-04T18:45:59+00:00\" \/>\n<meta property=\"og:image\" content=\"https:\/\/paragaleriedetalborjt.com\/wp-content\/uploads\/2026\/01\/3661467002463.jpg\" \/>\n\t<meta property=\"og:image:width\" content=\"595\" \/>\n\t<meta property=\"og:image:height\" content=\"655\" \/>\n\t<meta property=\"og:image:type\" content=\"image\/jpeg\" \/>\n<meta name=\"twitter:card\" content=\"summary_large_image\" \/>\n<meta name=\"twitter:label1\" content=\"Est. reading time\" \/>\n\t<meta name=\"twitter:data1\" content=\"1 minute\" \/>\n<script type=\"application\/ld+json\" class=\"yoast-schema-graph\">{\"@context\":\"https:\\\/\\\/schema.org\",\"@graph\":[{\"@type\":\"WebPage\",\"@id\":\"https:\\\/\\\/paragaleriedetalborjt.com\\\/boutique\\\/novexpert-magnesium-masque-detox-a-la-creme-dargile-rose-75-ml\\\/\",\"url\":\"https:\\\/\\\/paragaleriedetalborjt.com\\\/boutique\\\/novexpert-magnesium-masque-detox-a-la-creme-dargile-rose-75-ml\\\/\",\"name\":\"Novexpert Magn\u00e9sium Masque D\u00e9tox \u00e0 la Cr\u00e8me d\u2019Argile Rose \u2013 75 ml - paragaleriedetalborjt\",\"isPartOf\":{\"@id\":\"https:\\\/\\\/paragaleriedetalborjt.com\\\/#website\"},\"primaryImageOfPage\":{\"@id\":\"https:\\\/\\\/paragaleriedetalborjt.com\\\/boutique\\\/novexpert-magnesium-masque-detox-a-la-creme-dargile-rose-75-ml\\\/#primaryimage\"},\"image\":{\"@id\":\"https:\\\/\\\/paragaleriedetalborjt.com\\\/boutique\\\/novexpert-magnesium-masque-detox-a-la-creme-dargile-rose-75-ml\\\/#primaryimage\"},\"thumbnailUrl\":\"https:\\\/\\\/paragaleriedetalborjt.com\\\/wp-content\\\/uploads\\\/2026\\\/01\\\/3661467002463.jpg\",\"datePublished\":\"2026-01-04T16:57:20+00:00\",\"dateModified\":\"2026-01-04T18:45:59+00:00\",\"breadcrumb\":{\"@id\":\"https:\\\/\\\/paragaleriedetalborjt.com\\\/boutique\\\/novexpert-magnesium-masque-detox-a-la-creme-dargile-rose-75-ml\\\/#breadcrumb\"},\"inLanguage\":\"en-US\",\"potentialAction\":[{\"@type\":\"ReadAction\",\"target\":[\"https:\\\/\\\/paragaleriedetalborjt.com\\\/boutique\\\/novexpert-magnesium-masque-detox-a-la-creme-dargile-rose-75-ml\\\/\"]}]},{\"@type\":\"ImageObject\",\"inLanguage\":\"en-US\",\"@id\":\"https:\\\/\\\/paragaleriedetalborjt.com\\\/boutique\\\/novexpert-magnesium-masque-detox-a-la-creme-dargile-rose-75-ml\\\/#primaryimage\",\"url\":\"https:\\\/\\\/paragaleriedetalborjt.com\\\/wp-content\\\/uploads\\\/2026\\\/01\\\/3661467002463.jpg\",\"contentUrl\":\"https:\\\/\\\/paragaleriedetalborjt.com\\\/wp-content\\\/uploads\\\/2026\\\/01\\\/3661467002463.jpg\",\"width\":595,\"height\":655},{\"@type\":\"BreadcrumbList\",\"@id\":\"https:\\\/\\\/paragaleriedetalborjt.com\\\/boutique\\\/novexpert-magnesium-masque-detox-a-la-creme-dargile-rose-75-ml\\\/#breadcrumb\",\"itemListElement\":[{\"@type\":\"ListItem\",\"position\":1,\"name\":\"Accueil\",\"item\":\"https:\\\/\\\/paragaleriedetalborjt.com\\\/\"},{\"@type\":\"ListItem\",\"position\":2,\"name\":\"Boutique\",\"item\":\"https:\\\/\\\/paragaleriedetalborjt.com\\\/boutique\\\/\"},{\"@type\":\"ListItem\",\"position\":3,\"name\":\"Novexpert Magn\u00e9sium Masque D\u00e9tox \u00e0 la Cr\u00e8me d\u2019Argile Rose \u2013 75 ml\"}]},{\"@type\":\"WebSite\",\"@id\":\"https:\\\/\\\/paragaleriedetalborjt.com\\\/#website\",\"url\":\"https:\\\/\\\/paragaleriedetalborjt.com\\\/\",\"name\":\"paragaleriedetalborjt\",\"description\":\"\",\"potentialAction\":[{\"@type\":\"SearchAction\",\"target\":{\"@type\":\"EntryPoint\",\"urlTemplate\":\"https:\\\/\\\/paragaleriedetalborjt.com\\\/?s={search_term_string}\"},\"query-input\":{\"@type\":\"PropertyValueSpecification\",\"valueRequired\":true,\"valueName\":\"search_term_string\"}}],\"inLanguage\":\"en-US\"}]}<\/script>\n<!-- \/ Yoast SEO plugin. -->","yoast_head_json":{"title":"Novexpert Magn\u00e9sium Masque D\u00e9tox \u00e0 la Cr\u00e8me d\u2019Argile Rose \u2013 75 ml - paragaleriedetalborjt","robots":{"index":"index","follow":"follow","max-snippet":"max-snippet:-1","max-image-preview":"max-image-preview:large","max-video-preview":"max-video-preview:-1"},"canonical":"https:\/\/paragaleriedetalborjt.com\/en\/boutique\/novexpert-magnesium-masque-detox-a-la-creme-dargile-rose-75-ml\/","og_locale":"en_US","og_type":"article","og_title":"Novexpert Magn\u00e9sium Masque D\u00e9tox \u00e0 la Cr\u00e8me d\u2019Argile Rose \u2013 75 ml - paragaleriedetalborjt","og_description":"Highlights:Votre peau est comme vous : elle respire mais pas forc\u00e9ment un air sain. Le Masque D\u00e9tox agit comme une cure d\u2019oxyg\u00e9nation pour un teint frais et repos\u00e9 en quelques minutes.","og_url":"https:\/\/paragaleriedetalborjt.com\/en\/boutique\/novexpert-magnesium-masque-detox-a-la-creme-dargile-rose-75-ml\/","og_site_name":"paragaleriedetalborjt","article_modified_time":"2026-01-04T18:45:59+00:00","og_image":[{"width":595,"height":655,"url":"https:\/\/paragaleriedetalborjt.com\/wp-content\/uploads\/2026\/01\/3661467002463.jpg","type":"image\/jpeg"}],"twitter_card":"summary_large_image","twitter_misc":{"Est. reading time":"1 minute"},"schema":{"@context":"https:\/\/schema.org","@graph":[{"@type":"WebPage","@id":"https:\/\/paragaleriedetalborjt.com\/boutique\/novexpert-magnesium-masque-detox-a-la-creme-dargile-rose-75-ml\/","url":"https:\/\/paragaleriedetalborjt.com\/boutique\/novexpert-magnesium-masque-detox-a-la-creme-dargile-rose-75-ml\/","name":"Novexpert Magn\u00e9sium Masque D\u00e9tox \u00e0 la Cr\u00e8me d\u2019Argile Rose \u2013 75 ml - paragaleriedetalborjt","isPartOf":{"@id":"https:\/\/paragaleriedetalborjt.com\/#website"},"primaryImageOfPage":{"@id":"https:\/\/paragaleriedetalborjt.com\/boutique\/novexpert-magnesium-masque-detox-a-la-creme-dargile-rose-75-ml\/#primaryimage"},"image":{"@id":"https:\/\/paragaleriedetalborjt.com\/boutique\/novexpert-magnesium-masque-detox-a-la-creme-dargile-rose-75-ml\/#primaryimage"},"thumbnailUrl":"https:\/\/paragaleriedetalborjt.com\/wp-content\/uploads\/2026\/01\/3661467002463.jpg","datePublished":"2026-01-04T16:57:20+00:00","dateModified":"2026-01-04T18:45:59+00:00","breadcrumb":{"@id":"https:\/\/paragaleriedetalborjt.com\/boutique\/novexpert-magnesium-masque-detox-a-la-creme-dargile-rose-75-ml\/#breadcrumb"},"inLanguage":"en-US","potentialAction":[{"@type":"ReadAction","target":["https:\/\/paragaleriedetalborjt.com\/boutique\/novexpert-magnesium-masque-detox-a-la-creme-dargile-rose-75-ml\/"]}]},{"@type":"ImageObject","inLanguage":"en-US","@id":"https:\/\/paragaleriedetalborjt.com\/boutique\/novexpert-magnesium-masque-detox-a-la-creme-dargile-rose-75-ml\/#primaryimage","url":"https:\/\/paragaleriedetalborjt.com\/wp-content\/uploads\/2026\/01\/3661467002463.jpg","contentUrl":"https:\/\/paragaleriedetalborjt.com\/wp-content\/uploads\/2026\/01\/3661467002463.jpg","width":595,"height":655},{"@type":"BreadcrumbList","@id":"https:\/\/paragaleriedetalborjt.com\/boutique\/novexpert-magnesium-masque-detox-a-la-creme-dargile-rose-75-ml\/#breadcrumb","itemListElement":[{"@type":"ListItem","position":1,"name":"Accueil","item":"https:\/\/paragaleriedetalborjt.com\/"},{"@type":"ListItem","position":2,"name":"Boutique","item":"https:\/\/paragaleriedetalborjt.com\/boutique\/"},{"@type":"ListItem","position":3,"name":"Novexpert Magn\u00e9sium Masque D\u00e9tox \u00e0 la Cr\u00e8me d\u2019Argile Rose \u2013 75 ml"}]},{"@type":"WebSite","@id":"https:\/\/paragaleriedetalborjt.com\/#website","url":"https:\/\/paragaleriedetalborjt.com\/","name":"paragaleriedetalborjt","description":"","potentialAction":[{"@type":"SearchAction","target":{"@type":"EntryPoint","urlTemplate":"https:\/\/paragaleriedetalborjt.com\/?s={search_term_string}"},"query-input":{"@type":"PropertyValueSpecification","valueRequired":true,"valueName":"search_term_string"}}],"inLanguage":"en-US"}]}},"brands":[{"id":1593,"name":"NOVEXPERT","slug":"novexpert"}],"_links":{"self":[{"href":"https:\/\/paragaleriedetalborjt.com\/en\/wp-json\/wp\/v2\/product\/50737","targetHints":{"allow":["GET"]}}],"collection":[{"href":"https:\/\/paragaleriedetalborjt.com\/en\/wp-json\/wp\/v2\/product"}],"about":[{"href":"https:\/\/paragaleriedetalborjt.com\/en\/wp-json\/wp\/v2\/types\/product"}],"replies":[{"embeddable":true,"href":"https:\/\/paragaleriedetalborjt.com\/en\/wp-json\/wp\/v2\/comments?post=50737"}],"version-history":[{"count":1,"href":"https:\/\/paragaleriedetalborjt.com\/en\/wp-json\/wp\/v2\/product\/50737\/revisions"}],"predecessor-version":[{"id":50739,"href":"https:\/\/paragaleriedetalborjt.com\/en\/wp-json\/wp\/v2\/product\/50737\/revisions\/50739"}],"wp:featuredmedia":[{"embeddable":true,"href":"https:\/\/paragaleriedetalborjt.com\/en\/wp-json\/wp\/v2\/media\/50738"}],"wp:attachment":[{"href":"https:\/\/paragaleriedetalborjt.com\/en\/wp-json\/wp\/v2\/media?parent=50737"}],"wp:term":[{"taxonomy":"pwb-brand","embeddable":true,"href":"https:\/\/paragaleriedetalborjt.com\/en\/wp-json\/wp\/v2\/pwb-brand?post=50737"},{"taxonomy":"product_cat","embeddable":true,"href":"https:\/\/paragaleriedetalborjt.com\/en\/wp-json\/wp\/v2\/product_cat?post=50737"},{"taxonomy":"product_tag","embeddable":true,"href":"https:\/\/paragaleriedetalborjt.com\/en\/wp-json\/wp\/v2\/product_tag?post=50737"}],"curies":[{"name":"wp","href":"https:\/\/api.w.org\/{rel}","templated":true}]}}