{"id":50722,"date":"2026-01-04T17:56:38","date_gmt":"2026-01-04T16:56:38","guid":{"rendered":"https:\/\/paragaleriedetalborjt.com\/?post_type=product&#038;p=50722"},"modified":"2026-01-04T19:45:57","modified_gmt":"2026-01-04T18:45:57","slug":"noreva-actipur-soin-anti-imperfections-30ml","status":"publish","type":"product","link":"https:\/\/paragaleriedetalborjt.com\/en\/boutique\/noreva-actipur-soin-anti-imperfections-30ml\/","title":{"rendered":"NOREVA ACTIPUR SOIN ANTI-IMPERFECTIONS 30ml"},"content":{"rendered":"<div aria-labelledby=\"tab-title-description\" class=\"woocommerce-Tabs-panel woocommerce-Tabs-panel--description panel entry-content wc-tab\" id=\"tab-description\" role=\"tabpanel\" style=\"\">\n<h2>Description<\/h2>\n<p>Description<br \/>\nNoreva Actipur Cr\u00e8me Anti-Imperfections 30 ml favorise la diminution des boutons et des points noirs des peaux \u00e0 tendance acn\u00e9ique gr\u00e2ce \u00e0 l\u2019association d\u2019un complexe brevet\u00e9 d\u2019actifs performants: le complexe Phytosphingosine, c\u00e9ramide, et vitamine PP.<br \/>\nElle aide les peaux \u00e0 tendance acn\u00e9ique \u00e0 se purifier et \u00e0 retrouver leur \u00e9quilibre naturel. Sa texture fluide et l\u00e9g\u00e8re s\u2019applique facilement, laissant la peau propre et soyeuse.<\/p>\n<p><strong>Composition :<\/strong><br \/>\nAQUA (WATER), CYCLOPENTASILOXANE, C12-15 ALKYL BENZOATE, BUTYLENE GLYCOL,<br \/>\nCETYL PEG\/PPG-10\/1 DIMETHICONE, METHYL METHACRYLATE CROSSPOLYMER,<br \/>\nSODIUM CHLORIDE, CAPRYLYL GLYCOL, NIACINAMIDE, TOCOPHERYL ACETATE,<br \/>\nSODIUM BENZOATE, DISTEARDIMONIUM HECTORITE, DIMETHICONE CROSSPOLYMER,<br \/>\nPOTASSIUM SORBATE, CHLORPHENESIN, PARFUM (FRAGRANCE), SODIUM LAUROYL LACTYLATE,<br \/>\nDISODIUM EDTA, CAPRYLHYDROXAMIC ACID, XANTHAN GUM, PROPYLENE CARBONATE, GLYCERIN,<br \/>\nCITRIC ACID, CERAMIDE NP, PHENOXYETHANOL, LIMONENE, CERAMIDE AP, PHYTOSPHINGOSINE,<br \/>\nLINALOOL, CHOLESTEROL, CARBOMER, HYDROXYCITRONELLAL, CITRAL, ETHYLHEXYLGLYCERIN,<br \/>\nBENZYL SALICYLATE, HEXYL CINNAMAL, ALPHA-ISOMETHYL IONONE, CITRONELLOL,<br \/>\nPENTAERYTHRITYL TETRA-DI-T-BUTYL HYDROXYHYDROCINNAMATE, CERAMIDE EOP.<\/p>\n<p><strong>Conseils d\u2019utilisation :<\/strong><\/p>\n<p>Appliquer le Soin anti-imperfections matin et<br \/>\nsoir sur une peau pr\u00e9alablement nettoy\u00e9e avec l\u2019Eau micellaire purifiante.<\/p>\n<\/div>","protected":false},"excerpt":{"rendered":"<p>Highlights:MATIFIE \u2013 REGULE \u2013 APAISE<\/p>","protected":false},"featured_media":50723,"comment_status":"open","ping_status":"closed","template":"","meta":[],"pwb-brand":[1827],"product_cat":[16],"product_tag":[],"class_list":{"0":"post-50722","1":"product","2":"type-product","3":"status-publish","4":"has-post-thumbnail","6":"pwb-brand-noreva","7":"product_cat-non-classe","8":"pa_brands-noreva","10":"first","11":"instock","12":"sale","13":"shipping-taxable","14":"purchasable","15":"product-type-simple"},"yoast_head":"<!-- This site is optimized with the Yoast SEO plugin v26.9 - https:\/\/yoast.com\/product\/yoast-seo-wordpress\/ -->\n<title>NOREVA ACTIPUR SOIN ANTI-IMPERFECTIONS 30ml - paragaleriedetalborjt<\/title>\n<meta name=\"robots\" content=\"index, follow, max-snippet:-1, max-image-preview:large, max-video-preview:-1\" \/>\n<link rel=\"canonical\" href=\"https:\/\/paragaleriedetalborjt.com\/en\/boutique\/noreva-actipur-soin-anti-imperfections-30ml\/\" \/>\n<meta property=\"og:locale\" content=\"en_US\" \/>\n<meta property=\"og:type\" content=\"article\" \/>\n<meta property=\"og:title\" content=\"NOREVA ACTIPUR SOIN ANTI-IMPERFECTIONS 30ml - paragaleriedetalborjt\" \/>\n<meta property=\"og:description\" content=\"Highlights:MATIFIE \u2013 REGULE \u2013 APAISE\" \/>\n<meta property=\"og:url\" content=\"https:\/\/paragaleriedetalborjt.com\/en\/boutique\/noreva-actipur-soin-anti-imperfections-30ml\/\" \/>\n<meta property=\"og:site_name\" content=\"paragaleriedetalborjt\" \/>\n<meta property=\"article:modified_time\" content=\"2026-01-04T18:45:57+00:00\" \/>\n<meta property=\"og:image\" content=\"https:\/\/paragaleriedetalborjt.com\/wp-content\/uploads\/2026\/01\/Actipur-Soin-anti-imperfections.jpg\" \/>\n\t<meta property=\"og:image:width\" content=\"595\" \/>\n\t<meta property=\"og:image:height\" content=\"655\" \/>\n\t<meta property=\"og:image:type\" content=\"image\/jpeg\" \/>\n<meta name=\"twitter:card\" content=\"summary_large_image\" \/>\n<meta name=\"twitter:label1\" content=\"Est. reading time\" \/>\n\t<meta name=\"twitter:data1\" content=\"1 minute\" \/>\n<script type=\"application\/ld+json\" class=\"yoast-schema-graph\">{\"@context\":\"https:\/\/schema.org\",\"@graph\":[{\"@type\":\"WebPage\",\"@id\":\"https:\/\/paragaleriedetalborjt.com\/boutique\/noreva-actipur-soin-anti-imperfections-30ml\/\",\"url\":\"https:\/\/paragaleriedetalborjt.com\/boutique\/noreva-actipur-soin-anti-imperfections-30ml\/\",\"name\":\"NOREVA ACTIPUR SOIN ANTI-IMPERFECTIONS 30ml - paragaleriedetalborjt\",\"isPartOf\":{\"@id\":\"https:\/\/paragaleriedetalborjt.com\/#website\"},\"primaryImageOfPage\":{\"@id\":\"https:\/\/paragaleriedetalborjt.com\/boutique\/noreva-actipur-soin-anti-imperfections-30ml\/#primaryimage\"},\"image\":{\"@id\":\"https:\/\/paragaleriedetalborjt.com\/boutique\/noreva-actipur-soin-anti-imperfections-30ml\/#primaryimage\"},\"thumbnailUrl\":\"https:\/\/paragaleriedetalborjt.com\/wp-content\/uploads\/2026\/01\/Actipur-Soin-anti-imperfections.jpg\",\"datePublished\":\"2026-01-04T16:56:38+00:00\",\"dateModified\":\"2026-01-04T18:45:57+00:00\",\"breadcrumb\":{\"@id\":\"https:\/\/paragaleriedetalborjt.com\/boutique\/noreva-actipur-soin-anti-imperfections-30ml\/#breadcrumb\"},\"inLanguage\":\"en-US\",\"potentialAction\":[{\"@type\":\"ReadAction\",\"target\":[\"https:\/\/paragaleriedetalborjt.com\/boutique\/noreva-actipur-soin-anti-imperfections-30ml\/\"]}]},{\"@type\":\"ImageObject\",\"inLanguage\":\"en-US\",\"@id\":\"https:\/\/paragaleriedetalborjt.com\/boutique\/noreva-actipur-soin-anti-imperfections-30ml\/#primaryimage\",\"url\":\"https:\/\/paragaleriedetalborjt.com\/wp-content\/uploads\/2026\/01\/Actipur-Soin-anti-imperfections.jpg\",\"contentUrl\":\"https:\/\/paragaleriedetalborjt.com\/wp-content\/uploads\/2026\/01\/Actipur-Soin-anti-imperfections.jpg\",\"width\":595,\"height\":655},{\"@type\":\"BreadcrumbList\",\"@id\":\"https:\/\/paragaleriedetalborjt.com\/boutique\/noreva-actipur-soin-anti-imperfections-30ml\/#breadcrumb\",\"itemListElement\":[{\"@type\":\"ListItem\",\"position\":1,\"name\":\"Accueil\",\"item\":\"https:\/\/paragaleriedetalborjt.com\/\"},{\"@type\":\"ListItem\",\"position\":2,\"name\":\"Boutique\",\"item\":\"https:\/\/paragaleriedetalborjt.com\/boutique\/\"},{\"@type\":\"ListItem\",\"position\":3,\"name\":\"NOREVA ACTIPUR SOIN ANTI-IMPERFECTIONS 30ml\"}]},{\"@type\":\"WebSite\",\"@id\":\"https:\/\/paragaleriedetalborjt.com\/#website\",\"url\":\"https:\/\/paragaleriedetalborjt.com\/\",\"name\":\"paragaleriedetalborjt\",\"description\":\"\",\"potentialAction\":[{\"@type\":\"SearchAction\",\"target\":{\"@type\":\"EntryPoint\",\"urlTemplate\":\"https:\/\/paragaleriedetalborjt.com\/?s={search_term_string}\"},\"query-input\":{\"@type\":\"PropertyValueSpecification\",\"valueRequired\":true,\"valueName\":\"search_term_string\"}}],\"inLanguage\":\"en-US\"}]}<\/script>\n<!-- \/ Yoast SEO plugin. -->","yoast_head_json":{"title":"NOREVA ACTIPUR SOIN ANTI-IMPERFECTIONS 30ml - paragaleriedetalborjt","robots":{"index":"index","follow":"follow","max-snippet":"max-snippet:-1","max-image-preview":"max-image-preview:large","max-video-preview":"max-video-preview:-1"},"canonical":"https:\/\/paragaleriedetalborjt.com\/en\/boutique\/noreva-actipur-soin-anti-imperfections-30ml\/","og_locale":"en_US","og_type":"article","og_title":"NOREVA ACTIPUR SOIN ANTI-IMPERFECTIONS 30ml - paragaleriedetalborjt","og_description":"Highlights:MATIFIE \u2013 REGULE \u2013 APAISE","og_url":"https:\/\/paragaleriedetalborjt.com\/en\/boutique\/noreva-actipur-soin-anti-imperfections-30ml\/","og_site_name":"paragaleriedetalborjt","article_modified_time":"2026-01-04T18:45:57+00:00","og_image":[{"width":595,"height":655,"url":"https:\/\/paragaleriedetalborjt.com\/wp-content\/uploads\/2026\/01\/Actipur-Soin-anti-imperfections.jpg","type":"image\/jpeg"}],"twitter_card":"summary_large_image","twitter_misc":{"Est. reading time":"1 minute"},"schema":{"@context":"https:\/\/schema.org","@graph":[{"@type":"WebPage","@id":"https:\/\/paragaleriedetalborjt.com\/boutique\/noreva-actipur-soin-anti-imperfections-30ml\/","url":"https:\/\/paragaleriedetalborjt.com\/boutique\/noreva-actipur-soin-anti-imperfections-30ml\/","name":"NOREVA ACTIPUR SOIN ANTI-IMPERFECTIONS 30ml - paragaleriedetalborjt","isPartOf":{"@id":"https:\/\/paragaleriedetalborjt.com\/#website"},"primaryImageOfPage":{"@id":"https:\/\/paragaleriedetalborjt.com\/boutique\/noreva-actipur-soin-anti-imperfections-30ml\/#primaryimage"},"image":{"@id":"https:\/\/paragaleriedetalborjt.com\/boutique\/noreva-actipur-soin-anti-imperfections-30ml\/#primaryimage"},"thumbnailUrl":"https:\/\/paragaleriedetalborjt.com\/wp-content\/uploads\/2026\/01\/Actipur-Soin-anti-imperfections.jpg","datePublished":"2026-01-04T16:56:38+00:00","dateModified":"2026-01-04T18:45:57+00:00","breadcrumb":{"@id":"https:\/\/paragaleriedetalborjt.com\/boutique\/noreva-actipur-soin-anti-imperfections-30ml\/#breadcrumb"},"inLanguage":"en-US","potentialAction":[{"@type":"ReadAction","target":["https:\/\/paragaleriedetalborjt.com\/boutique\/noreva-actipur-soin-anti-imperfections-30ml\/"]}]},{"@type":"ImageObject","inLanguage":"en-US","@id":"https:\/\/paragaleriedetalborjt.com\/boutique\/noreva-actipur-soin-anti-imperfections-30ml\/#primaryimage","url":"https:\/\/paragaleriedetalborjt.com\/wp-content\/uploads\/2026\/01\/Actipur-Soin-anti-imperfections.jpg","contentUrl":"https:\/\/paragaleriedetalborjt.com\/wp-content\/uploads\/2026\/01\/Actipur-Soin-anti-imperfections.jpg","width":595,"height":655},{"@type":"BreadcrumbList","@id":"https:\/\/paragaleriedetalborjt.com\/boutique\/noreva-actipur-soin-anti-imperfections-30ml\/#breadcrumb","itemListElement":[{"@type":"ListItem","position":1,"name":"Accueil","item":"https:\/\/paragaleriedetalborjt.com\/"},{"@type":"ListItem","position":2,"name":"Boutique","item":"https:\/\/paragaleriedetalborjt.com\/boutique\/"},{"@type":"ListItem","position":3,"name":"NOREVA ACTIPUR SOIN ANTI-IMPERFECTIONS 30ml"}]},{"@type":"WebSite","@id":"https:\/\/paragaleriedetalborjt.com\/#website","url":"https:\/\/paragaleriedetalborjt.com\/","name":"paragaleriedetalborjt","description":"","potentialAction":[{"@type":"SearchAction","target":{"@type":"EntryPoint","urlTemplate":"https:\/\/paragaleriedetalborjt.com\/?s={search_term_string}"},"query-input":{"@type":"PropertyValueSpecification","valueRequired":true,"valueName":"search_term_string"}}],"inLanguage":"en-US"}]}},"brands":[{"id":1827,"name":"Noreva","slug":"noreva"}],"_links":{"self":[{"href":"https:\/\/paragaleriedetalborjt.com\/en\/wp-json\/wp\/v2\/product\/50722","targetHints":{"allow":["GET"]}}],"collection":[{"href":"https:\/\/paragaleriedetalborjt.com\/en\/wp-json\/wp\/v2\/product"}],"about":[{"href":"https:\/\/paragaleriedetalborjt.com\/en\/wp-json\/wp\/v2\/types\/product"}],"replies":[{"embeddable":true,"href":"https:\/\/paragaleriedetalborjt.com\/en\/wp-json\/wp\/v2\/comments?post=50722"}],"version-history":[{"count":1,"href":"https:\/\/paragaleriedetalborjt.com\/en\/wp-json\/wp\/v2\/product\/50722\/revisions"}],"predecessor-version":[{"id":50724,"href":"https:\/\/paragaleriedetalborjt.com\/en\/wp-json\/wp\/v2\/product\/50722\/revisions\/50724"}],"wp:featuredmedia":[{"embeddable":true,"href":"https:\/\/paragaleriedetalborjt.com\/en\/wp-json\/wp\/v2\/media\/50723"}],"wp:attachment":[{"href":"https:\/\/paragaleriedetalborjt.com\/en\/wp-json\/wp\/v2\/media?parent=50722"}],"wp:term":[{"taxonomy":"pwb-brand","embeddable":true,"href":"https:\/\/paragaleriedetalborjt.com\/en\/wp-json\/wp\/v2\/pwb-brand?post=50722"},{"taxonomy":"product_cat","embeddable":true,"href":"https:\/\/paragaleriedetalborjt.com\/en\/wp-json\/wp\/v2\/product_cat?post=50722"},{"taxonomy":"product_tag","embeddable":true,"href":"https:\/\/paragaleriedetalborjt.com\/en\/wp-json\/wp\/v2\/product_tag?post=50722"}],"curies":[{"name":"wp","href":"https:\/\/api.w.org\/{rel}","templated":true}]}}