{"id":50662,"date":"2026-01-04T17:53:55","date_gmt":"2026-01-04T16:53:55","guid":{"rendered":"https:\/\/paragaleriedetalborjt.com\/?post_type=product&#038;p=50662"},"modified":"2026-01-04T19:45:52","modified_gmt":"2026-01-04T18:45:52","slug":"gph-diffusionh-vitamine-c-acerola-bio-30-comprimes","status":"publish","type":"product","link":"https:\/\/paragaleriedetalborjt.com\/en\/boutique\/gph-diffusionh-vitamine-c-acerola-bio-30-comprimes\/","title":{"rendered":"Gph Diffusionh Vitamine C Ac\u00e9rola Bio \u2013 30 Comprim\u00e9s"},"content":{"rendered":"<div aria-labelledby=\"tab-title-description\" class=\"woocommerce-Tabs-panel woocommerce-Tabs-panel--description panel entry-content wc-tab\" id=\"tab-description\" role=\"tabpanel\" style=\"\">\n<h2>Description<\/h2>\n<p>Description<br \/>\nL Ac\u00e9rola est une petite cerise qui nous vient des cara\u00efbes.<br \/>\nC est l\u2019une des plus riches sources connues de vitamines C qui aide \u00e0 r\u00e9duire la fatigue.Ac\u00e9rola 1000 bio 30 comprim\u00e9s \u2013 GPH Diffusion est naturellement riche en vitamine C.<\/p>\n<p>Conseils d\u2019utilisation<br \/>\n1 comprim\u00e9 par jour \u00e0 utiliser dans le cadre d\u2019une alimentation \u00e9quilibr\u00e9e.<\/p>\n<p>Composition<br \/>\nINGREDIENTS PAR COMPRIME : POUDRE D\u2019EXTRAIT D\u2019ACEROLA* 1000 MG (VITAMINE C NATURELLE : 175 MG CORRESPONDANT A 212% DES VNR), SUCRE DE CANNE COMPLET*, EXTRAIT D\u2019ORANGE*.<br \/>\n*PRODUIT ISSU DE L\u2019AGRICULTURE BIOLOGIQUE<\/p>\n<\/div>","protected":false},"excerpt":{"rendered":"<p>Highlights:Vitamine C 100 % naturelle extraite d\u2019ac\u00e9rola Bio. Vitalit\u00e9 et d\u00e9fenses naturelles.L\u2019ac\u00e9rola utilis\u00e9 dans ce compl\u00e9ment alimentaire provient du Br\u00e9sil o\u00f9 il est consid\u00e9r\u00e9 comme un tr\u00e9sor de l\u2019Amazonie. Cultiv\u00e9es selon les principes de l\u2019agriculture biologique certifi\u00e9e, les baies d\u2019ac\u00e9rola renferment une richesse remarquable en vitamine C. L\u2019Ac\u00e9rola 1000 offre, au sein de chaque comprim\u00e9, 1000 mg d\u2019ac\u00e9rola et l\u2019\u00e9quivalent de 3 oranges en vitamine C naturelle. Le dosage de la vitamine C naturelle atteint 170 mg par comprim\u00e9 et couvre ainsi largement les apports journaliers recommand\u00e9s.<\/p>","protected":false},"featured_media":50663,"comment_status":"open","ping_status":"closed","template":"","meta":[],"pwb-brand":[1727],"product_cat":[16],"product_tag":[],"class_list":{"0":"post-50662","1":"product","2":"type-product","3":"status-publish","4":"has-post-thumbnail","6":"pwb-brand-gph","7":"product_cat-non-classe","8":"pa_brands-gph","10":"first","11":"instock","12":"sale","13":"shipping-taxable","14":"purchasable","15":"product-type-simple"},"yoast_head":"<!-- This site is optimized with the Yoast SEO plugin v27.5 - https:\/\/yoast.com\/product\/yoast-seo-wordpress\/ -->\n<title>Gph Diffusionh Vitamine C Ac\u00e9rola Bio \u2013 30 Comprim\u00e9s - paragaleriedetalborjt<\/title>\n<meta name=\"robots\" content=\"index, follow, max-snippet:-1, max-image-preview:large, max-video-preview:-1\" \/>\n<link rel=\"canonical\" href=\"https:\/\/paragaleriedetalborjt.com\/en\/boutique\/gph-diffusionh-vitamine-c-acerola-bio-30-comprimes\/\" \/>\n<meta property=\"og:locale\" content=\"en_US\" \/>\n<meta property=\"og:type\" content=\"article\" \/>\n<meta property=\"og:title\" content=\"Gph Diffusionh Vitamine C Ac\u00e9rola Bio \u2013 30 Comprim\u00e9s - paragaleriedetalborjt\" \/>\n<meta property=\"og:description\" content=\"Highlights:Vitamine C 100 % naturelle extraite d\u2019ac\u00e9rola Bio. Vitalit\u00e9 et d\u00e9fenses naturelles.L\u2019ac\u00e9rola utilis\u00e9 dans ce compl\u00e9ment alimentaire provient du Br\u00e9sil o\u00f9 il est consid\u00e9r\u00e9 comme un tr\u00e9sor de l\u2019Amazonie. Cultiv\u00e9es selon les principes de l\u2019agriculture biologique certifi\u00e9e, les baies d\u2019ac\u00e9rola renferment une richesse remarquable en vitamine C. L\u2019Ac\u00e9rola 1000 offre, au sein de chaque comprim\u00e9, 1000 mg d\u2019ac\u00e9rola et l\u2019\u00e9quivalent de 3 oranges en vitamine C naturelle. Le dosage de la vitamine C naturelle atteint 170 mg par comprim\u00e9 et couvre ainsi largement les apports journaliers recommand\u00e9s.\" \/>\n<meta property=\"og:url\" content=\"https:\/\/paragaleriedetalborjt.com\/en\/boutique\/gph-diffusionh-vitamine-c-acerola-bio-30-comprimes\/\" \/>\n<meta property=\"og:site_name\" content=\"paragaleriedetalborjt\" \/>\n<meta property=\"article:modified_time\" content=\"2026-01-04T18:45:52+00:00\" \/>\n<meta property=\"og:image\" content=\"https:\/\/paragaleriedetalborjt.com\/wp-content\/uploads\/2026\/01\/3700216207909.jpg\" \/>\n\t<meta property=\"og:image:width\" content=\"595\" \/>\n\t<meta property=\"og:image:height\" content=\"655\" \/>\n\t<meta property=\"og:image:type\" content=\"image\/jpeg\" \/>\n<meta name=\"twitter:card\" content=\"summary_large_image\" \/>\n<script type=\"application\/ld+json\" class=\"yoast-schema-graph\">{\"@context\":\"https:\\\/\\\/schema.org\",\"@graph\":[{\"@type\":\"WebPage\",\"@id\":\"https:\\\/\\\/paragaleriedetalborjt.com\\\/boutique\\\/gph-diffusionh-vitamine-c-acerola-bio-30-comprimes\\\/\",\"url\":\"https:\\\/\\\/paragaleriedetalborjt.com\\\/boutique\\\/gph-diffusionh-vitamine-c-acerola-bio-30-comprimes\\\/\",\"name\":\"Gph Diffusionh Vitamine C Ac\u00e9rola Bio \u2013 30 Comprim\u00e9s - paragaleriedetalborjt\",\"isPartOf\":{\"@id\":\"https:\\\/\\\/paragaleriedetalborjt.com\\\/#website\"},\"primaryImageOfPage\":{\"@id\":\"https:\\\/\\\/paragaleriedetalborjt.com\\\/boutique\\\/gph-diffusionh-vitamine-c-acerola-bio-30-comprimes\\\/#primaryimage\"},\"image\":{\"@id\":\"https:\\\/\\\/paragaleriedetalborjt.com\\\/boutique\\\/gph-diffusionh-vitamine-c-acerola-bio-30-comprimes\\\/#primaryimage\"},\"thumbnailUrl\":\"https:\\\/\\\/paragaleriedetalborjt.com\\\/wp-content\\\/uploads\\\/2026\\\/01\\\/3700216207909.jpg\",\"datePublished\":\"2026-01-04T16:53:55+00:00\",\"dateModified\":\"2026-01-04T18:45:52+00:00\",\"breadcrumb\":{\"@id\":\"https:\\\/\\\/paragaleriedetalborjt.com\\\/boutique\\\/gph-diffusionh-vitamine-c-acerola-bio-30-comprimes\\\/#breadcrumb\"},\"inLanguage\":\"en-US\",\"potentialAction\":[{\"@type\":\"ReadAction\",\"target\":[\"https:\\\/\\\/paragaleriedetalborjt.com\\\/boutique\\\/gph-diffusionh-vitamine-c-acerola-bio-30-comprimes\\\/\"]}]},{\"@type\":\"ImageObject\",\"inLanguage\":\"en-US\",\"@id\":\"https:\\\/\\\/paragaleriedetalborjt.com\\\/boutique\\\/gph-diffusionh-vitamine-c-acerola-bio-30-comprimes\\\/#primaryimage\",\"url\":\"https:\\\/\\\/paragaleriedetalborjt.com\\\/wp-content\\\/uploads\\\/2026\\\/01\\\/3700216207909.jpg\",\"contentUrl\":\"https:\\\/\\\/paragaleriedetalborjt.com\\\/wp-content\\\/uploads\\\/2026\\\/01\\\/3700216207909.jpg\",\"width\":595,\"height\":655},{\"@type\":\"BreadcrumbList\",\"@id\":\"https:\\\/\\\/paragaleriedetalborjt.com\\\/boutique\\\/gph-diffusionh-vitamine-c-acerola-bio-30-comprimes\\\/#breadcrumb\",\"itemListElement\":[{\"@type\":\"ListItem\",\"position\":1,\"name\":\"Accueil\",\"item\":\"https:\\\/\\\/paragaleriedetalborjt.com\\\/\"},{\"@type\":\"ListItem\",\"position\":2,\"name\":\"Boutique\",\"item\":\"https:\\\/\\\/paragaleriedetalborjt.com\\\/boutique\\\/\"},{\"@type\":\"ListItem\",\"position\":3,\"name\":\"Gph Diffusionh Vitamine C Ac\u00e9rola Bio \u2013 30 Comprim\u00e9s\"}]},{\"@type\":\"WebSite\",\"@id\":\"https:\\\/\\\/paragaleriedetalborjt.com\\\/#website\",\"url\":\"https:\\\/\\\/paragaleriedetalborjt.com\\\/\",\"name\":\"paragaleriedetalborjt\",\"description\":\"\",\"potentialAction\":[{\"@type\":\"SearchAction\",\"target\":{\"@type\":\"EntryPoint\",\"urlTemplate\":\"https:\\\/\\\/paragaleriedetalborjt.com\\\/?s={search_term_string}\"},\"query-input\":{\"@type\":\"PropertyValueSpecification\",\"valueRequired\":true,\"valueName\":\"search_term_string\"}}],\"inLanguage\":\"en-US\"}]}<\/script>\n<!-- \/ Yoast SEO plugin. -->","yoast_head_json":{"title":"Gph Diffusionh Vitamine C Ac\u00e9rola Bio \u2013 30 Comprim\u00e9s - paragaleriedetalborjt","robots":{"index":"index","follow":"follow","max-snippet":"max-snippet:-1","max-image-preview":"max-image-preview:large","max-video-preview":"max-video-preview:-1"},"canonical":"https:\/\/paragaleriedetalborjt.com\/en\/boutique\/gph-diffusionh-vitamine-c-acerola-bio-30-comprimes\/","og_locale":"en_US","og_type":"article","og_title":"Gph Diffusionh Vitamine C Ac\u00e9rola Bio \u2013 30 Comprim\u00e9s - paragaleriedetalborjt","og_description":"Highlights:Vitamine C 100 % naturelle extraite d\u2019ac\u00e9rola Bio. Vitalit\u00e9 et d\u00e9fenses naturelles.L\u2019ac\u00e9rola utilis\u00e9 dans ce compl\u00e9ment alimentaire provient du Br\u00e9sil o\u00f9 il est consid\u00e9r\u00e9 comme un tr\u00e9sor de l\u2019Amazonie. Cultiv\u00e9es selon les principes de l\u2019agriculture biologique certifi\u00e9e, les baies d\u2019ac\u00e9rola renferment une richesse remarquable en vitamine C. L\u2019Ac\u00e9rola 1000 offre, au sein de chaque comprim\u00e9, 1000 mg d\u2019ac\u00e9rola et l\u2019\u00e9quivalent de 3 oranges en vitamine C naturelle. Le dosage de la vitamine C naturelle atteint 170 mg par comprim\u00e9 et couvre ainsi largement les apports journaliers recommand\u00e9s.","og_url":"https:\/\/paragaleriedetalborjt.com\/en\/boutique\/gph-diffusionh-vitamine-c-acerola-bio-30-comprimes\/","og_site_name":"paragaleriedetalborjt","article_modified_time":"2026-01-04T18:45:52+00:00","og_image":[{"width":595,"height":655,"url":"https:\/\/paragaleriedetalborjt.com\/wp-content\/uploads\/2026\/01\/3700216207909.jpg","type":"image\/jpeg"}],"twitter_card":"summary_large_image","schema":{"@context":"https:\/\/schema.org","@graph":[{"@type":"WebPage","@id":"https:\/\/paragaleriedetalborjt.com\/boutique\/gph-diffusionh-vitamine-c-acerola-bio-30-comprimes\/","url":"https:\/\/paragaleriedetalborjt.com\/boutique\/gph-diffusionh-vitamine-c-acerola-bio-30-comprimes\/","name":"Gph Diffusionh Vitamine C Ac\u00e9rola Bio \u2013 30 Comprim\u00e9s - paragaleriedetalborjt","isPartOf":{"@id":"https:\/\/paragaleriedetalborjt.com\/#website"},"primaryImageOfPage":{"@id":"https:\/\/paragaleriedetalborjt.com\/boutique\/gph-diffusionh-vitamine-c-acerola-bio-30-comprimes\/#primaryimage"},"image":{"@id":"https:\/\/paragaleriedetalborjt.com\/boutique\/gph-diffusionh-vitamine-c-acerola-bio-30-comprimes\/#primaryimage"},"thumbnailUrl":"https:\/\/paragaleriedetalborjt.com\/wp-content\/uploads\/2026\/01\/3700216207909.jpg","datePublished":"2026-01-04T16:53:55+00:00","dateModified":"2026-01-04T18:45:52+00:00","breadcrumb":{"@id":"https:\/\/paragaleriedetalborjt.com\/boutique\/gph-diffusionh-vitamine-c-acerola-bio-30-comprimes\/#breadcrumb"},"inLanguage":"en-US","potentialAction":[{"@type":"ReadAction","target":["https:\/\/paragaleriedetalborjt.com\/boutique\/gph-diffusionh-vitamine-c-acerola-bio-30-comprimes\/"]}]},{"@type":"ImageObject","inLanguage":"en-US","@id":"https:\/\/paragaleriedetalborjt.com\/boutique\/gph-diffusionh-vitamine-c-acerola-bio-30-comprimes\/#primaryimage","url":"https:\/\/paragaleriedetalborjt.com\/wp-content\/uploads\/2026\/01\/3700216207909.jpg","contentUrl":"https:\/\/paragaleriedetalborjt.com\/wp-content\/uploads\/2026\/01\/3700216207909.jpg","width":595,"height":655},{"@type":"BreadcrumbList","@id":"https:\/\/paragaleriedetalborjt.com\/boutique\/gph-diffusionh-vitamine-c-acerola-bio-30-comprimes\/#breadcrumb","itemListElement":[{"@type":"ListItem","position":1,"name":"Accueil","item":"https:\/\/paragaleriedetalborjt.com\/"},{"@type":"ListItem","position":2,"name":"Boutique","item":"https:\/\/paragaleriedetalborjt.com\/boutique\/"},{"@type":"ListItem","position":3,"name":"Gph Diffusionh Vitamine C Ac\u00e9rola Bio \u2013 30 Comprim\u00e9s"}]},{"@type":"WebSite","@id":"https:\/\/paragaleriedetalborjt.com\/#website","url":"https:\/\/paragaleriedetalborjt.com\/","name":"paragaleriedetalborjt","description":"","potentialAction":[{"@type":"SearchAction","target":{"@type":"EntryPoint","urlTemplate":"https:\/\/paragaleriedetalborjt.com\/?s={search_term_string}"},"query-input":{"@type":"PropertyValueSpecification","valueRequired":true,"valueName":"search_term_string"}}],"inLanguage":"en-US"}]}},"brands":[{"id":1727,"name":"GPH","slug":"gph"}],"_links":{"self":[{"href":"https:\/\/paragaleriedetalborjt.com\/en\/wp-json\/wp\/v2\/product\/50662","targetHints":{"allow":["GET"]}}],"collection":[{"href":"https:\/\/paragaleriedetalborjt.com\/en\/wp-json\/wp\/v2\/product"}],"about":[{"href":"https:\/\/paragaleriedetalborjt.com\/en\/wp-json\/wp\/v2\/types\/product"}],"replies":[{"embeddable":true,"href":"https:\/\/paragaleriedetalborjt.com\/en\/wp-json\/wp\/v2\/comments?post=50662"}],"version-history":[{"count":1,"href":"https:\/\/paragaleriedetalborjt.com\/en\/wp-json\/wp\/v2\/product\/50662\/revisions"}],"predecessor-version":[{"id":50664,"href":"https:\/\/paragaleriedetalborjt.com\/en\/wp-json\/wp\/v2\/product\/50662\/revisions\/50664"}],"wp:featuredmedia":[{"embeddable":true,"href":"https:\/\/paragaleriedetalborjt.com\/en\/wp-json\/wp\/v2\/media\/50663"}],"wp:attachment":[{"href":"https:\/\/paragaleriedetalborjt.com\/en\/wp-json\/wp\/v2\/media?parent=50662"}],"wp:term":[{"taxonomy":"pwb-brand","embeddable":true,"href":"https:\/\/paragaleriedetalborjt.com\/en\/wp-json\/wp\/v2\/pwb-brand?post=50662"},{"taxonomy":"product_cat","embeddable":true,"href":"https:\/\/paragaleriedetalborjt.com\/en\/wp-json\/wp\/v2\/product_cat?post=50662"},{"taxonomy":"product_tag","embeddable":true,"href":"https:\/\/paragaleriedetalborjt.com\/en\/wp-json\/wp\/v2\/product_tag?post=50662"}],"curies":[{"name":"wp","href":"https:\/\/api.w.org\/{rel}","templated":true}]}}