{"id":50641,"date":"2026-01-04T17:52:55","date_gmt":"2026-01-04T16:52:55","guid":{"rendered":"https:\/\/paragaleriedetalborjt.com\/?post_type=product&#038;p=50641"},"modified":"2026-01-04T19:45:50","modified_gmt":"2026-01-04T18:45:50","slug":"gph-diffusion-maca-bio-100-comprimes","status":"publish","type":"product","link":"https:\/\/paragaleriedetalborjt.com\/en\/boutique\/gph-diffusion-maca-bio-100-comprimes\/","title":{"rendered":"Gph Diffusion Maca Bio \u2013 100 Comprimes"},"content":{"rendered":"<div aria-labelledby=\"tab-title-description\" class=\"woocommerce-Tabs-panel woocommerce-Tabs-panel--description panel entry-content wc-tab\" id=\"tab-description\" role=\"tabpanel\" style=\"\">\n<h2>Description<\/h2>\n<p>Description<br \/>\nMaca bio (g\u00e9lules v\u00e9g\u00e9tales) de GPH Diffusion est un compl\u00e9ment alimentaire \u00e0 base de racine de maca qui pr\u00e9sente une richesse nutritive exceptionnelle, \u00e9quivalente \u00e0 celle des c\u00e9r\u00e9ales.<br \/>\nLa racine de maca d\u00e9tient des principes actifs fondamentaux pour l\u2019organisme : agents nutritifs, sels min\u00e9raux, oligo-\u00e9l\u00e9ments, mais aussi acides gras et acides amin\u00e9s. Forte de cette composition nutritionnelle hors du commun, la maca permet de lutter contre l\u2019an\u00e9mie et la fatigue et renforce ainsi l\u2019organisme.<br \/>\nLa maca favorise \u00e9galement le bien-\u00eatre psychologique en agissant sur le stress et l\u2019anxi\u00e9t\u00e9.<\/p>\n<p>Conseils d\u2019utilisation<br \/>\nPrendre 4 \u00e0 8 comprim\u00e9s de maca par jour, en respectant les doses recommand\u00e9es, dans le cadre d\u2019une alimentation saine.<br \/>\nD\u00e9conseill\u00e9 aux femmes enceintes ou allaitantes.<\/p>\n<\/div>","protected":false},"excerpt":{"rendered":"<p>Highlights:La racine de maca lepidium meyinii est une plante d\u2019am\u00e9rique latine qui a l\u2019aspect d\u2019un navet marron. proche parente du chou du navet et de la moutarde elle est cultiv\u00e9e sur les hauts plateaux des andes au p\u00e9rou \u00e0 des altitudes allant jusqu\u2019\u00e0 4000 m\u00e8tres.<\/p>","protected":false},"featured_media":50642,"comment_status":"open","ping_status":"closed","template":"","meta":[],"pwb-brand":[1727],"product_cat":[16],"product_tag":[],"class_list":{"0":"post-50641","1":"product","2":"type-product","3":"status-publish","4":"has-post-thumbnail","6":"pwb-brand-gph","7":"product_cat-non-classe","8":"pa_brands-gph","10":"first","11":"instock","12":"sale","13":"shipping-taxable","14":"purchasable","15":"product-type-simple"},"yoast_head":"<!-- This site is optimized with the Yoast SEO plugin v27.5 - https:\/\/yoast.com\/product\/yoast-seo-wordpress\/ -->\n<title>Gph Diffusion Maca Bio \u2013 100 Comprimes - paragaleriedetalborjt<\/title>\n<meta name=\"robots\" content=\"index, follow, max-snippet:-1, max-image-preview:large, max-video-preview:-1\" \/>\n<link rel=\"canonical\" href=\"https:\/\/paragaleriedetalborjt.com\/en\/boutique\/gph-diffusion-maca-bio-100-comprimes\/\" \/>\n<meta property=\"og:locale\" content=\"en_US\" \/>\n<meta property=\"og:type\" content=\"article\" \/>\n<meta property=\"og:title\" content=\"Gph Diffusion Maca Bio \u2013 100 Comprimes - paragaleriedetalborjt\" \/>\n<meta property=\"og:description\" content=\"Highlights:La racine de maca lepidium meyinii est une plante d\u2019am\u00e9rique latine qui a l\u2019aspect d\u2019un navet marron. proche parente du chou du navet et de la moutarde elle est cultiv\u00e9e sur les hauts plateaux des andes au p\u00e9rou \u00e0 des altitudes allant jusqu\u2019\u00e0 4000 m\u00e8tres.\" \/>\n<meta property=\"og:url\" content=\"https:\/\/paragaleriedetalborjt.com\/en\/boutique\/gph-diffusion-maca-bio-100-comprimes\/\" \/>\n<meta property=\"og:site_name\" content=\"paragaleriedetalborjt\" \/>\n<meta property=\"article:modified_time\" content=\"2026-01-04T18:45:50+00:00\" \/>\n<meta property=\"og:image\" content=\"https:\/\/paragaleriedetalborjt.com\/wp-content\/uploads\/2026\/01\/3700216237890.jpg\" \/>\n\t<meta property=\"og:image:width\" content=\"595\" \/>\n\t<meta property=\"og:image:height\" content=\"655\" \/>\n\t<meta property=\"og:image:type\" content=\"image\/jpeg\" \/>\n<meta name=\"twitter:card\" content=\"summary_large_image\" \/>\n<meta name=\"twitter:label1\" content=\"Est. reading time\" \/>\n\t<meta name=\"twitter:data1\" content=\"1 minute\" \/>\n<script type=\"application\/ld+json\" class=\"yoast-schema-graph\">{\"@context\":\"https:\\\/\\\/schema.org\",\"@graph\":[{\"@type\":\"WebPage\",\"@id\":\"https:\\\/\\\/paragaleriedetalborjt.com\\\/boutique\\\/gph-diffusion-maca-bio-100-comprimes\\\/\",\"url\":\"https:\\\/\\\/paragaleriedetalborjt.com\\\/boutique\\\/gph-diffusion-maca-bio-100-comprimes\\\/\",\"name\":\"Gph Diffusion Maca Bio \u2013 100 Comprimes - paragaleriedetalborjt\",\"isPartOf\":{\"@id\":\"https:\\\/\\\/paragaleriedetalborjt.com\\\/#website\"},\"primaryImageOfPage\":{\"@id\":\"https:\\\/\\\/paragaleriedetalborjt.com\\\/boutique\\\/gph-diffusion-maca-bio-100-comprimes\\\/#primaryimage\"},\"image\":{\"@id\":\"https:\\\/\\\/paragaleriedetalborjt.com\\\/boutique\\\/gph-diffusion-maca-bio-100-comprimes\\\/#primaryimage\"},\"thumbnailUrl\":\"https:\\\/\\\/paragaleriedetalborjt.com\\\/wp-content\\\/uploads\\\/2026\\\/01\\\/3700216237890.jpg\",\"datePublished\":\"2026-01-04T16:52:55+00:00\",\"dateModified\":\"2026-01-04T18:45:50+00:00\",\"breadcrumb\":{\"@id\":\"https:\\\/\\\/paragaleriedetalborjt.com\\\/boutique\\\/gph-diffusion-maca-bio-100-comprimes\\\/#breadcrumb\"},\"inLanguage\":\"en-US\",\"potentialAction\":[{\"@type\":\"ReadAction\",\"target\":[\"https:\\\/\\\/paragaleriedetalborjt.com\\\/boutique\\\/gph-diffusion-maca-bio-100-comprimes\\\/\"]}]},{\"@type\":\"ImageObject\",\"inLanguage\":\"en-US\",\"@id\":\"https:\\\/\\\/paragaleriedetalborjt.com\\\/boutique\\\/gph-diffusion-maca-bio-100-comprimes\\\/#primaryimage\",\"url\":\"https:\\\/\\\/paragaleriedetalborjt.com\\\/wp-content\\\/uploads\\\/2026\\\/01\\\/3700216237890.jpg\",\"contentUrl\":\"https:\\\/\\\/paragaleriedetalborjt.com\\\/wp-content\\\/uploads\\\/2026\\\/01\\\/3700216237890.jpg\",\"width\":595,\"height\":655},{\"@type\":\"BreadcrumbList\",\"@id\":\"https:\\\/\\\/paragaleriedetalborjt.com\\\/boutique\\\/gph-diffusion-maca-bio-100-comprimes\\\/#breadcrumb\",\"itemListElement\":[{\"@type\":\"ListItem\",\"position\":1,\"name\":\"Accueil\",\"item\":\"https:\\\/\\\/paragaleriedetalborjt.com\\\/\"},{\"@type\":\"ListItem\",\"position\":2,\"name\":\"Boutique\",\"item\":\"https:\\\/\\\/paragaleriedetalborjt.com\\\/boutique\\\/\"},{\"@type\":\"ListItem\",\"position\":3,\"name\":\"Gph Diffusion Maca Bio \u2013 100 Comprimes\"}]},{\"@type\":\"WebSite\",\"@id\":\"https:\\\/\\\/paragaleriedetalborjt.com\\\/#website\",\"url\":\"https:\\\/\\\/paragaleriedetalborjt.com\\\/\",\"name\":\"paragaleriedetalborjt\",\"description\":\"\",\"potentialAction\":[{\"@type\":\"SearchAction\",\"target\":{\"@type\":\"EntryPoint\",\"urlTemplate\":\"https:\\\/\\\/paragaleriedetalborjt.com\\\/?s={search_term_string}\"},\"query-input\":{\"@type\":\"PropertyValueSpecification\",\"valueRequired\":true,\"valueName\":\"search_term_string\"}}],\"inLanguage\":\"en-US\"}]}<\/script>\n<!-- \/ Yoast SEO plugin. -->","yoast_head_json":{"title":"Gph Diffusion Maca Bio \u2013 100 Comprimes - paragaleriedetalborjt","robots":{"index":"index","follow":"follow","max-snippet":"max-snippet:-1","max-image-preview":"max-image-preview:large","max-video-preview":"max-video-preview:-1"},"canonical":"https:\/\/paragaleriedetalborjt.com\/en\/boutique\/gph-diffusion-maca-bio-100-comprimes\/","og_locale":"en_US","og_type":"article","og_title":"Gph Diffusion Maca Bio \u2013 100 Comprimes - paragaleriedetalborjt","og_description":"Highlights:La racine de maca lepidium meyinii est une plante d\u2019am\u00e9rique latine qui a l\u2019aspect d\u2019un navet marron. proche parente du chou du navet et de la moutarde elle est cultiv\u00e9e sur les hauts plateaux des andes au p\u00e9rou \u00e0 des altitudes allant jusqu\u2019\u00e0 4000 m\u00e8tres.","og_url":"https:\/\/paragaleriedetalborjt.com\/en\/boutique\/gph-diffusion-maca-bio-100-comprimes\/","og_site_name":"paragaleriedetalborjt","article_modified_time":"2026-01-04T18:45:50+00:00","og_image":[{"width":595,"height":655,"url":"https:\/\/paragaleriedetalborjt.com\/wp-content\/uploads\/2026\/01\/3700216237890.jpg","type":"image\/jpeg"}],"twitter_card":"summary_large_image","twitter_misc":{"Est. reading time":"1 minute"},"schema":{"@context":"https:\/\/schema.org","@graph":[{"@type":"WebPage","@id":"https:\/\/paragaleriedetalborjt.com\/boutique\/gph-diffusion-maca-bio-100-comprimes\/","url":"https:\/\/paragaleriedetalborjt.com\/boutique\/gph-diffusion-maca-bio-100-comprimes\/","name":"Gph Diffusion Maca Bio \u2013 100 Comprimes - paragaleriedetalborjt","isPartOf":{"@id":"https:\/\/paragaleriedetalborjt.com\/#website"},"primaryImageOfPage":{"@id":"https:\/\/paragaleriedetalborjt.com\/boutique\/gph-diffusion-maca-bio-100-comprimes\/#primaryimage"},"image":{"@id":"https:\/\/paragaleriedetalborjt.com\/boutique\/gph-diffusion-maca-bio-100-comprimes\/#primaryimage"},"thumbnailUrl":"https:\/\/paragaleriedetalborjt.com\/wp-content\/uploads\/2026\/01\/3700216237890.jpg","datePublished":"2026-01-04T16:52:55+00:00","dateModified":"2026-01-04T18:45:50+00:00","breadcrumb":{"@id":"https:\/\/paragaleriedetalborjt.com\/boutique\/gph-diffusion-maca-bio-100-comprimes\/#breadcrumb"},"inLanguage":"en-US","potentialAction":[{"@type":"ReadAction","target":["https:\/\/paragaleriedetalborjt.com\/boutique\/gph-diffusion-maca-bio-100-comprimes\/"]}]},{"@type":"ImageObject","inLanguage":"en-US","@id":"https:\/\/paragaleriedetalborjt.com\/boutique\/gph-diffusion-maca-bio-100-comprimes\/#primaryimage","url":"https:\/\/paragaleriedetalborjt.com\/wp-content\/uploads\/2026\/01\/3700216237890.jpg","contentUrl":"https:\/\/paragaleriedetalborjt.com\/wp-content\/uploads\/2026\/01\/3700216237890.jpg","width":595,"height":655},{"@type":"BreadcrumbList","@id":"https:\/\/paragaleriedetalborjt.com\/boutique\/gph-diffusion-maca-bio-100-comprimes\/#breadcrumb","itemListElement":[{"@type":"ListItem","position":1,"name":"Accueil","item":"https:\/\/paragaleriedetalborjt.com\/"},{"@type":"ListItem","position":2,"name":"Boutique","item":"https:\/\/paragaleriedetalborjt.com\/boutique\/"},{"@type":"ListItem","position":3,"name":"Gph Diffusion Maca Bio \u2013 100 Comprimes"}]},{"@type":"WebSite","@id":"https:\/\/paragaleriedetalborjt.com\/#website","url":"https:\/\/paragaleriedetalborjt.com\/","name":"paragaleriedetalborjt","description":"","potentialAction":[{"@type":"SearchAction","target":{"@type":"EntryPoint","urlTemplate":"https:\/\/paragaleriedetalborjt.com\/?s={search_term_string}"},"query-input":{"@type":"PropertyValueSpecification","valueRequired":true,"valueName":"search_term_string"}}],"inLanguage":"en-US"}]}},"brands":[{"id":1727,"name":"GPH","slug":"gph"}],"_links":{"self":[{"href":"https:\/\/paragaleriedetalborjt.com\/en\/wp-json\/wp\/v2\/product\/50641","targetHints":{"allow":["GET"]}}],"collection":[{"href":"https:\/\/paragaleriedetalborjt.com\/en\/wp-json\/wp\/v2\/product"}],"about":[{"href":"https:\/\/paragaleriedetalborjt.com\/en\/wp-json\/wp\/v2\/types\/product"}],"replies":[{"embeddable":true,"href":"https:\/\/paragaleriedetalborjt.com\/en\/wp-json\/wp\/v2\/comments?post=50641"}],"version-history":[{"count":1,"href":"https:\/\/paragaleriedetalborjt.com\/en\/wp-json\/wp\/v2\/product\/50641\/revisions"}],"predecessor-version":[{"id":50643,"href":"https:\/\/paragaleriedetalborjt.com\/en\/wp-json\/wp\/v2\/product\/50641\/revisions\/50643"}],"wp:featuredmedia":[{"embeddable":true,"href":"https:\/\/paragaleriedetalborjt.com\/en\/wp-json\/wp\/v2\/media\/50642"}],"wp:attachment":[{"href":"https:\/\/paragaleriedetalborjt.com\/en\/wp-json\/wp\/v2\/media?parent=50641"}],"wp:term":[{"taxonomy":"pwb-brand","embeddable":true,"href":"https:\/\/paragaleriedetalborjt.com\/en\/wp-json\/wp\/v2\/pwb-brand?post=50641"},{"taxonomy":"product_cat","embeddable":true,"href":"https:\/\/paragaleriedetalborjt.com\/en\/wp-json\/wp\/v2\/product_cat?post=50641"},{"taxonomy":"product_tag","embeddable":true,"href":"https:\/\/paragaleriedetalborjt.com\/en\/wp-json\/wp\/v2\/product_tag?post=50641"}],"curies":[{"name":"wp","href":"https:\/\/api.w.org\/{rel}","templated":true}]}}