{"id":50638,"date":"2026-01-04T17:52:48","date_gmt":"2026-01-04T16:52:48","guid":{"rendered":"https:\/\/paragaleriedetalborjt.com\/?post_type=product&#038;p=50638"},"modified":"2026-01-04T19:45:50","modified_gmt":"2026-01-04T18:45:50","slug":"gph-diffusion-spiruline-bio-100-comprimes","status":"publish","type":"product","link":"https:\/\/paragaleriedetalborjt.com\/en\/boutique\/gph-diffusion-spiruline-bio-100-comprimes\/","title":{"rendered":"Gph Diffusion Spiruline Bio \u2013 100 Comprim\u00e9s"},"content":{"rendered":"<div aria-labelledby=\"tab-title-description\" class=\"woocommerce-Tabs-panel woocommerce-Tabs-panel--description panel entry-content wc-tab\" id=\"tab-description\" role=\"tabpanel\" style=\"\">\n<h2>Description<\/h2>\n<p>Description<br \/>\nLa spiruline bio de chez GPH Diffusion est un compl\u00e9ment alimentaire essentiel \u00e0 votre bien \u00eatre. Nous l\u2019avons test\u00e9 pour vous et voici notre r\u00e9sultat pour ce tr\u00e8s bon produit.<br \/>\nSpirulina Platensis ou spiruline est un des supers aliments du 21\u00e8me si\u00e8cle. En effet, il renferme 15 fois plus de b\u00eata-carot\u00e8ne que la carotte. Mais aussi 3 fois plus de prot\u00e9ines que le b\u0153uf (dont les 9 acides amin\u00e9s essentiels). La spiruline bio contient \u00e9galement 4 fois plus de vitamines B que le foie (dont la B12). Tout cela sans compter ses nombreux min\u00e9raux et antioxydants !<br \/>\nSes riches propri\u00e9t\u00e9s nutritionnelles sont exploit\u00e9es par les ONG, gouvernements et instances internationales. Tous ces organismes y voient l\u2019aliment cl\u00e9 du 21\u00e8me si\u00e8cle pour un futur meilleur.<\/p>\n<p>Conseils d\u2019utilisation<br \/>\n4 \u00e0 6 comprim\u00e9s par jour avec un grand verre d\u2019eau au cours des repas et dans le cadre d\u2019une alimentation \u00e9quilibr\u00e9e.<\/p>\n<p>Tenir hors de port\u00e9e des enfants. Ne pas d\u00e9passer la dose journali\u00e8re recommand\u00e9e.<\/p>\n<\/div>","protected":false},"excerpt":{"rendered":"<p>Highlights:La spiruline est l\u2019une des rares esp\u00e8ces comestibles de la famille des cyanobact\u00e9ries filamenteuses. Gr\u00e2ce \u00e0 sa composition, elle est capable de photosynth\u00e8se et se reproduit rapidement. Elle est notamment compos\u00e9e de chlorophylle et de carot\u00e9no\u00efdes, des pigments utiles \u00e0 ce processus. Elle contient \u00e9galement des oligo\u00e9l\u00e9ments et des min\u00e9raux, toujours pr\u00e9sents lorsqu\u2019elle est d\u00e9shydrat\u00e9e. Les micro algues font partie des superaliments, tant ses vertus sont nombreuses, gr\u00e2ce \u00e0 ses principes actifs importants. En phytoth\u00e9rapie, elles sont utilis\u00e9es dans des compl\u00e9ments alimentaires naturels, faciles \u00e0 prendre au quotidien. Reconnaissable de par leur couleur bleu vert, les comprim\u00e9s qui s\u2019achetaient autrefois exclusivement en magasin bio et en herboristerie, sont aujourd\u2019hui en vente sur internet.<\/p>","protected":false},"featured_media":50639,"comment_status":"open","ping_status":"closed","template":"","meta":[],"pwb-brand":[1727],"product_cat":[16],"product_tag":[],"class_list":{"0":"post-50638","1":"product","2":"type-product","3":"status-publish","4":"has-post-thumbnail","6":"pwb-brand-gph","7":"product_cat-non-classe","8":"pa_brands-gph","10":"first","11":"instock","12":"sale","13":"shipping-taxable","14":"purchasable","15":"product-type-simple"},"yoast_head":"<!-- This site is optimized with the Yoast SEO plugin v27.5 - https:\/\/yoast.com\/product\/yoast-seo-wordpress\/ -->\n<title>Gph Diffusion Spiruline Bio \u2013 100 Comprim\u00e9s - paragaleriedetalborjt<\/title>\n<meta name=\"robots\" content=\"index, follow, max-snippet:-1, max-image-preview:large, max-video-preview:-1\" \/>\n<link rel=\"canonical\" href=\"https:\/\/paragaleriedetalborjt.com\/en\/boutique\/gph-diffusion-spiruline-bio-100-comprimes\/\" \/>\n<meta property=\"og:locale\" content=\"en_US\" \/>\n<meta property=\"og:type\" content=\"article\" \/>\n<meta property=\"og:title\" content=\"Gph Diffusion Spiruline Bio \u2013 100 Comprim\u00e9s - paragaleriedetalborjt\" \/>\n<meta property=\"og:description\" content=\"Highlights:La spiruline est l\u2019une des rares esp\u00e8ces comestibles de la famille des cyanobact\u00e9ries filamenteuses. Gr\u00e2ce \u00e0 sa composition, elle est capable de photosynth\u00e8se et se reproduit rapidement. Elle est notamment compos\u00e9e de chlorophylle et de carot\u00e9no\u00efdes, des pigments utiles \u00e0 ce processus. Elle contient \u00e9galement des oligo\u00e9l\u00e9ments et des min\u00e9raux, toujours pr\u00e9sents lorsqu\u2019elle est d\u00e9shydrat\u00e9e. Les micro algues font partie des superaliments, tant ses vertus sont nombreuses, gr\u00e2ce \u00e0 ses principes actifs importants. En phytoth\u00e9rapie, elles sont utilis\u00e9es dans des compl\u00e9ments alimentaires naturels, faciles \u00e0 prendre au quotidien. Reconnaissable de par leur couleur bleu vert, les comprim\u00e9s qui s\u2019achetaient autrefois exclusivement en magasin bio et en herboristerie, sont aujourd\u2019hui en vente sur internet.\" \/>\n<meta property=\"og:url\" content=\"https:\/\/paragaleriedetalborjt.com\/en\/boutique\/gph-diffusion-spiruline-bio-100-comprimes\/\" \/>\n<meta property=\"og:site_name\" content=\"paragaleriedetalborjt\" \/>\n<meta property=\"article:modified_time\" content=\"2026-01-04T18:45:50+00:00\" \/>\n<meta property=\"og:image\" content=\"https:\/\/paragaleriedetalborjt.com\/wp-content\/uploads\/2026\/01\/3700216223381.jpg\" \/>\n\t<meta property=\"og:image:width\" content=\"595\" \/>\n\t<meta property=\"og:image:height\" content=\"655\" \/>\n\t<meta property=\"og:image:type\" content=\"image\/jpeg\" \/>\n<meta name=\"twitter:card\" content=\"summary_large_image\" \/>\n<meta name=\"twitter:label1\" content=\"Est. reading time\" \/>\n\t<meta name=\"twitter:data1\" content=\"1 minute\" \/>\n<script type=\"application\/ld+json\" class=\"yoast-schema-graph\">{\"@context\":\"https:\\\/\\\/schema.org\",\"@graph\":[{\"@type\":\"WebPage\",\"@id\":\"https:\\\/\\\/paragaleriedetalborjt.com\\\/boutique\\\/gph-diffusion-spiruline-bio-100-comprimes\\\/\",\"url\":\"https:\\\/\\\/paragaleriedetalborjt.com\\\/boutique\\\/gph-diffusion-spiruline-bio-100-comprimes\\\/\",\"name\":\"Gph Diffusion Spiruline Bio \u2013 100 Comprim\u00e9s - paragaleriedetalborjt\",\"isPartOf\":{\"@id\":\"https:\\\/\\\/paragaleriedetalborjt.com\\\/#website\"},\"primaryImageOfPage\":{\"@id\":\"https:\\\/\\\/paragaleriedetalborjt.com\\\/boutique\\\/gph-diffusion-spiruline-bio-100-comprimes\\\/#primaryimage\"},\"image\":{\"@id\":\"https:\\\/\\\/paragaleriedetalborjt.com\\\/boutique\\\/gph-diffusion-spiruline-bio-100-comprimes\\\/#primaryimage\"},\"thumbnailUrl\":\"https:\\\/\\\/paragaleriedetalborjt.com\\\/wp-content\\\/uploads\\\/2026\\\/01\\\/3700216223381.jpg\",\"datePublished\":\"2026-01-04T16:52:48+00:00\",\"dateModified\":\"2026-01-04T18:45:50+00:00\",\"breadcrumb\":{\"@id\":\"https:\\\/\\\/paragaleriedetalborjt.com\\\/boutique\\\/gph-diffusion-spiruline-bio-100-comprimes\\\/#breadcrumb\"},\"inLanguage\":\"en-US\",\"potentialAction\":[{\"@type\":\"ReadAction\",\"target\":[\"https:\\\/\\\/paragaleriedetalborjt.com\\\/boutique\\\/gph-diffusion-spiruline-bio-100-comprimes\\\/\"]}]},{\"@type\":\"ImageObject\",\"inLanguage\":\"en-US\",\"@id\":\"https:\\\/\\\/paragaleriedetalborjt.com\\\/boutique\\\/gph-diffusion-spiruline-bio-100-comprimes\\\/#primaryimage\",\"url\":\"https:\\\/\\\/paragaleriedetalborjt.com\\\/wp-content\\\/uploads\\\/2026\\\/01\\\/3700216223381.jpg\",\"contentUrl\":\"https:\\\/\\\/paragaleriedetalborjt.com\\\/wp-content\\\/uploads\\\/2026\\\/01\\\/3700216223381.jpg\",\"width\":595,\"height\":655},{\"@type\":\"BreadcrumbList\",\"@id\":\"https:\\\/\\\/paragaleriedetalborjt.com\\\/boutique\\\/gph-diffusion-spiruline-bio-100-comprimes\\\/#breadcrumb\",\"itemListElement\":[{\"@type\":\"ListItem\",\"position\":1,\"name\":\"Accueil\",\"item\":\"https:\\\/\\\/paragaleriedetalborjt.com\\\/\"},{\"@type\":\"ListItem\",\"position\":2,\"name\":\"Boutique\",\"item\":\"https:\\\/\\\/paragaleriedetalborjt.com\\\/boutique\\\/\"},{\"@type\":\"ListItem\",\"position\":3,\"name\":\"Gph Diffusion Spiruline Bio \u2013 100 Comprim\u00e9s\"}]},{\"@type\":\"WebSite\",\"@id\":\"https:\\\/\\\/paragaleriedetalborjt.com\\\/#website\",\"url\":\"https:\\\/\\\/paragaleriedetalborjt.com\\\/\",\"name\":\"paragaleriedetalborjt\",\"description\":\"\",\"potentialAction\":[{\"@type\":\"SearchAction\",\"target\":{\"@type\":\"EntryPoint\",\"urlTemplate\":\"https:\\\/\\\/paragaleriedetalborjt.com\\\/?s={search_term_string}\"},\"query-input\":{\"@type\":\"PropertyValueSpecification\",\"valueRequired\":true,\"valueName\":\"search_term_string\"}}],\"inLanguage\":\"en-US\"}]}<\/script>\n<!-- \/ Yoast SEO plugin. -->","yoast_head_json":{"title":"Gph Diffusion Spiruline Bio \u2013 100 Comprim\u00e9s - paragaleriedetalborjt","robots":{"index":"index","follow":"follow","max-snippet":"max-snippet:-1","max-image-preview":"max-image-preview:large","max-video-preview":"max-video-preview:-1"},"canonical":"https:\/\/paragaleriedetalborjt.com\/en\/boutique\/gph-diffusion-spiruline-bio-100-comprimes\/","og_locale":"en_US","og_type":"article","og_title":"Gph Diffusion Spiruline Bio \u2013 100 Comprim\u00e9s - paragaleriedetalborjt","og_description":"Highlights:La spiruline est l\u2019une des rares esp\u00e8ces comestibles de la famille des cyanobact\u00e9ries filamenteuses. Gr\u00e2ce \u00e0 sa composition, elle est capable de photosynth\u00e8se et se reproduit rapidement. Elle est notamment compos\u00e9e de chlorophylle et de carot\u00e9no\u00efdes, des pigments utiles \u00e0 ce processus. Elle contient \u00e9galement des oligo\u00e9l\u00e9ments et des min\u00e9raux, toujours pr\u00e9sents lorsqu\u2019elle est d\u00e9shydrat\u00e9e. Les micro algues font partie des superaliments, tant ses vertus sont nombreuses, gr\u00e2ce \u00e0 ses principes actifs importants. En phytoth\u00e9rapie, elles sont utilis\u00e9es dans des compl\u00e9ments alimentaires naturels, faciles \u00e0 prendre au quotidien. Reconnaissable de par leur couleur bleu vert, les comprim\u00e9s qui s\u2019achetaient autrefois exclusivement en magasin bio et en herboristerie, sont aujourd\u2019hui en vente sur internet.","og_url":"https:\/\/paragaleriedetalborjt.com\/en\/boutique\/gph-diffusion-spiruline-bio-100-comprimes\/","og_site_name":"paragaleriedetalborjt","article_modified_time":"2026-01-04T18:45:50+00:00","og_image":[{"width":595,"height":655,"url":"https:\/\/paragaleriedetalborjt.com\/wp-content\/uploads\/2026\/01\/3700216223381.jpg","type":"image\/jpeg"}],"twitter_card":"summary_large_image","twitter_misc":{"Est. reading time":"1 minute"},"schema":{"@context":"https:\/\/schema.org","@graph":[{"@type":"WebPage","@id":"https:\/\/paragaleriedetalborjt.com\/boutique\/gph-diffusion-spiruline-bio-100-comprimes\/","url":"https:\/\/paragaleriedetalborjt.com\/boutique\/gph-diffusion-spiruline-bio-100-comprimes\/","name":"Gph Diffusion Spiruline Bio \u2013 100 Comprim\u00e9s - paragaleriedetalborjt","isPartOf":{"@id":"https:\/\/paragaleriedetalborjt.com\/#website"},"primaryImageOfPage":{"@id":"https:\/\/paragaleriedetalborjt.com\/boutique\/gph-diffusion-spiruline-bio-100-comprimes\/#primaryimage"},"image":{"@id":"https:\/\/paragaleriedetalborjt.com\/boutique\/gph-diffusion-spiruline-bio-100-comprimes\/#primaryimage"},"thumbnailUrl":"https:\/\/paragaleriedetalborjt.com\/wp-content\/uploads\/2026\/01\/3700216223381.jpg","datePublished":"2026-01-04T16:52:48+00:00","dateModified":"2026-01-04T18:45:50+00:00","breadcrumb":{"@id":"https:\/\/paragaleriedetalborjt.com\/boutique\/gph-diffusion-spiruline-bio-100-comprimes\/#breadcrumb"},"inLanguage":"en-US","potentialAction":[{"@type":"ReadAction","target":["https:\/\/paragaleriedetalborjt.com\/boutique\/gph-diffusion-spiruline-bio-100-comprimes\/"]}]},{"@type":"ImageObject","inLanguage":"en-US","@id":"https:\/\/paragaleriedetalborjt.com\/boutique\/gph-diffusion-spiruline-bio-100-comprimes\/#primaryimage","url":"https:\/\/paragaleriedetalborjt.com\/wp-content\/uploads\/2026\/01\/3700216223381.jpg","contentUrl":"https:\/\/paragaleriedetalborjt.com\/wp-content\/uploads\/2026\/01\/3700216223381.jpg","width":595,"height":655},{"@type":"BreadcrumbList","@id":"https:\/\/paragaleriedetalborjt.com\/boutique\/gph-diffusion-spiruline-bio-100-comprimes\/#breadcrumb","itemListElement":[{"@type":"ListItem","position":1,"name":"Accueil","item":"https:\/\/paragaleriedetalborjt.com\/"},{"@type":"ListItem","position":2,"name":"Boutique","item":"https:\/\/paragaleriedetalborjt.com\/boutique\/"},{"@type":"ListItem","position":3,"name":"Gph Diffusion Spiruline Bio \u2013 100 Comprim\u00e9s"}]},{"@type":"WebSite","@id":"https:\/\/paragaleriedetalborjt.com\/#website","url":"https:\/\/paragaleriedetalborjt.com\/","name":"paragaleriedetalborjt","description":"","potentialAction":[{"@type":"SearchAction","target":{"@type":"EntryPoint","urlTemplate":"https:\/\/paragaleriedetalborjt.com\/?s={search_term_string}"},"query-input":{"@type":"PropertyValueSpecification","valueRequired":true,"valueName":"search_term_string"}}],"inLanguage":"en-US"}]}},"brands":[{"id":1727,"name":"GPH","slug":"gph"}],"_links":{"self":[{"href":"https:\/\/paragaleriedetalborjt.com\/en\/wp-json\/wp\/v2\/product\/50638","targetHints":{"allow":["GET"]}}],"collection":[{"href":"https:\/\/paragaleriedetalborjt.com\/en\/wp-json\/wp\/v2\/product"}],"about":[{"href":"https:\/\/paragaleriedetalborjt.com\/en\/wp-json\/wp\/v2\/types\/product"}],"replies":[{"embeddable":true,"href":"https:\/\/paragaleriedetalborjt.com\/en\/wp-json\/wp\/v2\/comments?post=50638"}],"version-history":[{"count":1,"href":"https:\/\/paragaleriedetalborjt.com\/en\/wp-json\/wp\/v2\/product\/50638\/revisions"}],"predecessor-version":[{"id":50640,"href":"https:\/\/paragaleriedetalborjt.com\/en\/wp-json\/wp\/v2\/product\/50638\/revisions\/50640"}],"wp:featuredmedia":[{"embeddable":true,"href":"https:\/\/paragaleriedetalborjt.com\/en\/wp-json\/wp\/v2\/media\/50639"}],"wp:attachment":[{"href":"https:\/\/paragaleriedetalborjt.com\/en\/wp-json\/wp\/v2\/media?parent=50638"}],"wp:term":[{"taxonomy":"pwb-brand","embeddable":true,"href":"https:\/\/paragaleriedetalborjt.com\/en\/wp-json\/wp\/v2\/pwb-brand?post=50638"},{"taxonomy":"product_cat","embeddable":true,"href":"https:\/\/paragaleriedetalborjt.com\/en\/wp-json\/wp\/v2\/product_cat?post=50638"},{"taxonomy":"product_tag","embeddable":true,"href":"https:\/\/paragaleriedetalborjt.com\/en\/wp-json\/wp\/v2\/product_tag?post=50638"}],"curies":[{"name":"wp","href":"https:\/\/api.w.org\/{rel}","templated":true}]}}