{"id":50554,"date":"2026-01-04T17:48:59","date_gmt":"2026-01-04T16:48:59","guid":{"rendered":"https:\/\/paragaleriedetalborjt.com\/?post_type=product&#038;p=50554"},"modified":"2026-01-04T19:45:44","modified_gmt":"2026-01-04T18:45:44","slug":"caditar-shampoing-cheveux-secs-150-ml","status":"publish","type":"product","link":"https:\/\/paragaleriedetalborjt.com\/en\/boutique\/caditar-shampoing-cheveux-secs-150-ml\/","title":{"rendered":"Caditar Shampoing Cheveux Secs \u2013 150 ml"},"content":{"rendered":"<div aria-labelledby=\"tab-title-description\" class=\"woocommerce-Tabs-panel woocommerce-Tabs-panel--description panel entry-content wc-tab\" id=\"tab-description\" role=\"tabpanel\" style=\"\">\n<h2>Description<\/h2>\n<p>Description<br \/>\nShampoing pour cheveux secs aux extraits de raisin et d\u2019ylang ylang pour une augmentation de l\u2019hydratation du cuir chevelu.<br \/>\nUne triple action sur le cuir chevelu: Nourrit, renforce et hydrate<br \/>\nUn shampoing ayant fait l\u2019objet d\u2019une \u00e9tude clinique in vivo ayant d\u00e9montr\u00e9 son efficacit\u00e9 avec une augmentation de 36% de l\u2019hydration du cheveu.<\/p>\n<p>Propri\u00e9t\u00e9s<br \/>\nRend les cheveux sont doux et facile a coiffer.<\/p>\n<p>Conseils d\u2019utilisation<br \/>\nAgiter avant usage, appliquer sur les cheveux humides, faire mousser, laisser agir pendant 5 minutes. Rincer. Utiliser 3 fois par semaine.<\/p>\n<p>Pr\u00e9cautions d\u2019emploi:<br \/>\nEviter le contact avec les yeux, rincer abondamment \u00e0 l\u2019eau claire. A conserver \u00e0 l\u2019abris de la chaleur.<\/p>\n<\/div>","protected":false},"excerpt":{"rendered":"<p>Highlights:Caditar shampoing cheveux secs hydratation de la fibre capillaire , am\u00e9lioration de la souplesse , renfor\u00e7ateur capillaire, brillanceil contient un complexe d\u2019actifs r\u00e9gulateurs \u00e0 base de sucres d\u2019origine naturelle , le tout sur une base lavante extr\u00eamement douce pour ne pas ab\u00eemer le cheveu et le rendre souple et soyeux<\/p>","protected":false},"featured_media":50555,"comment_status":"open","ping_status":"closed","template":"","meta":[],"pwb-brand":[1676],"product_cat":[16],"product_tag":[],"class_list":{"0":"post-50554","1":"product","2":"type-product","3":"status-publish","4":"has-post-thumbnail","6":"pwb-brand-caditar","7":"product_cat-non-classe","8":"pa_brands-caditar","10":"first","11":"instock","12":"sale","13":"shipping-taxable","14":"purchasable","15":"product-type-simple"},"yoast_head":"<!-- This site is optimized with the Yoast SEO plugin v26.9 - https:\/\/yoast.com\/product\/yoast-seo-wordpress\/ -->\n<title>Caditar Shampoing Cheveux Secs \u2013 150 ml - paragaleriedetalborjt<\/title>\n<meta name=\"robots\" content=\"index, follow, max-snippet:-1, max-image-preview:large, max-video-preview:-1\" \/>\n<link rel=\"canonical\" href=\"https:\/\/paragaleriedetalborjt.com\/en\/boutique\/caditar-shampoing-cheveux-secs-150-ml\/\" \/>\n<meta property=\"og:locale\" content=\"en_US\" \/>\n<meta property=\"og:type\" content=\"article\" \/>\n<meta property=\"og:title\" content=\"Caditar Shampoing Cheveux Secs \u2013 150 ml - paragaleriedetalborjt\" \/>\n<meta property=\"og:description\" content=\"Highlights:Caditar shampoing cheveux secs hydratation de la fibre capillaire , am\u00e9lioration de la souplesse , renfor\u00e7ateur capillaire, brillanceil contient un complexe d\u2019actifs r\u00e9gulateurs \u00e0 base de sucres d\u2019origine naturelle , le tout sur une base lavante extr\u00eamement douce pour ne pas ab\u00eemer le cheveu et le rendre souple et soyeux\" \/>\n<meta property=\"og:url\" content=\"https:\/\/paragaleriedetalborjt.com\/en\/boutique\/caditar-shampoing-cheveux-secs-150-ml\/\" \/>\n<meta property=\"og:site_name\" content=\"paragaleriedetalborjt\" \/>\n<meta property=\"article:modified_time\" content=\"2026-01-04T18:45:44+00:00\" \/>\n<meta property=\"og:image\" content=\"https:\/\/paragaleriedetalborjt.com\/wp-content\/uploads\/2026\/01\/3760274570025.jpg\" \/>\n\t<meta property=\"og:image:width\" content=\"595\" \/>\n\t<meta property=\"og:image:height\" content=\"655\" \/>\n\t<meta property=\"og:image:type\" content=\"image\/jpeg\" \/>\n<meta name=\"twitter:card\" content=\"summary_large_image\" \/>\n<meta name=\"twitter:label1\" content=\"Est. reading time\" \/>\n\t<meta name=\"twitter:data1\" content=\"1 minute\" \/>\n<script type=\"application\/ld+json\" class=\"yoast-schema-graph\">{\"@context\":\"https:\/\/schema.org\",\"@graph\":[{\"@type\":\"WebPage\",\"@id\":\"https:\/\/paragaleriedetalborjt.com\/boutique\/caditar-shampoing-cheveux-secs-150-ml\/\",\"url\":\"https:\/\/paragaleriedetalborjt.com\/boutique\/caditar-shampoing-cheveux-secs-150-ml\/\",\"name\":\"Caditar Shampoing Cheveux Secs \u2013 150 ml - paragaleriedetalborjt\",\"isPartOf\":{\"@id\":\"https:\/\/paragaleriedetalborjt.com\/#website\"},\"primaryImageOfPage\":{\"@id\":\"https:\/\/paragaleriedetalborjt.com\/boutique\/caditar-shampoing-cheveux-secs-150-ml\/#primaryimage\"},\"image\":{\"@id\":\"https:\/\/paragaleriedetalborjt.com\/boutique\/caditar-shampoing-cheveux-secs-150-ml\/#primaryimage\"},\"thumbnailUrl\":\"https:\/\/paragaleriedetalborjt.com\/wp-content\/uploads\/2026\/01\/3760274570025.jpg\",\"datePublished\":\"2026-01-04T16:48:59+00:00\",\"dateModified\":\"2026-01-04T18:45:44+00:00\",\"breadcrumb\":{\"@id\":\"https:\/\/paragaleriedetalborjt.com\/boutique\/caditar-shampoing-cheveux-secs-150-ml\/#breadcrumb\"},\"inLanguage\":\"en-US\",\"potentialAction\":[{\"@type\":\"ReadAction\",\"target\":[\"https:\/\/paragaleriedetalborjt.com\/boutique\/caditar-shampoing-cheveux-secs-150-ml\/\"]}]},{\"@type\":\"ImageObject\",\"inLanguage\":\"en-US\",\"@id\":\"https:\/\/paragaleriedetalborjt.com\/boutique\/caditar-shampoing-cheveux-secs-150-ml\/#primaryimage\",\"url\":\"https:\/\/paragaleriedetalborjt.com\/wp-content\/uploads\/2026\/01\/3760274570025.jpg\",\"contentUrl\":\"https:\/\/paragaleriedetalborjt.com\/wp-content\/uploads\/2026\/01\/3760274570025.jpg\",\"width\":595,\"height\":655},{\"@type\":\"BreadcrumbList\",\"@id\":\"https:\/\/paragaleriedetalborjt.com\/boutique\/caditar-shampoing-cheveux-secs-150-ml\/#breadcrumb\",\"itemListElement\":[{\"@type\":\"ListItem\",\"position\":1,\"name\":\"Accueil\",\"item\":\"https:\/\/paragaleriedetalborjt.com\/\"},{\"@type\":\"ListItem\",\"position\":2,\"name\":\"Boutique\",\"item\":\"https:\/\/paragaleriedetalborjt.com\/boutique\/\"},{\"@type\":\"ListItem\",\"position\":3,\"name\":\"Caditar Shampoing Cheveux Secs \u2013 150 ml\"}]},{\"@type\":\"WebSite\",\"@id\":\"https:\/\/paragaleriedetalborjt.com\/#website\",\"url\":\"https:\/\/paragaleriedetalborjt.com\/\",\"name\":\"paragaleriedetalborjt\",\"description\":\"\",\"potentialAction\":[{\"@type\":\"SearchAction\",\"target\":{\"@type\":\"EntryPoint\",\"urlTemplate\":\"https:\/\/paragaleriedetalborjt.com\/?s={search_term_string}\"},\"query-input\":{\"@type\":\"PropertyValueSpecification\",\"valueRequired\":true,\"valueName\":\"search_term_string\"}}],\"inLanguage\":\"en-US\"}]}<\/script>\n<!-- \/ Yoast SEO plugin. -->","yoast_head_json":{"title":"Caditar Shampoing Cheveux Secs \u2013 150 ml - paragaleriedetalborjt","robots":{"index":"index","follow":"follow","max-snippet":"max-snippet:-1","max-image-preview":"max-image-preview:large","max-video-preview":"max-video-preview:-1"},"canonical":"https:\/\/paragaleriedetalborjt.com\/en\/boutique\/caditar-shampoing-cheveux-secs-150-ml\/","og_locale":"en_US","og_type":"article","og_title":"Caditar Shampoing Cheveux Secs \u2013 150 ml - paragaleriedetalborjt","og_description":"Highlights:Caditar shampoing cheveux secs hydratation de la fibre capillaire , am\u00e9lioration de la souplesse , renfor\u00e7ateur capillaire, brillanceil contient un complexe d\u2019actifs r\u00e9gulateurs \u00e0 base de sucres d\u2019origine naturelle , le tout sur une base lavante extr\u00eamement douce pour ne pas ab\u00eemer le cheveu et le rendre souple et soyeux","og_url":"https:\/\/paragaleriedetalborjt.com\/en\/boutique\/caditar-shampoing-cheveux-secs-150-ml\/","og_site_name":"paragaleriedetalborjt","article_modified_time":"2026-01-04T18:45:44+00:00","og_image":[{"width":595,"height":655,"url":"https:\/\/paragaleriedetalborjt.com\/wp-content\/uploads\/2026\/01\/3760274570025.jpg","type":"image\/jpeg"}],"twitter_card":"summary_large_image","twitter_misc":{"Est. reading time":"1 minute"},"schema":{"@context":"https:\/\/schema.org","@graph":[{"@type":"WebPage","@id":"https:\/\/paragaleriedetalborjt.com\/boutique\/caditar-shampoing-cheveux-secs-150-ml\/","url":"https:\/\/paragaleriedetalborjt.com\/boutique\/caditar-shampoing-cheveux-secs-150-ml\/","name":"Caditar Shampoing Cheveux Secs \u2013 150 ml - paragaleriedetalborjt","isPartOf":{"@id":"https:\/\/paragaleriedetalborjt.com\/#website"},"primaryImageOfPage":{"@id":"https:\/\/paragaleriedetalborjt.com\/boutique\/caditar-shampoing-cheveux-secs-150-ml\/#primaryimage"},"image":{"@id":"https:\/\/paragaleriedetalborjt.com\/boutique\/caditar-shampoing-cheveux-secs-150-ml\/#primaryimage"},"thumbnailUrl":"https:\/\/paragaleriedetalborjt.com\/wp-content\/uploads\/2026\/01\/3760274570025.jpg","datePublished":"2026-01-04T16:48:59+00:00","dateModified":"2026-01-04T18:45:44+00:00","breadcrumb":{"@id":"https:\/\/paragaleriedetalborjt.com\/boutique\/caditar-shampoing-cheveux-secs-150-ml\/#breadcrumb"},"inLanguage":"en-US","potentialAction":[{"@type":"ReadAction","target":["https:\/\/paragaleriedetalborjt.com\/boutique\/caditar-shampoing-cheveux-secs-150-ml\/"]}]},{"@type":"ImageObject","inLanguage":"en-US","@id":"https:\/\/paragaleriedetalborjt.com\/boutique\/caditar-shampoing-cheveux-secs-150-ml\/#primaryimage","url":"https:\/\/paragaleriedetalborjt.com\/wp-content\/uploads\/2026\/01\/3760274570025.jpg","contentUrl":"https:\/\/paragaleriedetalborjt.com\/wp-content\/uploads\/2026\/01\/3760274570025.jpg","width":595,"height":655},{"@type":"BreadcrumbList","@id":"https:\/\/paragaleriedetalborjt.com\/boutique\/caditar-shampoing-cheveux-secs-150-ml\/#breadcrumb","itemListElement":[{"@type":"ListItem","position":1,"name":"Accueil","item":"https:\/\/paragaleriedetalborjt.com\/"},{"@type":"ListItem","position":2,"name":"Boutique","item":"https:\/\/paragaleriedetalborjt.com\/boutique\/"},{"@type":"ListItem","position":3,"name":"Caditar Shampoing Cheveux Secs \u2013 150 ml"}]},{"@type":"WebSite","@id":"https:\/\/paragaleriedetalborjt.com\/#website","url":"https:\/\/paragaleriedetalborjt.com\/","name":"paragaleriedetalborjt","description":"","potentialAction":[{"@type":"SearchAction","target":{"@type":"EntryPoint","urlTemplate":"https:\/\/paragaleriedetalborjt.com\/?s={search_term_string}"},"query-input":{"@type":"PropertyValueSpecification","valueRequired":true,"valueName":"search_term_string"}}],"inLanguage":"en-US"}]}},"brands":[{"id":1676,"name":"CADITAR","slug":"caditar"}],"_links":{"self":[{"href":"https:\/\/paragaleriedetalborjt.com\/en\/wp-json\/wp\/v2\/product\/50554","targetHints":{"allow":["GET"]}}],"collection":[{"href":"https:\/\/paragaleriedetalborjt.com\/en\/wp-json\/wp\/v2\/product"}],"about":[{"href":"https:\/\/paragaleriedetalborjt.com\/en\/wp-json\/wp\/v2\/types\/product"}],"replies":[{"embeddable":true,"href":"https:\/\/paragaleriedetalborjt.com\/en\/wp-json\/wp\/v2\/comments?post=50554"}],"version-history":[{"count":1,"href":"https:\/\/paragaleriedetalborjt.com\/en\/wp-json\/wp\/v2\/product\/50554\/revisions"}],"predecessor-version":[{"id":50556,"href":"https:\/\/paragaleriedetalborjt.com\/en\/wp-json\/wp\/v2\/product\/50554\/revisions\/50556"}],"wp:featuredmedia":[{"embeddable":true,"href":"https:\/\/paragaleriedetalborjt.com\/en\/wp-json\/wp\/v2\/media\/50555"}],"wp:attachment":[{"href":"https:\/\/paragaleriedetalborjt.com\/en\/wp-json\/wp\/v2\/media?parent=50554"}],"wp:term":[{"taxonomy":"pwb-brand","embeddable":true,"href":"https:\/\/paragaleriedetalborjt.com\/en\/wp-json\/wp\/v2\/pwb-brand?post=50554"},{"taxonomy":"product_cat","embeddable":true,"href":"https:\/\/paragaleriedetalborjt.com\/en\/wp-json\/wp\/v2\/product_cat?post=50554"},{"taxonomy":"product_tag","embeddable":true,"href":"https:\/\/paragaleriedetalborjt.com\/en\/wp-json\/wp\/v2\/product_tag?post=50554"}],"curies":[{"name":"wp","href":"https:\/\/api.w.org\/{rel}","templated":true}]}}