{"id":50503,"date":"2026-01-04T17:46:13","date_gmt":"2026-01-04T16:46:13","guid":{"rendered":"https:\/\/paragaleriedetalborjt.com\/?post_type=product&#038;p=50503"},"modified":"2026-01-04T19:45:39","modified_gmt":"2026-01-04T18:45:39","slug":"naturesoin-glysoin-creme-riche-en-glycerine-50-ml","status":"publish","type":"product","link":"https:\/\/paragaleriedetalborjt.com\/en\/boutique\/naturesoin-glysoin-creme-riche-en-glycerine-50-ml\/","title":{"rendered":"NaturEsoin Glysoin Cr\u00e8me Riche en Glycerine \u2013 50 ml"},"content":{"rendered":"<div aria-labelledby=\"tab-title-description\" class=\"woocommerce-Tabs-panel woocommerce-Tabs-panel--description panel entry-content wc-tab\" id=\"tab-description\" role=\"tabpanel\" style=\"\">\n<h2>Description<\/h2>\n<p>Description<br \/>\nGLYSOIN Cr\u00e8me pour les mains, particuli\u00e8rement riche en glyc\u00e9rine, \u00e9labor\u00e9e au beurre de karit\u00e9, au beurre de cacao, \u00e0 allanto\u00efne et \u00e0 la vitamine E, des actifs hydratants, protecteurs, apaisants et anti-vieillissement cutan\u00e9<\/p>\n<p>Composition<br \/>\nALLANTOIN, *******, AQUA, BENZYL SALICYLATE, BUTYROSPERMUM PARKII, *******, CETEARETH-25, CETEARYL ALCOHOL, *******, CITRONELLOL, DICAPRYLYL CARBONATE, DIMETHICONE, *******, FRAGRANCE, GERANIOL, GLYCERIN, HEXYL CINNAMAL, ISOPROPYL PALMITATE, LINALOOL, PHENOXYETHANOL, *******, SODIUM CETEARYL SULFATE, TETRASODIUM EDTA, THEOBROMA CACAO SEED BUTTER, TOCOPHERYL ACETATE (*).<\/p>\n<\/div>","protected":false},"excerpt":{"rendered":"<p>Highlights:Cr\u00e8me pour les mains, particuli\u00e8rement riche en glycerine, \u00e9labor\u00e9e au beurre de karit\u00e9, au beurre de cacao, \u00e0 l\u2019allantoine et \u00e0 la vitamine E, des actifs hydratants, protecteurs, apaisants et antivieillissement cutan\u00e9. Douce et p\u00e9n\u00e9trante, elle assure une hydratation des couches superficielles de la peau, prot\u00e8ge contre les agressions ext\u00e9rieures permanentes, apaise et adoucit la peau.<\/p>","protected":false},"featured_media":50504,"comment_status":"open","ping_status":"closed","template":"","meta":[],"pwb-brand":[1585],"product_cat":[16],"product_tag":[],"class_list":{"0":"post-50503","1":"product","2":"type-product","3":"status-publish","4":"has-post-thumbnail","6":"pwb-brand-naturesoin","7":"product_cat-non-classe","8":"pa_brands-naturesoin","10":"first","11":"instock","12":"sale","13":"shipping-taxable","14":"purchasable","15":"product-type-simple"},"yoast_head":"<!-- This site is optimized with the Yoast SEO plugin v27.5 - https:\/\/yoast.com\/product\/yoast-seo-wordpress\/ -->\n<title>NaturEsoin Glysoin Cr\u00e8me Riche en Glycerine \u2013 50 ml - paragaleriedetalborjt<\/title>\n<meta name=\"robots\" content=\"index, follow, max-snippet:-1, max-image-preview:large, max-video-preview:-1\" \/>\n<link rel=\"canonical\" href=\"https:\/\/paragaleriedetalborjt.com\/en\/boutique\/naturesoin-glysoin-creme-riche-en-glycerine-50-ml\/\" \/>\n<meta property=\"og:locale\" content=\"en_US\" \/>\n<meta property=\"og:type\" content=\"article\" \/>\n<meta property=\"og:title\" content=\"NaturEsoin Glysoin Cr\u00e8me Riche en Glycerine \u2013 50 ml - paragaleriedetalborjt\" \/>\n<meta property=\"og:description\" content=\"Highlights:Cr\u00e8me pour les mains, particuli\u00e8rement riche en glycerine, \u00e9labor\u00e9e au beurre de karit\u00e9, au beurre de cacao, \u00e0 l\u2019allantoine et \u00e0 la vitamine E, des actifs hydratants, protecteurs, apaisants et antivieillissement cutan\u00e9. Douce et p\u00e9n\u00e9trante, elle assure une hydratation des couches superficielles de la peau, prot\u00e8ge contre les agressions ext\u00e9rieures permanentes, apaise et adoucit la peau.\" \/>\n<meta property=\"og:url\" content=\"https:\/\/paragaleriedetalborjt.com\/en\/boutique\/naturesoin-glysoin-creme-riche-en-glycerine-50-ml\/\" \/>\n<meta property=\"og:site_name\" content=\"paragaleriedetalborjt\" \/>\n<meta property=\"article:modified_time\" content=\"2026-01-04T18:45:39+00:00\" \/>\n<meta property=\"og:image\" content=\"https:\/\/paragaleriedetalborjt.com\/wp-content\/uploads\/2026\/01\/6111259373006.jpg\" \/>\n\t<meta property=\"og:image:width\" content=\"595\" \/>\n\t<meta property=\"og:image:height\" content=\"655\" \/>\n\t<meta property=\"og:image:type\" content=\"image\/jpeg\" \/>\n<meta name=\"twitter:card\" content=\"summary_large_image\" \/>\n<script type=\"application\/ld+json\" class=\"yoast-schema-graph\">{\"@context\":\"https:\\\/\\\/schema.org\",\"@graph\":[{\"@type\":\"WebPage\",\"@id\":\"https:\\\/\\\/paragaleriedetalborjt.com\\\/boutique\\\/naturesoin-glysoin-creme-riche-en-glycerine-50-ml\\\/\",\"url\":\"https:\\\/\\\/paragaleriedetalborjt.com\\\/boutique\\\/naturesoin-glysoin-creme-riche-en-glycerine-50-ml\\\/\",\"name\":\"NaturEsoin Glysoin Cr\u00e8me Riche en Glycerine \u2013 50 ml - paragaleriedetalborjt\",\"isPartOf\":{\"@id\":\"https:\\\/\\\/paragaleriedetalborjt.com\\\/#website\"},\"primaryImageOfPage\":{\"@id\":\"https:\\\/\\\/paragaleriedetalborjt.com\\\/boutique\\\/naturesoin-glysoin-creme-riche-en-glycerine-50-ml\\\/#primaryimage\"},\"image\":{\"@id\":\"https:\\\/\\\/paragaleriedetalborjt.com\\\/boutique\\\/naturesoin-glysoin-creme-riche-en-glycerine-50-ml\\\/#primaryimage\"},\"thumbnailUrl\":\"https:\\\/\\\/paragaleriedetalborjt.com\\\/wp-content\\\/uploads\\\/2026\\\/01\\\/6111259373006.jpg\",\"datePublished\":\"2026-01-04T16:46:13+00:00\",\"dateModified\":\"2026-01-04T18:45:39+00:00\",\"breadcrumb\":{\"@id\":\"https:\\\/\\\/paragaleriedetalborjt.com\\\/boutique\\\/naturesoin-glysoin-creme-riche-en-glycerine-50-ml\\\/#breadcrumb\"},\"inLanguage\":\"en-US\",\"potentialAction\":[{\"@type\":\"ReadAction\",\"target\":[\"https:\\\/\\\/paragaleriedetalborjt.com\\\/boutique\\\/naturesoin-glysoin-creme-riche-en-glycerine-50-ml\\\/\"]}]},{\"@type\":\"ImageObject\",\"inLanguage\":\"en-US\",\"@id\":\"https:\\\/\\\/paragaleriedetalborjt.com\\\/boutique\\\/naturesoin-glysoin-creme-riche-en-glycerine-50-ml\\\/#primaryimage\",\"url\":\"https:\\\/\\\/paragaleriedetalborjt.com\\\/wp-content\\\/uploads\\\/2026\\\/01\\\/6111259373006.jpg\",\"contentUrl\":\"https:\\\/\\\/paragaleriedetalborjt.com\\\/wp-content\\\/uploads\\\/2026\\\/01\\\/6111259373006.jpg\",\"width\":595,\"height\":655},{\"@type\":\"BreadcrumbList\",\"@id\":\"https:\\\/\\\/paragaleriedetalborjt.com\\\/boutique\\\/naturesoin-glysoin-creme-riche-en-glycerine-50-ml\\\/#breadcrumb\",\"itemListElement\":[{\"@type\":\"ListItem\",\"position\":1,\"name\":\"Accueil\",\"item\":\"https:\\\/\\\/paragaleriedetalborjt.com\\\/\"},{\"@type\":\"ListItem\",\"position\":2,\"name\":\"Boutique\",\"item\":\"https:\\\/\\\/paragaleriedetalborjt.com\\\/boutique\\\/\"},{\"@type\":\"ListItem\",\"position\":3,\"name\":\"NaturEsoin Glysoin Cr\u00e8me Riche en Glycerine \u2013 50 ml\"}]},{\"@type\":\"WebSite\",\"@id\":\"https:\\\/\\\/paragaleriedetalborjt.com\\\/#website\",\"url\":\"https:\\\/\\\/paragaleriedetalborjt.com\\\/\",\"name\":\"paragaleriedetalborjt\",\"description\":\"\",\"potentialAction\":[{\"@type\":\"SearchAction\",\"target\":{\"@type\":\"EntryPoint\",\"urlTemplate\":\"https:\\\/\\\/paragaleriedetalborjt.com\\\/?s={search_term_string}\"},\"query-input\":{\"@type\":\"PropertyValueSpecification\",\"valueRequired\":true,\"valueName\":\"search_term_string\"}}],\"inLanguage\":\"en-US\"}]}<\/script>\n<!-- \/ Yoast SEO plugin. -->","yoast_head_json":{"title":"NaturEsoin Glysoin Cr\u00e8me Riche en Glycerine \u2013 50 ml - paragaleriedetalborjt","robots":{"index":"index","follow":"follow","max-snippet":"max-snippet:-1","max-image-preview":"max-image-preview:large","max-video-preview":"max-video-preview:-1"},"canonical":"https:\/\/paragaleriedetalborjt.com\/en\/boutique\/naturesoin-glysoin-creme-riche-en-glycerine-50-ml\/","og_locale":"en_US","og_type":"article","og_title":"NaturEsoin Glysoin Cr\u00e8me Riche en Glycerine \u2013 50 ml - paragaleriedetalborjt","og_description":"Highlights:Cr\u00e8me pour les mains, particuli\u00e8rement riche en glycerine, \u00e9labor\u00e9e au beurre de karit\u00e9, au beurre de cacao, \u00e0 l\u2019allantoine et \u00e0 la vitamine E, des actifs hydratants, protecteurs, apaisants et antivieillissement cutan\u00e9. Douce et p\u00e9n\u00e9trante, elle assure une hydratation des couches superficielles de la peau, prot\u00e8ge contre les agressions ext\u00e9rieures permanentes, apaise et adoucit la peau.","og_url":"https:\/\/paragaleriedetalborjt.com\/en\/boutique\/naturesoin-glysoin-creme-riche-en-glycerine-50-ml\/","og_site_name":"paragaleriedetalborjt","article_modified_time":"2026-01-04T18:45:39+00:00","og_image":[{"width":595,"height":655,"url":"https:\/\/paragaleriedetalborjt.com\/wp-content\/uploads\/2026\/01\/6111259373006.jpg","type":"image\/jpeg"}],"twitter_card":"summary_large_image","schema":{"@context":"https:\/\/schema.org","@graph":[{"@type":"WebPage","@id":"https:\/\/paragaleriedetalborjt.com\/boutique\/naturesoin-glysoin-creme-riche-en-glycerine-50-ml\/","url":"https:\/\/paragaleriedetalborjt.com\/boutique\/naturesoin-glysoin-creme-riche-en-glycerine-50-ml\/","name":"NaturEsoin Glysoin Cr\u00e8me Riche en Glycerine \u2013 50 ml - paragaleriedetalborjt","isPartOf":{"@id":"https:\/\/paragaleriedetalborjt.com\/#website"},"primaryImageOfPage":{"@id":"https:\/\/paragaleriedetalborjt.com\/boutique\/naturesoin-glysoin-creme-riche-en-glycerine-50-ml\/#primaryimage"},"image":{"@id":"https:\/\/paragaleriedetalborjt.com\/boutique\/naturesoin-glysoin-creme-riche-en-glycerine-50-ml\/#primaryimage"},"thumbnailUrl":"https:\/\/paragaleriedetalborjt.com\/wp-content\/uploads\/2026\/01\/6111259373006.jpg","datePublished":"2026-01-04T16:46:13+00:00","dateModified":"2026-01-04T18:45:39+00:00","breadcrumb":{"@id":"https:\/\/paragaleriedetalborjt.com\/boutique\/naturesoin-glysoin-creme-riche-en-glycerine-50-ml\/#breadcrumb"},"inLanguage":"en-US","potentialAction":[{"@type":"ReadAction","target":["https:\/\/paragaleriedetalborjt.com\/boutique\/naturesoin-glysoin-creme-riche-en-glycerine-50-ml\/"]}]},{"@type":"ImageObject","inLanguage":"en-US","@id":"https:\/\/paragaleriedetalborjt.com\/boutique\/naturesoin-glysoin-creme-riche-en-glycerine-50-ml\/#primaryimage","url":"https:\/\/paragaleriedetalborjt.com\/wp-content\/uploads\/2026\/01\/6111259373006.jpg","contentUrl":"https:\/\/paragaleriedetalborjt.com\/wp-content\/uploads\/2026\/01\/6111259373006.jpg","width":595,"height":655},{"@type":"BreadcrumbList","@id":"https:\/\/paragaleriedetalborjt.com\/boutique\/naturesoin-glysoin-creme-riche-en-glycerine-50-ml\/#breadcrumb","itemListElement":[{"@type":"ListItem","position":1,"name":"Accueil","item":"https:\/\/paragaleriedetalborjt.com\/"},{"@type":"ListItem","position":2,"name":"Boutique","item":"https:\/\/paragaleriedetalborjt.com\/boutique\/"},{"@type":"ListItem","position":3,"name":"NaturEsoin Glysoin Cr\u00e8me Riche en Glycerine \u2013 50 ml"}]},{"@type":"WebSite","@id":"https:\/\/paragaleriedetalborjt.com\/#website","url":"https:\/\/paragaleriedetalborjt.com\/","name":"paragaleriedetalborjt","description":"","potentialAction":[{"@type":"SearchAction","target":{"@type":"EntryPoint","urlTemplate":"https:\/\/paragaleriedetalborjt.com\/?s={search_term_string}"},"query-input":{"@type":"PropertyValueSpecification","valueRequired":true,"valueName":"search_term_string"}}],"inLanguage":"en-US"}]}},"brands":[{"id":1585,"name":"NATURESOIN","slug":"naturesoin"}],"_links":{"self":[{"href":"https:\/\/paragaleriedetalborjt.com\/en\/wp-json\/wp\/v2\/product\/50503","targetHints":{"allow":["GET"]}}],"collection":[{"href":"https:\/\/paragaleriedetalborjt.com\/en\/wp-json\/wp\/v2\/product"}],"about":[{"href":"https:\/\/paragaleriedetalborjt.com\/en\/wp-json\/wp\/v2\/types\/product"}],"replies":[{"embeddable":true,"href":"https:\/\/paragaleriedetalborjt.com\/en\/wp-json\/wp\/v2\/comments?post=50503"}],"version-history":[{"count":1,"href":"https:\/\/paragaleriedetalborjt.com\/en\/wp-json\/wp\/v2\/product\/50503\/revisions"}],"predecessor-version":[{"id":50505,"href":"https:\/\/paragaleriedetalborjt.com\/en\/wp-json\/wp\/v2\/product\/50503\/revisions\/50505"}],"wp:featuredmedia":[{"embeddable":true,"href":"https:\/\/paragaleriedetalborjt.com\/en\/wp-json\/wp\/v2\/media\/50504"}],"wp:attachment":[{"href":"https:\/\/paragaleriedetalborjt.com\/en\/wp-json\/wp\/v2\/media?parent=50503"}],"wp:term":[{"taxonomy":"pwb-brand","embeddable":true,"href":"https:\/\/paragaleriedetalborjt.com\/en\/wp-json\/wp\/v2\/pwb-brand?post=50503"},{"taxonomy":"product_cat","embeddable":true,"href":"https:\/\/paragaleriedetalborjt.com\/en\/wp-json\/wp\/v2\/product_cat?post=50503"},{"taxonomy":"product_tag","embeddable":true,"href":"https:\/\/paragaleriedetalborjt.com\/en\/wp-json\/wp\/v2\/product_tag?post=50503"}],"curies":[{"name":"wp","href":"https:\/\/api.w.org\/{rel}","templated":true}]}}