{"id":50467,"date":"2026-01-04T17:44:19","date_gmt":"2026-01-04T16:44:19","guid":{"rendered":"https:\/\/paragaleriedetalborjt.com\/?post_type=product&#038;p=50467"},"modified":"2026-01-04T19:45:36","modified_gmt":"2026-01-04T18:45:36","slug":"naturesoin-argaserum-a-lhuile-daloes-50-ml","status":"publish","type":"product","link":"https:\/\/paragaleriedetalborjt.com\/en\/boutique\/naturesoin-argaserum-a-lhuile-daloes-50-ml\/","title":{"rendered":"NaturEsoin ArgaSerum \u00e0 l\u2019Huile d\u2019Alo\u00e8s \u2013 50 ml"},"content":{"rendered":"","protected":false},"excerpt":{"rendered":"<p>Highlights:S\u00e9rum intense, restructurant et haute brillance \u00e0 base d\u2019huile d\u2019avocat.Gaine, lisse et coiffe parfaitement vos cheveux sans les graisser.R\u00e9pare les pointes fourchues, satine les m\u00e8ches les plus rebelles et procure \u00e0 vos cheveux souplesse et brillance \u2013 Pour tous types de cheveux<\/p>","protected":false},"featured_media":50468,"comment_status":"open","ping_status":"closed","template":"","meta":[],"pwb-brand":[1585],"product_cat":[16],"product_tag":[],"class_list":{"0":"post-50467","1":"product","2":"type-product","3":"status-publish","4":"has-post-thumbnail","6":"pwb-brand-naturesoin","7":"product_cat-non-classe","8":"pa_brands-naturesoin","10":"first","11":"instock","12":"sale","13":"shipping-taxable","14":"purchasable","15":"product-type-simple"},"yoast_head":"<!-- This site is optimized with the Yoast SEO plugin v27.5 - https:\/\/yoast.com\/product\/yoast-seo-wordpress\/ -->\n<title>NaturEsoin ArgaSerum \u00e0 l\u2019Huile d\u2019Alo\u00e8s \u2013 50 ml - paragaleriedetalborjt<\/title>\n<meta name=\"robots\" content=\"index, follow, max-snippet:-1, max-image-preview:large, max-video-preview:-1\" \/>\n<link rel=\"canonical\" href=\"https:\/\/paragaleriedetalborjt.com\/en\/boutique\/naturesoin-argaserum-a-lhuile-daloes-50-ml\/\" \/>\n<meta property=\"og:locale\" content=\"en_US\" \/>\n<meta property=\"og:type\" content=\"article\" \/>\n<meta property=\"og:title\" content=\"NaturEsoin ArgaSerum \u00e0 l\u2019Huile d\u2019Alo\u00e8s \u2013 50 ml - paragaleriedetalborjt\" \/>\n<meta property=\"og:description\" content=\"Highlights:S\u00e9rum intense, restructurant et haute brillance \u00e0 base d\u2019huile d\u2019avocat.Gaine, lisse et coiffe parfaitement vos cheveux sans les graisser.R\u00e9pare les pointes fourchues, satine les m\u00e8ches les plus rebelles et procure \u00e0 vos cheveux souplesse et brillance \u2013 Pour tous types de cheveux\" \/>\n<meta property=\"og:url\" content=\"https:\/\/paragaleriedetalborjt.com\/en\/boutique\/naturesoin-argaserum-a-lhuile-daloes-50-ml\/\" \/>\n<meta property=\"og:site_name\" content=\"paragaleriedetalborjt\" \/>\n<meta property=\"article:modified_time\" content=\"2026-01-04T18:45:36+00:00\" \/>\n<meta property=\"og:image\" content=\"https:\/\/paragaleriedetalborjt.com\/wp-content\/uploads\/2026\/01\/6111259372580.jpg\" \/>\n\t<meta property=\"og:image:width\" content=\"595\" \/>\n\t<meta property=\"og:image:height\" content=\"655\" \/>\n\t<meta property=\"og:image:type\" content=\"image\/jpeg\" \/>\n<meta name=\"twitter:card\" content=\"summary_large_image\" \/>\n<script type=\"application\/ld+json\" class=\"yoast-schema-graph\">{\"@context\":\"https:\\\/\\\/schema.org\",\"@graph\":[{\"@type\":\"WebPage\",\"@id\":\"https:\\\/\\\/paragaleriedetalborjt.com\\\/boutique\\\/naturesoin-argaserum-a-lhuile-daloes-50-ml\\\/\",\"url\":\"https:\\\/\\\/paragaleriedetalborjt.com\\\/boutique\\\/naturesoin-argaserum-a-lhuile-daloes-50-ml\\\/\",\"name\":\"NaturEsoin ArgaSerum \u00e0 l\u2019Huile d\u2019Alo\u00e8s \u2013 50 ml - paragaleriedetalborjt\",\"isPartOf\":{\"@id\":\"https:\\\/\\\/paragaleriedetalborjt.com\\\/#website\"},\"primaryImageOfPage\":{\"@id\":\"https:\\\/\\\/paragaleriedetalborjt.com\\\/boutique\\\/naturesoin-argaserum-a-lhuile-daloes-50-ml\\\/#primaryimage\"},\"image\":{\"@id\":\"https:\\\/\\\/paragaleriedetalborjt.com\\\/boutique\\\/naturesoin-argaserum-a-lhuile-daloes-50-ml\\\/#primaryimage\"},\"thumbnailUrl\":\"https:\\\/\\\/paragaleriedetalborjt.com\\\/wp-content\\\/uploads\\\/2026\\\/01\\\/6111259372580.jpg\",\"datePublished\":\"2026-01-04T16:44:19+00:00\",\"dateModified\":\"2026-01-04T18:45:36+00:00\",\"breadcrumb\":{\"@id\":\"https:\\\/\\\/paragaleriedetalborjt.com\\\/boutique\\\/naturesoin-argaserum-a-lhuile-daloes-50-ml\\\/#breadcrumb\"},\"inLanguage\":\"en-US\",\"potentialAction\":[{\"@type\":\"ReadAction\",\"target\":[\"https:\\\/\\\/paragaleriedetalborjt.com\\\/boutique\\\/naturesoin-argaserum-a-lhuile-daloes-50-ml\\\/\"]}]},{\"@type\":\"ImageObject\",\"inLanguage\":\"en-US\",\"@id\":\"https:\\\/\\\/paragaleriedetalborjt.com\\\/boutique\\\/naturesoin-argaserum-a-lhuile-daloes-50-ml\\\/#primaryimage\",\"url\":\"https:\\\/\\\/paragaleriedetalborjt.com\\\/wp-content\\\/uploads\\\/2026\\\/01\\\/6111259372580.jpg\",\"contentUrl\":\"https:\\\/\\\/paragaleriedetalborjt.com\\\/wp-content\\\/uploads\\\/2026\\\/01\\\/6111259372580.jpg\",\"width\":595,\"height\":655},{\"@type\":\"BreadcrumbList\",\"@id\":\"https:\\\/\\\/paragaleriedetalborjt.com\\\/boutique\\\/naturesoin-argaserum-a-lhuile-daloes-50-ml\\\/#breadcrumb\",\"itemListElement\":[{\"@type\":\"ListItem\",\"position\":1,\"name\":\"Accueil\",\"item\":\"https:\\\/\\\/paragaleriedetalborjt.com\\\/\"},{\"@type\":\"ListItem\",\"position\":2,\"name\":\"Boutique\",\"item\":\"https:\\\/\\\/paragaleriedetalborjt.com\\\/boutique\\\/\"},{\"@type\":\"ListItem\",\"position\":3,\"name\":\"NaturEsoin ArgaSerum \u00e0 l\u2019Huile d\u2019Alo\u00e8s \u2013 50 ml\"}]},{\"@type\":\"WebSite\",\"@id\":\"https:\\\/\\\/paragaleriedetalborjt.com\\\/#website\",\"url\":\"https:\\\/\\\/paragaleriedetalborjt.com\\\/\",\"name\":\"paragaleriedetalborjt\",\"description\":\"\",\"potentialAction\":[{\"@type\":\"SearchAction\",\"target\":{\"@type\":\"EntryPoint\",\"urlTemplate\":\"https:\\\/\\\/paragaleriedetalborjt.com\\\/?s={search_term_string}\"},\"query-input\":{\"@type\":\"PropertyValueSpecification\",\"valueRequired\":true,\"valueName\":\"search_term_string\"}}],\"inLanguage\":\"en-US\"}]}<\/script>\n<!-- \/ Yoast SEO plugin. -->","yoast_head_json":{"title":"NaturEsoin ArgaSerum \u00e0 l\u2019Huile d\u2019Alo\u00e8s \u2013 50 ml - paragaleriedetalborjt","robots":{"index":"index","follow":"follow","max-snippet":"max-snippet:-1","max-image-preview":"max-image-preview:large","max-video-preview":"max-video-preview:-1"},"canonical":"https:\/\/paragaleriedetalborjt.com\/en\/boutique\/naturesoin-argaserum-a-lhuile-daloes-50-ml\/","og_locale":"en_US","og_type":"article","og_title":"NaturEsoin ArgaSerum \u00e0 l\u2019Huile d\u2019Alo\u00e8s \u2013 50 ml - paragaleriedetalborjt","og_description":"Highlights:S\u00e9rum intense, restructurant et haute brillance \u00e0 base d\u2019huile d\u2019avocat.Gaine, lisse et coiffe parfaitement vos cheveux sans les graisser.R\u00e9pare les pointes fourchues, satine les m\u00e8ches les plus rebelles et procure \u00e0 vos cheveux souplesse et brillance \u2013 Pour tous types de cheveux","og_url":"https:\/\/paragaleriedetalborjt.com\/en\/boutique\/naturesoin-argaserum-a-lhuile-daloes-50-ml\/","og_site_name":"paragaleriedetalborjt","article_modified_time":"2026-01-04T18:45:36+00:00","og_image":[{"width":595,"height":655,"url":"https:\/\/paragaleriedetalborjt.com\/wp-content\/uploads\/2026\/01\/6111259372580.jpg","type":"image\/jpeg"}],"twitter_card":"summary_large_image","schema":{"@context":"https:\/\/schema.org","@graph":[{"@type":"WebPage","@id":"https:\/\/paragaleriedetalborjt.com\/boutique\/naturesoin-argaserum-a-lhuile-daloes-50-ml\/","url":"https:\/\/paragaleriedetalborjt.com\/boutique\/naturesoin-argaserum-a-lhuile-daloes-50-ml\/","name":"NaturEsoin ArgaSerum \u00e0 l\u2019Huile d\u2019Alo\u00e8s \u2013 50 ml - paragaleriedetalborjt","isPartOf":{"@id":"https:\/\/paragaleriedetalborjt.com\/#website"},"primaryImageOfPage":{"@id":"https:\/\/paragaleriedetalborjt.com\/boutique\/naturesoin-argaserum-a-lhuile-daloes-50-ml\/#primaryimage"},"image":{"@id":"https:\/\/paragaleriedetalborjt.com\/boutique\/naturesoin-argaserum-a-lhuile-daloes-50-ml\/#primaryimage"},"thumbnailUrl":"https:\/\/paragaleriedetalborjt.com\/wp-content\/uploads\/2026\/01\/6111259372580.jpg","datePublished":"2026-01-04T16:44:19+00:00","dateModified":"2026-01-04T18:45:36+00:00","breadcrumb":{"@id":"https:\/\/paragaleriedetalborjt.com\/boutique\/naturesoin-argaserum-a-lhuile-daloes-50-ml\/#breadcrumb"},"inLanguage":"en-US","potentialAction":[{"@type":"ReadAction","target":["https:\/\/paragaleriedetalborjt.com\/boutique\/naturesoin-argaserum-a-lhuile-daloes-50-ml\/"]}]},{"@type":"ImageObject","inLanguage":"en-US","@id":"https:\/\/paragaleriedetalborjt.com\/boutique\/naturesoin-argaserum-a-lhuile-daloes-50-ml\/#primaryimage","url":"https:\/\/paragaleriedetalborjt.com\/wp-content\/uploads\/2026\/01\/6111259372580.jpg","contentUrl":"https:\/\/paragaleriedetalborjt.com\/wp-content\/uploads\/2026\/01\/6111259372580.jpg","width":595,"height":655},{"@type":"BreadcrumbList","@id":"https:\/\/paragaleriedetalborjt.com\/boutique\/naturesoin-argaserum-a-lhuile-daloes-50-ml\/#breadcrumb","itemListElement":[{"@type":"ListItem","position":1,"name":"Accueil","item":"https:\/\/paragaleriedetalborjt.com\/"},{"@type":"ListItem","position":2,"name":"Boutique","item":"https:\/\/paragaleriedetalborjt.com\/boutique\/"},{"@type":"ListItem","position":3,"name":"NaturEsoin ArgaSerum \u00e0 l\u2019Huile d\u2019Alo\u00e8s \u2013 50 ml"}]},{"@type":"WebSite","@id":"https:\/\/paragaleriedetalborjt.com\/#website","url":"https:\/\/paragaleriedetalborjt.com\/","name":"paragaleriedetalborjt","description":"","potentialAction":[{"@type":"SearchAction","target":{"@type":"EntryPoint","urlTemplate":"https:\/\/paragaleriedetalborjt.com\/?s={search_term_string}"},"query-input":{"@type":"PropertyValueSpecification","valueRequired":true,"valueName":"search_term_string"}}],"inLanguage":"en-US"}]}},"brands":[{"id":1585,"name":"NATURESOIN","slug":"naturesoin"}],"_links":{"self":[{"href":"https:\/\/paragaleriedetalborjt.com\/en\/wp-json\/wp\/v2\/product\/50467","targetHints":{"allow":["GET"]}}],"collection":[{"href":"https:\/\/paragaleriedetalborjt.com\/en\/wp-json\/wp\/v2\/product"}],"about":[{"href":"https:\/\/paragaleriedetalborjt.com\/en\/wp-json\/wp\/v2\/types\/product"}],"replies":[{"embeddable":true,"href":"https:\/\/paragaleriedetalborjt.com\/en\/wp-json\/wp\/v2\/comments?post=50467"}],"version-history":[{"count":1,"href":"https:\/\/paragaleriedetalborjt.com\/en\/wp-json\/wp\/v2\/product\/50467\/revisions"}],"predecessor-version":[{"id":50469,"href":"https:\/\/paragaleriedetalborjt.com\/en\/wp-json\/wp\/v2\/product\/50467\/revisions\/50469"}],"wp:featuredmedia":[{"embeddable":true,"href":"https:\/\/paragaleriedetalborjt.com\/en\/wp-json\/wp\/v2\/media\/50468"}],"wp:attachment":[{"href":"https:\/\/paragaleriedetalborjt.com\/en\/wp-json\/wp\/v2\/media?parent=50467"}],"wp:term":[{"taxonomy":"pwb-brand","embeddable":true,"href":"https:\/\/paragaleriedetalborjt.com\/en\/wp-json\/wp\/v2\/pwb-brand?post=50467"},{"taxonomy":"product_cat","embeddable":true,"href":"https:\/\/paragaleriedetalborjt.com\/en\/wp-json\/wp\/v2\/product_cat?post=50467"},{"taxonomy":"product_tag","embeddable":true,"href":"https:\/\/paragaleriedetalborjt.com\/en\/wp-json\/wp\/v2\/product_tag?post=50467"}],"curies":[{"name":"wp","href":"https:\/\/api.w.org\/{rel}","templated":true}]}}