{"id":50413,"date":"2026-01-04T17:41:26","date_gmt":"2026-01-04T16:41:26","guid":{"rendered":"https:\/\/paragaleriedetalborjt.com\/?post_type=product&#038;p=50413"},"modified":"2026-01-04T19:45:32","modified_gmt":"2026-01-04T18:45:32","slug":"pro-vital-vitamine-e-pur-10ml","status":"publish","type":"product","link":"https:\/\/paragaleriedetalborjt.com\/en\/boutique\/pro-vital-vitamine-e-pur-10ml\/","title":{"rendered":"Pro Vital Vitamine E pur 10Ml"},"content":{"rendered":"","protected":false},"excerpt":{"rendered":"<p>Highlights:Reconnue pour ses propri\u00e9t\u00e9s antioxydantes et son action protectrice des membranes cellulaires elle est utilis\u00e9e pour conserver les pr\u00e9parations \u00e0 forte teneur en huiles car elle \u00e9vite leur rancissement.La vitamine E est \u00e9galement reconnue pour ses propri\u00e9t\u00e9s hydratantes et pour son action sur la microcirculation cutan\u00e9e.<\/p>","protected":false},"featured_media":50414,"comment_status":"open","ping_status":"closed","template":"","meta":[],"pwb-brand":[1718],"product_cat":[16],"product_tag":[],"class_list":{"0":"post-50413","1":"product","2":"type-product","3":"status-publish","4":"has-post-thumbnail","6":"pwb-brand-pro-vital","7":"product_cat-non-classe","8":"pa_brands-pro-vital","10":"first","11":"instock","12":"sale","13":"shipping-taxable","14":"purchasable","15":"product-type-simple"},"yoast_head":"<!-- This site is optimized with the Yoast SEO plugin v27.5 - https:\/\/yoast.com\/product\/yoast-seo-wordpress\/ -->\n<title>Pro Vital Vitamine E pur 10Ml - paragaleriedetalborjt<\/title>\n<meta name=\"robots\" content=\"index, follow, max-snippet:-1, max-image-preview:large, max-video-preview:-1\" \/>\n<link rel=\"canonical\" href=\"https:\/\/paragaleriedetalborjt.com\/en\/boutique\/pro-vital-vitamine-e-pur-10ml\/\" \/>\n<meta property=\"og:locale\" content=\"en_US\" \/>\n<meta property=\"og:type\" content=\"article\" \/>\n<meta property=\"og:title\" content=\"Pro Vital Vitamine E pur 10Ml - paragaleriedetalborjt\" \/>\n<meta property=\"og:description\" content=\"Highlights:Reconnue pour ses propri\u00e9t\u00e9s antioxydantes et son action protectrice des membranes cellulaires elle est utilis\u00e9e pour conserver les pr\u00e9parations \u00e0 forte teneur en huiles car elle \u00e9vite leur rancissement.La vitamine E est \u00e9galement reconnue pour ses propri\u00e9t\u00e9s hydratantes et pour son action sur la microcirculation cutan\u00e9e.\" \/>\n<meta property=\"og:url\" content=\"https:\/\/paragaleriedetalborjt.com\/en\/boutique\/pro-vital-vitamine-e-pur-10ml\/\" \/>\n<meta property=\"og:site_name\" content=\"paragaleriedetalborjt\" \/>\n<meta property=\"article:modified_time\" content=\"2026-01-04T18:45:32+00:00\" \/>\n<meta property=\"og:image\" content=\"https:\/\/paragaleriedetalborjt.com\/wp-content\/uploads\/2026\/01\/Pro-Vital-Vitamine-E-pur-10Ml.jpg\" \/>\n\t<meta property=\"og:image:width\" content=\"595\" \/>\n\t<meta property=\"og:image:height\" content=\"655\" \/>\n\t<meta property=\"og:image:type\" content=\"image\/jpeg\" \/>\n<meta name=\"twitter:card\" content=\"summary_large_image\" \/>\n<script type=\"application\/ld+json\" class=\"yoast-schema-graph\">{\"@context\":\"https:\\\/\\\/schema.org\",\"@graph\":[{\"@type\":\"WebPage\",\"@id\":\"https:\\\/\\\/paragaleriedetalborjt.com\\\/boutique\\\/pro-vital-vitamine-e-pur-10ml\\\/\",\"url\":\"https:\\\/\\\/paragaleriedetalborjt.com\\\/boutique\\\/pro-vital-vitamine-e-pur-10ml\\\/\",\"name\":\"Pro Vital Vitamine E pur 10Ml - paragaleriedetalborjt\",\"isPartOf\":{\"@id\":\"https:\\\/\\\/paragaleriedetalborjt.com\\\/#website\"},\"primaryImageOfPage\":{\"@id\":\"https:\\\/\\\/paragaleriedetalborjt.com\\\/boutique\\\/pro-vital-vitamine-e-pur-10ml\\\/#primaryimage\"},\"image\":{\"@id\":\"https:\\\/\\\/paragaleriedetalborjt.com\\\/boutique\\\/pro-vital-vitamine-e-pur-10ml\\\/#primaryimage\"},\"thumbnailUrl\":\"https:\\\/\\\/paragaleriedetalborjt.com\\\/wp-content\\\/uploads\\\/2026\\\/01\\\/Pro-Vital-Vitamine-E-pur-10Ml.jpg\",\"datePublished\":\"2026-01-04T16:41:26+00:00\",\"dateModified\":\"2026-01-04T18:45:32+00:00\",\"breadcrumb\":{\"@id\":\"https:\\\/\\\/paragaleriedetalborjt.com\\\/boutique\\\/pro-vital-vitamine-e-pur-10ml\\\/#breadcrumb\"},\"inLanguage\":\"en-US\",\"potentialAction\":[{\"@type\":\"ReadAction\",\"target\":[\"https:\\\/\\\/paragaleriedetalborjt.com\\\/boutique\\\/pro-vital-vitamine-e-pur-10ml\\\/\"]}]},{\"@type\":\"ImageObject\",\"inLanguage\":\"en-US\",\"@id\":\"https:\\\/\\\/paragaleriedetalborjt.com\\\/boutique\\\/pro-vital-vitamine-e-pur-10ml\\\/#primaryimage\",\"url\":\"https:\\\/\\\/paragaleriedetalborjt.com\\\/wp-content\\\/uploads\\\/2026\\\/01\\\/Pro-Vital-Vitamine-E-pur-10Ml.jpg\",\"contentUrl\":\"https:\\\/\\\/paragaleriedetalborjt.com\\\/wp-content\\\/uploads\\\/2026\\\/01\\\/Pro-Vital-Vitamine-E-pur-10Ml.jpg\",\"width\":595,\"height\":655},{\"@type\":\"BreadcrumbList\",\"@id\":\"https:\\\/\\\/paragaleriedetalborjt.com\\\/boutique\\\/pro-vital-vitamine-e-pur-10ml\\\/#breadcrumb\",\"itemListElement\":[{\"@type\":\"ListItem\",\"position\":1,\"name\":\"Accueil\",\"item\":\"https:\\\/\\\/paragaleriedetalborjt.com\\\/\"},{\"@type\":\"ListItem\",\"position\":2,\"name\":\"Boutique\",\"item\":\"https:\\\/\\\/paragaleriedetalborjt.com\\\/boutique\\\/\"},{\"@type\":\"ListItem\",\"position\":3,\"name\":\"Pro Vital Vitamine E pur 10Ml\"}]},{\"@type\":\"WebSite\",\"@id\":\"https:\\\/\\\/paragaleriedetalborjt.com\\\/#website\",\"url\":\"https:\\\/\\\/paragaleriedetalborjt.com\\\/\",\"name\":\"paragaleriedetalborjt\",\"description\":\"\",\"potentialAction\":[{\"@type\":\"SearchAction\",\"target\":{\"@type\":\"EntryPoint\",\"urlTemplate\":\"https:\\\/\\\/paragaleriedetalborjt.com\\\/?s={search_term_string}\"},\"query-input\":{\"@type\":\"PropertyValueSpecification\",\"valueRequired\":true,\"valueName\":\"search_term_string\"}}],\"inLanguage\":\"en-US\"}]}<\/script>\n<!-- \/ Yoast SEO plugin. -->","yoast_head_json":{"title":"Pro Vital Vitamine E pur 10Ml - paragaleriedetalborjt","robots":{"index":"index","follow":"follow","max-snippet":"max-snippet:-1","max-image-preview":"max-image-preview:large","max-video-preview":"max-video-preview:-1"},"canonical":"https:\/\/paragaleriedetalborjt.com\/en\/boutique\/pro-vital-vitamine-e-pur-10ml\/","og_locale":"en_US","og_type":"article","og_title":"Pro Vital Vitamine E pur 10Ml - paragaleriedetalborjt","og_description":"Highlights:Reconnue pour ses propri\u00e9t\u00e9s antioxydantes et son action protectrice des membranes cellulaires elle est utilis\u00e9e pour conserver les pr\u00e9parations \u00e0 forte teneur en huiles car elle \u00e9vite leur rancissement.La vitamine E est \u00e9galement reconnue pour ses propri\u00e9t\u00e9s hydratantes et pour son action sur la microcirculation cutan\u00e9e.","og_url":"https:\/\/paragaleriedetalborjt.com\/en\/boutique\/pro-vital-vitamine-e-pur-10ml\/","og_site_name":"paragaleriedetalborjt","article_modified_time":"2026-01-04T18:45:32+00:00","og_image":[{"width":595,"height":655,"url":"https:\/\/paragaleriedetalborjt.com\/wp-content\/uploads\/2026\/01\/Pro-Vital-Vitamine-E-pur-10Ml.jpg","type":"image\/jpeg"}],"twitter_card":"summary_large_image","schema":{"@context":"https:\/\/schema.org","@graph":[{"@type":"WebPage","@id":"https:\/\/paragaleriedetalborjt.com\/boutique\/pro-vital-vitamine-e-pur-10ml\/","url":"https:\/\/paragaleriedetalborjt.com\/boutique\/pro-vital-vitamine-e-pur-10ml\/","name":"Pro Vital Vitamine E pur 10Ml - paragaleriedetalborjt","isPartOf":{"@id":"https:\/\/paragaleriedetalborjt.com\/#website"},"primaryImageOfPage":{"@id":"https:\/\/paragaleriedetalborjt.com\/boutique\/pro-vital-vitamine-e-pur-10ml\/#primaryimage"},"image":{"@id":"https:\/\/paragaleriedetalborjt.com\/boutique\/pro-vital-vitamine-e-pur-10ml\/#primaryimage"},"thumbnailUrl":"https:\/\/paragaleriedetalborjt.com\/wp-content\/uploads\/2026\/01\/Pro-Vital-Vitamine-E-pur-10Ml.jpg","datePublished":"2026-01-04T16:41:26+00:00","dateModified":"2026-01-04T18:45:32+00:00","breadcrumb":{"@id":"https:\/\/paragaleriedetalborjt.com\/boutique\/pro-vital-vitamine-e-pur-10ml\/#breadcrumb"},"inLanguage":"en-US","potentialAction":[{"@type":"ReadAction","target":["https:\/\/paragaleriedetalborjt.com\/boutique\/pro-vital-vitamine-e-pur-10ml\/"]}]},{"@type":"ImageObject","inLanguage":"en-US","@id":"https:\/\/paragaleriedetalborjt.com\/boutique\/pro-vital-vitamine-e-pur-10ml\/#primaryimage","url":"https:\/\/paragaleriedetalborjt.com\/wp-content\/uploads\/2026\/01\/Pro-Vital-Vitamine-E-pur-10Ml.jpg","contentUrl":"https:\/\/paragaleriedetalborjt.com\/wp-content\/uploads\/2026\/01\/Pro-Vital-Vitamine-E-pur-10Ml.jpg","width":595,"height":655},{"@type":"BreadcrumbList","@id":"https:\/\/paragaleriedetalborjt.com\/boutique\/pro-vital-vitamine-e-pur-10ml\/#breadcrumb","itemListElement":[{"@type":"ListItem","position":1,"name":"Accueil","item":"https:\/\/paragaleriedetalborjt.com\/"},{"@type":"ListItem","position":2,"name":"Boutique","item":"https:\/\/paragaleriedetalborjt.com\/boutique\/"},{"@type":"ListItem","position":3,"name":"Pro Vital Vitamine E pur 10Ml"}]},{"@type":"WebSite","@id":"https:\/\/paragaleriedetalborjt.com\/#website","url":"https:\/\/paragaleriedetalborjt.com\/","name":"paragaleriedetalborjt","description":"","potentialAction":[{"@type":"SearchAction","target":{"@type":"EntryPoint","urlTemplate":"https:\/\/paragaleriedetalborjt.com\/?s={search_term_string}"},"query-input":{"@type":"PropertyValueSpecification","valueRequired":true,"valueName":"search_term_string"}}],"inLanguage":"en-US"}]}},"brands":[{"id":1718,"name":"PRO-VITAL","slug":"pro-vital"}],"_links":{"self":[{"href":"https:\/\/paragaleriedetalborjt.com\/en\/wp-json\/wp\/v2\/product\/50413","targetHints":{"allow":["GET"]}}],"collection":[{"href":"https:\/\/paragaleriedetalborjt.com\/en\/wp-json\/wp\/v2\/product"}],"about":[{"href":"https:\/\/paragaleriedetalborjt.com\/en\/wp-json\/wp\/v2\/types\/product"}],"replies":[{"embeddable":true,"href":"https:\/\/paragaleriedetalborjt.com\/en\/wp-json\/wp\/v2\/comments?post=50413"}],"version-history":[{"count":1,"href":"https:\/\/paragaleriedetalborjt.com\/en\/wp-json\/wp\/v2\/product\/50413\/revisions"}],"predecessor-version":[{"id":50415,"href":"https:\/\/paragaleriedetalborjt.com\/en\/wp-json\/wp\/v2\/product\/50413\/revisions\/50415"}],"wp:featuredmedia":[{"embeddable":true,"href":"https:\/\/paragaleriedetalborjt.com\/en\/wp-json\/wp\/v2\/media\/50414"}],"wp:attachment":[{"href":"https:\/\/paragaleriedetalborjt.com\/en\/wp-json\/wp\/v2\/media?parent=50413"}],"wp:term":[{"taxonomy":"pwb-brand","embeddable":true,"href":"https:\/\/paragaleriedetalborjt.com\/en\/wp-json\/wp\/v2\/pwb-brand?post=50413"},{"taxonomy":"product_cat","embeddable":true,"href":"https:\/\/paragaleriedetalborjt.com\/en\/wp-json\/wp\/v2\/product_cat?post=50413"},{"taxonomy":"product_tag","embeddable":true,"href":"https:\/\/paragaleriedetalborjt.com\/en\/wp-json\/wp\/v2\/product_tag?post=50413"}],"curies":[{"name":"wp","href":"https:\/\/api.w.org\/{rel}","templated":true}]}}