{"id":50356,"date":"2026-01-04T17:38:20","date_gmt":"2026-01-04T16:38:20","guid":{"rendered":"https:\/\/paragaleriedetalborjt.com\/?post_type=product&#038;p=50356"},"modified":"2026-01-04T19:45:27","modified_gmt":"2026-01-04T18:45:27","slug":"sejoy-thermometre-frontal-infrarouge-sans-contact","status":"publish","type":"product","link":"https:\/\/paragaleriedetalborjt.com\/en\/boutique\/sejoy-thermometre-frontal-infrarouge-sans-contact\/","title":{"rendered":"Sejoy Thermom\u00e8tre Frontal Infrarouge Sans Contact"},"content":{"rendered":"","protected":false},"excerpt":{"rendered":"<p>Highlights:Ce Thermom\u00e8tre Ifrarouge Mesure la temp\u00e9rature corporelle en 3 secondes seulement au niveau du front, sans aucun contact. En cas de temp\u00e9rature trop \u00e9lev\u00e9e, et donc de fi\u00e8vre suspect\u00e9e, une alerte sonore retentit pour vous le signaler. Enregistrez jusqu\u2019\u00e0 10 valeurs mesur\u00e9es, et suivez ainsi l\u2019\u00e9volution de la temp\u00e9rature.<\/p>","protected":false},"featured_media":50357,"comment_status":"open","ping_status":"closed","template":"","meta":[],"pwb-brand":[2410],"product_cat":[16],"product_tag":[],"class_list":{"0":"post-50356","1":"product","2":"type-product","3":"status-publish","4":"has-post-thumbnail","6":"pwb-brand-sejoy","7":"product_cat-non-classe","8":"pa_brands-sejoy","10":"first","11":"instock","12":"sale","13":"shipping-taxable","14":"purchasable","15":"product-type-simple"},"yoast_head":"<!-- This site is optimized with the Yoast SEO plugin v26.9 - https:\/\/yoast.com\/product\/yoast-seo-wordpress\/ -->\n<title>Sejoy Thermom\u00e8tre Frontal Infrarouge Sans Contact - paragaleriedetalborjt<\/title>\n<meta name=\"robots\" content=\"index, follow, max-snippet:-1, max-image-preview:large, max-video-preview:-1\" \/>\n<link rel=\"canonical\" href=\"https:\/\/paragaleriedetalborjt.com\/en\/boutique\/sejoy-thermometre-frontal-infrarouge-sans-contact\/\" \/>\n<meta property=\"og:locale\" content=\"en_US\" \/>\n<meta property=\"og:type\" content=\"article\" \/>\n<meta property=\"og:title\" content=\"Sejoy Thermom\u00e8tre Frontal Infrarouge Sans Contact - paragaleriedetalborjt\" \/>\n<meta property=\"og:description\" content=\"Highlights:Ce Thermom\u00e8tre Ifrarouge Mesure la temp\u00e9rature corporelle en 3 secondes seulement au niveau du front, sans aucun contact. En cas de temp\u00e9rature trop \u00e9lev\u00e9e, et donc de fi\u00e8vre suspect\u00e9e, une alerte sonore retentit pour vous le signaler. Enregistrez jusqu\u2019\u00e0 10 valeurs mesur\u00e9es, et suivez ainsi l\u2019\u00e9volution de la temp\u00e9rature.\" \/>\n<meta property=\"og:url\" content=\"https:\/\/paragaleriedetalborjt.com\/en\/boutique\/sejoy-thermometre-frontal-infrarouge-sans-contact\/\" \/>\n<meta property=\"og:site_name\" content=\"paragaleriedetalborjt\" \/>\n<meta property=\"article:modified_time\" content=\"2026-01-04T18:45:27+00:00\" \/>\n<meta property=\"og:image\" content=\"https:\/\/paragaleriedetalborjt.com\/wp-content\/uploads\/2026\/01\/6970392215631.jpg\" \/>\n\t<meta property=\"og:image:width\" content=\"595\" \/>\n\t<meta property=\"og:image:height\" content=\"655\" \/>\n\t<meta property=\"og:image:type\" content=\"image\/jpeg\" \/>\n<meta name=\"twitter:card\" content=\"summary_large_image\" \/>\n<script type=\"application\/ld+json\" class=\"yoast-schema-graph\">{\"@context\":\"https:\/\/schema.org\",\"@graph\":[{\"@type\":\"WebPage\",\"@id\":\"https:\/\/paragaleriedetalborjt.com\/boutique\/sejoy-thermometre-frontal-infrarouge-sans-contact\/\",\"url\":\"https:\/\/paragaleriedetalborjt.com\/boutique\/sejoy-thermometre-frontal-infrarouge-sans-contact\/\",\"name\":\"Sejoy Thermom\u00e8tre Frontal Infrarouge Sans Contact - paragaleriedetalborjt\",\"isPartOf\":{\"@id\":\"https:\/\/paragaleriedetalborjt.com\/#website\"},\"primaryImageOfPage\":{\"@id\":\"https:\/\/paragaleriedetalborjt.com\/boutique\/sejoy-thermometre-frontal-infrarouge-sans-contact\/#primaryimage\"},\"image\":{\"@id\":\"https:\/\/paragaleriedetalborjt.com\/boutique\/sejoy-thermometre-frontal-infrarouge-sans-contact\/#primaryimage\"},\"thumbnailUrl\":\"https:\/\/paragaleriedetalborjt.com\/wp-content\/uploads\/2026\/01\/6970392215631.jpg\",\"datePublished\":\"2026-01-04T16:38:20+00:00\",\"dateModified\":\"2026-01-04T18:45:27+00:00\",\"breadcrumb\":{\"@id\":\"https:\/\/paragaleriedetalborjt.com\/boutique\/sejoy-thermometre-frontal-infrarouge-sans-contact\/#breadcrumb\"},\"inLanguage\":\"en-US\",\"potentialAction\":[{\"@type\":\"ReadAction\",\"target\":[\"https:\/\/paragaleriedetalborjt.com\/boutique\/sejoy-thermometre-frontal-infrarouge-sans-contact\/\"]}]},{\"@type\":\"ImageObject\",\"inLanguage\":\"en-US\",\"@id\":\"https:\/\/paragaleriedetalborjt.com\/boutique\/sejoy-thermometre-frontal-infrarouge-sans-contact\/#primaryimage\",\"url\":\"https:\/\/paragaleriedetalborjt.com\/wp-content\/uploads\/2026\/01\/6970392215631.jpg\",\"contentUrl\":\"https:\/\/paragaleriedetalborjt.com\/wp-content\/uploads\/2026\/01\/6970392215631.jpg\",\"width\":595,\"height\":655},{\"@type\":\"BreadcrumbList\",\"@id\":\"https:\/\/paragaleriedetalborjt.com\/boutique\/sejoy-thermometre-frontal-infrarouge-sans-contact\/#breadcrumb\",\"itemListElement\":[{\"@type\":\"ListItem\",\"position\":1,\"name\":\"Accueil\",\"item\":\"https:\/\/paragaleriedetalborjt.com\/\"},{\"@type\":\"ListItem\",\"position\":2,\"name\":\"Boutique\",\"item\":\"https:\/\/paragaleriedetalborjt.com\/boutique\/\"},{\"@type\":\"ListItem\",\"position\":3,\"name\":\"Sejoy Thermom\u00e8tre Frontal Infrarouge Sans Contact\"}]},{\"@type\":\"WebSite\",\"@id\":\"https:\/\/paragaleriedetalborjt.com\/#website\",\"url\":\"https:\/\/paragaleriedetalborjt.com\/\",\"name\":\"paragaleriedetalborjt\",\"description\":\"\",\"potentialAction\":[{\"@type\":\"SearchAction\",\"target\":{\"@type\":\"EntryPoint\",\"urlTemplate\":\"https:\/\/paragaleriedetalborjt.com\/?s={search_term_string}\"},\"query-input\":{\"@type\":\"PropertyValueSpecification\",\"valueRequired\":true,\"valueName\":\"search_term_string\"}}],\"inLanguage\":\"en-US\"}]}<\/script>\n<!-- \/ Yoast SEO plugin. -->","yoast_head_json":{"title":"Sejoy Thermom\u00e8tre Frontal Infrarouge Sans Contact - paragaleriedetalborjt","robots":{"index":"index","follow":"follow","max-snippet":"max-snippet:-1","max-image-preview":"max-image-preview:large","max-video-preview":"max-video-preview:-1"},"canonical":"https:\/\/paragaleriedetalborjt.com\/en\/boutique\/sejoy-thermometre-frontal-infrarouge-sans-contact\/","og_locale":"en_US","og_type":"article","og_title":"Sejoy Thermom\u00e8tre Frontal Infrarouge Sans Contact - paragaleriedetalborjt","og_description":"Highlights:Ce Thermom\u00e8tre Ifrarouge Mesure la temp\u00e9rature corporelle en 3 secondes seulement au niveau du front, sans aucun contact. En cas de temp\u00e9rature trop \u00e9lev\u00e9e, et donc de fi\u00e8vre suspect\u00e9e, une alerte sonore retentit pour vous le signaler. Enregistrez jusqu\u2019\u00e0 10 valeurs mesur\u00e9es, et suivez ainsi l\u2019\u00e9volution de la temp\u00e9rature.","og_url":"https:\/\/paragaleriedetalborjt.com\/en\/boutique\/sejoy-thermometre-frontal-infrarouge-sans-contact\/","og_site_name":"paragaleriedetalborjt","article_modified_time":"2026-01-04T18:45:27+00:00","og_image":[{"width":595,"height":655,"url":"https:\/\/paragaleriedetalborjt.com\/wp-content\/uploads\/2026\/01\/6970392215631.jpg","type":"image\/jpeg"}],"twitter_card":"summary_large_image","schema":{"@context":"https:\/\/schema.org","@graph":[{"@type":"WebPage","@id":"https:\/\/paragaleriedetalborjt.com\/boutique\/sejoy-thermometre-frontal-infrarouge-sans-contact\/","url":"https:\/\/paragaleriedetalborjt.com\/boutique\/sejoy-thermometre-frontal-infrarouge-sans-contact\/","name":"Sejoy Thermom\u00e8tre Frontal Infrarouge Sans Contact - paragaleriedetalborjt","isPartOf":{"@id":"https:\/\/paragaleriedetalborjt.com\/#website"},"primaryImageOfPage":{"@id":"https:\/\/paragaleriedetalborjt.com\/boutique\/sejoy-thermometre-frontal-infrarouge-sans-contact\/#primaryimage"},"image":{"@id":"https:\/\/paragaleriedetalborjt.com\/boutique\/sejoy-thermometre-frontal-infrarouge-sans-contact\/#primaryimage"},"thumbnailUrl":"https:\/\/paragaleriedetalborjt.com\/wp-content\/uploads\/2026\/01\/6970392215631.jpg","datePublished":"2026-01-04T16:38:20+00:00","dateModified":"2026-01-04T18:45:27+00:00","breadcrumb":{"@id":"https:\/\/paragaleriedetalborjt.com\/boutique\/sejoy-thermometre-frontal-infrarouge-sans-contact\/#breadcrumb"},"inLanguage":"en-US","potentialAction":[{"@type":"ReadAction","target":["https:\/\/paragaleriedetalborjt.com\/boutique\/sejoy-thermometre-frontal-infrarouge-sans-contact\/"]}]},{"@type":"ImageObject","inLanguage":"en-US","@id":"https:\/\/paragaleriedetalborjt.com\/boutique\/sejoy-thermometre-frontal-infrarouge-sans-contact\/#primaryimage","url":"https:\/\/paragaleriedetalborjt.com\/wp-content\/uploads\/2026\/01\/6970392215631.jpg","contentUrl":"https:\/\/paragaleriedetalborjt.com\/wp-content\/uploads\/2026\/01\/6970392215631.jpg","width":595,"height":655},{"@type":"BreadcrumbList","@id":"https:\/\/paragaleriedetalborjt.com\/boutique\/sejoy-thermometre-frontal-infrarouge-sans-contact\/#breadcrumb","itemListElement":[{"@type":"ListItem","position":1,"name":"Accueil","item":"https:\/\/paragaleriedetalborjt.com\/"},{"@type":"ListItem","position":2,"name":"Boutique","item":"https:\/\/paragaleriedetalborjt.com\/boutique\/"},{"@type":"ListItem","position":3,"name":"Sejoy Thermom\u00e8tre Frontal Infrarouge Sans Contact"}]},{"@type":"WebSite","@id":"https:\/\/paragaleriedetalborjt.com\/#website","url":"https:\/\/paragaleriedetalborjt.com\/","name":"paragaleriedetalborjt","description":"","potentialAction":[{"@type":"SearchAction","target":{"@type":"EntryPoint","urlTemplate":"https:\/\/paragaleriedetalborjt.com\/?s={search_term_string}"},"query-input":{"@type":"PropertyValueSpecification","valueRequired":true,"valueName":"search_term_string"}}],"inLanguage":"en-US"}]}},"brands":[{"id":2410,"name":"SEJOY","slug":"sejoy"}],"_links":{"self":[{"href":"https:\/\/paragaleriedetalborjt.com\/en\/wp-json\/wp\/v2\/product\/50356","targetHints":{"allow":["GET"]}}],"collection":[{"href":"https:\/\/paragaleriedetalborjt.com\/en\/wp-json\/wp\/v2\/product"}],"about":[{"href":"https:\/\/paragaleriedetalborjt.com\/en\/wp-json\/wp\/v2\/types\/product"}],"replies":[{"embeddable":true,"href":"https:\/\/paragaleriedetalborjt.com\/en\/wp-json\/wp\/v2\/comments?post=50356"}],"version-history":[{"count":1,"href":"https:\/\/paragaleriedetalborjt.com\/en\/wp-json\/wp\/v2\/product\/50356\/revisions"}],"predecessor-version":[{"id":50358,"href":"https:\/\/paragaleriedetalborjt.com\/en\/wp-json\/wp\/v2\/product\/50356\/revisions\/50358"}],"wp:featuredmedia":[{"embeddable":true,"href":"https:\/\/paragaleriedetalborjt.com\/en\/wp-json\/wp\/v2\/media\/50357"}],"wp:attachment":[{"href":"https:\/\/paragaleriedetalborjt.com\/en\/wp-json\/wp\/v2\/media?parent=50356"}],"wp:term":[{"taxonomy":"pwb-brand","embeddable":true,"href":"https:\/\/paragaleriedetalborjt.com\/en\/wp-json\/wp\/v2\/pwb-brand?post=50356"},{"taxonomy":"product_cat","embeddable":true,"href":"https:\/\/paragaleriedetalborjt.com\/en\/wp-json\/wp\/v2\/product_cat?post=50356"},{"taxonomy":"product_tag","embeddable":true,"href":"https:\/\/paragaleriedetalborjt.com\/en\/wp-json\/wp\/v2\/product_tag?post=50356"}],"curies":[{"name":"wp","href":"https:\/\/api.w.org\/{rel}","templated":true}]}}