{"id":50278,"date":"2026-01-04T15:13:29","date_gmt":"2026-01-04T14:13:29","guid":{"rendered":"https:\/\/paragaleriedetalborjt.com\/?post_type=product&#038;p=50278"},"modified":"2026-01-04T15:13:29","modified_gmt":"2026-01-04T14:13:29","slug":"lierac-premium-le-masque-75-ml","status":"publish","type":"product","link":"https:\/\/paragaleriedetalborjt.com\/en\/boutique\/lierac-premium-le-masque-75-ml\/","title":{"rendered":"LIERAC PREMIUM LE MASQUE 75 ML"},"content":{"rendered":"<div aria-labelledby=\"tab-title-description\" class=\"woocommerce-Tabs-panel woocommerce-Tabs-panel--description panel entry-content wc-tab\" id=\"tab-description\" role=\"tabpanel\" style=\"\">\n<h2>Description<\/h2>\n<p>LE SHOOT DE JEUNESSE INSTANTAN\u00c9 D\u2019EXCEPTION<\/p>\n<p>Inspir\u00e9 de la m\u00e9decine r\u00e9g\u00e9n\u00e9rative, ce masque soin regorge de solution d\u2019acide hyaluronique concentr\u00e9e \u00e0 10%, le plus fort dosage de la gamme. L\u2019effet repulpant est intense et imm\u00e9diat. Des micro-pigments soft-focus illuminent le teint pour un r\u00e9sultat sublimateur instantan\u00e9. Concentr\u00e9 \u00e0 4,5% en complexe Premium Cellular -brevet d\u00e9pos\u00e9 \u2013 il agit sur tous\u00a0les signes de l\u2019\u00e2ge pour r\u00e9v\u00e9ler un visage rayonnant de jeunesse.<\/p>\n<p>Sa texture active cr\u00e9meuse et enveloppante cr\u00e9\u00e9 un film seconde peau au pouvoir reconstituant imm\u00e9diat et au fini velout\u00e9 sans pareil.<\/p>\n<p><strong>conseil d\u2019utilisation :<\/strong><\/p>\n<p>Appliquer 1 \u00e0 2 fois par semaine en couche \u00e9paisse sur peau propre et s\u00e8che, en \u00e9vitant le contour des yeux. Laisser poser 5 \u00e0 10 minutes puis retirer l\u2019exc\u00e9dent avec un coton.<\/p>\n<\/div>","protected":false},"excerpt":{"rendered":"<p>Highlights:Rides profondes \u2013 Perte de densit\u00e9 \u2013 Rel\u00e2chement \u2013 Irr\u00e9gularit\u00e9s du teint \u2013 Taches \u2013 Pores \u2013 Grain de peau<\/p>","protected":false},"featured_media":50279,"comment_status":"open","ping_status":"closed","template":"","meta":[],"pwb-brand":[2130],"product_cat":[16],"product_tag":[],"class_list":{"0":"post-50278","1":"product","2":"type-product","3":"status-publish","4":"has-post-thumbnail","6":"pwb-brand-lierac","7":"product_cat-non-classe","8":"pa_brands-lierac","10":"first","11":"instock","12":"sale","13":"shipping-taxable","14":"purchasable","15":"product-type-simple"},"yoast_head":"<!-- This site is optimized with the Yoast SEO plugin v26.9 - https:\/\/yoast.com\/product\/yoast-seo-wordpress\/ -->\n<title>LIERAC PREMIUM LE MASQUE 75 ML - paragaleriedetalborjt<\/title>\n<meta name=\"robots\" content=\"index, follow, max-snippet:-1, max-image-preview:large, max-video-preview:-1\" \/>\n<link rel=\"canonical\" href=\"https:\/\/paragaleriedetalborjt.com\/en\/boutique\/lierac-premium-le-masque-75-ml\/\" \/>\n<meta property=\"og:locale\" content=\"en_US\" \/>\n<meta property=\"og:type\" content=\"article\" \/>\n<meta property=\"og:title\" content=\"LIERAC PREMIUM LE MASQUE 75 ML - paragaleriedetalborjt\" \/>\n<meta property=\"og:description\" content=\"Highlights:Rides profondes \u2013 Perte de densit\u00e9 \u2013 Rel\u00e2chement \u2013 Irr\u00e9gularit\u00e9s du teint \u2013 Taches \u2013 Pores \u2013 Grain de peau\" \/>\n<meta property=\"og:url\" content=\"https:\/\/paragaleriedetalborjt.com\/en\/boutique\/lierac-premium-le-masque-75-ml\/\" \/>\n<meta property=\"og:site_name\" content=\"paragaleriedetalborjt\" \/>\n<meta property=\"og:image\" content=\"https:\/\/paragaleriedetalborjt.com\/wp-content\/uploads\/2026\/01\/premium_masque_anti_age_absolu_lierac.jpg\" \/>\n\t<meta property=\"og:image:width\" content=\"595\" \/>\n\t<meta property=\"og:image:height\" content=\"655\" \/>\n\t<meta property=\"og:image:type\" content=\"image\/jpeg\" \/>\n<meta name=\"twitter:card\" content=\"summary_large_image\" \/>\n<meta name=\"twitter:label1\" content=\"Est. reading time\" \/>\n\t<meta name=\"twitter:data1\" content=\"1 minute\" \/>\n<script type=\"application\/ld+json\" class=\"yoast-schema-graph\">{\"@context\":\"https:\/\/schema.org\",\"@graph\":[{\"@type\":\"WebPage\",\"@id\":\"https:\/\/paragaleriedetalborjt.com\/boutique\/lierac-premium-le-masque-75-ml\/\",\"url\":\"https:\/\/paragaleriedetalborjt.com\/boutique\/lierac-premium-le-masque-75-ml\/\",\"name\":\"LIERAC PREMIUM LE MASQUE 75 ML - paragaleriedetalborjt\",\"isPartOf\":{\"@id\":\"https:\/\/paragaleriedetalborjt.com\/#website\"},\"primaryImageOfPage\":{\"@id\":\"https:\/\/paragaleriedetalborjt.com\/boutique\/lierac-premium-le-masque-75-ml\/#primaryimage\"},\"image\":{\"@id\":\"https:\/\/paragaleriedetalborjt.com\/boutique\/lierac-premium-le-masque-75-ml\/#primaryimage\"},\"thumbnailUrl\":\"https:\/\/paragaleriedetalborjt.com\/wp-content\/uploads\/2026\/01\/premium_masque_anti_age_absolu_lierac.jpg\",\"datePublished\":\"2026-01-04T14:13:29+00:00\",\"breadcrumb\":{\"@id\":\"https:\/\/paragaleriedetalborjt.com\/boutique\/lierac-premium-le-masque-75-ml\/#breadcrumb\"},\"inLanguage\":\"en-US\",\"potentialAction\":[{\"@type\":\"ReadAction\",\"target\":[\"https:\/\/paragaleriedetalborjt.com\/boutique\/lierac-premium-le-masque-75-ml\/\"]}]},{\"@type\":\"ImageObject\",\"inLanguage\":\"en-US\",\"@id\":\"https:\/\/paragaleriedetalborjt.com\/boutique\/lierac-premium-le-masque-75-ml\/#primaryimage\",\"url\":\"https:\/\/paragaleriedetalborjt.com\/wp-content\/uploads\/2026\/01\/premium_masque_anti_age_absolu_lierac.jpg\",\"contentUrl\":\"https:\/\/paragaleriedetalborjt.com\/wp-content\/uploads\/2026\/01\/premium_masque_anti_age_absolu_lierac.jpg\",\"width\":595,\"height\":655},{\"@type\":\"BreadcrumbList\",\"@id\":\"https:\/\/paragaleriedetalborjt.com\/boutique\/lierac-premium-le-masque-75-ml\/#breadcrumb\",\"itemListElement\":[{\"@type\":\"ListItem\",\"position\":1,\"name\":\"Accueil\",\"item\":\"https:\/\/paragaleriedetalborjt.com\/\"},{\"@type\":\"ListItem\",\"position\":2,\"name\":\"Boutique\",\"item\":\"https:\/\/paragaleriedetalborjt.com\/boutique\/\"},{\"@type\":\"ListItem\",\"position\":3,\"name\":\"LIERAC PREMIUM LE MASQUE 75 ML\"}]},{\"@type\":\"WebSite\",\"@id\":\"https:\/\/paragaleriedetalborjt.com\/#website\",\"url\":\"https:\/\/paragaleriedetalborjt.com\/\",\"name\":\"paragaleriedetalborjt\",\"description\":\"\",\"potentialAction\":[{\"@type\":\"SearchAction\",\"target\":{\"@type\":\"EntryPoint\",\"urlTemplate\":\"https:\/\/paragaleriedetalborjt.com\/?s={search_term_string}\"},\"query-input\":{\"@type\":\"PropertyValueSpecification\",\"valueRequired\":true,\"valueName\":\"search_term_string\"}}],\"inLanguage\":\"en-US\"}]}<\/script>\n<!-- \/ Yoast SEO plugin. -->","yoast_head_json":{"title":"LIERAC PREMIUM LE MASQUE 75 ML - paragaleriedetalborjt","robots":{"index":"index","follow":"follow","max-snippet":"max-snippet:-1","max-image-preview":"max-image-preview:large","max-video-preview":"max-video-preview:-1"},"canonical":"https:\/\/paragaleriedetalborjt.com\/en\/boutique\/lierac-premium-le-masque-75-ml\/","og_locale":"en_US","og_type":"article","og_title":"LIERAC PREMIUM LE MASQUE 75 ML - paragaleriedetalborjt","og_description":"Highlights:Rides profondes \u2013 Perte de densit\u00e9 \u2013 Rel\u00e2chement \u2013 Irr\u00e9gularit\u00e9s du teint \u2013 Taches \u2013 Pores \u2013 Grain de peau","og_url":"https:\/\/paragaleriedetalborjt.com\/en\/boutique\/lierac-premium-le-masque-75-ml\/","og_site_name":"paragaleriedetalborjt","og_image":[{"width":595,"height":655,"url":"https:\/\/paragaleriedetalborjt.com\/wp-content\/uploads\/2026\/01\/premium_masque_anti_age_absolu_lierac.jpg","type":"image\/jpeg"}],"twitter_card":"summary_large_image","twitter_misc":{"Est. reading time":"1 minute"},"schema":{"@context":"https:\/\/schema.org","@graph":[{"@type":"WebPage","@id":"https:\/\/paragaleriedetalborjt.com\/boutique\/lierac-premium-le-masque-75-ml\/","url":"https:\/\/paragaleriedetalborjt.com\/boutique\/lierac-premium-le-masque-75-ml\/","name":"LIERAC PREMIUM LE MASQUE 75 ML - paragaleriedetalborjt","isPartOf":{"@id":"https:\/\/paragaleriedetalborjt.com\/#website"},"primaryImageOfPage":{"@id":"https:\/\/paragaleriedetalborjt.com\/boutique\/lierac-premium-le-masque-75-ml\/#primaryimage"},"image":{"@id":"https:\/\/paragaleriedetalborjt.com\/boutique\/lierac-premium-le-masque-75-ml\/#primaryimage"},"thumbnailUrl":"https:\/\/paragaleriedetalborjt.com\/wp-content\/uploads\/2026\/01\/premium_masque_anti_age_absolu_lierac.jpg","datePublished":"2026-01-04T14:13:29+00:00","breadcrumb":{"@id":"https:\/\/paragaleriedetalborjt.com\/boutique\/lierac-premium-le-masque-75-ml\/#breadcrumb"},"inLanguage":"en-US","potentialAction":[{"@type":"ReadAction","target":["https:\/\/paragaleriedetalborjt.com\/boutique\/lierac-premium-le-masque-75-ml\/"]}]},{"@type":"ImageObject","inLanguage":"en-US","@id":"https:\/\/paragaleriedetalborjt.com\/boutique\/lierac-premium-le-masque-75-ml\/#primaryimage","url":"https:\/\/paragaleriedetalborjt.com\/wp-content\/uploads\/2026\/01\/premium_masque_anti_age_absolu_lierac.jpg","contentUrl":"https:\/\/paragaleriedetalborjt.com\/wp-content\/uploads\/2026\/01\/premium_masque_anti_age_absolu_lierac.jpg","width":595,"height":655},{"@type":"BreadcrumbList","@id":"https:\/\/paragaleriedetalborjt.com\/boutique\/lierac-premium-le-masque-75-ml\/#breadcrumb","itemListElement":[{"@type":"ListItem","position":1,"name":"Accueil","item":"https:\/\/paragaleriedetalborjt.com\/"},{"@type":"ListItem","position":2,"name":"Boutique","item":"https:\/\/paragaleriedetalborjt.com\/boutique\/"},{"@type":"ListItem","position":3,"name":"LIERAC PREMIUM LE MASQUE 75 ML"}]},{"@type":"WebSite","@id":"https:\/\/paragaleriedetalborjt.com\/#website","url":"https:\/\/paragaleriedetalborjt.com\/","name":"paragaleriedetalborjt","description":"","potentialAction":[{"@type":"SearchAction","target":{"@type":"EntryPoint","urlTemplate":"https:\/\/paragaleriedetalborjt.com\/?s={search_term_string}"},"query-input":{"@type":"PropertyValueSpecification","valueRequired":true,"valueName":"search_term_string"}}],"inLanguage":"en-US"}]}},"brands":[{"id":2130,"name":"LIERAC","slug":"lierac"}],"_links":{"self":[{"href":"https:\/\/paragaleriedetalborjt.com\/en\/wp-json\/wp\/v2\/product\/50278","targetHints":{"allow":["GET"]}}],"collection":[{"href":"https:\/\/paragaleriedetalborjt.com\/en\/wp-json\/wp\/v2\/product"}],"about":[{"href":"https:\/\/paragaleriedetalborjt.com\/en\/wp-json\/wp\/v2\/types\/product"}],"replies":[{"embeddable":true,"href":"https:\/\/paragaleriedetalborjt.com\/en\/wp-json\/wp\/v2\/comments?post=50278"}],"version-history":[{"count":1,"href":"https:\/\/paragaleriedetalborjt.com\/en\/wp-json\/wp\/v2\/product\/50278\/revisions"}],"predecessor-version":[{"id":50280,"href":"https:\/\/paragaleriedetalborjt.com\/en\/wp-json\/wp\/v2\/product\/50278\/revisions\/50280"}],"wp:featuredmedia":[{"embeddable":true,"href":"https:\/\/paragaleriedetalborjt.com\/en\/wp-json\/wp\/v2\/media\/50279"}],"wp:attachment":[{"href":"https:\/\/paragaleriedetalborjt.com\/en\/wp-json\/wp\/v2\/media?parent=50278"}],"wp:term":[{"taxonomy":"pwb-brand","embeddable":true,"href":"https:\/\/paragaleriedetalborjt.com\/en\/wp-json\/wp\/v2\/pwb-brand?post=50278"},{"taxonomy":"product_cat","embeddable":true,"href":"https:\/\/paragaleriedetalborjt.com\/en\/wp-json\/wp\/v2\/product_cat?post=50278"},{"taxonomy":"product_tag","embeddable":true,"href":"https:\/\/paragaleriedetalborjt.com\/en\/wp-json\/wp\/v2\/product_tag?post=50278"}],"curies":[{"name":"wp","href":"https:\/\/api.w.org\/{rel}","templated":true}]}}