{"id":50068,"date":"2026-01-04T15:03:57","date_gmt":"2026-01-04T14:03:57","guid":{"rendered":"https:\/\/paragaleriedetalborjt.com\/?post_type=product&#038;p=50068"},"modified":"2026-01-04T15:03:58","modified_gmt":"2026-01-04T14:03:58","slug":"rilastil-hydrotenseur-serum-30ml","status":"publish","type":"product","link":"https:\/\/paragaleriedetalborjt.com\/en\/boutique\/rilastil-hydrotenseur-serum-30ml\/","title":{"rendered":"RILASTIL HYDROTENSEUR S\u00c9RUM 30ML"},"content":{"rendered":"<div aria-labelledby=\"tab-title-description\" class=\"woocommerce-Tabs-panel woocommerce-Tabs-panel--description panel entry-content wc-tab\" id=\"tab-description\" role=\"tabpanel\" style=\"\">\n<h2>Description<\/h2>\n<p>S\u00e9rum anti-rides pour le visage \u00e0 action intensive. Gr\u00e2ce au sodium DNA, il am\u00e9liore l\u2019\u00e9lasticit\u00e9 de la peau, r\u00e9duisant efficacement les signes du vieillissement. Il donne \u00e0 la peau une apparence lisse, fra\u00eeche, jeune et la forme du visage est nouvellement soulign\u00e9e. Convient \u00e0 tous les types de peau.<\/p>\n<\/div>","protected":false},"excerpt":{"rendered":"<p>Highlights:A utiliser matin et soir, seul ou en association avec Rilastil hydrotenseur fluide (en cas de peau normale \u00e0 mixte) ou en association avec Cr\u00e8me hydratante Rilastil Hydrotenseur (peau normale) ou Rilastil hydrotenseur Cr\u00e8me nourrissante (peau s\u00e8che) pour pr\u00e9parer et sublimer votre soin cosm\u00e9tique habituel.<\/p>","protected":false},"featured_media":50069,"comment_status":"open","ping_status":"closed","template":"","meta":[],"pwb-brand":[2014],"product_cat":[16],"product_tag":[],"class_list":{"0":"post-50068","1":"product","2":"type-product","3":"status-publish","4":"has-post-thumbnail","6":"pwb-brand-rilastil","7":"product_cat-non-classe","8":"pa_brands-rilastil","10":"first","11":"instock","12":"sale","13":"shipping-taxable","14":"purchasable","15":"product-type-simple"},"yoast_head":"<!-- This site is optimized with the Yoast SEO plugin v27.5 - https:\/\/yoast.com\/product\/yoast-seo-wordpress\/ -->\n<title>RILASTIL HYDROTENSEUR S\u00c9RUM 30ML - paragaleriedetalborjt<\/title>\n<meta name=\"robots\" content=\"index, follow, max-snippet:-1, max-image-preview:large, max-video-preview:-1\" \/>\n<link rel=\"canonical\" href=\"https:\/\/paragaleriedetalborjt.com\/en\/boutique\/rilastil-hydrotenseur-serum-30ml\/\" \/>\n<meta property=\"og:locale\" content=\"en_US\" \/>\n<meta property=\"og:type\" content=\"article\" \/>\n<meta property=\"og:title\" content=\"RILASTIL HYDROTENSEUR S\u00c9RUM 30ML - paragaleriedetalborjt\" \/>\n<meta property=\"og:description\" content=\"Highlights:A utiliser matin et soir, seul ou en association avec Rilastil hydrotenseur fluide (en cas de peau normale \u00e0 mixte) ou en association avec Cr\u00e8me hydratante Rilastil Hydrotenseur (peau normale) ou Rilastil hydrotenseur Cr\u00e8me nourrissante (peau s\u00e8che) pour pr\u00e9parer et sublimer votre soin cosm\u00e9tique habituel.\" \/>\n<meta property=\"og:url\" content=\"https:\/\/paragaleriedetalborjt.com\/en\/boutique\/rilastil-hydrotenseur-serum-30ml\/\" \/>\n<meta property=\"og:site_name\" content=\"paragaleriedetalborjt\" \/>\n<meta property=\"article:modified_time\" content=\"2026-01-04T14:03:58+00:00\" \/>\n<meta property=\"og:image\" content=\"https:\/\/paragaleriedetalborjt.com\/wp-content\/uploads\/2026\/01\/RILASTIL-HYDROTENSEUR-SERUM-30ML-.jpg\" \/>\n\t<meta property=\"og:image:width\" content=\"595\" \/>\n\t<meta property=\"og:image:height\" content=\"655\" \/>\n\t<meta property=\"og:image:type\" content=\"image\/jpeg\" \/>\n<meta name=\"twitter:card\" content=\"summary_large_image\" \/>\n<script type=\"application\/ld+json\" class=\"yoast-schema-graph\">{\"@context\":\"https:\\\/\\\/schema.org\",\"@graph\":[{\"@type\":\"WebPage\",\"@id\":\"https:\\\/\\\/paragaleriedetalborjt.com\\\/boutique\\\/rilastil-hydrotenseur-serum-30ml\\\/\",\"url\":\"https:\\\/\\\/paragaleriedetalborjt.com\\\/boutique\\\/rilastil-hydrotenseur-serum-30ml\\\/\",\"name\":\"RILASTIL HYDROTENSEUR S\u00c9RUM 30ML - paragaleriedetalborjt\",\"isPartOf\":{\"@id\":\"https:\\\/\\\/paragaleriedetalborjt.com\\\/#website\"},\"primaryImageOfPage\":{\"@id\":\"https:\\\/\\\/paragaleriedetalborjt.com\\\/boutique\\\/rilastil-hydrotenseur-serum-30ml\\\/#primaryimage\"},\"image\":{\"@id\":\"https:\\\/\\\/paragaleriedetalborjt.com\\\/boutique\\\/rilastil-hydrotenseur-serum-30ml\\\/#primaryimage\"},\"thumbnailUrl\":\"https:\\\/\\\/paragaleriedetalborjt.com\\\/wp-content\\\/uploads\\\/2026\\\/01\\\/RILASTIL-HYDROTENSEUR-SERUM-30ML-.jpg\",\"datePublished\":\"2026-01-04T14:03:57+00:00\",\"dateModified\":\"2026-01-04T14:03:58+00:00\",\"breadcrumb\":{\"@id\":\"https:\\\/\\\/paragaleriedetalborjt.com\\\/boutique\\\/rilastil-hydrotenseur-serum-30ml\\\/#breadcrumb\"},\"inLanguage\":\"en-US\",\"potentialAction\":[{\"@type\":\"ReadAction\",\"target\":[\"https:\\\/\\\/paragaleriedetalborjt.com\\\/boutique\\\/rilastil-hydrotenseur-serum-30ml\\\/\"]}]},{\"@type\":\"ImageObject\",\"inLanguage\":\"en-US\",\"@id\":\"https:\\\/\\\/paragaleriedetalborjt.com\\\/boutique\\\/rilastil-hydrotenseur-serum-30ml\\\/#primaryimage\",\"url\":\"https:\\\/\\\/paragaleriedetalborjt.com\\\/wp-content\\\/uploads\\\/2026\\\/01\\\/RILASTIL-HYDROTENSEUR-SERUM-30ML-.jpg\",\"contentUrl\":\"https:\\\/\\\/paragaleriedetalborjt.com\\\/wp-content\\\/uploads\\\/2026\\\/01\\\/RILASTIL-HYDROTENSEUR-SERUM-30ML-.jpg\",\"width\":595,\"height\":655},{\"@type\":\"BreadcrumbList\",\"@id\":\"https:\\\/\\\/paragaleriedetalborjt.com\\\/boutique\\\/rilastil-hydrotenseur-serum-30ml\\\/#breadcrumb\",\"itemListElement\":[{\"@type\":\"ListItem\",\"position\":1,\"name\":\"Accueil\",\"item\":\"https:\\\/\\\/paragaleriedetalborjt.com\\\/\"},{\"@type\":\"ListItem\",\"position\":2,\"name\":\"Boutique\",\"item\":\"https:\\\/\\\/paragaleriedetalborjt.com\\\/boutique\\\/\"},{\"@type\":\"ListItem\",\"position\":3,\"name\":\"RILASTIL HYDROTENSEUR S\u00c9RUM 30ML\"}]},{\"@type\":\"WebSite\",\"@id\":\"https:\\\/\\\/paragaleriedetalborjt.com\\\/#website\",\"url\":\"https:\\\/\\\/paragaleriedetalborjt.com\\\/\",\"name\":\"paragaleriedetalborjt\",\"description\":\"\",\"potentialAction\":[{\"@type\":\"SearchAction\",\"target\":{\"@type\":\"EntryPoint\",\"urlTemplate\":\"https:\\\/\\\/paragaleriedetalborjt.com\\\/?s={search_term_string}\"},\"query-input\":{\"@type\":\"PropertyValueSpecification\",\"valueRequired\":true,\"valueName\":\"search_term_string\"}}],\"inLanguage\":\"en-US\"}]}<\/script>\n<!-- \/ Yoast SEO plugin. -->","yoast_head_json":{"title":"RILASTIL HYDROTENSEUR S\u00c9RUM 30ML - paragaleriedetalborjt","robots":{"index":"index","follow":"follow","max-snippet":"max-snippet:-1","max-image-preview":"max-image-preview:large","max-video-preview":"max-video-preview:-1"},"canonical":"https:\/\/paragaleriedetalborjt.com\/en\/boutique\/rilastil-hydrotenseur-serum-30ml\/","og_locale":"en_US","og_type":"article","og_title":"RILASTIL HYDROTENSEUR S\u00c9RUM 30ML - paragaleriedetalborjt","og_description":"Highlights:A utiliser matin et soir, seul ou en association avec Rilastil hydrotenseur fluide (en cas de peau normale \u00e0 mixte) ou en association avec Cr\u00e8me hydratante Rilastil Hydrotenseur (peau normale) ou Rilastil hydrotenseur Cr\u00e8me nourrissante (peau s\u00e8che) pour pr\u00e9parer et sublimer votre soin cosm\u00e9tique habituel.","og_url":"https:\/\/paragaleriedetalborjt.com\/en\/boutique\/rilastil-hydrotenseur-serum-30ml\/","og_site_name":"paragaleriedetalborjt","article_modified_time":"2026-01-04T14:03:58+00:00","og_image":[{"width":595,"height":655,"url":"https:\/\/paragaleriedetalborjt.com\/wp-content\/uploads\/2026\/01\/RILASTIL-HYDROTENSEUR-SERUM-30ML-.jpg","type":"image\/jpeg"}],"twitter_card":"summary_large_image","schema":{"@context":"https:\/\/schema.org","@graph":[{"@type":"WebPage","@id":"https:\/\/paragaleriedetalborjt.com\/boutique\/rilastil-hydrotenseur-serum-30ml\/","url":"https:\/\/paragaleriedetalborjt.com\/boutique\/rilastil-hydrotenseur-serum-30ml\/","name":"RILASTIL HYDROTENSEUR S\u00c9RUM 30ML - paragaleriedetalborjt","isPartOf":{"@id":"https:\/\/paragaleriedetalborjt.com\/#website"},"primaryImageOfPage":{"@id":"https:\/\/paragaleriedetalborjt.com\/boutique\/rilastil-hydrotenseur-serum-30ml\/#primaryimage"},"image":{"@id":"https:\/\/paragaleriedetalborjt.com\/boutique\/rilastil-hydrotenseur-serum-30ml\/#primaryimage"},"thumbnailUrl":"https:\/\/paragaleriedetalborjt.com\/wp-content\/uploads\/2026\/01\/RILASTIL-HYDROTENSEUR-SERUM-30ML-.jpg","datePublished":"2026-01-04T14:03:57+00:00","dateModified":"2026-01-04T14:03:58+00:00","breadcrumb":{"@id":"https:\/\/paragaleriedetalborjt.com\/boutique\/rilastil-hydrotenseur-serum-30ml\/#breadcrumb"},"inLanguage":"en-US","potentialAction":[{"@type":"ReadAction","target":["https:\/\/paragaleriedetalborjt.com\/boutique\/rilastil-hydrotenseur-serum-30ml\/"]}]},{"@type":"ImageObject","inLanguage":"en-US","@id":"https:\/\/paragaleriedetalborjt.com\/boutique\/rilastil-hydrotenseur-serum-30ml\/#primaryimage","url":"https:\/\/paragaleriedetalborjt.com\/wp-content\/uploads\/2026\/01\/RILASTIL-HYDROTENSEUR-SERUM-30ML-.jpg","contentUrl":"https:\/\/paragaleriedetalborjt.com\/wp-content\/uploads\/2026\/01\/RILASTIL-HYDROTENSEUR-SERUM-30ML-.jpg","width":595,"height":655},{"@type":"BreadcrumbList","@id":"https:\/\/paragaleriedetalborjt.com\/boutique\/rilastil-hydrotenseur-serum-30ml\/#breadcrumb","itemListElement":[{"@type":"ListItem","position":1,"name":"Accueil","item":"https:\/\/paragaleriedetalborjt.com\/"},{"@type":"ListItem","position":2,"name":"Boutique","item":"https:\/\/paragaleriedetalborjt.com\/boutique\/"},{"@type":"ListItem","position":3,"name":"RILASTIL HYDROTENSEUR S\u00c9RUM 30ML"}]},{"@type":"WebSite","@id":"https:\/\/paragaleriedetalborjt.com\/#website","url":"https:\/\/paragaleriedetalborjt.com\/","name":"paragaleriedetalborjt","description":"","potentialAction":[{"@type":"SearchAction","target":{"@type":"EntryPoint","urlTemplate":"https:\/\/paragaleriedetalborjt.com\/?s={search_term_string}"},"query-input":{"@type":"PropertyValueSpecification","valueRequired":true,"valueName":"search_term_string"}}],"inLanguage":"en-US"}]}},"brands":[{"id":2014,"name":"RILASTIL","slug":"rilastil"}],"_links":{"self":[{"href":"https:\/\/paragaleriedetalborjt.com\/en\/wp-json\/wp\/v2\/product\/50068","targetHints":{"allow":["GET"]}}],"collection":[{"href":"https:\/\/paragaleriedetalborjt.com\/en\/wp-json\/wp\/v2\/product"}],"about":[{"href":"https:\/\/paragaleriedetalborjt.com\/en\/wp-json\/wp\/v2\/types\/product"}],"replies":[{"embeddable":true,"href":"https:\/\/paragaleriedetalborjt.com\/en\/wp-json\/wp\/v2\/comments?post=50068"}],"version-history":[{"count":1,"href":"https:\/\/paragaleriedetalborjt.com\/en\/wp-json\/wp\/v2\/product\/50068\/revisions"}],"predecessor-version":[{"id":50070,"href":"https:\/\/paragaleriedetalborjt.com\/en\/wp-json\/wp\/v2\/product\/50068\/revisions\/50070"}],"wp:featuredmedia":[{"embeddable":true,"href":"https:\/\/paragaleriedetalborjt.com\/en\/wp-json\/wp\/v2\/media\/50069"}],"wp:attachment":[{"href":"https:\/\/paragaleriedetalborjt.com\/en\/wp-json\/wp\/v2\/media?parent=50068"}],"wp:term":[{"taxonomy":"pwb-brand","embeddable":true,"href":"https:\/\/paragaleriedetalborjt.com\/en\/wp-json\/wp\/v2\/pwb-brand?post=50068"},{"taxonomy":"product_cat","embeddable":true,"href":"https:\/\/paragaleriedetalborjt.com\/en\/wp-json\/wp\/v2\/product_cat?post=50068"},{"taxonomy":"product_tag","embeddable":true,"href":"https:\/\/paragaleriedetalborjt.com\/en\/wp-json\/wp\/v2\/product_tag?post=50068"}],"curies":[{"name":"wp","href":"https:\/\/api.w.org\/{rel}","templated":true}]}}