{"id":50032,"date":"2026-01-04T15:02:07","date_gmt":"2026-01-04T14:02:07","guid":{"rendered":"https:\/\/paragaleriedetalborjt.com\/?post_type=product&#038;p=50032"},"modified":"2026-01-04T15:02:07","modified_gmt":"2026-01-04T14:02:07","slug":"rilastil-sun-system-fluide-water-touch-spf-50-50-ml","status":"publish","type":"product","link":"https:\/\/paragaleriedetalborjt.com\/en\/boutique\/rilastil-sun-system-fluide-water-touch-spf-50-50-ml\/","title":{"rendered":"RILASTIL SUN SYSTEM FLUIDE WATER TOUCH  SPF 50+ 50 ml"},"content":{"rendered":"<div aria-labelledby=\"tab-title-description\" class=\"woocommerce-Tabs-panel woocommerce-Tabs-panel--description panel entry-content wc-tab\" id=\"tab-description\" role=\"tabpanel\" style=\"\">\n<h2>Description<\/h2>\n<p>Protection solaire \u00e0 absorption rapide. offrant une protection optimale contre les rayons UVB et UVA et un effet matifiant. Gr\u00e2ce \u00e0 sa nouvelle formulation sans alcool, sans parfum ni \u00e9mulsifiants, il ne vous piquera pas les yeux. Convient \u00e9galement comme base de maquillage.<\/p>\n<p><strong><strong>Conseils d\u2019Utilisation : <\/strong> <\/strong><\/p>\n<p>Appliquer sur peau s\u00e8che une demi-heure avant l\u2019exposition au soleil. R\u00e9p\u00e9tez fr\u00e9quemment l\u2019application.<\/p>\n<\/div>","protected":false},"excerpt":{"rendered":"<p>Highlights:Hydrate la peau en continu et aide \u00e0 restaurer la barri\u00e8re protectrice de la peau.\u2022 Besoin :Hydrater | Nourrir | Peau s\u00e8che \u00e0 tr\u00e8s s\u00e8che | Peau sensible.\u2022 Ingr\u00e9dients Cl\u00e9s :C\u00e9ramides (1, 3 et 6-II) pour prot\u00e9ger et nourrir | Acide Hyaluronique pour maintenir la peau hydrat\u00e9e | Glyc\u00e9rine pour adoucir et prot\u00e9ger.\u2022S\u00e9curit\u00e9 :Sans Parfum | Hypoallerg\u00e9nique | Non-Com\u00e9dog\u00e8ne.\u2022 Utilisation :Appliquer aussi souvent que n\u00e9cessaire. Visage, corps et mains.Approuv\u00e9 par les membres de l\u2019Association Fran\u00e7aise de l\u2019Ecz\u00e9ma.<\/p>","protected":false},"featured_media":50033,"comment_status":"open","ping_status":"closed","template":"","meta":[],"pwb-brand":[2014],"product_cat":[16],"product_tag":[],"class_list":{"0":"post-50032","1":"product","2":"type-product","3":"status-publish","4":"has-post-thumbnail","6":"pwb-brand-rilastil","7":"product_cat-non-classe","8":"pa_brands-rilastil","10":"first","11":"instock","12":"sale","13":"shipping-taxable","14":"purchasable","15":"product-type-simple"},"yoast_head":"<!-- This site is optimized with the Yoast SEO plugin v27.5 - https:\/\/yoast.com\/product\/yoast-seo-wordpress\/ -->\n<title>RILASTIL SUN SYSTEM FLUIDE WATER TOUCH SPF 50+ 50 ml - paragaleriedetalborjt<\/title>\n<meta name=\"robots\" content=\"index, follow, max-snippet:-1, max-image-preview:large, max-video-preview:-1\" \/>\n<link rel=\"canonical\" href=\"https:\/\/paragaleriedetalborjt.com\/en\/boutique\/rilastil-sun-system-fluide-water-touch-spf-50-50-ml\/\" \/>\n<meta property=\"og:locale\" content=\"en_US\" \/>\n<meta property=\"og:type\" content=\"article\" \/>\n<meta property=\"og:title\" content=\"RILASTIL SUN SYSTEM FLUIDE WATER TOUCH SPF 50+ 50 ml - paragaleriedetalborjt\" \/>\n<meta property=\"og:description\" content=\"Highlights:Hydrate la peau en continu et aide \u00e0 restaurer la barri\u00e8re protectrice de la peau.\u2022 Besoin :Hydrater | Nourrir | Peau s\u00e8che \u00e0 tr\u00e8s s\u00e8che | Peau sensible.\u2022 Ingr\u00e9dients Cl\u00e9s :C\u00e9ramides (1, 3 et 6-II) pour prot\u00e9ger et nourrir | Acide Hyaluronique pour maintenir la peau hydrat\u00e9e | Glyc\u00e9rine pour adoucir et prot\u00e9ger.\u2022S\u00e9curit\u00e9 :Sans Parfum | Hypoallerg\u00e9nique | Non-Com\u00e9dog\u00e8ne.\u2022 Utilisation :Appliquer aussi souvent que n\u00e9cessaire. Visage, corps et mains.Approuv\u00e9 par les membres de l\u2019Association Fran\u00e7aise de l\u2019Ecz\u00e9ma.\" \/>\n<meta property=\"og:url\" content=\"https:\/\/paragaleriedetalborjt.com\/en\/boutique\/rilastil-sun-system-fluide-water-touch-spf-50-50-ml\/\" \/>\n<meta property=\"og:site_name\" content=\"paragaleriedetalborjt\" \/>\n<meta property=\"og:image\" content=\"https:\/\/paragaleriedetalborjt.com\/wp-content\/uploads\/2026\/01\/RILASTIL-SUN-SYSTEM-FLUIDE-WATER-TOUCH-SPF-50-50-ml.jpg\" \/>\n\t<meta property=\"og:image:width\" content=\"595\" \/>\n\t<meta property=\"og:image:height\" content=\"655\" \/>\n\t<meta property=\"og:image:type\" content=\"image\/jpeg\" \/>\n<meta name=\"twitter:card\" content=\"summary_large_image\" \/>\n<script type=\"application\/ld+json\" class=\"yoast-schema-graph\">{\"@context\":\"https:\\\/\\\/schema.org\",\"@graph\":[{\"@type\":\"WebPage\",\"@id\":\"https:\\\/\\\/paragaleriedetalborjt.com\\\/boutique\\\/rilastil-sun-system-fluide-water-touch-spf-50-50-ml\\\/\",\"url\":\"https:\\\/\\\/paragaleriedetalborjt.com\\\/boutique\\\/rilastil-sun-system-fluide-water-touch-spf-50-50-ml\\\/\",\"name\":\"RILASTIL SUN SYSTEM FLUIDE WATER TOUCH SPF 50+ 50 ml - paragaleriedetalborjt\",\"isPartOf\":{\"@id\":\"https:\\\/\\\/paragaleriedetalborjt.com\\\/#website\"},\"primaryImageOfPage\":{\"@id\":\"https:\\\/\\\/paragaleriedetalborjt.com\\\/boutique\\\/rilastil-sun-system-fluide-water-touch-spf-50-50-ml\\\/#primaryimage\"},\"image\":{\"@id\":\"https:\\\/\\\/paragaleriedetalborjt.com\\\/boutique\\\/rilastil-sun-system-fluide-water-touch-spf-50-50-ml\\\/#primaryimage\"},\"thumbnailUrl\":\"https:\\\/\\\/paragaleriedetalborjt.com\\\/wp-content\\\/uploads\\\/2026\\\/01\\\/RILASTIL-SUN-SYSTEM-FLUIDE-WATER-TOUCH-SPF-50-50-ml.jpg\",\"datePublished\":\"2026-01-04T14:02:07+00:00\",\"breadcrumb\":{\"@id\":\"https:\\\/\\\/paragaleriedetalborjt.com\\\/boutique\\\/rilastil-sun-system-fluide-water-touch-spf-50-50-ml\\\/#breadcrumb\"},\"inLanguage\":\"en-US\",\"potentialAction\":[{\"@type\":\"ReadAction\",\"target\":[\"https:\\\/\\\/paragaleriedetalborjt.com\\\/boutique\\\/rilastil-sun-system-fluide-water-touch-spf-50-50-ml\\\/\"]}]},{\"@type\":\"ImageObject\",\"inLanguage\":\"en-US\",\"@id\":\"https:\\\/\\\/paragaleriedetalborjt.com\\\/boutique\\\/rilastil-sun-system-fluide-water-touch-spf-50-50-ml\\\/#primaryimage\",\"url\":\"https:\\\/\\\/paragaleriedetalborjt.com\\\/wp-content\\\/uploads\\\/2026\\\/01\\\/RILASTIL-SUN-SYSTEM-FLUIDE-WATER-TOUCH-SPF-50-50-ml.jpg\",\"contentUrl\":\"https:\\\/\\\/paragaleriedetalborjt.com\\\/wp-content\\\/uploads\\\/2026\\\/01\\\/RILASTIL-SUN-SYSTEM-FLUIDE-WATER-TOUCH-SPF-50-50-ml.jpg\",\"width\":595,\"height\":655},{\"@type\":\"BreadcrumbList\",\"@id\":\"https:\\\/\\\/paragaleriedetalborjt.com\\\/boutique\\\/rilastil-sun-system-fluide-water-touch-spf-50-50-ml\\\/#breadcrumb\",\"itemListElement\":[{\"@type\":\"ListItem\",\"position\":1,\"name\":\"Accueil\",\"item\":\"https:\\\/\\\/paragaleriedetalborjt.com\\\/\"},{\"@type\":\"ListItem\",\"position\":2,\"name\":\"Boutique\",\"item\":\"https:\\\/\\\/paragaleriedetalborjt.com\\\/boutique\\\/\"},{\"@type\":\"ListItem\",\"position\":3,\"name\":\"RILASTIL SUN SYSTEM FLUIDE WATER TOUCH SPF 50+ 50 ml\"}]},{\"@type\":\"WebSite\",\"@id\":\"https:\\\/\\\/paragaleriedetalborjt.com\\\/#website\",\"url\":\"https:\\\/\\\/paragaleriedetalborjt.com\\\/\",\"name\":\"paragaleriedetalborjt\",\"description\":\"\",\"potentialAction\":[{\"@type\":\"SearchAction\",\"target\":{\"@type\":\"EntryPoint\",\"urlTemplate\":\"https:\\\/\\\/paragaleriedetalborjt.com\\\/?s={search_term_string}\"},\"query-input\":{\"@type\":\"PropertyValueSpecification\",\"valueRequired\":true,\"valueName\":\"search_term_string\"}}],\"inLanguage\":\"en-US\"}]}<\/script>\n<!-- \/ Yoast SEO plugin. -->","yoast_head_json":{"title":"RILASTIL SUN SYSTEM FLUIDE WATER TOUCH SPF 50+ 50 ml - paragaleriedetalborjt","robots":{"index":"index","follow":"follow","max-snippet":"max-snippet:-1","max-image-preview":"max-image-preview:large","max-video-preview":"max-video-preview:-1"},"canonical":"https:\/\/paragaleriedetalborjt.com\/en\/boutique\/rilastil-sun-system-fluide-water-touch-spf-50-50-ml\/","og_locale":"en_US","og_type":"article","og_title":"RILASTIL SUN SYSTEM FLUIDE WATER TOUCH SPF 50+ 50 ml - paragaleriedetalborjt","og_description":"Highlights:Hydrate la peau en continu et aide \u00e0 restaurer la barri\u00e8re protectrice de la peau.\u2022 Besoin :Hydrater | Nourrir | Peau s\u00e8che \u00e0 tr\u00e8s s\u00e8che | Peau sensible.\u2022 Ingr\u00e9dients Cl\u00e9s :C\u00e9ramides (1, 3 et 6-II) pour prot\u00e9ger et nourrir | Acide Hyaluronique pour maintenir la peau hydrat\u00e9e | Glyc\u00e9rine pour adoucir et prot\u00e9ger.\u2022S\u00e9curit\u00e9 :Sans Parfum | Hypoallerg\u00e9nique | Non-Com\u00e9dog\u00e8ne.\u2022 Utilisation :Appliquer aussi souvent que n\u00e9cessaire. Visage, corps et mains.Approuv\u00e9 par les membres de l\u2019Association Fran\u00e7aise de l\u2019Ecz\u00e9ma.","og_url":"https:\/\/paragaleriedetalborjt.com\/en\/boutique\/rilastil-sun-system-fluide-water-touch-spf-50-50-ml\/","og_site_name":"paragaleriedetalborjt","og_image":[{"width":595,"height":655,"url":"https:\/\/paragaleriedetalborjt.com\/wp-content\/uploads\/2026\/01\/RILASTIL-SUN-SYSTEM-FLUIDE-WATER-TOUCH-SPF-50-50-ml.jpg","type":"image\/jpeg"}],"twitter_card":"summary_large_image","schema":{"@context":"https:\/\/schema.org","@graph":[{"@type":"WebPage","@id":"https:\/\/paragaleriedetalborjt.com\/boutique\/rilastil-sun-system-fluide-water-touch-spf-50-50-ml\/","url":"https:\/\/paragaleriedetalborjt.com\/boutique\/rilastil-sun-system-fluide-water-touch-spf-50-50-ml\/","name":"RILASTIL SUN SYSTEM FLUIDE WATER TOUCH SPF 50+ 50 ml - paragaleriedetalborjt","isPartOf":{"@id":"https:\/\/paragaleriedetalborjt.com\/#website"},"primaryImageOfPage":{"@id":"https:\/\/paragaleriedetalborjt.com\/boutique\/rilastil-sun-system-fluide-water-touch-spf-50-50-ml\/#primaryimage"},"image":{"@id":"https:\/\/paragaleriedetalborjt.com\/boutique\/rilastil-sun-system-fluide-water-touch-spf-50-50-ml\/#primaryimage"},"thumbnailUrl":"https:\/\/paragaleriedetalborjt.com\/wp-content\/uploads\/2026\/01\/RILASTIL-SUN-SYSTEM-FLUIDE-WATER-TOUCH-SPF-50-50-ml.jpg","datePublished":"2026-01-04T14:02:07+00:00","breadcrumb":{"@id":"https:\/\/paragaleriedetalborjt.com\/boutique\/rilastil-sun-system-fluide-water-touch-spf-50-50-ml\/#breadcrumb"},"inLanguage":"en-US","potentialAction":[{"@type":"ReadAction","target":["https:\/\/paragaleriedetalborjt.com\/boutique\/rilastil-sun-system-fluide-water-touch-spf-50-50-ml\/"]}]},{"@type":"ImageObject","inLanguage":"en-US","@id":"https:\/\/paragaleriedetalborjt.com\/boutique\/rilastil-sun-system-fluide-water-touch-spf-50-50-ml\/#primaryimage","url":"https:\/\/paragaleriedetalborjt.com\/wp-content\/uploads\/2026\/01\/RILASTIL-SUN-SYSTEM-FLUIDE-WATER-TOUCH-SPF-50-50-ml.jpg","contentUrl":"https:\/\/paragaleriedetalborjt.com\/wp-content\/uploads\/2026\/01\/RILASTIL-SUN-SYSTEM-FLUIDE-WATER-TOUCH-SPF-50-50-ml.jpg","width":595,"height":655},{"@type":"BreadcrumbList","@id":"https:\/\/paragaleriedetalborjt.com\/boutique\/rilastil-sun-system-fluide-water-touch-spf-50-50-ml\/#breadcrumb","itemListElement":[{"@type":"ListItem","position":1,"name":"Accueil","item":"https:\/\/paragaleriedetalborjt.com\/"},{"@type":"ListItem","position":2,"name":"Boutique","item":"https:\/\/paragaleriedetalborjt.com\/boutique\/"},{"@type":"ListItem","position":3,"name":"RILASTIL SUN SYSTEM FLUIDE WATER TOUCH SPF 50+ 50 ml"}]},{"@type":"WebSite","@id":"https:\/\/paragaleriedetalborjt.com\/#website","url":"https:\/\/paragaleriedetalborjt.com\/","name":"paragaleriedetalborjt","description":"","potentialAction":[{"@type":"SearchAction","target":{"@type":"EntryPoint","urlTemplate":"https:\/\/paragaleriedetalborjt.com\/?s={search_term_string}"},"query-input":{"@type":"PropertyValueSpecification","valueRequired":true,"valueName":"search_term_string"}}],"inLanguage":"en-US"}]}},"brands":[{"id":2014,"name":"RILASTIL","slug":"rilastil"}],"_links":{"self":[{"href":"https:\/\/paragaleriedetalborjt.com\/en\/wp-json\/wp\/v2\/product\/50032","targetHints":{"allow":["GET"]}}],"collection":[{"href":"https:\/\/paragaleriedetalborjt.com\/en\/wp-json\/wp\/v2\/product"}],"about":[{"href":"https:\/\/paragaleriedetalborjt.com\/en\/wp-json\/wp\/v2\/types\/product"}],"replies":[{"embeddable":true,"href":"https:\/\/paragaleriedetalborjt.com\/en\/wp-json\/wp\/v2\/comments?post=50032"}],"version-history":[{"count":1,"href":"https:\/\/paragaleriedetalborjt.com\/en\/wp-json\/wp\/v2\/product\/50032\/revisions"}],"predecessor-version":[{"id":50034,"href":"https:\/\/paragaleriedetalborjt.com\/en\/wp-json\/wp\/v2\/product\/50032\/revisions\/50034"}],"wp:featuredmedia":[{"embeddable":true,"href":"https:\/\/paragaleriedetalborjt.com\/en\/wp-json\/wp\/v2\/media\/50033"}],"wp:attachment":[{"href":"https:\/\/paragaleriedetalborjt.com\/en\/wp-json\/wp\/v2\/media?parent=50032"}],"wp:term":[{"taxonomy":"pwb-brand","embeddable":true,"href":"https:\/\/paragaleriedetalborjt.com\/en\/wp-json\/wp\/v2\/pwb-brand?post=50032"},{"taxonomy":"product_cat","embeddable":true,"href":"https:\/\/paragaleriedetalborjt.com\/en\/wp-json\/wp\/v2\/product_cat?post=50032"},{"taxonomy":"product_tag","embeddable":true,"href":"https:\/\/paragaleriedetalborjt.com\/en\/wp-json\/wp\/v2\/product_tag?post=50032"}],"curies":[{"name":"wp","href":"https:\/\/api.w.org\/{rel}","templated":true}]}}