{"id":49915,"date":"2026-01-04T14:56:29","date_gmt":"2026-01-04T13:56:29","guid":{"rendered":"https:\/\/paragaleriedetalborjt.com\/?post_type=product&#038;p=49915"},"modified":"2026-01-04T14:56:29","modified_gmt":"2026-01-04T13:56:29","slug":"resultime-anti-age-soin-lissant-multi-perfection-30ml","status":"publish","type":"product","link":"https:\/\/paragaleriedetalborjt.com\/en\/boutique\/resultime-anti-age-soin-lissant-multi-perfection-30ml\/","title":{"rendered":"Resultime Anti Age Soin lissant Multi-perfection 30ml"},"content":{"rendered":"<div aria-labelledby=\"tab-title-description\" class=\"woocommerce-Tabs-panel woocommerce-Tabs-panel--description panel entry-content wc-tab\" id=\"tab-description\" role=\"tabpanel\" style=\"\">\n<h2>Description<\/h2>\n<p>Ce soin peau \u00ab\u00a0z\u00e9ro d\u00e9faut\u00a0\u00bb associe le Micro-Collag\u00e8ne Vectoris\u00e9 \u00e0 un Peptide Light Booster pour corriger les 1ers signes de l\u2019\u00e2ge et raviver l\u2019\u00e9clat de la peau. Sa texture velours et fra\u00eeche, effet \u00ab\u00a0seconde peau\u00a0\u00bb, laisse une peau confortable au fini mat et poudr\u00e9.<\/p>\n<p><strong>Formule :<\/strong><\/p>\n<p>Technologie collagen-optic : Micro-Collag\u00e8ne Vectoris\u00e9 \u2013 BREVET*, Peptide Light Booster.<\/p>\n<p><strong><strong>Conseils d\u2019Utilisation : <\/strong> <\/strong><\/p>\n<p>Utiliser le matin, seul pour les peaux normales \u00e0 mixtes, ou apr\u00e8s son soin de jour pour les peaux s\u00e8ches en qu\u00eate de confort.<\/p>\n<p>Peut s\u2019utiliser en retouches au cours de la journ\u00e9e.<\/p>\n<p>Les imperfections sont flout\u00e9es, la peau est plus lisse et son teint \u00e9clatant.<\/p>\n<\/div>","protected":false},"excerpt":{"rendered":"<p>Highlights:Micro-Collag\u00e8ne Vectoris\u00e9Soin perfecteur de teint anti-\u00e2ge, pour une peau \u00ab\u00a0Z\u00e9ro d\u00e9faut\u00a0\u00bbToutes peaux.<\/p>","protected":false},"featured_media":49916,"comment_status":"open","ping_status":"closed","template":"","meta":[],"pwb-brand":[2093],"product_cat":[16],"product_tag":[],"class_list":{"0":"post-49915","1":"product","2":"type-product","3":"status-publish","4":"has-post-thumbnail","6":"pwb-brand-resultime","7":"product_cat-non-classe","8":"pa_brands-resultime","10":"first","11":"instock","12":"sale","13":"shipping-taxable","14":"purchasable","15":"product-type-simple"},"yoast_head":"<!-- This site is optimized with the Yoast SEO plugin v26.9 - https:\/\/yoast.com\/product\/yoast-seo-wordpress\/ -->\n<title>Resultime Anti Age Soin lissant Multi-perfection 30ml - paragaleriedetalborjt<\/title>\n<meta name=\"robots\" content=\"index, follow, max-snippet:-1, max-image-preview:large, max-video-preview:-1\" \/>\n<link rel=\"canonical\" href=\"https:\/\/paragaleriedetalborjt.com\/en\/boutique\/resultime-anti-age-soin-lissant-multi-perfection-30ml\/\" \/>\n<meta property=\"og:locale\" content=\"en_US\" \/>\n<meta property=\"og:type\" content=\"article\" \/>\n<meta property=\"og:title\" content=\"Resultime Anti Age Soin lissant Multi-perfection 30ml - paragaleriedetalborjt\" \/>\n<meta property=\"og:description\" content=\"Highlights:Micro-Collag\u00e8ne Vectoris\u00e9Soin perfecteur de teint anti-\u00e2ge, pour une peau \u00ab\u00a0Z\u00e9ro d\u00e9faut\u00a0\u00bbToutes peaux.\" \/>\n<meta property=\"og:url\" content=\"https:\/\/paragaleriedetalborjt.com\/en\/boutique\/resultime-anti-age-soin-lissant-multi-perfection-30ml\/\" \/>\n<meta property=\"og:site_name\" content=\"paragaleriedetalborjt\" \/>\n<meta property=\"og:image\" content=\"https:\/\/paragaleriedetalborjt.com\/wp-content\/uploads\/2026\/01\/Multi_Perfection-VUE1-2019_09_11.jpg\" \/>\n\t<meta property=\"og:image:width\" content=\"595\" \/>\n\t<meta property=\"og:image:height\" content=\"655\" \/>\n\t<meta property=\"og:image:type\" content=\"image\/jpeg\" \/>\n<meta name=\"twitter:card\" content=\"summary_large_image\" \/>\n<meta name=\"twitter:label1\" content=\"Est. reading time\" \/>\n\t<meta name=\"twitter:data1\" content=\"1 minute\" \/>\n<script type=\"application\/ld+json\" class=\"yoast-schema-graph\">{\"@context\":\"https:\/\/schema.org\",\"@graph\":[{\"@type\":\"WebPage\",\"@id\":\"https:\/\/paragaleriedetalborjt.com\/boutique\/resultime-anti-age-soin-lissant-multi-perfection-30ml\/\",\"url\":\"https:\/\/paragaleriedetalborjt.com\/boutique\/resultime-anti-age-soin-lissant-multi-perfection-30ml\/\",\"name\":\"Resultime Anti Age Soin lissant Multi-perfection 30ml - paragaleriedetalborjt\",\"isPartOf\":{\"@id\":\"https:\/\/paragaleriedetalborjt.com\/#website\"},\"primaryImageOfPage\":{\"@id\":\"https:\/\/paragaleriedetalborjt.com\/boutique\/resultime-anti-age-soin-lissant-multi-perfection-30ml\/#primaryimage\"},\"image\":{\"@id\":\"https:\/\/paragaleriedetalborjt.com\/boutique\/resultime-anti-age-soin-lissant-multi-perfection-30ml\/#primaryimage\"},\"thumbnailUrl\":\"https:\/\/paragaleriedetalborjt.com\/wp-content\/uploads\/2026\/01\/Multi_Perfection-VUE1-2019_09_11.jpg\",\"datePublished\":\"2026-01-04T13:56:29+00:00\",\"breadcrumb\":{\"@id\":\"https:\/\/paragaleriedetalborjt.com\/boutique\/resultime-anti-age-soin-lissant-multi-perfection-30ml\/#breadcrumb\"},\"inLanguage\":\"en-US\",\"potentialAction\":[{\"@type\":\"ReadAction\",\"target\":[\"https:\/\/paragaleriedetalborjt.com\/boutique\/resultime-anti-age-soin-lissant-multi-perfection-30ml\/\"]}]},{\"@type\":\"ImageObject\",\"inLanguage\":\"en-US\",\"@id\":\"https:\/\/paragaleriedetalborjt.com\/boutique\/resultime-anti-age-soin-lissant-multi-perfection-30ml\/#primaryimage\",\"url\":\"https:\/\/paragaleriedetalborjt.com\/wp-content\/uploads\/2026\/01\/Multi_Perfection-VUE1-2019_09_11.jpg\",\"contentUrl\":\"https:\/\/paragaleriedetalborjt.com\/wp-content\/uploads\/2026\/01\/Multi_Perfection-VUE1-2019_09_11.jpg\",\"width\":595,\"height\":655},{\"@type\":\"BreadcrumbList\",\"@id\":\"https:\/\/paragaleriedetalborjt.com\/boutique\/resultime-anti-age-soin-lissant-multi-perfection-30ml\/#breadcrumb\",\"itemListElement\":[{\"@type\":\"ListItem\",\"position\":1,\"name\":\"Accueil\",\"item\":\"https:\/\/paragaleriedetalborjt.com\/\"},{\"@type\":\"ListItem\",\"position\":2,\"name\":\"Boutique\",\"item\":\"https:\/\/paragaleriedetalborjt.com\/boutique\/\"},{\"@type\":\"ListItem\",\"position\":3,\"name\":\"Resultime Anti Age Soin lissant Multi-perfection 30ml\"}]},{\"@type\":\"WebSite\",\"@id\":\"https:\/\/paragaleriedetalborjt.com\/#website\",\"url\":\"https:\/\/paragaleriedetalborjt.com\/\",\"name\":\"paragaleriedetalborjt\",\"description\":\"\",\"potentialAction\":[{\"@type\":\"SearchAction\",\"target\":{\"@type\":\"EntryPoint\",\"urlTemplate\":\"https:\/\/paragaleriedetalborjt.com\/?s={search_term_string}\"},\"query-input\":{\"@type\":\"PropertyValueSpecification\",\"valueRequired\":true,\"valueName\":\"search_term_string\"}}],\"inLanguage\":\"en-US\"}]}<\/script>\n<!-- \/ Yoast SEO plugin. -->","yoast_head_json":{"title":"Resultime Anti Age Soin lissant Multi-perfection 30ml - paragaleriedetalborjt","robots":{"index":"index","follow":"follow","max-snippet":"max-snippet:-1","max-image-preview":"max-image-preview:large","max-video-preview":"max-video-preview:-1"},"canonical":"https:\/\/paragaleriedetalborjt.com\/en\/boutique\/resultime-anti-age-soin-lissant-multi-perfection-30ml\/","og_locale":"en_US","og_type":"article","og_title":"Resultime Anti Age Soin lissant Multi-perfection 30ml - paragaleriedetalborjt","og_description":"Highlights:Micro-Collag\u00e8ne Vectoris\u00e9Soin perfecteur de teint anti-\u00e2ge, pour une peau \u00ab\u00a0Z\u00e9ro d\u00e9faut\u00a0\u00bbToutes peaux.","og_url":"https:\/\/paragaleriedetalborjt.com\/en\/boutique\/resultime-anti-age-soin-lissant-multi-perfection-30ml\/","og_site_name":"paragaleriedetalborjt","og_image":[{"width":595,"height":655,"url":"https:\/\/paragaleriedetalborjt.com\/wp-content\/uploads\/2026\/01\/Multi_Perfection-VUE1-2019_09_11.jpg","type":"image\/jpeg"}],"twitter_card":"summary_large_image","twitter_misc":{"Est. reading time":"1 minute"},"schema":{"@context":"https:\/\/schema.org","@graph":[{"@type":"WebPage","@id":"https:\/\/paragaleriedetalborjt.com\/boutique\/resultime-anti-age-soin-lissant-multi-perfection-30ml\/","url":"https:\/\/paragaleriedetalborjt.com\/boutique\/resultime-anti-age-soin-lissant-multi-perfection-30ml\/","name":"Resultime Anti Age Soin lissant Multi-perfection 30ml - paragaleriedetalborjt","isPartOf":{"@id":"https:\/\/paragaleriedetalborjt.com\/#website"},"primaryImageOfPage":{"@id":"https:\/\/paragaleriedetalborjt.com\/boutique\/resultime-anti-age-soin-lissant-multi-perfection-30ml\/#primaryimage"},"image":{"@id":"https:\/\/paragaleriedetalborjt.com\/boutique\/resultime-anti-age-soin-lissant-multi-perfection-30ml\/#primaryimage"},"thumbnailUrl":"https:\/\/paragaleriedetalborjt.com\/wp-content\/uploads\/2026\/01\/Multi_Perfection-VUE1-2019_09_11.jpg","datePublished":"2026-01-04T13:56:29+00:00","breadcrumb":{"@id":"https:\/\/paragaleriedetalborjt.com\/boutique\/resultime-anti-age-soin-lissant-multi-perfection-30ml\/#breadcrumb"},"inLanguage":"en-US","potentialAction":[{"@type":"ReadAction","target":["https:\/\/paragaleriedetalborjt.com\/boutique\/resultime-anti-age-soin-lissant-multi-perfection-30ml\/"]}]},{"@type":"ImageObject","inLanguage":"en-US","@id":"https:\/\/paragaleriedetalborjt.com\/boutique\/resultime-anti-age-soin-lissant-multi-perfection-30ml\/#primaryimage","url":"https:\/\/paragaleriedetalborjt.com\/wp-content\/uploads\/2026\/01\/Multi_Perfection-VUE1-2019_09_11.jpg","contentUrl":"https:\/\/paragaleriedetalborjt.com\/wp-content\/uploads\/2026\/01\/Multi_Perfection-VUE1-2019_09_11.jpg","width":595,"height":655},{"@type":"BreadcrumbList","@id":"https:\/\/paragaleriedetalborjt.com\/boutique\/resultime-anti-age-soin-lissant-multi-perfection-30ml\/#breadcrumb","itemListElement":[{"@type":"ListItem","position":1,"name":"Accueil","item":"https:\/\/paragaleriedetalborjt.com\/"},{"@type":"ListItem","position":2,"name":"Boutique","item":"https:\/\/paragaleriedetalborjt.com\/boutique\/"},{"@type":"ListItem","position":3,"name":"Resultime Anti Age Soin lissant Multi-perfection 30ml"}]},{"@type":"WebSite","@id":"https:\/\/paragaleriedetalborjt.com\/#website","url":"https:\/\/paragaleriedetalborjt.com\/","name":"paragaleriedetalborjt","description":"","potentialAction":[{"@type":"SearchAction","target":{"@type":"EntryPoint","urlTemplate":"https:\/\/paragaleriedetalborjt.com\/?s={search_term_string}"},"query-input":{"@type":"PropertyValueSpecification","valueRequired":true,"valueName":"search_term_string"}}],"inLanguage":"en-US"}]}},"brands":[{"id":2093,"name":"Resultime","slug":"resultime"}],"_links":{"self":[{"href":"https:\/\/paragaleriedetalborjt.com\/en\/wp-json\/wp\/v2\/product\/49915","targetHints":{"allow":["GET"]}}],"collection":[{"href":"https:\/\/paragaleriedetalborjt.com\/en\/wp-json\/wp\/v2\/product"}],"about":[{"href":"https:\/\/paragaleriedetalborjt.com\/en\/wp-json\/wp\/v2\/types\/product"}],"replies":[{"embeddable":true,"href":"https:\/\/paragaleriedetalborjt.com\/en\/wp-json\/wp\/v2\/comments?post=49915"}],"version-history":[{"count":1,"href":"https:\/\/paragaleriedetalborjt.com\/en\/wp-json\/wp\/v2\/product\/49915\/revisions"}],"predecessor-version":[{"id":49917,"href":"https:\/\/paragaleriedetalborjt.com\/en\/wp-json\/wp\/v2\/product\/49915\/revisions\/49917"}],"wp:featuredmedia":[{"embeddable":true,"href":"https:\/\/paragaleriedetalborjt.com\/en\/wp-json\/wp\/v2\/media\/49916"}],"wp:attachment":[{"href":"https:\/\/paragaleriedetalborjt.com\/en\/wp-json\/wp\/v2\/media?parent=49915"}],"wp:term":[{"taxonomy":"pwb-brand","embeddable":true,"href":"https:\/\/paragaleriedetalborjt.com\/en\/wp-json\/wp\/v2\/pwb-brand?post=49915"},{"taxonomy":"product_cat","embeddable":true,"href":"https:\/\/paragaleriedetalborjt.com\/en\/wp-json\/wp\/v2\/product_cat?post=49915"},{"taxonomy":"product_tag","embeddable":true,"href":"https:\/\/paragaleriedetalborjt.com\/en\/wp-json\/wp\/v2\/product_tag?post=49915"}],"curies":[{"name":"wp","href":"https:\/\/api.w.org\/{rel}","templated":true}]}}