{"id":49657,"date":"2026-01-04T14:45:29","date_gmt":"2026-01-04T13:45:29","guid":{"rendered":"https:\/\/paragaleriedetalborjt.com\/?post_type=product&#038;p=49657"},"modified":"2026-01-04T14:45:29","modified_gmt":"2026-01-04T13:45:29","slug":"atelier-des-plantes-huile-damande-douce-hv-50ml","status":"publish","type":"product","link":"https:\/\/paragaleriedetalborjt.com\/en\/boutique\/atelier-des-plantes-huile-damande-douce-hv-50ml\/","title":{"rendered":"Atelier Des plantes Huile d\u2019amande douce HV 50ml"},"content":{"rendered":"<div aria-labelledby=\"tab-title-description\" class=\"woocommerce-Tabs-panel woocommerce-Tabs-panel--description panel entry-content wc-tab\" id=\"tab-description\" role=\"tabpanel\" style=\"\">\n<h2>Description<\/h2>\n<p>Huile vierge bio* obtenue par 1\u00e8re pression \u00e0 froid<\/p>\n<p>BIO* : cosm\u00e9tique \u00e9cologique et biologique, certifi\u00e9 par \u00e9cocert selon le r\u00e9f\u00e9rentiel Ecocert<\/p>\n<p>La plante et son origine :<br \/>\nOriginaire d\u2019Asie Centrale, l\u2019amandier doux est un arbre issue d\u2019un long travail de s\u00e9lection des fruits de l\u2019amandier amer. L\u2019amande douce est connue depuis plus de 4000 ans autour du bassin m\u00e9diterran\u00e9en en tant qu\u2019aliment et comme source d\u2019huile v\u00e9g\u00e9tale pr\u00e9cieuse pour le soin de la peau.<\/p>\n<p>La plante :<br \/>\n\u2013 Effet b\u00e9n\u00e9fique sur les peaux s\u00e8ches et abim\u00e9es<br \/>\n\u2013 Aide \u00e0 apaiser les sensations de d\u00e9mangeaisons cutan\u00e9es<br \/>\n\u2013 Limite l\u2019apparition des vergetures<\/p>\n<p>Les \u00e9l\u00e9ments contenus dans les descriptifs de nos produits forment une synth\u00e8se des propri\u00e9t\u00e9s et indications d\u00e9taill\u00e9es dans les ouvrages reconnus d\u2019aromath\u00e9rapie, ainsi que dans les traditions anciennes et populaires. Ils ne sont jamais, ni des donn\u00e9es m\u00e9dicales, ni des indications th\u00e9rapeutiques. Les conseils prodigu\u00e9s ne peuvent en aucun cas se substituer \u00e0 une consultation m\u00e9dicale. Seul un m\u00e9decin peut vous orienter pour le suivi de votre \u00e9tat de sant\u00e9.<\/p>\n<\/div>","protected":false},"excerpt":{"rendered":"<p>Highlights:L\u2019Amande douce est reconnue pour ses propri\u00e9t\u00e9s adoucissantes et apaisantes. Elle hydrate les couches sup\u00e9rieures de l\u2019\u00e9piderme<\/p>","protected":false},"featured_media":49658,"comment_status":"open","ping_status":"closed","template":"","meta":[],"pwb-brand":[2390],"product_cat":[16],"product_tag":[],"class_list":{"0":"post-49657","1":"product","2":"type-product","3":"status-publish","4":"has-post-thumbnail","6":"pwb-brand-atelier-des-plantes","7":"product_cat-non-classe","8":"pa_brands-atelier-des-plantes","10":"first","11":"instock","12":"sale","13":"shipping-taxable","14":"purchasable","15":"product-type-simple"},"yoast_head":"<!-- This site is optimized with the Yoast SEO plugin v27.5 - https:\/\/yoast.com\/product\/yoast-seo-wordpress\/ -->\n<title>Atelier Des plantes Huile d\u2019amande douce HV 50ml - paragaleriedetalborjt<\/title>\n<meta name=\"robots\" content=\"index, follow, max-snippet:-1, max-image-preview:large, max-video-preview:-1\" \/>\n<link rel=\"canonical\" href=\"https:\/\/paragaleriedetalborjt.com\/en\/boutique\/atelier-des-plantes-huile-damande-douce-hv-50ml\/\" \/>\n<meta property=\"og:locale\" content=\"en_US\" \/>\n<meta property=\"og:type\" content=\"article\" \/>\n<meta property=\"og:title\" content=\"Atelier Des plantes Huile d\u2019amande douce HV 50ml - paragaleriedetalborjt\" \/>\n<meta property=\"og:description\" content=\"Highlights:L\u2019Amande douce est reconnue pour ses propri\u00e9t\u00e9s adoucissantes et apaisantes. Elle hydrate les couches sup\u00e9rieures de l\u2019\u00e9piderme\" \/>\n<meta property=\"og:url\" content=\"https:\/\/paragaleriedetalborjt.com\/en\/boutique\/atelier-des-plantes-huile-damande-douce-hv-50ml\/\" \/>\n<meta property=\"og:site_name\" content=\"paragaleriedetalborjt\" \/>\n<meta property=\"og:image\" content=\"https:\/\/paragaleriedetalborjt.com\/wp-content\/uploads\/2026\/01\/huile-d-amande-douce-50ml-bio-.jpg\" \/>\n\t<meta property=\"og:image:width\" content=\"595\" \/>\n\t<meta property=\"og:image:height\" content=\"655\" \/>\n\t<meta property=\"og:image:type\" content=\"image\/jpeg\" \/>\n<meta name=\"twitter:card\" content=\"summary_large_image\" \/>\n<meta name=\"twitter:label1\" content=\"Est. reading time\" \/>\n\t<meta name=\"twitter:data1\" content=\"1 minute\" \/>\n<script type=\"application\/ld+json\" class=\"yoast-schema-graph\">{\"@context\":\"https:\\\/\\\/schema.org\",\"@graph\":[{\"@type\":\"WebPage\",\"@id\":\"https:\\\/\\\/paragaleriedetalborjt.com\\\/boutique\\\/atelier-des-plantes-huile-damande-douce-hv-50ml\\\/\",\"url\":\"https:\\\/\\\/paragaleriedetalborjt.com\\\/boutique\\\/atelier-des-plantes-huile-damande-douce-hv-50ml\\\/\",\"name\":\"Atelier Des plantes Huile d\u2019amande douce HV 50ml - paragaleriedetalborjt\",\"isPartOf\":{\"@id\":\"https:\\\/\\\/paragaleriedetalborjt.com\\\/#website\"},\"primaryImageOfPage\":{\"@id\":\"https:\\\/\\\/paragaleriedetalborjt.com\\\/boutique\\\/atelier-des-plantes-huile-damande-douce-hv-50ml\\\/#primaryimage\"},\"image\":{\"@id\":\"https:\\\/\\\/paragaleriedetalborjt.com\\\/boutique\\\/atelier-des-plantes-huile-damande-douce-hv-50ml\\\/#primaryimage\"},\"thumbnailUrl\":\"https:\\\/\\\/paragaleriedetalborjt.com\\\/wp-content\\\/uploads\\\/2026\\\/01\\\/huile-d-amande-douce-50ml-bio-.jpg\",\"datePublished\":\"2026-01-04T13:45:29+00:00\",\"breadcrumb\":{\"@id\":\"https:\\\/\\\/paragaleriedetalborjt.com\\\/boutique\\\/atelier-des-plantes-huile-damande-douce-hv-50ml\\\/#breadcrumb\"},\"inLanguage\":\"en-US\",\"potentialAction\":[{\"@type\":\"ReadAction\",\"target\":[\"https:\\\/\\\/paragaleriedetalborjt.com\\\/boutique\\\/atelier-des-plantes-huile-damande-douce-hv-50ml\\\/\"]}]},{\"@type\":\"ImageObject\",\"inLanguage\":\"en-US\",\"@id\":\"https:\\\/\\\/paragaleriedetalborjt.com\\\/boutique\\\/atelier-des-plantes-huile-damande-douce-hv-50ml\\\/#primaryimage\",\"url\":\"https:\\\/\\\/paragaleriedetalborjt.com\\\/wp-content\\\/uploads\\\/2026\\\/01\\\/huile-d-amande-douce-50ml-bio-.jpg\",\"contentUrl\":\"https:\\\/\\\/paragaleriedetalborjt.com\\\/wp-content\\\/uploads\\\/2026\\\/01\\\/huile-d-amande-douce-50ml-bio-.jpg\",\"width\":595,\"height\":655},{\"@type\":\"BreadcrumbList\",\"@id\":\"https:\\\/\\\/paragaleriedetalborjt.com\\\/boutique\\\/atelier-des-plantes-huile-damande-douce-hv-50ml\\\/#breadcrumb\",\"itemListElement\":[{\"@type\":\"ListItem\",\"position\":1,\"name\":\"Accueil\",\"item\":\"https:\\\/\\\/paragaleriedetalborjt.com\\\/\"},{\"@type\":\"ListItem\",\"position\":2,\"name\":\"Boutique\",\"item\":\"https:\\\/\\\/paragaleriedetalborjt.com\\\/boutique\\\/\"},{\"@type\":\"ListItem\",\"position\":3,\"name\":\"Atelier Des plantes Huile d\u2019amande douce HV 50ml\"}]},{\"@type\":\"WebSite\",\"@id\":\"https:\\\/\\\/paragaleriedetalborjt.com\\\/#website\",\"url\":\"https:\\\/\\\/paragaleriedetalborjt.com\\\/\",\"name\":\"paragaleriedetalborjt\",\"description\":\"\",\"potentialAction\":[{\"@type\":\"SearchAction\",\"target\":{\"@type\":\"EntryPoint\",\"urlTemplate\":\"https:\\\/\\\/paragaleriedetalborjt.com\\\/?s={search_term_string}\"},\"query-input\":{\"@type\":\"PropertyValueSpecification\",\"valueRequired\":true,\"valueName\":\"search_term_string\"}}],\"inLanguage\":\"en-US\"}]}<\/script>\n<!-- \/ Yoast SEO plugin. -->","yoast_head_json":{"title":"Atelier Des plantes Huile d\u2019amande douce HV 50ml - paragaleriedetalborjt","robots":{"index":"index","follow":"follow","max-snippet":"max-snippet:-1","max-image-preview":"max-image-preview:large","max-video-preview":"max-video-preview:-1"},"canonical":"https:\/\/paragaleriedetalborjt.com\/en\/boutique\/atelier-des-plantes-huile-damande-douce-hv-50ml\/","og_locale":"en_US","og_type":"article","og_title":"Atelier Des plantes Huile d\u2019amande douce HV 50ml - paragaleriedetalborjt","og_description":"Highlights:L\u2019Amande douce est reconnue pour ses propri\u00e9t\u00e9s adoucissantes et apaisantes. Elle hydrate les couches sup\u00e9rieures de l\u2019\u00e9piderme","og_url":"https:\/\/paragaleriedetalborjt.com\/en\/boutique\/atelier-des-plantes-huile-damande-douce-hv-50ml\/","og_site_name":"paragaleriedetalborjt","og_image":[{"width":595,"height":655,"url":"https:\/\/paragaleriedetalborjt.com\/wp-content\/uploads\/2026\/01\/huile-d-amande-douce-50ml-bio-.jpg","type":"image\/jpeg"}],"twitter_card":"summary_large_image","twitter_misc":{"Est. reading time":"1 minute"},"schema":{"@context":"https:\/\/schema.org","@graph":[{"@type":"WebPage","@id":"https:\/\/paragaleriedetalborjt.com\/boutique\/atelier-des-plantes-huile-damande-douce-hv-50ml\/","url":"https:\/\/paragaleriedetalborjt.com\/boutique\/atelier-des-plantes-huile-damande-douce-hv-50ml\/","name":"Atelier Des plantes Huile d\u2019amande douce HV 50ml - paragaleriedetalborjt","isPartOf":{"@id":"https:\/\/paragaleriedetalborjt.com\/#website"},"primaryImageOfPage":{"@id":"https:\/\/paragaleriedetalborjt.com\/boutique\/atelier-des-plantes-huile-damande-douce-hv-50ml\/#primaryimage"},"image":{"@id":"https:\/\/paragaleriedetalborjt.com\/boutique\/atelier-des-plantes-huile-damande-douce-hv-50ml\/#primaryimage"},"thumbnailUrl":"https:\/\/paragaleriedetalborjt.com\/wp-content\/uploads\/2026\/01\/huile-d-amande-douce-50ml-bio-.jpg","datePublished":"2026-01-04T13:45:29+00:00","breadcrumb":{"@id":"https:\/\/paragaleriedetalborjt.com\/boutique\/atelier-des-plantes-huile-damande-douce-hv-50ml\/#breadcrumb"},"inLanguage":"en-US","potentialAction":[{"@type":"ReadAction","target":["https:\/\/paragaleriedetalborjt.com\/boutique\/atelier-des-plantes-huile-damande-douce-hv-50ml\/"]}]},{"@type":"ImageObject","inLanguage":"en-US","@id":"https:\/\/paragaleriedetalborjt.com\/boutique\/atelier-des-plantes-huile-damande-douce-hv-50ml\/#primaryimage","url":"https:\/\/paragaleriedetalborjt.com\/wp-content\/uploads\/2026\/01\/huile-d-amande-douce-50ml-bio-.jpg","contentUrl":"https:\/\/paragaleriedetalborjt.com\/wp-content\/uploads\/2026\/01\/huile-d-amande-douce-50ml-bio-.jpg","width":595,"height":655},{"@type":"BreadcrumbList","@id":"https:\/\/paragaleriedetalborjt.com\/boutique\/atelier-des-plantes-huile-damande-douce-hv-50ml\/#breadcrumb","itemListElement":[{"@type":"ListItem","position":1,"name":"Accueil","item":"https:\/\/paragaleriedetalborjt.com\/"},{"@type":"ListItem","position":2,"name":"Boutique","item":"https:\/\/paragaleriedetalborjt.com\/boutique\/"},{"@type":"ListItem","position":3,"name":"Atelier Des plantes Huile d\u2019amande douce HV 50ml"}]},{"@type":"WebSite","@id":"https:\/\/paragaleriedetalborjt.com\/#website","url":"https:\/\/paragaleriedetalborjt.com\/","name":"paragaleriedetalborjt","description":"","potentialAction":[{"@type":"SearchAction","target":{"@type":"EntryPoint","urlTemplate":"https:\/\/paragaleriedetalborjt.com\/?s={search_term_string}"},"query-input":{"@type":"PropertyValueSpecification","valueRequired":true,"valueName":"search_term_string"}}],"inLanguage":"en-US"}]}},"brands":[{"id":2390,"name":"ATELIER DES PLANTES","slug":"atelier-des-plantes"}],"_links":{"self":[{"href":"https:\/\/paragaleriedetalborjt.com\/en\/wp-json\/wp\/v2\/product\/49657","targetHints":{"allow":["GET"]}}],"collection":[{"href":"https:\/\/paragaleriedetalborjt.com\/en\/wp-json\/wp\/v2\/product"}],"about":[{"href":"https:\/\/paragaleriedetalborjt.com\/en\/wp-json\/wp\/v2\/types\/product"}],"replies":[{"embeddable":true,"href":"https:\/\/paragaleriedetalborjt.com\/en\/wp-json\/wp\/v2\/comments?post=49657"}],"version-history":[{"count":1,"href":"https:\/\/paragaleriedetalborjt.com\/en\/wp-json\/wp\/v2\/product\/49657\/revisions"}],"predecessor-version":[{"id":49659,"href":"https:\/\/paragaleriedetalborjt.com\/en\/wp-json\/wp\/v2\/product\/49657\/revisions\/49659"}],"wp:featuredmedia":[{"embeddable":true,"href":"https:\/\/paragaleriedetalborjt.com\/en\/wp-json\/wp\/v2\/media\/49658"}],"wp:attachment":[{"href":"https:\/\/paragaleriedetalborjt.com\/en\/wp-json\/wp\/v2\/media?parent=49657"}],"wp:term":[{"taxonomy":"pwb-brand","embeddable":true,"href":"https:\/\/paragaleriedetalborjt.com\/en\/wp-json\/wp\/v2\/pwb-brand?post=49657"},{"taxonomy":"product_cat","embeddable":true,"href":"https:\/\/paragaleriedetalborjt.com\/en\/wp-json\/wp\/v2\/product_cat?post=49657"},{"taxonomy":"product_tag","embeddable":true,"href":"https:\/\/paragaleriedetalborjt.com\/en\/wp-json\/wp\/v2\/product_tag?post=49657"}],"curies":[{"name":"wp","href":"https:\/\/api.w.org\/{rel}","templated":true}]}}