{"id":49654,"date":"2026-01-04T14:45:22","date_gmt":"2026-01-04T13:45:22","guid":{"rendered":"https:\/\/paragaleriedetalborjt.com\/?post_type=product&#038;p=49654"},"modified":"2026-01-04T14:45:22","modified_gmt":"2026-01-04T13:45:22","slug":"atelier-des-plantes-huile-de-jojoba-50ml-bio","status":"publish","type":"product","link":"https:\/\/paragaleriedetalborjt.com\/en\/boutique\/atelier-des-plantes-huile-de-jojoba-50ml-bio\/","title":{"rendered":"Atelier Des plantes HUILE DE JOJOBA 50ml BIO"},"content":{"rendered":"<div aria-labelledby=\"tab-title-description\" class=\"woocommerce-Tabs-panel woocommerce-Tabs-panel--description panel entry-content wc-tab\" id=\"tab-description\" role=\"tabpanel\" style=\"\">\n<h2>Description<\/h2>\n<p>Huile vierge bio* obtenue par 1\u00e8re pression \u00e0 froid.<\/p>\n<p>BIO* : cosm\u00e9tique \u00e9cologique et biologique, certifi\u00e9 par \u00e9cocert selon le r\u00e9f\u00e9rentiel EcocertSon origine :<br \/>\nOriginaire de la r\u00e9gion du Mexique o\u00f9 cette arbre prosp\u00e8re dans les zones s\u00e8ches. Ses grandes racines lui permettent de capter suffisamment d\u2019eau pour se maintenir en vie. Il est localement connu depuis longtemps pour l\u2019huile pr\u00e9cieuse que ses graines offrent.La plante :<br \/>\n\u2013 Harmonisant la s\u00e9cr\u00e9tion de s\u00e9bum, elle aide la peau \u00e0 se r\u00e9guler<br \/>\n\u2013 Nourrit et prot\u00e8ge la peau sans laisser de film gras<br \/>\n\u2013 Parfaite pour les peaux matures qui ont tendance \u00e0 perdre leur souplesse<br \/>\n\u2013 Utile pour aider nos cheveux \u00e0 moins graisser<\/p>\n<p>* Les \u00e9l\u00e9ments contenus dans les descriptifs de nos produits forment une synth\u00e8se des propri\u00e9t\u00e9s et indications d\u00e9taill\u00e9es dans les ouvrages reconnus d\u2019aromath\u00e9rapie, ainsi que dans les traditions anciennes et populaires. Ils ne sont jamais, ni des donn\u00e9es m\u00e9dicales, ni des indications th\u00e9rapeutiques. Les conseils prodigu\u00e9s ne peuvent en aucun cas se substituer \u00e0 une consultation m\u00e9dicale. Seul un m\u00e9decin peut vous orienter pour le suivi de votre \u00e9tat de sant\u00e9.<\/p>\n<p>Bibliographie de r\u00e9f\u00e9rence :<br \/>\n\u2013 Huiles v\u00e9g\u00e9tales, huiles de sant\u00e9, Chantal Clergeaud, Ed. Amyris !<\/p>\n<p>En modelage sur le corps.<\/p>\n<p>En soin pour le visage ou les cheveux.<\/p>\n<p>Recommand\u00e9e pour tous types de peau, l\u2019huile de Jojoba convient parfaitement aux peaux et cheveux gras.<\/p>\n<p>Qui peut l\u2019utiliser :<br \/>\nOUI. Les adultes, les femmes enceintes et allaitantes, les enfants de + de 1 mois.<br \/>\nNON. Les enfants de \u2013 de 1 mois.<\/p>\n<\/div>","protected":false},"excerpt":{"rendered":"<p>Highlights:L\u2019huile de Jojoba aide \u00e0 renforcer la surface de l\u2019\u00e9piderme et participe \u00e0 \u00e9quilibrer la peau.Elle est aussi utilis\u00e9e pour apporter de la brillance aux cheveux.<\/p>","protected":false},"featured_media":49655,"comment_status":"open","ping_status":"closed","template":"","meta":[],"pwb-brand":[2390],"product_cat":[16],"product_tag":[],"class_list":{"0":"post-49654","1":"product","2":"type-product","3":"status-publish","4":"has-post-thumbnail","6":"pwb-brand-atelier-des-plantes","7":"product_cat-non-classe","8":"pa_brands-atelier-des-plantes","10":"first","11":"instock","12":"sale","13":"shipping-taxable","14":"purchasable","15":"product-type-simple"},"yoast_head":"<!-- This site is optimized with the Yoast SEO plugin v27.5 - https:\/\/yoast.com\/product\/yoast-seo-wordpress\/ -->\n<title>Atelier Des plantes HUILE DE JOJOBA 50ml BIO - paragaleriedetalborjt<\/title>\n<meta name=\"robots\" content=\"index, follow, max-snippet:-1, max-image-preview:large, max-video-preview:-1\" \/>\n<link rel=\"canonical\" href=\"https:\/\/paragaleriedetalborjt.com\/en\/boutique\/atelier-des-plantes-huile-de-jojoba-50ml-bio\/\" \/>\n<meta property=\"og:locale\" content=\"en_US\" \/>\n<meta property=\"og:type\" content=\"article\" \/>\n<meta property=\"og:title\" content=\"Atelier Des plantes HUILE DE JOJOBA 50ml BIO - paragaleriedetalborjt\" \/>\n<meta property=\"og:description\" content=\"Highlights:L\u2019huile de Jojoba aide \u00e0 renforcer la surface de l\u2019\u00e9piderme et participe \u00e0 \u00e9quilibrer la peau.Elle est aussi utilis\u00e9e pour apporter de la brillance aux cheveux.\" \/>\n<meta property=\"og:url\" content=\"https:\/\/paragaleriedetalborjt.com\/en\/boutique\/atelier-des-plantes-huile-de-jojoba-50ml-bio\/\" \/>\n<meta property=\"og:site_name\" content=\"paragaleriedetalborjt\" \/>\n<meta property=\"og:image\" content=\"https:\/\/paragaleriedetalborjt.com\/wp-content\/uploads\/2026\/01\/huile-de-jojoba-50ml-bio-.jpg\" \/>\n\t<meta property=\"og:image:width\" content=\"595\" \/>\n\t<meta property=\"og:image:height\" content=\"655\" \/>\n\t<meta property=\"og:image:type\" content=\"image\/jpeg\" \/>\n<meta name=\"twitter:card\" content=\"summary_large_image\" \/>\n<meta name=\"twitter:label1\" content=\"Est. reading time\" \/>\n\t<meta name=\"twitter:data1\" content=\"1 minute\" \/>\n<script type=\"application\/ld+json\" class=\"yoast-schema-graph\">{\"@context\":\"https:\\\/\\\/schema.org\",\"@graph\":[{\"@type\":\"WebPage\",\"@id\":\"https:\\\/\\\/paragaleriedetalborjt.com\\\/boutique\\\/atelier-des-plantes-huile-de-jojoba-50ml-bio\\\/\",\"url\":\"https:\\\/\\\/paragaleriedetalborjt.com\\\/boutique\\\/atelier-des-plantes-huile-de-jojoba-50ml-bio\\\/\",\"name\":\"Atelier Des plantes HUILE DE JOJOBA 50ml BIO - paragaleriedetalborjt\",\"isPartOf\":{\"@id\":\"https:\\\/\\\/paragaleriedetalborjt.com\\\/#website\"},\"primaryImageOfPage\":{\"@id\":\"https:\\\/\\\/paragaleriedetalborjt.com\\\/boutique\\\/atelier-des-plantes-huile-de-jojoba-50ml-bio\\\/#primaryimage\"},\"image\":{\"@id\":\"https:\\\/\\\/paragaleriedetalborjt.com\\\/boutique\\\/atelier-des-plantes-huile-de-jojoba-50ml-bio\\\/#primaryimage\"},\"thumbnailUrl\":\"https:\\\/\\\/paragaleriedetalborjt.com\\\/wp-content\\\/uploads\\\/2026\\\/01\\\/huile-de-jojoba-50ml-bio-.jpg\",\"datePublished\":\"2026-01-04T13:45:22+00:00\",\"breadcrumb\":{\"@id\":\"https:\\\/\\\/paragaleriedetalborjt.com\\\/boutique\\\/atelier-des-plantes-huile-de-jojoba-50ml-bio\\\/#breadcrumb\"},\"inLanguage\":\"en-US\",\"potentialAction\":[{\"@type\":\"ReadAction\",\"target\":[\"https:\\\/\\\/paragaleriedetalborjt.com\\\/boutique\\\/atelier-des-plantes-huile-de-jojoba-50ml-bio\\\/\"]}]},{\"@type\":\"ImageObject\",\"inLanguage\":\"en-US\",\"@id\":\"https:\\\/\\\/paragaleriedetalborjt.com\\\/boutique\\\/atelier-des-plantes-huile-de-jojoba-50ml-bio\\\/#primaryimage\",\"url\":\"https:\\\/\\\/paragaleriedetalborjt.com\\\/wp-content\\\/uploads\\\/2026\\\/01\\\/huile-de-jojoba-50ml-bio-.jpg\",\"contentUrl\":\"https:\\\/\\\/paragaleriedetalborjt.com\\\/wp-content\\\/uploads\\\/2026\\\/01\\\/huile-de-jojoba-50ml-bio-.jpg\",\"width\":595,\"height\":655},{\"@type\":\"BreadcrumbList\",\"@id\":\"https:\\\/\\\/paragaleriedetalborjt.com\\\/boutique\\\/atelier-des-plantes-huile-de-jojoba-50ml-bio\\\/#breadcrumb\",\"itemListElement\":[{\"@type\":\"ListItem\",\"position\":1,\"name\":\"Accueil\",\"item\":\"https:\\\/\\\/paragaleriedetalborjt.com\\\/\"},{\"@type\":\"ListItem\",\"position\":2,\"name\":\"Boutique\",\"item\":\"https:\\\/\\\/paragaleriedetalborjt.com\\\/boutique\\\/\"},{\"@type\":\"ListItem\",\"position\":3,\"name\":\"Atelier Des plantes HUILE DE JOJOBA 50ml BIO\"}]},{\"@type\":\"WebSite\",\"@id\":\"https:\\\/\\\/paragaleriedetalborjt.com\\\/#website\",\"url\":\"https:\\\/\\\/paragaleriedetalborjt.com\\\/\",\"name\":\"paragaleriedetalborjt\",\"description\":\"\",\"potentialAction\":[{\"@type\":\"SearchAction\",\"target\":{\"@type\":\"EntryPoint\",\"urlTemplate\":\"https:\\\/\\\/paragaleriedetalborjt.com\\\/?s={search_term_string}\"},\"query-input\":{\"@type\":\"PropertyValueSpecification\",\"valueRequired\":true,\"valueName\":\"search_term_string\"}}],\"inLanguage\":\"en-US\"}]}<\/script>\n<!-- \/ Yoast SEO plugin. -->","yoast_head_json":{"title":"Atelier Des plantes HUILE DE JOJOBA 50ml BIO - paragaleriedetalborjt","robots":{"index":"index","follow":"follow","max-snippet":"max-snippet:-1","max-image-preview":"max-image-preview:large","max-video-preview":"max-video-preview:-1"},"canonical":"https:\/\/paragaleriedetalborjt.com\/en\/boutique\/atelier-des-plantes-huile-de-jojoba-50ml-bio\/","og_locale":"en_US","og_type":"article","og_title":"Atelier Des plantes HUILE DE JOJOBA 50ml BIO - paragaleriedetalborjt","og_description":"Highlights:L\u2019huile de Jojoba aide \u00e0 renforcer la surface de l\u2019\u00e9piderme et participe \u00e0 \u00e9quilibrer la peau.Elle est aussi utilis\u00e9e pour apporter de la brillance aux cheveux.","og_url":"https:\/\/paragaleriedetalborjt.com\/en\/boutique\/atelier-des-plantes-huile-de-jojoba-50ml-bio\/","og_site_name":"paragaleriedetalborjt","og_image":[{"width":595,"height":655,"url":"https:\/\/paragaleriedetalborjt.com\/wp-content\/uploads\/2026\/01\/huile-de-jojoba-50ml-bio-.jpg","type":"image\/jpeg"}],"twitter_card":"summary_large_image","twitter_misc":{"Est. reading time":"1 minute"},"schema":{"@context":"https:\/\/schema.org","@graph":[{"@type":"WebPage","@id":"https:\/\/paragaleriedetalborjt.com\/boutique\/atelier-des-plantes-huile-de-jojoba-50ml-bio\/","url":"https:\/\/paragaleriedetalborjt.com\/boutique\/atelier-des-plantes-huile-de-jojoba-50ml-bio\/","name":"Atelier Des plantes HUILE DE JOJOBA 50ml BIO - paragaleriedetalborjt","isPartOf":{"@id":"https:\/\/paragaleriedetalborjt.com\/#website"},"primaryImageOfPage":{"@id":"https:\/\/paragaleriedetalborjt.com\/boutique\/atelier-des-plantes-huile-de-jojoba-50ml-bio\/#primaryimage"},"image":{"@id":"https:\/\/paragaleriedetalborjt.com\/boutique\/atelier-des-plantes-huile-de-jojoba-50ml-bio\/#primaryimage"},"thumbnailUrl":"https:\/\/paragaleriedetalborjt.com\/wp-content\/uploads\/2026\/01\/huile-de-jojoba-50ml-bio-.jpg","datePublished":"2026-01-04T13:45:22+00:00","breadcrumb":{"@id":"https:\/\/paragaleriedetalborjt.com\/boutique\/atelier-des-plantes-huile-de-jojoba-50ml-bio\/#breadcrumb"},"inLanguage":"en-US","potentialAction":[{"@type":"ReadAction","target":["https:\/\/paragaleriedetalborjt.com\/boutique\/atelier-des-plantes-huile-de-jojoba-50ml-bio\/"]}]},{"@type":"ImageObject","inLanguage":"en-US","@id":"https:\/\/paragaleriedetalborjt.com\/boutique\/atelier-des-plantes-huile-de-jojoba-50ml-bio\/#primaryimage","url":"https:\/\/paragaleriedetalborjt.com\/wp-content\/uploads\/2026\/01\/huile-de-jojoba-50ml-bio-.jpg","contentUrl":"https:\/\/paragaleriedetalborjt.com\/wp-content\/uploads\/2026\/01\/huile-de-jojoba-50ml-bio-.jpg","width":595,"height":655},{"@type":"BreadcrumbList","@id":"https:\/\/paragaleriedetalborjt.com\/boutique\/atelier-des-plantes-huile-de-jojoba-50ml-bio\/#breadcrumb","itemListElement":[{"@type":"ListItem","position":1,"name":"Accueil","item":"https:\/\/paragaleriedetalborjt.com\/"},{"@type":"ListItem","position":2,"name":"Boutique","item":"https:\/\/paragaleriedetalborjt.com\/boutique\/"},{"@type":"ListItem","position":3,"name":"Atelier Des plantes HUILE DE JOJOBA 50ml BIO"}]},{"@type":"WebSite","@id":"https:\/\/paragaleriedetalborjt.com\/#website","url":"https:\/\/paragaleriedetalborjt.com\/","name":"paragaleriedetalborjt","description":"","potentialAction":[{"@type":"SearchAction","target":{"@type":"EntryPoint","urlTemplate":"https:\/\/paragaleriedetalborjt.com\/?s={search_term_string}"},"query-input":{"@type":"PropertyValueSpecification","valueRequired":true,"valueName":"search_term_string"}}],"inLanguage":"en-US"}]}},"brands":[{"id":2390,"name":"ATELIER DES PLANTES","slug":"atelier-des-plantes"}],"_links":{"self":[{"href":"https:\/\/paragaleriedetalborjt.com\/en\/wp-json\/wp\/v2\/product\/49654","targetHints":{"allow":["GET"]}}],"collection":[{"href":"https:\/\/paragaleriedetalborjt.com\/en\/wp-json\/wp\/v2\/product"}],"about":[{"href":"https:\/\/paragaleriedetalborjt.com\/en\/wp-json\/wp\/v2\/types\/product"}],"replies":[{"embeddable":true,"href":"https:\/\/paragaleriedetalborjt.com\/en\/wp-json\/wp\/v2\/comments?post=49654"}],"version-history":[{"count":1,"href":"https:\/\/paragaleriedetalborjt.com\/en\/wp-json\/wp\/v2\/product\/49654\/revisions"}],"predecessor-version":[{"id":49656,"href":"https:\/\/paragaleriedetalborjt.com\/en\/wp-json\/wp\/v2\/product\/49654\/revisions\/49656"}],"wp:featuredmedia":[{"embeddable":true,"href":"https:\/\/paragaleriedetalborjt.com\/en\/wp-json\/wp\/v2\/media\/49655"}],"wp:attachment":[{"href":"https:\/\/paragaleriedetalborjt.com\/en\/wp-json\/wp\/v2\/media?parent=49654"}],"wp:term":[{"taxonomy":"pwb-brand","embeddable":true,"href":"https:\/\/paragaleriedetalborjt.com\/en\/wp-json\/wp\/v2\/pwb-brand?post=49654"},{"taxonomy":"product_cat","embeddable":true,"href":"https:\/\/paragaleriedetalborjt.com\/en\/wp-json\/wp\/v2\/product_cat?post=49654"},{"taxonomy":"product_tag","embeddable":true,"href":"https:\/\/paragaleriedetalborjt.com\/en\/wp-json\/wp\/v2\/product_tag?post=49654"}],"curies":[{"name":"wp","href":"https:\/\/api.w.org\/{rel}","templated":true}]}}