{"id":49531,"date":"2026-01-04T14:40:40","date_gmt":"2026-01-04T13:40:40","guid":{"rendered":"https:\/\/paragaleriedetalborjt.com\/?post_type=product&#038;p=49531"},"modified":"2026-01-04T14:40:40","modified_gmt":"2026-01-04T13:40:40","slug":"lancior-gommage-lumiere-poudre-de-diamant-50ml","status":"publish","type":"product","link":"https:\/\/paragaleriedetalborjt.com\/en\/boutique\/lancior-gommage-lumiere-poudre-de-diamant-50ml\/","title":{"rendered":"LANCIOR GOMMAGE LUMI\u00c8RE POUDRE DE DIAMANT 50ML"},"content":{"rendered":"<div aria-labelledby=\"tab-title-description\" class=\"woocommerce-Tabs-panel woocommerce-Tabs-panel--description panel entry-content wc-tab\" id=\"tab-description\" role=\"tabpanel\" style=\"\">\n<h2>Description<\/h2>\n<p>Le GOMMAGE LUMI\u00c8RE POUDRE DE DIAMANT va \u00e9liminer les cellules mortes, l\u2019exc\u00e8s de s\u00e9bum, les impuret\u00e9s et les toxines. Sa formule \u00e0 base de vraie poudre de Diamant extra-fine va purifier la peau en douceur et r\u00e9v\u00e9ler un teint lumineux. \u00c0 utiliser avec le Masque Lumi\u00e8re Poudre de Diamant, pour un rituel \u00e9claircissant parfait.<\/p>\n<h4 class=\"panel-title\">INGR\u00c9DIENTS ACTIFS :<\/h4>\n<p>HUILE ESSENTIELLE DE MENTHE: gr\u00e2ce \u00e0 ses propri\u00e9t\u00e9s anti- bact\u00e9riennes, il va nettoyer la peau en profondeur pour un teint parfaitement frais et plus radieux. POUDRE DE DIAMANT: va uniformiser la peau, affiner l\u2019\u00e9piderme et illuminer le teint pour un \u00e9clat exceptionnel de jeunesse.<\/p>\n<p><strong><strong>Conseils d\u2019Utilisation : <\/strong> <\/strong><\/p>\n<p>Appliquer sur visage humide, masser d\u00e9licatement par mouvements circulaires et rincer \u00e0 l\u2019eau ti\u00e8de.<\/p>\n<\/div>","protected":false},"excerpt":{"rendered":"<p>Highlights:Ce gel moussant nettoie et r\u00e9\u00e9quilibre les peaux fragiles, sensibles, \u00e0 tendance acn\u00e9ique pour laquelle l\u2019hygi\u00e8ne est primordiale.<\/p>","protected":false},"featured_media":49532,"comment_status":"open","ping_status":"closed","template":"","meta":[],"pwb-brand":[2385],"product_cat":[16],"product_tag":[],"class_list":{"0":"post-49531","1":"product","2":"type-product","3":"status-publish","4":"has-post-thumbnail","6":"pwb-brand-lancior","7":"product_cat-non-classe","8":"pa_brands-lancior","10":"first","11":"instock","12":"sale","13":"shipping-taxable","14":"purchasable","15":"product-type-simple"},"yoast_head":"<!-- This site is optimized with the Yoast SEO plugin v27.5 - https:\/\/yoast.com\/product\/yoast-seo-wordpress\/ -->\n<title>LANCIOR GOMMAGE LUMI\u00c8RE POUDRE DE DIAMANT 50ML - paragaleriedetalborjt<\/title>\n<meta name=\"robots\" content=\"index, follow, max-snippet:-1, max-image-preview:large, max-video-preview:-1\" \/>\n<link rel=\"canonical\" href=\"https:\/\/paragaleriedetalborjt.com\/en\/boutique\/lancior-gommage-lumiere-poudre-de-diamant-50ml\/\" \/>\n<meta property=\"og:locale\" content=\"en_US\" \/>\n<meta property=\"og:type\" content=\"article\" \/>\n<meta property=\"og:title\" content=\"LANCIOR GOMMAGE LUMI\u00c8RE POUDRE DE DIAMANT 50ML - paragaleriedetalborjt\" \/>\n<meta property=\"og:description\" content=\"Highlights:Ce gel moussant nettoie et r\u00e9\u00e9quilibre les peaux fragiles, sensibles, \u00e0 tendance acn\u00e9ique pour laquelle l\u2019hygi\u00e8ne est primordiale.\" \/>\n<meta property=\"og:url\" content=\"https:\/\/paragaleriedetalborjt.com\/en\/boutique\/lancior-gommage-lumiere-poudre-de-diamant-50ml\/\" \/>\n<meta property=\"og:site_name\" content=\"paragaleriedetalborjt\" \/>\n<meta property=\"og:image\" content=\"https:\/\/paragaleriedetalborjt.com\/wp-content\/uploads\/2026\/01\/Diamond-Powder-Illuminating-Scrub-Ref.-F21918HD.jpg\" \/>\n\t<meta property=\"og:image:width\" content=\"595\" \/>\n\t<meta property=\"og:image:height\" content=\"655\" \/>\n\t<meta property=\"og:image:type\" content=\"image\/jpeg\" \/>\n<meta name=\"twitter:card\" content=\"summary_large_image\" \/>\n<meta name=\"twitter:label1\" content=\"Est. reading time\" \/>\n\t<meta name=\"twitter:data1\" content=\"1 minute\" \/>\n<script type=\"application\/ld+json\" class=\"yoast-schema-graph\">{\"@context\":\"https:\\\/\\\/schema.org\",\"@graph\":[{\"@type\":\"WebPage\",\"@id\":\"https:\\\/\\\/paragaleriedetalborjt.com\\\/boutique\\\/lancior-gommage-lumiere-poudre-de-diamant-50ml\\\/\",\"url\":\"https:\\\/\\\/paragaleriedetalborjt.com\\\/boutique\\\/lancior-gommage-lumiere-poudre-de-diamant-50ml\\\/\",\"name\":\"LANCIOR GOMMAGE LUMI\u00c8RE POUDRE DE DIAMANT 50ML - paragaleriedetalborjt\",\"isPartOf\":{\"@id\":\"https:\\\/\\\/paragaleriedetalborjt.com\\\/#website\"},\"primaryImageOfPage\":{\"@id\":\"https:\\\/\\\/paragaleriedetalborjt.com\\\/boutique\\\/lancior-gommage-lumiere-poudre-de-diamant-50ml\\\/#primaryimage\"},\"image\":{\"@id\":\"https:\\\/\\\/paragaleriedetalborjt.com\\\/boutique\\\/lancior-gommage-lumiere-poudre-de-diamant-50ml\\\/#primaryimage\"},\"thumbnailUrl\":\"https:\\\/\\\/paragaleriedetalborjt.com\\\/wp-content\\\/uploads\\\/2026\\\/01\\\/Diamond-Powder-Illuminating-Scrub-Ref.-F21918HD.jpg\",\"datePublished\":\"2026-01-04T13:40:40+00:00\",\"breadcrumb\":{\"@id\":\"https:\\\/\\\/paragaleriedetalborjt.com\\\/boutique\\\/lancior-gommage-lumiere-poudre-de-diamant-50ml\\\/#breadcrumb\"},\"inLanguage\":\"en-US\",\"potentialAction\":[{\"@type\":\"ReadAction\",\"target\":[\"https:\\\/\\\/paragaleriedetalborjt.com\\\/boutique\\\/lancior-gommage-lumiere-poudre-de-diamant-50ml\\\/\"]}]},{\"@type\":\"ImageObject\",\"inLanguage\":\"en-US\",\"@id\":\"https:\\\/\\\/paragaleriedetalborjt.com\\\/boutique\\\/lancior-gommage-lumiere-poudre-de-diamant-50ml\\\/#primaryimage\",\"url\":\"https:\\\/\\\/paragaleriedetalborjt.com\\\/wp-content\\\/uploads\\\/2026\\\/01\\\/Diamond-Powder-Illuminating-Scrub-Ref.-F21918HD.jpg\",\"contentUrl\":\"https:\\\/\\\/paragaleriedetalborjt.com\\\/wp-content\\\/uploads\\\/2026\\\/01\\\/Diamond-Powder-Illuminating-Scrub-Ref.-F21918HD.jpg\",\"width\":595,\"height\":655},{\"@type\":\"BreadcrumbList\",\"@id\":\"https:\\\/\\\/paragaleriedetalborjt.com\\\/boutique\\\/lancior-gommage-lumiere-poudre-de-diamant-50ml\\\/#breadcrumb\",\"itemListElement\":[{\"@type\":\"ListItem\",\"position\":1,\"name\":\"Accueil\",\"item\":\"https:\\\/\\\/paragaleriedetalborjt.com\\\/\"},{\"@type\":\"ListItem\",\"position\":2,\"name\":\"Boutique\",\"item\":\"https:\\\/\\\/paragaleriedetalborjt.com\\\/boutique\\\/\"},{\"@type\":\"ListItem\",\"position\":3,\"name\":\"LANCIOR GOMMAGE LUMI\u00c8RE POUDRE DE DIAMANT 50ML\"}]},{\"@type\":\"WebSite\",\"@id\":\"https:\\\/\\\/paragaleriedetalborjt.com\\\/#website\",\"url\":\"https:\\\/\\\/paragaleriedetalborjt.com\\\/\",\"name\":\"paragaleriedetalborjt\",\"description\":\"\",\"potentialAction\":[{\"@type\":\"SearchAction\",\"target\":{\"@type\":\"EntryPoint\",\"urlTemplate\":\"https:\\\/\\\/paragaleriedetalborjt.com\\\/?s={search_term_string}\"},\"query-input\":{\"@type\":\"PropertyValueSpecification\",\"valueRequired\":true,\"valueName\":\"search_term_string\"}}],\"inLanguage\":\"en-US\"}]}<\/script>\n<!-- \/ Yoast SEO plugin. -->","yoast_head_json":{"title":"LANCIOR GOMMAGE LUMI\u00c8RE POUDRE DE DIAMANT 50ML - paragaleriedetalborjt","robots":{"index":"index","follow":"follow","max-snippet":"max-snippet:-1","max-image-preview":"max-image-preview:large","max-video-preview":"max-video-preview:-1"},"canonical":"https:\/\/paragaleriedetalborjt.com\/en\/boutique\/lancior-gommage-lumiere-poudre-de-diamant-50ml\/","og_locale":"en_US","og_type":"article","og_title":"LANCIOR GOMMAGE LUMI\u00c8RE POUDRE DE DIAMANT 50ML - paragaleriedetalborjt","og_description":"Highlights:Ce gel moussant nettoie et r\u00e9\u00e9quilibre les peaux fragiles, sensibles, \u00e0 tendance acn\u00e9ique pour laquelle l\u2019hygi\u00e8ne est primordiale.","og_url":"https:\/\/paragaleriedetalborjt.com\/en\/boutique\/lancior-gommage-lumiere-poudre-de-diamant-50ml\/","og_site_name":"paragaleriedetalborjt","og_image":[{"width":595,"height":655,"url":"https:\/\/paragaleriedetalborjt.com\/wp-content\/uploads\/2026\/01\/Diamond-Powder-Illuminating-Scrub-Ref.-F21918HD.jpg","type":"image\/jpeg"}],"twitter_card":"summary_large_image","twitter_misc":{"Est. reading time":"1 minute"},"schema":{"@context":"https:\/\/schema.org","@graph":[{"@type":"WebPage","@id":"https:\/\/paragaleriedetalborjt.com\/boutique\/lancior-gommage-lumiere-poudre-de-diamant-50ml\/","url":"https:\/\/paragaleriedetalborjt.com\/boutique\/lancior-gommage-lumiere-poudre-de-diamant-50ml\/","name":"LANCIOR GOMMAGE LUMI\u00c8RE POUDRE DE DIAMANT 50ML - paragaleriedetalborjt","isPartOf":{"@id":"https:\/\/paragaleriedetalborjt.com\/#website"},"primaryImageOfPage":{"@id":"https:\/\/paragaleriedetalborjt.com\/boutique\/lancior-gommage-lumiere-poudre-de-diamant-50ml\/#primaryimage"},"image":{"@id":"https:\/\/paragaleriedetalborjt.com\/boutique\/lancior-gommage-lumiere-poudre-de-diamant-50ml\/#primaryimage"},"thumbnailUrl":"https:\/\/paragaleriedetalborjt.com\/wp-content\/uploads\/2026\/01\/Diamond-Powder-Illuminating-Scrub-Ref.-F21918HD.jpg","datePublished":"2026-01-04T13:40:40+00:00","breadcrumb":{"@id":"https:\/\/paragaleriedetalborjt.com\/boutique\/lancior-gommage-lumiere-poudre-de-diamant-50ml\/#breadcrumb"},"inLanguage":"en-US","potentialAction":[{"@type":"ReadAction","target":["https:\/\/paragaleriedetalborjt.com\/boutique\/lancior-gommage-lumiere-poudre-de-diamant-50ml\/"]}]},{"@type":"ImageObject","inLanguage":"en-US","@id":"https:\/\/paragaleriedetalborjt.com\/boutique\/lancior-gommage-lumiere-poudre-de-diamant-50ml\/#primaryimage","url":"https:\/\/paragaleriedetalborjt.com\/wp-content\/uploads\/2026\/01\/Diamond-Powder-Illuminating-Scrub-Ref.-F21918HD.jpg","contentUrl":"https:\/\/paragaleriedetalborjt.com\/wp-content\/uploads\/2026\/01\/Diamond-Powder-Illuminating-Scrub-Ref.-F21918HD.jpg","width":595,"height":655},{"@type":"BreadcrumbList","@id":"https:\/\/paragaleriedetalborjt.com\/boutique\/lancior-gommage-lumiere-poudre-de-diamant-50ml\/#breadcrumb","itemListElement":[{"@type":"ListItem","position":1,"name":"Accueil","item":"https:\/\/paragaleriedetalborjt.com\/"},{"@type":"ListItem","position":2,"name":"Boutique","item":"https:\/\/paragaleriedetalborjt.com\/boutique\/"},{"@type":"ListItem","position":3,"name":"LANCIOR GOMMAGE LUMI\u00c8RE POUDRE DE DIAMANT 50ML"}]},{"@type":"WebSite","@id":"https:\/\/paragaleriedetalborjt.com\/#website","url":"https:\/\/paragaleriedetalborjt.com\/","name":"paragaleriedetalborjt","description":"","potentialAction":[{"@type":"SearchAction","target":{"@type":"EntryPoint","urlTemplate":"https:\/\/paragaleriedetalborjt.com\/?s={search_term_string}"},"query-input":{"@type":"PropertyValueSpecification","valueRequired":true,"valueName":"search_term_string"}}],"inLanguage":"en-US"}]}},"brands":[{"id":2385,"name":"LANCIOR","slug":"lancior"}],"_links":{"self":[{"href":"https:\/\/paragaleriedetalborjt.com\/en\/wp-json\/wp\/v2\/product\/49531","targetHints":{"allow":["GET"]}}],"collection":[{"href":"https:\/\/paragaleriedetalborjt.com\/en\/wp-json\/wp\/v2\/product"}],"about":[{"href":"https:\/\/paragaleriedetalborjt.com\/en\/wp-json\/wp\/v2\/types\/product"}],"replies":[{"embeddable":true,"href":"https:\/\/paragaleriedetalborjt.com\/en\/wp-json\/wp\/v2\/comments?post=49531"}],"version-history":[{"count":1,"href":"https:\/\/paragaleriedetalborjt.com\/en\/wp-json\/wp\/v2\/product\/49531\/revisions"}],"predecessor-version":[{"id":49533,"href":"https:\/\/paragaleriedetalborjt.com\/en\/wp-json\/wp\/v2\/product\/49531\/revisions\/49533"}],"wp:featuredmedia":[{"embeddable":true,"href":"https:\/\/paragaleriedetalborjt.com\/en\/wp-json\/wp\/v2\/media\/49532"}],"wp:attachment":[{"href":"https:\/\/paragaleriedetalborjt.com\/en\/wp-json\/wp\/v2\/media?parent=49531"}],"wp:term":[{"taxonomy":"pwb-brand","embeddable":true,"href":"https:\/\/paragaleriedetalborjt.com\/en\/wp-json\/wp\/v2\/pwb-brand?post=49531"},{"taxonomy":"product_cat","embeddable":true,"href":"https:\/\/paragaleriedetalborjt.com\/en\/wp-json\/wp\/v2\/product_cat?post=49531"},{"taxonomy":"product_tag","embeddable":true,"href":"https:\/\/paragaleriedetalborjt.com\/en\/wp-json\/wp\/v2\/product_tag?post=49531"}],"curies":[{"name":"wp","href":"https:\/\/api.w.org\/{rel}","templated":true}]}}