{"id":49528,"date":"2026-01-04T14:40:32","date_gmt":"2026-01-04T13:40:32","guid":{"rendered":"https:\/\/paragaleriedetalborjt.com\/?post_type=product&#038;p=49528"},"modified":"2026-01-04T14:40:33","modified_gmt":"2026-01-04T13:40:33","slug":"lancior-masque-lumiere-poudre-de-diamant-50ml","status":"publish","type":"product","link":"https:\/\/paragaleriedetalborjt.com\/en\/boutique\/lancior-masque-lumiere-poudre-de-diamant-50ml\/","title":{"rendered":"LANCIOR MASQUE LUMI\u00c8RE POUDRE DE DIAMANT 50ML"},"content":{"rendered":"<div aria-labelledby=\"tab-title-description\" class=\"woocommerce-Tabs-panel woocommerce-Tabs-panel--description panel entry-content wc-tab\" id=\"tab-description\" role=\"tabpanel\" style=\"\">\n<h2>Description<\/h2>\n<p>Le MASQUE LUMI\u00c8RE POUDRE DE DIAMANT va illuminer et unifier le teint pour retrouver tout son \u00e9clat. Sa formule, \u00e0 base de vraie poudre de Diamant extra-fine, va aider \u00e0 r\u00e9v\u00e9ler une peau lumineuse. \u00c0 utiliser avec le Gommage Lumi\u00e8re Poudre de Diamant, pour un rituel \u00e9claircissant parfait.<\/p>\n<div class=\"panel-heading\">\n<h4 class=\"panel-title\">INGR\u00c9DIENTS ACTIFS :<\/h4>\n<\/div>\n<div class=\"panel-collapse collapse in\" id=\"collapse0\">\n<div class=\"panel-body\">HUILE ESSENTIELLE DE MENTHE: gr\u00e2ce \u00e0 ses propri\u00e9t\u00e9s anti- bact\u00e9riennes, il va nettoyer la peau en profondeur pour un teint parfaitement frais et plus radieux. POUDRE DE DIAMANT: va uniformiser la peau, affiner l\u2019\u00e9piderme et illuminer le teint pour un \u00e9clat exceptionnel de jeunesse.<\/div>\n<\/div>\n<div><\/div>\n<div><strong><strong>Conseils d\u2019Utilisation : <\/strong> <\/strong><\/div>\n<div>Appliquer sur visage et cou parfaitement propres, laisser reposer dix minutes et rincer \u00e0 l\u2019eau ti\u00e8de.<\/div>\n<\/div>","protected":false},"excerpt":{"rendered":"<p>Highlights:Chaque jour, Antirougeurs JOUR Emulsion apaise, att\u00e9nue et pr\u00e9venient les rougeurs cutan\u00e9es.Adapt\u00e9e aux peaux normales \u00e0 mixtes, sa texture l\u00e9g\u00e8re non grasse laisse la peau douce et confortable toute la journ\u00e9e.<\/p>","protected":false},"featured_media":49529,"comment_status":"open","ping_status":"closed","template":"","meta":[],"pwb-brand":[2385],"product_cat":[16],"product_tag":[],"class_list":{"0":"post-49528","1":"product","2":"type-product","3":"status-publish","4":"has-post-thumbnail","6":"pwb-brand-lancior","7":"product_cat-non-classe","8":"pa_brands-lancior","10":"first","11":"instock","12":"sale","13":"shipping-taxable","14":"purchasable","15":"product-type-simple"},"yoast_head":"<!-- This site is optimized with the Yoast SEO plugin v27.5 - https:\/\/yoast.com\/product\/yoast-seo-wordpress\/ -->\n<title>LANCIOR MASQUE LUMI\u00c8RE POUDRE DE DIAMANT 50ML - paragaleriedetalborjt<\/title>\n<meta name=\"robots\" content=\"index, follow, max-snippet:-1, max-image-preview:large, max-video-preview:-1\" \/>\n<link rel=\"canonical\" href=\"https:\/\/paragaleriedetalborjt.com\/en\/boutique\/lancior-masque-lumiere-poudre-de-diamant-50ml\/\" \/>\n<meta property=\"og:locale\" content=\"en_US\" \/>\n<meta property=\"og:type\" content=\"article\" \/>\n<meta property=\"og:title\" content=\"LANCIOR MASQUE LUMI\u00c8RE POUDRE DE DIAMANT 50ML - paragaleriedetalborjt\" \/>\n<meta property=\"og:description\" content=\"Highlights:Chaque jour, Antirougeurs JOUR Emulsion apaise, att\u00e9nue et pr\u00e9venient les rougeurs cutan\u00e9es.Adapt\u00e9e aux peaux normales \u00e0 mixtes, sa texture l\u00e9g\u00e8re non grasse laisse la peau douce et confortable toute la journ\u00e9e.\" \/>\n<meta property=\"og:url\" content=\"https:\/\/paragaleriedetalborjt.com\/en\/boutique\/lancior-masque-lumiere-poudre-de-diamant-50ml\/\" \/>\n<meta property=\"og:site_name\" content=\"paragaleriedetalborjt\" \/>\n<meta property=\"article:modified_time\" content=\"2026-01-04T13:40:33+00:00\" \/>\n<meta property=\"og:image\" content=\"https:\/\/paragaleriedetalborjt.com\/wp-content\/uploads\/2026\/01\/Diamond-Powder-Illuminating-Mask-Ref.-F22018HD.jpg\" \/>\n\t<meta property=\"og:image:width\" content=\"595\" \/>\n\t<meta property=\"og:image:height\" content=\"655\" \/>\n\t<meta property=\"og:image:type\" content=\"image\/jpeg\" \/>\n<meta name=\"twitter:card\" content=\"summary_large_image\" \/>\n<meta name=\"twitter:label1\" content=\"Est. reading time\" \/>\n\t<meta name=\"twitter:data1\" content=\"1 minute\" \/>\n<script type=\"application\/ld+json\" class=\"yoast-schema-graph\">{\"@context\":\"https:\\\/\\\/schema.org\",\"@graph\":[{\"@type\":\"WebPage\",\"@id\":\"https:\\\/\\\/paragaleriedetalborjt.com\\\/boutique\\\/lancior-masque-lumiere-poudre-de-diamant-50ml\\\/\",\"url\":\"https:\\\/\\\/paragaleriedetalborjt.com\\\/boutique\\\/lancior-masque-lumiere-poudre-de-diamant-50ml\\\/\",\"name\":\"LANCIOR MASQUE LUMI\u00c8RE POUDRE DE DIAMANT 50ML - paragaleriedetalborjt\",\"isPartOf\":{\"@id\":\"https:\\\/\\\/paragaleriedetalborjt.com\\\/#website\"},\"primaryImageOfPage\":{\"@id\":\"https:\\\/\\\/paragaleriedetalborjt.com\\\/boutique\\\/lancior-masque-lumiere-poudre-de-diamant-50ml\\\/#primaryimage\"},\"image\":{\"@id\":\"https:\\\/\\\/paragaleriedetalborjt.com\\\/boutique\\\/lancior-masque-lumiere-poudre-de-diamant-50ml\\\/#primaryimage\"},\"thumbnailUrl\":\"https:\\\/\\\/paragaleriedetalborjt.com\\\/wp-content\\\/uploads\\\/2026\\\/01\\\/Diamond-Powder-Illuminating-Mask-Ref.-F22018HD.jpg\",\"datePublished\":\"2026-01-04T13:40:32+00:00\",\"dateModified\":\"2026-01-04T13:40:33+00:00\",\"breadcrumb\":{\"@id\":\"https:\\\/\\\/paragaleriedetalborjt.com\\\/boutique\\\/lancior-masque-lumiere-poudre-de-diamant-50ml\\\/#breadcrumb\"},\"inLanguage\":\"en-US\",\"potentialAction\":[{\"@type\":\"ReadAction\",\"target\":[\"https:\\\/\\\/paragaleriedetalborjt.com\\\/boutique\\\/lancior-masque-lumiere-poudre-de-diamant-50ml\\\/\"]}]},{\"@type\":\"ImageObject\",\"inLanguage\":\"en-US\",\"@id\":\"https:\\\/\\\/paragaleriedetalborjt.com\\\/boutique\\\/lancior-masque-lumiere-poudre-de-diamant-50ml\\\/#primaryimage\",\"url\":\"https:\\\/\\\/paragaleriedetalborjt.com\\\/wp-content\\\/uploads\\\/2026\\\/01\\\/Diamond-Powder-Illuminating-Mask-Ref.-F22018HD.jpg\",\"contentUrl\":\"https:\\\/\\\/paragaleriedetalborjt.com\\\/wp-content\\\/uploads\\\/2026\\\/01\\\/Diamond-Powder-Illuminating-Mask-Ref.-F22018HD.jpg\",\"width\":595,\"height\":655},{\"@type\":\"BreadcrumbList\",\"@id\":\"https:\\\/\\\/paragaleriedetalborjt.com\\\/boutique\\\/lancior-masque-lumiere-poudre-de-diamant-50ml\\\/#breadcrumb\",\"itemListElement\":[{\"@type\":\"ListItem\",\"position\":1,\"name\":\"Accueil\",\"item\":\"https:\\\/\\\/paragaleriedetalborjt.com\\\/\"},{\"@type\":\"ListItem\",\"position\":2,\"name\":\"Boutique\",\"item\":\"https:\\\/\\\/paragaleriedetalborjt.com\\\/boutique\\\/\"},{\"@type\":\"ListItem\",\"position\":3,\"name\":\"LANCIOR MASQUE LUMI\u00c8RE POUDRE DE DIAMANT 50ML\"}]},{\"@type\":\"WebSite\",\"@id\":\"https:\\\/\\\/paragaleriedetalborjt.com\\\/#website\",\"url\":\"https:\\\/\\\/paragaleriedetalborjt.com\\\/\",\"name\":\"paragaleriedetalborjt\",\"description\":\"\",\"potentialAction\":[{\"@type\":\"SearchAction\",\"target\":{\"@type\":\"EntryPoint\",\"urlTemplate\":\"https:\\\/\\\/paragaleriedetalborjt.com\\\/?s={search_term_string}\"},\"query-input\":{\"@type\":\"PropertyValueSpecification\",\"valueRequired\":true,\"valueName\":\"search_term_string\"}}],\"inLanguage\":\"en-US\"}]}<\/script>\n<!-- \/ Yoast SEO plugin. -->","yoast_head_json":{"title":"LANCIOR MASQUE LUMI\u00c8RE POUDRE DE DIAMANT 50ML - paragaleriedetalborjt","robots":{"index":"index","follow":"follow","max-snippet":"max-snippet:-1","max-image-preview":"max-image-preview:large","max-video-preview":"max-video-preview:-1"},"canonical":"https:\/\/paragaleriedetalborjt.com\/en\/boutique\/lancior-masque-lumiere-poudre-de-diamant-50ml\/","og_locale":"en_US","og_type":"article","og_title":"LANCIOR MASQUE LUMI\u00c8RE POUDRE DE DIAMANT 50ML - paragaleriedetalborjt","og_description":"Highlights:Chaque jour, Antirougeurs JOUR Emulsion apaise, att\u00e9nue et pr\u00e9venient les rougeurs cutan\u00e9es.Adapt\u00e9e aux peaux normales \u00e0 mixtes, sa texture l\u00e9g\u00e8re non grasse laisse la peau douce et confortable toute la journ\u00e9e.","og_url":"https:\/\/paragaleriedetalborjt.com\/en\/boutique\/lancior-masque-lumiere-poudre-de-diamant-50ml\/","og_site_name":"paragaleriedetalborjt","article_modified_time":"2026-01-04T13:40:33+00:00","og_image":[{"width":595,"height":655,"url":"https:\/\/paragaleriedetalborjt.com\/wp-content\/uploads\/2026\/01\/Diamond-Powder-Illuminating-Mask-Ref.-F22018HD.jpg","type":"image\/jpeg"}],"twitter_card":"summary_large_image","twitter_misc":{"Est. reading time":"1 minute"},"schema":{"@context":"https:\/\/schema.org","@graph":[{"@type":"WebPage","@id":"https:\/\/paragaleriedetalborjt.com\/boutique\/lancior-masque-lumiere-poudre-de-diamant-50ml\/","url":"https:\/\/paragaleriedetalborjt.com\/boutique\/lancior-masque-lumiere-poudre-de-diamant-50ml\/","name":"LANCIOR MASQUE LUMI\u00c8RE POUDRE DE DIAMANT 50ML - paragaleriedetalborjt","isPartOf":{"@id":"https:\/\/paragaleriedetalborjt.com\/#website"},"primaryImageOfPage":{"@id":"https:\/\/paragaleriedetalborjt.com\/boutique\/lancior-masque-lumiere-poudre-de-diamant-50ml\/#primaryimage"},"image":{"@id":"https:\/\/paragaleriedetalborjt.com\/boutique\/lancior-masque-lumiere-poudre-de-diamant-50ml\/#primaryimage"},"thumbnailUrl":"https:\/\/paragaleriedetalborjt.com\/wp-content\/uploads\/2026\/01\/Diamond-Powder-Illuminating-Mask-Ref.-F22018HD.jpg","datePublished":"2026-01-04T13:40:32+00:00","dateModified":"2026-01-04T13:40:33+00:00","breadcrumb":{"@id":"https:\/\/paragaleriedetalborjt.com\/boutique\/lancior-masque-lumiere-poudre-de-diamant-50ml\/#breadcrumb"},"inLanguage":"en-US","potentialAction":[{"@type":"ReadAction","target":["https:\/\/paragaleriedetalborjt.com\/boutique\/lancior-masque-lumiere-poudre-de-diamant-50ml\/"]}]},{"@type":"ImageObject","inLanguage":"en-US","@id":"https:\/\/paragaleriedetalborjt.com\/boutique\/lancior-masque-lumiere-poudre-de-diamant-50ml\/#primaryimage","url":"https:\/\/paragaleriedetalborjt.com\/wp-content\/uploads\/2026\/01\/Diamond-Powder-Illuminating-Mask-Ref.-F22018HD.jpg","contentUrl":"https:\/\/paragaleriedetalborjt.com\/wp-content\/uploads\/2026\/01\/Diamond-Powder-Illuminating-Mask-Ref.-F22018HD.jpg","width":595,"height":655},{"@type":"BreadcrumbList","@id":"https:\/\/paragaleriedetalborjt.com\/boutique\/lancior-masque-lumiere-poudre-de-diamant-50ml\/#breadcrumb","itemListElement":[{"@type":"ListItem","position":1,"name":"Accueil","item":"https:\/\/paragaleriedetalborjt.com\/"},{"@type":"ListItem","position":2,"name":"Boutique","item":"https:\/\/paragaleriedetalborjt.com\/boutique\/"},{"@type":"ListItem","position":3,"name":"LANCIOR MASQUE LUMI\u00c8RE POUDRE DE DIAMANT 50ML"}]},{"@type":"WebSite","@id":"https:\/\/paragaleriedetalborjt.com\/#website","url":"https:\/\/paragaleriedetalborjt.com\/","name":"paragaleriedetalborjt","description":"","potentialAction":[{"@type":"SearchAction","target":{"@type":"EntryPoint","urlTemplate":"https:\/\/paragaleriedetalborjt.com\/?s={search_term_string}"},"query-input":{"@type":"PropertyValueSpecification","valueRequired":true,"valueName":"search_term_string"}}],"inLanguage":"en-US"}]}},"brands":[{"id":2385,"name":"LANCIOR","slug":"lancior"}],"_links":{"self":[{"href":"https:\/\/paragaleriedetalborjt.com\/en\/wp-json\/wp\/v2\/product\/49528","targetHints":{"allow":["GET"]}}],"collection":[{"href":"https:\/\/paragaleriedetalborjt.com\/en\/wp-json\/wp\/v2\/product"}],"about":[{"href":"https:\/\/paragaleriedetalborjt.com\/en\/wp-json\/wp\/v2\/types\/product"}],"replies":[{"embeddable":true,"href":"https:\/\/paragaleriedetalborjt.com\/en\/wp-json\/wp\/v2\/comments?post=49528"}],"version-history":[{"count":1,"href":"https:\/\/paragaleriedetalborjt.com\/en\/wp-json\/wp\/v2\/product\/49528\/revisions"}],"predecessor-version":[{"id":49530,"href":"https:\/\/paragaleriedetalborjt.com\/en\/wp-json\/wp\/v2\/product\/49528\/revisions\/49530"}],"wp:featuredmedia":[{"embeddable":true,"href":"https:\/\/paragaleriedetalborjt.com\/en\/wp-json\/wp\/v2\/media\/49529"}],"wp:attachment":[{"href":"https:\/\/paragaleriedetalborjt.com\/en\/wp-json\/wp\/v2\/media?parent=49528"}],"wp:term":[{"taxonomy":"pwb-brand","embeddable":true,"href":"https:\/\/paragaleriedetalborjt.com\/en\/wp-json\/wp\/v2\/pwb-brand?post=49528"},{"taxonomy":"product_cat","embeddable":true,"href":"https:\/\/paragaleriedetalborjt.com\/en\/wp-json\/wp\/v2\/product_cat?post=49528"},{"taxonomy":"product_tag","embeddable":true,"href":"https:\/\/paragaleriedetalborjt.com\/en\/wp-json\/wp\/v2\/product_tag?post=49528"}],"curies":[{"name":"wp","href":"https:\/\/api.w.org\/{rel}","templated":true}]}}