{"id":49510,"date":"2026-01-04T14:39:47","date_gmt":"2026-01-04T13:39:47","guid":{"rendered":"https:\/\/paragaleriedetalborjt.com\/?post_type=product&#038;p=49510"},"modified":"2026-01-04T14:39:48","modified_gmt":"2026-01-04T13:39:48","slug":"miradent-miradent-gel-15-ml","status":"publish","type":"product","link":"https:\/\/paragaleriedetalborjt.com\/en\/boutique\/miradent-miradent-gel-15-ml\/","title":{"rendered":"MIRADENT Miradent Gel 15 Ml"},"content":{"rendered":"<div aria-labelledby=\"tab-title-description\" class=\"woocommerce-Tabs-panel woocommerce-Tabs-panel--description panel entry-content wc-tab\" id=\"tab-description\" role=\"tabpanel\" style=\"\">\n<h2>Description<\/h2>\n<p>Le\u00a0gel Miradont\u00a0convient particuli\u00e8rement aux interventions de chirurgie maxillaire et traitements parodontaux, car le gel micronutriment am\u00e9liore le climat th\u00e9rapeutique et acc\u00e9l\u00e8re la r\u00e9g\u00e9n\u00e9ration tissulaire. Le gel gingival est aussi utilis\u00e9 en th\u00e9rapie dentaire pour le traitement des aphtes, mycoses, l\u00e9sions herp\u00e9tiques florides et plaies de pression.<\/p>\n<p>Le\u00a0gel Miradont\u00a0est insipide et ne poss\u00e8de pas d\u2019additif d\u2019alcool, saccharine et menthol.<\/p>\n<p><strong>Caract\u00e9ristiques : <\/strong> <\/p>\n<ul>\n<li>\u2013 Micronutriment<\/li>\n<li>\u2013 Pour la gu\u00e9rison de la flore buccale apr\u00e8s interventions chirurgicales du maxillaire et pour traitements parodontaux<\/li>\n<li>\u2013 Pour le traitement d\u2019aphtes, mycoses, l\u00e9sions herp\u00e9tiques florides et plaies de pression<\/li>\n<li>\u2013 Acc\u00e9l\u00e8re la r\u00e9g\u00e9n\u00e9ration tissulaire et le climat th\u00e9rapeutique<\/li>\n<li>\u2013 Sans ajout d\u2019alcool, saccharine et menthol<\/li>\n<li>\u2013 Sans conservateurs<\/li>\n<\/ul>\n<\/div>","protected":false},"excerpt":{"rendered":"<p>Highlights:Gel avec micro-nutrimentsPour les soins m\u00e9dicaux bucco-dentairesSans go\u00fbt, sans alcool et sans conservateurs<\/p>","protected":false},"featured_media":49511,"comment_status":"open","ping_status":"closed","template":"","meta":[],"pwb-brand":[1763],"product_cat":[16],"product_tag":[],"class_list":{"0":"post-49510","1":"product","2":"type-product","3":"status-publish","4":"has-post-thumbnail","6":"pwb-brand-miradent","7":"product_cat-non-classe","8":"pa_brands-miradent","10":"first","11":"instock","12":"sale","13":"shipping-taxable","14":"purchasable","15":"product-type-simple"},"yoast_head":"<!-- This site is optimized with the Yoast SEO plugin v26.9 - https:\/\/yoast.com\/product\/yoast-seo-wordpress\/ -->\n<title>MIRADENT Miradent Gel 15 Ml - paragaleriedetalborjt<\/title>\n<meta name=\"robots\" content=\"index, follow, max-snippet:-1, max-image-preview:large, max-video-preview:-1\" \/>\n<link rel=\"canonical\" href=\"https:\/\/paragaleriedetalborjt.com\/en\/boutique\/miradent-miradent-gel-15-ml\/\" \/>\n<meta property=\"og:locale\" content=\"en_US\" \/>\n<meta property=\"og:type\" content=\"article\" \/>\n<meta property=\"og:title\" content=\"MIRADENT Miradent Gel 15 Ml - paragaleriedetalborjt\" \/>\n<meta property=\"og:description\" content=\"Highlights:Gel avec micro-nutrimentsPour les soins m\u00e9dicaux bucco-dentairesSans go\u00fbt, sans alcool et sans conservateurs\" \/>\n<meta property=\"og:url\" content=\"https:\/\/paragaleriedetalborjt.com\/en\/boutique\/miradent-miradent-gel-15-ml\/\" \/>\n<meta property=\"og:site_name\" content=\"paragaleriedetalborjt\" \/>\n<meta property=\"article:modified_time\" content=\"2026-01-04T13:39:48+00:00\" \/>\n<meta property=\"og:image\" content=\"https:\/\/paragaleriedetalborjt.com\/wp-content\/uploads\/2026\/01\/miradent-gel-15-ml.jpg\" \/>\n\t<meta property=\"og:image:width\" content=\"595\" \/>\n\t<meta property=\"og:image:height\" content=\"655\" \/>\n\t<meta property=\"og:image:type\" content=\"image\/jpeg\" \/>\n<meta name=\"twitter:card\" content=\"summary_large_image\" \/>\n<meta name=\"twitter:label1\" content=\"Est. reading time\" \/>\n\t<meta name=\"twitter:data1\" content=\"1 minute\" \/>\n<script type=\"application\/ld+json\" class=\"yoast-schema-graph\">{\"@context\":\"https:\/\/schema.org\",\"@graph\":[{\"@type\":\"WebPage\",\"@id\":\"https:\/\/paragaleriedetalborjt.com\/boutique\/miradent-miradent-gel-15-ml\/\",\"url\":\"https:\/\/paragaleriedetalborjt.com\/boutique\/miradent-miradent-gel-15-ml\/\",\"name\":\"MIRADENT Miradent Gel 15 Ml - paragaleriedetalborjt\",\"isPartOf\":{\"@id\":\"https:\/\/paragaleriedetalborjt.com\/#website\"},\"primaryImageOfPage\":{\"@id\":\"https:\/\/paragaleriedetalborjt.com\/boutique\/miradent-miradent-gel-15-ml\/#primaryimage\"},\"image\":{\"@id\":\"https:\/\/paragaleriedetalborjt.com\/boutique\/miradent-miradent-gel-15-ml\/#primaryimage\"},\"thumbnailUrl\":\"https:\/\/paragaleriedetalborjt.com\/wp-content\/uploads\/2026\/01\/miradent-gel-15-ml.jpg\",\"datePublished\":\"2026-01-04T13:39:47+00:00\",\"dateModified\":\"2026-01-04T13:39:48+00:00\",\"breadcrumb\":{\"@id\":\"https:\/\/paragaleriedetalborjt.com\/boutique\/miradent-miradent-gel-15-ml\/#breadcrumb\"},\"inLanguage\":\"en-US\",\"potentialAction\":[{\"@type\":\"ReadAction\",\"target\":[\"https:\/\/paragaleriedetalborjt.com\/boutique\/miradent-miradent-gel-15-ml\/\"]}]},{\"@type\":\"ImageObject\",\"inLanguage\":\"en-US\",\"@id\":\"https:\/\/paragaleriedetalborjt.com\/boutique\/miradent-miradent-gel-15-ml\/#primaryimage\",\"url\":\"https:\/\/paragaleriedetalborjt.com\/wp-content\/uploads\/2026\/01\/miradent-gel-15-ml.jpg\",\"contentUrl\":\"https:\/\/paragaleriedetalborjt.com\/wp-content\/uploads\/2026\/01\/miradent-gel-15-ml.jpg\",\"width\":595,\"height\":655},{\"@type\":\"BreadcrumbList\",\"@id\":\"https:\/\/paragaleriedetalborjt.com\/boutique\/miradent-miradent-gel-15-ml\/#breadcrumb\",\"itemListElement\":[{\"@type\":\"ListItem\",\"position\":1,\"name\":\"Accueil\",\"item\":\"https:\/\/paragaleriedetalborjt.com\/\"},{\"@type\":\"ListItem\",\"position\":2,\"name\":\"Boutique\",\"item\":\"https:\/\/paragaleriedetalborjt.com\/boutique\/\"},{\"@type\":\"ListItem\",\"position\":3,\"name\":\"MIRADENT Miradent Gel 15 Ml\"}]},{\"@type\":\"WebSite\",\"@id\":\"https:\/\/paragaleriedetalborjt.com\/#website\",\"url\":\"https:\/\/paragaleriedetalborjt.com\/\",\"name\":\"paragaleriedetalborjt\",\"description\":\"\",\"potentialAction\":[{\"@type\":\"SearchAction\",\"target\":{\"@type\":\"EntryPoint\",\"urlTemplate\":\"https:\/\/paragaleriedetalborjt.com\/?s={search_term_string}\"},\"query-input\":{\"@type\":\"PropertyValueSpecification\",\"valueRequired\":true,\"valueName\":\"search_term_string\"}}],\"inLanguage\":\"en-US\"}]}<\/script>\n<!-- \/ Yoast SEO plugin. -->","yoast_head_json":{"title":"MIRADENT Miradent Gel 15 Ml - paragaleriedetalborjt","robots":{"index":"index","follow":"follow","max-snippet":"max-snippet:-1","max-image-preview":"max-image-preview:large","max-video-preview":"max-video-preview:-1"},"canonical":"https:\/\/paragaleriedetalborjt.com\/en\/boutique\/miradent-miradent-gel-15-ml\/","og_locale":"en_US","og_type":"article","og_title":"MIRADENT Miradent Gel 15 Ml - paragaleriedetalborjt","og_description":"Highlights:Gel avec micro-nutrimentsPour les soins m\u00e9dicaux bucco-dentairesSans go\u00fbt, sans alcool et sans conservateurs","og_url":"https:\/\/paragaleriedetalborjt.com\/en\/boutique\/miradent-miradent-gel-15-ml\/","og_site_name":"paragaleriedetalborjt","article_modified_time":"2026-01-04T13:39:48+00:00","og_image":[{"width":595,"height":655,"url":"https:\/\/paragaleriedetalborjt.com\/wp-content\/uploads\/2026\/01\/miradent-gel-15-ml.jpg","type":"image\/jpeg"}],"twitter_card":"summary_large_image","twitter_misc":{"Est. reading time":"1 minute"},"schema":{"@context":"https:\/\/schema.org","@graph":[{"@type":"WebPage","@id":"https:\/\/paragaleriedetalborjt.com\/boutique\/miradent-miradent-gel-15-ml\/","url":"https:\/\/paragaleriedetalborjt.com\/boutique\/miradent-miradent-gel-15-ml\/","name":"MIRADENT Miradent Gel 15 Ml - paragaleriedetalborjt","isPartOf":{"@id":"https:\/\/paragaleriedetalborjt.com\/#website"},"primaryImageOfPage":{"@id":"https:\/\/paragaleriedetalborjt.com\/boutique\/miradent-miradent-gel-15-ml\/#primaryimage"},"image":{"@id":"https:\/\/paragaleriedetalborjt.com\/boutique\/miradent-miradent-gel-15-ml\/#primaryimage"},"thumbnailUrl":"https:\/\/paragaleriedetalborjt.com\/wp-content\/uploads\/2026\/01\/miradent-gel-15-ml.jpg","datePublished":"2026-01-04T13:39:47+00:00","dateModified":"2026-01-04T13:39:48+00:00","breadcrumb":{"@id":"https:\/\/paragaleriedetalborjt.com\/boutique\/miradent-miradent-gel-15-ml\/#breadcrumb"},"inLanguage":"en-US","potentialAction":[{"@type":"ReadAction","target":["https:\/\/paragaleriedetalborjt.com\/boutique\/miradent-miradent-gel-15-ml\/"]}]},{"@type":"ImageObject","inLanguage":"en-US","@id":"https:\/\/paragaleriedetalborjt.com\/boutique\/miradent-miradent-gel-15-ml\/#primaryimage","url":"https:\/\/paragaleriedetalborjt.com\/wp-content\/uploads\/2026\/01\/miradent-gel-15-ml.jpg","contentUrl":"https:\/\/paragaleriedetalborjt.com\/wp-content\/uploads\/2026\/01\/miradent-gel-15-ml.jpg","width":595,"height":655},{"@type":"BreadcrumbList","@id":"https:\/\/paragaleriedetalborjt.com\/boutique\/miradent-miradent-gel-15-ml\/#breadcrumb","itemListElement":[{"@type":"ListItem","position":1,"name":"Accueil","item":"https:\/\/paragaleriedetalborjt.com\/"},{"@type":"ListItem","position":2,"name":"Boutique","item":"https:\/\/paragaleriedetalborjt.com\/boutique\/"},{"@type":"ListItem","position":3,"name":"MIRADENT Miradent Gel 15 Ml"}]},{"@type":"WebSite","@id":"https:\/\/paragaleriedetalborjt.com\/#website","url":"https:\/\/paragaleriedetalborjt.com\/","name":"paragaleriedetalborjt","description":"","potentialAction":[{"@type":"SearchAction","target":{"@type":"EntryPoint","urlTemplate":"https:\/\/paragaleriedetalborjt.com\/?s={search_term_string}"},"query-input":{"@type":"PropertyValueSpecification","valueRequired":true,"valueName":"search_term_string"}}],"inLanguage":"en-US"}]}},"brands":[{"id":1763,"name":"MIRADENT","slug":"miradent"}],"_links":{"self":[{"href":"https:\/\/paragaleriedetalborjt.com\/en\/wp-json\/wp\/v2\/product\/49510","targetHints":{"allow":["GET"]}}],"collection":[{"href":"https:\/\/paragaleriedetalborjt.com\/en\/wp-json\/wp\/v2\/product"}],"about":[{"href":"https:\/\/paragaleriedetalborjt.com\/en\/wp-json\/wp\/v2\/types\/product"}],"replies":[{"embeddable":true,"href":"https:\/\/paragaleriedetalborjt.com\/en\/wp-json\/wp\/v2\/comments?post=49510"}],"version-history":[{"count":1,"href":"https:\/\/paragaleriedetalborjt.com\/en\/wp-json\/wp\/v2\/product\/49510\/revisions"}],"predecessor-version":[{"id":49512,"href":"https:\/\/paragaleriedetalborjt.com\/en\/wp-json\/wp\/v2\/product\/49510\/revisions\/49512"}],"wp:featuredmedia":[{"embeddable":true,"href":"https:\/\/paragaleriedetalborjt.com\/en\/wp-json\/wp\/v2\/media\/49511"}],"wp:attachment":[{"href":"https:\/\/paragaleriedetalborjt.com\/en\/wp-json\/wp\/v2\/media?parent=49510"}],"wp:term":[{"taxonomy":"pwb-brand","embeddable":true,"href":"https:\/\/paragaleriedetalborjt.com\/en\/wp-json\/wp\/v2\/pwb-brand?post=49510"},{"taxonomy":"product_cat","embeddable":true,"href":"https:\/\/paragaleriedetalborjt.com\/en\/wp-json\/wp\/v2\/product_cat?post=49510"},{"taxonomy":"product_tag","embeddable":true,"href":"https:\/\/paragaleriedetalborjt.com\/en\/wp-json\/wp\/v2\/product_tag?post=49510"}],"curies":[{"name":"wp","href":"https:\/\/api.w.org\/{rel}","templated":true}]}}