{"id":49495,"date":"2026-01-04T14:39:12","date_gmt":"2026-01-04T13:39:12","guid":{"rendered":"https:\/\/paragaleriedetalborjt.com\/?post_type=product&#038;p=49495"},"modified":"2026-01-04T14:39:13","modified_gmt":"2026-01-04T13:39:13","slug":"bambo-nature-6-couches-xxl-16kg-40un","status":"publish","type":"product","link":"https:\/\/paragaleriedetalborjt.com\/en\/boutique\/bambo-nature-6-couches-xxl-16kg-40un\/","title":{"rendered":"Bambo Nature 6, couches XXL +16kg\/40un"},"content":{"rendered":"<div aria-labelledby=\"tab-title-description\" class=\"woocommerce-Tabs-panel woocommerce-Tabs-panel--description panel entry-content wc-tab\" id=\"tab-description\" role=\"tabpanel\" style=\"\">\n<h2>Description<\/h2>\n<p>Les couches BAMBO Nature sont issues d\u2019une fabrication \u00e9coresponsable privil\u00e9giant des mati\u00e8res premi\u00e8res durables et con\u00e7ues avec moins d\u2019impact sur l\u2019environnement qu\u2019une couche classique.<\/p>\n<\/div>","protected":false},"excerpt":{"rendered":"<p>Highlights:Canaux absorbants au c\u0153ur de la couche drainent les liquides plus rapidement et \u00e0 distance de la peau de b\u00e9b\u00e9. Le risque d\u2019\u00e9ryth\u00e8me fessier est minimis\u00e9.C\u0153urCouches anatomiques ultra-minces et absorbantes ce qui permet de r\u00e9duire le risque de fuitesabsorbant se g\u00e9lifie au contact de l\u2019humidit\u00e9 et neutralise l\u2019ammoniaque des selles (effet antiodeurs).Voile externe de contact tr\u00e8s douxIndicateur de saturation indique quand votre b\u00e9b\u00e9 doit \u00eatre chang\u00e9 (du jaune au bleu en pr\u00e9sence d\u2019urine).Num\u00e9ro de lot inscrit sur la couche, le paquet et le carton pour une meilleure tra\u00e7abilit\u00e9<\/p>","protected":false},"featured_media":49496,"comment_status":"open","ping_status":"closed","template":"","meta":[],"pwb-brand":[1912],"product_cat":[16],"product_tag":[],"class_list":{"0":"post-49495","1":"product","2":"type-product","3":"status-publish","4":"has-post-thumbnail","6":"pwb-brand-bambo-nature","7":"product_cat-non-classe","8":"pa_brands-bambo-nature","10":"first","11":"instock","12":"sale","13":"shipping-taxable","14":"purchasable","15":"product-type-simple"},"yoast_head":"<!-- This site is optimized with the Yoast SEO plugin v27.5 - https:\/\/yoast.com\/product\/yoast-seo-wordpress\/ -->\n<title>Bambo Nature 6, couches XXL +16kg\/40un - paragaleriedetalborjt<\/title>\n<meta name=\"robots\" content=\"index, follow, max-snippet:-1, max-image-preview:large, max-video-preview:-1\" \/>\n<link rel=\"canonical\" href=\"https:\/\/paragaleriedetalborjt.com\/en\/boutique\/bambo-nature-6-couches-xxl-16kg-40un\/\" \/>\n<meta property=\"og:locale\" content=\"en_US\" \/>\n<meta property=\"og:type\" content=\"article\" \/>\n<meta property=\"og:title\" content=\"Bambo Nature 6, couches XXL +16kg\/40un - paragaleriedetalborjt\" \/>\n<meta property=\"og:description\" content=\"Highlights:Canaux absorbants au c\u0153ur de la couche drainent les liquides plus rapidement et \u00e0 distance de la peau de b\u00e9b\u00e9. Le risque d\u2019\u00e9ryth\u00e8me fessier est minimis\u00e9.C\u0153urCouches anatomiques ultra-minces et absorbantes ce qui permet de r\u00e9duire le risque de fuitesabsorbant se g\u00e9lifie au contact de l\u2019humidit\u00e9 et neutralise l\u2019ammoniaque des selles (effet antiodeurs).Voile externe de contact tr\u00e8s douxIndicateur de saturation indique quand votre b\u00e9b\u00e9 doit \u00eatre chang\u00e9 (du jaune au bleu en pr\u00e9sence d\u2019urine).Num\u00e9ro de lot inscrit sur la couche, le paquet et le carton pour une meilleure tra\u00e7abilit\u00e9\" \/>\n<meta property=\"og:url\" content=\"https:\/\/paragaleriedetalborjt.com\/en\/boutique\/bambo-nature-6-couches-xxl-16kg-40un\/\" \/>\n<meta property=\"og:site_name\" content=\"paragaleriedetalborjt\" \/>\n<meta property=\"article:modified_time\" content=\"2026-01-04T13:39:13+00:00\" \/>\n<meta property=\"og:image\" content=\"https:\/\/paragaleriedetalborjt.com\/wp-content\/uploads\/2026\/01\/bambo-nature-6.jpg\" \/>\n\t<meta property=\"og:image:width\" content=\"595\" \/>\n\t<meta property=\"og:image:height\" content=\"735\" \/>\n\t<meta property=\"og:image:type\" content=\"image\/jpeg\" \/>\n<meta name=\"twitter:card\" content=\"summary_large_image\" \/>\n<script type=\"application\/ld+json\" class=\"yoast-schema-graph\">{\"@context\":\"https:\\\/\\\/schema.org\",\"@graph\":[{\"@type\":\"WebPage\",\"@id\":\"https:\\\/\\\/paragaleriedetalborjt.com\\\/boutique\\\/bambo-nature-6-couches-xxl-16kg-40un\\\/\",\"url\":\"https:\\\/\\\/paragaleriedetalborjt.com\\\/boutique\\\/bambo-nature-6-couches-xxl-16kg-40un\\\/\",\"name\":\"Bambo Nature 6, couches XXL +16kg\\\/40un - paragaleriedetalborjt\",\"isPartOf\":{\"@id\":\"https:\\\/\\\/paragaleriedetalborjt.com\\\/#website\"},\"primaryImageOfPage\":{\"@id\":\"https:\\\/\\\/paragaleriedetalborjt.com\\\/boutique\\\/bambo-nature-6-couches-xxl-16kg-40un\\\/#primaryimage\"},\"image\":{\"@id\":\"https:\\\/\\\/paragaleriedetalborjt.com\\\/boutique\\\/bambo-nature-6-couches-xxl-16kg-40un\\\/#primaryimage\"},\"thumbnailUrl\":\"https:\\\/\\\/paragaleriedetalborjt.com\\\/wp-content\\\/uploads\\\/2026\\\/01\\\/bambo-nature-6.jpg\",\"datePublished\":\"2026-01-04T13:39:12+00:00\",\"dateModified\":\"2026-01-04T13:39:13+00:00\",\"breadcrumb\":{\"@id\":\"https:\\\/\\\/paragaleriedetalborjt.com\\\/boutique\\\/bambo-nature-6-couches-xxl-16kg-40un\\\/#breadcrumb\"},\"inLanguage\":\"en-US\",\"potentialAction\":[{\"@type\":\"ReadAction\",\"target\":[\"https:\\\/\\\/paragaleriedetalborjt.com\\\/boutique\\\/bambo-nature-6-couches-xxl-16kg-40un\\\/\"]}]},{\"@type\":\"ImageObject\",\"inLanguage\":\"en-US\",\"@id\":\"https:\\\/\\\/paragaleriedetalborjt.com\\\/boutique\\\/bambo-nature-6-couches-xxl-16kg-40un\\\/#primaryimage\",\"url\":\"https:\\\/\\\/paragaleriedetalborjt.com\\\/wp-content\\\/uploads\\\/2026\\\/01\\\/bambo-nature-6.jpg\",\"contentUrl\":\"https:\\\/\\\/paragaleriedetalborjt.com\\\/wp-content\\\/uploads\\\/2026\\\/01\\\/bambo-nature-6.jpg\",\"width\":595,\"height\":735},{\"@type\":\"BreadcrumbList\",\"@id\":\"https:\\\/\\\/paragaleriedetalborjt.com\\\/boutique\\\/bambo-nature-6-couches-xxl-16kg-40un\\\/#breadcrumb\",\"itemListElement\":[{\"@type\":\"ListItem\",\"position\":1,\"name\":\"Accueil\",\"item\":\"https:\\\/\\\/paragaleriedetalborjt.com\\\/\"},{\"@type\":\"ListItem\",\"position\":2,\"name\":\"Boutique\",\"item\":\"https:\\\/\\\/paragaleriedetalborjt.com\\\/boutique\\\/\"},{\"@type\":\"ListItem\",\"position\":3,\"name\":\"Bambo Nature 6, couches XXL +16kg\\\/40un\"}]},{\"@type\":\"WebSite\",\"@id\":\"https:\\\/\\\/paragaleriedetalborjt.com\\\/#website\",\"url\":\"https:\\\/\\\/paragaleriedetalborjt.com\\\/\",\"name\":\"paragaleriedetalborjt\",\"description\":\"\",\"potentialAction\":[{\"@type\":\"SearchAction\",\"target\":{\"@type\":\"EntryPoint\",\"urlTemplate\":\"https:\\\/\\\/paragaleriedetalborjt.com\\\/?s={search_term_string}\"},\"query-input\":{\"@type\":\"PropertyValueSpecification\",\"valueRequired\":true,\"valueName\":\"search_term_string\"}}],\"inLanguage\":\"en-US\"}]}<\/script>\n<!-- \/ Yoast SEO plugin. -->","yoast_head_json":{"title":"Bambo Nature 6, couches XXL +16kg\/40un - paragaleriedetalborjt","robots":{"index":"index","follow":"follow","max-snippet":"max-snippet:-1","max-image-preview":"max-image-preview:large","max-video-preview":"max-video-preview:-1"},"canonical":"https:\/\/paragaleriedetalborjt.com\/en\/boutique\/bambo-nature-6-couches-xxl-16kg-40un\/","og_locale":"en_US","og_type":"article","og_title":"Bambo Nature 6, couches XXL +16kg\/40un - paragaleriedetalborjt","og_description":"Highlights:Canaux absorbants au c\u0153ur de la couche drainent les liquides plus rapidement et \u00e0 distance de la peau de b\u00e9b\u00e9. Le risque d\u2019\u00e9ryth\u00e8me fessier est minimis\u00e9.C\u0153urCouches anatomiques ultra-minces et absorbantes ce qui permet de r\u00e9duire le risque de fuitesabsorbant se g\u00e9lifie au contact de l\u2019humidit\u00e9 et neutralise l\u2019ammoniaque des selles (effet antiodeurs).Voile externe de contact tr\u00e8s douxIndicateur de saturation indique quand votre b\u00e9b\u00e9 doit \u00eatre chang\u00e9 (du jaune au bleu en pr\u00e9sence d\u2019urine).Num\u00e9ro de lot inscrit sur la couche, le paquet et le carton pour une meilleure tra\u00e7abilit\u00e9","og_url":"https:\/\/paragaleriedetalborjt.com\/en\/boutique\/bambo-nature-6-couches-xxl-16kg-40un\/","og_site_name":"paragaleriedetalborjt","article_modified_time":"2026-01-04T13:39:13+00:00","og_image":[{"width":595,"height":735,"url":"https:\/\/paragaleriedetalborjt.com\/wp-content\/uploads\/2026\/01\/bambo-nature-6.jpg","type":"image\/jpeg"}],"twitter_card":"summary_large_image","schema":{"@context":"https:\/\/schema.org","@graph":[{"@type":"WebPage","@id":"https:\/\/paragaleriedetalborjt.com\/boutique\/bambo-nature-6-couches-xxl-16kg-40un\/","url":"https:\/\/paragaleriedetalborjt.com\/boutique\/bambo-nature-6-couches-xxl-16kg-40un\/","name":"Bambo Nature 6, couches XXL +16kg\/40un - paragaleriedetalborjt","isPartOf":{"@id":"https:\/\/paragaleriedetalborjt.com\/#website"},"primaryImageOfPage":{"@id":"https:\/\/paragaleriedetalborjt.com\/boutique\/bambo-nature-6-couches-xxl-16kg-40un\/#primaryimage"},"image":{"@id":"https:\/\/paragaleriedetalborjt.com\/boutique\/bambo-nature-6-couches-xxl-16kg-40un\/#primaryimage"},"thumbnailUrl":"https:\/\/paragaleriedetalborjt.com\/wp-content\/uploads\/2026\/01\/bambo-nature-6.jpg","datePublished":"2026-01-04T13:39:12+00:00","dateModified":"2026-01-04T13:39:13+00:00","breadcrumb":{"@id":"https:\/\/paragaleriedetalborjt.com\/boutique\/bambo-nature-6-couches-xxl-16kg-40un\/#breadcrumb"},"inLanguage":"en-US","potentialAction":[{"@type":"ReadAction","target":["https:\/\/paragaleriedetalborjt.com\/boutique\/bambo-nature-6-couches-xxl-16kg-40un\/"]}]},{"@type":"ImageObject","inLanguage":"en-US","@id":"https:\/\/paragaleriedetalborjt.com\/boutique\/bambo-nature-6-couches-xxl-16kg-40un\/#primaryimage","url":"https:\/\/paragaleriedetalborjt.com\/wp-content\/uploads\/2026\/01\/bambo-nature-6.jpg","contentUrl":"https:\/\/paragaleriedetalborjt.com\/wp-content\/uploads\/2026\/01\/bambo-nature-6.jpg","width":595,"height":735},{"@type":"BreadcrumbList","@id":"https:\/\/paragaleriedetalborjt.com\/boutique\/bambo-nature-6-couches-xxl-16kg-40un\/#breadcrumb","itemListElement":[{"@type":"ListItem","position":1,"name":"Accueil","item":"https:\/\/paragaleriedetalborjt.com\/"},{"@type":"ListItem","position":2,"name":"Boutique","item":"https:\/\/paragaleriedetalborjt.com\/boutique\/"},{"@type":"ListItem","position":3,"name":"Bambo Nature 6, couches XXL +16kg\/40un"}]},{"@type":"WebSite","@id":"https:\/\/paragaleriedetalborjt.com\/#website","url":"https:\/\/paragaleriedetalborjt.com\/","name":"paragaleriedetalborjt","description":"","potentialAction":[{"@type":"SearchAction","target":{"@type":"EntryPoint","urlTemplate":"https:\/\/paragaleriedetalborjt.com\/?s={search_term_string}"},"query-input":{"@type":"PropertyValueSpecification","valueRequired":true,"valueName":"search_term_string"}}],"inLanguage":"en-US"}]}},"brands":[{"id":1912,"name":"BAMBO NATURE","slug":"bambo-nature"}],"_links":{"self":[{"href":"https:\/\/paragaleriedetalborjt.com\/en\/wp-json\/wp\/v2\/product\/49495","targetHints":{"allow":["GET"]}}],"collection":[{"href":"https:\/\/paragaleriedetalborjt.com\/en\/wp-json\/wp\/v2\/product"}],"about":[{"href":"https:\/\/paragaleriedetalborjt.com\/en\/wp-json\/wp\/v2\/types\/product"}],"replies":[{"embeddable":true,"href":"https:\/\/paragaleriedetalborjt.com\/en\/wp-json\/wp\/v2\/comments?post=49495"}],"version-history":[{"count":1,"href":"https:\/\/paragaleriedetalborjt.com\/en\/wp-json\/wp\/v2\/product\/49495\/revisions"}],"predecessor-version":[{"id":49497,"href":"https:\/\/paragaleriedetalborjt.com\/en\/wp-json\/wp\/v2\/product\/49495\/revisions\/49497"}],"wp:featuredmedia":[{"embeddable":true,"href":"https:\/\/paragaleriedetalborjt.com\/en\/wp-json\/wp\/v2\/media\/49496"}],"wp:attachment":[{"href":"https:\/\/paragaleriedetalborjt.com\/en\/wp-json\/wp\/v2\/media?parent=49495"}],"wp:term":[{"taxonomy":"pwb-brand","embeddable":true,"href":"https:\/\/paragaleriedetalborjt.com\/en\/wp-json\/wp\/v2\/pwb-brand?post=49495"},{"taxonomy":"product_cat","embeddable":true,"href":"https:\/\/paragaleriedetalborjt.com\/en\/wp-json\/wp\/v2\/product_cat?post=49495"},{"taxonomy":"product_tag","embeddable":true,"href":"https:\/\/paragaleriedetalborjt.com\/en\/wp-json\/wp\/v2\/product_tag?post=49495"}],"curies":[{"name":"wp","href":"https:\/\/api.w.org\/{rel}","templated":true}]}}