{"id":49492,"date":"2026-01-04T14:39:04","date_gmt":"2026-01-04T13:39:04","guid":{"rendered":"https:\/\/paragaleriedetalborjt.com\/?post_type=product&#038;p=49492"},"modified":"2026-01-04T14:39:04","modified_gmt":"2026-01-04T13:39:04","slug":"bambo-nature-culotte-dapprentissage-t4-l-7-14kg-20pcs","status":"publish","type":"product","link":"https:\/\/paragaleriedetalborjt.com\/en\/boutique\/bambo-nature-culotte-dapprentissage-t4-l-7-14kg-20pcs\/","title":{"rendered":"Bambo Nature culotte d\u2019apprentissage T4 L 7-14kg\/20pcs"},"content":{"rendered":"<div aria-labelledby=\"tab-title-description\" class=\"woocommerce-Tabs-panel woocommerce-Tabs-panel--description panel entry-content wc-tab\" id=\"tab-description\" role=\"tabpanel\" style=\"\">\n<h2>Description<\/h2>\n<p>En grandissant, l\u2019enfant va aborder l\u2019apprentissage de la propret\u00e9. Pour r\u00e9ussir cette transition, nous proposons les culottes d\u2019apprentissage (Pants) BAMBO Nature. Elles s\u2019enfilent comme un sous-v\u00eatement et aide l\u2019enfant \u00e0 se sentir grand.<\/p>\n<\/div>","protected":false},"excerpt":{"rendered":"<p>Highlights:Culottes anatomiques adapt\u00e9es \u00e0 la morphologie de chaque enfant et \u00e0 ses mouvements : r\u00e9duit le risque de fuitesCanaux absorbants pour drainer les liquides rapidement et \u00e0 distance de la peau de b\u00e9b\u00e9 : risque d\u2019\u00e9ryth\u00e8me fessier minimis\u00e9.C\u00f4t\u00e9s souples et faciles \u00e0 enlever et \u00e0 remettre, sans bruit, comme un sous v\u00eatement.C\u0153ur absorbant se g\u00e9lifie au contact de l\u2019humidit\u00e9 et neutralise l\u2019ammoniaque des selles : effet antiodeurs.Languette autocollante \u00e0 l\u2019arri\u00e8re pour maintenir la couche ferm\u00e9e apr\u00e8s son utilisationIndicateur d\u2019humidit\u00e9 indique quand votre b\u00e9b\u00e9 doit \u00eatre chang\u00e9 (du jaune au bleu en pr\u00e9sence d\u2019urine).Num\u00e9ro de lot inscrit sur la culotte, le paquet et le carton : une meilleure tra\u00e7abilit\u00e9<\/p>","protected":false},"featured_media":49493,"comment_status":"open","ping_status":"closed","template":"","meta":[],"pwb-brand":[1912],"product_cat":[16],"product_tag":[],"class_list":{"0":"post-49492","1":"product","2":"type-product","3":"status-publish","4":"has-post-thumbnail","6":"pwb-brand-bambo-nature","7":"product_cat-non-classe","8":"pa_brands-bambo-nature","10":"first","11":"instock","12":"sale","13":"shipping-taxable","14":"purchasable","15":"product-type-simple"},"yoast_head":"<!-- This site is optimized with the Yoast SEO plugin v27.5 - https:\/\/yoast.com\/product\/yoast-seo-wordpress\/ -->\n<title>Bambo Nature culotte d\u2019apprentissage T4 L 7-14kg\/20pcs - paragaleriedetalborjt<\/title>\n<meta name=\"robots\" content=\"index, follow, max-snippet:-1, max-image-preview:large, max-video-preview:-1\" \/>\n<link rel=\"canonical\" href=\"https:\/\/paragaleriedetalborjt.com\/en\/boutique\/bambo-nature-culotte-dapprentissage-t4-l-7-14kg-20pcs\/\" \/>\n<meta property=\"og:locale\" content=\"en_US\" \/>\n<meta property=\"og:type\" content=\"article\" \/>\n<meta property=\"og:title\" content=\"Bambo Nature culotte d\u2019apprentissage T4 L 7-14kg\/20pcs - paragaleriedetalborjt\" \/>\n<meta property=\"og:description\" content=\"Highlights:Culottes anatomiques adapt\u00e9es \u00e0 la morphologie de chaque enfant et \u00e0 ses mouvements : r\u00e9duit le risque de fuitesCanaux absorbants pour drainer les liquides rapidement et \u00e0 distance de la peau de b\u00e9b\u00e9 : risque d\u2019\u00e9ryth\u00e8me fessier minimis\u00e9.C\u00f4t\u00e9s souples et faciles \u00e0 enlever et \u00e0 remettre, sans bruit, comme un sous v\u00eatement.C\u0153ur absorbant se g\u00e9lifie au contact de l\u2019humidit\u00e9 et neutralise l\u2019ammoniaque des selles : effet antiodeurs.Languette autocollante \u00e0 l\u2019arri\u00e8re pour maintenir la couche ferm\u00e9e apr\u00e8s son utilisationIndicateur d\u2019humidit\u00e9 indique quand votre b\u00e9b\u00e9 doit \u00eatre chang\u00e9 (du jaune au bleu en pr\u00e9sence d\u2019urine).Num\u00e9ro de lot inscrit sur la culotte, le paquet et le carton : une meilleure tra\u00e7abilit\u00e9\" \/>\n<meta property=\"og:url\" content=\"https:\/\/paragaleriedetalborjt.com\/en\/boutique\/bambo-nature-culotte-dapprentissage-t4-l-7-14kg-20pcs\/\" \/>\n<meta property=\"og:site_name\" content=\"paragaleriedetalborjt\" \/>\n<meta property=\"og:image\" content=\"https:\/\/paragaleriedetalborjt.com\/wp-content\/uploads\/2026\/01\/bambo-nature-CULOTTES-l4.jpg\" \/>\n\t<meta property=\"og:image:width\" content=\"595\" \/>\n\t<meta property=\"og:image:height\" content=\"735\" \/>\n\t<meta property=\"og:image:type\" content=\"image\/jpeg\" \/>\n<meta name=\"twitter:card\" content=\"summary_large_image\" \/>\n<script type=\"application\/ld+json\" class=\"yoast-schema-graph\">{\"@context\":\"https:\\\/\\\/schema.org\",\"@graph\":[{\"@type\":\"WebPage\",\"@id\":\"https:\\\/\\\/paragaleriedetalborjt.com\\\/boutique\\\/bambo-nature-culotte-dapprentissage-t4-l-7-14kg-20pcs\\\/\",\"url\":\"https:\\\/\\\/paragaleriedetalborjt.com\\\/boutique\\\/bambo-nature-culotte-dapprentissage-t4-l-7-14kg-20pcs\\\/\",\"name\":\"Bambo Nature culotte d\u2019apprentissage T4 L 7-14kg\\\/20pcs - paragaleriedetalborjt\",\"isPartOf\":{\"@id\":\"https:\\\/\\\/paragaleriedetalborjt.com\\\/#website\"},\"primaryImageOfPage\":{\"@id\":\"https:\\\/\\\/paragaleriedetalborjt.com\\\/boutique\\\/bambo-nature-culotte-dapprentissage-t4-l-7-14kg-20pcs\\\/#primaryimage\"},\"image\":{\"@id\":\"https:\\\/\\\/paragaleriedetalborjt.com\\\/boutique\\\/bambo-nature-culotte-dapprentissage-t4-l-7-14kg-20pcs\\\/#primaryimage\"},\"thumbnailUrl\":\"https:\\\/\\\/paragaleriedetalborjt.com\\\/wp-content\\\/uploads\\\/2026\\\/01\\\/bambo-nature-CULOTTES-l4.jpg\",\"datePublished\":\"2026-01-04T13:39:04+00:00\",\"breadcrumb\":{\"@id\":\"https:\\\/\\\/paragaleriedetalborjt.com\\\/boutique\\\/bambo-nature-culotte-dapprentissage-t4-l-7-14kg-20pcs\\\/#breadcrumb\"},\"inLanguage\":\"en-US\",\"potentialAction\":[{\"@type\":\"ReadAction\",\"target\":[\"https:\\\/\\\/paragaleriedetalborjt.com\\\/boutique\\\/bambo-nature-culotte-dapprentissage-t4-l-7-14kg-20pcs\\\/\"]}]},{\"@type\":\"ImageObject\",\"inLanguage\":\"en-US\",\"@id\":\"https:\\\/\\\/paragaleriedetalborjt.com\\\/boutique\\\/bambo-nature-culotte-dapprentissage-t4-l-7-14kg-20pcs\\\/#primaryimage\",\"url\":\"https:\\\/\\\/paragaleriedetalborjt.com\\\/wp-content\\\/uploads\\\/2026\\\/01\\\/bambo-nature-CULOTTES-l4.jpg\",\"contentUrl\":\"https:\\\/\\\/paragaleriedetalborjt.com\\\/wp-content\\\/uploads\\\/2026\\\/01\\\/bambo-nature-CULOTTES-l4.jpg\",\"width\":595,\"height\":735},{\"@type\":\"BreadcrumbList\",\"@id\":\"https:\\\/\\\/paragaleriedetalborjt.com\\\/boutique\\\/bambo-nature-culotte-dapprentissage-t4-l-7-14kg-20pcs\\\/#breadcrumb\",\"itemListElement\":[{\"@type\":\"ListItem\",\"position\":1,\"name\":\"Accueil\",\"item\":\"https:\\\/\\\/paragaleriedetalborjt.com\\\/\"},{\"@type\":\"ListItem\",\"position\":2,\"name\":\"Boutique\",\"item\":\"https:\\\/\\\/paragaleriedetalborjt.com\\\/boutique\\\/\"},{\"@type\":\"ListItem\",\"position\":3,\"name\":\"Bambo Nature culotte d\u2019apprentissage T4 L 7-14kg\\\/20pcs\"}]},{\"@type\":\"WebSite\",\"@id\":\"https:\\\/\\\/paragaleriedetalborjt.com\\\/#website\",\"url\":\"https:\\\/\\\/paragaleriedetalborjt.com\\\/\",\"name\":\"paragaleriedetalborjt\",\"description\":\"\",\"potentialAction\":[{\"@type\":\"SearchAction\",\"target\":{\"@type\":\"EntryPoint\",\"urlTemplate\":\"https:\\\/\\\/paragaleriedetalborjt.com\\\/?s={search_term_string}\"},\"query-input\":{\"@type\":\"PropertyValueSpecification\",\"valueRequired\":true,\"valueName\":\"search_term_string\"}}],\"inLanguage\":\"en-US\"}]}<\/script>\n<!-- \/ Yoast SEO plugin. -->","yoast_head_json":{"title":"Bambo Nature culotte d\u2019apprentissage T4 L 7-14kg\/20pcs - paragaleriedetalborjt","robots":{"index":"index","follow":"follow","max-snippet":"max-snippet:-1","max-image-preview":"max-image-preview:large","max-video-preview":"max-video-preview:-1"},"canonical":"https:\/\/paragaleriedetalborjt.com\/en\/boutique\/bambo-nature-culotte-dapprentissage-t4-l-7-14kg-20pcs\/","og_locale":"en_US","og_type":"article","og_title":"Bambo Nature culotte d\u2019apprentissage T4 L 7-14kg\/20pcs - paragaleriedetalborjt","og_description":"Highlights:Culottes anatomiques adapt\u00e9es \u00e0 la morphologie de chaque enfant et \u00e0 ses mouvements : r\u00e9duit le risque de fuitesCanaux absorbants pour drainer les liquides rapidement et \u00e0 distance de la peau de b\u00e9b\u00e9 : risque d\u2019\u00e9ryth\u00e8me fessier minimis\u00e9.C\u00f4t\u00e9s souples et faciles \u00e0 enlever et \u00e0 remettre, sans bruit, comme un sous v\u00eatement.C\u0153ur absorbant se g\u00e9lifie au contact de l\u2019humidit\u00e9 et neutralise l\u2019ammoniaque des selles : effet antiodeurs.Languette autocollante \u00e0 l\u2019arri\u00e8re pour maintenir la couche ferm\u00e9e apr\u00e8s son utilisationIndicateur d\u2019humidit\u00e9 indique quand votre b\u00e9b\u00e9 doit \u00eatre chang\u00e9 (du jaune au bleu en pr\u00e9sence d\u2019urine).Num\u00e9ro de lot inscrit sur la culotte, le paquet et le carton : une meilleure tra\u00e7abilit\u00e9","og_url":"https:\/\/paragaleriedetalborjt.com\/en\/boutique\/bambo-nature-culotte-dapprentissage-t4-l-7-14kg-20pcs\/","og_site_name":"paragaleriedetalborjt","og_image":[{"width":595,"height":735,"url":"https:\/\/paragaleriedetalborjt.com\/wp-content\/uploads\/2026\/01\/bambo-nature-CULOTTES-l4.jpg","type":"image\/jpeg"}],"twitter_card":"summary_large_image","schema":{"@context":"https:\/\/schema.org","@graph":[{"@type":"WebPage","@id":"https:\/\/paragaleriedetalborjt.com\/boutique\/bambo-nature-culotte-dapprentissage-t4-l-7-14kg-20pcs\/","url":"https:\/\/paragaleriedetalborjt.com\/boutique\/bambo-nature-culotte-dapprentissage-t4-l-7-14kg-20pcs\/","name":"Bambo Nature culotte d\u2019apprentissage T4 L 7-14kg\/20pcs - paragaleriedetalborjt","isPartOf":{"@id":"https:\/\/paragaleriedetalborjt.com\/#website"},"primaryImageOfPage":{"@id":"https:\/\/paragaleriedetalborjt.com\/boutique\/bambo-nature-culotte-dapprentissage-t4-l-7-14kg-20pcs\/#primaryimage"},"image":{"@id":"https:\/\/paragaleriedetalborjt.com\/boutique\/bambo-nature-culotte-dapprentissage-t4-l-7-14kg-20pcs\/#primaryimage"},"thumbnailUrl":"https:\/\/paragaleriedetalborjt.com\/wp-content\/uploads\/2026\/01\/bambo-nature-CULOTTES-l4.jpg","datePublished":"2026-01-04T13:39:04+00:00","breadcrumb":{"@id":"https:\/\/paragaleriedetalborjt.com\/boutique\/bambo-nature-culotte-dapprentissage-t4-l-7-14kg-20pcs\/#breadcrumb"},"inLanguage":"en-US","potentialAction":[{"@type":"ReadAction","target":["https:\/\/paragaleriedetalborjt.com\/boutique\/bambo-nature-culotte-dapprentissage-t4-l-7-14kg-20pcs\/"]}]},{"@type":"ImageObject","inLanguage":"en-US","@id":"https:\/\/paragaleriedetalborjt.com\/boutique\/bambo-nature-culotte-dapprentissage-t4-l-7-14kg-20pcs\/#primaryimage","url":"https:\/\/paragaleriedetalborjt.com\/wp-content\/uploads\/2026\/01\/bambo-nature-CULOTTES-l4.jpg","contentUrl":"https:\/\/paragaleriedetalborjt.com\/wp-content\/uploads\/2026\/01\/bambo-nature-CULOTTES-l4.jpg","width":595,"height":735},{"@type":"BreadcrumbList","@id":"https:\/\/paragaleriedetalborjt.com\/boutique\/bambo-nature-culotte-dapprentissage-t4-l-7-14kg-20pcs\/#breadcrumb","itemListElement":[{"@type":"ListItem","position":1,"name":"Accueil","item":"https:\/\/paragaleriedetalborjt.com\/"},{"@type":"ListItem","position":2,"name":"Boutique","item":"https:\/\/paragaleriedetalborjt.com\/boutique\/"},{"@type":"ListItem","position":3,"name":"Bambo Nature culotte d\u2019apprentissage T4 L 7-14kg\/20pcs"}]},{"@type":"WebSite","@id":"https:\/\/paragaleriedetalborjt.com\/#website","url":"https:\/\/paragaleriedetalborjt.com\/","name":"paragaleriedetalborjt","description":"","potentialAction":[{"@type":"SearchAction","target":{"@type":"EntryPoint","urlTemplate":"https:\/\/paragaleriedetalborjt.com\/?s={search_term_string}"},"query-input":{"@type":"PropertyValueSpecification","valueRequired":true,"valueName":"search_term_string"}}],"inLanguage":"en-US"}]}},"brands":[{"id":1912,"name":"BAMBO NATURE","slug":"bambo-nature"}],"_links":{"self":[{"href":"https:\/\/paragaleriedetalborjt.com\/en\/wp-json\/wp\/v2\/product\/49492","targetHints":{"allow":["GET"]}}],"collection":[{"href":"https:\/\/paragaleriedetalborjt.com\/en\/wp-json\/wp\/v2\/product"}],"about":[{"href":"https:\/\/paragaleriedetalborjt.com\/en\/wp-json\/wp\/v2\/types\/product"}],"replies":[{"embeddable":true,"href":"https:\/\/paragaleriedetalborjt.com\/en\/wp-json\/wp\/v2\/comments?post=49492"}],"version-history":[{"count":1,"href":"https:\/\/paragaleriedetalborjt.com\/en\/wp-json\/wp\/v2\/product\/49492\/revisions"}],"predecessor-version":[{"id":49494,"href":"https:\/\/paragaleriedetalborjt.com\/en\/wp-json\/wp\/v2\/product\/49492\/revisions\/49494"}],"wp:featuredmedia":[{"embeddable":true,"href":"https:\/\/paragaleriedetalborjt.com\/en\/wp-json\/wp\/v2\/media\/49493"}],"wp:attachment":[{"href":"https:\/\/paragaleriedetalborjt.com\/en\/wp-json\/wp\/v2\/media?parent=49492"}],"wp:term":[{"taxonomy":"pwb-brand","embeddable":true,"href":"https:\/\/paragaleriedetalborjt.com\/en\/wp-json\/wp\/v2\/pwb-brand?post=49492"},{"taxonomy":"product_cat","embeddable":true,"href":"https:\/\/paragaleriedetalborjt.com\/en\/wp-json\/wp\/v2\/product_cat?post=49492"},{"taxonomy":"product_tag","embeddable":true,"href":"https:\/\/paragaleriedetalborjt.com\/en\/wp-json\/wp\/v2\/product_tag?post=49492"}],"curies":[{"name":"wp","href":"https:\/\/api.w.org\/{rel}","templated":true}]}}