{"id":49486,"date":"2026-01-04T14:38:48","date_gmt":"2026-01-04T13:38:48","guid":{"rendered":"https:\/\/paragaleriedetalborjt.com\/?post_type=product&#038;p=49486"},"modified":"2026-01-04T14:38:48","modified_gmt":"2026-01-04T13:38:48","slug":"gifrer-bicare-plus-poudre-blancheur-60g","status":"publish","type":"product","link":"https:\/\/paragaleriedetalborjt.com\/en\/boutique\/gifrer-bicare-plus-poudre-blancheur-60g\/","title":{"rendered":"Gifrer bicare plus Poudre Blancheur 60g"},"content":{"rendered":"<div aria-labelledby=\"tab-title-description\" class=\"woocommerce-Tabs-panel woocommerce-Tabs-panel--description panel entry-content wc-tab\" id=\"tab-description\" role=\"tabpanel\" style=\"\">\n<h2>Description<\/h2>\n<p>La\u00a0<strong>poudre double action Gifrer Bicare Plus<\/strong>\u00a0est con\u00e7ue pour\u00a0<strong>accompagner l\u2019action des produits habituellement utilis\u00e9s pour une bonne hygi\u00e8ne bucco-dentaire<\/strong>. Elle est menthol\u00e9e pour garder la sensation d\u2019une haleine fra\u00eeche et peut convenir ponctuellement en remplacement du dentifrice ou du bain de bouche.<\/p>\n<p>Cette poudre double action Gifrer Bicare Plus favorise l\u2019\u00e9limination de la plaque dentaire, du tartre et peut m\u00eame tonifier les gencives. Elle pr\u00e9vient ainsi la prolif\u00e9ration bact\u00e9rienne et aide \u00e0 \u00e9viter la formation de carie.<\/p>\n<p>Elle contient deux actifs, le bicarbonate de sodium et la brom\u00e9la\u00efne, qui agissent en synergie pour obtenir une double action blanchissante et anti-tartre.<\/p>\n<p>Le\u00a0<strong>bicarbonate de soude<\/strong>\u00a0est reconnu pour ses propri\u00e9t\u00e9s nettoyantes et blanchissantes. Il permet d\u2019enlever les taches jaunes des dents (ce qui est particuli\u00e8rement int\u00e9ressant pour les fumeurs ou les buveurs de caf\u00e9 et de th\u00e9) et agit comme un antiseptique contre les aphtes et les mycoses des muqueuses de la bouche. Ce n\u2019est pas un actif agressif\u00a0: il neutralise seulement l\u2019acidit\u00e9 provoqu\u00e9e par les bact\u00e9ries.<\/p>\n<p>La\u00a0<strong>brom\u00e9la\u00efne<\/strong>\u00a0aide \u00e0 redonner de la blancheur aux dents et att\u00e9nue le tartre et la plaque dentaire.<\/p>\n<p>Cette poudre est un tr\u00e8s bon alli\u00e9 au quotidien et peut \u00eatre emport\u00e9e partout avec vous.<\/p>\n<\/div>","protected":false},"excerpt":{"rendered":"<p>Highlights:Blanchissante et anti-plaque, anti tartre<\/p>","protected":false},"featured_media":49487,"comment_status":"open","ping_status":"closed","template":"","meta":[],"pwb-brand":[1900],"product_cat":[16],"product_tag":[],"class_list":{"0":"post-49486","1":"product","2":"type-product","3":"status-publish","4":"has-post-thumbnail","6":"pwb-brand-gifrer","7":"product_cat-non-classe","8":"pa_brands-gifrer","10":"first","11":"instock","12":"sale","13":"shipping-taxable","14":"purchasable","15":"product-type-simple"},"yoast_head":"<!-- This site is optimized with the Yoast SEO plugin v27.5 - https:\/\/yoast.com\/product\/yoast-seo-wordpress\/ -->\n<title>Gifrer bicare plus Poudre Blancheur 60g - paragaleriedetalborjt<\/title>\n<meta name=\"robots\" content=\"index, follow, max-snippet:-1, max-image-preview:large, max-video-preview:-1\" \/>\n<link rel=\"canonical\" href=\"https:\/\/paragaleriedetalborjt.com\/en\/boutique\/gifrer-bicare-plus-poudre-blancheur-60g\/\" \/>\n<meta property=\"og:locale\" content=\"en_US\" \/>\n<meta property=\"og:type\" content=\"article\" \/>\n<meta property=\"og:title\" content=\"Gifrer bicare plus Poudre Blancheur 60g - paragaleriedetalborjt\" \/>\n<meta property=\"og:description\" content=\"Highlights:Blanchissante et anti-plaque, anti tartre\" \/>\n<meta property=\"og:url\" content=\"https:\/\/paragaleriedetalborjt.com\/en\/boutique\/gifrer-bicare-plus-poudre-blancheur-60g\/\" \/>\n<meta property=\"og:site_name\" content=\"paragaleriedetalborjt\" \/>\n<meta property=\"og:image\" content=\"https:\/\/paragaleriedetalborjt.com\/wp-content\/uploads\/2026\/01\/gifrer-bicare-plus-poudre-double-action-60-g-face.jpg\" \/>\n\t<meta property=\"og:image:width\" content=\"595\" \/>\n\t<meta property=\"og:image:height\" content=\"655\" \/>\n\t<meta property=\"og:image:type\" content=\"image\/jpeg\" \/>\n<meta name=\"twitter:card\" content=\"summary_large_image\" \/>\n<meta name=\"twitter:label1\" content=\"Est. reading time\" \/>\n\t<meta name=\"twitter:data1\" content=\"1 minute\" \/>\n<script type=\"application\/ld+json\" class=\"yoast-schema-graph\">{\"@context\":\"https:\\\/\\\/schema.org\",\"@graph\":[{\"@type\":\"WebPage\",\"@id\":\"https:\\\/\\\/paragaleriedetalborjt.com\\\/boutique\\\/gifrer-bicare-plus-poudre-blancheur-60g\\\/\",\"url\":\"https:\\\/\\\/paragaleriedetalborjt.com\\\/boutique\\\/gifrer-bicare-plus-poudre-blancheur-60g\\\/\",\"name\":\"Gifrer bicare plus Poudre Blancheur 60g - paragaleriedetalborjt\",\"isPartOf\":{\"@id\":\"https:\\\/\\\/paragaleriedetalborjt.com\\\/#website\"},\"primaryImageOfPage\":{\"@id\":\"https:\\\/\\\/paragaleriedetalborjt.com\\\/boutique\\\/gifrer-bicare-plus-poudre-blancheur-60g\\\/#primaryimage\"},\"image\":{\"@id\":\"https:\\\/\\\/paragaleriedetalborjt.com\\\/boutique\\\/gifrer-bicare-plus-poudre-blancheur-60g\\\/#primaryimage\"},\"thumbnailUrl\":\"https:\\\/\\\/paragaleriedetalborjt.com\\\/wp-content\\\/uploads\\\/2026\\\/01\\\/gifrer-bicare-plus-poudre-double-action-60-g-face.jpg\",\"datePublished\":\"2026-01-04T13:38:48+00:00\",\"breadcrumb\":{\"@id\":\"https:\\\/\\\/paragaleriedetalborjt.com\\\/boutique\\\/gifrer-bicare-plus-poudre-blancheur-60g\\\/#breadcrumb\"},\"inLanguage\":\"en-US\",\"potentialAction\":[{\"@type\":\"ReadAction\",\"target\":[\"https:\\\/\\\/paragaleriedetalborjt.com\\\/boutique\\\/gifrer-bicare-plus-poudre-blancheur-60g\\\/\"]}]},{\"@type\":\"ImageObject\",\"inLanguage\":\"en-US\",\"@id\":\"https:\\\/\\\/paragaleriedetalborjt.com\\\/boutique\\\/gifrer-bicare-plus-poudre-blancheur-60g\\\/#primaryimage\",\"url\":\"https:\\\/\\\/paragaleriedetalborjt.com\\\/wp-content\\\/uploads\\\/2026\\\/01\\\/gifrer-bicare-plus-poudre-double-action-60-g-face.jpg\",\"contentUrl\":\"https:\\\/\\\/paragaleriedetalborjt.com\\\/wp-content\\\/uploads\\\/2026\\\/01\\\/gifrer-bicare-plus-poudre-double-action-60-g-face.jpg\",\"width\":595,\"height\":655},{\"@type\":\"BreadcrumbList\",\"@id\":\"https:\\\/\\\/paragaleriedetalborjt.com\\\/boutique\\\/gifrer-bicare-plus-poudre-blancheur-60g\\\/#breadcrumb\",\"itemListElement\":[{\"@type\":\"ListItem\",\"position\":1,\"name\":\"Accueil\",\"item\":\"https:\\\/\\\/paragaleriedetalborjt.com\\\/\"},{\"@type\":\"ListItem\",\"position\":2,\"name\":\"Boutique\",\"item\":\"https:\\\/\\\/paragaleriedetalborjt.com\\\/boutique\\\/\"},{\"@type\":\"ListItem\",\"position\":3,\"name\":\"Gifrer bicare plus Poudre Blancheur 60g\"}]},{\"@type\":\"WebSite\",\"@id\":\"https:\\\/\\\/paragaleriedetalborjt.com\\\/#website\",\"url\":\"https:\\\/\\\/paragaleriedetalborjt.com\\\/\",\"name\":\"paragaleriedetalborjt\",\"description\":\"\",\"potentialAction\":[{\"@type\":\"SearchAction\",\"target\":{\"@type\":\"EntryPoint\",\"urlTemplate\":\"https:\\\/\\\/paragaleriedetalborjt.com\\\/?s={search_term_string}\"},\"query-input\":{\"@type\":\"PropertyValueSpecification\",\"valueRequired\":true,\"valueName\":\"search_term_string\"}}],\"inLanguage\":\"en-US\"}]}<\/script>\n<!-- \/ Yoast SEO plugin. -->","yoast_head_json":{"title":"Gifrer bicare plus Poudre Blancheur 60g - paragaleriedetalborjt","robots":{"index":"index","follow":"follow","max-snippet":"max-snippet:-1","max-image-preview":"max-image-preview:large","max-video-preview":"max-video-preview:-1"},"canonical":"https:\/\/paragaleriedetalborjt.com\/en\/boutique\/gifrer-bicare-plus-poudre-blancheur-60g\/","og_locale":"en_US","og_type":"article","og_title":"Gifrer bicare plus Poudre Blancheur 60g - paragaleriedetalborjt","og_description":"Highlights:Blanchissante et anti-plaque, anti tartre","og_url":"https:\/\/paragaleriedetalborjt.com\/en\/boutique\/gifrer-bicare-plus-poudre-blancheur-60g\/","og_site_name":"paragaleriedetalborjt","og_image":[{"width":595,"height":655,"url":"https:\/\/paragaleriedetalborjt.com\/wp-content\/uploads\/2026\/01\/gifrer-bicare-plus-poudre-double-action-60-g-face.jpg","type":"image\/jpeg"}],"twitter_card":"summary_large_image","twitter_misc":{"Est. reading time":"1 minute"},"schema":{"@context":"https:\/\/schema.org","@graph":[{"@type":"WebPage","@id":"https:\/\/paragaleriedetalborjt.com\/boutique\/gifrer-bicare-plus-poudre-blancheur-60g\/","url":"https:\/\/paragaleriedetalborjt.com\/boutique\/gifrer-bicare-plus-poudre-blancheur-60g\/","name":"Gifrer bicare plus Poudre Blancheur 60g - paragaleriedetalborjt","isPartOf":{"@id":"https:\/\/paragaleriedetalborjt.com\/#website"},"primaryImageOfPage":{"@id":"https:\/\/paragaleriedetalborjt.com\/boutique\/gifrer-bicare-plus-poudre-blancheur-60g\/#primaryimage"},"image":{"@id":"https:\/\/paragaleriedetalborjt.com\/boutique\/gifrer-bicare-plus-poudre-blancheur-60g\/#primaryimage"},"thumbnailUrl":"https:\/\/paragaleriedetalborjt.com\/wp-content\/uploads\/2026\/01\/gifrer-bicare-plus-poudre-double-action-60-g-face.jpg","datePublished":"2026-01-04T13:38:48+00:00","breadcrumb":{"@id":"https:\/\/paragaleriedetalborjt.com\/boutique\/gifrer-bicare-plus-poudre-blancheur-60g\/#breadcrumb"},"inLanguage":"en-US","potentialAction":[{"@type":"ReadAction","target":["https:\/\/paragaleriedetalborjt.com\/boutique\/gifrer-bicare-plus-poudre-blancheur-60g\/"]}]},{"@type":"ImageObject","inLanguage":"en-US","@id":"https:\/\/paragaleriedetalborjt.com\/boutique\/gifrer-bicare-plus-poudre-blancheur-60g\/#primaryimage","url":"https:\/\/paragaleriedetalborjt.com\/wp-content\/uploads\/2026\/01\/gifrer-bicare-plus-poudre-double-action-60-g-face.jpg","contentUrl":"https:\/\/paragaleriedetalborjt.com\/wp-content\/uploads\/2026\/01\/gifrer-bicare-plus-poudre-double-action-60-g-face.jpg","width":595,"height":655},{"@type":"BreadcrumbList","@id":"https:\/\/paragaleriedetalborjt.com\/boutique\/gifrer-bicare-plus-poudre-blancheur-60g\/#breadcrumb","itemListElement":[{"@type":"ListItem","position":1,"name":"Accueil","item":"https:\/\/paragaleriedetalborjt.com\/"},{"@type":"ListItem","position":2,"name":"Boutique","item":"https:\/\/paragaleriedetalborjt.com\/boutique\/"},{"@type":"ListItem","position":3,"name":"Gifrer bicare plus Poudre Blancheur 60g"}]},{"@type":"WebSite","@id":"https:\/\/paragaleriedetalborjt.com\/#website","url":"https:\/\/paragaleriedetalborjt.com\/","name":"paragaleriedetalborjt","description":"","potentialAction":[{"@type":"SearchAction","target":{"@type":"EntryPoint","urlTemplate":"https:\/\/paragaleriedetalborjt.com\/?s={search_term_string}"},"query-input":{"@type":"PropertyValueSpecification","valueRequired":true,"valueName":"search_term_string"}}],"inLanguage":"en-US"}]}},"brands":[{"id":1900,"name":"GIFRER","slug":"gifrer"}],"_links":{"self":[{"href":"https:\/\/paragaleriedetalborjt.com\/en\/wp-json\/wp\/v2\/product\/49486","targetHints":{"allow":["GET"]}}],"collection":[{"href":"https:\/\/paragaleriedetalborjt.com\/en\/wp-json\/wp\/v2\/product"}],"about":[{"href":"https:\/\/paragaleriedetalborjt.com\/en\/wp-json\/wp\/v2\/types\/product"}],"replies":[{"embeddable":true,"href":"https:\/\/paragaleriedetalborjt.com\/en\/wp-json\/wp\/v2\/comments?post=49486"}],"version-history":[{"count":1,"href":"https:\/\/paragaleriedetalborjt.com\/en\/wp-json\/wp\/v2\/product\/49486\/revisions"}],"predecessor-version":[{"id":49488,"href":"https:\/\/paragaleriedetalborjt.com\/en\/wp-json\/wp\/v2\/product\/49486\/revisions\/49488"}],"wp:featuredmedia":[{"embeddable":true,"href":"https:\/\/paragaleriedetalborjt.com\/en\/wp-json\/wp\/v2\/media\/49487"}],"wp:attachment":[{"href":"https:\/\/paragaleriedetalborjt.com\/en\/wp-json\/wp\/v2\/media?parent=49486"}],"wp:term":[{"taxonomy":"pwb-brand","embeddable":true,"href":"https:\/\/paragaleriedetalborjt.com\/en\/wp-json\/wp\/v2\/pwb-brand?post=49486"},{"taxonomy":"product_cat","embeddable":true,"href":"https:\/\/paragaleriedetalborjt.com\/en\/wp-json\/wp\/v2\/product_cat?post=49486"},{"taxonomy":"product_tag","embeddable":true,"href":"https:\/\/paragaleriedetalborjt.com\/en\/wp-json\/wp\/v2\/product_tag?post=49486"}],"curies":[{"name":"wp","href":"https:\/\/api.w.org\/{rel}","templated":true}]}}