{"id":49243,"date":"2026-01-04T02:34:40","date_gmt":"2026-01-04T01:34:40","guid":{"rendered":"https:\/\/paragaleriedetalborjt.com\/?post_type=product&#038;p=49243"},"modified":"2026-01-04T14:37:02","modified_gmt":"2026-01-04T13:37:02","slug":"urgo-strapping-2-5m10cm","status":"publish","type":"product","link":"https:\/\/paragaleriedetalborjt.com\/en\/boutique\/urgo-strapping-2-5m10cm\/","title":{"rendered":"Urgo Strapping 2.5M*10Cm"},"content":{"rendered":"<div aria-labelledby=\"tab-title-description\" class=\"woocommerce-Tabs-panel woocommerce-Tabs-panel--description panel entry-content wc-tab\" id=\"tab-description\" role=\"tabpanel\" style=\"\">\n<h2>Description<\/h2>\n<p>La\u00a0<strong>bande de strapping\u00a0<\/strong>de la marque\u00a0<strong>Urgo\u00a0<\/strong>est id\u00e9ale suite \u00e0 un traumatisme, une entorse, un claquage ou pour le maintien des zones fragilis\u00e9es. Urgo strapping\u00a0<strong>maintient les articulations<\/strong>\u00a0qui en ont besoin pour vous permettre de reprendre vos activit\u00e9s. Il s\u2019adapte parfaitement aux mouvements et laisse respirer la peau.<\/p>\n<p>Urgo strapping est sans latex et sa texture tr\u00e8s \u00e9lastique l\u00e9g\u00e8rement adh\u00e9sive lui permet de se poser tr\u00e8s facilement sur la zone fragilis\u00e9e et d\u2019\u00eatre r\u00e9ajust\u00e9e \u00e0 tout moment. Cette bande adh\u00e9sive s\u2019adapte parfaitement aux contours anatomiques.<\/p>\n<p><strong><u>Composition<\/u>\u00a0:\u00a0<\/strong>Bande \u00e9lastique tiss\u00e9e enduite d\u2019une masse adh\u00e9sive \u00e9lastom\u00e8rique sans solvant.<\/p>\n<\/div>","protected":false},"excerpt":{"rendered":"<p>Highlights:Urgo Strapping bande adh\u00e9sive de contention<\/p>","protected":false},"featured_media":49244,"comment_status":"open","ping_status":"closed","template":"","meta":[],"pwb-brand":[1674],"product_cat":[16],"product_tag":[],"class_list":{"0":"post-49243","1":"product","2":"type-product","3":"status-publish","4":"has-post-thumbnail","6":"pwb-brand-urgo","7":"product_cat-non-classe","8":"pa_brands-urgo","10":"first","11":"instock","12":"sale","13":"shipping-taxable","14":"purchasable","15":"product-type-simple"},"yoast_head":"<!-- This site is optimized with the Yoast SEO plugin v27.5 - https:\/\/yoast.com\/product\/yoast-seo-wordpress\/ -->\n<title>Urgo Strapping 2.5M*10Cm - paragaleriedetalborjt<\/title>\n<meta name=\"robots\" content=\"index, follow, max-snippet:-1, max-image-preview:large, max-video-preview:-1\" \/>\n<link rel=\"canonical\" href=\"https:\/\/paragaleriedetalborjt.com\/en\/boutique\/urgo-strapping-2-5m10cm\/\" \/>\n<meta property=\"og:locale\" content=\"en_US\" \/>\n<meta property=\"og:type\" content=\"article\" \/>\n<meta property=\"og:title\" content=\"Urgo Strapping 2.5M*10Cm - paragaleriedetalborjt\" \/>\n<meta property=\"og:description\" content=\"Highlights:Urgo Strapping bande adh\u00e9sive de contention\" \/>\n<meta property=\"og:url\" content=\"https:\/\/paragaleriedetalborjt.com\/en\/boutique\/urgo-strapping-2-5m10cm\/\" \/>\n<meta property=\"og:site_name\" content=\"paragaleriedetalborjt\" \/>\n<meta property=\"article:modified_time\" content=\"2026-01-04T13:37:02+00:00\" \/>\n<meta property=\"og:image\" content=\"https:\/\/paragaleriedetalborjt.com\/wp-content\/uploads\/2026\/01\/urgo-douleurs-strapping.jpg\" \/>\n\t<meta property=\"og:image:width\" content=\"595\" \/>\n\t<meta property=\"og:image:height\" content=\"655\" \/>\n\t<meta property=\"og:image:type\" content=\"image\/jpeg\" \/>\n<meta name=\"twitter:card\" content=\"summary_large_image\" \/>\n<meta name=\"twitter:label1\" content=\"Est. reading time\" \/>\n\t<meta name=\"twitter:data1\" content=\"1 minute\" \/>\n<script type=\"application\/ld+json\" class=\"yoast-schema-graph\">{\"@context\":\"https:\\\/\\\/schema.org\",\"@graph\":[{\"@type\":\"WebPage\",\"@id\":\"https:\\\/\\\/paragaleriedetalborjt.com\\\/boutique\\\/urgo-strapping-2-5m10cm\\\/\",\"url\":\"https:\\\/\\\/paragaleriedetalborjt.com\\\/boutique\\\/urgo-strapping-2-5m10cm\\\/\",\"name\":\"Urgo Strapping 2.5M*10Cm - paragaleriedetalborjt\",\"isPartOf\":{\"@id\":\"https:\\\/\\\/paragaleriedetalborjt.com\\\/#website\"},\"primaryImageOfPage\":{\"@id\":\"https:\\\/\\\/paragaleriedetalborjt.com\\\/boutique\\\/urgo-strapping-2-5m10cm\\\/#primaryimage\"},\"image\":{\"@id\":\"https:\\\/\\\/paragaleriedetalborjt.com\\\/boutique\\\/urgo-strapping-2-5m10cm\\\/#primaryimage\"},\"thumbnailUrl\":\"https:\\\/\\\/paragaleriedetalborjt.com\\\/wp-content\\\/uploads\\\/2026\\\/01\\\/urgo-douleurs-strapping.jpg\",\"datePublished\":\"2026-01-04T01:34:40+00:00\",\"dateModified\":\"2026-01-04T13:37:02+00:00\",\"breadcrumb\":{\"@id\":\"https:\\\/\\\/paragaleriedetalborjt.com\\\/boutique\\\/urgo-strapping-2-5m10cm\\\/#breadcrumb\"},\"inLanguage\":\"en-US\",\"potentialAction\":[{\"@type\":\"ReadAction\",\"target\":[\"https:\\\/\\\/paragaleriedetalborjt.com\\\/boutique\\\/urgo-strapping-2-5m10cm\\\/\"]}]},{\"@type\":\"ImageObject\",\"inLanguage\":\"en-US\",\"@id\":\"https:\\\/\\\/paragaleriedetalborjt.com\\\/boutique\\\/urgo-strapping-2-5m10cm\\\/#primaryimage\",\"url\":\"https:\\\/\\\/paragaleriedetalborjt.com\\\/wp-content\\\/uploads\\\/2026\\\/01\\\/urgo-douleurs-strapping.jpg\",\"contentUrl\":\"https:\\\/\\\/paragaleriedetalborjt.com\\\/wp-content\\\/uploads\\\/2026\\\/01\\\/urgo-douleurs-strapping.jpg\",\"width\":595,\"height\":655},{\"@type\":\"BreadcrumbList\",\"@id\":\"https:\\\/\\\/paragaleriedetalborjt.com\\\/boutique\\\/urgo-strapping-2-5m10cm\\\/#breadcrumb\",\"itemListElement\":[{\"@type\":\"ListItem\",\"position\":1,\"name\":\"Accueil\",\"item\":\"https:\\\/\\\/paragaleriedetalborjt.com\\\/\"},{\"@type\":\"ListItem\",\"position\":2,\"name\":\"Boutique\",\"item\":\"https:\\\/\\\/paragaleriedetalborjt.com\\\/boutique\\\/\"},{\"@type\":\"ListItem\",\"position\":3,\"name\":\"Urgo Strapping 2.5M*10Cm\"}]},{\"@type\":\"WebSite\",\"@id\":\"https:\\\/\\\/paragaleriedetalborjt.com\\\/#website\",\"url\":\"https:\\\/\\\/paragaleriedetalborjt.com\\\/\",\"name\":\"paragaleriedetalborjt\",\"description\":\"\",\"potentialAction\":[{\"@type\":\"SearchAction\",\"target\":{\"@type\":\"EntryPoint\",\"urlTemplate\":\"https:\\\/\\\/paragaleriedetalborjt.com\\\/?s={search_term_string}\"},\"query-input\":{\"@type\":\"PropertyValueSpecification\",\"valueRequired\":true,\"valueName\":\"search_term_string\"}}],\"inLanguage\":\"en-US\"}]}<\/script>\n<!-- \/ Yoast SEO plugin. -->","yoast_head_json":{"title":"Urgo Strapping 2.5M*10Cm - paragaleriedetalborjt","robots":{"index":"index","follow":"follow","max-snippet":"max-snippet:-1","max-image-preview":"max-image-preview:large","max-video-preview":"max-video-preview:-1"},"canonical":"https:\/\/paragaleriedetalborjt.com\/en\/boutique\/urgo-strapping-2-5m10cm\/","og_locale":"en_US","og_type":"article","og_title":"Urgo Strapping 2.5M*10Cm - paragaleriedetalborjt","og_description":"Highlights:Urgo Strapping bande adh\u00e9sive de contention","og_url":"https:\/\/paragaleriedetalborjt.com\/en\/boutique\/urgo-strapping-2-5m10cm\/","og_site_name":"paragaleriedetalborjt","article_modified_time":"2026-01-04T13:37:02+00:00","og_image":[{"width":595,"height":655,"url":"https:\/\/paragaleriedetalborjt.com\/wp-content\/uploads\/2026\/01\/urgo-douleurs-strapping.jpg","type":"image\/jpeg"}],"twitter_card":"summary_large_image","twitter_misc":{"Est. reading time":"1 minute"},"schema":{"@context":"https:\/\/schema.org","@graph":[{"@type":"WebPage","@id":"https:\/\/paragaleriedetalborjt.com\/boutique\/urgo-strapping-2-5m10cm\/","url":"https:\/\/paragaleriedetalborjt.com\/boutique\/urgo-strapping-2-5m10cm\/","name":"Urgo Strapping 2.5M*10Cm - paragaleriedetalborjt","isPartOf":{"@id":"https:\/\/paragaleriedetalborjt.com\/#website"},"primaryImageOfPage":{"@id":"https:\/\/paragaleriedetalborjt.com\/boutique\/urgo-strapping-2-5m10cm\/#primaryimage"},"image":{"@id":"https:\/\/paragaleriedetalborjt.com\/boutique\/urgo-strapping-2-5m10cm\/#primaryimage"},"thumbnailUrl":"https:\/\/paragaleriedetalborjt.com\/wp-content\/uploads\/2026\/01\/urgo-douleurs-strapping.jpg","datePublished":"2026-01-04T01:34:40+00:00","dateModified":"2026-01-04T13:37:02+00:00","breadcrumb":{"@id":"https:\/\/paragaleriedetalborjt.com\/boutique\/urgo-strapping-2-5m10cm\/#breadcrumb"},"inLanguage":"en-US","potentialAction":[{"@type":"ReadAction","target":["https:\/\/paragaleriedetalborjt.com\/boutique\/urgo-strapping-2-5m10cm\/"]}]},{"@type":"ImageObject","inLanguage":"en-US","@id":"https:\/\/paragaleriedetalborjt.com\/boutique\/urgo-strapping-2-5m10cm\/#primaryimage","url":"https:\/\/paragaleriedetalborjt.com\/wp-content\/uploads\/2026\/01\/urgo-douleurs-strapping.jpg","contentUrl":"https:\/\/paragaleriedetalborjt.com\/wp-content\/uploads\/2026\/01\/urgo-douleurs-strapping.jpg","width":595,"height":655},{"@type":"BreadcrumbList","@id":"https:\/\/paragaleriedetalborjt.com\/boutique\/urgo-strapping-2-5m10cm\/#breadcrumb","itemListElement":[{"@type":"ListItem","position":1,"name":"Accueil","item":"https:\/\/paragaleriedetalborjt.com\/"},{"@type":"ListItem","position":2,"name":"Boutique","item":"https:\/\/paragaleriedetalborjt.com\/boutique\/"},{"@type":"ListItem","position":3,"name":"Urgo Strapping 2.5M*10Cm"}]},{"@type":"WebSite","@id":"https:\/\/paragaleriedetalborjt.com\/#website","url":"https:\/\/paragaleriedetalborjt.com\/","name":"paragaleriedetalborjt","description":"","potentialAction":[{"@type":"SearchAction","target":{"@type":"EntryPoint","urlTemplate":"https:\/\/paragaleriedetalborjt.com\/?s={search_term_string}"},"query-input":{"@type":"PropertyValueSpecification","valueRequired":true,"valueName":"search_term_string"}}],"inLanguage":"en-US"}]}},"brands":[{"id":1674,"name":"URGO","slug":"urgo"}],"_links":{"self":[{"href":"https:\/\/paragaleriedetalborjt.com\/en\/wp-json\/wp\/v2\/product\/49243","targetHints":{"allow":["GET"]}}],"collection":[{"href":"https:\/\/paragaleriedetalborjt.com\/en\/wp-json\/wp\/v2\/product"}],"about":[{"href":"https:\/\/paragaleriedetalborjt.com\/en\/wp-json\/wp\/v2\/types\/product"}],"replies":[{"embeddable":true,"href":"https:\/\/paragaleriedetalborjt.com\/en\/wp-json\/wp\/v2\/comments?post=49243"}],"version-history":[{"count":1,"href":"https:\/\/paragaleriedetalborjt.com\/en\/wp-json\/wp\/v2\/product\/49243\/revisions"}],"predecessor-version":[{"id":49245,"href":"https:\/\/paragaleriedetalborjt.com\/en\/wp-json\/wp\/v2\/product\/49243\/revisions\/49245"}],"wp:featuredmedia":[{"embeddable":true,"href":"https:\/\/paragaleriedetalborjt.com\/en\/wp-json\/wp\/v2\/media\/49244"}],"wp:attachment":[{"href":"https:\/\/paragaleriedetalborjt.com\/en\/wp-json\/wp\/v2\/media?parent=49243"}],"wp:term":[{"taxonomy":"pwb-brand","embeddable":true,"href":"https:\/\/paragaleriedetalborjt.com\/en\/wp-json\/wp\/v2\/pwb-brand?post=49243"},{"taxonomy":"product_cat","embeddable":true,"href":"https:\/\/paragaleriedetalborjt.com\/en\/wp-json\/wp\/v2\/product_cat?post=49243"},{"taxonomy":"product_tag","embeddable":true,"href":"https:\/\/paragaleriedetalborjt.com\/en\/wp-json\/wp\/v2\/product_tag?post=49243"}],"curies":[{"name":"wp","href":"https:\/\/api.w.org\/{rel}","templated":true}]}}