{"id":49228,"date":"2026-01-04T02:33:57","date_gmt":"2026-01-04T01:33:57","guid":{"rendered":"https:\/\/paragaleriedetalborjt.com\/?post_type=product&#038;p=49228"},"modified":"2026-01-04T14:36:59","modified_gmt":"2026-01-04T13:36:59","slug":"urgo-pansements-waterproof-assortis-boite-de-10","status":"publish","type":"product","link":"https:\/\/paragaleriedetalborjt.com\/en\/boutique\/urgo-pansements-waterproof-assortis-boite-de-10\/","title":{"rendered":"Urgo Pansements Waterproof Assortis Boite de 10"},"content":{"rendered":"<div aria-labelledby=\"tab-title-description\" class=\"woocommerce-Tabs-panel woocommerce-Tabs-panel--description panel entry-content wc-tab\" id=\"tab-description\" role=\"tabpanel\" style=\"\">\n<h2>Description<\/h2>\n<p>Film transparent extr\u00eamement souple, adh\u00e9sif des 4 c\u00f4t\u00e9s, Aquafilm est particuli\u00e8rement adapt\u00e9 pour les usages en milieu humide (mer, piscine, bain, douche\u2026).<\/p>\n<p><strong>Indications :<\/strong><\/p>\n<p>Film transparent extr\u00eamement souple, adh\u00e9sif des 4 c\u00f4t\u00e9s, Aquafilm est particuli\u00e8rement adapt\u00e9 pour les usages en milieu humide (mer, piscine, bain, douche\u2026).<br \/>\nMode d\u2019utilisation \/ Qualit\u00e9s<\/p>\n<p>Renouveler au moins 2 fois par jour.<br \/>\nGr\u00e2ce \u00e0 son support innovant, Aquafilm est imperm\u00e9able \u00e0 l\u2019eau et aux bact\u00e9ries, ce qui assure une protection optimale de la plaie, et perm\u00e9able \u00e0 l\u2019air, pour laisser la peau et la plaie respirer.<\/p>\n<\/div>","protected":false},"excerpt":{"rendered":"<p>Highlights:Etant extensible, Urgoderm suit tous les mouvements des articulationset les plis de la peausans risque de rupture, de d\u00e9collement ou de striction.<\/p>","protected":false},"featured_media":49229,"comment_status":"open","ping_status":"closed","template":"","meta":[],"pwb-brand":[1674],"product_cat":[16],"product_tag":[],"class_list":{"0":"post-49228","1":"product","2":"type-product","3":"status-publish","4":"has-post-thumbnail","6":"pwb-brand-urgo","7":"product_cat-non-classe","8":"pa_brands-urgo","10":"first","11":"instock","12":"sale","13":"shipping-taxable","14":"purchasable","15":"product-type-simple"},"yoast_head":"<!-- This site is optimized with the Yoast SEO plugin v27.5 - https:\/\/yoast.com\/product\/yoast-seo-wordpress\/ -->\n<title>Urgo Pansements Waterproof Assortis Boite de 10 - paragaleriedetalborjt<\/title>\n<meta name=\"robots\" content=\"index, follow, max-snippet:-1, max-image-preview:large, max-video-preview:-1\" \/>\n<link rel=\"canonical\" href=\"https:\/\/paragaleriedetalborjt.com\/en\/boutique\/urgo-pansements-waterproof-assortis-boite-de-10\/\" \/>\n<meta property=\"og:locale\" content=\"en_US\" \/>\n<meta property=\"og:type\" content=\"article\" \/>\n<meta property=\"og:title\" content=\"Urgo Pansements Waterproof Assortis Boite de 10 - paragaleriedetalborjt\" \/>\n<meta property=\"og:description\" content=\"Highlights:Etant extensible, Urgoderm suit tous les mouvements des articulationset les plis de la peausans risque de rupture, de d\u00e9collement ou de striction.\" \/>\n<meta property=\"og:url\" content=\"https:\/\/paragaleriedetalborjt.com\/en\/boutique\/urgo-pansements-waterproof-assortis-boite-de-10\/\" \/>\n<meta property=\"og:site_name\" content=\"paragaleriedetalborjt\" \/>\n<meta property=\"article:modified_time\" content=\"2026-01-04T13:36:59+00:00\" \/>\n<meta property=\"og:image\" content=\"https:\/\/paragaleriedetalborjt.com\/wp-content\/uploads\/2026\/01\/urgo-urgo-waterproof-insulating-film-10-pansements.jpg\" \/>\n\t<meta property=\"og:image:width\" content=\"595\" \/>\n\t<meta property=\"og:image:height\" content=\"655\" \/>\n\t<meta property=\"og:image:type\" content=\"image\/jpeg\" \/>\n<meta name=\"twitter:card\" content=\"summary_large_image\" \/>\n<meta name=\"twitter:label1\" content=\"Est. reading time\" \/>\n\t<meta name=\"twitter:data1\" content=\"1 minute\" \/>\n<script type=\"application\/ld+json\" class=\"yoast-schema-graph\">{\"@context\":\"https:\\\/\\\/schema.org\",\"@graph\":[{\"@type\":\"WebPage\",\"@id\":\"https:\\\/\\\/paragaleriedetalborjt.com\\\/boutique\\\/urgo-pansements-waterproof-assortis-boite-de-10\\\/\",\"url\":\"https:\\\/\\\/paragaleriedetalborjt.com\\\/boutique\\\/urgo-pansements-waterproof-assortis-boite-de-10\\\/\",\"name\":\"Urgo Pansements Waterproof Assortis Boite de 10 - paragaleriedetalborjt\",\"isPartOf\":{\"@id\":\"https:\\\/\\\/paragaleriedetalborjt.com\\\/#website\"},\"primaryImageOfPage\":{\"@id\":\"https:\\\/\\\/paragaleriedetalborjt.com\\\/boutique\\\/urgo-pansements-waterproof-assortis-boite-de-10\\\/#primaryimage\"},\"image\":{\"@id\":\"https:\\\/\\\/paragaleriedetalborjt.com\\\/boutique\\\/urgo-pansements-waterproof-assortis-boite-de-10\\\/#primaryimage\"},\"thumbnailUrl\":\"https:\\\/\\\/paragaleriedetalborjt.com\\\/wp-content\\\/uploads\\\/2026\\\/01\\\/urgo-urgo-waterproof-insulating-film-10-pansements.jpg\",\"datePublished\":\"2026-01-04T01:33:57+00:00\",\"dateModified\":\"2026-01-04T13:36:59+00:00\",\"breadcrumb\":{\"@id\":\"https:\\\/\\\/paragaleriedetalborjt.com\\\/boutique\\\/urgo-pansements-waterproof-assortis-boite-de-10\\\/#breadcrumb\"},\"inLanguage\":\"en-US\",\"potentialAction\":[{\"@type\":\"ReadAction\",\"target\":[\"https:\\\/\\\/paragaleriedetalborjt.com\\\/boutique\\\/urgo-pansements-waterproof-assortis-boite-de-10\\\/\"]}]},{\"@type\":\"ImageObject\",\"inLanguage\":\"en-US\",\"@id\":\"https:\\\/\\\/paragaleriedetalborjt.com\\\/boutique\\\/urgo-pansements-waterproof-assortis-boite-de-10\\\/#primaryimage\",\"url\":\"https:\\\/\\\/paragaleriedetalborjt.com\\\/wp-content\\\/uploads\\\/2026\\\/01\\\/urgo-urgo-waterproof-insulating-film-10-pansements.jpg\",\"contentUrl\":\"https:\\\/\\\/paragaleriedetalborjt.com\\\/wp-content\\\/uploads\\\/2026\\\/01\\\/urgo-urgo-waterproof-insulating-film-10-pansements.jpg\",\"width\":595,\"height\":655},{\"@type\":\"BreadcrumbList\",\"@id\":\"https:\\\/\\\/paragaleriedetalborjt.com\\\/boutique\\\/urgo-pansements-waterproof-assortis-boite-de-10\\\/#breadcrumb\",\"itemListElement\":[{\"@type\":\"ListItem\",\"position\":1,\"name\":\"Accueil\",\"item\":\"https:\\\/\\\/paragaleriedetalborjt.com\\\/\"},{\"@type\":\"ListItem\",\"position\":2,\"name\":\"Boutique\",\"item\":\"https:\\\/\\\/paragaleriedetalborjt.com\\\/boutique\\\/\"},{\"@type\":\"ListItem\",\"position\":3,\"name\":\"Urgo Pansements Waterproof Assortis Boite de 10\"}]},{\"@type\":\"WebSite\",\"@id\":\"https:\\\/\\\/paragaleriedetalborjt.com\\\/#website\",\"url\":\"https:\\\/\\\/paragaleriedetalborjt.com\\\/\",\"name\":\"paragaleriedetalborjt\",\"description\":\"\",\"potentialAction\":[{\"@type\":\"SearchAction\",\"target\":{\"@type\":\"EntryPoint\",\"urlTemplate\":\"https:\\\/\\\/paragaleriedetalborjt.com\\\/?s={search_term_string}\"},\"query-input\":{\"@type\":\"PropertyValueSpecification\",\"valueRequired\":true,\"valueName\":\"search_term_string\"}}],\"inLanguage\":\"en-US\"}]}<\/script>\n<!-- \/ Yoast SEO plugin. -->","yoast_head_json":{"title":"Urgo Pansements Waterproof Assortis Boite de 10 - paragaleriedetalborjt","robots":{"index":"index","follow":"follow","max-snippet":"max-snippet:-1","max-image-preview":"max-image-preview:large","max-video-preview":"max-video-preview:-1"},"canonical":"https:\/\/paragaleriedetalborjt.com\/en\/boutique\/urgo-pansements-waterproof-assortis-boite-de-10\/","og_locale":"en_US","og_type":"article","og_title":"Urgo Pansements Waterproof Assortis Boite de 10 - paragaleriedetalborjt","og_description":"Highlights:Etant extensible, Urgoderm suit tous les mouvements des articulationset les plis de la peausans risque de rupture, de d\u00e9collement ou de striction.","og_url":"https:\/\/paragaleriedetalborjt.com\/en\/boutique\/urgo-pansements-waterproof-assortis-boite-de-10\/","og_site_name":"paragaleriedetalborjt","article_modified_time":"2026-01-04T13:36:59+00:00","og_image":[{"width":595,"height":655,"url":"https:\/\/paragaleriedetalborjt.com\/wp-content\/uploads\/2026\/01\/urgo-urgo-waterproof-insulating-film-10-pansements.jpg","type":"image\/jpeg"}],"twitter_card":"summary_large_image","twitter_misc":{"Est. reading time":"1 minute"},"schema":{"@context":"https:\/\/schema.org","@graph":[{"@type":"WebPage","@id":"https:\/\/paragaleriedetalborjt.com\/boutique\/urgo-pansements-waterproof-assortis-boite-de-10\/","url":"https:\/\/paragaleriedetalborjt.com\/boutique\/urgo-pansements-waterproof-assortis-boite-de-10\/","name":"Urgo Pansements Waterproof Assortis Boite de 10 - paragaleriedetalborjt","isPartOf":{"@id":"https:\/\/paragaleriedetalborjt.com\/#website"},"primaryImageOfPage":{"@id":"https:\/\/paragaleriedetalborjt.com\/boutique\/urgo-pansements-waterproof-assortis-boite-de-10\/#primaryimage"},"image":{"@id":"https:\/\/paragaleriedetalborjt.com\/boutique\/urgo-pansements-waterproof-assortis-boite-de-10\/#primaryimage"},"thumbnailUrl":"https:\/\/paragaleriedetalborjt.com\/wp-content\/uploads\/2026\/01\/urgo-urgo-waterproof-insulating-film-10-pansements.jpg","datePublished":"2026-01-04T01:33:57+00:00","dateModified":"2026-01-04T13:36:59+00:00","breadcrumb":{"@id":"https:\/\/paragaleriedetalborjt.com\/boutique\/urgo-pansements-waterproof-assortis-boite-de-10\/#breadcrumb"},"inLanguage":"en-US","potentialAction":[{"@type":"ReadAction","target":["https:\/\/paragaleriedetalborjt.com\/boutique\/urgo-pansements-waterproof-assortis-boite-de-10\/"]}]},{"@type":"ImageObject","inLanguage":"en-US","@id":"https:\/\/paragaleriedetalborjt.com\/boutique\/urgo-pansements-waterproof-assortis-boite-de-10\/#primaryimage","url":"https:\/\/paragaleriedetalborjt.com\/wp-content\/uploads\/2026\/01\/urgo-urgo-waterproof-insulating-film-10-pansements.jpg","contentUrl":"https:\/\/paragaleriedetalborjt.com\/wp-content\/uploads\/2026\/01\/urgo-urgo-waterproof-insulating-film-10-pansements.jpg","width":595,"height":655},{"@type":"BreadcrumbList","@id":"https:\/\/paragaleriedetalborjt.com\/boutique\/urgo-pansements-waterproof-assortis-boite-de-10\/#breadcrumb","itemListElement":[{"@type":"ListItem","position":1,"name":"Accueil","item":"https:\/\/paragaleriedetalborjt.com\/"},{"@type":"ListItem","position":2,"name":"Boutique","item":"https:\/\/paragaleriedetalborjt.com\/boutique\/"},{"@type":"ListItem","position":3,"name":"Urgo Pansements Waterproof Assortis Boite de 10"}]},{"@type":"WebSite","@id":"https:\/\/paragaleriedetalborjt.com\/#website","url":"https:\/\/paragaleriedetalborjt.com\/","name":"paragaleriedetalborjt","description":"","potentialAction":[{"@type":"SearchAction","target":{"@type":"EntryPoint","urlTemplate":"https:\/\/paragaleriedetalborjt.com\/?s={search_term_string}"},"query-input":{"@type":"PropertyValueSpecification","valueRequired":true,"valueName":"search_term_string"}}],"inLanguage":"en-US"}]}},"brands":[{"id":1674,"name":"URGO","slug":"urgo"}],"_links":{"self":[{"href":"https:\/\/paragaleriedetalborjt.com\/en\/wp-json\/wp\/v2\/product\/49228","targetHints":{"allow":["GET"]}}],"collection":[{"href":"https:\/\/paragaleriedetalborjt.com\/en\/wp-json\/wp\/v2\/product"}],"about":[{"href":"https:\/\/paragaleriedetalborjt.com\/en\/wp-json\/wp\/v2\/types\/product"}],"replies":[{"embeddable":true,"href":"https:\/\/paragaleriedetalborjt.com\/en\/wp-json\/wp\/v2\/comments?post=49228"}],"version-history":[{"count":1,"href":"https:\/\/paragaleriedetalborjt.com\/en\/wp-json\/wp\/v2\/product\/49228\/revisions"}],"predecessor-version":[{"id":49230,"href":"https:\/\/paragaleriedetalborjt.com\/en\/wp-json\/wp\/v2\/product\/49228\/revisions\/49230"}],"wp:featuredmedia":[{"embeddable":true,"href":"https:\/\/paragaleriedetalborjt.com\/en\/wp-json\/wp\/v2\/media\/49229"}],"wp:attachment":[{"href":"https:\/\/paragaleriedetalborjt.com\/en\/wp-json\/wp\/v2\/media?parent=49228"}],"wp:term":[{"taxonomy":"pwb-brand","embeddable":true,"href":"https:\/\/paragaleriedetalborjt.com\/en\/wp-json\/wp\/v2\/pwb-brand?post=49228"},{"taxonomy":"product_cat","embeddable":true,"href":"https:\/\/paragaleriedetalborjt.com\/en\/wp-json\/wp\/v2\/product_cat?post=49228"},{"taxonomy":"product_tag","embeddable":true,"href":"https:\/\/paragaleriedetalborjt.com\/en\/wp-json\/wp\/v2\/product_tag?post=49228"}],"curies":[{"name":"wp","href":"https:\/\/api.w.org\/{rel}","templated":true}]}}