{"id":48961,"date":"2026-01-04T02:20:09","date_gmt":"2026-01-04T01:20:09","guid":{"rendered":"https:\/\/paragaleriedetalborjt.com\/?post_type=product&#038;p=48961"},"modified":"2026-01-04T14:36:11","modified_gmt":"2026-01-04T13:36:11","slug":"oral-b-recharges-pour-brosse-electrique-eb-20-2","status":"publish","type":"product","link":"https:\/\/paragaleriedetalborjt.com\/en\/boutique\/oral-b-recharges-pour-brosse-electrique-eb-20-2\/","title":{"rendered":"ORAL-B RECHARGES POUR BROSSE \u00c9LECTRIQUE EB 20-2"},"content":{"rendered":"<div aria-labelledby=\"tab-title-description\" class=\"woocommerce-Tabs-panel woocommerce-Tabs-panel--description panel entry-content wc-tab\" id=\"tab-description\" role=\"tabpanel\" style=\"\">\n<h2>Description<\/h2>\n<p>Pour utiliser une brosse \u00e0 dents \u00e9lectrique rechargeable, il suffit de mettre le dentifrice sur la brossette et de tenir la brosse inclin\u00e9e \u00e0 45\u00b0, comme vous le feriez s\u2019il s\u2019agissait d\u2019une brosse \u00e0 dents manuelle. Ensuite, mettez la brosse \u00e0 dents \u00e9lectrique rechargeable en marche et d\u00e9placez-la d\u2019une dent \u00e0 l\u2019autre. Les petites brossettes des brosses \u00e0 dents \u00e9lectriques rechargeables brossent normalement une dent \u00e0 la fois, selon la taille de vos dents. Guidez la brosse \u00e0 dents \u00e9lectrique le long des surfaces externes, puis internes et enfin sur les surfaces de mastication de vos dents. M\u00eame avec une brosse \u00e0 dents \u00e9lectrique rechargeable, vous devez vous brosser les dents pendant environ deux minutes pour veiller \u00e0 nettoyer chaque dent. Une fois le brossage termin\u00e9, rincez tout simplement la brossette \u00e0 l\u2019eau et laissez-la s\u00e9cher.<\/p>\n<\/div>","protected":false},"excerpt":{"rendered":"<p>Highlights:Oral-B precision clean 2 brossettes de rechange<\/p>","protected":false},"featured_media":48962,"comment_status":"open","ping_status":"closed","template":"","meta":[],"pwb-brand":[1922],"product_cat":[16],"product_tag":[],"class_list":{"0":"post-48961","1":"product","2":"type-product","3":"status-publish","4":"has-post-thumbnail","6":"pwb-brand-oral-b","7":"product_cat-non-classe","8":"pa_brands-oral-b","10":"first","11":"instock","12":"sale","13":"shipping-taxable","14":"purchasable","15":"product-type-simple"},"yoast_head":"<!-- This site is optimized with the Yoast SEO plugin v27.5 - https:\/\/yoast.com\/product\/yoast-seo-wordpress\/ -->\n<title>ORAL-B RECHARGES POUR BROSSE \u00c9LECTRIQUE EB 20-2 - paragaleriedetalborjt<\/title>\n<meta name=\"robots\" content=\"index, follow, max-snippet:-1, max-image-preview:large, max-video-preview:-1\" \/>\n<link rel=\"canonical\" href=\"https:\/\/paragaleriedetalborjt.com\/en\/boutique\/oral-b-recharges-pour-brosse-electrique-eb-20-2\/\" \/>\n<meta property=\"og:locale\" content=\"en_US\" \/>\n<meta property=\"og:type\" content=\"article\" \/>\n<meta property=\"og:title\" content=\"ORAL-B RECHARGES POUR BROSSE \u00c9LECTRIQUE EB 20-2 - paragaleriedetalborjt\" \/>\n<meta property=\"og:description\" content=\"Highlights:Oral-B precision clean 2 brossettes de rechange\" \/>\n<meta property=\"og:url\" content=\"https:\/\/paragaleriedetalborjt.com\/en\/boutique\/oral-b-recharges-pour-brosse-electrique-eb-20-2\/\" \/>\n<meta property=\"og:site_name\" content=\"paragaleriedetalborjt\" \/>\n<meta property=\"article:modified_time\" content=\"2026-01-04T13:36:11+00:00\" \/>\n<meta property=\"og:image\" content=\"https:\/\/paragaleriedetalborjt.com\/wp-content\/uploads\/2026\/01\/recharge-oralb.jpg\" \/>\n\t<meta property=\"og:image:width\" content=\"595\" \/>\n\t<meta property=\"og:image:height\" content=\"655\" \/>\n\t<meta property=\"og:image:type\" content=\"image\/jpeg\" \/>\n<meta name=\"twitter:card\" content=\"summary_large_image\" \/>\n<meta name=\"twitter:label1\" content=\"Est. reading time\" \/>\n\t<meta name=\"twitter:data1\" content=\"1 minute\" \/>\n<script type=\"application\/ld+json\" class=\"yoast-schema-graph\">{\"@context\":\"https:\\\/\\\/schema.org\",\"@graph\":[{\"@type\":\"WebPage\",\"@id\":\"https:\\\/\\\/paragaleriedetalborjt.com\\\/boutique\\\/oral-b-recharges-pour-brosse-electrique-eb-20-2\\\/\",\"url\":\"https:\\\/\\\/paragaleriedetalborjt.com\\\/boutique\\\/oral-b-recharges-pour-brosse-electrique-eb-20-2\\\/\",\"name\":\"ORAL-B RECHARGES POUR BROSSE \u00c9LECTRIQUE EB 20-2 - paragaleriedetalborjt\",\"isPartOf\":{\"@id\":\"https:\\\/\\\/paragaleriedetalborjt.com\\\/#website\"},\"primaryImageOfPage\":{\"@id\":\"https:\\\/\\\/paragaleriedetalborjt.com\\\/boutique\\\/oral-b-recharges-pour-brosse-electrique-eb-20-2\\\/#primaryimage\"},\"image\":{\"@id\":\"https:\\\/\\\/paragaleriedetalborjt.com\\\/boutique\\\/oral-b-recharges-pour-brosse-electrique-eb-20-2\\\/#primaryimage\"},\"thumbnailUrl\":\"https:\\\/\\\/paragaleriedetalborjt.com\\\/wp-content\\\/uploads\\\/2026\\\/01\\\/recharge-oralb.jpg\",\"datePublished\":\"2026-01-04T01:20:09+00:00\",\"dateModified\":\"2026-01-04T13:36:11+00:00\",\"breadcrumb\":{\"@id\":\"https:\\\/\\\/paragaleriedetalborjt.com\\\/boutique\\\/oral-b-recharges-pour-brosse-electrique-eb-20-2\\\/#breadcrumb\"},\"inLanguage\":\"en-US\",\"potentialAction\":[{\"@type\":\"ReadAction\",\"target\":[\"https:\\\/\\\/paragaleriedetalborjt.com\\\/boutique\\\/oral-b-recharges-pour-brosse-electrique-eb-20-2\\\/\"]}]},{\"@type\":\"ImageObject\",\"inLanguage\":\"en-US\",\"@id\":\"https:\\\/\\\/paragaleriedetalborjt.com\\\/boutique\\\/oral-b-recharges-pour-brosse-electrique-eb-20-2\\\/#primaryimage\",\"url\":\"https:\\\/\\\/paragaleriedetalborjt.com\\\/wp-content\\\/uploads\\\/2026\\\/01\\\/recharge-oralb.jpg\",\"contentUrl\":\"https:\\\/\\\/paragaleriedetalborjt.com\\\/wp-content\\\/uploads\\\/2026\\\/01\\\/recharge-oralb.jpg\",\"width\":595,\"height\":655},{\"@type\":\"BreadcrumbList\",\"@id\":\"https:\\\/\\\/paragaleriedetalborjt.com\\\/boutique\\\/oral-b-recharges-pour-brosse-electrique-eb-20-2\\\/#breadcrumb\",\"itemListElement\":[{\"@type\":\"ListItem\",\"position\":1,\"name\":\"Accueil\",\"item\":\"https:\\\/\\\/paragaleriedetalborjt.com\\\/\"},{\"@type\":\"ListItem\",\"position\":2,\"name\":\"Boutique\",\"item\":\"https:\\\/\\\/paragaleriedetalborjt.com\\\/boutique\\\/\"},{\"@type\":\"ListItem\",\"position\":3,\"name\":\"ORAL-B RECHARGES POUR BROSSE \u00c9LECTRIQUE EB 20-2\"}]},{\"@type\":\"WebSite\",\"@id\":\"https:\\\/\\\/paragaleriedetalborjt.com\\\/#website\",\"url\":\"https:\\\/\\\/paragaleriedetalborjt.com\\\/\",\"name\":\"paragaleriedetalborjt\",\"description\":\"\",\"potentialAction\":[{\"@type\":\"SearchAction\",\"target\":{\"@type\":\"EntryPoint\",\"urlTemplate\":\"https:\\\/\\\/paragaleriedetalborjt.com\\\/?s={search_term_string}\"},\"query-input\":{\"@type\":\"PropertyValueSpecification\",\"valueRequired\":true,\"valueName\":\"search_term_string\"}}],\"inLanguage\":\"en-US\"}]}<\/script>\n<!-- \/ Yoast SEO plugin. -->","yoast_head_json":{"title":"ORAL-B RECHARGES POUR BROSSE \u00c9LECTRIQUE EB 20-2 - paragaleriedetalborjt","robots":{"index":"index","follow":"follow","max-snippet":"max-snippet:-1","max-image-preview":"max-image-preview:large","max-video-preview":"max-video-preview:-1"},"canonical":"https:\/\/paragaleriedetalborjt.com\/en\/boutique\/oral-b-recharges-pour-brosse-electrique-eb-20-2\/","og_locale":"en_US","og_type":"article","og_title":"ORAL-B RECHARGES POUR BROSSE \u00c9LECTRIQUE EB 20-2 - paragaleriedetalborjt","og_description":"Highlights:Oral-B precision clean 2 brossettes de rechange","og_url":"https:\/\/paragaleriedetalborjt.com\/en\/boutique\/oral-b-recharges-pour-brosse-electrique-eb-20-2\/","og_site_name":"paragaleriedetalborjt","article_modified_time":"2026-01-04T13:36:11+00:00","og_image":[{"width":595,"height":655,"url":"https:\/\/paragaleriedetalborjt.com\/wp-content\/uploads\/2026\/01\/recharge-oralb.jpg","type":"image\/jpeg"}],"twitter_card":"summary_large_image","twitter_misc":{"Est. reading time":"1 minute"},"schema":{"@context":"https:\/\/schema.org","@graph":[{"@type":"WebPage","@id":"https:\/\/paragaleriedetalborjt.com\/boutique\/oral-b-recharges-pour-brosse-electrique-eb-20-2\/","url":"https:\/\/paragaleriedetalborjt.com\/boutique\/oral-b-recharges-pour-brosse-electrique-eb-20-2\/","name":"ORAL-B RECHARGES POUR BROSSE \u00c9LECTRIQUE EB 20-2 - paragaleriedetalborjt","isPartOf":{"@id":"https:\/\/paragaleriedetalborjt.com\/#website"},"primaryImageOfPage":{"@id":"https:\/\/paragaleriedetalborjt.com\/boutique\/oral-b-recharges-pour-brosse-electrique-eb-20-2\/#primaryimage"},"image":{"@id":"https:\/\/paragaleriedetalborjt.com\/boutique\/oral-b-recharges-pour-brosse-electrique-eb-20-2\/#primaryimage"},"thumbnailUrl":"https:\/\/paragaleriedetalborjt.com\/wp-content\/uploads\/2026\/01\/recharge-oralb.jpg","datePublished":"2026-01-04T01:20:09+00:00","dateModified":"2026-01-04T13:36:11+00:00","breadcrumb":{"@id":"https:\/\/paragaleriedetalborjt.com\/boutique\/oral-b-recharges-pour-brosse-electrique-eb-20-2\/#breadcrumb"},"inLanguage":"en-US","potentialAction":[{"@type":"ReadAction","target":["https:\/\/paragaleriedetalborjt.com\/boutique\/oral-b-recharges-pour-brosse-electrique-eb-20-2\/"]}]},{"@type":"ImageObject","inLanguage":"en-US","@id":"https:\/\/paragaleriedetalborjt.com\/boutique\/oral-b-recharges-pour-brosse-electrique-eb-20-2\/#primaryimage","url":"https:\/\/paragaleriedetalborjt.com\/wp-content\/uploads\/2026\/01\/recharge-oralb.jpg","contentUrl":"https:\/\/paragaleriedetalborjt.com\/wp-content\/uploads\/2026\/01\/recharge-oralb.jpg","width":595,"height":655},{"@type":"BreadcrumbList","@id":"https:\/\/paragaleriedetalborjt.com\/boutique\/oral-b-recharges-pour-brosse-electrique-eb-20-2\/#breadcrumb","itemListElement":[{"@type":"ListItem","position":1,"name":"Accueil","item":"https:\/\/paragaleriedetalborjt.com\/"},{"@type":"ListItem","position":2,"name":"Boutique","item":"https:\/\/paragaleriedetalborjt.com\/boutique\/"},{"@type":"ListItem","position":3,"name":"ORAL-B RECHARGES POUR BROSSE \u00c9LECTRIQUE EB 20-2"}]},{"@type":"WebSite","@id":"https:\/\/paragaleriedetalborjt.com\/#website","url":"https:\/\/paragaleriedetalborjt.com\/","name":"paragaleriedetalborjt","description":"","potentialAction":[{"@type":"SearchAction","target":{"@type":"EntryPoint","urlTemplate":"https:\/\/paragaleriedetalborjt.com\/?s={search_term_string}"},"query-input":{"@type":"PropertyValueSpecification","valueRequired":true,"valueName":"search_term_string"}}],"inLanguage":"en-US"}]}},"brands":[{"id":1922,"name":"oral-B","slug":"oral-b"}],"_links":{"self":[{"href":"https:\/\/paragaleriedetalborjt.com\/en\/wp-json\/wp\/v2\/product\/48961","targetHints":{"allow":["GET"]}}],"collection":[{"href":"https:\/\/paragaleriedetalborjt.com\/en\/wp-json\/wp\/v2\/product"}],"about":[{"href":"https:\/\/paragaleriedetalborjt.com\/en\/wp-json\/wp\/v2\/types\/product"}],"replies":[{"embeddable":true,"href":"https:\/\/paragaleriedetalborjt.com\/en\/wp-json\/wp\/v2\/comments?post=48961"}],"version-history":[{"count":1,"href":"https:\/\/paragaleriedetalborjt.com\/en\/wp-json\/wp\/v2\/product\/48961\/revisions"}],"predecessor-version":[{"id":48963,"href":"https:\/\/paragaleriedetalborjt.com\/en\/wp-json\/wp\/v2\/product\/48961\/revisions\/48963"}],"wp:featuredmedia":[{"embeddable":true,"href":"https:\/\/paragaleriedetalborjt.com\/en\/wp-json\/wp\/v2\/media\/48962"}],"wp:attachment":[{"href":"https:\/\/paragaleriedetalborjt.com\/en\/wp-json\/wp\/v2\/media?parent=48961"}],"wp:term":[{"taxonomy":"pwb-brand","embeddable":true,"href":"https:\/\/paragaleriedetalborjt.com\/en\/wp-json\/wp\/v2\/pwb-brand?post=48961"},{"taxonomy":"product_cat","embeddable":true,"href":"https:\/\/paragaleriedetalborjt.com\/en\/wp-json\/wp\/v2\/product_cat?post=48961"},{"taxonomy":"product_tag","embeddable":true,"href":"https:\/\/paragaleriedetalborjt.com\/en\/wp-json\/wp\/v2\/product_tag?post=48961"}],"curies":[{"name":"wp","href":"https:\/\/api.w.org\/{rel}","templated":true}]}}