{"id":48949,"date":"2026-01-04T02:19:37","date_gmt":"2026-01-04T01:19:37","guid":{"rendered":"https:\/\/paragaleriedetalborjt.com\/?post_type=product&#038;p=48949"},"modified":"2026-01-04T14:36:10","modified_gmt":"2026-01-04T13:36:10","slug":"oral-b-kids-brosse-a-dents-cars-3ans","status":"publish","type":"product","link":"https:\/\/paragaleriedetalborjt.com\/en\/boutique\/oral-b-kids-brosse-a-dents-cars-3ans\/","title":{"rendered":"Oral-B Kids Brosse \u00e0 Dents Cars +3ans"},"content":{"rendered":"<div aria-labelledby=\"tab-title-description\" class=\"woocommerce-Tabs-panel woocommerce-Tabs-panel--description panel entry-content wc-tab\" id=\"tab-description\" role=\"tabpanel\" style=\"\">\n<h2>Description<\/h2>\n<p>La brosse \u00e0 dents \u00e9lectrique Oral-B Kids \u00e0 l\u2019effigie de Disney Pixar Cars, adapt\u00e9e \u00e0 partir de 3\u00a0ans, offre le nettoyage doux et efficace d\u2019une brosse \u00e0 dents Oral-B recommand\u00e9e par les dentistes. Avec un mode Douceur unique adapt\u00e9 aux enfants, cette brosse nettoie en douceur les dents des enfants. Elle \u00e9limine plus de plaque dentaire qu\u2019une brosse \u00e0 dents manuelle classique. Quatre autocollants Disney Pixar Cars sont inclus pour personnaliser le manche.Sp\u00e9cialement con\u00e7ue pour un brossage en douceur pour les enfantsBrossette ronde pour petites bouchesLes poils ultra-souples sont doux sur les gencives fragilesConvient aux enfants de 3\u00a0ans et plusPersonnalisez le manche de la brosse avec 4\u00a0autocollants sur le th\u00e8me de Disney-Pixar CarsFonctionne avec l\u2019application Disney Magic Timer d\u2019Oral-BBatterie rechargeable pour une charge de 8\u00a0joursEncourage le brossage pendant 2\u00a0minutes gr\u00e2ce au minuteur int\u00e9gr\u00e9<\/p>\n<\/div>","protected":false},"excerpt":{"rendered":"<p>Highlights:Sp\u00e9cialement con\u00e7ue pour un brossage en douceur pour les enfantsBrossette ronde pour petites bouches<\/p>","protected":false},"featured_media":48950,"comment_status":"open","ping_status":"closed","template":"","meta":[],"pwb-brand":[1922],"product_cat":[16],"product_tag":[],"class_list":{"0":"post-48949","1":"product","2":"type-product","3":"status-publish","4":"has-post-thumbnail","6":"pwb-brand-oral-b","7":"product_cat-non-classe","8":"pa_brands-oral-b","10":"first","11":"instock","12":"sale","13":"shipping-taxable","14":"purchasable","15":"product-type-simple"},"yoast_head":"<!-- This site is optimized with the Yoast SEO plugin v27.5 - https:\/\/yoast.com\/product\/yoast-seo-wordpress\/ -->\n<title>Oral-B Kids Brosse \u00e0 Dents Cars +3ans - paragaleriedetalborjt<\/title>\n<meta name=\"robots\" content=\"index, follow, max-snippet:-1, max-image-preview:large, max-video-preview:-1\" \/>\n<link rel=\"canonical\" href=\"https:\/\/paragaleriedetalborjt.com\/en\/boutique\/oral-b-kids-brosse-a-dents-cars-3ans\/\" \/>\n<meta property=\"og:locale\" content=\"en_US\" \/>\n<meta property=\"og:type\" content=\"article\" \/>\n<meta property=\"og:title\" content=\"Oral-B Kids Brosse \u00e0 Dents Cars +3ans - paragaleriedetalborjt\" \/>\n<meta property=\"og:description\" content=\"Highlights:Sp\u00e9cialement con\u00e7ue pour un brossage en douceur pour les enfantsBrossette ronde pour petites bouches\" \/>\n<meta property=\"og:url\" content=\"https:\/\/paragaleriedetalborjt.com\/en\/boutique\/oral-b-kids-brosse-a-dents-cars-3ans\/\" \/>\n<meta property=\"og:site_name\" content=\"paragaleriedetalborjt\" \/>\n<meta property=\"article:modified_time\" content=\"2026-01-04T13:36:10+00:00\" \/>\n<meta property=\"og:image\" content=\"https:\/\/paragaleriedetalborjt.com\/wp-content\/uploads\/2026\/01\/New-Project-4-5.jpg\" \/>\n\t<meta property=\"og:image:width\" content=\"595\" \/>\n\t<meta property=\"og:image:height\" content=\"655\" \/>\n\t<meta property=\"og:image:type\" content=\"image\/jpeg\" \/>\n<meta name=\"twitter:card\" content=\"summary_large_image\" \/>\n<meta name=\"twitter:label1\" content=\"Est. reading time\" \/>\n\t<meta name=\"twitter:data1\" content=\"1 minute\" \/>\n<script type=\"application\/ld+json\" class=\"yoast-schema-graph\">{\"@context\":\"https:\\\/\\\/schema.org\",\"@graph\":[{\"@type\":\"WebPage\",\"@id\":\"https:\\\/\\\/paragaleriedetalborjt.com\\\/boutique\\\/oral-b-kids-brosse-a-dents-cars-3ans\\\/\",\"url\":\"https:\\\/\\\/paragaleriedetalborjt.com\\\/boutique\\\/oral-b-kids-brosse-a-dents-cars-3ans\\\/\",\"name\":\"Oral-B Kids Brosse \u00e0 Dents Cars +3ans - paragaleriedetalborjt\",\"isPartOf\":{\"@id\":\"https:\\\/\\\/paragaleriedetalborjt.com\\\/#website\"},\"primaryImageOfPage\":{\"@id\":\"https:\\\/\\\/paragaleriedetalborjt.com\\\/boutique\\\/oral-b-kids-brosse-a-dents-cars-3ans\\\/#primaryimage\"},\"image\":{\"@id\":\"https:\\\/\\\/paragaleriedetalborjt.com\\\/boutique\\\/oral-b-kids-brosse-a-dents-cars-3ans\\\/#primaryimage\"},\"thumbnailUrl\":\"https:\\\/\\\/paragaleriedetalborjt.com\\\/wp-content\\\/uploads\\\/2026\\\/01\\\/New-Project-4-5.jpg\",\"datePublished\":\"2026-01-04T01:19:37+00:00\",\"dateModified\":\"2026-01-04T13:36:10+00:00\",\"breadcrumb\":{\"@id\":\"https:\\\/\\\/paragaleriedetalborjt.com\\\/boutique\\\/oral-b-kids-brosse-a-dents-cars-3ans\\\/#breadcrumb\"},\"inLanguage\":\"en-US\",\"potentialAction\":[{\"@type\":\"ReadAction\",\"target\":[\"https:\\\/\\\/paragaleriedetalborjt.com\\\/boutique\\\/oral-b-kids-brosse-a-dents-cars-3ans\\\/\"]}]},{\"@type\":\"ImageObject\",\"inLanguage\":\"en-US\",\"@id\":\"https:\\\/\\\/paragaleriedetalborjt.com\\\/boutique\\\/oral-b-kids-brosse-a-dents-cars-3ans\\\/#primaryimage\",\"url\":\"https:\\\/\\\/paragaleriedetalborjt.com\\\/wp-content\\\/uploads\\\/2026\\\/01\\\/New-Project-4-5.jpg\",\"contentUrl\":\"https:\\\/\\\/paragaleriedetalborjt.com\\\/wp-content\\\/uploads\\\/2026\\\/01\\\/New-Project-4-5.jpg\",\"width\":595,\"height\":655},{\"@type\":\"BreadcrumbList\",\"@id\":\"https:\\\/\\\/paragaleriedetalborjt.com\\\/boutique\\\/oral-b-kids-brosse-a-dents-cars-3ans\\\/#breadcrumb\",\"itemListElement\":[{\"@type\":\"ListItem\",\"position\":1,\"name\":\"Accueil\",\"item\":\"https:\\\/\\\/paragaleriedetalborjt.com\\\/\"},{\"@type\":\"ListItem\",\"position\":2,\"name\":\"Boutique\",\"item\":\"https:\\\/\\\/paragaleriedetalborjt.com\\\/boutique\\\/\"},{\"@type\":\"ListItem\",\"position\":3,\"name\":\"Oral-B Kids Brosse \u00e0 Dents Cars +3ans\"}]},{\"@type\":\"WebSite\",\"@id\":\"https:\\\/\\\/paragaleriedetalborjt.com\\\/#website\",\"url\":\"https:\\\/\\\/paragaleriedetalborjt.com\\\/\",\"name\":\"paragaleriedetalborjt\",\"description\":\"\",\"potentialAction\":[{\"@type\":\"SearchAction\",\"target\":{\"@type\":\"EntryPoint\",\"urlTemplate\":\"https:\\\/\\\/paragaleriedetalborjt.com\\\/?s={search_term_string}\"},\"query-input\":{\"@type\":\"PropertyValueSpecification\",\"valueRequired\":true,\"valueName\":\"search_term_string\"}}],\"inLanguage\":\"en-US\"}]}<\/script>\n<!-- \/ Yoast SEO plugin. -->","yoast_head_json":{"title":"Oral-B Kids Brosse \u00e0 Dents Cars +3ans - paragaleriedetalborjt","robots":{"index":"index","follow":"follow","max-snippet":"max-snippet:-1","max-image-preview":"max-image-preview:large","max-video-preview":"max-video-preview:-1"},"canonical":"https:\/\/paragaleriedetalborjt.com\/en\/boutique\/oral-b-kids-brosse-a-dents-cars-3ans\/","og_locale":"en_US","og_type":"article","og_title":"Oral-B Kids Brosse \u00e0 Dents Cars +3ans - paragaleriedetalborjt","og_description":"Highlights:Sp\u00e9cialement con\u00e7ue pour un brossage en douceur pour les enfantsBrossette ronde pour petites bouches","og_url":"https:\/\/paragaleriedetalborjt.com\/en\/boutique\/oral-b-kids-brosse-a-dents-cars-3ans\/","og_site_name":"paragaleriedetalborjt","article_modified_time":"2026-01-04T13:36:10+00:00","og_image":[{"width":595,"height":655,"url":"https:\/\/paragaleriedetalborjt.com\/wp-content\/uploads\/2026\/01\/New-Project-4-5.jpg","type":"image\/jpeg"}],"twitter_card":"summary_large_image","twitter_misc":{"Est. reading time":"1 minute"},"schema":{"@context":"https:\/\/schema.org","@graph":[{"@type":"WebPage","@id":"https:\/\/paragaleriedetalborjt.com\/boutique\/oral-b-kids-brosse-a-dents-cars-3ans\/","url":"https:\/\/paragaleriedetalborjt.com\/boutique\/oral-b-kids-brosse-a-dents-cars-3ans\/","name":"Oral-B Kids Brosse \u00e0 Dents Cars +3ans - paragaleriedetalborjt","isPartOf":{"@id":"https:\/\/paragaleriedetalborjt.com\/#website"},"primaryImageOfPage":{"@id":"https:\/\/paragaleriedetalborjt.com\/boutique\/oral-b-kids-brosse-a-dents-cars-3ans\/#primaryimage"},"image":{"@id":"https:\/\/paragaleriedetalborjt.com\/boutique\/oral-b-kids-brosse-a-dents-cars-3ans\/#primaryimage"},"thumbnailUrl":"https:\/\/paragaleriedetalborjt.com\/wp-content\/uploads\/2026\/01\/New-Project-4-5.jpg","datePublished":"2026-01-04T01:19:37+00:00","dateModified":"2026-01-04T13:36:10+00:00","breadcrumb":{"@id":"https:\/\/paragaleriedetalborjt.com\/boutique\/oral-b-kids-brosse-a-dents-cars-3ans\/#breadcrumb"},"inLanguage":"en-US","potentialAction":[{"@type":"ReadAction","target":["https:\/\/paragaleriedetalborjt.com\/boutique\/oral-b-kids-brosse-a-dents-cars-3ans\/"]}]},{"@type":"ImageObject","inLanguage":"en-US","@id":"https:\/\/paragaleriedetalborjt.com\/boutique\/oral-b-kids-brosse-a-dents-cars-3ans\/#primaryimage","url":"https:\/\/paragaleriedetalborjt.com\/wp-content\/uploads\/2026\/01\/New-Project-4-5.jpg","contentUrl":"https:\/\/paragaleriedetalborjt.com\/wp-content\/uploads\/2026\/01\/New-Project-4-5.jpg","width":595,"height":655},{"@type":"BreadcrumbList","@id":"https:\/\/paragaleriedetalborjt.com\/boutique\/oral-b-kids-brosse-a-dents-cars-3ans\/#breadcrumb","itemListElement":[{"@type":"ListItem","position":1,"name":"Accueil","item":"https:\/\/paragaleriedetalborjt.com\/"},{"@type":"ListItem","position":2,"name":"Boutique","item":"https:\/\/paragaleriedetalborjt.com\/boutique\/"},{"@type":"ListItem","position":3,"name":"Oral-B Kids Brosse \u00e0 Dents Cars +3ans"}]},{"@type":"WebSite","@id":"https:\/\/paragaleriedetalborjt.com\/#website","url":"https:\/\/paragaleriedetalborjt.com\/","name":"paragaleriedetalborjt","description":"","potentialAction":[{"@type":"SearchAction","target":{"@type":"EntryPoint","urlTemplate":"https:\/\/paragaleriedetalborjt.com\/?s={search_term_string}"},"query-input":{"@type":"PropertyValueSpecification","valueRequired":true,"valueName":"search_term_string"}}],"inLanguage":"en-US"}]}},"brands":[{"id":1922,"name":"oral-B","slug":"oral-b"}],"_links":{"self":[{"href":"https:\/\/paragaleriedetalborjt.com\/en\/wp-json\/wp\/v2\/product\/48949","targetHints":{"allow":["GET"]}}],"collection":[{"href":"https:\/\/paragaleriedetalborjt.com\/en\/wp-json\/wp\/v2\/product"}],"about":[{"href":"https:\/\/paragaleriedetalborjt.com\/en\/wp-json\/wp\/v2\/types\/product"}],"replies":[{"embeddable":true,"href":"https:\/\/paragaleriedetalborjt.com\/en\/wp-json\/wp\/v2\/comments?post=48949"}],"version-history":[{"count":1,"href":"https:\/\/paragaleriedetalborjt.com\/en\/wp-json\/wp\/v2\/product\/48949\/revisions"}],"predecessor-version":[{"id":48951,"href":"https:\/\/paragaleriedetalborjt.com\/en\/wp-json\/wp\/v2\/product\/48949\/revisions\/48951"}],"wp:featuredmedia":[{"embeddable":true,"href":"https:\/\/paragaleriedetalborjt.com\/en\/wp-json\/wp\/v2\/media\/48950"}],"wp:attachment":[{"href":"https:\/\/paragaleriedetalborjt.com\/en\/wp-json\/wp\/v2\/media?parent=48949"}],"wp:term":[{"taxonomy":"pwb-brand","embeddable":true,"href":"https:\/\/paragaleriedetalborjt.com\/en\/wp-json\/wp\/v2\/pwb-brand?post=48949"},{"taxonomy":"product_cat","embeddable":true,"href":"https:\/\/paragaleriedetalborjt.com\/en\/wp-json\/wp\/v2\/product_cat?post=48949"},{"taxonomy":"product_tag","embeddable":true,"href":"https:\/\/paragaleriedetalborjt.com\/en\/wp-json\/wp\/v2\/product_tag?post=48949"}],"curies":[{"name":"wp","href":"https:\/\/api.w.org\/{rel}","templated":true}]}}