{"id":48901,"date":"2026-01-04T02:17:26","date_gmt":"2026-01-04T01:17:26","guid":{"rendered":"https:\/\/paragaleriedetalborjt.com\/?post_type=product&#038;p=48901"},"modified":"2026-01-04T14:35:59","modified_gmt":"2026-01-04T13:35:59","slug":"dermedic-capilarte-serum-traitant-stimulant-150ml","status":"publish","type":"product","link":"https:\/\/paragaleriedetalborjt.com\/en\/boutique\/dermedic-capilarte-serum-traitant-stimulant-150ml\/","title":{"rendered":"Dermedic Capilarte Serum Traitant Stimulant 150ml"},"content":{"rendered":"<div aria-labelledby=\"tab-title-description\" class=\"woocommerce-Tabs-panel woocommerce-Tabs-panel--description panel entry-content wc-tab\" id=\"tab-description\" role=\"tabpanel\" style=\"\">\n<h2>Description<\/h2>\n<p>Le s\u00e9rum Dermedic Capilarte stimulant et renouvelant la pousse des cheveux est destin\u00e9 au traitement de la chute pr\u00e9matur\u00e9e des cheveux de diverses \u00e9tiologies, notamment hormonales et g\u00e9n\u00e9tiques, chez la femme comme chez l\u2019homme.<\/p>\n<\/div>","protected":false},"excerpt":{"rendered":"<p>Highlights:La coloration BioKap Nutricolor, votre partenaire pour la beaut\u00e9 et la coloration des cheveux. Sa formulation exclusive en ingr\u00e9dients v\u00e9g\u00e9taux nourrit et r\u00e9pare les cheveux pendant la coloration. BioKap Nutricolor couvre parfaitement les cheveux blancs et est tr\u00e8s bien tol\u00e9r\u00e9e.<\/p>","protected":false},"featured_media":48902,"comment_status":"open","ping_status":"closed","template":"","meta":[],"pwb-brand":[2351],"product_cat":[16],"product_tag":[],"class_list":{"0":"post-48901","1":"product","2":"type-product","3":"status-publish","4":"has-post-thumbnail","6":"pwb-brand-dermedic","7":"product_cat-non-classe","8":"pa_brands-dermedic","10":"first","11":"instock","12":"sale","13":"shipping-taxable","14":"purchasable","15":"product-type-simple"},"yoast_head":"<!-- This site is optimized with the Yoast SEO plugin v27.5 - https:\/\/yoast.com\/product\/yoast-seo-wordpress\/ -->\n<title>Dermedic Capilarte Serum Traitant Stimulant 150ml - paragaleriedetalborjt<\/title>\n<meta name=\"robots\" content=\"index, follow, max-snippet:-1, max-image-preview:large, max-video-preview:-1\" \/>\n<link rel=\"canonical\" href=\"https:\/\/paragaleriedetalborjt.com\/en\/boutique\/dermedic-capilarte-serum-traitant-stimulant-150ml\/\" \/>\n<meta property=\"og:locale\" content=\"en_US\" \/>\n<meta property=\"og:type\" content=\"article\" \/>\n<meta property=\"og:title\" content=\"Dermedic Capilarte Serum Traitant Stimulant 150ml - paragaleriedetalborjt\" \/>\n<meta property=\"og:description\" content=\"Highlights:La coloration BioKap Nutricolor, votre partenaire pour la beaut\u00e9 et la coloration des cheveux. Sa formulation exclusive en ingr\u00e9dients v\u00e9g\u00e9taux nourrit et r\u00e9pare les cheveux pendant la coloration. BioKap Nutricolor couvre parfaitement les cheveux blancs et est tr\u00e8s bien tol\u00e9r\u00e9e.\" \/>\n<meta property=\"og:url\" content=\"https:\/\/paragaleriedetalborjt.com\/en\/boutique\/dermedic-capilarte-serum-traitant-stimulant-150ml\/\" \/>\n<meta property=\"og:site_name\" content=\"paragaleriedetalborjt\" \/>\n<meta property=\"article:modified_time\" content=\"2026-01-04T13:35:59+00:00\" \/>\n<meta property=\"og:image\" content=\"https:\/\/paragaleriedetalborjt.com\/wp-content\/uploads\/2026\/01\/Dermedic-Capilarte-Serum-Traitant-Stimulant-150ml.jpg\" \/>\n\t<meta property=\"og:image:width\" content=\"595\" \/>\n\t<meta property=\"og:image:height\" content=\"655\" \/>\n\t<meta property=\"og:image:type\" content=\"image\/jpeg\" \/>\n<meta name=\"twitter:card\" content=\"summary_large_image\" \/>\n<script type=\"application\/ld+json\" class=\"yoast-schema-graph\">{\"@context\":\"https:\\\/\\\/schema.org\",\"@graph\":[{\"@type\":\"WebPage\",\"@id\":\"https:\\\/\\\/paragaleriedetalborjt.com\\\/boutique\\\/dermedic-capilarte-serum-traitant-stimulant-150ml\\\/\",\"url\":\"https:\\\/\\\/paragaleriedetalborjt.com\\\/boutique\\\/dermedic-capilarte-serum-traitant-stimulant-150ml\\\/\",\"name\":\"Dermedic Capilarte Serum Traitant Stimulant 150ml - paragaleriedetalborjt\",\"isPartOf\":{\"@id\":\"https:\\\/\\\/paragaleriedetalborjt.com\\\/#website\"},\"primaryImageOfPage\":{\"@id\":\"https:\\\/\\\/paragaleriedetalborjt.com\\\/boutique\\\/dermedic-capilarte-serum-traitant-stimulant-150ml\\\/#primaryimage\"},\"image\":{\"@id\":\"https:\\\/\\\/paragaleriedetalborjt.com\\\/boutique\\\/dermedic-capilarte-serum-traitant-stimulant-150ml\\\/#primaryimage\"},\"thumbnailUrl\":\"https:\\\/\\\/paragaleriedetalborjt.com\\\/wp-content\\\/uploads\\\/2026\\\/01\\\/Dermedic-Capilarte-Serum-Traitant-Stimulant-150ml.jpg\",\"datePublished\":\"2026-01-04T01:17:26+00:00\",\"dateModified\":\"2026-01-04T13:35:59+00:00\",\"breadcrumb\":{\"@id\":\"https:\\\/\\\/paragaleriedetalborjt.com\\\/boutique\\\/dermedic-capilarte-serum-traitant-stimulant-150ml\\\/#breadcrumb\"},\"inLanguage\":\"en-US\",\"potentialAction\":[{\"@type\":\"ReadAction\",\"target\":[\"https:\\\/\\\/paragaleriedetalborjt.com\\\/boutique\\\/dermedic-capilarte-serum-traitant-stimulant-150ml\\\/\"]}]},{\"@type\":\"ImageObject\",\"inLanguage\":\"en-US\",\"@id\":\"https:\\\/\\\/paragaleriedetalborjt.com\\\/boutique\\\/dermedic-capilarte-serum-traitant-stimulant-150ml\\\/#primaryimage\",\"url\":\"https:\\\/\\\/paragaleriedetalborjt.com\\\/wp-content\\\/uploads\\\/2026\\\/01\\\/Dermedic-Capilarte-Serum-Traitant-Stimulant-150ml.jpg\",\"contentUrl\":\"https:\\\/\\\/paragaleriedetalborjt.com\\\/wp-content\\\/uploads\\\/2026\\\/01\\\/Dermedic-Capilarte-Serum-Traitant-Stimulant-150ml.jpg\",\"width\":595,\"height\":655},{\"@type\":\"BreadcrumbList\",\"@id\":\"https:\\\/\\\/paragaleriedetalborjt.com\\\/boutique\\\/dermedic-capilarte-serum-traitant-stimulant-150ml\\\/#breadcrumb\",\"itemListElement\":[{\"@type\":\"ListItem\",\"position\":1,\"name\":\"Accueil\",\"item\":\"https:\\\/\\\/paragaleriedetalborjt.com\\\/\"},{\"@type\":\"ListItem\",\"position\":2,\"name\":\"Boutique\",\"item\":\"https:\\\/\\\/paragaleriedetalborjt.com\\\/boutique\\\/\"},{\"@type\":\"ListItem\",\"position\":3,\"name\":\"Dermedic Capilarte Serum Traitant Stimulant 150ml\"}]},{\"@type\":\"WebSite\",\"@id\":\"https:\\\/\\\/paragaleriedetalborjt.com\\\/#website\",\"url\":\"https:\\\/\\\/paragaleriedetalborjt.com\\\/\",\"name\":\"paragaleriedetalborjt\",\"description\":\"\",\"potentialAction\":[{\"@type\":\"SearchAction\",\"target\":{\"@type\":\"EntryPoint\",\"urlTemplate\":\"https:\\\/\\\/paragaleriedetalborjt.com\\\/?s={search_term_string}\"},\"query-input\":{\"@type\":\"PropertyValueSpecification\",\"valueRequired\":true,\"valueName\":\"search_term_string\"}}],\"inLanguage\":\"en-US\"}]}<\/script>\n<!-- \/ Yoast SEO plugin. -->","yoast_head_json":{"title":"Dermedic Capilarte Serum Traitant Stimulant 150ml - paragaleriedetalborjt","robots":{"index":"index","follow":"follow","max-snippet":"max-snippet:-1","max-image-preview":"max-image-preview:large","max-video-preview":"max-video-preview:-1"},"canonical":"https:\/\/paragaleriedetalborjt.com\/en\/boutique\/dermedic-capilarte-serum-traitant-stimulant-150ml\/","og_locale":"en_US","og_type":"article","og_title":"Dermedic Capilarte Serum Traitant Stimulant 150ml - paragaleriedetalborjt","og_description":"Highlights:La coloration BioKap Nutricolor, votre partenaire pour la beaut\u00e9 et la coloration des cheveux. Sa formulation exclusive en ingr\u00e9dients v\u00e9g\u00e9taux nourrit et r\u00e9pare les cheveux pendant la coloration. BioKap Nutricolor couvre parfaitement les cheveux blancs et est tr\u00e8s bien tol\u00e9r\u00e9e.","og_url":"https:\/\/paragaleriedetalborjt.com\/en\/boutique\/dermedic-capilarte-serum-traitant-stimulant-150ml\/","og_site_name":"paragaleriedetalborjt","article_modified_time":"2026-01-04T13:35:59+00:00","og_image":[{"width":595,"height":655,"url":"https:\/\/paragaleriedetalborjt.com\/wp-content\/uploads\/2026\/01\/Dermedic-Capilarte-Serum-Traitant-Stimulant-150ml.jpg","type":"image\/jpeg"}],"twitter_card":"summary_large_image","schema":{"@context":"https:\/\/schema.org","@graph":[{"@type":"WebPage","@id":"https:\/\/paragaleriedetalborjt.com\/boutique\/dermedic-capilarte-serum-traitant-stimulant-150ml\/","url":"https:\/\/paragaleriedetalborjt.com\/boutique\/dermedic-capilarte-serum-traitant-stimulant-150ml\/","name":"Dermedic Capilarte Serum Traitant Stimulant 150ml - paragaleriedetalborjt","isPartOf":{"@id":"https:\/\/paragaleriedetalborjt.com\/#website"},"primaryImageOfPage":{"@id":"https:\/\/paragaleriedetalborjt.com\/boutique\/dermedic-capilarte-serum-traitant-stimulant-150ml\/#primaryimage"},"image":{"@id":"https:\/\/paragaleriedetalborjt.com\/boutique\/dermedic-capilarte-serum-traitant-stimulant-150ml\/#primaryimage"},"thumbnailUrl":"https:\/\/paragaleriedetalborjt.com\/wp-content\/uploads\/2026\/01\/Dermedic-Capilarte-Serum-Traitant-Stimulant-150ml.jpg","datePublished":"2026-01-04T01:17:26+00:00","dateModified":"2026-01-04T13:35:59+00:00","breadcrumb":{"@id":"https:\/\/paragaleriedetalborjt.com\/boutique\/dermedic-capilarte-serum-traitant-stimulant-150ml\/#breadcrumb"},"inLanguage":"en-US","potentialAction":[{"@type":"ReadAction","target":["https:\/\/paragaleriedetalborjt.com\/boutique\/dermedic-capilarte-serum-traitant-stimulant-150ml\/"]}]},{"@type":"ImageObject","inLanguage":"en-US","@id":"https:\/\/paragaleriedetalborjt.com\/boutique\/dermedic-capilarte-serum-traitant-stimulant-150ml\/#primaryimage","url":"https:\/\/paragaleriedetalborjt.com\/wp-content\/uploads\/2026\/01\/Dermedic-Capilarte-Serum-Traitant-Stimulant-150ml.jpg","contentUrl":"https:\/\/paragaleriedetalborjt.com\/wp-content\/uploads\/2026\/01\/Dermedic-Capilarte-Serum-Traitant-Stimulant-150ml.jpg","width":595,"height":655},{"@type":"BreadcrumbList","@id":"https:\/\/paragaleriedetalborjt.com\/boutique\/dermedic-capilarte-serum-traitant-stimulant-150ml\/#breadcrumb","itemListElement":[{"@type":"ListItem","position":1,"name":"Accueil","item":"https:\/\/paragaleriedetalborjt.com\/"},{"@type":"ListItem","position":2,"name":"Boutique","item":"https:\/\/paragaleriedetalborjt.com\/boutique\/"},{"@type":"ListItem","position":3,"name":"Dermedic Capilarte Serum Traitant Stimulant 150ml"}]},{"@type":"WebSite","@id":"https:\/\/paragaleriedetalborjt.com\/#website","url":"https:\/\/paragaleriedetalborjt.com\/","name":"paragaleriedetalborjt","description":"","potentialAction":[{"@type":"SearchAction","target":{"@type":"EntryPoint","urlTemplate":"https:\/\/paragaleriedetalborjt.com\/?s={search_term_string}"},"query-input":{"@type":"PropertyValueSpecification","valueRequired":true,"valueName":"search_term_string"}}],"inLanguage":"en-US"}]}},"brands":[{"id":2351,"name":"DERMEDIC","slug":"dermedic"}],"_links":{"self":[{"href":"https:\/\/paragaleriedetalborjt.com\/en\/wp-json\/wp\/v2\/product\/48901","targetHints":{"allow":["GET"]}}],"collection":[{"href":"https:\/\/paragaleriedetalborjt.com\/en\/wp-json\/wp\/v2\/product"}],"about":[{"href":"https:\/\/paragaleriedetalborjt.com\/en\/wp-json\/wp\/v2\/types\/product"}],"replies":[{"embeddable":true,"href":"https:\/\/paragaleriedetalborjt.com\/en\/wp-json\/wp\/v2\/comments?post=48901"}],"version-history":[{"count":1,"href":"https:\/\/paragaleriedetalborjt.com\/en\/wp-json\/wp\/v2\/product\/48901\/revisions"}],"predecessor-version":[{"id":48903,"href":"https:\/\/paragaleriedetalborjt.com\/en\/wp-json\/wp\/v2\/product\/48901\/revisions\/48903"}],"wp:featuredmedia":[{"embeddable":true,"href":"https:\/\/paragaleriedetalborjt.com\/en\/wp-json\/wp\/v2\/media\/48902"}],"wp:attachment":[{"href":"https:\/\/paragaleriedetalborjt.com\/en\/wp-json\/wp\/v2\/media?parent=48901"}],"wp:term":[{"taxonomy":"pwb-brand","embeddable":true,"href":"https:\/\/paragaleriedetalborjt.com\/en\/wp-json\/wp\/v2\/pwb-brand?post=48901"},{"taxonomy":"product_cat","embeddable":true,"href":"https:\/\/paragaleriedetalborjt.com\/en\/wp-json\/wp\/v2\/product_cat?post=48901"},{"taxonomy":"product_tag","embeddable":true,"href":"https:\/\/paragaleriedetalborjt.com\/en\/wp-json\/wp\/v2\/product_tag?post=48901"}],"curies":[{"name":"wp","href":"https:\/\/api.w.org\/{rel}","templated":true}]}}