{"id":48895,"date":"2026-01-04T02:17:11","date_gmt":"2026-01-04T01:17:11","guid":{"rendered":"https:\/\/paragaleriedetalborjt.com\/?post_type=product&#038;p=48895"},"modified":"2026-01-04T14:35:59","modified_gmt":"2026-01-04T13:35:59","slug":"dermedic-capilarte-shampoing-antipelliculaire-300ml","status":"publish","type":"product","link":"https:\/\/paragaleriedetalborjt.com\/en\/boutique\/dermedic-capilarte-shampoing-antipelliculaire-300ml\/","title":{"rendered":"Dermedic Capilarte Shampoing Antipelliculaire 300ml"},"content":{"rendered":"<div aria-labelledby=\"tab-title-description\" class=\"woocommerce-Tabs-panel woocommerce-Tabs-panel--description panel entry-content wc-tab\" id=\"tab-description\" role=\"tabpanel\" style=\"\">\n<h2>Description<\/h2>\n<div class=\"tab-pane fade in active\" id=\"description\" role=\"tabpanel\">\n<div class=\"product-description\">\n<h2><strong>Description<\/strong><\/h2>\n<p>Le shampooing Dermedic Capilarte anti-pelliculaire a des propri\u00e9t\u00e9s anti-infectieuses et est recommand\u00e9 pour les pellicules s\u00e8ches et grasses. Le produit lutte contre les pellicules et emp\u00eache leur r\u00e9apparition.\u00a0Nettoie en douceur le cuir chevelu et les cheveuxPr\u00e9vient les causes et r\u00e9duit les sympt\u00f4mes des pellicules de diverses \u00e9tiologiesR\u00e9gule la r\u00e9paration des cellules cutan\u00e9esNormalise l\u2019activit\u00e9 des glandes s\u00e9bac\u00e9esApaise les irritations et r\u00e9duit les d\u00e9mangeaisonsIl a des propri\u00e9t\u00e9s antifongiques et antifongiques.Emp\u00eache la rechute des pelliculesMode d\u2019application: appliquer le shampooing sur cheveux humides, masser jusqu\u2019\u00e0 formation de mousse, laisser reposer 3 minutes. Rincer abondamment \u00e0 l\u2019eau. Si le shampooing entre en contact avec vos yeux, rincez abondamment \u00e0 l\u2019eau.<\/p>\n<\/div>\n<\/div>\n<\/div>","protected":false},"excerpt":{"rendered":"<p>Highlights:La coloration BioKap Nutricolor, votre partenaire pour la beaut\u00e9 et la coloration des cheveux. Sa formulation exclusive en ingr\u00e9dients v\u00e9g\u00e9taux nourrit et r\u00e9pare les cheveux pendant la coloration. BioKap Nutricolor couvre parfaitement les cheveux blancs et est tr\u00e8s bien tol\u00e9r\u00e9e.<\/p>","protected":false},"featured_media":48896,"comment_status":"open","ping_status":"closed","template":"","meta":[],"pwb-brand":[2351],"product_cat":[16],"product_tag":[],"class_list":{"0":"post-48895","1":"product","2":"type-product","3":"status-publish","4":"has-post-thumbnail","6":"pwb-brand-dermedic","7":"product_cat-non-classe","8":"pa_brands-dermedic","10":"first","11":"instock","12":"sale","13":"shipping-taxable","14":"purchasable","15":"product-type-simple"},"yoast_head":"<!-- This site is optimized with the Yoast SEO plugin v27.5 - https:\/\/yoast.com\/product\/yoast-seo-wordpress\/ -->\n<title>Dermedic Capilarte Shampoing Antipelliculaire 300ml - paragaleriedetalborjt<\/title>\n<meta name=\"robots\" content=\"index, follow, max-snippet:-1, max-image-preview:large, max-video-preview:-1\" \/>\n<link rel=\"canonical\" href=\"https:\/\/paragaleriedetalborjt.com\/en\/boutique\/dermedic-capilarte-shampoing-antipelliculaire-300ml\/\" \/>\n<meta property=\"og:locale\" content=\"en_US\" \/>\n<meta property=\"og:type\" content=\"article\" \/>\n<meta property=\"og:title\" content=\"Dermedic Capilarte Shampoing Antipelliculaire 300ml - paragaleriedetalborjt\" \/>\n<meta property=\"og:description\" content=\"Highlights:La coloration BioKap Nutricolor, votre partenaire pour la beaut\u00e9 et la coloration des cheveux. Sa formulation exclusive en ingr\u00e9dients v\u00e9g\u00e9taux nourrit et r\u00e9pare les cheveux pendant la coloration. BioKap Nutricolor couvre parfaitement les cheveux blancs et est tr\u00e8s bien tol\u00e9r\u00e9e.\" \/>\n<meta property=\"og:url\" content=\"https:\/\/paragaleriedetalborjt.com\/en\/boutique\/dermedic-capilarte-shampoing-antipelliculaire-300ml\/\" \/>\n<meta property=\"og:site_name\" content=\"paragaleriedetalborjt\" \/>\n<meta property=\"article:modified_time\" content=\"2026-01-04T13:35:59+00:00\" \/>\n<meta property=\"og:image\" content=\"https:\/\/paragaleriedetalborjt.com\/wp-content\/uploads\/2026\/01\/antipellicules-capilarte.jpg\" \/>\n\t<meta property=\"og:image:width\" content=\"595\" \/>\n\t<meta property=\"og:image:height\" content=\"655\" \/>\n\t<meta property=\"og:image:type\" content=\"image\/jpeg\" \/>\n<meta name=\"twitter:card\" content=\"summary_large_image\" \/>\n<meta name=\"twitter:label1\" content=\"Est. reading time\" \/>\n\t<meta name=\"twitter:data1\" content=\"1 minute\" \/>\n<script type=\"application\/ld+json\" class=\"yoast-schema-graph\">{\"@context\":\"https:\\\/\\\/schema.org\",\"@graph\":[{\"@type\":\"WebPage\",\"@id\":\"https:\\\/\\\/paragaleriedetalborjt.com\\\/boutique\\\/dermedic-capilarte-shampoing-antipelliculaire-300ml\\\/\",\"url\":\"https:\\\/\\\/paragaleriedetalborjt.com\\\/boutique\\\/dermedic-capilarte-shampoing-antipelliculaire-300ml\\\/\",\"name\":\"Dermedic Capilarte Shampoing Antipelliculaire 300ml - paragaleriedetalborjt\",\"isPartOf\":{\"@id\":\"https:\\\/\\\/paragaleriedetalborjt.com\\\/#website\"},\"primaryImageOfPage\":{\"@id\":\"https:\\\/\\\/paragaleriedetalborjt.com\\\/boutique\\\/dermedic-capilarte-shampoing-antipelliculaire-300ml\\\/#primaryimage\"},\"image\":{\"@id\":\"https:\\\/\\\/paragaleriedetalborjt.com\\\/boutique\\\/dermedic-capilarte-shampoing-antipelliculaire-300ml\\\/#primaryimage\"},\"thumbnailUrl\":\"https:\\\/\\\/paragaleriedetalborjt.com\\\/wp-content\\\/uploads\\\/2026\\\/01\\\/antipellicules-capilarte.jpg\",\"datePublished\":\"2026-01-04T01:17:11+00:00\",\"dateModified\":\"2026-01-04T13:35:59+00:00\",\"breadcrumb\":{\"@id\":\"https:\\\/\\\/paragaleriedetalborjt.com\\\/boutique\\\/dermedic-capilarte-shampoing-antipelliculaire-300ml\\\/#breadcrumb\"},\"inLanguage\":\"en-US\",\"potentialAction\":[{\"@type\":\"ReadAction\",\"target\":[\"https:\\\/\\\/paragaleriedetalborjt.com\\\/boutique\\\/dermedic-capilarte-shampoing-antipelliculaire-300ml\\\/\"]}]},{\"@type\":\"ImageObject\",\"inLanguage\":\"en-US\",\"@id\":\"https:\\\/\\\/paragaleriedetalborjt.com\\\/boutique\\\/dermedic-capilarte-shampoing-antipelliculaire-300ml\\\/#primaryimage\",\"url\":\"https:\\\/\\\/paragaleriedetalborjt.com\\\/wp-content\\\/uploads\\\/2026\\\/01\\\/antipellicules-capilarte.jpg\",\"contentUrl\":\"https:\\\/\\\/paragaleriedetalborjt.com\\\/wp-content\\\/uploads\\\/2026\\\/01\\\/antipellicules-capilarte.jpg\",\"width\":595,\"height\":655},{\"@type\":\"BreadcrumbList\",\"@id\":\"https:\\\/\\\/paragaleriedetalborjt.com\\\/boutique\\\/dermedic-capilarte-shampoing-antipelliculaire-300ml\\\/#breadcrumb\",\"itemListElement\":[{\"@type\":\"ListItem\",\"position\":1,\"name\":\"Accueil\",\"item\":\"https:\\\/\\\/paragaleriedetalborjt.com\\\/\"},{\"@type\":\"ListItem\",\"position\":2,\"name\":\"Boutique\",\"item\":\"https:\\\/\\\/paragaleriedetalborjt.com\\\/boutique\\\/\"},{\"@type\":\"ListItem\",\"position\":3,\"name\":\"Dermedic Capilarte Shampoing Antipelliculaire 300ml\"}]},{\"@type\":\"WebSite\",\"@id\":\"https:\\\/\\\/paragaleriedetalborjt.com\\\/#website\",\"url\":\"https:\\\/\\\/paragaleriedetalborjt.com\\\/\",\"name\":\"paragaleriedetalborjt\",\"description\":\"\",\"potentialAction\":[{\"@type\":\"SearchAction\",\"target\":{\"@type\":\"EntryPoint\",\"urlTemplate\":\"https:\\\/\\\/paragaleriedetalborjt.com\\\/?s={search_term_string}\"},\"query-input\":{\"@type\":\"PropertyValueSpecification\",\"valueRequired\":true,\"valueName\":\"search_term_string\"}}],\"inLanguage\":\"en-US\"}]}<\/script>\n<!-- \/ Yoast SEO plugin. -->","yoast_head_json":{"title":"Dermedic Capilarte Shampoing Antipelliculaire 300ml - paragaleriedetalborjt","robots":{"index":"index","follow":"follow","max-snippet":"max-snippet:-1","max-image-preview":"max-image-preview:large","max-video-preview":"max-video-preview:-1"},"canonical":"https:\/\/paragaleriedetalborjt.com\/en\/boutique\/dermedic-capilarte-shampoing-antipelliculaire-300ml\/","og_locale":"en_US","og_type":"article","og_title":"Dermedic Capilarte Shampoing Antipelliculaire 300ml - paragaleriedetalborjt","og_description":"Highlights:La coloration BioKap Nutricolor, votre partenaire pour la beaut\u00e9 et la coloration des cheveux. Sa formulation exclusive en ingr\u00e9dients v\u00e9g\u00e9taux nourrit et r\u00e9pare les cheveux pendant la coloration. BioKap Nutricolor couvre parfaitement les cheveux blancs et est tr\u00e8s bien tol\u00e9r\u00e9e.","og_url":"https:\/\/paragaleriedetalborjt.com\/en\/boutique\/dermedic-capilarte-shampoing-antipelliculaire-300ml\/","og_site_name":"paragaleriedetalborjt","article_modified_time":"2026-01-04T13:35:59+00:00","og_image":[{"width":595,"height":655,"url":"https:\/\/paragaleriedetalborjt.com\/wp-content\/uploads\/2026\/01\/antipellicules-capilarte.jpg","type":"image\/jpeg"}],"twitter_card":"summary_large_image","twitter_misc":{"Est. reading time":"1 minute"},"schema":{"@context":"https:\/\/schema.org","@graph":[{"@type":"WebPage","@id":"https:\/\/paragaleriedetalborjt.com\/boutique\/dermedic-capilarte-shampoing-antipelliculaire-300ml\/","url":"https:\/\/paragaleriedetalborjt.com\/boutique\/dermedic-capilarte-shampoing-antipelliculaire-300ml\/","name":"Dermedic Capilarte Shampoing Antipelliculaire 300ml - paragaleriedetalborjt","isPartOf":{"@id":"https:\/\/paragaleriedetalborjt.com\/#website"},"primaryImageOfPage":{"@id":"https:\/\/paragaleriedetalborjt.com\/boutique\/dermedic-capilarte-shampoing-antipelliculaire-300ml\/#primaryimage"},"image":{"@id":"https:\/\/paragaleriedetalborjt.com\/boutique\/dermedic-capilarte-shampoing-antipelliculaire-300ml\/#primaryimage"},"thumbnailUrl":"https:\/\/paragaleriedetalborjt.com\/wp-content\/uploads\/2026\/01\/antipellicules-capilarte.jpg","datePublished":"2026-01-04T01:17:11+00:00","dateModified":"2026-01-04T13:35:59+00:00","breadcrumb":{"@id":"https:\/\/paragaleriedetalborjt.com\/boutique\/dermedic-capilarte-shampoing-antipelliculaire-300ml\/#breadcrumb"},"inLanguage":"en-US","potentialAction":[{"@type":"ReadAction","target":["https:\/\/paragaleriedetalborjt.com\/boutique\/dermedic-capilarte-shampoing-antipelliculaire-300ml\/"]}]},{"@type":"ImageObject","inLanguage":"en-US","@id":"https:\/\/paragaleriedetalborjt.com\/boutique\/dermedic-capilarte-shampoing-antipelliculaire-300ml\/#primaryimage","url":"https:\/\/paragaleriedetalborjt.com\/wp-content\/uploads\/2026\/01\/antipellicules-capilarte.jpg","contentUrl":"https:\/\/paragaleriedetalborjt.com\/wp-content\/uploads\/2026\/01\/antipellicules-capilarte.jpg","width":595,"height":655},{"@type":"BreadcrumbList","@id":"https:\/\/paragaleriedetalborjt.com\/boutique\/dermedic-capilarte-shampoing-antipelliculaire-300ml\/#breadcrumb","itemListElement":[{"@type":"ListItem","position":1,"name":"Accueil","item":"https:\/\/paragaleriedetalborjt.com\/"},{"@type":"ListItem","position":2,"name":"Boutique","item":"https:\/\/paragaleriedetalborjt.com\/boutique\/"},{"@type":"ListItem","position":3,"name":"Dermedic Capilarte Shampoing Antipelliculaire 300ml"}]},{"@type":"WebSite","@id":"https:\/\/paragaleriedetalborjt.com\/#website","url":"https:\/\/paragaleriedetalborjt.com\/","name":"paragaleriedetalborjt","description":"","potentialAction":[{"@type":"SearchAction","target":{"@type":"EntryPoint","urlTemplate":"https:\/\/paragaleriedetalborjt.com\/?s={search_term_string}"},"query-input":{"@type":"PropertyValueSpecification","valueRequired":true,"valueName":"search_term_string"}}],"inLanguage":"en-US"}]}},"brands":[{"id":2351,"name":"DERMEDIC","slug":"dermedic"}],"_links":{"self":[{"href":"https:\/\/paragaleriedetalborjt.com\/en\/wp-json\/wp\/v2\/product\/48895","targetHints":{"allow":["GET"]}}],"collection":[{"href":"https:\/\/paragaleriedetalborjt.com\/en\/wp-json\/wp\/v2\/product"}],"about":[{"href":"https:\/\/paragaleriedetalborjt.com\/en\/wp-json\/wp\/v2\/types\/product"}],"replies":[{"embeddable":true,"href":"https:\/\/paragaleriedetalborjt.com\/en\/wp-json\/wp\/v2\/comments?post=48895"}],"version-history":[{"count":1,"href":"https:\/\/paragaleriedetalborjt.com\/en\/wp-json\/wp\/v2\/product\/48895\/revisions"}],"predecessor-version":[{"id":48897,"href":"https:\/\/paragaleriedetalborjt.com\/en\/wp-json\/wp\/v2\/product\/48895\/revisions\/48897"}],"wp:featuredmedia":[{"embeddable":true,"href":"https:\/\/paragaleriedetalborjt.com\/en\/wp-json\/wp\/v2\/media\/48896"}],"wp:attachment":[{"href":"https:\/\/paragaleriedetalborjt.com\/en\/wp-json\/wp\/v2\/media?parent=48895"}],"wp:term":[{"taxonomy":"pwb-brand","embeddable":true,"href":"https:\/\/paragaleriedetalborjt.com\/en\/wp-json\/wp\/v2\/pwb-brand?post=48895"},{"taxonomy":"product_cat","embeddable":true,"href":"https:\/\/paragaleriedetalborjt.com\/en\/wp-json\/wp\/v2\/product_cat?post=48895"},{"taxonomy":"product_tag","embeddable":true,"href":"https:\/\/paragaleriedetalborjt.com\/en\/wp-json\/wp\/v2\/product_tag?post=48895"}],"curies":[{"name":"wp","href":"https:\/\/api.w.org\/{rel}","templated":true}]}}