{"id":48892,"date":"2026-01-04T02:17:01","date_gmt":"2026-01-04T01:17:01","guid":{"rendered":"https:\/\/paragaleriedetalborjt.com\/?post_type=product&#038;p=48892"},"modified":"2026-01-04T14:35:59","modified_gmt":"2026-01-04T13:35:59","slug":"dermedic-capilarte-shampoing-apaisant-pour-cheveux-et-peau-sensibles-300ml","status":"publish","type":"product","link":"https:\/\/paragaleriedetalborjt.com\/en\/boutique\/dermedic-capilarte-shampoing-apaisant-pour-cheveux-et-peau-sensibles-300ml\/","title":{"rendered":"Dermedic Capilarte Shampoing Apaisant Pour Cheveux et Peau sensibles 300ml"},"content":{"rendered":"<div aria-labelledby=\"tab-title-description\" class=\"woocommerce-Tabs-panel woocommerce-Tabs-panel--description panel entry-content wc-tab\" id=\"tab-description\" role=\"tabpanel\" style=\"\">\n<h2>Description<\/h2>\n<div class=\"tab-pane fade in active\" id=\"description\" role=\"tabpanel\">\n<div class=\"product-description\">\n<h2><strong>Description<\/strong><\/h2>\n<p>Les cheveux sont un \u00e9l\u00e9ment extr\u00eamement important de l\u2019image de chaque personne. La condition n\u00e9cessaire pour des cheveux sains et beaux est un cuir chevelu sain. Des facteurs tels que diverses maladies (g\u00e9n\u00e9tiques, auto-immunes ou hormonales), les \u00e9tats inflammatoires corporels, le stress, la malbouffe, une mauvaise alimentation, la pollution de l\u2019environnement ainsi que des soins incorrects ou des proc\u00e9dures de coiffure trop intensives causent de nombreux probl\u00e8mes au cuir chevelu et endommagent son \u00e9quilibre microbiologique.Les maladies d\u2019abondance de plus en plus fr\u00e9quentes telles que la calvitie, la chute excessive des cheveux et la faiblesse capillaire, les pellicules ou une sensibilit\u00e9 excessive du cuir chevelu contribuent \u00e0 une diminution du bien-\u00eatre, une diminution de l\u2019estime de soi des patients, une sensation de manque d\u2019attrait voire de rejet.<\/p>\n<p>Afin de garder vos cheveux en bon \u00e9tat, vous devez prendre soin de votre cuir chevelu.<\/p>\n<p>Capilarte est une gamme compl\u00e8te de produits de traitement des cheveux et du cuir chevelu pour hommes et femmes.<\/p>\n<p>Nettoie le cuir chevelu\u00a0\u00a0 Il stimule la croissance des cheveux et pr\u00e9vient la chute excessive des cheveux\u00a0\u00a0 Il nourrit les follicules pileux et renforce la tige capillaire\u00a0\u00a0 Il r\u00e9gule et calme le travail des glandes s\u00e9bac\u00e9es, r\u00e9duit la s\u00e9borrh\u00e9e\u00a0\u00a0 R\u00e9duit visiblement l\u2019effet des cheveux gras\u00a0\u00a0 Il a des propri\u00e9t\u00e9s antibact\u00e9riennes et antifongiques\u00a0\u00a0 Restaure l\u2019\u00e9quilibre du microbiome \u00e9pidermique<\/p>\n<\/div>\n<\/div>\n<\/div>","protected":false},"excerpt":{"rendered":"<p>Highlights:Indiqu\u00e9 pour le traitement quotidien des cheveux secs, ab\u00eem\u00e9s, cassants et fourchus. Formul\u00e9 \u00e0 partir de la PhytoKeratine de riz Biokap, une k\u00e9ratine v\u00e9g\u00e9tale qui cr\u00e9e une barri\u00e8re naturelle protectrice et restructure la fibre capillaire.<\/p>","protected":false},"featured_media":48893,"comment_status":"open","ping_status":"closed","template":"","meta":[],"pwb-brand":[2351],"product_cat":[16],"product_tag":[],"class_list":{"0":"post-48892","1":"product","2":"type-product","3":"status-publish","4":"has-post-thumbnail","6":"pwb-brand-dermedic","7":"product_cat-non-classe","8":"pa_brands-dermedic","10":"first","11":"instock","12":"sale","13":"shipping-taxable","14":"purchasable","15":"product-type-simple"},"yoast_head":"<!-- This site is optimized with the Yoast SEO plugin v27.5 - https:\/\/yoast.com\/product\/yoast-seo-wordpress\/ -->\n<title>Dermedic Capilarte Shampoing Apaisant Pour Cheveux et Peau sensibles 300ml - paragaleriedetalborjt<\/title>\n<meta name=\"robots\" content=\"index, follow, max-snippet:-1, max-image-preview:large, max-video-preview:-1\" \/>\n<link rel=\"canonical\" href=\"https:\/\/paragaleriedetalborjt.com\/en\/boutique\/dermedic-capilarte-shampoing-apaisant-pour-cheveux-et-peau-sensibles-300ml\/\" \/>\n<meta property=\"og:locale\" content=\"en_US\" \/>\n<meta property=\"og:type\" content=\"article\" \/>\n<meta property=\"og:title\" content=\"Dermedic Capilarte Shampoing Apaisant Pour Cheveux et Peau sensibles 300ml - paragaleriedetalborjt\" \/>\n<meta property=\"og:description\" content=\"Highlights:Indiqu\u00e9 pour le traitement quotidien des cheveux secs, ab\u00eem\u00e9s, cassants et fourchus. Formul\u00e9 \u00e0 partir de la PhytoKeratine de riz Biokap, une k\u00e9ratine v\u00e9g\u00e9tale qui cr\u00e9e une barri\u00e8re naturelle protectrice et restructure la fibre capillaire.\" \/>\n<meta property=\"og:url\" content=\"https:\/\/paragaleriedetalborjt.com\/en\/boutique\/dermedic-capilarte-shampoing-apaisant-pour-cheveux-et-peau-sensibles-300ml\/\" \/>\n<meta property=\"og:site_name\" content=\"paragaleriedetalborjt\" \/>\n<meta property=\"article:modified_time\" content=\"2026-01-04T13:35:59+00:00\" \/>\n<meta property=\"og:image\" content=\"https:\/\/paragaleriedetalborjt.com\/wp-content\/uploads\/2026\/01\/antipellicules-capilarte-1.jpg\" \/>\n\t<meta property=\"og:image:width\" content=\"595\" \/>\n\t<meta property=\"og:image:height\" content=\"655\" \/>\n\t<meta property=\"og:image:type\" content=\"image\/jpeg\" \/>\n<meta name=\"twitter:card\" content=\"summary_large_image\" \/>\n<meta name=\"twitter:label1\" content=\"Est. reading time\" \/>\n\t<meta name=\"twitter:data1\" content=\"1 minute\" \/>\n<script type=\"application\/ld+json\" class=\"yoast-schema-graph\">{\"@context\":\"https:\\\/\\\/schema.org\",\"@graph\":[{\"@type\":\"WebPage\",\"@id\":\"https:\\\/\\\/paragaleriedetalborjt.com\\\/boutique\\\/dermedic-capilarte-shampoing-apaisant-pour-cheveux-et-peau-sensibles-300ml\\\/\",\"url\":\"https:\\\/\\\/paragaleriedetalborjt.com\\\/boutique\\\/dermedic-capilarte-shampoing-apaisant-pour-cheveux-et-peau-sensibles-300ml\\\/\",\"name\":\"Dermedic Capilarte Shampoing Apaisant Pour Cheveux et Peau sensibles 300ml - paragaleriedetalborjt\",\"isPartOf\":{\"@id\":\"https:\\\/\\\/paragaleriedetalborjt.com\\\/#website\"},\"primaryImageOfPage\":{\"@id\":\"https:\\\/\\\/paragaleriedetalborjt.com\\\/boutique\\\/dermedic-capilarte-shampoing-apaisant-pour-cheveux-et-peau-sensibles-300ml\\\/#primaryimage\"},\"image\":{\"@id\":\"https:\\\/\\\/paragaleriedetalborjt.com\\\/boutique\\\/dermedic-capilarte-shampoing-apaisant-pour-cheveux-et-peau-sensibles-300ml\\\/#primaryimage\"},\"thumbnailUrl\":\"https:\\\/\\\/paragaleriedetalborjt.com\\\/wp-content\\\/uploads\\\/2026\\\/01\\\/antipellicules-capilarte-1.jpg\",\"datePublished\":\"2026-01-04T01:17:01+00:00\",\"dateModified\":\"2026-01-04T13:35:59+00:00\",\"breadcrumb\":{\"@id\":\"https:\\\/\\\/paragaleriedetalborjt.com\\\/boutique\\\/dermedic-capilarte-shampoing-apaisant-pour-cheveux-et-peau-sensibles-300ml\\\/#breadcrumb\"},\"inLanguage\":\"en-US\",\"potentialAction\":[{\"@type\":\"ReadAction\",\"target\":[\"https:\\\/\\\/paragaleriedetalborjt.com\\\/boutique\\\/dermedic-capilarte-shampoing-apaisant-pour-cheveux-et-peau-sensibles-300ml\\\/\"]}]},{\"@type\":\"ImageObject\",\"inLanguage\":\"en-US\",\"@id\":\"https:\\\/\\\/paragaleriedetalborjt.com\\\/boutique\\\/dermedic-capilarte-shampoing-apaisant-pour-cheveux-et-peau-sensibles-300ml\\\/#primaryimage\",\"url\":\"https:\\\/\\\/paragaleriedetalborjt.com\\\/wp-content\\\/uploads\\\/2026\\\/01\\\/antipellicules-capilarte-1.jpg\",\"contentUrl\":\"https:\\\/\\\/paragaleriedetalborjt.com\\\/wp-content\\\/uploads\\\/2026\\\/01\\\/antipellicules-capilarte-1.jpg\",\"width\":595,\"height\":655},{\"@type\":\"BreadcrumbList\",\"@id\":\"https:\\\/\\\/paragaleriedetalborjt.com\\\/boutique\\\/dermedic-capilarte-shampoing-apaisant-pour-cheveux-et-peau-sensibles-300ml\\\/#breadcrumb\",\"itemListElement\":[{\"@type\":\"ListItem\",\"position\":1,\"name\":\"Accueil\",\"item\":\"https:\\\/\\\/paragaleriedetalborjt.com\\\/\"},{\"@type\":\"ListItem\",\"position\":2,\"name\":\"Boutique\",\"item\":\"https:\\\/\\\/paragaleriedetalborjt.com\\\/boutique\\\/\"},{\"@type\":\"ListItem\",\"position\":3,\"name\":\"Dermedic Capilarte Shampoing Apaisant Pour Cheveux et Peau sensibles 300ml\"}]},{\"@type\":\"WebSite\",\"@id\":\"https:\\\/\\\/paragaleriedetalborjt.com\\\/#website\",\"url\":\"https:\\\/\\\/paragaleriedetalborjt.com\\\/\",\"name\":\"paragaleriedetalborjt\",\"description\":\"\",\"potentialAction\":[{\"@type\":\"SearchAction\",\"target\":{\"@type\":\"EntryPoint\",\"urlTemplate\":\"https:\\\/\\\/paragaleriedetalborjt.com\\\/?s={search_term_string}\"},\"query-input\":{\"@type\":\"PropertyValueSpecification\",\"valueRequired\":true,\"valueName\":\"search_term_string\"}}],\"inLanguage\":\"en-US\"}]}<\/script>\n<!-- \/ Yoast SEO plugin. -->","yoast_head_json":{"title":"Dermedic Capilarte Shampoing Apaisant Pour Cheveux et Peau sensibles 300ml - paragaleriedetalborjt","robots":{"index":"index","follow":"follow","max-snippet":"max-snippet:-1","max-image-preview":"max-image-preview:large","max-video-preview":"max-video-preview:-1"},"canonical":"https:\/\/paragaleriedetalborjt.com\/en\/boutique\/dermedic-capilarte-shampoing-apaisant-pour-cheveux-et-peau-sensibles-300ml\/","og_locale":"en_US","og_type":"article","og_title":"Dermedic Capilarte Shampoing Apaisant Pour Cheveux et Peau sensibles 300ml - paragaleriedetalborjt","og_description":"Highlights:Indiqu\u00e9 pour le traitement quotidien des cheveux secs, ab\u00eem\u00e9s, cassants et fourchus. Formul\u00e9 \u00e0 partir de la PhytoKeratine de riz Biokap, une k\u00e9ratine v\u00e9g\u00e9tale qui cr\u00e9e une barri\u00e8re naturelle protectrice et restructure la fibre capillaire.","og_url":"https:\/\/paragaleriedetalborjt.com\/en\/boutique\/dermedic-capilarte-shampoing-apaisant-pour-cheveux-et-peau-sensibles-300ml\/","og_site_name":"paragaleriedetalborjt","article_modified_time":"2026-01-04T13:35:59+00:00","og_image":[{"width":595,"height":655,"url":"https:\/\/paragaleriedetalborjt.com\/wp-content\/uploads\/2026\/01\/antipellicules-capilarte-1.jpg","type":"image\/jpeg"}],"twitter_card":"summary_large_image","twitter_misc":{"Est. reading time":"1 minute"},"schema":{"@context":"https:\/\/schema.org","@graph":[{"@type":"WebPage","@id":"https:\/\/paragaleriedetalborjt.com\/boutique\/dermedic-capilarte-shampoing-apaisant-pour-cheveux-et-peau-sensibles-300ml\/","url":"https:\/\/paragaleriedetalborjt.com\/boutique\/dermedic-capilarte-shampoing-apaisant-pour-cheveux-et-peau-sensibles-300ml\/","name":"Dermedic Capilarte Shampoing Apaisant Pour Cheveux et Peau sensibles 300ml - paragaleriedetalborjt","isPartOf":{"@id":"https:\/\/paragaleriedetalborjt.com\/#website"},"primaryImageOfPage":{"@id":"https:\/\/paragaleriedetalborjt.com\/boutique\/dermedic-capilarte-shampoing-apaisant-pour-cheveux-et-peau-sensibles-300ml\/#primaryimage"},"image":{"@id":"https:\/\/paragaleriedetalborjt.com\/boutique\/dermedic-capilarte-shampoing-apaisant-pour-cheveux-et-peau-sensibles-300ml\/#primaryimage"},"thumbnailUrl":"https:\/\/paragaleriedetalborjt.com\/wp-content\/uploads\/2026\/01\/antipellicules-capilarte-1.jpg","datePublished":"2026-01-04T01:17:01+00:00","dateModified":"2026-01-04T13:35:59+00:00","breadcrumb":{"@id":"https:\/\/paragaleriedetalborjt.com\/boutique\/dermedic-capilarte-shampoing-apaisant-pour-cheveux-et-peau-sensibles-300ml\/#breadcrumb"},"inLanguage":"en-US","potentialAction":[{"@type":"ReadAction","target":["https:\/\/paragaleriedetalborjt.com\/boutique\/dermedic-capilarte-shampoing-apaisant-pour-cheveux-et-peau-sensibles-300ml\/"]}]},{"@type":"ImageObject","inLanguage":"en-US","@id":"https:\/\/paragaleriedetalborjt.com\/boutique\/dermedic-capilarte-shampoing-apaisant-pour-cheveux-et-peau-sensibles-300ml\/#primaryimage","url":"https:\/\/paragaleriedetalborjt.com\/wp-content\/uploads\/2026\/01\/antipellicules-capilarte-1.jpg","contentUrl":"https:\/\/paragaleriedetalborjt.com\/wp-content\/uploads\/2026\/01\/antipellicules-capilarte-1.jpg","width":595,"height":655},{"@type":"BreadcrumbList","@id":"https:\/\/paragaleriedetalborjt.com\/boutique\/dermedic-capilarte-shampoing-apaisant-pour-cheveux-et-peau-sensibles-300ml\/#breadcrumb","itemListElement":[{"@type":"ListItem","position":1,"name":"Accueil","item":"https:\/\/paragaleriedetalborjt.com\/"},{"@type":"ListItem","position":2,"name":"Boutique","item":"https:\/\/paragaleriedetalborjt.com\/boutique\/"},{"@type":"ListItem","position":3,"name":"Dermedic Capilarte Shampoing Apaisant Pour Cheveux et Peau sensibles 300ml"}]},{"@type":"WebSite","@id":"https:\/\/paragaleriedetalborjt.com\/#website","url":"https:\/\/paragaleriedetalborjt.com\/","name":"paragaleriedetalborjt","description":"","potentialAction":[{"@type":"SearchAction","target":{"@type":"EntryPoint","urlTemplate":"https:\/\/paragaleriedetalborjt.com\/?s={search_term_string}"},"query-input":{"@type":"PropertyValueSpecification","valueRequired":true,"valueName":"search_term_string"}}],"inLanguage":"en-US"}]}},"brands":[{"id":2351,"name":"DERMEDIC","slug":"dermedic"}],"_links":{"self":[{"href":"https:\/\/paragaleriedetalborjt.com\/en\/wp-json\/wp\/v2\/product\/48892","targetHints":{"allow":["GET"]}}],"collection":[{"href":"https:\/\/paragaleriedetalborjt.com\/en\/wp-json\/wp\/v2\/product"}],"about":[{"href":"https:\/\/paragaleriedetalborjt.com\/en\/wp-json\/wp\/v2\/types\/product"}],"replies":[{"embeddable":true,"href":"https:\/\/paragaleriedetalborjt.com\/en\/wp-json\/wp\/v2\/comments?post=48892"}],"version-history":[{"count":1,"href":"https:\/\/paragaleriedetalborjt.com\/en\/wp-json\/wp\/v2\/product\/48892\/revisions"}],"predecessor-version":[{"id":48894,"href":"https:\/\/paragaleriedetalborjt.com\/en\/wp-json\/wp\/v2\/product\/48892\/revisions\/48894"}],"wp:featuredmedia":[{"embeddable":true,"href":"https:\/\/paragaleriedetalborjt.com\/en\/wp-json\/wp\/v2\/media\/48893"}],"wp:attachment":[{"href":"https:\/\/paragaleriedetalborjt.com\/en\/wp-json\/wp\/v2\/media?parent=48892"}],"wp:term":[{"taxonomy":"pwb-brand","embeddable":true,"href":"https:\/\/paragaleriedetalborjt.com\/en\/wp-json\/wp\/v2\/pwb-brand?post=48892"},{"taxonomy":"product_cat","embeddable":true,"href":"https:\/\/paragaleriedetalborjt.com\/en\/wp-json\/wp\/v2\/product_cat?post=48892"},{"taxonomy":"product_tag","embeddable":true,"href":"https:\/\/paragaleriedetalborjt.com\/en\/wp-json\/wp\/v2\/product_tag?post=48892"}],"curies":[{"name":"wp","href":"https:\/\/api.w.org\/{rel}","templated":true}]}}