{"id":48865,"date":"2026-01-04T02:15:41","date_gmt":"2026-01-04T01:15:41","guid":{"rendered":"https:\/\/paragaleriedetalborjt.com\/?post_type=product&#038;p=48865"},"modified":"2026-01-04T14:35:54","modified_gmt":"2026-01-04T13:35:54","slug":"novexpert-creme-extra-riche-reparatrice-40ml","status":"publish","type":"product","link":"https:\/\/paragaleriedetalborjt.com\/en\/boutique\/novexpert-creme-extra-riche-reparatrice-40ml\/","title":{"rendered":"Novexpert Creme Extra-riche reparatrice 40ml"},"content":{"rendered":"<div aria-labelledby=\"tab-title-description\" class=\"woocommerce-Tabs-panel woocommerce-Tabs-panel--description panel entry-content wc-tab\" id=\"tab-description\" role=\"tabpanel\" style=\"\">\n<h2>Description<\/h2>\n<div class=\"col-xs-12\">\n<h2>Descriptif<\/h2>\n<p>Douceur garantie, confort absolu : peau visiblement moins s\u00e8che en une seule application !<br \/>\nC\u2019est ce que Novexpert a fait pour cr\u00e9er la Cr\u00e8me Extra-Riche R\u00e9paratrice, un savant m\u00e9lange d\u2019actifs inspir\u00e9s du fluide protecteur des nourrissons et des 5 Om\u00e9gas. Ce baume unique apporte un confort imm\u00e9diat et nourrit durablement la peau, tout cela sans laisser de film gras !<\/p>\n<p>100 % du total est d\u2019origine naturelle<br \/>\n28 % du total des ingr\u00e9dients sont issus de l\u2019Agriculture Biologique<br \/>\nCOSMOS ORGANIC certifi\u00e9 par Ecocert Greenlife selon le r\u00e9f\u00e9rentiel COSMOS<\/p>\n<p>Hypoallerg\u00e9nique<br \/>\nCompatible femmes enceintes et allaitantes<br \/>\nV\u00e9gan &amp; Bio<br \/>\nMade in France<\/p>\n<\/div>\n<div class=\"col-xs-12\">\n<div>Indications<\/div>\n<p>Peaux s\u00e8ches \u00e0 tr\u00e8s s\u00e8ches<\/p>\n<\/div>\n<div class=\"col-xs-12\">\n<div>Formule<\/div>\n<p>Aqua (Water)\u00b0, Glycerin\u00b0, Propanediol\u00b0, Simmondsia Chinensis (Jojoba) Seed Oil\u00b0*, Squalane\u00b0, Caprylic\/Capric Triglyceride\u00b0, C12-16 Alcohols\u00b0, Butyrospermum Parkii (Shea) Butter\u00b0, Palmitic Acid\u00b0, Cetearyl Alcohol\u00b0, Glyceryl Stearate Citrate\u00b0, Lactobacillus Ferment\u00b0, Trehalose\u00b0, Xylitylglucoside\u00b0, Parfum (Fragrance)\u00b0, Hydrogenated Lecithin\u00b0, Stearic Acid\u00b0, Plukenetia Volubilis Seed Oil\u00b0*, Ceramide Np\u00b0, Aloe Barbadensis Leaf Juice Powder\u00b0*, Hippophae Rhamnoides Oil\u00b0*, Anhydroxylitol\u00b0, Phytosphingosine\u00b0, Tocopherol\u00b0, Xylitol\u00b0, Arginine\u00b0, Maltodextrin\u00b0, Laminaria Ochroleuca Extract\u00b0, Xanthan Gum\u00b0, Citric Acid\u00b0, Punica Granatum Seed Oil\u00b0*, Phenethyl Alcohol\u00b0, Phytic Acid\u00b0, Vigna Aconitifolia Seed Extract\u00b0.<\/p>\n<p>* Ingr\u00e9dients issus de l\u2019Agriculture Biologique.<\/p>\n<p>\u00b0 100 % du total est d\u2019origine naturelle<\/p>\n<div>Voir les fiches composants\u2026<\/div>\n<\/div>\n<div class=\"col-xs-12\">\n<h2>Conseils d\u2019utilisation<\/h2>\n<p>Appliquer par petites touches sur l\u2019ensemble du visage et faire p\u00e9n\u00e9trer par massages circulaires ascendants. Une petite quantit\u00e9 de produit est suffisante. Avant le maquillage, laisser p\u00e9n\u00e9trer 5 minutes. Fr\u00e9quence d\u2019utilisation : 1 \u00e0 2 fois par jour (matin et\/ou soir).<\/p>\n<\/div>\n<\/div>","protected":false},"excerpt":{"rendered":"<p>Highlights:Hydrate la peau en continu et aide \u00e0 restaurer la barri\u00e8re protectrice de la peau.\u2022 Besoin :Hydrater | Nourrir | Peau s\u00e8che \u00e0 tr\u00e8s s\u00e8che | Peau sensible.\u2022 Ingr\u00e9dients Cl\u00e9s :C\u00e9ramides (1, 3 et 6-II) pour prot\u00e9ger et nourrir | Acide Hyaluronique pour maintenir la peau hydrat\u00e9e | Glyc\u00e9rine pour adoucir et prot\u00e9ger.\u2022S\u00e9curit\u00e9 :Sans Parfum | Hypoallerg\u00e9nique | Non-Com\u00e9dog\u00e8ne.\u2022 Utilisation :Appliquer aussi souvent que n\u00e9cessaire. Visage, corps et mains.Approuv\u00e9 par les membres de l\u2019Association Fran\u00e7aise de l\u2019Ecz\u00e9ma.<\/p>","protected":false},"featured_media":48866,"comment_status":"open","ping_status":"closed","template":"","meta":[],"pwb-brand":[1593],"product_cat":[16],"product_tag":[],"class_list":{"0":"post-48865","1":"product","2":"type-product","3":"status-publish","4":"has-post-thumbnail","6":"pwb-brand-novexpert","7":"product_cat-non-classe","8":"pa_brands-novexpert","10":"first","11":"instock","12":"sale","13":"shipping-taxable","14":"purchasable","15":"product-type-simple"},"yoast_head":"<!-- This site is optimized with the Yoast SEO plugin v27.5 - https:\/\/yoast.com\/product\/yoast-seo-wordpress\/ -->\n<title>Novexpert Creme Extra-riche reparatrice 40ml - paragaleriedetalborjt<\/title>\n<meta name=\"robots\" content=\"index, follow, max-snippet:-1, max-image-preview:large, max-video-preview:-1\" \/>\n<link rel=\"canonical\" href=\"https:\/\/paragaleriedetalborjt.com\/en\/boutique\/novexpert-creme-extra-riche-reparatrice-40ml\/\" \/>\n<meta property=\"og:locale\" content=\"en_US\" \/>\n<meta property=\"og:type\" content=\"article\" \/>\n<meta property=\"og:title\" content=\"Novexpert Creme Extra-riche reparatrice 40ml - paragaleriedetalborjt\" \/>\n<meta property=\"og:description\" content=\"Highlights:Hydrate la peau en continu et aide \u00e0 restaurer la barri\u00e8re protectrice de la peau.\u2022 Besoin :Hydrater | Nourrir | Peau s\u00e8che \u00e0 tr\u00e8s s\u00e8che | Peau sensible.\u2022 Ingr\u00e9dients Cl\u00e9s :C\u00e9ramides (1, 3 et 6-II) pour prot\u00e9ger et nourrir | Acide Hyaluronique pour maintenir la peau hydrat\u00e9e | Glyc\u00e9rine pour adoucir et prot\u00e9ger.\u2022S\u00e9curit\u00e9 :Sans Parfum | Hypoallerg\u00e9nique | Non-Com\u00e9dog\u00e8ne.\u2022 Utilisation :Appliquer aussi souvent que n\u00e9cessaire. Visage, corps et mains.Approuv\u00e9 par les membres de l\u2019Association Fran\u00e7aise de l\u2019Ecz\u00e9ma.\" \/>\n<meta property=\"og:url\" content=\"https:\/\/paragaleriedetalborjt.com\/en\/boutique\/novexpert-creme-extra-riche-reparatrice-40ml\/\" \/>\n<meta property=\"og:site_name\" content=\"paragaleriedetalborjt\" \/>\n<meta property=\"article:modified_time\" content=\"2026-01-04T13:35:54+00:00\" \/>\n<meta property=\"og:image\" content=\"https:\/\/paragaleriedetalborjt.com\/wp-content\/uploads\/2026\/01\/Creme-reparatrice-Omegas-5-1.jpg\" \/>\n\t<meta property=\"og:image:width\" content=\"594\" \/>\n\t<meta property=\"og:image:height\" content=\"654\" \/>\n\t<meta property=\"og:image:type\" content=\"image\/jpeg\" \/>\n<meta name=\"twitter:card\" content=\"summary_large_image\" \/>\n<meta name=\"twitter:label1\" content=\"Est. reading time\" \/>\n\t<meta name=\"twitter:data1\" content=\"1 minute\" \/>\n<script type=\"application\/ld+json\" class=\"yoast-schema-graph\">{\"@context\":\"https:\\\/\\\/schema.org\",\"@graph\":[{\"@type\":\"WebPage\",\"@id\":\"https:\\\/\\\/paragaleriedetalborjt.com\\\/boutique\\\/novexpert-creme-extra-riche-reparatrice-40ml\\\/\",\"url\":\"https:\\\/\\\/paragaleriedetalborjt.com\\\/boutique\\\/novexpert-creme-extra-riche-reparatrice-40ml\\\/\",\"name\":\"Novexpert Creme Extra-riche reparatrice 40ml - paragaleriedetalborjt\",\"isPartOf\":{\"@id\":\"https:\\\/\\\/paragaleriedetalborjt.com\\\/#website\"},\"primaryImageOfPage\":{\"@id\":\"https:\\\/\\\/paragaleriedetalborjt.com\\\/boutique\\\/novexpert-creme-extra-riche-reparatrice-40ml\\\/#primaryimage\"},\"image\":{\"@id\":\"https:\\\/\\\/paragaleriedetalborjt.com\\\/boutique\\\/novexpert-creme-extra-riche-reparatrice-40ml\\\/#primaryimage\"},\"thumbnailUrl\":\"https:\\\/\\\/paragaleriedetalborjt.com\\\/wp-content\\\/uploads\\\/2026\\\/01\\\/Creme-reparatrice-Omegas-5-1.jpg\",\"datePublished\":\"2026-01-04T01:15:41+00:00\",\"dateModified\":\"2026-01-04T13:35:54+00:00\",\"breadcrumb\":{\"@id\":\"https:\\\/\\\/paragaleriedetalborjt.com\\\/boutique\\\/novexpert-creme-extra-riche-reparatrice-40ml\\\/#breadcrumb\"},\"inLanguage\":\"en-US\",\"potentialAction\":[{\"@type\":\"ReadAction\",\"target\":[\"https:\\\/\\\/paragaleriedetalborjt.com\\\/boutique\\\/novexpert-creme-extra-riche-reparatrice-40ml\\\/\"]}]},{\"@type\":\"ImageObject\",\"inLanguage\":\"en-US\",\"@id\":\"https:\\\/\\\/paragaleriedetalborjt.com\\\/boutique\\\/novexpert-creme-extra-riche-reparatrice-40ml\\\/#primaryimage\",\"url\":\"https:\\\/\\\/paragaleriedetalborjt.com\\\/wp-content\\\/uploads\\\/2026\\\/01\\\/Creme-reparatrice-Omegas-5-1.jpg\",\"contentUrl\":\"https:\\\/\\\/paragaleriedetalborjt.com\\\/wp-content\\\/uploads\\\/2026\\\/01\\\/Creme-reparatrice-Omegas-5-1.jpg\",\"width\":594,\"height\":654},{\"@type\":\"BreadcrumbList\",\"@id\":\"https:\\\/\\\/paragaleriedetalborjt.com\\\/boutique\\\/novexpert-creme-extra-riche-reparatrice-40ml\\\/#breadcrumb\",\"itemListElement\":[{\"@type\":\"ListItem\",\"position\":1,\"name\":\"Accueil\",\"item\":\"https:\\\/\\\/paragaleriedetalborjt.com\\\/\"},{\"@type\":\"ListItem\",\"position\":2,\"name\":\"Boutique\",\"item\":\"https:\\\/\\\/paragaleriedetalborjt.com\\\/boutique\\\/\"},{\"@type\":\"ListItem\",\"position\":3,\"name\":\"Novexpert Creme Extra-riche reparatrice 40ml\"}]},{\"@type\":\"WebSite\",\"@id\":\"https:\\\/\\\/paragaleriedetalborjt.com\\\/#website\",\"url\":\"https:\\\/\\\/paragaleriedetalborjt.com\\\/\",\"name\":\"paragaleriedetalborjt\",\"description\":\"\",\"potentialAction\":[{\"@type\":\"SearchAction\",\"target\":{\"@type\":\"EntryPoint\",\"urlTemplate\":\"https:\\\/\\\/paragaleriedetalborjt.com\\\/?s={search_term_string}\"},\"query-input\":{\"@type\":\"PropertyValueSpecification\",\"valueRequired\":true,\"valueName\":\"search_term_string\"}}],\"inLanguage\":\"en-US\"}]}<\/script>\n<!-- \/ Yoast SEO plugin. -->","yoast_head_json":{"title":"Novexpert Creme Extra-riche reparatrice 40ml - paragaleriedetalborjt","robots":{"index":"index","follow":"follow","max-snippet":"max-snippet:-1","max-image-preview":"max-image-preview:large","max-video-preview":"max-video-preview:-1"},"canonical":"https:\/\/paragaleriedetalborjt.com\/en\/boutique\/novexpert-creme-extra-riche-reparatrice-40ml\/","og_locale":"en_US","og_type":"article","og_title":"Novexpert Creme Extra-riche reparatrice 40ml - paragaleriedetalborjt","og_description":"Highlights:Hydrate la peau en continu et aide \u00e0 restaurer la barri\u00e8re protectrice de la peau.\u2022 Besoin :Hydrater | Nourrir | Peau s\u00e8che \u00e0 tr\u00e8s s\u00e8che | Peau sensible.\u2022 Ingr\u00e9dients Cl\u00e9s :C\u00e9ramides (1, 3 et 6-II) pour prot\u00e9ger et nourrir | Acide Hyaluronique pour maintenir la peau hydrat\u00e9e | Glyc\u00e9rine pour adoucir et prot\u00e9ger.\u2022S\u00e9curit\u00e9 :Sans Parfum | Hypoallerg\u00e9nique | Non-Com\u00e9dog\u00e8ne.\u2022 Utilisation :Appliquer aussi souvent que n\u00e9cessaire. Visage, corps et mains.Approuv\u00e9 par les membres de l\u2019Association Fran\u00e7aise de l\u2019Ecz\u00e9ma.","og_url":"https:\/\/paragaleriedetalborjt.com\/en\/boutique\/novexpert-creme-extra-riche-reparatrice-40ml\/","og_site_name":"paragaleriedetalborjt","article_modified_time":"2026-01-04T13:35:54+00:00","og_image":[{"width":594,"height":654,"url":"https:\/\/paragaleriedetalborjt.com\/wp-content\/uploads\/2026\/01\/Creme-reparatrice-Omegas-5-1.jpg","type":"image\/jpeg"}],"twitter_card":"summary_large_image","twitter_misc":{"Est. reading time":"1 minute"},"schema":{"@context":"https:\/\/schema.org","@graph":[{"@type":"WebPage","@id":"https:\/\/paragaleriedetalborjt.com\/boutique\/novexpert-creme-extra-riche-reparatrice-40ml\/","url":"https:\/\/paragaleriedetalborjt.com\/boutique\/novexpert-creme-extra-riche-reparatrice-40ml\/","name":"Novexpert Creme Extra-riche reparatrice 40ml - paragaleriedetalborjt","isPartOf":{"@id":"https:\/\/paragaleriedetalborjt.com\/#website"},"primaryImageOfPage":{"@id":"https:\/\/paragaleriedetalborjt.com\/boutique\/novexpert-creme-extra-riche-reparatrice-40ml\/#primaryimage"},"image":{"@id":"https:\/\/paragaleriedetalborjt.com\/boutique\/novexpert-creme-extra-riche-reparatrice-40ml\/#primaryimage"},"thumbnailUrl":"https:\/\/paragaleriedetalborjt.com\/wp-content\/uploads\/2026\/01\/Creme-reparatrice-Omegas-5-1.jpg","datePublished":"2026-01-04T01:15:41+00:00","dateModified":"2026-01-04T13:35:54+00:00","breadcrumb":{"@id":"https:\/\/paragaleriedetalborjt.com\/boutique\/novexpert-creme-extra-riche-reparatrice-40ml\/#breadcrumb"},"inLanguage":"en-US","potentialAction":[{"@type":"ReadAction","target":["https:\/\/paragaleriedetalborjt.com\/boutique\/novexpert-creme-extra-riche-reparatrice-40ml\/"]}]},{"@type":"ImageObject","inLanguage":"en-US","@id":"https:\/\/paragaleriedetalborjt.com\/boutique\/novexpert-creme-extra-riche-reparatrice-40ml\/#primaryimage","url":"https:\/\/paragaleriedetalborjt.com\/wp-content\/uploads\/2026\/01\/Creme-reparatrice-Omegas-5-1.jpg","contentUrl":"https:\/\/paragaleriedetalborjt.com\/wp-content\/uploads\/2026\/01\/Creme-reparatrice-Omegas-5-1.jpg","width":594,"height":654},{"@type":"BreadcrumbList","@id":"https:\/\/paragaleriedetalborjt.com\/boutique\/novexpert-creme-extra-riche-reparatrice-40ml\/#breadcrumb","itemListElement":[{"@type":"ListItem","position":1,"name":"Accueil","item":"https:\/\/paragaleriedetalborjt.com\/"},{"@type":"ListItem","position":2,"name":"Boutique","item":"https:\/\/paragaleriedetalborjt.com\/boutique\/"},{"@type":"ListItem","position":3,"name":"Novexpert Creme Extra-riche reparatrice 40ml"}]},{"@type":"WebSite","@id":"https:\/\/paragaleriedetalborjt.com\/#website","url":"https:\/\/paragaleriedetalborjt.com\/","name":"paragaleriedetalborjt","description":"","potentialAction":[{"@type":"SearchAction","target":{"@type":"EntryPoint","urlTemplate":"https:\/\/paragaleriedetalborjt.com\/?s={search_term_string}"},"query-input":{"@type":"PropertyValueSpecification","valueRequired":true,"valueName":"search_term_string"}}],"inLanguage":"en-US"}]}},"brands":[{"id":1593,"name":"NOVEXPERT","slug":"novexpert"}],"_links":{"self":[{"href":"https:\/\/paragaleriedetalborjt.com\/en\/wp-json\/wp\/v2\/product\/48865","targetHints":{"allow":["GET"]}}],"collection":[{"href":"https:\/\/paragaleriedetalborjt.com\/en\/wp-json\/wp\/v2\/product"}],"about":[{"href":"https:\/\/paragaleriedetalborjt.com\/en\/wp-json\/wp\/v2\/types\/product"}],"replies":[{"embeddable":true,"href":"https:\/\/paragaleriedetalborjt.com\/en\/wp-json\/wp\/v2\/comments?post=48865"}],"version-history":[{"count":1,"href":"https:\/\/paragaleriedetalborjt.com\/en\/wp-json\/wp\/v2\/product\/48865\/revisions"}],"predecessor-version":[{"id":48867,"href":"https:\/\/paragaleriedetalborjt.com\/en\/wp-json\/wp\/v2\/product\/48865\/revisions\/48867"}],"wp:featuredmedia":[{"embeddable":true,"href":"https:\/\/paragaleriedetalborjt.com\/en\/wp-json\/wp\/v2\/media\/48866"}],"wp:attachment":[{"href":"https:\/\/paragaleriedetalborjt.com\/en\/wp-json\/wp\/v2\/media?parent=48865"}],"wp:term":[{"taxonomy":"pwb-brand","embeddable":true,"href":"https:\/\/paragaleriedetalborjt.com\/en\/wp-json\/wp\/v2\/pwb-brand?post=48865"},{"taxonomy":"product_cat","embeddable":true,"href":"https:\/\/paragaleriedetalborjt.com\/en\/wp-json\/wp\/v2\/product_cat?post=48865"},{"taxonomy":"product_tag","embeddable":true,"href":"https:\/\/paragaleriedetalborjt.com\/en\/wp-json\/wp\/v2\/product_tag?post=48865"}],"curies":[{"name":"wp","href":"https:\/\/api.w.org\/{rel}","templated":true}]}}