{"id":48862,"date":"2026-01-04T02:15:34","date_gmt":"2026-01-04T01:15:34","guid":{"rendered":"https:\/\/paragaleriedetalborjt.com\/?post_type=product&#038;p=48862"},"modified":"2026-01-04T14:35:54","modified_gmt":"2026-01-04T13:35:54","slug":"novexpert-creme-riche-protectrice-40ml","status":"publish","type":"product","link":"https:\/\/paragaleriedetalborjt.com\/en\/boutique\/novexpert-creme-riche-protectrice-40ml\/","title":{"rendered":"Novexpert Creme riche Protectrice 40ml"},"content":{"rendered":"<div aria-labelledby=\"tab-title-description\" class=\"woocommerce-Tabs-panel woocommerce-Tabs-panel--description panel entry-content wc-tab\" id=\"tab-description\" role=\"tabpanel\" style=\"\">\n<h2>Description<\/h2>\n<div class=\"woocommerce-Tabs-panel woocommerce-Tabs-panel--description panel entry-content wc-tab\" id=\"tab-description\" style=\"display: none;\">\n<div class=\"wc-tab-inner\">\n<div class=\"\">\n<div class=\"product-tabs\">\n<h3 class=\"tabs-title\">Description<\/h3>\n<div class=\"std new-std\">\n<p>NOVEXPERT<br \/>\nOmegas<br \/>\nCr\u00e8me riche protectrice<br \/>\nFormule 100% d\u2019origine naturelle<br \/>\n40ml<\/p>\n<p>Pour retrouver une peau de b\u00e9b\u00e9 douce et confortable, rien de plus naturel que de prendre exemple sur\u2026 les b\u00e9b\u00e9s !<br \/>\nLa<strong>\u00a0Cr\u00e8me Riche Protectrice<\/strong>\u00a0contient des actifs inspir\u00e9s du fabuleux Vernix Caseosa, ce fluide qui recouvre la peau des nourrissons \u00e0 la naissance et la prot\u00e8ge des agressions ext\u00e9rieures. Associ\u00e9s non pas \u00e0 1, ni 2 mais aux 5 Om\u00e9gas b\u00e9n\u00e9fiques pour la peau, cette cr\u00e8me unique sur le march\u00e9 cosm\u00e9tique, apporte un confort imm\u00e9diat et nourrit durablement la peau, tout cela sans laisser de film gras ! Etes-vous pr\u00eats \u00e0 embarquer sur un petit nuage de douceur ?<\/p>\n<p>Les dermatologues sont formels :\u00a0Sans om\u00e9gas, ces pr\u00e9cieux lipides, la peau s\u2019ass\u00e8che jusqu\u2019au \u00ab burn out cutan\u00e9 \u00bb avec en prime une sensation de tiraillement.<\/p>\n<p>Mais parfois, la vie moderne impose ses limites :<br \/>\n= L\u2019alimentation occidentale n\u2019apporte que 30% des om\u00e9gas n\u00e9cessaires<br \/>\n= Le stress, la pollution et le tabac\u2026 les r\u00e9duisent de pr\u00e8s de 50% !<\/p>\n<p>En attendant de changer le contenu de votre assiette, commencez par celui de votre tube avec Novexpert !<\/p>\n<p>Recettes 100% NATURELLES &amp; VEGAN pour un MENU ANTI PEAUX-SECHES<\/p>\n<p>L\u2019entr\u00e9e : les Om\u00e9gas<br \/>\nIssus d\u2019huiles v\u00e9g\u00e9tales rares et pr\u00e9cieuses (argousier, grenade, Inca Inchi\u2026), les 5 om\u00e9gas b\u00e9n\u00e9fiques pour la peau sont r\u00e9unis:<br \/>\n= Om\u00e9gas 6 &amp; 9 pour nourrir intens\u00e9ment<br \/>\n= Om\u00e9ga 3 pour apaiser durablement<br \/>\n= Om\u00e9gas 5 &amp; 7 pour r\u00e9g\u00e9n\u00e9rer profond\u00e9ment<\/p>\n<p>Le plat : Vernix caseosa<br \/>\nInspir\u00e9 directement de l\u2019extraordinaire fluide qui prot\u00e8ge la peau des b\u00e9b\u00e9s \u00e0 leur naissance (le vernix caseosa), la Cr\u00e8me Extra Riche R\u00e9paratrice est un v\u00e9ritable cocon innovant cr\u00e9\u00e9 par Novexpert, \u00e0 base de beurres v\u00e9g\u00e9taux, pour envelopper imm\u00e9diatement la peau.<\/p>\n<p>Le dessert : Cocktail anti-\u00e2ge<br \/>\nUn subtil m\u00e9lange de sucres naturels, d\u2019extrait d\u2019algue (boosters d\u2019acide hyaluronique et de collag\u00e8ne). Rajouter \u00e0 cela un zeste de vitamine antioxydante\u2026 Cela donne le cocktail parfait pour prot\u00e8ger et lisser l\u2019\u00e9piderme, visiblement d\u00e8s le 1er mois !<\/p>\n<\/div>\n<\/div>\n<div class=\"product-tabs\">\n<h3 class=\"tabs-title\">Conseils d\u2019utilisation<\/h3>\n<div class=\"std new-std\">\n<p>Appliquer par petites touches sur l\u2019ensemble du visage et faire p\u00e9n\u00e9trer par massages circulaires ascendants. Une petite quantit\u00e9 de produit est suffisante. Avant le maquillage, laisser p\u00e9n\u00e9trer 5 minutes. Fr\u00e9quence d\u2019utilisation : 1 \u00e0 2 fois par jour (matin et\/ou soir).<\/p>\n<\/div>\n<\/div>\n<\/div>\n<\/div>\n<\/div>\n<\/div>","protected":false},"excerpt":{"rendered":"<p>Highlights:Pour retrouver une peau de b\u00e9b\u00e9 douce et confortable, rien de plus naturel que de prendre exemple sur\u2026 les b\u00e9b\u00e9s !LaCr\u00e8me Riche Protectricecontient des actifs inspir\u00e9s du fabuleux Vernix Caseosa, ce fluide qui recouvre la peau des nourrissons \u00e0 la naissance et la prot\u00e8ge des agressions ext\u00e9rieures. Associ\u00e9s non pas \u00e0 1, ni 2 mais aux 5 Om\u00e9gas b\u00e9n\u00e9fiques pour la peau, cette cr\u00e8me unique sur le march\u00e9 cosm\u00e9tique,<\/p>","protected":false},"featured_media":48863,"comment_status":"open","ping_status":"closed","template":"","meta":[],"pwb-brand":[1593],"product_cat":[16],"product_tag":[],"class_list":{"0":"post-48862","1":"product","2":"type-product","3":"status-publish","4":"has-post-thumbnail","6":"pwb-brand-novexpert","7":"product_cat-non-classe","8":"pa_brands-novexpert","10":"first","11":"instock","12":"sale","13":"shipping-taxable","14":"purchasable","15":"product-type-simple"},"yoast_head":"<!-- This site is optimized with the Yoast SEO plugin v27.5 - https:\/\/yoast.com\/product\/yoast-seo-wordpress\/ -->\n<title>Novexpert Creme riche Protectrice 40ml - paragaleriedetalborjt<\/title>\n<meta name=\"robots\" content=\"index, follow, max-snippet:-1, max-image-preview:large, max-video-preview:-1\" \/>\n<link rel=\"canonical\" href=\"https:\/\/paragaleriedetalborjt.com\/en\/boutique\/novexpert-creme-riche-protectrice-40ml\/\" \/>\n<meta property=\"og:locale\" content=\"en_US\" \/>\n<meta property=\"og:type\" content=\"article\" \/>\n<meta property=\"og:title\" content=\"Novexpert Creme riche Protectrice 40ml - paragaleriedetalborjt\" \/>\n<meta property=\"og:description\" content=\"Highlights:Pour retrouver une peau de b\u00e9b\u00e9 douce et confortable, rien de plus naturel que de prendre exemple sur\u2026 les b\u00e9b\u00e9s !LaCr\u00e8me Riche Protectricecontient des actifs inspir\u00e9s du fabuleux Vernix Caseosa, ce fluide qui recouvre la peau des nourrissons \u00e0 la naissance et la prot\u00e8ge des agressions ext\u00e9rieures. Associ\u00e9s non pas \u00e0 1, ni 2 mais aux 5 Om\u00e9gas b\u00e9n\u00e9fiques pour la peau, cette cr\u00e8me unique sur le march\u00e9 cosm\u00e9tique,\" \/>\n<meta property=\"og:url\" content=\"https:\/\/paragaleriedetalborjt.com\/en\/boutique\/novexpert-creme-riche-protectrice-40ml\/\" \/>\n<meta property=\"og:site_name\" content=\"paragaleriedetalborjt\" \/>\n<meta property=\"article:modified_time\" content=\"2026-01-04T13:35:54+00:00\" \/>\n<meta property=\"og:image\" content=\"https:\/\/paragaleriedetalborjt.com\/wp-content\/uploads\/2026\/01\/novexpert-omegas-creme-riche-protectrice.jpg\" \/>\n\t<meta property=\"og:image:width\" content=\"595\" \/>\n\t<meta property=\"og:image:height\" content=\"655\" \/>\n\t<meta property=\"og:image:type\" content=\"image\/jpeg\" \/>\n<meta name=\"twitter:card\" content=\"summary_large_image\" \/>\n<meta name=\"twitter:label1\" content=\"Est. reading time\" \/>\n\t<meta name=\"twitter:data1\" content=\"2 minutes\" \/>\n<script type=\"application\/ld+json\" class=\"yoast-schema-graph\">{\"@context\":\"https:\\\/\\\/schema.org\",\"@graph\":[{\"@type\":\"WebPage\",\"@id\":\"https:\\\/\\\/paragaleriedetalborjt.com\\\/boutique\\\/novexpert-creme-riche-protectrice-40ml\\\/\",\"url\":\"https:\\\/\\\/paragaleriedetalborjt.com\\\/boutique\\\/novexpert-creme-riche-protectrice-40ml\\\/\",\"name\":\"Novexpert Creme riche Protectrice 40ml - paragaleriedetalborjt\",\"isPartOf\":{\"@id\":\"https:\\\/\\\/paragaleriedetalborjt.com\\\/#website\"},\"primaryImageOfPage\":{\"@id\":\"https:\\\/\\\/paragaleriedetalborjt.com\\\/boutique\\\/novexpert-creme-riche-protectrice-40ml\\\/#primaryimage\"},\"image\":{\"@id\":\"https:\\\/\\\/paragaleriedetalborjt.com\\\/boutique\\\/novexpert-creme-riche-protectrice-40ml\\\/#primaryimage\"},\"thumbnailUrl\":\"https:\\\/\\\/paragaleriedetalborjt.com\\\/wp-content\\\/uploads\\\/2026\\\/01\\\/novexpert-omegas-creme-riche-protectrice.jpg\",\"datePublished\":\"2026-01-04T01:15:34+00:00\",\"dateModified\":\"2026-01-04T13:35:54+00:00\",\"breadcrumb\":{\"@id\":\"https:\\\/\\\/paragaleriedetalborjt.com\\\/boutique\\\/novexpert-creme-riche-protectrice-40ml\\\/#breadcrumb\"},\"inLanguage\":\"en-US\",\"potentialAction\":[{\"@type\":\"ReadAction\",\"target\":[\"https:\\\/\\\/paragaleriedetalborjt.com\\\/boutique\\\/novexpert-creme-riche-protectrice-40ml\\\/\"]}]},{\"@type\":\"ImageObject\",\"inLanguage\":\"en-US\",\"@id\":\"https:\\\/\\\/paragaleriedetalborjt.com\\\/boutique\\\/novexpert-creme-riche-protectrice-40ml\\\/#primaryimage\",\"url\":\"https:\\\/\\\/paragaleriedetalborjt.com\\\/wp-content\\\/uploads\\\/2026\\\/01\\\/novexpert-omegas-creme-riche-protectrice.jpg\",\"contentUrl\":\"https:\\\/\\\/paragaleriedetalborjt.com\\\/wp-content\\\/uploads\\\/2026\\\/01\\\/novexpert-omegas-creme-riche-protectrice.jpg\",\"width\":595,\"height\":655},{\"@type\":\"BreadcrumbList\",\"@id\":\"https:\\\/\\\/paragaleriedetalborjt.com\\\/boutique\\\/novexpert-creme-riche-protectrice-40ml\\\/#breadcrumb\",\"itemListElement\":[{\"@type\":\"ListItem\",\"position\":1,\"name\":\"Accueil\",\"item\":\"https:\\\/\\\/paragaleriedetalborjt.com\\\/\"},{\"@type\":\"ListItem\",\"position\":2,\"name\":\"Boutique\",\"item\":\"https:\\\/\\\/paragaleriedetalborjt.com\\\/boutique\\\/\"},{\"@type\":\"ListItem\",\"position\":3,\"name\":\"Novexpert Creme riche Protectrice 40ml\"}]},{\"@type\":\"WebSite\",\"@id\":\"https:\\\/\\\/paragaleriedetalborjt.com\\\/#website\",\"url\":\"https:\\\/\\\/paragaleriedetalborjt.com\\\/\",\"name\":\"paragaleriedetalborjt\",\"description\":\"\",\"potentialAction\":[{\"@type\":\"SearchAction\",\"target\":{\"@type\":\"EntryPoint\",\"urlTemplate\":\"https:\\\/\\\/paragaleriedetalborjt.com\\\/?s={search_term_string}\"},\"query-input\":{\"@type\":\"PropertyValueSpecification\",\"valueRequired\":true,\"valueName\":\"search_term_string\"}}],\"inLanguage\":\"en-US\"}]}<\/script>\n<!-- \/ Yoast SEO plugin. -->","yoast_head_json":{"title":"Novexpert Creme riche Protectrice 40ml - paragaleriedetalborjt","robots":{"index":"index","follow":"follow","max-snippet":"max-snippet:-1","max-image-preview":"max-image-preview:large","max-video-preview":"max-video-preview:-1"},"canonical":"https:\/\/paragaleriedetalborjt.com\/en\/boutique\/novexpert-creme-riche-protectrice-40ml\/","og_locale":"en_US","og_type":"article","og_title":"Novexpert Creme riche Protectrice 40ml - paragaleriedetalborjt","og_description":"Highlights:Pour retrouver une peau de b\u00e9b\u00e9 douce et confortable, rien de plus naturel que de prendre exemple sur\u2026 les b\u00e9b\u00e9s !LaCr\u00e8me Riche Protectricecontient des actifs inspir\u00e9s du fabuleux Vernix Caseosa, ce fluide qui recouvre la peau des nourrissons \u00e0 la naissance et la prot\u00e8ge des agressions ext\u00e9rieures. Associ\u00e9s non pas \u00e0 1, ni 2 mais aux 5 Om\u00e9gas b\u00e9n\u00e9fiques pour la peau, cette cr\u00e8me unique sur le march\u00e9 cosm\u00e9tique,","og_url":"https:\/\/paragaleriedetalborjt.com\/en\/boutique\/novexpert-creme-riche-protectrice-40ml\/","og_site_name":"paragaleriedetalborjt","article_modified_time":"2026-01-04T13:35:54+00:00","og_image":[{"width":595,"height":655,"url":"https:\/\/paragaleriedetalborjt.com\/wp-content\/uploads\/2026\/01\/novexpert-omegas-creme-riche-protectrice.jpg","type":"image\/jpeg"}],"twitter_card":"summary_large_image","twitter_misc":{"Est. reading time":"2 minutes"},"schema":{"@context":"https:\/\/schema.org","@graph":[{"@type":"WebPage","@id":"https:\/\/paragaleriedetalborjt.com\/boutique\/novexpert-creme-riche-protectrice-40ml\/","url":"https:\/\/paragaleriedetalborjt.com\/boutique\/novexpert-creme-riche-protectrice-40ml\/","name":"Novexpert Creme riche Protectrice 40ml - paragaleriedetalborjt","isPartOf":{"@id":"https:\/\/paragaleriedetalborjt.com\/#website"},"primaryImageOfPage":{"@id":"https:\/\/paragaleriedetalborjt.com\/boutique\/novexpert-creme-riche-protectrice-40ml\/#primaryimage"},"image":{"@id":"https:\/\/paragaleriedetalborjt.com\/boutique\/novexpert-creme-riche-protectrice-40ml\/#primaryimage"},"thumbnailUrl":"https:\/\/paragaleriedetalborjt.com\/wp-content\/uploads\/2026\/01\/novexpert-omegas-creme-riche-protectrice.jpg","datePublished":"2026-01-04T01:15:34+00:00","dateModified":"2026-01-04T13:35:54+00:00","breadcrumb":{"@id":"https:\/\/paragaleriedetalborjt.com\/boutique\/novexpert-creme-riche-protectrice-40ml\/#breadcrumb"},"inLanguage":"en-US","potentialAction":[{"@type":"ReadAction","target":["https:\/\/paragaleriedetalborjt.com\/boutique\/novexpert-creme-riche-protectrice-40ml\/"]}]},{"@type":"ImageObject","inLanguage":"en-US","@id":"https:\/\/paragaleriedetalborjt.com\/boutique\/novexpert-creme-riche-protectrice-40ml\/#primaryimage","url":"https:\/\/paragaleriedetalborjt.com\/wp-content\/uploads\/2026\/01\/novexpert-omegas-creme-riche-protectrice.jpg","contentUrl":"https:\/\/paragaleriedetalborjt.com\/wp-content\/uploads\/2026\/01\/novexpert-omegas-creme-riche-protectrice.jpg","width":595,"height":655},{"@type":"BreadcrumbList","@id":"https:\/\/paragaleriedetalborjt.com\/boutique\/novexpert-creme-riche-protectrice-40ml\/#breadcrumb","itemListElement":[{"@type":"ListItem","position":1,"name":"Accueil","item":"https:\/\/paragaleriedetalborjt.com\/"},{"@type":"ListItem","position":2,"name":"Boutique","item":"https:\/\/paragaleriedetalborjt.com\/boutique\/"},{"@type":"ListItem","position":3,"name":"Novexpert Creme riche Protectrice 40ml"}]},{"@type":"WebSite","@id":"https:\/\/paragaleriedetalborjt.com\/#website","url":"https:\/\/paragaleriedetalborjt.com\/","name":"paragaleriedetalborjt","description":"","potentialAction":[{"@type":"SearchAction","target":{"@type":"EntryPoint","urlTemplate":"https:\/\/paragaleriedetalborjt.com\/?s={search_term_string}"},"query-input":{"@type":"PropertyValueSpecification","valueRequired":true,"valueName":"search_term_string"}}],"inLanguage":"en-US"}]}},"brands":[{"id":1593,"name":"NOVEXPERT","slug":"novexpert"}],"_links":{"self":[{"href":"https:\/\/paragaleriedetalborjt.com\/en\/wp-json\/wp\/v2\/product\/48862","targetHints":{"allow":["GET"]}}],"collection":[{"href":"https:\/\/paragaleriedetalborjt.com\/en\/wp-json\/wp\/v2\/product"}],"about":[{"href":"https:\/\/paragaleriedetalborjt.com\/en\/wp-json\/wp\/v2\/types\/product"}],"replies":[{"embeddable":true,"href":"https:\/\/paragaleriedetalborjt.com\/en\/wp-json\/wp\/v2\/comments?post=48862"}],"version-history":[{"count":1,"href":"https:\/\/paragaleriedetalborjt.com\/en\/wp-json\/wp\/v2\/product\/48862\/revisions"}],"predecessor-version":[{"id":48864,"href":"https:\/\/paragaleriedetalborjt.com\/en\/wp-json\/wp\/v2\/product\/48862\/revisions\/48864"}],"wp:featuredmedia":[{"embeddable":true,"href":"https:\/\/paragaleriedetalborjt.com\/en\/wp-json\/wp\/v2\/media\/48863"}],"wp:attachment":[{"href":"https:\/\/paragaleriedetalborjt.com\/en\/wp-json\/wp\/v2\/media?parent=48862"}],"wp:term":[{"taxonomy":"pwb-brand","embeddable":true,"href":"https:\/\/paragaleriedetalborjt.com\/en\/wp-json\/wp\/v2\/pwb-brand?post=48862"},{"taxonomy":"product_cat","embeddable":true,"href":"https:\/\/paragaleriedetalborjt.com\/en\/wp-json\/wp\/v2\/product_cat?post=48862"},{"taxonomy":"product_tag","embeddable":true,"href":"https:\/\/paragaleriedetalborjt.com\/en\/wp-json\/wp\/v2\/product_tag?post=48862"}],"curies":[{"name":"wp","href":"https:\/\/api.w.org\/{rel}","templated":true}]}}