{"id":48850,"date":"2026-01-04T02:14:59","date_gmt":"2026-01-04T01:14:59","guid":{"rendered":"https:\/\/paragaleriedetalborjt.com\/?post_type=product&#038;p=48850"},"modified":"2026-01-04T14:35:51","modified_gmt":"2026-01-04T13:35:51","slug":"algologie-gomme-marine-creme-gommante-desincrustante-50ml","status":"publish","type":"product","link":"https:\/\/paragaleriedetalborjt.com\/en\/boutique\/algologie-gomme-marine-creme-gommante-desincrustante-50ml\/","title":{"rendered":"Algologie Gomme Marine \u2013 Cr\u00e8me Gommante &#038; D\u00e9sincrustante 50ml"},"content":{"rendered":"<div aria-labelledby=\"tab-title-description\" class=\"woocommerce-Tabs-panel woocommerce-Tabs-panel--description panel entry-content wc-tab\" id=\"tab-description\" role=\"tabpanel\" style=\"\">\n<h2>Description<\/h2>\n<div class=\"tab-pane fade in active\" id=\"description\" role=\"tabpanel\">\n<div class=\"product-description\">\n<h2>R\u00e9sultats<\/h2>\n<p>La peau retrouve douceur, luminosit\u00e9 et uniformit\u00e9.<\/p>\n<h2>Sensorialit\u00e9<\/h2>\n<p>Une texture qui devient gomme sous l\u2019action m\u00e9canique.<\/p>\n<h2>Utilisation<\/h2>\n<p>Appliquer en couche fine sur le visage et le cou. Apr\u00e8s 5 min de pause, proc\u00e9der au gommage avec des mouvements circulaires, rincer \u00e0 l\u2019eau ti\u00e8de et tonifier. 1 \u00e0 2 fois par semaine.<\/p>\n<p>\u00a0<\/p>\n<\/div>\n<\/div>\n<\/div>","protected":false},"excerpt":{"rendered":"<p>Highlights:Cette cr\u00e8me onctueuse, qui devient gomme, stimule le renouvellement cellulaire et favorise l\u2019\u00e9clat du teint. L\u2019association de Cellulose Naturelle et de Kaolin permet d\u2019exfolier les cellules mortes et d\u2019absorber les impuret\u00e9s.0% PEG, PARAB\u00c8NES, HUILE MIN\u00c9RALE, PHTALATE, PH\u00c9NOXY\u00c9THANOL ET SILICONE<\/p>","protected":false},"featured_media":48851,"comment_status":"open","ping_status":"closed","template":"","meta":[],"pwb-brand":[2074],"product_cat":[16],"product_tag":[],"class_list":{"0":"post-48850","1":"product","2":"type-product","3":"status-publish","4":"has-post-thumbnail","6":"pwb-brand-algologie","7":"product_cat-non-classe","8":"pa_brands-algologie","10":"first","11":"instock","12":"sale","13":"shipping-taxable","14":"purchasable","15":"product-type-simple"},"yoast_head":"<!-- This site is optimized with the Yoast SEO plugin v26.9 - https:\/\/yoast.com\/product\/yoast-seo-wordpress\/ -->\n<title>Algologie Gomme Marine \u2013 Cr\u00e8me Gommante &amp; D\u00e9sincrustante 50ml - paragaleriedetalborjt<\/title>\n<meta name=\"robots\" content=\"index, follow, max-snippet:-1, max-image-preview:large, max-video-preview:-1\" \/>\n<link rel=\"canonical\" href=\"https:\/\/paragaleriedetalborjt.com\/en\/boutique\/algologie-gomme-marine-creme-gommante-desincrustante-50ml\/\" \/>\n<meta property=\"og:locale\" content=\"en_US\" \/>\n<meta property=\"og:type\" content=\"article\" \/>\n<meta property=\"og:title\" content=\"Algologie Gomme Marine \u2013 Cr\u00e8me Gommante &amp; D\u00e9sincrustante 50ml - paragaleriedetalborjt\" \/>\n<meta property=\"og:description\" content=\"Highlights:Cette cr\u00e8me onctueuse, qui devient gomme, stimule le renouvellement cellulaire et favorise l\u2019\u00e9clat du teint. L\u2019association de Cellulose Naturelle et de Kaolin permet d\u2019exfolier les cellules mortes et d\u2019absorber les impuret\u00e9s.0% PEG, PARAB\u00c8NES, HUILE MIN\u00c9RALE, PHTALATE, PH\u00c9NOXY\u00c9THANOL ET SILICONE\" \/>\n<meta property=\"og:url\" content=\"https:\/\/paragaleriedetalborjt.com\/en\/boutique\/algologie-gomme-marine-creme-gommante-desincrustante-50ml\/\" \/>\n<meta property=\"og:site_name\" content=\"paragaleriedetalborjt\" \/>\n<meta property=\"article:modified_time\" content=\"2026-01-04T13:35:51+00:00\" \/>\n<meta property=\"og:image\" content=\"https:\/\/paragaleriedetalborjt.com\/wp-content\/uploads\/2026\/01\/algologie-gomme-marine-creme-gommante-desincrustante.jpg\" \/>\n\t<meta property=\"og:image:width\" content=\"595\" \/>\n\t<meta property=\"og:image:height\" content=\"655\" \/>\n\t<meta property=\"og:image:type\" content=\"image\/jpeg\" \/>\n<meta name=\"twitter:card\" content=\"summary_large_image\" \/>\n<script type=\"application\/ld+json\" class=\"yoast-schema-graph\">{\"@context\":\"https:\/\/schema.org\",\"@graph\":[{\"@type\":\"WebPage\",\"@id\":\"https:\/\/paragaleriedetalborjt.com\/boutique\/algologie-gomme-marine-creme-gommante-desincrustante-50ml\/\",\"url\":\"https:\/\/paragaleriedetalborjt.com\/boutique\/algologie-gomme-marine-creme-gommante-desincrustante-50ml\/\",\"name\":\"Algologie Gomme Marine \u2013 Cr\u00e8me Gommante & D\u00e9sincrustante 50ml - paragaleriedetalborjt\",\"isPartOf\":{\"@id\":\"https:\/\/paragaleriedetalborjt.com\/#website\"},\"primaryImageOfPage\":{\"@id\":\"https:\/\/paragaleriedetalborjt.com\/boutique\/algologie-gomme-marine-creme-gommante-desincrustante-50ml\/#primaryimage\"},\"image\":{\"@id\":\"https:\/\/paragaleriedetalborjt.com\/boutique\/algologie-gomme-marine-creme-gommante-desincrustante-50ml\/#primaryimage\"},\"thumbnailUrl\":\"https:\/\/paragaleriedetalborjt.com\/wp-content\/uploads\/2026\/01\/algologie-gomme-marine-creme-gommante-desincrustante.jpg\",\"datePublished\":\"2026-01-04T01:14:59+00:00\",\"dateModified\":\"2026-01-04T13:35:51+00:00\",\"breadcrumb\":{\"@id\":\"https:\/\/paragaleriedetalborjt.com\/boutique\/algologie-gomme-marine-creme-gommante-desincrustante-50ml\/#breadcrumb\"},\"inLanguage\":\"en-US\",\"potentialAction\":[{\"@type\":\"ReadAction\",\"target\":[\"https:\/\/paragaleriedetalborjt.com\/boutique\/algologie-gomme-marine-creme-gommante-desincrustante-50ml\/\"]}]},{\"@type\":\"ImageObject\",\"inLanguage\":\"en-US\",\"@id\":\"https:\/\/paragaleriedetalborjt.com\/boutique\/algologie-gomme-marine-creme-gommante-desincrustante-50ml\/#primaryimage\",\"url\":\"https:\/\/paragaleriedetalborjt.com\/wp-content\/uploads\/2026\/01\/algologie-gomme-marine-creme-gommante-desincrustante.jpg\",\"contentUrl\":\"https:\/\/paragaleriedetalborjt.com\/wp-content\/uploads\/2026\/01\/algologie-gomme-marine-creme-gommante-desincrustante.jpg\",\"width\":595,\"height\":655},{\"@type\":\"BreadcrumbList\",\"@id\":\"https:\/\/paragaleriedetalborjt.com\/boutique\/algologie-gomme-marine-creme-gommante-desincrustante-50ml\/#breadcrumb\",\"itemListElement\":[{\"@type\":\"ListItem\",\"position\":1,\"name\":\"Accueil\",\"item\":\"https:\/\/paragaleriedetalborjt.com\/\"},{\"@type\":\"ListItem\",\"position\":2,\"name\":\"Boutique\",\"item\":\"https:\/\/paragaleriedetalborjt.com\/boutique\/\"},{\"@type\":\"ListItem\",\"position\":3,\"name\":\"Algologie Gomme Marine \u2013 Cr\u00e8me Gommante &#038; D\u00e9sincrustante 50ml\"}]},{\"@type\":\"WebSite\",\"@id\":\"https:\/\/paragaleriedetalborjt.com\/#website\",\"url\":\"https:\/\/paragaleriedetalborjt.com\/\",\"name\":\"paragaleriedetalborjt\",\"description\":\"\",\"potentialAction\":[{\"@type\":\"SearchAction\",\"target\":{\"@type\":\"EntryPoint\",\"urlTemplate\":\"https:\/\/paragaleriedetalborjt.com\/?s={search_term_string}\"},\"query-input\":{\"@type\":\"PropertyValueSpecification\",\"valueRequired\":true,\"valueName\":\"search_term_string\"}}],\"inLanguage\":\"en-US\"}]}<\/script>\n<!-- \/ Yoast SEO plugin. -->","yoast_head_json":{"title":"Algologie Gomme Marine \u2013 Cr\u00e8me Gommante & D\u00e9sincrustante 50ml - paragaleriedetalborjt","robots":{"index":"index","follow":"follow","max-snippet":"max-snippet:-1","max-image-preview":"max-image-preview:large","max-video-preview":"max-video-preview:-1"},"canonical":"https:\/\/paragaleriedetalborjt.com\/en\/boutique\/algologie-gomme-marine-creme-gommante-desincrustante-50ml\/","og_locale":"en_US","og_type":"article","og_title":"Algologie Gomme Marine \u2013 Cr\u00e8me Gommante & D\u00e9sincrustante 50ml - paragaleriedetalborjt","og_description":"Highlights:Cette cr\u00e8me onctueuse, qui devient gomme, stimule le renouvellement cellulaire et favorise l\u2019\u00e9clat du teint. L\u2019association de Cellulose Naturelle et de Kaolin permet d\u2019exfolier les cellules mortes et d\u2019absorber les impuret\u00e9s.0% PEG, PARAB\u00c8NES, HUILE MIN\u00c9RALE, PHTALATE, PH\u00c9NOXY\u00c9THANOL ET SILICONE","og_url":"https:\/\/paragaleriedetalborjt.com\/en\/boutique\/algologie-gomme-marine-creme-gommante-desincrustante-50ml\/","og_site_name":"paragaleriedetalborjt","article_modified_time":"2026-01-04T13:35:51+00:00","og_image":[{"width":595,"height":655,"url":"https:\/\/paragaleriedetalborjt.com\/wp-content\/uploads\/2026\/01\/algologie-gomme-marine-creme-gommante-desincrustante.jpg","type":"image\/jpeg"}],"twitter_card":"summary_large_image","schema":{"@context":"https:\/\/schema.org","@graph":[{"@type":"WebPage","@id":"https:\/\/paragaleriedetalborjt.com\/boutique\/algologie-gomme-marine-creme-gommante-desincrustante-50ml\/","url":"https:\/\/paragaleriedetalborjt.com\/boutique\/algologie-gomme-marine-creme-gommante-desincrustante-50ml\/","name":"Algologie Gomme Marine \u2013 Cr\u00e8me Gommante & D\u00e9sincrustante 50ml - paragaleriedetalborjt","isPartOf":{"@id":"https:\/\/paragaleriedetalborjt.com\/#website"},"primaryImageOfPage":{"@id":"https:\/\/paragaleriedetalborjt.com\/boutique\/algologie-gomme-marine-creme-gommante-desincrustante-50ml\/#primaryimage"},"image":{"@id":"https:\/\/paragaleriedetalborjt.com\/boutique\/algologie-gomme-marine-creme-gommante-desincrustante-50ml\/#primaryimage"},"thumbnailUrl":"https:\/\/paragaleriedetalborjt.com\/wp-content\/uploads\/2026\/01\/algologie-gomme-marine-creme-gommante-desincrustante.jpg","datePublished":"2026-01-04T01:14:59+00:00","dateModified":"2026-01-04T13:35:51+00:00","breadcrumb":{"@id":"https:\/\/paragaleriedetalborjt.com\/boutique\/algologie-gomme-marine-creme-gommante-desincrustante-50ml\/#breadcrumb"},"inLanguage":"en-US","potentialAction":[{"@type":"ReadAction","target":["https:\/\/paragaleriedetalborjt.com\/boutique\/algologie-gomme-marine-creme-gommante-desincrustante-50ml\/"]}]},{"@type":"ImageObject","inLanguage":"en-US","@id":"https:\/\/paragaleriedetalborjt.com\/boutique\/algologie-gomme-marine-creme-gommante-desincrustante-50ml\/#primaryimage","url":"https:\/\/paragaleriedetalborjt.com\/wp-content\/uploads\/2026\/01\/algologie-gomme-marine-creme-gommante-desincrustante.jpg","contentUrl":"https:\/\/paragaleriedetalborjt.com\/wp-content\/uploads\/2026\/01\/algologie-gomme-marine-creme-gommante-desincrustante.jpg","width":595,"height":655},{"@type":"BreadcrumbList","@id":"https:\/\/paragaleriedetalborjt.com\/boutique\/algologie-gomme-marine-creme-gommante-desincrustante-50ml\/#breadcrumb","itemListElement":[{"@type":"ListItem","position":1,"name":"Accueil","item":"https:\/\/paragaleriedetalborjt.com\/"},{"@type":"ListItem","position":2,"name":"Boutique","item":"https:\/\/paragaleriedetalborjt.com\/boutique\/"},{"@type":"ListItem","position":3,"name":"Algologie Gomme Marine \u2013 Cr\u00e8me Gommante &#038; D\u00e9sincrustante 50ml"}]},{"@type":"WebSite","@id":"https:\/\/paragaleriedetalborjt.com\/#website","url":"https:\/\/paragaleriedetalborjt.com\/","name":"paragaleriedetalborjt","description":"","potentialAction":[{"@type":"SearchAction","target":{"@type":"EntryPoint","urlTemplate":"https:\/\/paragaleriedetalborjt.com\/?s={search_term_string}"},"query-input":{"@type":"PropertyValueSpecification","valueRequired":true,"valueName":"search_term_string"}}],"inLanguage":"en-US"}]}},"brands":[{"id":2074,"name":"Algologie","slug":"algologie"}],"_links":{"self":[{"href":"https:\/\/paragaleriedetalborjt.com\/en\/wp-json\/wp\/v2\/product\/48850","targetHints":{"allow":["GET"]}}],"collection":[{"href":"https:\/\/paragaleriedetalborjt.com\/en\/wp-json\/wp\/v2\/product"}],"about":[{"href":"https:\/\/paragaleriedetalborjt.com\/en\/wp-json\/wp\/v2\/types\/product"}],"replies":[{"embeddable":true,"href":"https:\/\/paragaleriedetalborjt.com\/en\/wp-json\/wp\/v2\/comments?post=48850"}],"version-history":[{"count":1,"href":"https:\/\/paragaleriedetalborjt.com\/en\/wp-json\/wp\/v2\/product\/48850\/revisions"}],"predecessor-version":[{"id":48852,"href":"https:\/\/paragaleriedetalborjt.com\/en\/wp-json\/wp\/v2\/product\/48850\/revisions\/48852"}],"wp:featuredmedia":[{"embeddable":true,"href":"https:\/\/paragaleriedetalborjt.com\/en\/wp-json\/wp\/v2\/media\/48851"}],"wp:attachment":[{"href":"https:\/\/paragaleriedetalborjt.com\/en\/wp-json\/wp\/v2\/media?parent=48850"}],"wp:term":[{"taxonomy":"pwb-brand","embeddable":true,"href":"https:\/\/paragaleriedetalborjt.com\/en\/wp-json\/wp\/v2\/pwb-brand?post=48850"},{"taxonomy":"product_cat","embeddable":true,"href":"https:\/\/paragaleriedetalborjt.com\/en\/wp-json\/wp\/v2\/product_cat?post=48850"},{"taxonomy":"product_tag","embeddable":true,"href":"https:\/\/paragaleriedetalborjt.com\/en\/wp-json\/wp\/v2\/product_tag?post=48850"}],"curies":[{"name":"wp","href":"https:\/\/api.w.org\/{rel}","templated":true}]}}