{"id":48769,"date":"2026-01-04T02:11:16","date_gmt":"2026-01-04T01:11:16","guid":{"rendered":"https:\/\/paragaleriedetalborjt.com\/?post_type=product&#038;p=48769"},"modified":"2026-01-04T14:35:38","modified_gmt":"2026-01-04T13:35:38","slug":"polaar-ecran-fluide-solaire-50-sans-parfum-50ml","status":"publish","type":"product","link":"https:\/\/paragaleriedetalborjt.com\/en\/boutique\/polaar-ecran-fluide-solaire-50-sans-parfum-50ml\/","title":{"rendered":"Polaar Ecran Fluide solaire 50+ sans parfum 50ml"},"content":{"rendered":"<div aria-labelledby=\"tab-title-description\" class=\"woocommerce-Tabs-panel woocommerce-Tabs-panel--description panel entry-content wc-tab\" id=\"tab-description\" role=\"tabpanel\" style=\"\">\n<h2>Description<\/h2>\n<div class=\"woocommerce-Tabs-panel woocommerce-Tabs-panel--description panel entry-content wc-tab\" id=\"tab-description\" style=\"display: none;\">\n<div class=\"wc-tab-inner\">\n<div class=\"\">\n<div class=\"product-info-header\">\n<div class=\"title-block\">\n<p class=\"title\">Ce fluide solaire SPF50 Tr\u00e8s Haute Protection \u00e0 la texture onctueuse r\u00e9duit efficacement les effets n\u00e9fastes des rayons solaires UVA et UVB pour offrir une protection extr\u00eame. L\u00e9ger et non gras il s\u2019\u00e9tale facilement sans laisser de traces blanches et convient aux peaux sensibles et sujettes aux coups de soleil. Il booste le renouvellement cellulaire en hydratant, nourrissant et apaisant la peau en profondeur.<\/p>\n<\/div>\n<\/div>\n<div class=\"description\">\n<div class=\"text-more\">\n<div class=\"description-full\">\n<p>Pour une bonne tol\u00e9rance et assurer l\u2019absence d\u2019allerg\u00e8nes potientiels, ce fluide est formul\u00e9 sans parfum. Il r\u00e9siste \u00e0 l\u2019eau. Test\u00e9 sous contr\u00f4le dermatologique. Sans parfum.<\/p>\n<p>Appliquer g\u00e9n\u00e9reusement sur les zones expos\u00e9es. A utiliser avant chaque exposition solaire et renouveler l\u2019application toutes les 2 heures.<\/p>\n<\/div>\n<\/div>\n<\/div>\n<\/div>\n<\/div>\n<\/div>\n<\/div>","protected":false},"excerpt":{"rendered":"<p>Highlights:Ce fluide solaire SPF50 Tr\u00e8s Haute Protection \u00e0 la texture onctueuse r\u00e9duit efficacement les effets n\u00e9fastes des rayons solaires UVA et UVB.<\/p>","protected":false},"featured_media":48770,"comment_status":"open","ping_status":"closed","template":"","meta":[],"pwb-brand":[2343],"product_cat":[16],"product_tag":[],"class_list":{"0":"post-48769","1":"product","2":"type-product","3":"status-publish","4":"has-post-thumbnail","6":"pwb-brand-polaar","7":"product_cat-non-classe","8":"pa_brands-polaar","10":"first","11":"instock","12":"sale","13":"shipping-taxable","14":"purchasable","15":"product-type-simple"},"yoast_head":"<!-- This site is optimized with the Yoast SEO plugin v27.5 - https:\/\/yoast.com\/product\/yoast-seo-wordpress\/ -->\n<title>Polaar Ecran Fluide solaire 50+ sans parfum 50ml - paragaleriedetalborjt<\/title>\n<meta name=\"robots\" content=\"index, follow, max-snippet:-1, max-image-preview:large, max-video-preview:-1\" \/>\n<link rel=\"canonical\" href=\"https:\/\/paragaleriedetalborjt.com\/en\/boutique\/polaar-ecran-fluide-solaire-50-sans-parfum-50ml\/\" \/>\n<meta property=\"og:locale\" content=\"en_US\" \/>\n<meta property=\"og:type\" content=\"article\" \/>\n<meta property=\"og:title\" content=\"Polaar Ecran Fluide solaire 50+ sans parfum 50ml - paragaleriedetalborjt\" \/>\n<meta property=\"og:description\" content=\"Highlights:Ce fluide solaire SPF50 Tr\u00e8s Haute Protection \u00e0 la texture onctueuse r\u00e9duit efficacement les effets n\u00e9fastes des rayons solaires UVA et UVB.\" \/>\n<meta property=\"og:url\" content=\"https:\/\/paragaleriedetalborjt.com\/en\/boutique\/polaar-ecran-fluide-solaire-50-sans-parfum-50ml\/\" \/>\n<meta property=\"og:site_name\" content=\"paragaleriedetalborjt\" \/>\n<meta property=\"article:modified_time\" content=\"2026-01-04T13:35:38+00:00\" \/>\n<meta property=\"og:image\" content=\"https:\/\/paragaleriedetalborjt.com\/wp-content\/uploads\/2026\/01\/Polaar-Icepure-Deo-Roll-on-Mineral-fluid-50ml.jpg\" \/>\n\t<meta property=\"og:image:width\" content=\"595\" \/>\n\t<meta property=\"og:image:height\" content=\"655\" \/>\n\t<meta property=\"og:image:type\" content=\"image\/jpeg\" \/>\n<meta name=\"twitter:card\" content=\"summary_large_image\" \/>\n<meta name=\"twitter:label1\" content=\"Est. reading time\" \/>\n\t<meta name=\"twitter:data1\" content=\"1 minute\" \/>\n<script type=\"application\/ld+json\" class=\"yoast-schema-graph\">{\"@context\":\"https:\\\/\\\/schema.org\",\"@graph\":[{\"@type\":\"WebPage\",\"@id\":\"https:\\\/\\\/paragaleriedetalborjt.com\\\/boutique\\\/polaar-ecran-fluide-solaire-50-sans-parfum-50ml\\\/\",\"url\":\"https:\\\/\\\/paragaleriedetalborjt.com\\\/boutique\\\/polaar-ecran-fluide-solaire-50-sans-parfum-50ml\\\/\",\"name\":\"Polaar Ecran Fluide solaire 50+ sans parfum 50ml - paragaleriedetalborjt\",\"isPartOf\":{\"@id\":\"https:\\\/\\\/paragaleriedetalborjt.com\\\/#website\"},\"primaryImageOfPage\":{\"@id\":\"https:\\\/\\\/paragaleriedetalborjt.com\\\/boutique\\\/polaar-ecran-fluide-solaire-50-sans-parfum-50ml\\\/#primaryimage\"},\"image\":{\"@id\":\"https:\\\/\\\/paragaleriedetalborjt.com\\\/boutique\\\/polaar-ecran-fluide-solaire-50-sans-parfum-50ml\\\/#primaryimage\"},\"thumbnailUrl\":\"https:\\\/\\\/paragaleriedetalborjt.com\\\/wp-content\\\/uploads\\\/2026\\\/01\\\/Polaar-Icepure-Deo-Roll-on-Mineral-fluid-50ml.jpg\",\"datePublished\":\"2026-01-04T01:11:16+00:00\",\"dateModified\":\"2026-01-04T13:35:38+00:00\",\"breadcrumb\":{\"@id\":\"https:\\\/\\\/paragaleriedetalborjt.com\\\/boutique\\\/polaar-ecran-fluide-solaire-50-sans-parfum-50ml\\\/#breadcrumb\"},\"inLanguage\":\"en-US\",\"potentialAction\":[{\"@type\":\"ReadAction\",\"target\":[\"https:\\\/\\\/paragaleriedetalborjt.com\\\/boutique\\\/polaar-ecran-fluide-solaire-50-sans-parfum-50ml\\\/\"]}]},{\"@type\":\"ImageObject\",\"inLanguage\":\"en-US\",\"@id\":\"https:\\\/\\\/paragaleriedetalborjt.com\\\/boutique\\\/polaar-ecran-fluide-solaire-50-sans-parfum-50ml\\\/#primaryimage\",\"url\":\"https:\\\/\\\/paragaleriedetalborjt.com\\\/wp-content\\\/uploads\\\/2026\\\/01\\\/Polaar-Icepure-Deo-Roll-on-Mineral-fluid-50ml.jpg\",\"contentUrl\":\"https:\\\/\\\/paragaleriedetalborjt.com\\\/wp-content\\\/uploads\\\/2026\\\/01\\\/Polaar-Icepure-Deo-Roll-on-Mineral-fluid-50ml.jpg\",\"width\":595,\"height\":655},{\"@type\":\"BreadcrumbList\",\"@id\":\"https:\\\/\\\/paragaleriedetalborjt.com\\\/boutique\\\/polaar-ecran-fluide-solaire-50-sans-parfum-50ml\\\/#breadcrumb\",\"itemListElement\":[{\"@type\":\"ListItem\",\"position\":1,\"name\":\"Accueil\",\"item\":\"https:\\\/\\\/paragaleriedetalborjt.com\\\/\"},{\"@type\":\"ListItem\",\"position\":2,\"name\":\"Boutique\",\"item\":\"https:\\\/\\\/paragaleriedetalborjt.com\\\/boutique\\\/\"},{\"@type\":\"ListItem\",\"position\":3,\"name\":\"Polaar Ecran Fluide solaire 50+ sans parfum 50ml\"}]},{\"@type\":\"WebSite\",\"@id\":\"https:\\\/\\\/paragaleriedetalborjt.com\\\/#website\",\"url\":\"https:\\\/\\\/paragaleriedetalborjt.com\\\/\",\"name\":\"paragaleriedetalborjt\",\"description\":\"\",\"potentialAction\":[{\"@type\":\"SearchAction\",\"target\":{\"@type\":\"EntryPoint\",\"urlTemplate\":\"https:\\\/\\\/paragaleriedetalborjt.com\\\/?s={search_term_string}\"},\"query-input\":{\"@type\":\"PropertyValueSpecification\",\"valueRequired\":true,\"valueName\":\"search_term_string\"}}],\"inLanguage\":\"en-US\"}]}<\/script>\n<!-- \/ Yoast SEO plugin. -->","yoast_head_json":{"title":"Polaar Ecran Fluide solaire 50+ sans parfum 50ml - paragaleriedetalborjt","robots":{"index":"index","follow":"follow","max-snippet":"max-snippet:-1","max-image-preview":"max-image-preview:large","max-video-preview":"max-video-preview:-1"},"canonical":"https:\/\/paragaleriedetalborjt.com\/en\/boutique\/polaar-ecran-fluide-solaire-50-sans-parfum-50ml\/","og_locale":"en_US","og_type":"article","og_title":"Polaar Ecran Fluide solaire 50+ sans parfum 50ml - paragaleriedetalborjt","og_description":"Highlights:Ce fluide solaire SPF50 Tr\u00e8s Haute Protection \u00e0 la texture onctueuse r\u00e9duit efficacement les effets n\u00e9fastes des rayons solaires UVA et UVB.","og_url":"https:\/\/paragaleriedetalborjt.com\/en\/boutique\/polaar-ecran-fluide-solaire-50-sans-parfum-50ml\/","og_site_name":"paragaleriedetalborjt","article_modified_time":"2026-01-04T13:35:38+00:00","og_image":[{"width":595,"height":655,"url":"https:\/\/paragaleriedetalborjt.com\/wp-content\/uploads\/2026\/01\/Polaar-Icepure-Deo-Roll-on-Mineral-fluid-50ml.jpg","type":"image\/jpeg"}],"twitter_card":"summary_large_image","twitter_misc":{"Est. reading time":"1 minute"},"schema":{"@context":"https:\/\/schema.org","@graph":[{"@type":"WebPage","@id":"https:\/\/paragaleriedetalborjt.com\/boutique\/polaar-ecran-fluide-solaire-50-sans-parfum-50ml\/","url":"https:\/\/paragaleriedetalborjt.com\/boutique\/polaar-ecran-fluide-solaire-50-sans-parfum-50ml\/","name":"Polaar Ecran Fluide solaire 50+ sans parfum 50ml - paragaleriedetalborjt","isPartOf":{"@id":"https:\/\/paragaleriedetalborjt.com\/#website"},"primaryImageOfPage":{"@id":"https:\/\/paragaleriedetalborjt.com\/boutique\/polaar-ecran-fluide-solaire-50-sans-parfum-50ml\/#primaryimage"},"image":{"@id":"https:\/\/paragaleriedetalborjt.com\/boutique\/polaar-ecran-fluide-solaire-50-sans-parfum-50ml\/#primaryimage"},"thumbnailUrl":"https:\/\/paragaleriedetalborjt.com\/wp-content\/uploads\/2026\/01\/Polaar-Icepure-Deo-Roll-on-Mineral-fluid-50ml.jpg","datePublished":"2026-01-04T01:11:16+00:00","dateModified":"2026-01-04T13:35:38+00:00","breadcrumb":{"@id":"https:\/\/paragaleriedetalborjt.com\/boutique\/polaar-ecran-fluide-solaire-50-sans-parfum-50ml\/#breadcrumb"},"inLanguage":"en-US","potentialAction":[{"@type":"ReadAction","target":["https:\/\/paragaleriedetalborjt.com\/boutique\/polaar-ecran-fluide-solaire-50-sans-parfum-50ml\/"]}]},{"@type":"ImageObject","inLanguage":"en-US","@id":"https:\/\/paragaleriedetalborjt.com\/boutique\/polaar-ecran-fluide-solaire-50-sans-parfum-50ml\/#primaryimage","url":"https:\/\/paragaleriedetalborjt.com\/wp-content\/uploads\/2026\/01\/Polaar-Icepure-Deo-Roll-on-Mineral-fluid-50ml.jpg","contentUrl":"https:\/\/paragaleriedetalborjt.com\/wp-content\/uploads\/2026\/01\/Polaar-Icepure-Deo-Roll-on-Mineral-fluid-50ml.jpg","width":595,"height":655},{"@type":"BreadcrumbList","@id":"https:\/\/paragaleriedetalborjt.com\/boutique\/polaar-ecran-fluide-solaire-50-sans-parfum-50ml\/#breadcrumb","itemListElement":[{"@type":"ListItem","position":1,"name":"Accueil","item":"https:\/\/paragaleriedetalborjt.com\/"},{"@type":"ListItem","position":2,"name":"Boutique","item":"https:\/\/paragaleriedetalborjt.com\/boutique\/"},{"@type":"ListItem","position":3,"name":"Polaar Ecran Fluide solaire 50+ sans parfum 50ml"}]},{"@type":"WebSite","@id":"https:\/\/paragaleriedetalborjt.com\/#website","url":"https:\/\/paragaleriedetalborjt.com\/","name":"paragaleriedetalborjt","description":"","potentialAction":[{"@type":"SearchAction","target":{"@type":"EntryPoint","urlTemplate":"https:\/\/paragaleriedetalborjt.com\/?s={search_term_string}"},"query-input":{"@type":"PropertyValueSpecification","valueRequired":true,"valueName":"search_term_string"}}],"inLanguage":"en-US"}]}},"brands":[{"id":2343,"name":"POLAAR","slug":"polaar"}],"_links":{"self":[{"href":"https:\/\/paragaleriedetalborjt.com\/en\/wp-json\/wp\/v2\/product\/48769","targetHints":{"allow":["GET"]}}],"collection":[{"href":"https:\/\/paragaleriedetalborjt.com\/en\/wp-json\/wp\/v2\/product"}],"about":[{"href":"https:\/\/paragaleriedetalborjt.com\/en\/wp-json\/wp\/v2\/types\/product"}],"replies":[{"embeddable":true,"href":"https:\/\/paragaleriedetalborjt.com\/en\/wp-json\/wp\/v2\/comments?post=48769"}],"version-history":[{"count":1,"href":"https:\/\/paragaleriedetalborjt.com\/en\/wp-json\/wp\/v2\/product\/48769\/revisions"}],"predecessor-version":[{"id":48771,"href":"https:\/\/paragaleriedetalborjt.com\/en\/wp-json\/wp\/v2\/product\/48769\/revisions\/48771"}],"wp:featuredmedia":[{"embeddable":true,"href":"https:\/\/paragaleriedetalborjt.com\/en\/wp-json\/wp\/v2\/media\/48770"}],"wp:attachment":[{"href":"https:\/\/paragaleriedetalborjt.com\/en\/wp-json\/wp\/v2\/media?parent=48769"}],"wp:term":[{"taxonomy":"pwb-brand","embeddable":true,"href":"https:\/\/paragaleriedetalborjt.com\/en\/wp-json\/wp\/v2\/pwb-brand?post=48769"},{"taxonomy":"product_cat","embeddable":true,"href":"https:\/\/paragaleriedetalborjt.com\/en\/wp-json\/wp\/v2\/product_cat?post=48769"},{"taxonomy":"product_tag","embeddable":true,"href":"https:\/\/paragaleriedetalborjt.com\/en\/wp-json\/wp\/v2\/product_tag?post=48769"}],"curies":[{"name":"wp","href":"https:\/\/api.w.org\/{rel}","templated":true}]}}