{"id":48721,"date":"2026-01-04T02:09:11","date_gmt":"2026-01-04T01:09:11","guid":{"rendered":"https:\/\/paragaleriedetalborjt.com\/?post_type=product&#038;p=48721"},"modified":"2026-01-04T14:35:27","modified_gmt":"2026-01-04T13:35:27","slug":"lansinoh-coussinets-dallaitements-lavables-rose-noir-8-pads","status":"publish","type":"product","link":"https:\/\/paragaleriedetalborjt.com\/en\/boutique\/lansinoh-coussinets-dallaitements-lavables-rose-noir-8-pads\/","title":{"rendered":"Lansinoh Coussinets d\u2019allaitements lavables \u00ab\u00a0Rose\/Noir\u00a0\u00bb 8 pads"},"content":{"rendered":"","protected":false},"excerpt":{"rendered":"<p>Highlights:Les protections de soutien-gorge lavables Lansinoh 4 pi\u00e8ces sont fabriqu\u00e9es dans un mat\u00e9riau tr\u00e8s doux qui convient m\u00eame aux peaux les plus sensibles.Les protections de soutien-gorge sont compos\u00e9es de trois couches, cr\u00e9ant une alternative absorbante et confortable aux protections jetables.Les couches sont faites d\u2019un m\u00e9lange de bambou absorbant et \u00e0 s\u00e9chage rapide, et la couche ext\u00e9rieure est imperm\u00e9able.Le paquet est livr\u00e9 avec un petit sac de lavage o\u00f9 vous pouvez laver les prot\u00e8ge-gilets dans la machine \u00e0 laver.La protection en forme de larme s\u2019adapte bien aux seins de diff\u00e9rentes tailles et est discr\u00e8te.<\/p>","protected":false},"featured_media":48722,"comment_status":"open","ping_status":"closed","template":"","meta":[],"pwb-brand":[1867],"product_cat":[16],"product_tag":[],"class_list":{"0":"post-48721","1":"product","2":"type-product","3":"status-publish","4":"has-post-thumbnail","6":"pwb-brand-lansinoh","7":"product_cat-non-classe","8":"pa_brands-lansinoh","10":"first","11":"instock","12":"sale","13":"shipping-taxable","14":"purchasable","15":"product-type-simple"},"yoast_head":"<!-- This site is optimized with the Yoast SEO plugin v27.5 - https:\/\/yoast.com\/product\/yoast-seo-wordpress\/ -->\n<title>Lansinoh Coussinets d\u2019allaitements lavables \u00ab\u00a0Rose\/Noir\u00a0\u00bb 8 pads - paragaleriedetalborjt<\/title>\n<meta name=\"robots\" content=\"index, follow, max-snippet:-1, max-image-preview:large, max-video-preview:-1\" \/>\n<link rel=\"canonical\" href=\"https:\/\/paragaleriedetalborjt.com\/en\/boutique\/lansinoh-coussinets-dallaitements-lavables-rose-noir-8-pads\/\" \/>\n<meta property=\"og:locale\" content=\"en_US\" \/>\n<meta property=\"og:type\" content=\"article\" \/>\n<meta property=\"og:title\" content=\"Lansinoh Coussinets d\u2019allaitements lavables \u00ab\u00a0Rose\/Noir\u00a0\u00bb 8 pads - paragaleriedetalborjt\" \/>\n<meta property=\"og:description\" content=\"Highlights:Les protections de soutien-gorge lavables Lansinoh 4 pi\u00e8ces sont fabriqu\u00e9es dans un mat\u00e9riau tr\u00e8s doux qui convient m\u00eame aux peaux les plus sensibles.Les protections de soutien-gorge sont compos\u00e9es de trois couches, cr\u00e9ant une alternative absorbante et confortable aux protections jetables.Les couches sont faites d\u2019un m\u00e9lange de bambou absorbant et \u00e0 s\u00e9chage rapide, et la couche ext\u00e9rieure est imperm\u00e9able.Le paquet est livr\u00e9 avec un petit sac de lavage o\u00f9 vous pouvez laver les prot\u00e8ge-gilets dans la machine \u00e0 laver.La protection en forme de larme s\u2019adapte bien aux seins de diff\u00e9rentes tailles et est discr\u00e8te.\" \/>\n<meta property=\"og:url\" content=\"https:\/\/paragaleriedetalborjt.com\/en\/boutique\/lansinoh-coussinets-dallaitements-lavables-rose-noir-8-pads\/\" \/>\n<meta property=\"og:site_name\" content=\"paragaleriedetalborjt\" \/>\n<meta property=\"article:modified_time\" content=\"2026-01-04T13:35:27+00:00\" \/>\n<meta property=\"og:image\" content=\"https:\/\/paragaleriedetalborjt.com\/wp-content\/uploads\/2026\/01\/5060420232189.jpg\" \/>\n\t<meta property=\"og:image:width\" content=\"595\" \/>\n\t<meta property=\"og:image:height\" content=\"656\" \/>\n\t<meta property=\"og:image:type\" content=\"image\/jpeg\" \/>\n<meta name=\"twitter:card\" content=\"summary_large_image\" \/>\n<script type=\"application\/ld+json\" class=\"yoast-schema-graph\">{\"@context\":\"https:\\\/\\\/schema.org\",\"@graph\":[{\"@type\":\"WebPage\",\"@id\":\"https:\\\/\\\/paragaleriedetalborjt.com\\\/boutique\\\/lansinoh-coussinets-dallaitements-lavables-rose-noir-8-pads\\\/\",\"url\":\"https:\\\/\\\/paragaleriedetalborjt.com\\\/boutique\\\/lansinoh-coussinets-dallaitements-lavables-rose-noir-8-pads\\\/\",\"name\":\"Lansinoh Coussinets d\u2019allaitements lavables \u00ab\u00a0Rose\\\/Noir\u00a0\u00bb 8 pads - paragaleriedetalborjt\",\"isPartOf\":{\"@id\":\"https:\\\/\\\/paragaleriedetalborjt.com\\\/#website\"},\"primaryImageOfPage\":{\"@id\":\"https:\\\/\\\/paragaleriedetalborjt.com\\\/boutique\\\/lansinoh-coussinets-dallaitements-lavables-rose-noir-8-pads\\\/#primaryimage\"},\"image\":{\"@id\":\"https:\\\/\\\/paragaleriedetalborjt.com\\\/boutique\\\/lansinoh-coussinets-dallaitements-lavables-rose-noir-8-pads\\\/#primaryimage\"},\"thumbnailUrl\":\"https:\\\/\\\/paragaleriedetalborjt.com\\\/wp-content\\\/uploads\\\/2026\\\/01\\\/5060420232189.jpg\",\"datePublished\":\"2026-01-04T01:09:11+00:00\",\"dateModified\":\"2026-01-04T13:35:27+00:00\",\"breadcrumb\":{\"@id\":\"https:\\\/\\\/paragaleriedetalborjt.com\\\/boutique\\\/lansinoh-coussinets-dallaitements-lavables-rose-noir-8-pads\\\/#breadcrumb\"},\"inLanguage\":\"en-US\",\"potentialAction\":[{\"@type\":\"ReadAction\",\"target\":[\"https:\\\/\\\/paragaleriedetalborjt.com\\\/boutique\\\/lansinoh-coussinets-dallaitements-lavables-rose-noir-8-pads\\\/\"]}]},{\"@type\":\"ImageObject\",\"inLanguage\":\"en-US\",\"@id\":\"https:\\\/\\\/paragaleriedetalborjt.com\\\/boutique\\\/lansinoh-coussinets-dallaitements-lavables-rose-noir-8-pads\\\/#primaryimage\",\"url\":\"https:\\\/\\\/paragaleriedetalborjt.com\\\/wp-content\\\/uploads\\\/2026\\\/01\\\/5060420232189.jpg\",\"contentUrl\":\"https:\\\/\\\/paragaleriedetalborjt.com\\\/wp-content\\\/uploads\\\/2026\\\/01\\\/5060420232189.jpg\",\"width\":595,\"height\":656},{\"@type\":\"BreadcrumbList\",\"@id\":\"https:\\\/\\\/paragaleriedetalborjt.com\\\/boutique\\\/lansinoh-coussinets-dallaitements-lavables-rose-noir-8-pads\\\/#breadcrumb\",\"itemListElement\":[{\"@type\":\"ListItem\",\"position\":1,\"name\":\"Accueil\",\"item\":\"https:\\\/\\\/paragaleriedetalborjt.com\\\/\"},{\"@type\":\"ListItem\",\"position\":2,\"name\":\"Boutique\",\"item\":\"https:\\\/\\\/paragaleriedetalborjt.com\\\/boutique\\\/\"},{\"@type\":\"ListItem\",\"position\":3,\"name\":\"Lansinoh Coussinets d\u2019allaitements lavables \u00ab\u00a0Rose\\\/Noir\u00a0\u00bb 8 pads\"}]},{\"@type\":\"WebSite\",\"@id\":\"https:\\\/\\\/paragaleriedetalborjt.com\\\/#website\",\"url\":\"https:\\\/\\\/paragaleriedetalborjt.com\\\/\",\"name\":\"paragaleriedetalborjt\",\"description\":\"\",\"potentialAction\":[{\"@type\":\"SearchAction\",\"target\":{\"@type\":\"EntryPoint\",\"urlTemplate\":\"https:\\\/\\\/paragaleriedetalborjt.com\\\/?s={search_term_string}\"},\"query-input\":{\"@type\":\"PropertyValueSpecification\",\"valueRequired\":true,\"valueName\":\"search_term_string\"}}],\"inLanguage\":\"en-US\"}]}<\/script>\n<!-- \/ Yoast SEO plugin. -->","yoast_head_json":{"title":"Lansinoh Coussinets d\u2019allaitements lavables \u00ab\u00a0Rose\/Noir\u00a0\u00bb 8 pads - paragaleriedetalborjt","robots":{"index":"index","follow":"follow","max-snippet":"max-snippet:-1","max-image-preview":"max-image-preview:large","max-video-preview":"max-video-preview:-1"},"canonical":"https:\/\/paragaleriedetalborjt.com\/en\/boutique\/lansinoh-coussinets-dallaitements-lavables-rose-noir-8-pads\/","og_locale":"en_US","og_type":"article","og_title":"Lansinoh Coussinets d\u2019allaitements lavables \u00ab\u00a0Rose\/Noir\u00a0\u00bb 8 pads - paragaleriedetalborjt","og_description":"Highlights:Les protections de soutien-gorge lavables Lansinoh 4 pi\u00e8ces sont fabriqu\u00e9es dans un mat\u00e9riau tr\u00e8s doux qui convient m\u00eame aux peaux les plus sensibles.Les protections de soutien-gorge sont compos\u00e9es de trois couches, cr\u00e9ant une alternative absorbante et confortable aux protections jetables.Les couches sont faites d\u2019un m\u00e9lange de bambou absorbant et \u00e0 s\u00e9chage rapide, et la couche ext\u00e9rieure est imperm\u00e9able.Le paquet est livr\u00e9 avec un petit sac de lavage o\u00f9 vous pouvez laver les prot\u00e8ge-gilets dans la machine \u00e0 laver.La protection en forme de larme s\u2019adapte bien aux seins de diff\u00e9rentes tailles et est discr\u00e8te.","og_url":"https:\/\/paragaleriedetalborjt.com\/en\/boutique\/lansinoh-coussinets-dallaitements-lavables-rose-noir-8-pads\/","og_site_name":"paragaleriedetalborjt","article_modified_time":"2026-01-04T13:35:27+00:00","og_image":[{"width":595,"height":656,"url":"https:\/\/paragaleriedetalborjt.com\/wp-content\/uploads\/2026\/01\/5060420232189.jpg","type":"image\/jpeg"}],"twitter_card":"summary_large_image","schema":{"@context":"https:\/\/schema.org","@graph":[{"@type":"WebPage","@id":"https:\/\/paragaleriedetalborjt.com\/boutique\/lansinoh-coussinets-dallaitements-lavables-rose-noir-8-pads\/","url":"https:\/\/paragaleriedetalborjt.com\/boutique\/lansinoh-coussinets-dallaitements-lavables-rose-noir-8-pads\/","name":"Lansinoh Coussinets d\u2019allaitements lavables \u00ab\u00a0Rose\/Noir\u00a0\u00bb 8 pads - paragaleriedetalborjt","isPartOf":{"@id":"https:\/\/paragaleriedetalborjt.com\/#website"},"primaryImageOfPage":{"@id":"https:\/\/paragaleriedetalborjt.com\/boutique\/lansinoh-coussinets-dallaitements-lavables-rose-noir-8-pads\/#primaryimage"},"image":{"@id":"https:\/\/paragaleriedetalborjt.com\/boutique\/lansinoh-coussinets-dallaitements-lavables-rose-noir-8-pads\/#primaryimage"},"thumbnailUrl":"https:\/\/paragaleriedetalborjt.com\/wp-content\/uploads\/2026\/01\/5060420232189.jpg","datePublished":"2026-01-04T01:09:11+00:00","dateModified":"2026-01-04T13:35:27+00:00","breadcrumb":{"@id":"https:\/\/paragaleriedetalborjt.com\/boutique\/lansinoh-coussinets-dallaitements-lavables-rose-noir-8-pads\/#breadcrumb"},"inLanguage":"en-US","potentialAction":[{"@type":"ReadAction","target":["https:\/\/paragaleriedetalborjt.com\/boutique\/lansinoh-coussinets-dallaitements-lavables-rose-noir-8-pads\/"]}]},{"@type":"ImageObject","inLanguage":"en-US","@id":"https:\/\/paragaleriedetalborjt.com\/boutique\/lansinoh-coussinets-dallaitements-lavables-rose-noir-8-pads\/#primaryimage","url":"https:\/\/paragaleriedetalborjt.com\/wp-content\/uploads\/2026\/01\/5060420232189.jpg","contentUrl":"https:\/\/paragaleriedetalborjt.com\/wp-content\/uploads\/2026\/01\/5060420232189.jpg","width":595,"height":656},{"@type":"BreadcrumbList","@id":"https:\/\/paragaleriedetalborjt.com\/boutique\/lansinoh-coussinets-dallaitements-lavables-rose-noir-8-pads\/#breadcrumb","itemListElement":[{"@type":"ListItem","position":1,"name":"Accueil","item":"https:\/\/paragaleriedetalborjt.com\/"},{"@type":"ListItem","position":2,"name":"Boutique","item":"https:\/\/paragaleriedetalborjt.com\/boutique\/"},{"@type":"ListItem","position":3,"name":"Lansinoh Coussinets d\u2019allaitements lavables \u00ab\u00a0Rose\/Noir\u00a0\u00bb 8 pads"}]},{"@type":"WebSite","@id":"https:\/\/paragaleriedetalborjt.com\/#website","url":"https:\/\/paragaleriedetalborjt.com\/","name":"paragaleriedetalborjt","description":"","potentialAction":[{"@type":"SearchAction","target":{"@type":"EntryPoint","urlTemplate":"https:\/\/paragaleriedetalborjt.com\/?s={search_term_string}"},"query-input":{"@type":"PropertyValueSpecification","valueRequired":true,"valueName":"search_term_string"}}],"inLanguage":"en-US"}]}},"brands":[{"id":1867,"name":"LANSINOH","slug":"lansinoh"}],"_links":{"self":[{"href":"https:\/\/paragaleriedetalborjt.com\/en\/wp-json\/wp\/v2\/product\/48721","targetHints":{"allow":["GET"]}}],"collection":[{"href":"https:\/\/paragaleriedetalborjt.com\/en\/wp-json\/wp\/v2\/product"}],"about":[{"href":"https:\/\/paragaleriedetalborjt.com\/en\/wp-json\/wp\/v2\/types\/product"}],"replies":[{"embeddable":true,"href":"https:\/\/paragaleriedetalborjt.com\/en\/wp-json\/wp\/v2\/comments?post=48721"}],"version-history":[{"count":1,"href":"https:\/\/paragaleriedetalborjt.com\/en\/wp-json\/wp\/v2\/product\/48721\/revisions"}],"predecessor-version":[{"id":48723,"href":"https:\/\/paragaleriedetalborjt.com\/en\/wp-json\/wp\/v2\/product\/48721\/revisions\/48723"}],"wp:featuredmedia":[{"embeddable":true,"href":"https:\/\/paragaleriedetalborjt.com\/en\/wp-json\/wp\/v2\/media\/48722"}],"wp:attachment":[{"href":"https:\/\/paragaleriedetalborjt.com\/en\/wp-json\/wp\/v2\/media?parent=48721"}],"wp:term":[{"taxonomy":"pwb-brand","embeddable":true,"href":"https:\/\/paragaleriedetalborjt.com\/en\/wp-json\/wp\/v2\/pwb-brand?post=48721"},{"taxonomy":"product_cat","embeddable":true,"href":"https:\/\/paragaleriedetalborjt.com\/en\/wp-json\/wp\/v2\/product_cat?post=48721"},{"taxonomy":"product_tag","embeddable":true,"href":"https:\/\/paragaleriedetalborjt.com\/en\/wp-json\/wp\/v2\/product_tag?post=48721"}],"curies":[{"name":"wp","href":"https:\/\/api.w.org\/{rel}","templated":true}]}}