{"id":48712,"date":"2026-01-04T02:08:50","date_gmt":"2026-01-04T01:08:50","guid":{"rendered":"https:\/\/paragaleriedetalborjt.com\/?post_type=product&#038;p=48712"},"modified":"2026-01-04T14:35:27","modified_gmt":"2026-01-04T13:35:27","slug":"lansinoh-huile-de-massage-du-perinee-50ml","status":"publish","type":"product","link":"https:\/\/paragaleriedetalborjt.com\/en\/boutique\/lansinoh-huile-de-massage-du-perinee-50ml\/","title":{"rendered":"Lansinoh Huile de massage du perinee 50ml"},"content":{"rendered":"<div aria-labelledby=\"tab-title-description\" class=\"woocommerce-Tabs-panel woocommerce-Tabs-panel--description panel entry-content wc-tab\" id=\"tab-description\" role=\"tabpanel\" style=\"\">\n<h2>Description<\/h2>\n<p>Sp\u00e9cialement con\u00e7ue pour la pr\u00e9paration \u00e0 l\u2019accouchement. L\u2019huile de massage du P\u00e9rin\u00e9e BIO prend soin de la peau sensible de la zone p\u00e9rin\u00e9ale et facilite le massage qui est recommand\u00e9 par les professionnels de la sant\u00e9 \u00e0 partir de la 34\u00e8me semaine grossesse pour pr\u00e9venir les risques de d\u00e9chirures lors de l\u2019accouchement.<\/p>\n<p>Certifi\u00e9 EcoCert, les ingr\u00e9dients sont 100% naturels et \u00e0 forte propri\u00e9t\u00e9 hydratante (huile d\u2019amande, huile de jojoba,\u2026).<\/p>\n<p>Test\u00e9e gyn\u00e9cologiquement et approuv\u00e9e pour la zone p\u00e9rin\u00e9ale.<\/p>\n<p><strong>Caract\u00e9ristiques du produit :<\/strong><\/p>\n<p>Composition unique d\u2019ingr\u00e9dients biologiques \u2013 rend la peau douce et souple<br \/>\nTest\u00e9e cliniquement \u2013 facilite le massage p\u00e9rin\u00e9al, ce qui augmente l\u2019extensibilit\u00e9 du tissu pour l\u2019accouchement<br \/>\nTest\u00e9e gyn\u00e9cologiquement \u2013 D\u00e9velopp\u00e9e sp\u00e9cifiquement pour une utilisation dans la zone p\u00e9rin\u00e9ale<br \/>\nSans parfum<br \/>\nProduit issu d\u2019une fabrication climatiquement neutre*<\/p>\n<p><strong>Le petit plus :<\/strong><\/p>\n<p>Le produit est certifi\u00e9 par le label \u201cECOCERT \u2013 Cosmos Organic\u201d.<\/p>\n<p>Le flacon est fait de canne \u00e0 sucre et le produit est issu d\u2019une fabrication climatiquement neutre*, r\u00e9pondant aux engagements environnementaux Lansinoh. Afin d\u2019atteindre la neutralit\u00e9 climatique de l\u2019huile de massage BIO, les \u00e9missions de gaz \u00e0 effet de serre sont enregistr\u00e9es, l\u2019impact environnemental est r\u00e9duit et un projet environnemental certifi\u00e9 est suivi, ce qui \u00e9vite sensiblement l\u2019\u00e9mission de gaz \u00e0 effet de serre.<\/p>\n<p><strong>Conseils d\u2019utilisation :<\/strong><br \/>\nLe massage p\u00e9rin\u00e9al doit \u00eatre effectu\u00e9 trois \u00e0 quatre fois par semaine pendant une dizaine de minutes. Il est pr\u00e9f\u00e9rable de commencer avec deux \u00e0 trois gouttes d\u2019huile et en ajouter par la suite si n\u00e9cessaire. ** Des instructions d\u00e9taill\u00e9es sont incluses avec le produit.<\/p>\n<p>** L\u2019huile de massage n\u2019est requise que pour un usage externe et non interne, car le vagin est naturellement humide. L\u2019huile de massage ne doit \u00eatre appliqu\u00e9e que sur les doigts qui sont utilis\u00e9s pour masser et \u00e9tirer la peau du p\u00e9rin\u00e9e.<\/p>\n<\/div>","protected":false},"excerpt":{"rendered":"<p>Highlights:L\u2019huile bio \u00ab\u00a0Pre-Naissance\u00a0\u00bb de Lansinoh am\u00e9liore l\u2019\u00e9lasticit\u00e9 de la peau et il a \u00e9t\u00e9 prouv\u00e9 qu\u2019elle pr\u00e9vient les d\u00e9chirures lors de l\u2019accouchement.\u00a0Un produit \u00e0 base d\u2019ingr\u00e9dients 100% naturels qui adoucit et hydrate la peau.\u00a0Le produit convient \u00e9galement \u00e0 la pr\u00e9vention des cicatrices de grossesse.\u00a0Le produit est test\u00e9 gyn\u00e9cologiquement et cliniquement, sans parfum et convient \u00e9galement aux peaux sensibles.\u00a0Les instructions pour le massage sont fournies dans la notice.<\/p>","protected":false},"featured_media":48713,"comment_status":"open","ping_status":"closed","template":"","meta":[],"pwb-brand":[1867],"product_cat":[16],"product_tag":[],"class_list":{"0":"post-48712","1":"product","2":"type-product","3":"status-publish","4":"has-post-thumbnail","6":"pwb-brand-lansinoh","7":"product_cat-non-classe","8":"pa_brands-lansinoh","10":"first","11":"instock","12":"sale","13":"shipping-taxable","14":"purchasable","15":"product-type-simple"},"yoast_head":"<!-- This site is optimized with the Yoast SEO plugin v27.5 - https:\/\/yoast.com\/product\/yoast-seo-wordpress\/ -->\n<title>Lansinoh Huile de massage du perinee 50ml - paragaleriedetalborjt<\/title>\n<meta name=\"robots\" content=\"index, follow, max-snippet:-1, max-image-preview:large, max-video-preview:-1\" \/>\n<link rel=\"canonical\" href=\"https:\/\/paragaleriedetalborjt.com\/en\/boutique\/lansinoh-huile-de-massage-du-perinee-50ml\/\" \/>\n<meta property=\"og:locale\" content=\"en_US\" \/>\n<meta property=\"og:type\" content=\"article\" \/>\n<meta property=\"og:title\" content=\"Lansinoh Huile de massage du perinee 50ml - paragaleriedetalborjt\" \/>\n<meta property=\"og:description\" content=\"Highlights:L\u2019huile bio \u00ab\u00a0Pre-Naissance\u00a0\u00bb de Lansinoh am\u00e9liore l\u2019\u00e9lasticit\u00e9 de la peau et il a \u00e9t\u00e9 prouv\u00e9 qu\u2019elle pr\u00e9vient les d\u00e9chirures lors de l\u2019accouchement.\u00a0Un produit \u00e0 base d\u2019ingr\u00e9dients 100% naturels qui adoucit et hydrate la peau.\u00a0Le produit convient \u00e9galement \u00e0 la pr\u00e9vention des cicatrices de grossesse.\u00a0Le produit est test\u00e9 gyn\u00e9cologiquement et cliniquement, sans parfum et convient \u00e9galement aux peaux sensibles.\u00a0Les instructions pour le massage sont fournies dans la notice.\" \/>\n<meta property=\"og:url\" content=\"https:\/\/paragaleriedetalborjt.com\/en\/boutique\/lansinoh-huile-de-massage-du-perinee-50ml\/\" \/>\n<meta property=\"og:site_name\" content=\"paragaleriedetalborjt\" \/>\n<meta property=\"article:modified_time\" content=\"2026-01-04T13:35:27+00:00\" \/>\n<meta property=\"og:image\" content=\"https:\/\/paragaleriedetalborjt.com\/wp-content\/uploads\/2026\/01\/5060420232608.jpg\" \/>\n\t<meta property=\"og:image:width\" content=\"594\" \/>\n\t<meta property=\"og:image:height\" content=\"658\" \/>\n\t<meta property=\"og:image:type\" content=\"image\/jpeg\" \/>\n<meta name=\"twitter:card\" content=\"summary_large_image\" \/>\n<meta name=\"twitter:label1\" content=\"Est. reading time\" \/>\n\t<meta name=\"twitter:data1\" content=\"2 minutes\" \/>\n<script type=\"application\/ld+json\" class=\"yoast-schema-graph\">{\"@context\":\"https:\\\/\\\/schema.org\",\"@graph\":[{\"@type\":\"WebPage\",\"@id\":\"https:\\\/\\\/paragaleriedetalborjt.com\\\/boutique\\\/lansinoh-huile-de-massage-du-perinee-50ml\\\/\",\"url\":\"https:\\\/\\\/paragaleriedetalborjt.com\\\/boutique\\\/lansinoh-huile-de-massage-du-perinee-50ml\\\/\",\"name\":\"Lansinoh Huile de massage du perinee 50ml - paragaleriedetalborjt\",\"isPartOf\":{\"@id\":\"https:\\\/\\\/paragaleriedetalborjt.com\\\/#website\"},\"primaryImageOfPage\":{\"@id\":\"https:\\\/\\\/paragaleriedetalborjt.com\\\/boutique\\\/lansinoh-huile-de-massage-du-perinee-50ml\\\/#primaryimage\"},\"image\":{\"@id\":\"https:\\\/\\\/paragaleriedetalborjt.com\\\/boutique\\\/lansinoh-huile-de-massage-du-perinee-50ml\\\/#primaryimage\"},\"thumbnailUrl\":\"https:\\\/\\\/paragaleriedetalborjt.com\\\/wp-content\\\/uploads\\\/2026\\\/01\\\/5060420232608.jpg\",\"datePublished\":\"2026-01-04T01:08:50+00:00\",\"dateModified\":\"2026-01-04T13:35:27+00:00\",\"breadcrumb\":{\"@id\":\"https:\\\/\\\/paragaleriedetalborjt.com\\\/boutique\\\/lansinoh-huile-de-massage-du-perinee-50ml\\\/#breadcrumb\"},\"inLanguage\":\"en-US\",\"potentialAction\":[{\"@type\":\"ReadAction\",\"target\":[\"https:\\\/\\\/paragaleriedetalborjt.com\\\/boutique\\\/lansinoh-huile-de-massage-du-perinee-50ml\\\/\"]}]},{\"@type\":\"ImageObject\",\"inLanguage\":\"en-US\",\"@id\":\"https:\\\/\\\/paragaleriedetalborjt.com\\\/boutique\\\/lansinoh-huile-de-massage-du-perinee-50ml\\\/#primaryimage\",\"url\":\"https:\\\/\\\/paragaleriedetalborjt.com\\\/wp-content\\\/uploads\\\/2026\\\/01\\\/5060420232608.jpg\",\"contentUrl\":\"https:\\\/\\\/paragaleriedetalborjt.com\\\/wp-content\\\/uploads\\\/2026\\\/01\\\/5060420232608.jpg\",\"width\":594,\"height\":658},{\"@type\":\"BreadcrumbList\",\"@id\":\"https:\\\/\\\/paragaleriedetalborjt.com\\\/boutique\\\/lansinoh-huile-de-massage-du-perinee-50ml\\\/#breadcrumb\",\"itemListElement\":[{\"@type\":\"ListItem\",\"position\":1,\"name\":\"Accueil\",\"item\":\"https:\\\/\\\/paragaleriedetalborjt.com\\\/\"},{\"@type\":\"ListItem\",\"position\":2,\"name\":\"Boutique\",\"item\":\"https:\\\/\\\/paragaleriedetalborjt.com\\\/boutique\\\/\"},{\"@type\":\"ListItem\",\"position\":3,\"name\":\"Lansinoh Huile de massage du perinee 50ml\"}]},{\"@type\":\"WebSite\",\"@id\":\"https:\\\/\\\/paragaleriedetalborjt.com\\\/#website\",\"url\":\"https:\\\/\\\/paragaleriedetalborjt.com\\\/\",\"name\":\"paragaleriedetalborjt\",\"description\":\"\",\"potentialAction\":[{\"@type\":\"SearchAction\",\"target\":{\"@type\":\"EntryPoint\",\"urlTemplate\":\"https:\\\/\\\/paragaleriedetalborjt.com\\\/?s={search_term_string}\"},\"query-input\":{\"@type\":\"PropertyValueSpecification\",\"valueRequired\":true,\"valueName\":\"search_term_string\"}}],\"inLanguage\":\"en-US\"}]}<\/script>\n<!-- \/ Yoast SEO plugin. -->","yoast_head_json":{"title":"Lansinoh Huile de massage du perinee 50ml - paragaleriedetalborjt","robots":{"index":"index","follow":"follow","max-snippet":"max-snippet:-1","max-image-preview":"max-image-preview:large","max-video-preview":"max-video-preview:-1"},"canonical":"https:\/\/paragaleriedetalborjt.com\/en\/boutique\/lansinoh-huile-de-massage-du-perinee-50ml\/","og_locale":"en_US","og_type":"article","og_title":"Lansinoh Huile de massage du perinee 50ml - paragaleriedetalborjt","og_description":"Highlights:L\u2019huile bio \u00ab\u00a0Pre-Naissance\u00a0\u00bb de Lansinoh am\u00e9liore l\u2019\u00e9lasticit\u00e9 de la peau et il a \u00e9t\u00e9 prouv\u00e9 qu\u2019elle pr\u00e9vient les d\u00e9chirures lors de l\u2019accouchement.\u00a0Un produit \u00e0 base d\u2019ingr\u00e9dients 100% naturels qui adoucit et hydrate la peau.\u00a0Le produit convient \u00e9galement \u00e0 la pr\u00e9vention des cicatrices de grossesse.\u00a0Le produit est test\u00e9 gyn\u00e9cologiquement et cliniquement, sans parfum et convient \u00e9galement aux peaux sensibles.\u00a0Les instructions pour le massage sont fournies dans la notice.","og_url":"https:\/\/paragaleriedetalborjt.com\/en\/boutique\/lansinoh-huile-de-massage-du-perinee-50ml\/","og_site_name":"paragaleriedetalborjt","article_modified_time":"2026-01-04T13:35:27+00:00","og_image":[{"width":594,"height":658,"url":"https:\/\/paragaleriedetalborjt.com\/wp-content\/uploads\/2026\/01\/5060420232608.jpg","type":"image\/jpeg"}],"twitter_card":"summary_large_image","twitter_misc":{"Est. reading time":"2 minutes"},"schema":{"@context":"https:\/\/schema.org","@graph":[{"@type":"WebPage","@id":"https:\/\/paragaleriedetalborjt.com\/boutique\/lansinoh-huile-de-massage-du-perinee-50ml\/","url":"https:\/\/paragaleriedetalborjt.com\/boutique\/lansinoh-huile-de-massage-du-perinee-50ml\/","name":"Lansinoh Huile de massage du perinee 50ml - paragaleriedetalborjt","isPartOf":{"@id":"https:\/\/paragaleriedetalborjt.com\/#website"},"primaryImageOfPage":{"@id":"https:\/\/paragaleriedetalborjt.com\/boutique\/lansinoh-huile-de-massage-du-perinee-50ml\/#primaryimage"},"image":{"@id":"https:\/\/paragaleriedetalborjt.com\/boutique\/lansinoh-huile-de-massage-du-perinee-50ml\/#primaryimage"},"thumbnailUrl":"https:\/\/paragaleriedetalborjt.com\/wp-content\/uploads\/2026\/01\/5060420232608.jpg","datePublished":"2026-01-04T01:08:50+00:00","dateModified":"2026-01-04T13:35:27+00:00","breadcrumb":{"@id":"https:\/\/paragaleriedetalborjt.com\/boutique\/lansinoh-huile-de-massage-du-perinee-50ml\/#breadcrumb"},"inLanguage":"en-US","potentialAction":[{"@type":"ReadAction","target":["https:\/\/paragaleriedetalborjt.com\/boutique\/lansinoh-huile-de-massage-du-perinee-50ml\/"]}]},{"@type":"ImageObject","inLanguage":"en-US","@id":"https:\/\/paragaleriedetalborjt.com\/boutique\/lansinoh-huile-de-massage-du-perinee-50ml\/#primaryimage","url":"https:\/\/paragaleriedetalborjt.com\/wp-content\/uploads\/2026\/01\/5060420232608.jpg","contentUrl":"https:\/\/paragaleriedetalborjt.com\/wp-content\/uploads\/2026\/01\/5060420232608.jpg","width":594,"height":658},{"@type":"BreadcrumbList","@id":"https:\/\/paragaleriedetalborjt.com\/boutique\/lansinoh-huile-de-massage-du-perinee-50ml\/#breadcrumb","itemListElement":[{"@type":"ListItem","position":1,"name":"Accueil","item":"https:\/\/paragaleriedetalborjt.com\/"},{"@type":"ListItem","position":2,"name":"Boutique","item":"https:\/\/paragaleriedetalborjt.com\/boutique\/"},{"@type":"ListItem","position":3,"name":"Lansinoh Huile de massage du perinee 50ml"}]},{"@type":"WebSite","@id":"https:\/\/paragaleriedetalborjt.com\/#website","url":"https:\/\/paragaleriedetalborjt.com\/","name":"paragaleriedetalborjt","description":"","potentialAction":[{"@type":"SearchAction","target":{"@type":"EntryPoint","urlTemplate":"https:\/\/paragaleriedetalborjt.com\/?s={search_term_string}"},"query-input":{"@type":"PropertyValueSpecification","valueRequired":true,"valueName":"search_term_string"}}],"inLanguage":"en-US"}]}},"brands":[{"id":1867,"name":"LANSINOH","slug":"lansinoh"}],"_links":{"self":[{"href":"https:\/\/paragaleriedetalborjt.com\/en\/wp-json\/wp\/v2\/product\/48712","targetHints":{"allow":["GET"]}}],"collection":[{"href":"https:\/\/paragaleriedetalborjt.com\/en\/wp-json\/wp\/v2\/product"}],"about":[{"href":"https:\/\/paragaleriedetalborjt.com\/en\/wp-json\/wp\/v2\/types\/product"}],"replies":[{"embeddable":true,"href":"https:\/\/paragaleriedetalborjt.com\/en\/wp-json\/wp\/v2\/comments?post=48712"}],"version-history":[{"count":1,"href":"https:\/\/paragaleriedetalborjt.com\/en\/wp-json\/wp\/v2\/product\/48712\/revisions"}],"predecessor-version":[{"id":48714,"href":"https:\/\/paragaleriedetalborjt.com\/en\/wp-json\/wp\/v2\/product\/48712\/revisions\/48714"}],"wp:featuredmedia":[{"embeddable":true,"href":"https:\/\/paragaleriedetalborjt.com\/en\/wp-json\/wp\/v2\/media\/48713"}],"wp:attachment":[{"href":"https:\/\/paragaleriedetalborjt.com\/en\/wp-json\/wp\/v2\/media?parent=48712"}],"wp:term":[{"taxonomy":"pwb-brand","embeddable":true,"href":"https:\/\/paragaleriedetalborjt.com\/en\/wp-json\/wp\/v2\/pwb-brand?post=48712"},{"taxonomy":"product_cat","embeddable":true,"href":"https:\/\/paragaleriedetalborjt.com\/en\/wp-json\/wp\/v2\/product_cat?post=48712"},{"taxonomy":"product_tag","embeddable":true,"href":"https:\/\/paragaleriedetalborjt.com\/en\/wp-json\/wp\/v2\/product_tag?post=48712"}],"curies":[{"name":"wp","href":"https:\/\/api.w.org\/{rel}","templated":true}]}}