{"id":48496,"date":"2026-01-04T01:59:27","date_gmt":"2026-01-04T00:59:27","guid":{"rendered":"https:\/\/paragaleriedetalborjt.com\/?post_type=product&#038;p=48496"},"modified":"2026-01-04T14:34:44","modified_gmt":"2026-01-04T13:34:44","slug":"mccosmetics-melanopeel-cream-30ml","status":"publish","type":"product","link":"https:\/\/paragaleriedetalborjt.com\/en\/boutique\/mccosmetics-melanopeel-cream-30ml\/","title":{"rendered":"Mccosmetics Melanopeel cream 30ml"},"content":{"rendered":"<div aria-labelledby=\"tab-title-description\" class=\"woocommerce-Tabs-panel woocommerce-Tabs-panel--description panel entry-content wc-tab\" id=\"tab-description\" role=\"tabpanel\" style=\"\">\n<h2>Description<\/h2>\n<p>mccosmetics Melanopeel Cream 30mlconsiste en un traitement intensif enrichi en principes actifs qui contribuent \u00e0 la r\u00e9duction des taches cutan\u00e9es. De plus, il exerce une triple action : en tant qu\u2019antioxydant et agent de protection et de blanchiment de la peau. En d\u2019autres termes, cette cr\u00e8me quotidienne soutient l\u2019effet blanchissant et la r\u00e9duction de l\u2019hyperpigmentation. D\u2019autre part, il fonctionne comme un rajeunissement complet de la peau. A savoir, cette cr\u00e8me douce et luxueuse renouvelle r\u00e9guli\u00e8rement la peau tout en interagissant avec le processus de m\u00e9lanog\u00e9n\u00e8se pour r\u00e9duire l\u2019exc\u00e8s de pigmentation et uniformiser le grain de peau. Au final, la peau devient plus uniforme, rajeunie et encore plus \u00e9clatante.<\/p>\n<p>Dans l\u2019ensemble, ce traitement intensif luxueux agit \u00e0 la surface de la peau en pr\u00e9venant et en lissant les taches brunes et le teint irr\u00e9gulier. \u00c0 son tour, il aide \u00e0 \u00e9quilibrer la production de m\u00e9lanine tout en prot\u00e9geant la peau, en l\u2019exfoliant et en la rendant plus \u00e9clatante.<\/p>\n<p><strong>Les caract\u00e9ristiques:<\/strong><br \/>\nTexture : cr\u00e8me ;<br \/>\nProbl\u00e8mes de peau : taches brunes, teint irr\u00e9gulier, teint terne ;<br \/>\nMoment d\u2019application : matin et soir ;<br \/>\n\u00c2ge : 25 ans et plus ;<br \/>\nType de peau : tous types de peau ;<br \/>\nPrincipaux avantages : consiste en un traitement intensif qui agit \u00e0 la surface de la peau, pr\u00e9venant et lissant les taches brunes et le teint irr\u00e9gulier, aidant \u00e0 \u00e9quilibrer la production de m\u00e9lanine tout en prot\u00e9geant la peau, en l\u2019exfoliant et en la rendant plus \u00e9clatante.<br \/>\nLes ingr\u00e9dients principaux:<br \/>\nL\u2019acide kojique exerce une forte action d\u00e9pigmentante sur la peau car il poss\u00e8de des propri\u00e9t\u00e9s \u00e9claircissantes, antioxydantes et antibact\u00e9riennes. De plus, il inhibe la s\u00e9cr\u00e9tion de tyrosinase et r\u00e9gule la s\u00e9cr\u00e9tion de s\u00e9bum ;<br \/>\nL\u2019acide salicylique est un acide b\u00eata-hydroxy qui offre une action anti-inflammatoire tout en exfoliant la peau \u00e0 la fois dans les pores et en surface ;<br \/>\nL\u2019acide lactique absorbe et retient l\u2019humidit\u00e9, et est un agent com\u00e9dolytique qui d\u00e9bouche les pores ;<br \/>\nL\u2019acide phytique a une action antioxydante et r\u00e9duit la production de m\u00e9lanine ;<br \/>\nL\u2019acide ascorbique, une forme stabilis\u00e9e de vitamine C, poss\u00e8de de puissantes propri\u00e9t\u00e9s antioxydantes. Il prot\u00e8ge non seulement la peau des radicaux libres, mais aide \u00e9galement \u00e0 stimuler la production de collag\u00e8ne. Il aide \u00e0 lutter contre les signes du vieillissement et de la fatigue, illumine le teint et am\u00e9liore l\u2019apparence g\u00e9n\u00e9rale de la peau ;<br \/>\nL\u2019arbutine est responsable de la r\u00e9gulation de la production de m\u00e9lanine et de l\u2019\u00e9claircissement de la peau pr\u00e9sentant des probl\u00e8mes d\u2019hyperpigmentation. Ainsi, il favorise la disparition des taches brunes tout en luttant contre les radicaux libres nocifs.<\/p>\n<p><strong>Conseils d\u2019utilisation :<\/strong><\/p>\n<p>Appliquermccosmetics Melanopeel Cream 30mlapr\u00e8s avoir nettoy\u00e9 la peau. Il peut \u00eatre appliqu\u00e9 2x par jour, matin et soir, pendant les 2 premi\u00e8res semaines. Ensuite, il est recommand\u00e9 d\u2019appliquer le soir. Il est important d\u2019utiliser une cr\u00e8me hydratante pour \u00e9quilibrer une bonne hydratation et maintenir le bon film hydrolipidique de la peau.<\/p>\n<\/div>","protected":false},"excerpt":{"rendered":"<p>Highlights:Mccosmetics Melanopeel Cream 30ml\u00a0agit \u00e0 la surface de la peau en pr\u00e9venant et en lissant les taches brunes tout en prot\u00e9geant la peau, en l\u2019exfoliant et en la rendant plus \u00e9clatante.<\/p>","protected":false},"featured_media":48497,"comment_status":"open","ping_status":"closed","template":"","meta":[],"pwb-brand":[1823],"product_cat":[16],"product_tag":[],"class_list":{"0":"post-48496","1":"product","2":"type-product","3":"status-publish","4":"has-post-thumbnail","6":"pwb-brand-mccosmetics","7":"product_cat-non-classe","8":"pa_brands-mccosmetics","10":"first","11":"instock","12":"sale","13":"shipping-taxable","14":"purchasable","15":"product-type-simple"},"yoast_head":"<!-- This site is optimized with the Yoast SEO plugin v26.9 - https:\/\/yoast.com\/product\/yoast-seo-wordpress\/ -->\n<title>Mccosmetics Melanopeel cream 30ml - paragaleriedetalborjt<\/title>\n<meta name=\"robots\" content=\"index, follow, max-snippet:-1, max-image-preview:large, max-video-preview:-1\" \/>\n<link rel=\"canonical\" href=\"https:\/\/paragaleriedetalborjt.com\/en\/boutique\/mccosmetics-melanopeel-cream-30ml\/\" \/>\n<meta property=\"og:locale\" content=\"en_US\" \/>\n<meta property=\"og:type\" content=\"article\" \/>\n<meta property=\"og:title\" content=\"Mccosmetics Melanopeel cream 30ml - paragaleriedetalborjt\" \/>\n<meta property=\"og:description\" content=\"Highlights:Mccosmetics Melanopeel Cream 30ml\u00a0agit \u00e0 la surface de la peau en pr\u00e9venant et en lissant les taches brunes tout en prot\u00e9geant la peau, en l\u2019exfoliant et en la rendant plus \u00e9clatante.\" \/>\n<meta property=\"og:url\" content=\"https:\/\/paragaleriedetalborjt.com\/en\/boutique\/mccosmetics-melanopeel-cream-30ml\/\" \/>\n<meta property=\"og:site_name\" content=\"paragaleriedetalborjt\" \/>\n<meta property=\"article:modified_time\" content=\"2026-01-04T13:34:44+00:00\" \/>\n<meta property=\"og:image\" content=\"https:\/\/paragaleriedetalborjt.com\/wp-content\/uploads\/2026\/01\/mccosmetics-melanopeel-cream-30ml.jpg\" \/>\n\t<meta property=\"og:image:width\" content=\"595\" \/>\n\t<meta property=\"og:image:height\" content=\"655\" \/>\n\t<meta property=\"og:image:type\" content=\"image\/jpeg\" \/>\n<meta name=\"twitter:card\" content=\"summary_large_image\" \/>\n<meta name=\"twitter:label1\" content=\"Est. reading time\" \/>\n\t<meta name=\"twitter:data1\" content=\"3 minutes\" \/>\n<script type=\"application\/ld+json\" class=\"yoast-schema-graph\">{\"@context\":\"https:\/\/schema.org\",\"@graph\":[{\"@type\":\"WebPage\",\"@id\":\"https:\/\/paragaleriedetalborjt.com\/boutique\/mccosmetics-melanopeel-cream-30ml\/\",\"url\":\"https:\/\/paragaleriedetalborjt.com\/boutique\/mccosmetics-melanopeel-cream-30ml\/\",\"name\":\"Mccosmetics Melanopeel cream 30ml - paragaleriedetalborjt\",\"isPartOf\":{\"@id\":\"https:\/\/paragaleriedetalborjt.com\/#website\"},\"primaryImageOfPage\":{\"@id\":\"https:\/\/paragaleriedetalborjt.com\/boutique\/mccosmetics-melanopeel-cream-30ml\/#primaryimage\"},\"image\":{\"@id\":\"https:\/\/paragaleriedetalborjt.com\/boutique\/mccosmetics-melanopeel-cream-30ml\/#primaryimage\"},\"thumbnailUrl\":\"https:\/\/paragaleriedetalborjt.com\/wp-content\/uploads\/2026\/01\/mccosmetics-melanopeel-cream-30ml.jpg\",\"datePublished\":\"2026-01-04T00:59:27+00:00\",\"dateModified\":\"2026-01-04T13:34:44+00:00\",\"breadcrumb\":{\"@id\":\"https:\/\/paragaleriedetalborjt.com\/boutique\/mccosmetics-melanopeel-cream-30ml\/#breadcrumb\"},\"inLanguage\":\"en-US\",\"potentialAction\":[{\"@type\":\"ReadAction\",\"target\":[\"https:\/\/paragaleriedetalborjt.com\/boutique\/mccosmetics-melanopeel-cream-30ml\/\"]}]},{\"@type\":\"ImageObject\",\"inLanguage\":\"en-US\",\"@id\":\"https:\/\/paragaleriedetalborjt.com\/boutique\/mccosmetics-melanopeel-cream-30ml\/#primaryimage\",\"url\":\"https:\/\/paragaleriedetalborjt.com\/wp-content\/uploads\/2026\/01\/mccosmetics-melanopeel-cream-30ml.jpg\",\"contentUrl\":\"https:\/\/paragaleriedetalborjt.com\/wp-content\/uploads\/2026\/01\/mccosmetics-melanopeel-cream-30ml.jpg\",\"width\":595,\"height\":655},{\"@type\":\"BreadcrumbList\",\"@id\":\"https:\/\/paragaleriedetalborjt.com\/boutique\/mccosmetics-melanopeel-cream-30ml\/#breadcrumb\",\"itemListElement\":[{\"@type\":\"ListItem\",\"position\":1,\"name\":\"Accueil\",\"item\":\"https:\/\/paragaleriedetalborjt.com\/\"},{\"@type\":\"ListItem\",\"position\":2,\"name\":\"Boutique\",\"item\":\"https:\/\/paragaleriedetalborjt.com\/boutique\/\"},{\"@type\":\"ListItem\",\"position\":3,\"name\":\"Mccosmetics Melanopeel cream 30ml\"}]},{\"@type\":\"WebSite\",\"@id\":\"https:\/\/paragaleriedetalborjt.com\/#website\",\"url\":\"https:\/\/paragaleriedetalborjt.com\/\",\"name\":\"paragaleriedetalborjt\",\"description\":\"\",\"potentialAction\":[{\"@type\":\"SearchAction\",\"target\":{\"@type\":\"EntryPoint\",\"urlTemplate\":\"https:\/\/paragaleriedetalborjt.com\/?s={search_term_string}\"},\"query-input\":{\"@type\":\"PropertyValueSpecification\",\"valueRequired\":true,\"valueName\":\"search_term_string\"}}],\"inLanguage\":\"en-US\"}]}<\/script>\n<!-- \/ Yoast SEO plugin. -->","yoast_head_json":{"title":"Mccosmetics Melanopeel cream 30ml - paragaleriedetalborjt","robots":{"index":"index","follow":"follow","max-snippet":"max-snippet:-1","max-image-preview":"max-image-preview:large","max-video-preview":"max-video-preview:-1"},"canonical":"https:\/\/paragaleriedetalborjt.com\/en\/boutique\/mccosmetics-melanopeel-cream-30ml\/","og_locale":"en_US","og_type":"article","og_title":"Mccosmetics Melanopeel cream 30ml - paragaleriedetalborjt","og_description":"Highlights:Mccosmetics Melanopeel Cream 30ml\u00a0agit \u00e0 la surface de la peau en pr\u00e9venant et en lissant les taches brunes tout en prot\u00e9geant la peau, en l\u2019exfoliant et en la rendant plus \u00e9clatante.","og_url":"https:\/\/paragaleriedetalborjt.com\/en\/boutique\/mccosmetics-melanopeel-cream-30ml\/","og_site_name":"paragaleriedetalborjt","article_modified_time":"2026-01-04T13:34:44+00:00","og_image":[{"width":595,"height":655,"url":"https:\/\/paragaleriedetalborjt.com\/wp-content\/uploads\/2026\/01\/mccosmetics-melanopeel-cream-30ml.jpg","type":"image\/jpeg"}],"twitter_card":"summary_large_image","twitter_misc":{"Est. reading time":"3 minutes"},"schema":{"@context":"https:\/\/schema.org","@graph":[{"@type":"WebPage","@id":"https:\/\/paragaleriedetalborjt.com\/boutique\/mccosmetics-melanopeel-cream-30ml\/","url":"https:\/\/paragaleriedetalborjt.com\/boutique\/mccosmetics-melanopeel-cream-30ml\/","name":"Mccosmetics Melanopeel cream 30ml - paragaleriedetalborjt","isPartOf":{"@id":"https:\/\/paragaleriedetalborjt.com\/#website"},"primaryImageOfPage":{"@id":"https:\/\/paragaleriedetalborjt.com\/boutique\/mccosmetics-melanopeel-cream-30ml\/#primaryimage"},"image":{"@id":"https:\/\/paragaleriedetalborjt.com\/boutique\/mccosmetics-melanopeel-cream-30ml\/#primaryimage"},"thumbnailUrl":"https:\/\/paragaleriedetalborjt.com\/wp-content\/uploads\/2026\/01\/mccosmetics-melanopeel-cream-30ml.jpg","datePublished":"2026-01-04T00:59:27+00:00","dateModified":"2026-01-04T13:34:44+00:00","breadcrumb":{"@id":"https:\/\/paragaleriedetalborjt.com\/boutique\/mccosmetics-melanopeel-cream-30ml\/#breadcrumb"},"inLanguage":"en-US","potentialAction":[{"@type":"ReadAction","target":["https:\/\/paragaleriedetalborjt.com\/boutique\/mccosmetics-melanopeel-cream-30ml\/"]}]},{"@type":"ImageObject","inLanguage":"en-US","@id":"https:\/\/paragaleriedetalborjt.com\/boutique\/mccosmetics-melanopeel-cream-30ml\/#primaryimage","url":"https:\/\/paragaleriedetalborjt.com\/wp-content\/uploads\/2026\/01\/mccosmetics-melanopeel-cream-30ml.jpg","contentUrl":"https:\/\/paragaleriedetalborjt.com\/wp-content\/uploads\/2026\/01\/mccosmetics-melanopeel-cream-30ml.jpg","width":595,"height":655},{"@type":"BreadcrumbList","@id":"https:\/\/paragaleriedetalborjt.com\/boutique\/mccosmetics-melanopeel-cream-30ml\/#breadcrumb","itemListElement":[{"@type":"ListItem","position":1,"name":"Accueil","item":"https:\/\/paragaleriedetalborjt.com\/"},{"@type":"ListItem","position":2,"name":"Boutique","item":"https:\/\/paragaleriedetalborjt.com\/boutique\/"},{"@type":"ListItem","position":3,"name":"Mccosmetics Melanopeel cream 30ml"}]},{"@type":"WebSite","@id":"https:\/\/paragaleriedetalborjt.com\/#website","url":"https:\/\/paragaleriedetalborjt.com\/","name":"paragaleriedetalborjt","description":"","potentialAction":[{"@type":"SearchAction","target":{"@type":"EntryPoint","urlTemplate":"https:\/\/paragaleriedetalborjt.com\/?s={search_term_string}"},"query-input":{"@type":"PropertyValueSpecification","valueRequired":true,"valueName":"search_term_string"}}],"inLanguage":"en-US"}]}},"brands":[{"id":1823,"name":"Mccosmetics","slug":"mccosmetics"}],"_links":{"self":[{"href":"https:\/\/paragaleriedetalborjt.com\/en\/wp-json\/wp\/v2\/product\/48496","targetHints":{"allow":["GET"]}}],"collection":[{"href":"https:\/\/paragaleriedetalborjt.com\/en\/wp-json\/wp\/v2\/product"}],"about":[{"href":"https:\/\/paragaleriedetalborjt.com\/en\/wp-json\/wp\/v2\/types\/product"}],"replies":[{"embeddable":true,"href":"https:\/\/paragaleriedetalborjt.com\/en\/wp-json\/wp\/v2\/comments?post=48496"}],"version-history":[{"count":1,"href":"https:\/\/paragaleriedetalborjt.com\/en\/wp-json\/wp\/v2\/product\/48496\/revisions"}],"predecessor-version":[{"id":48498,"href":"https:\/\/paragaleriedetalborjt.com\/en\/wp-json\/wp\/v2\/product\/48496\/revisions\/48498"}],"wp:featuredmedia":[{"embeddable":true,"href":"https:\/\/paragaleriedetalborjt.com\/en\/wp-json\/wp\/v2\/media\/48497"}],"wp:attachment":[{"href":"https:\/\/paragaleriedetalborjt.com\/en\/wp-json\/wp\/v2\/media?parent=48496"}],"wp:term":[{"taxonomy":"pwb-brand","embeddable":true,"href":"https:\/\/paragaleriedetalborjt.com\/en\/wp-json\/wp\/v2\/pwb-brand?post=48496"},{"taxonomy":"product_cat","embeddable":true,"href":"https:\/\/paragaleriedetalborjt.com\/en\/wp-json\/wp\/v2\/product_cat?post=48496"},{"taxonomy":"product_tag","embeddable":true,"href":"https:\/\/paragaleriedetalborjt.com\/en\/wp-json\/wp\/v2\/product_tag?post=48496"}],"curies":[{"name":"wp","href":"https:\/\/api.w.org\/{rel}","templated":true}]}}