{"id":48493,"date":"2026-01-04T01:59:20","date_gmt":"2026-01-04T00:59:20","guid":{"rendered":"https:\/\/paragaleriedetalborjt.com\/?post_type=product&#038;p=48493"},"modified":"2026-01-04T14:34:44","modified_gmt":"2026-01-04T13:34:44","slug":"mccosmetics-hyaluro-peptide-repair-30ml","status":"publish","type":"product","link":"https:\/\/paragaleriedetalborjt.com\/en\/boutique\/mccosmetics-hyaluro-peptide-repair-30ml\/","title":{"rendered":"Mccosmetics Hyaluro Peptide Repair 30ml"},"content":{"rendered":"<div aria-labelledby=\"tab-title-description\" class=\"woocommerce-Tabs-panel woocommerce-Tabs-panel--description panel entry-content wc-tab\" id=\"tab-description\" role=\"tabpanel\" style=\"\">\n<h2>Description<\/h2>\n<p>\u2018- La combinaison d\u2019acide hyaluronique avec un complexe d\u2019amino-peptides cr\u00e9e un s\u00e9rum de r\u00e9cup\u00e9ration pour hydrater en profondeur et emprisonner l\u2019humidit\u00e9, am\u00e9liorer l\u2019\u00e9lasticit\u00e9 de la peau et r\u00e9duire les rides statiques et dynamiques. Ses propri\u00e9t\u00e9s apaisantes aident \u00e9galement \u00e0 r\u00e9duire les poches sous les yeux dues \u00e0 la r\u00e9tention d\u2019eau.<\/p>\n<p>\u2013 Principaux ingr\u00e9dients : Acetyl Tetrapeptide-5, Hyaluronate de Sodium.<\/p>\n<p>\u2013 Recommand\u00e9 pour les rides et les cernes.<\/p>\n<p>\u2013 Fr\u00e9quence : Appliquer quotidiennement.<\/p>\n<p>\u2013 Entretien : 1 s\u00e9ance tous les 4-6 mois<\/p>\n<\/div>","protected":false},"excerpt":{"rendered":"<p>Highlights:Hyaluronic Peptide Repair est un s\u00e9rum de r\u00e9cup\u00e9ration pour hydrater en profondeur et emprisonner l\u2019humidit\u00e9, am\u00e9liorer l\u2019\u00e9lasticit\u00e9 de la peau et r\u00e9duire les rides statiques et dynamiques.<\/p>","protected":false},"featured_media":48494,"comment_status":"open","ping_status":"closed","template":"","meta":[],"pwb-brand":[1823],"product_cat":[16],"product_tag":[],"class_list":{"0":"post-48493","1":"product","2":"type-product","3":"status-publish","4":"has-post-thumbnail","6":"pwb-brand-mccosmetics","7":"product_cat-non-classe","8":"pa_brands-mccosmetics","10":"first","11":"instock","12":"sale","13":"shipping-taxable","14":"purchasable","15":"product-type-simple"},"yoast_head":"<!-- This site is optimized with the Yoast SEO plugin v26.9 - https:\/\/yoast.com\/product\/yoast-seo-wordpress\/ -->\n<title>Mccosmetics Hyaluro Peptide Repair 30ml - paragaleriedetalborjt<\/title>\n<meta name=\"robots\" content=\"index, follow, max-snippet:-1, max-image-preview:large, max-video-preview:-1\" \/>\n<link rel=\"canonical\" href=\"https:\/\/paragaleriedetalborjt.com\/en\/boutique\/mccosmetics-hyaluro-peptide-repair-30ml\/\" \/>\n<meta property=\"og:locale\" content=\"en_US\" \/>\n<meta property=\"og:type\" content=\"article\" \/>\n<meta property=\"og:title\" content=\"Mccosmetics Hyaluro Peptide Repair 30ml - paragaleriedetalborjt\" \/>\n<meta property=\"og:description\" content=\"Highlights:Hyaluronic Peptide Repair est un s\u00e9rum de r\u00e9cup\u00e9ration pour hydrater en profondeur et emprisonner l\u2019humidit\u00e9, am\u00e9liorer l\u2019\u00e9lasticit\u00e9 de la peau et r\u00e9duire les rides statiques et dynamiques.\" \/>\n<meta property=\"og:url\" content=\"https:\/\/paragaleriedetalborjt.com\/en\/boutique\/mccosmetics-hyaluro-peptide-repair-30ml\/\" \/>\n<meta property=\"og:site_name\" content=\"paragaleriedetalborjt\" \/>\n<meta property=\"article:modified_time\" content=\"2026-01-04T13:34:44+00:00\" \/>\n<meta property=\"og:image\" content=\"https:\/\/paragaleriedetalborjt.com\/wp-content\/uploads\/2026\/01\/Mccosmetics-Hyaluro-peptide-repair-30ml.jpg\" \/>\n\t<meta property=\"og:image:width\" content=\"595\" \/>\n\t<meta property=\"og:image:height\" content=\"655\" \/>\n\t<meta property=\"og:image:type\" content=\"image\/jpeg\" \/>\n<meta name=\"twitter:card\" content=\"summary_large_image\" \/>\n<script type=\"application\/ld+json\" class=\"yoast-schema-graph\">{\"@context\":\"https:\/\/schema.org\",\"@graph\":[{\"@type\":\"WebPage\",\"@id\":\"https:\/\/paragaleriedetalborjt.com\/boutique\/mccosmetics-hyaluro-peptide-repair-30ml\/\",\"url\":\"https:\/\/paragaleriedetalborjt.com\/boutique\/mccosmetics-hyaluro-peptide-repair-30ml\/\",\"name\":\"Mccosmetics Hyaluro Peptide Repair 30ml - paragaleriedetalborjt\",\"isPartOf\":{\"@id\":\"https:\/\/paragaleriedetalborjt.com\/#website\"},\"primaryImageOfPage\":{\"@id\":\"https:\/\/paragaleriedetalborjt.com\/boutique\/mccosmetics-hyaluro-peptide-repair-30ml\/#primaryimage\"},\"image\":{\"@id\":\"https:\/\/paragaleriedetalborjt.com\/boutique\/mccosmetics-hyaluro-peptide-repair-30ml\/#primaryimage\"},\"thumbnailUrl\":\"https:\/\/paragaleriedetalborjt.com\/wp-content\/uploads\/2026\/01\/Mccosmetics-Hyaluro-peptide-repair-30ml.jpg\",\"datePublished\":\"2026-01-04T00:59:20+00:00\",\"dateModified\":\"2026-01-04T13:34:44+00:00\",\"breadcrumb\":{\"@id\":\"https:\/\/paragaleriedetalborjt.com\/boutique\/mccosmetics-hyaluro-peptide-repair-30ml\/#breadcrumb\"},\"inLanguage\":\"en-US\",\"potentialAction\":[{\"@type\":\"ReadAction\",\"target\":[\"https:\/\/paragaleriedetalborjt.com\/boutique\/mccosmetics-hyaluro-peptide-repair-30ml\/\"]}]},{\"@type\":\"ImageObject\",\"inLanguage\":\"en-US\",\"@id\":\"https:\/\/paragaleriedetalborjt.com\/boutique\/mccosmetics-hyaluro-peptide-repair-30ml\/#primaryimage\",\"url\":\"https:\/\/paragaleriedetalborjt.com\/wp-content\/uploads\/2026\/01\/Mccosmetics-Hyaluro-peptide-repair-30ml.jpg\",\"contentUrl\":\"https:\/\/paragaleriedetalborjt.com\/wp-content\/uploads\/2026\/01\/Mccosmetics-Hyaluro-peptide-repair-30ml.jpg\",\"width\":595,\"height\":655},{\"@type\":\"BreadcrumbList\",\"@id\":\"https:\/\/paragaleriedetalborjt.com\/boutique\/mccosmetics-hyaluro-peptide-repair-30ml\/#breadcrumb\",\"itemListElement\":[{\"@type\":\"ListItem\",\"position\":1,\"name\":\"Accueil\",\"item\":\"https:\/\/paragaleriedetalborjt.com\/\"},{\"@type\":\"ListItem\",\"position\":2,\"name\":\"Boutique\",\"item\":\"https:\/\/paragaleriedetalborjt.com\/boutique\/\"},{\"@type\":\"ListItem\",\"position\":3,\"name\":\"Mccosmetics Hyaluro Peptide Repair 30ml\"}]},{\"@type\":\"WebSite\",\"@id\":\"https:\/\/paragaleriedetalborjt.com\/#website\",\"url\":\"https:\/\/paragaleriedetalborjt.com\/\",\"name\":\"paragaleriedetalborjt\",\"description\":\"\",\"potentialAction\":[{\"@type\":\"SearchAction\",\"target\":{\"@type\":\"EntryPoint\",\"urlTemplate\":\"https:\/\/paragaleriedetalborjt.com\/?s={search_term_string}\"},\"query-input\":{\"@type\":\"PropertyValueSpecification\",\"valueRequired\":true,\"valueName\":\"search_term_string\"}}],\"inLanguage\":\"en-US\"}]}<\/script>\n<!-- \/ Yoast SEO plugin. -->","yoast_head_json":{"title":"Mccosmetics Hyaluro Peptide Repair 30ml - paragaleriedetalborjt","robots":{"index":"index","follow":"follow","max-snippet":"max-snippet:-1","max-image-preview":"max-image-preview:large","max-video-preview":"max-video-preview:-1"},"canonical":"https:\/\/paragaleriedetalborjt.com\/en\/boutique\/mccosmetics-hyaluro-peptide-repair-30ml\/","og_locale":"en_US","og_type":"article","og_title":"Mccosmetics Hyaluro Peptide Repair 30ml - paragaleriedetalborjt","og_description":"Highlights:Hyaluronic Peptide Repair est un s\u00e9rum de r\u00e9cup\u00e9ration pour hydrater en profondeur et emprisonner l\u2019humidit\u00e9, am\u00e9liorer l\u2019\u00e9lasticit\u00e9 de la peau et r\u00e9duire les rides statiques et dynamiques.","og_url":"https:\/\/paragaleriedetalborjt.com\/en\/boutique\/mccosmetics-hyaluro-peptide-repair-30ml\/","og_site_name":"paragaleriedetalborjt","article_modified_time":"2026-01-04T13:34:44+00:00","og_image":[{"width":595,"height":655,"url":"https:\/\/paragaleriedetalborjt.com\/wp-content\/uploads\/2026\/01\/Mccosmetics-Hyaluro-peptide-repair-30ml.jpg","type":"image\/jpeg"}],"twitter_card":"summary_large_image","schema":{"@context":"https:\/\/schema.org","@graph":[{"@type":"WebPage","@id":"https:\/\/paragaleriedetalborjt.com\/boutique\/mccosmetics-hyaluro-peptide-repair-30ml\/","url":"https:\/\/paragaleriedetalborjt.com\/boutique\/mccosmetics-hyaluro-peptide-repair-30ml\/","name":"Mccosmetics Hyaluro Peptide Repair 30ml - paragaleriedetalborjt","isPartOf":{"@id":"https:\/\/paragaleriedetalborjt.com\/#website"},"primaryImageOfPage":{"@id":"https:\/\/paragaleriedetalborjt.com\/boutique\/mccosmetics-hyaluro-peptide-repair-30ml\/#primaryimage"},"image":{"@id":"https:\/\/paragaleriedetalborjt.com\/boutique\/mccosmetics-hyaluro-peptide-repair-30ml\/#primaryimage"},"thumbnailUrl":"https:\/\/paragaleriedetalborjt.com\/wp-content\/uploads\/2026\/01\/Mccosmetics-Hyaluro-peptide-repair-30ml.jpg","datePublished":"2026-01-04T00:59:20+00:00","dateModified":"2026-01-04T13:34:44+00:00","breadcrumb":{"@id":"https:\/\/paragaleriedetalborjt.com\/boutique\/mccosmetics-hyaluro-peptide-repair-30ml\/#breadcrumb"},"inLanguage":"en-US","potentialAction":[{"@type":"ReadAction","target":["https:\/\/paragaleriedetalborjt.com\/boutique\/mccosmetics-hyaluro-peptide-repair-30ml\/"]}]},{"@type":"ImageObject","inLanguage":"en-US","@id":"https:\/\/paragaleriedetalborjt.com\/boutique\/mccosmetics-hyaluro-peptide-repair-30ml\/#primaryimage","url":"https:\/\/paragaleriedetalborjt.com\/wp-content\/uploads\/2026\/01\/Mccosmetics-Hyaluro-peptide-repair-30ml.jpg","contentUrl":"https:\/\/paragaleriedetalborjt.com\/wp-content\/uploads\/2026\/01\/Mccosmetics-Hyaluro-peptide-repair-30ml.jpg","width":595,"height":655},{"@type":"BreadcrumbList","@id":"https:\/\/paragaleriedetalborjt.com\/boutique\/mccosmetics-hyaluro-peptide-repair-30ml\/#breadcrumb","itemListElement":[{"@type":"ListItem","position":1,"name":"Accueil","item":"https:\/\/paragaleriedetalborjt.com\/"},{"@type":"ListItem","position":2,"name":"Boutique","item":"https:\/\/paragaleriedetalborjt.com\/boutique\/"},{"@type":"ListItem","position":3,"name":"Mccosmetics Hyaluro Peptide Repair 30ml"}]},{"@type":"WebSite","@id":"https:\/\/paragaleriedetalborjt.com\/#website","url":"https:\/\/paragaleriedetalborjt.com\/","name":"paragaleriedetalborjt","description":"","potentialAction":[{"@type":"SearchAction","target":{"@type":"EntryPoint","urlTemplate":"https:\/\/paragaleriedetalborjt.com\/?s={search_term_string}"},"query-input":{"@type":"PropertyValueSpecification","valueRequired":true,"valueName":"search_term_string"}}],"inLanguage":"en-US"}]}},"brands":[{"id":1823,"name":"Mccosmetics","slug":"mccosmetics"}],"_links":{"self":[{"href":"https:\/\/paragaleriedetalborjt.com\/en\/wp-json\/wp\/v2\/product\/48493","targetHints":{"allow":["GET"]}}],"collection":[{"href":"https:\/\/paragaleriedetalborjt.com\/en\/wp-json\/wp\/v2\/product"}],"about":[{"href":"https:\/\/paragaleriedetalborjt.com\/en\/wp-json\/wp\/v2\/types\/product"}],"replies":[{"embeddable":true,"href":"https:\/\/paragaleriedetalborjt.com\/en\/wp-json\/wp\/v2\/comments?post=48493"}],"version-history":[{"count":1,"href":"https:\/\/paragaleriedetalborjt.com\/en\/wp-json\/wp\/v2\/product\/48493\/revisions"}],"predecessor-version":[{"id":48495,"href":"https:\/\/paragaleriedetalborjt.com\/en\/wp-json\/wp\/v2\/product\/48493\/revisions\/48495"}],"wp:featuredmedia":[{"embeddable":true,"href":"https:\/\/paragaleriedetalborjt.com\/en\/wp-json\/wp\/v2\/media\/48494"}],"wp:attachment":[{"href":"https:\/\/paragaleriedetalborjt.com\/en\/wp-json\/wp\/v2\/media?parent=48493"}],"wp:term":[{"taxonomy":"pwb-brand","embeddable":true,"href":"https:\/\/paragaleriedetalborjt.com\/en\/wp-json\/wp\/v2\/pwb-brand?post=48493"},{"taxonomy":"product_cat","embeddable":true,"href":"https:\/\/paragaleriedetalborjt.com\/en\/wp-json\/wp\/v2\/product_cat?post=48493"},{"taxonomy":"product_tag","embeddable":true,"href":"https:\/\/paragaleriedetalborjt.com\/en\/wp-json\/wp\/v2\/product_tag?post=48493"}],"curies":[{"name":"wp","href":"https:\/\/api.w.org\/{rel}","templated":true}]}}