{"id":48487,"date":"2026-01-04T01:58:59","date_gmt":"2026-01-04T00:58:59","guid":{"rendered":"https:\/\/paragaleriedetalborjt.com\/?post_type=product&#038;p=48487"},"modified":"2026-01-04T14:34:42","modified_gmt":"2026-01-04T13:34:42","slug":"mccosmetics-moisturizing-mask-200ml","status":"publish","type":"product","link":"https:\/\/paragaleriedetalborjt.com\/en\/boutique\/mccosmetics-moisturizing-mask-200ml\/","title":{"rendered":"Mccosmetics Moisturizing Mask 200ml"},"content":{"rendered":"<div aria-labelledby=\"tab-title-description\" class=\"woocommerce-Tabs-panel woocommerce-Tabs-panel--description panel entry-content wc-tab\" id=\"tab-description\" role=\"tabpanel\" style=\"\">\n<h2>Description<\/h2>\n<p>Un masque unique \u00e0 utiliser apr\u00e8s les traitements esth\u00e9tiques.<\/p>\n<p>Ingr\u00e9dients actifs:<br \/>\n\u2022 azul\u00e8nes<br \/>\n\u2022 alpha-bisabolol<br \/>\n\u2022 zinc<\/p>\n<p>Soutient le processus naturel de r\u00e9g\u00e9n\u00e9ration de l\u2019\u00e9piderme, \u00e9limine les rougeurs et apaise la peau apr\u00e8s des traitements intensifs. Recommand\u00e9 apr\u00e8s les traitements invasifs, y compris ceux qui violent la continuit\u00e9 de la peau. Particuli\u00e8rement recommand\u00e9 comme \u00e9l\u00e9ment de finition dans les traitements d\u2019exfoliation et de m\u00e9soth\u00e9rapie \u00e0 micro-aiguilles. Recommand\u00e9 pour tous les types de peau.<\/p>\n<p>INCI\u00a0: Aqua (eau), glyc\u00e9rine, oxyde de zinc, carbonate de zinc, paraffine, alcool c\u00e9t\u00e9arylique, propyl\u00e8ne glycol et aqua et chamomilla recutita et sorbate de potassium, paraffine liquide, acide glycyrrh\u00e9tinique, laurylsulfate de sodium, m\u00e9thylparab\u00e8ne, propylparab\u00e8ne.<\/p>\n<p>Contenance : 200 ml<\/p>\n<\/div>","protected":false},"excerpt":{"rendered":"<p>Highlights:Mccosmetics Moisturizing Mask 200ml prend soin des peaux les plus s\u00e8ches ou ab\u00eem\u00e9es de mani\u00e8re exemplaire en l\u2019hydratant en profondeur, en la calmant et en favorisant sa r\u00e9cup\u00e9ration, son renforcement et son bien-\u00eatre.<\/p>","protected":false},"featured_media":48488,"comment_status":"open","ping_status":"closed","template":"","meta":[],"pwb-brand":[1823],"product_cat":[16],"product_tag":[],"class_list":{"0":"post-48487","1":"product","2":"type-product","3":"status-publish","4":"has-post-thumbnail","6":"pwb-brand-mccosmetics","7":"product_cat-non-classe","8":"pa_brands-mccosmetics","10":"first","11":"instock","12":"sale","13":"shipping-taxable","14":"purchasable","15":"product-type-simple"},"yoast_head":"<!-- This site is optimized with the Yoast SEO plugin v26.9 - https:\/\/yoast.com\/product\/yoast-seo-wordpress\/ -->\n<title>Mccosmetics Moisturizing Mask 200ml - paragaleriedetalborjt<\/title>\n<meta name=\"robots\" content=\"index, follow, max-snippet:-1, max-image-preview:large, max-video-preview:-1\" \/>\n<link rel=\"canonical\" href=\"https:\/\/paragaleriedetalborjt.com\/en\/boutique\/mccosmetics-moisturizing-mask-200ml\/\" \/>\n<meta property=\"og:locale\" content=\"en_US\" \/>\n<meta property=\"og:type\" content=\"article\" \/>\n<meta property=\"og:title\" content=\"Mccosmetics Moisturizing Mask 200ml - paragaleriedetalborjt\" \/>\n<meta property=\"og:description\" content=\"Highlights:Mccosmetics Moisturizing Mask 200ml prend soin des peaux les plus s\u00e8ches ou ab\u00eem\u00e9es de mani\u00e8re exemplaire en l\u2019hydratant en profondeur, en la calmant et en favorisant sa r\u00e9cup\u00e9ration, son renforcement et son bien-\u00eatre.\" \/>\n<meta property=\"og:url\" content=\"https:\/\/paragaleriedetalborjt.com\/en\/boutique\/mccosmetics-moisturizing-mask-200ml\/\" \/>\n<meta property=\"og:site_name\" content=\"paragaleriedetalborjt\" \/>\n<meta property=\"article:modified_time\" content=\"2026-01-04T13:34:42+00:00\" \/>\n<meta property=\"og:image\" content=\"https:\/\/paragaleriedetalborjt.com\/wp-content\/uploads\/2026\/01\/mccosmetics-masque-hydratant-200ml.jpg\" \/>\n\t<meta property=\"og:image:width\" content=\"595\" \/>\n\t<meta property=\"og:image:height\" content=\"655\" \/>\n\t<meta property=\"og:image:type\" content=\"image\/jpeg\" \/>\n<meta name=\"twitter:card\" content=\"summary_large_image\" \/>\n<meta name=\"twitter:label1\" content=\"Est. reading time\" \/>\n\t<meta name=\"twitter:data1\" content=\"1 minute\" \/>\n<script type=\"application\/ld+json\" class=\"yoast-schema-graph\">{\"@context\":\"https:\/\/schema.org\",\"@graph\":[{\"@type\":\"WebPage\",\"@id\":\"https:\/\/paragaleriedetalborjt.com\/boutique\/mccosmetics-moisturizing-mask-200ml\/\",\"url\":\"https:\/\/paragaleriedetalborjt.com\/boutique\/mccosmetics-moisturizing-mask-200ml\/\",\"name\":\"Mccosmetics Moisturizing Mask 200ml - paragaleriedetalborjt\",\"isPartOf\":{\"@id\":\"https:\/\/paragaleriedetalborjt.com\/#website\"},\"primaryImageOfPage\":{\"@id\":\"https:\/\/paragaleriedetalborjt.com\/boutique\/mccosmetics-moisturizing-mask-200ml\/#primaryimage\"},\"image\":{\"@id\":\"https:\/\/paragaleriedetalborjt.com\/boutique\/mccosmetics-moisturizing-mask-200ml\/#primaryimage\"},\"thumbnailUrl\":\"https:\/\/paragaleriedetalborjt.com\/wp-content\/uploads\/2026\/01\/mccosmetics-masque-hydratant-200ml.jpg\",\"datePublished\":\"2026-01-04T00:58:59+00:00\",\"dateModified\":\"2026-01-04T13:34:42+00:00\",\"breadcrumb\":{\"@id\":\"https:\/\/paragaleriedetalborjt.com\/boutique\/mccosmetics-moisturizing-mask-200ml\/#breadcrumb\"},\"inLanguage\":\"en-US\",\"potentialAction\":[{\"@type\":\"ReadAction\",\"target\":[\"https:\/\/paragaleriedetalborjt.com\/boutique\/mccosmetics-moisturizing-mask-200ml\/\"]}]},{\"@type\":\"ImageObject\",\"inLanguage\":\"en-US\",\"@id\":\"https:\/\/paragaleriedetalborjt.com\/boutique\/mccosmetics-moisturizing-mask-200ml\/#primaryimage\",\"url\":\"https:\/\/paragaleriedetalborjt.com\/wp-content\/uploads\/2026\/01\/mccosmetics-masque-hydratant-200ml.jpg\",\"contentUrl\":\"https:\/\/paragaleriedetalborjt.com\/wp-content\/uploads\/2026\/01\/mccosmetics-masque-hydratant-200ml.jpg\",\"width\":595,\"height\":655},{\"@type\":\"BreadcrumbList\",\"@id\":\"https:\/\/paragaleriedetalborjt.com\/boutique\/mccosmetics-moisturizing-mask-200ml\/#breadcrumb\",\"itemListElement\":[{\"@type\":\"ListItem\",\"position\":1,\"name\":\"Accueil\",\"item\":\"https:\/\/paragaleriedetalborjt.com\/\"},{\"@type\":\"ListItem\",\"position\":2,\"name\":\"Boutique\",\"item\":\"https:\/\/paragaleriedetalborjt.com\/boutique\/\"},{\"@type\":\"ListItem\",\"position\":3,\"name\":\"Mccosmetics Moisturizing Mask 200ml\"}]},{\"@type\":\"WebSite\",\"@id\":\"https:\/\/paragaleriedetalborjt.com\/#website\",\"url\":\"https:\/\/paragaleriedetalborjt.com\/\",\"name\":\"paragaleriedetalborjt\",\"description\":\"\",\"potentialAction\":[{\"@type\":\"SearchAction\",\"target\":{\"@type\":\"EntryPoint\",\"urlTemplate\":\"https:\/\/paragaleriedetalborjt.com\/?s={search_term_string}\"},\"query-input\":{\"@type\":\"PropertyValueSpecification\",\"valueRequired\":true,\"valueName\":\"search_term_string\"}}],\"inLanguage\":\"en-US\"}]}<\/script>\n<!-- \/ Yoast SEO plugin. -->","yoast_head_json":{"title":"Mccosmetics Moisturizing Mask 200ml - paragaleriedetalborjt","robots":{"index":"index","follow":"follow","max-snippet":"max-snippet:-1","max-image-preview":"max-image-preview:large","max-video-preview":"max-video-preview:-1"},"canonical":"https:\/\/paragaleriedetalborjt.com\/en\/boutique\/mccosmetics-moisturizing-mask-200ml\/","og_locale":"en_US","og_type":"article","og_title":"Mccosmetics Moisturizing Mask 200ml - paragaleriedetalborjt","og_description":"Highlights:Mccosmetics Moisturizing Mask 200ml prend soin des peaux les plus s\u00e8ches ou ab\u00eem\u00e9es de mani\u00e8re exemplaire en l\u2019hydratant en profondeur, en la calmant et en favorisant sa r\u00e9cup\u00e9ration, son renforcement et son bien-\u00eatre.","og_url":"https:\/\/paragaleriedetalborjt.com\/en\/boutique\/mccosmetics-moisturizing-mask-200ml\/","og_site_name":"paragaleriedetalborjt","article_modified_time":"2026-01-04T13:34:42+00:00","og_image":[{"width":595,"height":655,"url":"https:\/\/paragaleriedetalborjt.com\/wp-content\/uploads\/2026\/01\/mccosmetics-masque-hydratant-200ml.jpg","type":"image\/jpeg"}],"twitter_card":"summary_large_image","twitter_misc":{"Est. reading time":"1 minute"},"schema":{"@context":"https:\/\/schema.org","@graph":[{"@type":"WebPage","@id":"https:\/\/paragaleriedetalborjt.com\/boutique\/mccosmetics-moisturizing-mask-200ml\/","url":"https:\/\/paragaleriedetalborjt.com\/boutique\/mccosmetics-moisturizing-mask-200ml\/","name":"Mccosmetics Moisturizing Mask 200ml - paragaleriedetalborjt","isPartOf":{"@id":"https:\/\/paragaleriedetalborjt.com\/#website"},"primaryImageOfPage":{"@id":"https:\/\/paragaleriedetalborjt.com\/boutique\/mccosmetics-moisturizing-mask-200ml\/#primaryimage"},"image":{"@id":"https:\/\/paragaleriedetalborjt.com\/boutique\/mccosmetics-moisturizing-mask-200ml\/#primaryimage"},"thumbnailUrl":"https:\/\/paragaleriedetalborjt.com\/wp-content\/uploads\/2026\/01\/mccosmetics-masque-hydratant-200ml.jpg","datePublished":"2026-01-04T00:58:59+00:00","dateModified":"2026-01-04T13:34:42+00:00","breadcrumb":{"@id":"https:\/\/paragaleriedetalborjt.com\/boutique\/mccosmetics-moisturizing-mask-200ml\/#breadcrumb"},"inLanguage":"en-US","potentialAction":[{"@type":"ReadAction","target":["https:\/\/paragaleriedetalborjt.com\/boutique\/mccosmetics-moisturizing-mask-200ml\/"]}]},{"@type":"ImageObject","inLanguage":"en-US","@id":"https:\/\/paragaleriedetalborjt.com\/boutique\/mccosmetics-moisturizing-mask-200ml\/#primaryimage","url":"https:\/\/paragaleriedetalborjt.com\/wp-content\/uploads\/2026\/01\/mccosmetics-masque-hydratant-200ml.jpg","contentUrl":"https:\/\/paragaleriedetalborjt.com\/wp-content\/uploads\/2026\/01\/mccosmetics-masque-hydratant-200ml.jpg","width":595,"height":655},{"@type":"BreadcrumbList","@id":"https:\/\/paragaleriedetalborjt.com\/boutique\/mccosmetics-moisturizing-mask-200ml\/#breadcrumb","itemListElement":[{"@type":"ListItem","position":1,"name":"Accueil","item":"https:\/\/paragaleriedetalborjt.com\/"},{"@type":"ListItem","position":2,"name":"Boutique","item":"https:\/\/paragaleriedetalborjt.com\/boutique\/"},{"@type":"ListItem","position":3,"name":"Mccosmetics Moisturizing Mask 200ml"}]},{"@type":"WebSite","@id":"https:\/\/paragaleriedetalborjt.com\/#website","url":"https:\/\/paragaleriedetalborjt.com\/","name":"paragaleriedetalborjt","description":"","potentialAction":[{"@type":"SearchAction","target":{"@type":"EntryPoint","urlTemplate":"https:\/\/paragaleriedetalborjt.com\/?s={search_term_string}"},"query-input":{"@type":"PropertyValueSpecification","valueRequired":true,"valueName":"search_term_string"}}],"inLanguage":"en-US"}]}},"brands":[{"id":1823,"name":"Mccosmetics","slug":"mccosmetics"}],"_links":{"self":[{"href":"https:\/\/paragaleriedetalborjt.com\/en\/wp-json\/wp\/v2\/product\/48487","targetHints":{"allow":["GET"]}}],"collection":[{"href":"https:\/\/paragaleriedetalborjt.com\/en\/wp-json\/wp\/v2\/product"}],"about":[{"href":"https:\/\/paragaleriedetalborjt.com\/en\/wp-json\/wp\/v2\/types\/product"}],"replies":[{"embeddable":true,"href":"https:\/\/paragaleriedetalborjt.com\/en\/wp-json\/wp\/v2\/comments?post=48487"}],"version-history":[{"count":1,"href":"https:\/\/paragaleriedetalborjt.com\/en\/wp-json\/wp\/v2\/product\/48487\/revisions"}],"predecessor-version":[{"id":48489,"href":"https:\/\/paragaleriedetalborjt.com\/en\/wp-json\/wp\/v2\/product\/48487\/revisions\/48489"}],"wp:featuredmedia":[{"embeddable":true,"href":"https:\/\/paragaleriedetalborjt.com\/en\/wp-json\/wp\/v2\/media\/48488"}],"wp:attachment":[{"href":"https:\/\/paragaleriedetalborjt.com\/en\/wp-json\/wp\/v2\/media?parent=48487"}],"wp:term":[{"taxonomy":"pwb-brand","embeddable":true,"href":"https:\/\/paragaleriedetalborjt.com\/en\/wp-json\/wp\/v2\/pwb-brand?post=48487"},{"taxonomy":"product_cat","embeddable":true,"href":"https:\/\/paragaleriedetalborjt.com\/en\/wp-json\/wp\/v2\/product_cat?post=48487"},{"taxonomy":"product_tag","embeddable":true,"href":"https:\/\/paragaleriedetalborjt.com\/en\/wp-json\/wp\/v2\/product_tag?post=48487"}],"curies":[{"name":"wp","href":"https:\/\/api.w.org\/{rel}","templated":true}]}}