{"id":48475,"date":"2026-01-04T01:58:34","date_gmt":"2026-01-04T00:58:34","guid":{"rendered":"https:\/\/paragaleriedetalborjt.com\/?post_type=product&#038;p=48475"},"modified":"2026-01-04T14:34:41","modified_gmt":"2026-01-04T13:34:41","slug":"mccosmetics-purfying-cream-50ml","status":"publish","type":"product","link":"https:\/\/paragaleriedetalborjt.com\/en\/boutique\/mccosmetics-purfying-cream-50ml\/","title":{"rendered":"Mccosmetics purfying cream 50ml"},"content":{"rendered":"<div aria-labelledby=\"tab-title-description\" class=\"woocommerce-Tabs-panel woocommerce-Tabs-panel--description panel entry-content wc-tab\" id=\"tab-description\" role=\"tabpanel\" style=\"\">\n<h2>Description<\/h2>\n<p>Cette cr\u00e8me purifiante favorise le renouvellement cellulaire, \u00e9quilibre la luminosit\u00e9 et la douceur de la peau, am\u00e9liore sa texture.<\/p>\n<p>La cr\u00e8me purifying est compos\u00e9 d\u2019\u00a0Acide glycolique, favorise l\u2019\u00e9limination des cellules mortes et active le m\u00e9tabolisme cellulaire, permettant un renouvellement imm\u00e9diat de la peau<\/p>\n<p>La cr\u00e8me purifying est indiqu\u00e9e pour l\u2019exc\u00e8s de s\u00e9cr\u00e9tion de s\u00e9bum, l\u2019\u00e9ryth\u00e8me solaire (hyperk\u00e9ratose actinique) et est sp\u00e9cialement con\u00e7u pour les peaux \u00e0 tendance s\u00e9borrh\u00e9ique ou hyperk\u00e9ratose.<\/p>\n<h3><strong>Composition:<\/strong><\/h3>\n<ul>\n<li>Acide glycolique Myrtus communis allanto\u00efne<\/li>\n<li>Recommand\u00e9 pour : Peau grasse \/ mixte Peaux acn\u00e9iques<\/li>\n<\/ul>\n<\/div>","protected":false},"excerpt":{"rendered":"<p>Highlights:mccosmetics Purifying Cream 50ml favorise le renouvellement cellulaire de la peau tout en r\u00e9gulant la production de s\u00e9bum, en pr\u00e9venant les \u00e9ruptions cutan\u00e9es et en calmant les peaux \u00e0 tendance acn\u00e9ique.<\/p>","protected":false},"featured_media":48476,"comment_status":"open","ping_status":"closed","template":"","meta":[],"pwb-brand":[1823],"product_cat":[16],"product_tag":[],"class_list":{"0":"post-48475","1":"product","2":"type-product","3":"status-publish","4":"has-post-thumbnail","6":"pwb-brand-mccosmetics","7":"product_cat-non-classe","8":"pa_brands-mccosmetics","10":"first","11":"instock","12":"sale","13":"shipping-taxable","14":"purchasable","15":"product-type-simple"},"yoast_head":"<!-- This site is optimized with the Yoast SEO plugin v26.9 - https:\/\/yoast.com\/product\/yoast-seo-wordpress\/ -->\n<title>Mccosmetics purfying cream 50ml - paragaleriedetalborjt<\/title>\n<meta name=\"robots\" content=\"index, follow, max-snippet:-1, max-image-preview:large, max-video-preview:-1\" \/>\n<link rel=\"canonical\" href=\"https:\/\/paragaleriedetalborjt.com\/en\/boutique\/mccosmetics-purfying-cream-50ml\/\" \/>\n<meta property=\"og:locale\" content=\"en_US\" \/>\n<meta property=\"og:type\" content=\"article\" \/>\n<meta property=\"og:title\" content=\"Mccosmetics purfying cream 50ml - paragaleriedetalborjt\" \/>\n<meta property=\"og:description\" content=\"Highlights:mccosmetics Purifying Cream 50ml favorise le renouvellement cellulaire de la peau tout en r\u00e9gulant la production de s\u00e9bum, en pr\u00e9venant les \u00e9ruptions cutan\u00e9es et en calmant les peaux \u00e0 tendance acn\u00e9ique.\" \/>\n<meta property=\"og:url\" content=\"https:\/\/paragaleriedetalborjt.com\/en\/boutique\/mccosmetics-purfying-cream-50ml\/\" \/>\n<meta property=\"og:site_name\" content=\"paragaleriedetalborjt\" \/>\n<meta property=\"article:modified_time\" content=\"2026-01-04T13:34:41+00:00\" \/>\n<meta property=\"og:image\" content=\"https:\/\/paragaleriedetalborjt.com\/wp-content\/uploads\/2026\/01\/mccosmetics-creme-purifiante-50ml.jpg\" \/>\n\t<meta property=\"og:image:width\" content=\"594\" \/>\n\t<meta property=\"og:image:height\" content=\"654\" \/>\n\t<meta property=\"og:image:type\" content=\"image\/jpeg\" \/>\n<meta name=\"twitter:card\" content=\"summary_large_image\" \/>\n<meta name=\"twitter:label1\" content=\"Est. reading time\" \/>\n\t<meta name=\"twitter:data1\" content=\"1 minute\" \/>\n<script type=\"application\/ld+json\" class=\"yoast-schema-graph\">{\"@context\":\"https:\/\/schema.org\",\"@graph\":[{\"@type\":\"WebPage\",\"@id\":\"https:\/\/paragaleriedetalborjt.com\/boutique\/mccosmetics-purfying-cream-50ml\/\",\"url\":\"https:\/\/paragaleriedetalborjt.com\/boutique\/mccosmetics-purfying-cream-50ml\/\",\"name\":\"Mccosmetics purfying cream 50ml - paragaleriedetalborjt\",\"isPartOf\":{\"@id\":\"https:\/\/paragaleriedetalborjt.com\/#website\"},\"primaryImageOfPage\":{\"@id\":\"https:\/\/paragaleriedetalborjt.com\/boutique\/mccosmetics-purfying-cream-50ml\/#primaryimage\"},\"image\":{\"@id\":\"https:\/\/paragaleriedetalborjt.com\/boutique\/mccosmetics-purfying-cream-50ml\/#primaryimage\"},\"thumbnailUrl\":\"https:\/\/paragaleriedetalborjt.com\/wp-content\/uploads\/2026\/01\/mccosmetics-creme-purifiante-50ml.jpg\",\"datePublished\":\"2026-01-04T00:58:34+00:00\",\"dateModified\":\"2026-01-04T13:34:41+00:00\",\"breadcrumb\":{\"@id\":\"https:\/\/paragaleriedetalborjt.com\/boutique\/mccosmetics-purfying-cream-50ml\/#breadcrumb\"},\"inLanguage\":\"en-US\",\"potentialAction\":[{\"@type\":\"ReadAction\",\"target\":[\"https:\/\/paragaleriedetalborjt.com\/boutique\/mccosmetics-purfying-cream-50ml\/\"]}]},{\"@type\":\"ImageObject\",\"inLanguage\":\"en-US\",\"@id\":\"https:\/\/paragaleriedetalborjt.com\/boutique\/mccosmetics-purfying-cream-50ml\/#primaryimage\",\"url\":\"https:\/\/paragaleriedetalborjt.com\/wp-content\/uploads\/2026\/01\/mccosmetics-creme-purifiante-50ml.jpg\",\"contentUrl\":\"https:\/\/paragaleriedetalborjt.com\/wp-content\/uploads\/2026\/01\/mccosmetics-creme-purifiante-50ml.jpg\",\"width\":594,\"height\":654},{\"@type\":\"BreadcrumbList\",\"@id\":\"https:\/\/paragaleriedetalborjt.com\/boutique\/mccosmetics-purfying-cream-50ml\/#breadcrumb\",\"itemListElement\":[{\"@type\":\"ListItem\",\"position\":1,\"name\":\"Accueil\",\"item\":\"https:\/\/paragaleriedetalborjt.com\/\"},{\"@type\":\"ListItem\",\"position\":2,\"name\":\"Boutique\",\"item\":\"https:\/\/paragaleriedetalborjt.com\/boutique\/\"},{\"@type\":\"ListItem\",\"position\":3,\"name\":\"Mccosmetics purfying cream 50ml\"}]},{\"@type\":\"WebSite\",\"@id\":\"https:\/\/paragaleriedetalborjt.com\/#website\",\"url\":\"https:\/\/paragaleriedetalborjt.com\/\",\"name\":\"paragaleriedetalborjt\",\"description\":\"\",\"potentialAction\":[{\"@type\":\"SearchAction\",\"target\":{\"@type\":\"EntryPoint\",\"urlTemplate\":\"https:\/\/paragaleriedetalborjt.com\/?s={search_term_string}\"},\"query-input\":{\"@type\":\"PropertyValueSpecification\",\"valueRequired\":true,\"valueName\":\"search_term_string\"}}],\"inLanguage\":\"en-US\"}]}<\/script>\n<!-- \/ Yoast SEO plugin. -->","yoast_head_json":{"title":"Mccosmetics purfying cream 50ml - paragaleriedetalborjt","robots":{"index":"index","follow":"follow","max-snippet":"max-snippet:-1","max-image-preview":"max-image-preview:large","max-video-preview":"max-video-preview:-1"},"canonical":"https:\/\/paragaleriedetalborjt.com\/en\/boutique\/mccosmetics-purfying-cream-50ml\/","og_locale":"en_US","og_type":"article","og_title":"Mccosmetics purfying cream 50ml - paragaleriedetalborjt","og_description":"Highlights:mccosmetics Purifying Cream 50ml favorise le renouvellement cellulaire de la peau tout en r\u00e9gulant la production de s\u00e9bum, en pr\u00e9venant les \u00e9ruptions cutan\u00e9es et en calmant les peaux \u00e0 tendance acn\u00e9ique.","og_url":"https:\/\/paragaleriedetalborjt.com\/en\/boutique\/mccosmetics-purfying-cream-50ml\/","og_site_name":"paragaleriedetalborjt","article_modified_time":"2026-01-04T13:34:41+00:00","og_image":[{"width":594,"height":654,"url":"https:\/\/paragaleriedetalborjt.com\/wp-content\/uploads\/2026\/01\/mccosmetics-creme-purifiante-50ml.jpg","type":"image\/jpeg"}],"twitter_card":"summary_large_image","twitter_misc":{"Est. reading time":"1 minute"},"schema":{"@context":"https:\/\/schema.org","@graph":[{"@type":"WebPage","@id":"https:\/\/paragaleriedetalborjt.com\/boutique\/mccosmetics-purfying-cream-50ml\/","url":"https:\/\/paragaleriedetalborjt.com\/boutique\/mccosmetics-purfying-cream-50ml\/","name":"Mccosmetics purfying cream 50ml - paragaleriedetalborjt","isPartOf":{"@id":"https:\/\/paragaleriedetalborjt.com\/#website"},"primaryImageOfPage":{"@id":"https:\/\/paragaleriedetalborjt.com\/boutique\/mccosmetics-purfying-cream-50ml\/#primaryimage"},"image":{"@id":"https:\/\/paragaleriedetalborjt.com\/boutique\/mccosmetics-purfying-cream-50ml\/#primaryimage"},"thumbnailUrl":"https:\/\/paragaleriedetalborjt.com\/wp-content\/uploads\/2026\/01\/mccosmetics-creme-purifiante-50ml.jpg","datePublished":"2026-01-04T00:58:34+00:00","dateModified":"2026-01-04T13:34:41+00:00","breadcrumb":{"@id":"https:\/\/paragaleriedetalborjt.com\/boutique\/mccosmetics-purfying-cream-50ml\/#breadcrumb"},"inLanguage":"en-US","potentialAction":[{"@type":"ReadAction","target":["https:\/\/paragaleriedetalborjt.com\/boutique\/mccosmetics-purfying-cream-50ml\/"]}]},{"@type":"ImageObject","inLanguage":"en-US","@id":"https:\/\/paragaleriedetalborjt.com\/boutique\/mccosmetics-purfying-cream-50ml\/#primaryimage","url":"https:\/\/paragaleriedetalborjt.com\/wp-content\/uploads\/2026\/01\/mccosmetics-creme-purifiante-50ml.jpg","contentUrl":"https:\/\/paragaleriedetalborjt.com\/wp-content\/uploads\/2026\/01\/mccosmetics-creme-purifiante-50ml.jpg","width":594,"height":654},{"@type":"BreadcrumbList","@id":"https:\/\/paragaleriedetalborjt.com\/boutique\/mccosmetics-purfying-cream-50ml\/#breadcrumb","itemListElement":[{"@type":"ListItem","position":1,"name":"Accueil","item":"https:\/\/paragaleriedetalborjt.com\/"},{"@type":"ListItem","position":2,"name":"Boutique","item":"https:\/\/paragaleriedetalborjt.com\/boutique\/"},{"@type":"ListItem","position":3,"name":"Mccosmetics purfying cream 50ml"}]},{"@type":"WebSite","@id":"https:\/\/paragaleriedetalborjt.com\/#website","url":"https:\/\/paragaleriedetalborjt.com\/","name":"paragaleriedetalborjt","description":"","potentialAction":[{"@type":"SearchAction","target":{"@type":"EntryPoint","urlTemplate":"https:\/\/paragaleriedetalborjt.com\/?s={search_term_string}"},"query-input":{"@type":"PropertyValueSpecification","valueRequired":true,"valueName":"search_term_string"}}],"inLanguage":"en-US"}]}},"brands":[{"id":1823,"name":"Mccosmetics","slug":"mccosmetics"}],"_links":{"self":[{"href":"https:\/\/paragaleriedetalborjt.com\/en\/wp-json\/wp\/v2\/product\/48475","targetHints":{"allow":["GET"]}}],"collection":[{"href":"https:\/\/paragaleriedetalborjt.com\/en\/wp-json\/wp\/v2\/product"}],"about":[{"href":"https:\/\/paragaleriedetalborjt.com\/en\/wp-json\/wp\/v2\/types\/product"}],"replies":[{"embeddable":true,"href":"https:\/\/paragaleriedetalborjt.com\/en\/wp-json\/wp\/v2\/comments?post=48475"}],"version-history":[{"count":1,"href":"https:\/\/paragaleriedetalborjt.com\/en\/wp-json\/wp\/v2\/product\/48475\/revisions"}],"predecessor-version":[{"id":48477,"href":"https:\/\/paragaleriedetalborjt.com\/en\/wp-json\/wp\/v2\/product\/48475\/revisions\/48477"}],"wp:featuredmedia":[{"embeddable":true,"href":"https:\/\/paragaleriedetalborjt.com\/en\/wp-json\/wp\/v2\/media\/48476"}],"wp:attachment":[{"href":"https:\/\/paragaleriedetalborjt.com\/en\/wp-json\/wp\/v2\/media?parent=48475"}],"wp:term":[{"taxonomy":"pwb-brand","embeddable":true,"href":"https:\/\/paragaleriedetalborjt.com\/en\/wp-json\/wp\/v2\/pwb-brand?post=48475"},{"taxonomy":"product_cat","embeddable":true,"href":"https:\/\/paragaleriedetalborjt.com\/en\/wp-json\/wp\/v2\/product_cat?post=48475"},{"taxonomy":"product_tag","embeddable":true,"href":"https:\/\/paragaleriedetalborjt.com\/en\/wp-json\/wp\/v2\/product_tag?post=48475"}],"curies":[{"name":"wp","href":"https:\/\/api.w.org\/{rel}","templated":true}]}}