{"id":48397,"date":"2026-01-04T01:55:23","date_gmt":"2026-01-04T00:55:23","guid":{"rendered":"https:\/\/paragaleriedetalborjt.com\/?post_type=product&#038;p=48397"},"modified":"2026-01-04T14:34:26","modified_gmt":"2026-01-04T13:34:26","slug":"deva-tisane-emotion-detox-corps-esprit-20-sachets","status":"publish","type":"product","link":"https:\/\/paragaleriedetalborjt.com\/en\/boutique\/deva-tisane-emotion-detox-corps-esprit-20-sachets\/","title":{"rendered":"DEVA Tisane Emotion Detox Corps &#038; Esprit 20 Sachets"},"content":{"rendered":"<div aria-labelledby=\"tab-title-description\" class=\"woocommerce-Tabs-panel woocommerce-Tabs-panel--description panel entry-content wc-tab\" id=\"tab-description\" role=\"tabpanel\" style=\"\">\n<h2>Description<\/h2>\n<div class=\"additionnal-fields\">\n<div class=\"tab-pane fade in extra\" data-title=\"Composition\" id=\"extra-1\" role=\"tabpanel\">\n<div class=\"additionnal-fields\">\n<p><strong>Conseils d\u2019utilisation :<\/strong><\/p>\n<div class=\"tab-pane fade in extra\" data-title=\"Conseils d\u2019utilisation\" id=\"extra-0\" role=\"tabpanel\">\n<p>Plonger votre sachet dans de l\u2019eau fr\u00e9missante (60-70\u00b0C).<\/p>\n<p>Laissez infuser 5 \u00e0 10 min.<\/p>\n<p>Installez vous confortablement et d\u00e9guster.Recommandation : 3 tasses \/ jour<\/p>\n<\/div>\n<p>\u00a0<\/p>\n<p><strong>Composition :<\/strong><\/p>\n<div class=\"tab-pane fade in extra\" data-title=\"Composition\" id=\"extra-1\" role=\"tabpanel\">Plantes\u00a0: Menthe poivr\u00e9e partie a\u00e9rienne* (Mentha x piperita)-30%, Sureau fleur* (Sambucus nigra)-25%, Cassis feuille* (Ribes nigrum)-20%, Ortie partie a\u00e9rienne* (Urtica dioica)-7%, Chicor\u00e9e racine* (Cichorium intybus)-4%, Pissenlit racine* (Taraxacum officinale weber)-4%Nos plantes Origine France : Menthe poivr\u00e9e, Cassis, Ortie et Chicor\u00e9e\u00c9lixirs floraux pr\u00e9par\u00e9s selon la m\u00e9thode originelle du Dr Bach\u00a0: Brunelle*, Hysope*, Ipom\u00e9e*, Jasmin*, Pommier sauvage*, Sureau* et Tabacum** ingr\u00e9dients issus de l\u2019agriculture biologique<\/div>\n<\/div>\n<section class=\"featured-products clearfix\">\n<div class=\"container\"><\/div>\n<\/section>\n<p>\u00a0<\/p>\n<\/div>\n<\/div>\n<section class=\"featured-products clearfix\">\n<div class=\"container\"><\/div>\n<\/section>\n<\/div>","protected":false},"excerpt":{"rendered":"<p>Highlights:La Tisane \u00c9motion\u00a0D\u00e9tox\u00a0permet de se purifier en profondeur par l\u2019action combin\u00e9e de l\u2019eau et des plantes drainantes.<\/p>","protected":false},"featured_media":48398,"comment_status":"open","ping_status":"closed","template":"","meta":[],"pwb-brand":[2327],"product_cat":[16],"product_tag":[],"class_list":{"0":"post-48397","1":"product","2":"type-product","3":"status-publish","4":"has-post-thumbnail","6":"pwb-brand-deva","7":"product_cat-non-classe","8":"pa_brands-deva","10":"first","11":"instock","12":"sale","13":"shipping-taxable","14":"purchasable","15":"product-type-simple"},"yoast_head":"<!-- This site is optimized with the Yoast SEO plugin v26.9 - https:\/\/yoast.com\/product\/yoast-seo-wordpress\/ -->\n<title>DEVA Tisane Emotion Detox Corps &amp; Esprit 20 Sachets - paragaleriedetalborjt<\/title>\n<meta name=\"robots\" content=\"index, follow, max-snippet:-1, max-image-preview:large, max-video-preview:-1\" \/>\n<link rel=\"canonical\" href=\"https:\/\/paragaleriedetalborjt.com\/en\/boutique\/deva-tisane-emotion-detox-corps-esprit-20-sachets\/\" \/>\n<meta property=\"og:locale\" content=\"en_US\" \/>\n<meta property=\"og:type\" content=\"article\" \/>\n<meta property=\"og:title\" content=\"DEVA Tisane Emotion Detox Corps &amp; Esprit 20 Sachets - paragaleriedetalborjt\" \/>\n<meta property=\"og:description\" content=\"Highlights:La Tisane \u00c9motion\u00a0D\u00e9tox\u00a0permet de se purifier en profondeur par l\u2019action combin\u00e9e de l\u2019eau et des plantes drainantes.\" \/>\n<meta property=\"og:url\" content=\"https:\/\/paragaleriedetalborjt.com\/en\/boutique\/deva-tisane-emotion-detox-corps-esprit-20-sachets\/\" \/>\n<meta property=\"og:site_name\" content=\"paragaleriedetalborjt\" \/>\n<meta property=\"article:modified_time\" content=\"2026-01-04T13:34:26+00:00\" \/>\n<meta property=\"og:image\" content=\"https:\/\/paragaleriedetalborjt.com\/wp-content\/uploads\/2026\/01\/deva-detox.jpg\" \/>\n\t<meta property=\"og:image:width\" content=\"595\" \/>\n\t<meta property=\"og:image:height\" content=\"655\" \/>\n\t<meta property=\"og:image:type\" content=\"image\/jpeg\" \/>\n<meta name=\"twitter:card\" content=\"summary_large_image\" \/>\n<meta name=\"twitter:label1\" content=\"Est. reading time\" \/>\n\t<meta name=\"twitter:data1\" content=\"1 minute\" \/>\n<script type=\"application\/ld+json\" class=\"yoast-schema-graph\">{\"@context\":\"https:\/\/schema.org\",\"@graph\":[{\"@type\":\"WebPage\",\"@id\":\"https:\/\/paragaleriedetalborjt.com\/boutique\/deva-tisane-emotion-detox-corps-esprit-20-sachets\/\",\"url\":\"https:\/\/paragaleriedetalborjt.com\/boutique\/deva-tisane-emotion-detox-corps-esprit-20-sachets\/\",\"name\":\"DEVA Tisane Emotion Detox Corps & Esprit 20 Sachets - paragaleriedetalborjt\",\"isPartOf\":{\"@id\":\"https:\/\/paragaleriedetalborjt.com\/#website\"},\"primaryImageOfPage\":{\"@id\":\"https:\/\/paragaleriedetalborjt.com\/boutique\/deva-tisane-emotion-detox-corps-esprit-20-sachets\/#primaryimage\"},\"image\":{\"@id\":\"https:\/\/paragaleriedetalborjt.com\/boutique\/deva-tisane-emotion-detox-corps-esprit-20-sachets\/#primaryimage\"},\"thumbnailUrl\":\"https:\/\/paragaleriedetalborjt.com\/wp-content\/uploads\/2026\/01\/deva-detox.jpg\",\"datePublished\":\"2026-01-04T00:55:23+00:00\",\"dateModified\":\"2026-01-04T13:34:26+00:00\",\"breadcrumb\":{\"@id\":\"https:\/\/paragaleriedetalborjt.com\/boutique\/deva-tisane-emotion-detox-corps-esprit-20-sachets\/#breadcrumb\"},\"inLanguage\":\"en-US\",\"potentialAction\":[{\"@type\":\"ReadAction\",\"target\":[\"https:\/\/paragaleriedetalborjt.com\/boutique\/deva-tisane-emotion-detox-corps-esprit-20-sachets\/\"]}]},{\"@type\":\"ImageObject\",\"inLanguage\":\"en-US\",\"@id\":\"https:\/\/paragaleriedetalborjt.com\/boutique\/deva-tisane-emotion-detox-corps-esprit-20-sachets\/#primaryimage\",\"url\":\"https:\/\/paragaleriedetalborjt.com\/wp-content\/uploads\/2026\/01\/deva-detox.jpg\",\"contentUrl\":\"https:\/\/paragaleriedetalborjt.com\/wp-content\/uploads\/2026\/01\/deva-detox.jpg\",\"width\":595,\"height\":655},{\"@type\":\"BreadcrumbList\",\"@id\":\"https:\/\/paragaleriedetalborjt.com\/boutique\/deva-tisane-emotion-detox-corps-esprit-20-sachets\/#breadcrumb\",\"itemListElement\":[{\"@type\":\"ListItem\",\"position\":1,\"name\":\"Accueil\",\"item\":\"https:\/\/paragaleriedetalborjt.com\/\"},{\"@type\":\"ListItem\",\"position\":2,\"name\":\"Boutique\",\"item\":\"https:\/\/paragaleriedetalborjt.com\/boutique\/\"},{\"@type\":\"ListItem\",\"position\":3,\"name\":\"DEVA Tisane Emotion Detox Corps &#038; Esprit 20 Sachets\"}]},{\"@type\":\"WebSite\",\"@id\":\"https:\/\/paragaleriedetalborjt.com\/#website\",\"url\":\"https:\/\/paragaleriedetalborjt.com\/\",\"name\":\"paragaleriedetalborjt\",\"description\":\"\",\"potentialAction\":[{\"@type\":\"SearchAction\",\"target\":{\"@type\":\"EntryPoint\",\"urlTemplate\":\"https:\/\/paragaleriedetalborjt.com\/?s={search_term_string}\"},\"query-input\":{\"@type\":\"PropertyValueSpecification\",\"valueRequired\":true,\"valueName\":\"search_term_string\"}}],\"inLanguage\":\"en-US\"}]}<\/script>\n<!-- \/ Yoast SEO plugin. -->","yoast_head_json":{"title":"DEVA Tisane Emotion Detox Corps & Esprit 20 Sachets - paragaleriedetalborjt","robots":{"index":"index","follow":"follow","max-snippet":"max-snippet:-1","max-image-preview":"max-image-preview:large","max-video-preview":"max-video-preview:-1"},"canonical":"https:\/\/paragaleriedetalborjt.com\/en\/boutique\/deva-tisane-emotion-detox-corps-esprit-20-sachets\/","og_locale":"en_US","og_type":"article","og_title":"DEVA Tisane Emotion Detox Corps & Esprit 20 Sachets - paragaleriedetalborjt","og_description":"Highlights:La Tisane \u00c9motion\u00a0D\u00e9tox\u00a0permet de se purifier en profondeur par l\u2019action combin\u00e9e de l\u2019eau et des plantes drainantes.","og_url":"https:\/\/paragaleriedetalborjt.com\/en\/boutique\/deva-tisane-emotion-detox-corps-esprit-20-sachets\/","og_site_name":"paragaleriedetalborjt","article_modified_time":"2026-01-04T13:34:26+00:00","og_image":[{"width":595,"height":655,"url":"https:\/\/paragaleriedetalborjt.com\/wp-content\/uploads\/2026\/01\/deva-detox.jpg","type":"image\/jpeg"}],"twitter_card":"summary_large_image","twitter_misc":{"Est. reading time":"1 minute"},"schema":{"@context":"https:\/\/schema.org","@graph":[{"@type":"WebPage","@id":"https:\/\/paragaleriedetalborjt.com\/boutique\/deva-tisane-emotion-detox-corps-esprit-20-sachets\/","url":"https:\/\/paragaleriedetalborjt.com\/boutique\/deva-tisane-emotion-detox-corps-esprit-20-sachets\/","name":"DEVA Tisane Emotion Detox Corps & Esprit 20 Sachets - paragaleriedetalborjt","isPartOf":{"@id":"https:\/\/paragaleriedetalborjt.com\/#website"},"primaryImageOfPage":{"@id":"https:\/\/paragaleriedetalborjt.com\/boutique\/deva-tisane-emotion-detox-corps-esprit-20-sachets\/#primaryimage"},"image":{"@id":"https:\/\/paragaleriedetalborjt.com\/boutique\/deva-tisane-emotion-detox-corps-esprit-20-sachets\/#primaryimage"},"thumbnailUrl":"https:\/\/paragaleriedetalborjt.com\/wp-content\/uploads\/2026\/01\/deva-detox.jpg","datePublished":"2026-01-04T00:55:23+00:00","dateModified":"2026-01-04T13:34:26+00:00","breadcrumb":{"@id":"https:\/\/paragaleriedetalborjt.com\/boutique\/deva-tisane-emotion-detox-corps-esprit-20-sachets\/#breadcrumb"},"inLanguage":"en-US","potentialAction":[{"@type":"ReadAction","target":["https:\/\/paragaleriedetalborjt.com\/boutique\/deva-tisane-emotion-detox-corps-esprit-20-sachets\/"]}]},{"@type":"ImageObject","inLanguage":"en-US","@id":"https:\/\/paragaleriedetalborjt.com\/boutique\/deva-tisane-emotion-detox-corps-esprit-20-sachets\/#primaryimage","url":"https:\/\/paragaleriedetalborjt.com\/wp-content\/uploads\/2026\/01\/deva-detox.jpg","contentUrl":"https:\/\/paragaleriedetalborjt.com\/wp-content\/uploads\/2026\/01\/deva-detox.jpg","width":595,"height":655},{"@type":"BreadcrumbList","@id":"https:\/\/paragaleriedetalborjt.com\/boutique\/deva-tisane-emotion-detox-corps-esprit-20-sachets\/#breadcrumb","itemListElement":[{"@type":"ListItem","position":1,"name":"Accueil","item":"https:\/\/paragaleriedetalborjt.com\/"},{"@type":"ListItem","position":2,"name":"Boutique","item":"https:\/\/paragaleriedetalborjt.com\/boutique\/"},{"@type":"ListItem","position":3,"name":"DEVA Tisane Emotion Detox Corps &#038; Esprit 20 Sachets"}]},{"@type":"WebSite","@id":"https:\/\/paragaleriedetalborjt.com\/#website","url":"https:\/\/paragaleriedetalborjt.com\/","name":"paragaleriedetalborjt","description":"","potentialAction":[{"@type":"SearchAction","target":{"@type":"EntryPoint","urlTemplate":"https:\/\/paragaleriedetalborjt.com\/?s={search_term_string}"},"query-input":{"@type":"PropertyValueSpecification","valueRequired":true,"valueName":"search_term_string"}}],"inLanguage":"en-US"}]}},"brands":[{"id":2327,"name":"DEVA","slug":"deva"}],"_links":{"self":[{"href":"https:\/\/paragaleriedetalborjt.com\/en\/wp-json\/wp\/v2\/product\/48397","targetHints":{"allow":["GET"]}}],"collection":[{"href":"https:\/\/paragaleriedetalborjt.com\/en\/wp-json\/wp\/v2\/product"}],"about":[{"href":"https:\/\/paragaleriedetalborjt.com\/en\/wp-json\/wp\/v2\/types\/product"}],"replies":[{"embeddable":true,"href":"https:\/\/paragaleriedetalborjt.com\/en\/wp-json\/wp\/v2\/comments?post=48397"}],"version-history":[{"count":1,"href":"https:\/\/paragaleriedetalborjt.com\/en\/wp-json\/wp\/v2\/product\/48397\/revisions"}],"predecessor-version":[{"id":48399,"href":"https:\/\/paragaleriedetalborjt.com\/en\/wp-json\/wp\/v2\/product\/48397\/revisions\/48399"}],"wp:featuredmedia":[{"embeddable":true,"href":"https:\/\/paragaleriedetalborjt.com\/en\/wp-json\/wp\/v2\/media\/48398"}],"wp:attachment":[{"href":"https:\/\/paragaleriedetalborjt.com\/en\/wp-json\/wp\/v2\/media?parent=48397"}],"wp:term":[{"taxonomy":"pwb-brand","embeddable":true,"href":"https:\/\/paragaleriedetalborjt.com\/en\/wp-json\/wp\/v2\/pwb-brand?post=48397"},{"taxonomy":"product_cat","embeddable":true,"href":"https:\/\/paragaleriedetalborjt.com\/en\/wp-json\/wp\/v2\/product_cat?post=48397"},{"taxonomy":"product_tag","embeddable":true,"href":"https:\/\/paragaleriedetalborjt.com\/en\/wp-json\/wp\/v2\/product_tag?post=48397"}],"curies":[{"name":"wp","href":"https:\/\/api.w.org\/{rel}","templated":true}]}}