{"id":48019,"date":"2026-01-04T01:38:34","date_gmt":"2026-01-04T00:38:34","guid":{"rendered":"https:\/\/paragaleriedetalborjt.com\/?post_type=product&#038;p=48019"},"modified":"2026-01-04T14:33:17","modified_gmt":"2026-01-04T13:33:17","slug":"centifolia-shampoing-creme-purifiant-cheveux-gras-500ml","status":"publish","type":"product","link":"https:\/\/paragaleriedetalborjt.com\/en\/boutique\/centifolia-shampoing-creme-purifiant-cheveux-gras-500ml\/","title":{"rendered":"Centifolia Shampoing Creme Purifiant Cheveux Gras 500ml"},"content":{"rendered":"<div aria-labelledby=\"tab-title-description\" class=\"woocommerce-Tabs-panel woocommerce-Tabs-panel--description panel entry-content wc-tab\" id=\"tab-description\" role=\"tabpanel\" style=\"\">\n<h2>Description<\/h2>\n<p>Adapt\u00e9 aux\u00a0<strong>cheveux gras<\/strong>, le shampoing cr\u00e8me purifiant Centifolia lave vos cheveux sans les agresser gr\u00e2ce \u00e0 sa formule bio ultra-douce et biod\u00e9gradable. Une texture cr\u00e8me obtenue gr\u00e2ce \u00e0 une v\u00e9ritable \u00e9mulsion, qui consiste \u00e0 m\u00e9langer la phase aqueuse avec de l\u2019huile pour obtenir une jolie cr\u00e8me respectueuse de votre fibre capillaire.<\/p>\n<p>L\u2019ortie BIO a \u00e9t\u00e9 minutieusement s\u00e9lectionn\u00e9 pour ses vertus r\u00e9\u00e9quilibrantes et purifiantes. Vos cheveux vous semblent trop brillants ou huileux\u2009? La pollution, l\u2019alimentation ou le stress peuvent \u00eatre la cause d\u2019un exc\u00e8s de s\u00e9bum du cuir chevelu et de cheveux gras. Le\u00a0<strong>shampoing cheveux gras<\/strong>\u00a0Centifolia \u00e0 l\u2019extrait d\u2019ortie bio est l\u2019alli\u00e9 id\u00e9al des cheveux gras. Reconnue pour ses propri\u00e9t\u00e9s purifiantes, l\u2019ortie bio permet de r\u00e9guler la production de s\u00e9bum du cuir chevelu. Adoptez notre\u00a0<strong>shampoing bio cheveux gras<\/strong>\u00a0et retrouvez des cheveux soyeux, souples, purifi\u00e9s et sains.<\/p>\n<p>La K\u00e9ratine V\u00e9g\u00e9tale va pr\u00e9server la structure interne du cheveu face aux agressions en limitant l\u2019alt\u00e9ration des prot\u00e9ines, constituant majeur de la fibre capillaire. Elle apporte un effet gainant et offre \u00e0 votre chevelure douceur et l\u00e9g\u00e8ret\u00e9.<\/p>\n<p>Purifi\u00e9, le cuir chevelu est propre, la chevelure l\u00e9g\u00e8re et a\u00e9r\u00e9e. Vos cheveux retrouvent un \u00e9quilibre parfait. Ils regraissent moins vite. Facile et doux \u00e0 appliquer, le shampoing bio cheveux gras Centifolia laisse sur votre cuir chevelu une odeur tr\u00e8s l\u00e9g\u00e8re et naturelle. Vos cheveux deviennent plus \u00e9clatants, soyeux, et regraissent moins vite. Dites adieu aux shampoings \u00e0 r\u00e9p\u00e9tition et espacez-les de plusieurs jours gr\u00e2ce \u00e0 un shampoing bio cheveux gras.<\/p>\n<p>Le shampoing purifiant bio pour cheveux gras est la solution id\u00e9ale pour prendre soin de votre cuir chevelu sans l\u2019agresser. Formul\u00e9 \u00e0 partir d\u2019une base lavante tr\u00e8s douce et respectueuse, notre shampoing cheveux gras n\u2019agresse pas vos cheveux, les garde en bonne sant\u00e9 et assainit le cuir chevelu. Il aide vos cheveux \u00e0 respirer tout en retrouvant leur \u00e9quilibre naturel.<\/p>\n<p>Vos cheveux ont tendance \u00e0 devenir gras\u2009? Pour \u00e9viter des shampoings \u00e0 r\u00e9p\u00e9tition qui agressent votre cuir chevelu, adoptez le shampoing sec en poudre\u00a0 bio. En un instant, vos cheveux retrouvent leur brillance et leur propret\u00e9. Le\u00a0<a href=\"https:\/\/centifoliabio.fr\/fr\/361-shampoings-secs\" rel=\"noopener\" target=\"_blank\">shampoing sec en poudre<\/a>\u00a0Centifolia absorbe les exc\u00e8s de s\u00e9bum, donne du volume et parfume d\u00e9licatement votre cuir chevelu.<\/p>\n<p>Con\u00e7u et fabriqu\u00e9 en France<\/p>\n<p><em><strong>Centifolia va au-del\u00e0 du r\u00e9f\u00e9rentiel Ecocert :<\/strong><\/em>\u00a0la\u00a0<a href=\"https:\/\/www.centifoliabio.fr\/fr\/content\/157-gomme-dacacia-acacia-senegal-gum\" rel=\"noopener\" target=\"_blank\">gomme d\u2019Acacia<\/a>\u00a0int\u00e9gr\u00e9e dans ce produit est issue de l\u2019Acacia S\u00e9n\u00e9gal et r\u00e9colt\u00e9e manuellement en Afrique. Ces arbres sont plant\u00e9s dans la r\u00e9gion Subsaharienne afin de ralentir l\u2019avanc\u00e9e du d\u00e9sert. C\u2019est une ressource 100% renouvelable, qui est l\u2019une des principales sources de revenu des populations locales.<\/p>\n<\/div>","protected":false},"excerpt":{"rendered":"<p>Highlights:R\u00e9\u00e9quilibre &#038; purifie les cheveux grasLes cheveux regraissent moins vite Base lavante extr\u00eamement douceFormule 97,9% BIODEGRADABLEExiste en 2 formats : 200ml et 500ml99% d\u2019ingr\u00e9dients d\u2019origine naturelleFormule vegan<\/p>","protected":false},"featured_media":48020,"comment_status":"open","ping_status":"closed","template":"","meta":[],"pwb-brand":[1839],"product_cat":[16],"product_tag":[],"class_list":{"0":"post-48019","1":"product","2":"type-product","3":"status-publish","4":"has-post-thumbnail","6":"pwb-brand-centifolia","7":"product_cat-non-classe","8":"pa_brands-centifolia","10":"first","11":"instock","12":"sale","13":"shipping-taxable","14":"purchasable","15":"product-type-simple"},"yoast_head":"<!-- This site is optimized with the Yoast SEO plugin v27.5 - https:\/\/yoast.com\/product\/yoast-seo-wordpress\/ -->\n<title>Centifolia Shampoing Creme Purifiant Cheveux Gras 500ml - paragaleriedetalborjt<\/title>\n<meta name=\"robots\" content=\"index, follow, max-snippet:-1, max-image-preview:large, max-video-preview:-1\" \/>\n<link rel=\"canonical\" href=\"https:\/\/paragaleriedetalborjt.com\/en\/boutique\/centifolia-shampoing-creme-purifiant-cheveux-gras-500ml\/\" \/>\n<meta property=\"og:locale\" content=\"en_US\" \/>\n<meta property=\"og:type\" content=\"article\" \/>\n<meta property=\"og:title\" content=\"Centifolia Shampoing Creme Purifiant Cheveux Gras 500ml - paragaleriedetalborjt\" \/>\n<meta property=\"og:description\" content=\"Highlights:R\u00e9\u00e9quilibre &amp; purifie les cheveux grasLes cheveux regraissent moins vite Base lavante extr\u00eamement douceFormule 97,9% BIODEGRADABLEExiste en 2 formats : 200ml et 500ml99% d\u2019ingr\u00e9dients d\u2019origine naturelleFormule vegan\" \/>\n<meta property=\"og:url\" content=\"https:\/\/paragaleriedetalborjt.com\/en\/boutique\/centifolia-shampoing-creme-purifiant-cheveux-gras-500ml\/\" \/>\n<meta property=\"og:site_name\" content=\"paragaleriedetalborjt\" \/>\n<meta property=\"article:modified_time\" content=\"2026-01-04T13:33:17+00:00\" \/>\n<meta property=\"og:image\" content=\"https:\/\/paragaleriedetalborjt.com\/wp-content\/uploads\/2026\/01\/Centifolia-shampcreme-purifiant-Chvx-gras-500-.jpg\" \/>\n\t<meta property=\"og:image:width\" content=\"595\" \/>\n\t<meta property=\"og:image:height\" content=\"656\" \/>\n\t<meta property=\"og:image:type\" content=\"image\/jpeg\" \/>\n<meta name=\"twitter:card\" content=\"summary_large_image\" \/>\n<meta name=\"twitter:label1\" content=\"Est. reading time\" \/>\n\t<meta name=\"twitter:data1\" content=\"2 minutes\" \/>\n<script type=\"application\/ld+json\" class=\"yoast-schema-graph\">{\"@context\":\"https:\\\/\\\/schema.org\",\"@graph\":[{\"@type\":\"WebPage\",\"@id\":\"https:\\\/\\\/paragaleriedetalborjt.com\\\/boutique\\\/centifolia-shampoing-creme-purifiant-cheveux-gras-500ml\\\/\",\"url\":\"https:\\\/\\\/paragaleriedetalborjt.com\\\/boutique\\\/centifolia-shampoing-creme-purifiant-cheveux-gras-500ml\\\/\",\"name\":\"Centifolia Shampoing Creme Purifiant Cheveux Gras 500ml - paragaleriedetalborjt\",\"isPartOf\":{\"@id\":\"https:\\\/\\\/paragaleriedetalborjt.com\\\/#website\"},\"primaryImageOfPage\":{\"@id\":\"https:\\\/\\\/paragaleriedetalborjt.com\\\/boutique\\\/centifolia-shampoing-creme-purifiant-cheveux-gras-500ml\\\/#primaryimage\"},\"image\":{\"@id\":\"https:\\\/\\\/paragaleriedetalborjt.com\\\/boutique\\\/centifolia-shampoing-creme-purifiant-cheveux-gras-500ml\\\/#primaryimage\"},\"thumbnailUrl\":\"https:\\\/\\\/paragaleriedetalborjt.com\\\/wp-content\\\/uploads\\\/2026\\\/01\\\/Centifolia-shampcreme-purifiant-Chvx-gras-500-.jpg\",\"datePublished\":\"2026-01-04T00:38:34+00:00\",\"dateModified\":\"2026-01-04T13:33:17+00:00\",\"breadcrumb\":{\"@id\":\"https:\\\/\\\/paragaleriedetalborjt.com\\\/boutique\\\/centifolia-shampoing-creme-purifiant-cheveux-gras-500ml\\\/#breadcrumb\"},\"inLanguage\":\"en-US\",\"potentialAction\":[{\"@type\":\"ReadAction\",\"target\":[\"https:\\\/\\\/paragaleriedetalborjt.com\\\/boutique\\\/centifolia-shampoing-creme-purifiant-cheveux-gras-500ml\\\/\"]}]},{\"@type\":\"ImageObject\",\"inLanguage\":\"en-US\",\"@id\":\"https:\\\/\\\/paragaleriedetalborjt.com\\\/boutique\\\/centifolia-shampoing-creme-purifiant-cheveux-gras-500ml\\\/#primaryimage\",\"url\":\"https:\\\/\\\/paragaleriedetalborjt.com\\\/wp-content\\\/uploads\\\/2026\\\/01\\\/Centifolia-shampcreme-purifiant-Chvx-gras-500-.jpg\",\"contentUrl\":\"https:\\\/\\\/paragaleriedetalborjt.com\\\/wp-content\\\/uploads\\\/2026\\\/01\\\/Centifolia-shampcreme-purifiant-Chvx-gras-500-.jpg\",\"width\":595,\"height\":656},{\"@type\":\"BreadcrumbList\",\"@id\":\"https:\\\/\\\/paragaleriedetalborjt.com\\\/boutique\\\/centifolia-shampoing-creme-purifiant-cheveux-gras-500ml\\\/#breadcrumb\",\"itemListElement\":[{\"@type\":\"ListItem\",\"position\":1,\"name\":\"Accueil\",\"item\":\"https:\\\/\\\/paragaleriedetalborjt.com\\\/\"},{\"@type\":\"ListItem\",\"position\":2,\"name\":\"Boutique\",\"item\":\"https:\\\/\\\/paragaleriedetalborjt.com\\\/boutique\\\/\"},{\"@type\":\"ListItem\",\"position\":3,\"name\":\"Centifolia Shampoing Creme Purifiant Cheveux Gras 500ml\"}]},{\"@type\":\"WebSite\",\"@id\":\"https:\\\/\\\/paragaleriedetalborjt.com\\\/#website\",\"url\":\"https:\\\/\\\/paragaleriedetalborjt.com\\\/\",\"name\":\"paragaleriedetalborjt\",\"description\":\"\",\"potentialAction\":[{\"@type\":\"SearchAction\",\"target\":{\"@type\":\"EntryPoint\",\"urlTemplate\":\"https:\\\/\\\/paragaleriedetalborjt.com\\\/?s={search_term_string}\"},\"query-input\":{\"@type\":\"PropertyValueSpecification\",\"valueRequired\":true,\"valueName\":\"search_term_string\"}}],\"inLanguage\":\"en-US\"}]}<\/script>\n<!-- \/ Yoast SEO plugin. -->","yoast_head_json":{"title":"Centifolia Shampoing Creme Purifiant Cheveux Gras 500ml - paragaleriedetalborjt","robots":{"index":"index","follow":"follow","max-snippet":"max-snippet:-1","max-image-preview":"max-image-preview:large","max-video-preview":"max-video-preview:-1"},"canonical":"https:\/\/paragaleriedetalborjt.com\/en\/boutique\/centifolia-shampoing-creme-purifiant-cheveux-gras-500ml\/","og_locale":"en_US","og_type":"article","og_title":"Centifolia Shampoing Creme Purifiant Cheveux Gras 500ml - paragaleriedetalborjt","og_description":"Highlights:R\u00e9\u00e9quilibre & purifie les cheveux grasLes cheveux regraissent moins vite Base lavante extr\u00eamement douceFormule 97,9% BIODEGRADABLEExiste en 2 formats : 200ml et 500ml99% d\u2019ingr\u00e9dients d\u2019origine naturelleFormule vegan","og_url":"https:\/\/paragaleriedetalborjt.com\/en\/boutique\/centifolia-shampoing-creme-purifiant-cheveux-gras-500ml\/","og_site_name":"paragaleriedetalborjt","article_modified_time":"2026-01-04T13:33:17+00:00","og_image":[{"width":595,"height":656,"url":"https:\/\/paragaleriedetalborjt.com\/wp-content\/uploads\/2026\/01\/Centifolia-shampcreme-purifiant-Chvx-gras-500-.jpg","type":"image\/jpeg"}],"twitter_card":"summary_large_image","twitter_misc":{"Est. reading time":"2 minutes"},"schema":{"@context":"https:\/\/schema.org","@graph":[{"@type":"WebPage","@id":"https:\/\/paragaleriedetalborjt.com\/boutique\/centifolia-shampoing-creme-purifiant-cheveux-gras-500ml\/","url":"https:\/\/paragaleriedetalborjt.com\/boutique\/centifolia-shampoing-creme-purifiant-cheveux-gras-500ml\/","name":"Centifolia Shampoing Creme Purifiant Cheveux Gras 500ml - paragaleriedetalborjt","isPartOf":{"@id":"https:\/\/paragaleriedetalborjt.com\/#website"},"primaryImageOfPage":{"@id":"https:\/\/paragaleriedetalborjt.com\/boutique\/centifolia-shampoing-creme-purifiant-cheveux-gras-500ml\/#primaryimage"},"image":{"@id":"https:\/\/paragaleriedetalborjt.com\/boutique\/centifolia-shampoing-creme-purifiant-cheveux-gras-500ml\/#primaryimage"},"thumbnailUrl":"https:\/\/paragaleriedetalborjt.com\/wp-content\/uploads\/2026\/01\/Centifolia-shampcreme-purifiant-Chvx-gras-500-.jpg","datePublished":"2026-01-04T00:38:34+00:00","dateModified":"2026-01-04T13:33:17+00:00","breadcrumb":{"@id":"https:\/\/paragaleriedetalborjt.com\/boutique\/centifolia-shampoing-creme-purifiant-cheveux-gras-500ml\/#breadcrumb"},"inLanguage":"en-US","potentialAction":[{"@type":"ReadAction","target":["https:\/\/paragaleriedetalborjt.com\/boutique\/centifolia-shampoing-creme-purifiant-cheveux-gras-500ml\/"]}]},{"@type":"ImageObject","inLanguage":"en-US","@id":"https:\/\/paragaleriedetalborjt.com\/boutique\/centifolia-shampoing-creme-purifiant-cheveux-gras-500ml\/#primaryimage","url":"https:\/\/paragaleriedetalborjt.com\/wp-content\/uploads\/2026\/01\/Centifolia-shampcreme-purifiant-Chvx-gras-500-.jpg","contentUrl":"https:\/\/paragaleriedetalborjt.com\/wp-content\/uploads\/2026\/01\/Centifolia-shampcreme-purifiant-Chvx-gras-500-.jpg","width":595,"height":656},{"@type":"BreadcrumbList","@id":"https:\/\/paragaleriedetalborjt.com\/boutique\/centifolia-shampoing-creme-purifiant-cheveux-gras-500ml\/#breadcrumb","itemListElement":[{"@type":"ListItem","position":1,"name":"Accueil","item":"https:\/\/paragaleriedetalborjt.com\/"},{"@type":"ListItem","position":2,"name":"Boutique","item":"https:\/\/paragaleriedetalborjt.com\/boutique\/"},{"@type":"ListItem","position":3,"name":"Centifolia Shampoing Creme Purifiant Cheveux Gras 500ml"}]},{"@type":"WebSite","@id":"https:\/\/paragaleriedetalborjt.com\/#website","url":"https:\/\/paragaleriedetalborjt.com\/","name":"paragaleriedetalborjt","description":"","potentialAction":[{"@type":"SearchAction","target":{"@type":"EntryPoint","urlTemplate":"https:\/\/paragaleriedetalborjt.com\/?s={search_term_string}"},"query-input":{"@type":"PropertyValueSpecification","valueRequired":true,"valueName":"search_term_string"}}],"inLanguage":"en-US"}]}},"brands":[{"id":1839,"name":"CENTIFOLIA","slug":"centifolia"}],"_links":{"self":[{"href":"https:\/\/paragaleriedetalborjt.com\/en\/wp-json\/wp\/v2\/product\/48019","targetHints":{"allow":["GET"]}}],"collection":[{"href":"https:\/\/paragaleriedetalborjt.com\/en\/wp-json\/wp\/v2\/product"}],"about":[{"href":"https:\/\/paragaleriedetalborjt.com\/en\/wp-json\/wp\/v2\/types\/product"}],"replies":[{"embeddable":true,"href":"https:\/\/paragaleriedetalborjt.com\/en\/wp-json\/wp\/v2\/comments?post=48019"}],"version-history":[{"count":1,"href":"https:\/\/paragaleriedetalborjt.com\/en\/wp-json\/wp\/v2\/product\/48019\/revisions"}],"predecessor-version":[{"id":48021,"href":"https:\/\/paragaleriedetalborjt.com\/en\/wp-json\/wp\/v2\/product\/48019\/revisions\/48021"}],"wp:featuredmedia":[{"embeddable":true,"href":"https:\/\/paragaleriedetalborjt.com\/en\/wp-json\/wp\/v2\/media\/48020"}],"wp:attachment":[{"href":"https:\/\/paragaleriedetalborjt.com\/en\/wp-json\/wp\/v2\/media?parent=48019"}],"wp:term":[{"taxonomy":"pwb-brand","embeddable":true,"href":"https:\/\/paragaleriedetalborjt.com\/en\/wp-json\/wp\/v2\/pwb-brand?post=48019"},{"taxonomy":"product_cat","embeddable":true,"href":"https:\/\/paragaleriedetalborjt.com\/en\/wp-json\/wp\/v2\/product_cat?post=48019"},{"taxonomy":"product_tag","embeddable":true,"href":"https:\/\/paragaleriedetalborjt.com\/en\/wp-json\/wp\/v2\/product_tag?post=48019"}],"curies":[{"name":"wp","href":"https:\/\/api.w.org\/{rel}","templated":true}]}}