{"id":48016,"date":"2026-01-04T01:38:27","date_gmt":"2026-01-04T00:38:27","guid":{"rendered":"https:\/\/paragaleriedetalborjt.com\/?post_type=product&#038;p=48016"},"modified":"2026-01-04T14:33:17","modified_gmt":"2026-01-04T13:33:17","slug":"centifolia-brume-fixante-et-volume-spray-200ml","status":"publish","type":"product","link":"https:\/\/paragaleriedetalborjt.com\/en\/boutique\/centifolia-brume-fixante-et-volume-spray-200ml\/","title":{"rendered":"Centifolia Brume Fixante Et Volume Spray 200ml"},"content":{"rendered":"<div aria-labelledby=\"tab-title-description\" class=\"woocommerce-Tabs-panel woocommerce-Tabs-panel--description panel entry-content wc-tab\" id=\"tab-description\" role=\"tabpanel\" style=\"\">\n<h2>Description<\/h2>\n<p>Adapt\u00e9 \u00e0 tous les types de cheveux, la brume fixante et volume Centifolia fixe la chevelure sans alourdir ni graisser le cheveu, gr\u00e2ce \u00e0 sa formule bio ultra-douce et biod\u00e9gradable.<\/p>\n<p>Le Pamplemousse rose bio origine France a \u00e9t\u00e9 minutieusement s\u00e9lectionn\u00e9 pour apporter de la l\u00e9g\u00e8ret\u00e9 \u00e0 vos cheveux.<\/p>\n<p>L\u2019agent texturisant et fixant est 100% VEGAN, une premi\u00e8re pour une brume fixante efficace ! C\u2019est un Polym\u00e8re 100% naturel qui va former un film protecteur contre la chaleur, il est \u00ab invisible \u00bb et r\u00e9sistant \u00e0 l\u2019eau, il va permettre un meilleur maintien de la coiffure tout en gardant un \u00ab style naturel \u00bb. Il est \u00e9galement anti-frisottis pour les cheveux fris\u00e9s.<\/p>\n<p>L\u2019actif volume peptides de pois obtenu par fermentation est un ingr\u00e9dient incontournable gr\u00e2ce \u00e0 ses propri\u00e9t\u00e9s filmog\u00e8nes qui fournissent une hydratation intense, tout en travaillant simultan\u00e9ment \u00e0 \u00e9paissir et augmenter le volume des cheveux. En raison de sa forte activit\u00e9 antioxydante, cet actif favorise \u00e9galement la sant\u00e9 des cheveux et du cuir chevelu pour des cheveux plus jeunes et en pleine forme.<\/p>\n<p>Vos cheveux restent souples et volumineux sans coller. Une laque bio qui vous apporte une fixation longue dur\u00e9e, souple et naturelle.<\/p>\n<p>Con\u00e7u et fabriqu\u00e9 en France<\/p>\n<p>Pour plus de volume, d\u00e9couvrez votre nouvelle routine capillaire Centifolia : VOLUME ABSOLU<\/p>\n<\/div>","protected":false},"excerpt":{"rendered":"<p>Highlights:Laque qui fixe la chevelure sans alourdir \u2013 Tous types de cheveuxFormule 94,7% BIODEGRADABLETexture l\u00e9g\u00e8re avec sa pompe effet brumeActif fixant 100% veganAnti frisottis99% d\u2019ingr\u00e9dients d\u2019origine naturelleFormule vegan<\/p>","protected":false},"featured_media":48017,"comment_status":"open","ping_status":"closed","template":"","meta":[],"pwb-brand":[1839],"product_cat":[16],"product_tag":[],"class_list":{"0":"post-48016","1":"product","2":"type-product","3":"status-publish","4":"has-post-thumbnail","6":"pwb-brand-centifolia","7":"product_cat-non-classe","8":"pa_brands-centifolia","10":"first","11":"instock","12":"sale","13":"shipping-taxable","14":"purchasable","15":"product-type-simple"},"yoast_head":"<!-- This site is optimized with the Yoast SEO plugin v27.5 - https:\/\/yoast.com\/product\/yoast-seo-wordpress\/ -->\n<title>Centifolia Brume Fixante Et Volume Spray 200ml - paragaleriedetalborjt<\/title>\n<meta name=\"robots\" content=\"index, follow, max-snippet:-1, max-image-preview:large, max-video-preview:-1\" \/>\n<link rel=\"canonical\" href=\"https:\/\/paragaleriedetalborjt.com\/en\/boutique\/centifolia-brume-fixante-et-volume-spray-200ml\/\" \/>\n<meta property=\"og:locale\" content=\"en_US\" \/>\n<meta property=\"og:type\" content=\"article\" \/>\n<meta property=\"og:title\" content=\"Centifolia Brume Fixante Et Volume Spray 200ml - paragaleriedetalborjt\" \/>\n<meta property=\"og:description\" content=\"Highlights:Laque qui fixe la chevelure sans alourdir \u2013 Tous types de cheveuxFormule 94,7% BIODEGRADABLETexture l\u00e9g\u00e8re avec sa pompe effet brumeActif fixant 100% veganAnti frisottis99% d\u2019ingr\u00e9dients d\u2019origine naturelleFormule vegan\" \/>\n<meta property=\"og:url\" content=\"https:\/\/paragaleriedetalborjt.com\/en\/boutique\/centifolia-brume-fixante-et-volume-spray-200ml\/\" \/>\n<meta property=\"og:site_name\" content=\"paragaleriedetalborjt\" \/>\n<meta property=\"article:modified_time\" content=\"2026-01-04T13:33:17+00:00\" \/>\n<meta property=\"og:image\" content=\"https:\/\/paragaleriedetalborjt.com\/wp-content\/uploads\/2026\/01\/Centifolia-brume-1-1.jpg\" \/>\n\t<meta property=\"og:image:width\" content=\"595\" \/>\n\t<meta property=\"og:image:height\" content=\"656\" \/>\n\t<meta property=\"og:image:type\" content=\"image\/jpeg\" \/>\n<meta name=\"twitter:card\" content=\"summary_large_image\" \/>\n<meta name=\"twitter:label1\" content=\"Est. reading time\" \/>\n\t<meta name=\"twitter:data1\" content=\"1 minute\" \/>\n<script type=\"application\/ld+json\" class=\"yoast-schema-graph\">{\"@context\":\"https:\\\/\\\/schema.org\",\"@graph\":[{\"@type\":\"WebPage\",\"@id\":\"https:\\\/\\\/paragaleriedetalborjt.com\\\/boutique\\\/centifolia-brume-fixante-et-volume-spray-200ml\\\/\",\"url\":\"https:\\\/\\\/paragaleriedetalborjt.com\\\/boutique\\\/centifolia-brume-fixante-et-volume-spray-200ml\\\/\",\"name\":\"Centifolia Brume Fixante Et Volume Spray 200ml - paragaleriedetalborjt\",\"isPartOf\":{\"@id\":\"https:\\\/\\\/paragaleriedetalborjt.com\\\/#website\"},\"primaryImageOfPage\":{\"@id\":\"https:\\\/\\\/paragaleriedetalborjt.com\\\/boutique\\\/centifolia-brume-fixante-et-volume-spray-200ml\\\/#primaryimage\"},\"image\":{\"@id\":\"https:\\\/\\\/paragaleriedetalborjt.com\\\/boutique\\\/centifolia-brume-fixante-et-volume-spray-200ml\\\/#primaryimage\"},\"thumbnailUrl\":\"https:\\\/\\\/paragaleriedetalborjt.com\\\/wp-content\\\/uploads\\\/2026\\\/01\\\/Centifolia-brume-1-1.jpg\",\"datePublished\":\"2026-01-04T00:38:27+00:00\",\"dateModified\":\"2026-01-04T13:33:17+00:00\",\"breadcrumb\":{\"@id\":\"https:\\\/\\\/paragaleriedetalborjt.com\\\/boutique\\\/centifolia-brume-fixante-et-volume-spray-200ml\\\/#breadcrumb\"},\"inLanguage\":\"en-US\",\"potentialAction\":[{\"@type\":\"ReadAction\",\"target\":[\"https:\\\/\\\/paragaleriedetalborjt.com\\\/boutique\\\/centifolia-brume-fixante-et-volume-spray-200ml\\\/\"]}]},{\"@type\":\"ImageObject\",\"inLanguage\":\"en-US\",\"@id\":\"https:\\\/\\\/paragaleriedetalborjt.com\\\/boutique\\\/centifolia-brume-fixante-et-volume-spray-200ml\\\/#primaryimage\",\"url\":\"https:\\\/\\\/paragaleriedetalborjt.com\\\/wp-content\\\/uploads\\\/2026\\\/01\\\/Centifolia-brume-1-1.jpg\",\"contentUrl\":\"https:\\\/\\\/paragaleriedetalborjt.com\\\/wp-content\\\/uploads\\\/2026\\\/01\\\/Centifolia-brume-1-1.jpg\",\"width\":595,\"height\":656},{\"@type\":\"BreadcrumbList\",\"@id\":\"https:\\\/\\\/paragaleriedetalborjt.com\\\/boutique\\\/centifolia-brume-fixante-et-volume-spray-200ml\\\/#breadcrumb\",\"itemListElement\":[{\"@type\":\"ListItem\",\"position\":1,\"name\":\"Accueil\",\"item\":\"https:\\\/\\\/paragaleriedetalborjt.com\\\/\"},{\"@type\":\"ListItem\",\"position\":2,\"name\":\"Boutique\",\"item\":\"https:\\\/\\\/paragaleriedetalborjt.com\\\/boutique\\\/\"},{\"@type\":\"ListItem\",\"position\":3,\"name\":\"Centifolia Brume Fixante Et Volume Spray 200ml\"}]},{\"@type\":\"WebSite\",\"@id\":\"https:\\\/\\\/paragaleriedetalborjt.com\\\/#website\",\"url\":\"https:\\\/\\\/paragaleriedetalborjt.com\\\/\",\"name\":\"paragaleriedetalborjt\",\"description\":\"\",\"potentialAction\":[{\"@type\":\"SearchAction\",\"target\":{\"@type\":\"EntryPoint\",\"urlTemplate\":\"https:\\\/\\\/paragaleriedetalborjt.com\\\/?s={search_term_string}\"},\"query-input\":{\"@type\":\"PropertyValueSpecification\",\"valueRequired\":true,\"valueName\":\"search_term_string\"}}],\"inLanguage\":\"en-US\"}]}<\/script>\n<!-- \/ Yoast SEO plugin. -->","yoast_head_json":{"title":"Centifolia Brume Fixante Et Volume Spray 200ml - paragaleriedetalborjt","robots":{"index":"index","follow":"follow","max-snippet":"max-snippet:-1","max-image-preview":"max-image-preview:large","max-video-preview":"max-video-preview:-1"},"canonical":"https:\/\/paragaleriedetalborjt.com\/en\/boutique\/centifolia-brume-fixante-et-volume-spray-200ml\/","og_locale":"en_US","og_type":"article","og_title":"Centifolia Brume Fixante Et Volume Spray 200ml - paragaleriedetalborjt","og_description":"Highlights:Laque qui fixe la chevelure sans alourdir \u2013 Tous types de cheveuxFormule 94,7% BIODEGRADABLETexture l\u00e9g\u00e8re avec sa pompe effet brumeActif fixant 100% veganAnti frisottis99% d\u2019ingr\u00e9dients d\u2019origine naturelleFormule vegan","og_url":"https:\/\/paragaleriedetalborjt.com\/en\/boutique\/centifolia-brume-fixante-et-volume-spray-200ml\/","og_site_name":"paragaleriedetalborjt","article_modified_time":"2026-01-04T13:33:17+00:00","og_image":[{"width":595,"height":656,"url":"https:\/\/paragaleriedetalborjt.com\/wp-content\/uploads\/2026\/01\/Centifolia-brume-1-1.jpg","type":"image\/jpeg"}],"twitter_card":"summary_large_image","twitter_misc":{"Est. reading time":"1 minute"},"schema":{"@context":"https:\/\/schema.org","@graph":[{"@type":"WebPage","@id":"https:\/\/paragaleriedetalborjt.com\/boutique\/centifolia-brume-fixante-et-volume-spray-200ml\/","url":"https:\/\/paragaleriedetalborjt.com\/boutique\/centifolia-brume-fixante-et-volume-spray-200ml\/","name":"Centifolia Brume Fixante Et Volume Spray 200ml - paragaleriedetalborjt","isPartOf":{"@id":"https:\/\/paragaleriedetalborjt.com\/#website"},"primaryImageOfPage":{"@id":"https:\/\/paragaleriedetalborjt.com\/boutique\/centifolia-brume-fixante-et-volume-spray-200ml\/#primaryimage"},"image":{"@id":"https:\/\/paragaleriedetalborjt.com\/boutique\/centifolia-brume-fixante-et-volume-spray-200ml\/#primaryimage"},"thumbnailUrl":"https:\/\/paragaleriedetalborjt.com\/wp-content\/uploads\/2026\/01\/Centifolia-brume-1-1.jpg","datePublished":"2026-01-04T00:38:27+00:00","dateModified":"2026-01-04T13:33:17+00:00","breadcrumb":{"@id":"https:\/\/paragaleriedetalborjt.com\/boutique\/centifolia-brume-fixante-et-volume-spray-200ml\/#breadcrumb"},"inLanguage":"en-US","potentialAction":[{"@type":"ReadAction","target":["https:\/\/paragaleriedetalborjt.com\/boutique\/centifolia-brume-fixante-et-volume-spray-200ml\/"]}]},{"@type":"ImageObject","inLanguage":"en-US","@id":"https:\/\/paragaleriedetalborjt.com\/boutique\/centifolia-brume-fixante-et-volume-spray-200ml\/#primaryimage","url":"https:\/\/paragaleriedetalborjt.com\/wp-content\/uploads\/2026\/01\/Centifolia-brume-1-1.jpg","contentUrl":"https:\/\/paragaleriedetalborjt.com\/wp-content\/uploads\/2026\/01\/Centifolia-brume-1-1.jpg","width":595,"height":656},{"@type":"BreadcrumbList","@id":"https:\/\/paragaleriedetalborjt.com\/boutique\/centifolia-brume-fixante-et-volume-spray-200ml\/#breadcrumb","itemListElement":[{"@type":"ListItem","position":1,"name":"Accueil","item":"https:\/\/paragaleriedetalborjt.com\/"},{"@type":"ListItem","position":2,"name":"Boutique","item":"https:\/\/paragaleriedetalborjt.com\/boutique\/"},{"@type":"ListItem","position":3,"name":"Centifolia Brume Fixante Et Volume Spray 200ml"}]},{"@type":"WebSite","@id":"https:\/\/paragaleriedetalborjt.com\/#website","url":"https:\/\/paragaleriedetalborjt.com\/","name":"paragaleriedetalborjt","description":"","potentialAction":[{"@type":"SearchAction","target":{"@type":"EntryPoint","urlTemplate":"https:\/\/paragaleriedetalborjt.com\/?s={search_term_string}"},"query-input":{"@type":"PropertyValueSpecification","valueRequired":true,"valueName":"search_term_string"}}],"inLanguage":"en-US"}]}},"brands":[{"id":1839,"name":"CENTIFOLIA","slug":"centifolia"}],"_links":{"self":[{"href":"https:\/\/paragaleriedetalborjt.com\/en\/wp-json\/wp\/v2\/product\/48016","targetHints":{"allow":["GET"]}}],"collection":[{"href":"https:\/\/paragaleriedetalborjt.com\/en\/wp-json\/wp\/v2\/product"}],"about":[{"href":"https:\/\/paragaleriedetalborjt.com\/en\/wp-json\/wp\/v2\/types\/product"}],"replies":[{"embeddable":true,"href":"https:\/\/paragaleriedetalborjt.com\/en\/wp-json\/wp\/v2\/comments?post=48016"}],"version-history":[{"count":1,"href":"https:\/\/paragaleriedetalborjt.com\/en\/wp-json\/wp\/v2\/product\/48016\/revisions"}],"predecessor-version":[{"id":48018,"href":"https:\/\/paragaleriedetalborjt.com\/en\/wp-json\/wp\/v2\/product\/48016\/revisions\/48018"}],"wp:featuredmedia":[{"embeddable":true,"href":"https:\/\/paragaleriedetalborjt.com\/en\/wp-json\/wp\/v2\/media\/48017"}],"wp:attachment":[{"href":"https:\/\/paragaleriedetalborjt.com\/en\/wp-json\/wp\/v2\/media?parent=48016"}],"wp:term":[{"taxonomy":"pwb-brand","embeddable":true,"href":"https:\/\/paragaleriedetalborjt.com\/en\/wp-json\/wp\/v2\/pwb-brand?post=48016"},{"taxonomy":"product_cat","embeddable":true,"href":"https:\/\/paragaleriedetalborjt.com\/en\/wp-json\/wp\/v2\/product_cat?post=48016"},{"taxonomy":"product_tag","embeddable":true,"href":"https:\/\/paragaleriedetalborjt.com\/en\/wp-json\/wp\/v2\/product_tag?post=48016"}],"curies":[{"name":"wp","href":"https:\/\/api.w.org\/{rel}","templated":true}]}}